
{"id":73703,"date":"2022-04-12T09:47:16","date_gmt":"2022-04-12T09:47:16","guid":{"rendered":"https:\/\/fireware.nl\/product\/inszenierungstraining-bei-fireware-individuelle-einschreibung\/"},"modified":"2022-07-12T14:58:58","modified_gmt":"2022-07-12T14:58:58","slug":"inszenierungstraining-bei-fireware-individuelle-einschreibung","status":"publish","type":"product","link":"https:\/\/fireware.nl\/de\/product\/inszenierungstraining-bei-fireware-individuelle-einschreibung\/","title":{"rendered":"Inszenierungstraining bei FireWare &#8211; individuelle Einschreibung"},"content":{"rendered":"\n\n\t<h2>Die Ger\u00e4tschaften sind vorhanden, aber nicht das Wissen<\/h2>\n<p>\u00dcbungsmaterialien sind Werkzeuge. Und es ist der Fachmann oder die Fachfrau, der letztendlich bestimmt, wie das Ergebnis aussehen wird. Indem man mehr auf den Wissensstand der Inszenierenden achtet, kann sehr schnell ein besseres \u00dcbungsergebnis erzielt werden. Zudem erh\u00f6ht eine gute Inszenierung auch die Motivation w\u00e4hrend der \u00dcbungsabende.<\/p>\n<h2>Ein Inszenierungslehrgang macht wirklich Sinn<\/h2>\n<p>FireWare hat bereits mehr als 2000 Menschen im In- und Ausland in wirklich guter Inszenierung geschult. Wir verwenden Techniken aus der Theater- und Filmbranche. Dies sorgt in Kombination mit 19 Jahren Inszenierungserfahrung daf\u00fcr, dass wir wirklich etwas zu erz\u00e4hlen haben. Auch Menschen, die schon seit Jahren \u201eim Gesch\u00e4ft&#8221; sind und \u00dcbungen auf die Beine stellen. Warum? Wir betrachten die Inszenierung aus einer anderen Perspektive. Innerhalb von einem Tag oder zwei \u00dcbungsabenden ist es durchaus m\u00f6glich, jemandem die Grundkenntnisse der realistischen Inszenierung beizubringen. In Theorie und Praxis!<\/p>\n<p>In Wieringerwerf haben wir einen gut ausgestatteten Schulungsstandort. Der Theorieraum ist mit s\u00e4mtlichem Komfort ausgestattet, und der Praxisraum bietet die M\u00f6glichkeit zum Aufbau verschiedener Szenarien.<\/p>\n<h2>Einzelne<\/h2>\n<p>Diese Seite konzentriert sich auf die Inszenierungsschulungen, die wir bei individueller Anmeldung anbieten. Diese finden immer bei FireWare in Wieringerwerf statt. F\u00fcr individuelle Anmeldungen beachten Sie bitte die Schulungstermine in unserer <a href=\"https:\/\/fireware.nl\/de\/tagesordnung\/\" target=\"_blank\" rel=\"noopener\">Agenda<\/a>. Das Staging-Training wird in drei (aufsteigenden) Stufen durchgef\u00fchrt. Auf diese Weise gibt es immer ein Training, das Ihrem aktuellen Wissens- und Erfahrungsstand entspricht!<\/p>\n<p>Nachstehend finden Sie eine Erl\u00e4uterung des Inhalts der einzelnen Schulungen.<\/p>\n\t<h2>Grundtraining Inszenieren I<\/h2>\n\t<p>Die Grundtraining Inszenieren I ist unser meistgebuchtes Training. Erlernen Sie die Grundtechniken der Inszenierung und bauen Sie am Ende des Tages selbst eine \u00dcbung auf. Diese Schulung ist niederschwellig und speziell f\u00fcr Personen entwickelt, die an der Einrichtung einer \u00dcbung beteiligt sind. Nach einem Teil Theorie \u00fcben Sie in der Praxis! Am Ende unserer Grundausbildung k\u00f6nnen Sie selbst eine realistische \u00dcbung aufbauen und einen Brand oder Unfall inszenieren.<\/p>\n\t<h2>Folgetraining Inszenieren II<\/h2>\n\t<p>Als Profi lernt man st\u00e4ndig dazu. Sie haben unsere Grundausbildung Inszenieren I absolviert und m\u00f6chten Ihr Wissen erweitern? Das Folgetraining Inszenieren II bietet Ihnen die Chance Ihre Inszenierungskenntnisse weiter zu vertiefen.\u00a0Ein Zeitraum von 6 Monaten wird empfohlen, um die neu erworbenen Kenntnisse aus dem Basic Staging Training I zu \u00fcben, bevor Sie mit dem Advanced Staging Training II fortfahren.<\/p>\n\t<h2>Vertiefungstraining Inszenieren III<\/h2>\n\t<p>Das Vertiefungstraining Inszenieren III behandelt die Problematik bei gr\u00f6\u00dferen \u00dcbungen und Inszenierungen. Dieses Training ist vollst\u00e4ndig auf die Vorbereitung einer \u00dcbung ausgerichtet. Eine vollkommene Beherrschung des Grundtrainings Inszenieren I und des Folgetrainings Inszenieren II wird angenommen.<\/p>\n\n","protected":false},"excerpt":{"rendered":"<ul>\n<li>Einstufung der Inszenierungstrainings auf der Grundlage individueller Einschreibungen;<\/li>\n<li>Pr\u00fcfen Sie die Schulungstermine im <a href=\"https:\/\/fireware.nl\/de\/tagesordnung\/\" target=\"_blank\" rel=\"noopener\">FireWare-Kalender<\/a>;<\/li>\n<li>Der Kurs findet in der gut ausgestatteten FireWare-Schulungseinrichtung in Wieringerwerf statt;<\/li>\n<li>W\u00e4hlen Sie immer eine Schulung, die Ihrem aktuellen Wissens- und Erfahrungsstand entspricht.<\/li>\n<\/ul>\n","protected":false},"featured_media":73691,"template":"","meta":[],"product_brand":[],"product_cat":[3065],"product_tag":[],"class_list":{"0":"post-73703","1":"product","2":"type-product","3":"status-publish","4":"has-post-thumbnail","6":"product_cat-kurs-und-ausbildung","7":"pa_optie-folgetraining-inszenieren-ii","8":"pa_optie-grundtraining-inszenieren-i","9":"pa_optie-vertiefungstraining-inszenieren-iii","11":"first","12":"instock","13":"taxable","14":"shipping-taxable","15":"purchasable","16":"product-type-variable"},"yoast_head":"<!-- This site is optimized with the Yoast SEO plugin v27.5 - https:\/\/yoast.com\/product\/yoast-seo-wordpress\/ -->\n<title>Inszenierungstraining bei FireWare - individuelle Einschreibung - FireWare<\/title>\n<meta name=\"robots\" content=\"index, follow, max-snippet:-1, max-image-preview:large, max-video-preview:-1\" \/>\n<link rel=\"canonical\" href=\"https:\/\/fireware.nl\/de\/product\/inszenierungstraining-bei-fireware-individuelle-einschreibung\/\" \/>\n<meta property=\"og:locale\" content=\"de_DE\" \/>\n<meta property=\"og:type\" content=\"article\" \/>\n<meta property=\"og:title\" content=\"Inszenierungstraining bei FireWare - individuelle Einschreibung - FireWare\" \/>\n<meta property=\"og:description\" content=\"Einstufung der Inszenierungstrainings auf der Grundlage individueller Einschreibungen;  Pr\u00fcfen Sie die Schulungstermine im FireWare-Kalender;  Der Kurs findet in der gut ausgestatteten FireWare-Schulungseinrichtung in Wieringerwerf statt;  W\u00e4hlen Sie immer eine Schulung, die Ihrem aktuellen Wissens- und Erfahrungsstand entspricht.\" \/>\n<meta property=\"og:url\" content=\"https:\/\/fireware.nl\/de\/product\/inszenierungstraining-bei-fireware-individuelle-einschreibung\/\" \/>\n<meta property=\"og:site_name\" content=\"FireWare\" \/>\n<meta property=\"article:publisher\" content=\"https:\/\/www.facebook.com\/FireWareBV\/\" \/>\n<meta property=\"article:modified_time\" content=\"2022-07-12T14:58:58+00:00\" \/>\n<meta property=\"og:image\" content=\"https:\/\/fireware.nl\/wp-content\/uploads\/2022\/07\/Ensceneringstraining-individuele-inschrijving-bij-FireWare.jpg\" \/>\n\t<meta property=\"og:image:width\" content=\"800\" \/>\n\t<meta property=\"og:image:height\" content=\"800\" \/>\n\t<meta property=\"og:image:type\" content=\"image\/jpeg\" \/>\n<meta name=\"twitter:card\" content=\"summary_large_image\" \/>\n<meta name=\"twitter:site\" content=\"@FireWarebv\" \/>\n<meta name=\"twitter:label1\" content=\"Gesch\u00e4tzte Lesezeit\" \/>\n\t<meta name=\"twitter:data1\" content=\"2\u00a0Minuten\" \/>\n<script type=\"application\/ld+json\" class=\"yoast-schema-graph\">{\"@context\":\"https:\\\/\\\/schema.org\",\"@graph\":[{\"@type\":\"WebPage\",\"@id\":\"https:\\\/\\\/fireware.nl\\\/de\\\/product\\\/inszenierungstraining-bei-fireware-individuelle-einschreibung\\\/\",\"url\":\"https:\\\/\\\/fireware.nl\\\/de\\\/product\\\/inszenierungstraining-bei-fireware-individuelle-einschreibung\\\/\",\"name\":\"Inszenierungstraining bei FireWare - individuelle Einschreibung - FireWare\",\"isPartOf\":{\"@id\":\"https:\\\/\\\/fireware.nl\\\/de\\\/#website\"},\"primaryImageOfPage\":{\"@id\":\"https:\\\/\\\/fireware.nl\\\/de\\\/product\\\/inszenierungstraining-bei-fireware-individuelle-einschreibung\\\/#primaryimage\"},\"image\":{\"@id\":\"https:\\\/\\\/fireware.nl\\\/de\\\/product\\\/inszenierungstraining-bei-fireware-individuelle-einschreibung\\\/#primaryimage\"},\"thumbnailUrl\":\"https:\\\/\\\/fireware.nl\\\/wp-content\\\/uploads\\\/2022\\\/07\\\/Ensceneringstraining-individuele-inschrijving-bij-FireWare.jpg\",\"datePublished\":\"2022-04-12T09:47:16+00:00\",\"dateModified\":\"2022-07-12T14:58:58+00:00\",\"breadcrumb\":{\"@id\":\"https:\\\/\\\/fireware.nl\\\/de\\\/product\\\/inszenierungstraining-bei-fireware-individuelle-einschreibung\\\/#breadcrumb\"},\"inLanguage\":\"de\",\"potentialAction\":[{\"@type\":\"ReadAction\",\"target\":[\"https:\\\/\\\/fireware.nl\\\/de\\\/product\\\/inszenierungstraining-bei-fireware-individuelle-einschreibung\\\/\"]}]},{\"@type\":\"ImageObject\",\"inLanguage\":\"de\",\"@id\":\"https:\\\/\\\/fireware.nl\\\/de\\\/product\\\/inszenierungstraining-bei-fireware-individuelle-einschreibung\\\/#primaryimage\",\"url\":\"https:\\\/\\\/fireware.nl\\\/wp-content\\\/uploads\\\/2022\\\/07\\\/Ensceneringstraining-individuele-inschrijving-bij-FireWare.jpg\",\"contentUrl\":\"https:\\\/\\\/fireware.nl\\\/wp-content\\\/uploads\\\/2022\\\/07\\\/Ensceneringstraining-individuele-inschrijving-bij-FireWare.jpg\",\"width\":800,\"height\":800},{\"@type\":\"BreadcrumbList\",\"@id\":\"https:\\\/\\\/fireware.nl\\\/de\\\/product\\\/inszenierungstraining-bei-fireware-individuelle-einschreibung\\\/#breadcrumb\",\"itemListElement\":[{\"@type\":\"ListItem\",\"position\":1,\"name\":\"Home\",\"item\":\"https:\\\/\\\/fireware.nl\\\/de\\\/\"},{\"@type\":\"ListItem\",\"position\":2,\"name\":\"Produkte\",\"item\":\"https:\\\/\\\/fireware.nl\\\/de\\\/produkte\\\/\"},{\"@type\":\"ListItem\",\"position\":3,\"name\":\"Inszenierungstraining bei FireWare &#8211; individuelle Einschreibung\"}]},{\"@type\":\"WebSite\",\"@id\":\"https:\\\/\\\/fireware.nl\\\/de\\\/#website\",\"url\":\"https:\\\/\\\/fireware.nl\\\/de\\\/\",\"name\":\"FireWare\",\"description\":\"CREATING REALISTIC  TRAINING ENVIRONMENTS\",\"publisher\":{\"@id\":\"https:\\\/\\\/fireware.nl\\\/de\\\/#organization\"},\"potentialAction\":[{\"@type\":\"SearchAction\",\"target\":{\"@type\":\"EntryPoint\",\"urlTemplate\":\"https:\\\/\\\/fireware.nl\\\/de\\\/?s={search_term_string}\"},\"query-input\":{\"@type\":\"PropertyValueSpecification\",\"valueRequired\":true,\"valueName\":\"search_term_string\"}}],\"inLanguage\":\"de\"},{\"@type\":\"Organization\",\"@id\":\"https:\\\/\\\/fireware.nl\\\/de\\\/#organization\",\"name\":\"FireWare\",\"url\":\"https:\\\/\\\/fireware.nl\\\/de\\\/\",\"logo\":{\"@type\":\"ImageObject\",\"inLanguage\":\"de\",\"@id\":\"https:\\\/\\\/fireware.nl\\\/de\\\/#\\\/schema\\\/logo\\\/image\\\/\",\"url\":\"https:\\\/\\\/fireware.nl\\\/wp-content\\\/uploads\\\/2018\\\/10\\\/FireWare-logo.jpg\",\"contentUrl\":\"https:\\\/\\\/fireware.nl\\\/wp-content\\\/uploads\\\/2018\\\/10\\\/FireWare-logo.jpg\",\"width\":171,\"height\":70,\"caption\":\"FireWare\"},\"image\":{\"@id\":\"https:\\\/\\\/fireware.nl\\\/de\\\/#\\\/schema\\\/logo\\\/image\\\/\"},\"sameAs\":[\"https:\\\/\\\/www.facebook.com\\\/FireWareBV\\\/\",\"https:\\\/\\\/x.com\\\/FireWarebv\",\"https:\\\/\\\/www.instagram.com\\\/fireware_nl\\\/\",\"https:\\\/\\\/www.linkedin.com\\\/company\\\/3586017\\\/\",\"https:\\\/\\\/www.youtube.com\\\/user\\\/firesalesrentconsult\"]}]}<\/script>\n<!-- \/ Yoast SEO plugin. -->","yoast_head_json":{"title":"Inszenierungstraining bei FireWare - individuelle Einschreibung - FireWare","robots":{"index":"index","follow":"follow","max-snippet":"max-snippet:-1","max-image-preview":"max-image-preview:large","max-video-preview":"max-video-preview:-1"},"canonical":"https:\/\/fireware.nl\/de\/product\/inszenierungstraining-bei-fireware-individuelle-einschreibung\/","og_locale":"de_DE","og_type":"article","og_title":"Inszenierungstraining bei FireWare - individuelle Einschreibung - FireWare","og_description":"Einstufung der Inszenierungstrainings auf der Grundlage individueller Einschreibungen;  Pr\u00fcfen Sie die Schulungstermine im FireWare-Kalender;  Der Kurs findet in der gut ausgestatteten FireWare-Schulungseinrichtung in Wieringerwerf statt;  W\u00e4hlen Sie immer eine Schulung, die Ihrem aktuellen Wissens- und Erfahrungsstand entspricht.","og_url":"https:\/\/fireware.nl\/de\/product\/inszenierungstraining-bei-fireware-individuelle-einschreibung\/","og_site_name":"FireWare","article_publisher":"https:\/\/www.facebook.com\/FireWareBV\/","article_modified_time":"2022-07-12T14:58:58+00:00","og_image":[{"width":800,"height":800,"url":"https:\/\/fireware.nl\/wp-content\/uploads\/2022\/07\/Ensceneringstraining-individuele-inschrijving-bij-FireWare.jpg","type":"image\/jpeg"}],"twitter_card":"summary_large_image","twitter_site":"@FireWarebv","twitter_misc":{"Gesch\u00e4tzte Lesezeit":"2\u00a0Minuten"},"schema":{"@context":"https:\/\/schema.org","@graph":[{"@type":"WebPage","@id":"https:\/\/fireware.nl\/de\/product\/inszenierungstraining-bei-fireware-individuelle-einschreibung\/","url":"https:\/\/fireware.nl\/de\/product\/inszenierungstraining-bei-fireware-individuelle-einschreibung\/","name":"Inszenierungstraining bei FireWare - individuelle Einschreibung - FireWare","isPartOf":{"@id":"https:\/\/fireware.nl\/de\/#website"},"primaryImageOfPage":{"@id":"https:\/\/fireware.nl\/de\/product\/inszenierungstraining-bei-fireware-individuelle-einschreibung\/#primaryimage"},"image":{"@id":"https:\/\/fireware.nl\/de\/product\/inszenierungstraining-bei-fireware-individuelle-einschreibung\/#primaryimage"},"thumbnailUrl":"https:\/\/fireware.nl\/wp-content\/uploads\/2022\/07\/Ensceneringstraining-individuele-inschrijving-bij-FireWare.jpg","datePublished":"2022-04-12T09:47:16+00:00","dateModified":"2022-07-12T14:58:58+00:00","breadcrumb":{"@id":"https:\/\/fireware.nl\/de\/product\/inszenierungstraining-bei-fireware-individuelle-einschreibung\/#breadcrumb"},"inLanguage":"de","potentialAction":[{"@type":"ReadAction","target":["https:\/\/fireware.nl\/de\/product\/inszenierungstraining-bei-fireware-individuelle-einschreibung\/"]}]},{"@type":"ImageObject","inLanguage":"de","@id":"https:\/\/fireware.nl\/de\/product\/inszenierungstraining-bei-fireware-individuelle-einschreibung\/#primaryimage","url":"https:\/\/fireware.nl\/wp-content\/uploads\/2022\/07\/Ensceneringstraining-individuele-inschrijving-bij-FireWare.jpg","contentUrl":"https:\/\/fireware.nl\/wp-content\/uploads\/2022\/07\/Ensceneringstraining-individuele-inschrijving-bij-FireWare.jpg","width":800,"height":800},{"@type":"BreadcrumbList","@id":"https:\/\/fireware.nl\/de\/product\/inszenierungstraining-bei-fireware-individuelle-einschreibung\/#breadcrumb","itemListElement":[{"@type":"ListItem","position":1,"name":"Home","item":"https:\/\/fireware.nl\/de\/"},{"@type":"ListItem","position":2,"name":"Produkte","item":"https:\/\/fireware.nl\/de\/produkte\/"},{"@type":"ListItem","position":3,"name":"Inszenierungstraining bei FireWare &#8211; individuelle Einschreibung"}]},{"@type":"WebSite","@id":"https:\/\/fireware.nl\/de\/#website","url":"https:\/\/fireware.nl\/de\/","name":"FireWare","description":"CREATING REALISTIC  TRAINING ENVIRONMENTS","publisher":{"@id":"https:\/\/fireware.nl\/de\/#organization"},"potentialAction":[{"@type":"SearchAction","target":{"@type":"EntryPoint","urlTemplate":"https:\/\/fireware.nl\/de\/?s={search_term_string}"},"query-input":{"@type":"PropertyValueSpecification","valueRequired":true,"valueName":"search_term_string"}}],"inLanguage":"de"},{"@type":"Organization","@id":"https:\/\/fireware.nl\/de\/#organization","name":"FireWare","url":"https:\/\/fireware.nl\/de\/","logo":{"@type":"ImageObject","inLanguage":"de","@id":"https:\/\/fireware.nl\/de\/#\/schema\/logo\/image\/","url":"https:\/\/fireware.nl\/wp-content\/uploads\/2018\/10\/FireWare-logo.jpg","contentUrl":"https:\/\/fireware.nl\/wp-content\/uploads\/2018\/10\/FireWare-logo.jpg","width":171,"height":70,"caption":"FireWare"},"image":{"@id":"https:\/\/fireware.nl\/de\/#\/schema\/logo\/image\/"},"sameAs":["https:\/\/www.facebook.com\/FireWareBV\/","https:\/\/x.com\/FireWarebv","https:\/\/www.instagram.com\/fireware_nl\/","https:\/\/www.linkedin.com\/company\/3586017\/","https:\/\/www.youtube.com\/user\/firesalesrentconsult"]}]}},"publishpress_future_workflow_manual_trigger":{"enabledWorkflows":[]},"_links":{"self":[{"href":"https:\/\/fireware.nl\/de\/wp-json\/wp\/v2\/product\/73703","targetHints":{"allow":["GET"]}}],"collection":[{"href":"https:\/\/fireware.nl\/de\/wp-json\/wp\/v2\/product"}],"about":[{"href":"https:\/\/fireware.nl\/de\/wp-json\/wp\/v2\/types\/product"}],"wp:featuredmedia":[{"embeddable":true,"href":"https:\/\/fireware.nl\/de\/wp-json\/wp\/v2\/media\/73691"}],"wp:attachment":[{"href":"https:\/\/fireware.nl\/de\/wp-json\/wp\/v2\/media?parent=73703"}],"wp:term":[{"taxonomy":"product_brand","embeddable":true,"href":"https:\/\/fireware.nl\/de\/wp-json\/wp\/v2\/product_brand?post=73703"},{"taxonomy":"product_cat","embeddable":true,"href":"https:\/\/fireware.nl\/de\/wp-json\/wp\/v2\/product_cat?post=73703"},{"taxonomy":"product_tag","embeddable":true,"href":"https:\/\/fireware.nl\/de\/wp-json\/wp\/v2\/product_tag?post=73703"}],"curies":[{"name":"wp","href":"https:\/\/api.w.org\/{rel}","templated":true}]}}