
{"id":79126,"date":"2018-04-06T08:59:26","date_gmt":"2023-04-06T08:59:26","guid":{"rendered":"https:\/\/fireware.nl\/product\/sicherungsklemme-fur-ubungsloscher-schlagtaster-blau\/"},"modified":"2023-04-06T09:30:07","modified_gmt":"2023-04-06T09:30:07","slug":"sicherungsklemme-fur-ubungsloscher-schlagtaster-blau","status":"publish","type":"product","link":"https:\/\/fireware.nl\/de\/product\/sicherungsklemme-fur-ubungsloscher-schlagtaster-blau\/","title":{"rendered":"Sicherungsklemme f\u00fcr \u00dcbungsl\u00f6scher Schlagtaster blau"},"content":{"rendered":"","protected":false},"excerpt":{"rendered":"<ul>\n<li>10\u00a0Sicherungsklemme f\u00fcr \u00dcbungsl\u00f6scher Schlagtaster<\/li>\n<\/ul>\n","protected":false},"featured_media":79187,"template":"","meta":[],"product_brand":[],"product_cat":[102],"product_tag":[],"class_list":{"0":"post-79126","1":"product","2":"type-product","3":"status-publish","4":"has-post-thumbnail","6":"product_cat-uebungs-loeschmittel","8":"first","9":"instock","10":"taxable","11":"shipping-taxable","12":"purchasable","13":"product-type-simple"},"yoast_head":"<!-- This site is optimized with the Yoast SEO plugin v27.5 - https:\/\/yoast.com\/product\/yoast-seo-wordpress\/ -->\n<title>Sicherungsklemme f\u00fcr \u00dcbungsl\u00f6scher Schlagtaster blau - FireWare<\/title>\n<meta name=\"robots\" content=\"index, follow, max-snippet:-1, max-image-preview:large, max-video-preview:-1\" \/>\n<link rel=\"canonical\" href=\"https:\/\/fireware.nl\/de\/product\/sicherungsklemme-fur-ubungsloscher-schlagtaster-blau\/\" \/>\n<meta property=\"og:locale\" content=\"de_DE\" \/>\n<meta property=\"og:type\" content=\"article\" \/>\n<meta property=\"og:title\" content=\"Sicherungsklemme f\u00fcr \u00dcbungsl\u00f6scher Schlagtaster blau - FireWare\" \/>\n<meta property=\"og:description\" content=\"10\u00a0Sicherungsklemme f\u00fcr \u00dcbungsl\u00f6scher Schlagtaster\" \/>\n<meta property=\"og:url\" content=\"https:\/\/fireware.nl\/de\/product\/sicherungsklemme-fur-ubungsloscher-schlagtaster-blau\/\" \/>\n<meta property=\"og:site_name\" content=\"FireWare\" \/>\n<meta property=\"article:publisher\" content=\"https:\/\/www.facebook.com\/FireWareBV\/\" \/>\n<meta property=\"article:modified_time\" content=\"2023-04-06T09:30:07+00:00\" \/>\n<meta property=\"og:image\" content=\"https:\/\/fireware.nl\/wp-content\/uploads\/2023\/04\/Borgclip_blauw_frankrijk_0009_web-1.jpg\" \/>\n\t<meta property=\"og:image:width\" content=\"600\" \/>\n\t<meta property=\"og:image:height\" content=\"600\" \/>\n\t<meta property=\"og:image:type\" content=\"image\/jpeg\" \/>\n<meta name=\"twitter:card\" content=\"summary_large_image\" \/>\n<meta name=\"twitter:site\" content=\"@FireWarebv\" \/>\n<script type=\"application\/ld+json\" class=\"yoast-schema-graph\">{\"@context\":\"https:\\\/\\\/schema.org\",\"@graph\":[{\"@type\":\"WebPage\",\"@id\":\"https:\\\/\\\/fireware.nl\\\/de\\\/product\\\/sicherungsklemme-fur-ubungsloscher-schlagtaster-blau\\\/\",\"url\":\"https:\\\/\\\/fireware.nl\\\/de\\\/product\\\/sicherungsklemme-fur-ubungsloscher-schlagtaster-blau\\\/\",\"name\":\"Sicherungsklemme f\u00fcr \u00dcbungsl\u00f6scher Schlagtaster blau - FireWare\",\"isPartOf\":{\"@id\":\"https:\\\/\\\/fireware.nl\\\/de\\\/#website\"},\"primaryImageOfPage\":{\"@id\":\"https:\\\/\\\/fireware.nl\\\/de\\\/product\\\/sicherungsklemme-fur-ubungsloscher-schlagtaster-blau\\\/#primaryimage\"},\"image\":{\"@id\":\"https:\\\/\\\/fireware.nl\\\/de\\\/product\\\/sicherungsklemme-fur-ubungsloscher-schlagtaster-blau\\\/#primaryimage\"},\"thumbnailUrl\":\"https:\\\/\\\/fireware.nl\\\/wp-content\\\/uploads\\\/2023\\\/04\\\/Borgclip_blauw_frankrijk_0009_web-1.jpg\",\"datePublished\":\"2023-04-06T08:59:26+00:00\",\"dateModified\":\"2023-04-06T09:30:07+00:00\",\"breadcrumb\":{\"@id\":\"https:\\\/\\\/fireware.nl\\\/de\\\/product\\\/sicherungsklemme-fur-ubungsloscher-schlagtaster-blau\\\/#breadcrumb\"},\"inLanguage\":\"de\",\"potentialAction\":[{\"@type\":\"ReadAction\",\"target\":[\"https:\\\/\\\/fireware.nl\\\/de\\\/product\\\/sicherungsklemme-fur-ubungsloscher-schlagtaster-blau\\\/\"]}]},{\"@type\":\"ImageObject\",\"inLanguage\":\"de\",\"@id\":\"https:\\\/\\\/fireware.nl\\\/de\\\/product\\\/sicherungsklemme-fur-ubungsloscher-schlagtaster-blau\\\/#primaryimage\",\"url\":\"https:\\\/\\\/fireware.nl\\\/wp-content\\\/uploads\\\/2023\\\/04\\\/Borgclip_blauw_frankrijk_0009_web-1.jpg\",\"contentUrl\":\"https:\\\/\\\/fireware.nl\\\/wp-content\\\/uploads\\\/2023\\\/04\\\/Borgclip_blauw_frankrijk_0009_web-1.jpg\",\"width\":600,\"height\":600},{\"@type\":\"BreadcrumbList\",\"@id\":\"https:\\\/\\\/fireware.nl\\\/de\\\/product\\\/sicherungsklemme-fur-ubungsloscher-schlagtaster-blau\\\/#breadcrumb\",\"itemListElement\":[{\"@type\":\"ListItem\",\"position\":1,\"name\":\"Home\",\"item\":\"https:\\\/\\\/fireware.nl\\\/de\\\/\"},{\"@type\":\"ListItem\",\"position\":2,\"name\":\"Produkte\",\"item\":\"https:\\\/\\\/fireware.nl\\\/de\\\/produkte\\\/\"},{\"@type\":\"ListItem\",\"position\":3,\"name\":\"Sicherungsklemme f\u00fcr \u00dcbungsl\u00f6scher Schlagtaster blau\"}]},{\"@type\":\"WebSite\",\"@id\":\"https:\\\/\\\/fireware.nl\\\/de\\\/#website\",\"url\":\"https:\\\/\\\/fireware.nl\\\/de\\\/\",\"name\":\"FireWare\",\"description\":\"CREATING REALISTIC  TRAINING ENVIRONMENTS\",\"publisher\":{\"@id\":\"https:\\\/\\\/fireware.nl\\\/de\\\/#organization\"},\"potentialAction\":[{\"@type\":\"SearchAction\",\"target\":{\"@type\":\"EntryPoint\",\"urlTemplate\":\"https:\\\/\\\/fireware.nl\\\/de\\\/?s={search_term_string}\"},\"query-input\":{\"@type\":\"PropertyValueSpecification\",\"valueRequired\":true,\"valueName\":\"search_term_string\"}}],\"inLanguage\":\"de\"},{\"@type\":\"Organization\",\"@id\":\"https:\\\/\\\/fireware.nl\\\/de\\\/#organization\",\"name\":\"FireWare\",\"url\":\"https:\\\/\\\/fireware.nl\\\/de\\\/\",\"logo\":{\"@type\":\"ImageObject\",\"inLanguage\":\"de\",\"@id\":\"https:\\\/\\\/fireware.nl\\\/de\\\/#\\\/schema\\\/logo\\\/image\\\/\",\"url\":\"https:\\\/\\\/fireware.nl\\\/wp-content\\\/uploads\\\/2018\\\/10\\\/FireWare-logo.jpg\",\"contentUrl\":\"https:\\\/\\\/fireware.nl\\\/wp-content\\\/uploads\\\/2018\\\/10\\\/FireWare-logo.jpg\",\"width\":171,\"height\":70,\"caption\":\"FireWare\"},\"image\":{\"@id\":\"https:\\\/\\\/fireware.nl\\\/de\\\/#\\\/schema\\\/logo\\\/image\\\/\"},\"sameAs\":[\"https:\\\/\\\/www.facebook.com\\\/FireWareBV\\\/\",\"https:\\\/\\\/x.com\\\/FireWarebv\",\"https:\\\/\\\/www.instagram.com\\\/fireware_nl\\\/\",\"https:\\\/\\\/www.linkedin.com\\\/company\\\/3586017\\\/\",\"https:\\\/\\\/www.youtube.com\\\/user\\\/firesalesrentconsult\"]}]}<\/script>\n<!-- \/ Yoast SEO plugin. -->","yoast_head_json":{"title":"Sicherungsklemme f\u00fcr \u00dcbungsl\u00f6scher Schlagtaster blau - FireWare","robots":{"index":"index","follow":"follow","max-snippet":"max-snippet:-1","max-image-preview":"max-image-preview:large","max-video-preview":"max-video-preview:-1"},"canonical":"https:\/\/fireware.nl\/de\/product\/sicherungsklemme-fur-ubungsloscher-schlagtaster-blau\/","og_locale":"de_DE","og_type":"article","og_title":"Sicherungsklemme f\u00fcr \u00dcbungsl\u00f6scher Schlagtaster blau - FireWare","og_description":"10\u00a0Sicherungsklemme f\u00fcr \u00dcbungsl\u00f6scher Schlagtaster","og_url":"https:\/\/fireware.nl\/de\/product\/sicherungsklemme-fur-ubungsloscher-schlagtaster-blau\/","og_site_name":"FireWare","article_publisher":"https:\/\/www.facebook.com\/FireWareBV\/","article_modified_time":"2023-04-06T09:30:07+00:00","og_image":[{"width":600,"height":600,"url":"https:\/\/fireware.nl\/wp-content\/uploads\/2023\/04\/Borgclip_blauw_frankrijk_0009_web-1.jpg","type":"image\/jpeg"}],"twitter_card":"summary_large_image","twitter_site":"@FireWarebv","schema":{"@context":"https:\/\/schema.org","@graph":[{"@type":"WebPage","@id":"https:\/\/fireware.nl\/de\/product\/sicherungsklemme-fur-ubungsloscher-schlagtaster-blau\/","url":"https:\/\/fireware.nl\/de\/product\/sicherungsklemme-fur-ubungsloscher-schlagtaster-blau\/","name":"Sicherungsklemme f\u00fcr \u00dcbungsl\u00f6scher Schlagtaster blau - FireWare","isPartOf":{"@id":"https:\/\/fireware.nl\/de\/#website"},"primaryImageOfPage":{"@id":"https:\/\/fireware.nl\/de\/product\/sicherungsklemme-fur-ubungsloscher-schlagtaster-blau\/#primaryimage"},"image":{"@id":"https:\/\/fireware.nl\/de\/product\/sicherungsklemme-fur-ubungsloscher-schlagtaster-blau\/#primaryimage"},"thumbnailUrl":"https:\/\/fireware.nl\/wp-content\/uploads\/2023\/04\/Borgclip_blauw_frankrijk_0009_web-1.jpg","datePublished":"2023-04-06T08:59:26+00:00","dateModified":"2023-04-06T09:30:07+00:00","breadcrumb":{"@id":"https:\/\/fireware.nl\/de\/product\/sicherungsklemme-fur-ubungsloscher-schlagtaster-blau\/#breadcrumb"},"inLanguage":"de","potentialAction":[{"@type":"ReadAction","target":["https:\/\/fireware.nl\/de\/product\/sicherungsklemme-fur-ubungsloscher-schlagtaster-blau\/"]}]},{"@type":"ImageObject","inLanguage":"de","@id":"https:\/\/fireware.nl\/de\/product\/sicherungsklemme-fur-ubungsloscher-schlagtaster-blau\/#primaryimage","url":"https:\/\/fireware.nl\/wp-content\/uploads\/2023\/04\/Borgclip_blauw_frankrijk_0009_web-1.jpg","contentUrl":"https:\/\/fireware.nl\/wp-content\/uploads\/2023\/04\/Borgclip_blauw_frankrijk_0009_web-1.jpg","width":600,"height":600},{"@type":"BreadcrumbList","@id":"https:\/\/fireware.nl\/de\/product\/sicherungsklemme-fur-ubungsloscher-schlagtaster-blau\/#breadcrumb","itemListElement":[{"@type":"ListItem","position":1,"name":"Home","item":"https:\/\/fireware.nl\/de\/"},{"@type":"ListItem","position":2,"name":"Produkte","item":"https:\/\/fireware.nl\/de\/produkte\/"},{"@type":"ListItem","position":3,"name":"Sicherungsklemme f\u00fcr \u00dcbungsl\u00f6scher Schlagtaster blau"}]},{"@type":"WebSite","@id":"https:\/\/fireware.nl\/de\/#website","url":"https:\/\/fireware.nl\/de\/","name":"FireWare","description":"CREATING REALISTIC  TRAINING ENVIRONMENTS","publisher":{"@id":"https:\/\/fireware.nl\/de\/#organization"},"potentialAction":[{"@type":"SearchAction","target":{"@type":"EntryPoint","urlTemplate":"https:\/\/fireware.nl\/de\/?s={search_term_string}"},"query-input":{"@type":"PropertyValueSpecification","valueRequired":true,"valueName":"search_term_string"}}],"inLanguage":"de"},{"@type":"Organization","@id":"https:\/\/fireware.nl\/de\/#organization","name":"FireWare","url":"https:\/\/fireware.nl\/de\/","logo":{"@type":"ImageObject","inLanguage":"de","@id":"https:\/\/fireware.nl\/de\/#\/schema\/logo\/image\/","url":"https:\/\/fireware.nl\/wp-content\/uploads\/2018\/10\/FireWare-logo.jpg","contentUrl":"https:\/\/fireware.nl\/wp-content\/uploads\/2018\/10\/FireWare-logo.jpg","width":171,"height":70,"caption":"FireWare"},"image":{"@id":"https:\/\/fireware.nl\/de\/#\/schema\/logo\/image\/"},"sameAs":["https:\/\/www.facebook.com\/FireWareBV\/","https:\/\/x.com\/FireWarebv","https:\/\/www.instagram.com\/fireware_nl\/","https:\/\/www.linkedin.com\/company\/3586017\/","https:\/\/www.youtube.com\/user\/firesalesrentconsult"]}]}},"publishpress_future_workflow_manual_trigger":{"enabledWorkflows":[]},"_links":{"self":[{"href":"https:\/\/fireware.nl\/de\/wp-json\/wp\/v2\/product\/79126","targetHints":{"allow":["GET"]}}],"collection":[{"href":"https:\/\/fireware.nl\/de\/wp-json\/wp\/v2\/product"}],"about":[{"href":"https:\/\/fireware.nl\/de\/wp-json\/wp\/v2\/types\/product"}],"wp:featuredmedia":[{"embeddable":true,"href":"https:\/\/fireware.nl\/de\/wp-json\/wp\/v2\/media\/79187"}],"wp:attachment":[{"href":"https:\/\/fireware.nl\/de\/wp-json\/wp\/v2\/media?parent=79126"}],"wp:term":[{"taxonomy":"product_brand","embeddable":true,"href":"https:\/\/fireware.nl\/de\/wp-json\/wp\/v2\/product_brand?post=79126"},{"taxonomy":"product_cat","embeddable":true,"href":"https:\/\/fireware.nl\/de\/wp-json\/wp\/v2\/product_cat?post=79126"},{"taxonomy":"product_tag","embeddable":true,"href":"https:\/\/fireware.nl\/de\/wp-json\/wp\/v2\/product_tag?post=79126"}],"curies":[{"name":"wp","href":"https:\/\/api.w.org\/{rel}","templated":true}]}}