
{"id":83500,"date":"2023-08-31T13:41:11","date_gmt":"2023-08-31T13:41:11","guid":{"rendered":"https:\/\/fireware.nl\/?post_type=product&#038;p=83500"},"modified":"2023-08-31T13:46:00","modified_gmt":"2023-08-31T13:46:00","slug":"taser-trainingsweste-und-beinschutzset-fur-ubungspuppe","status":"publish","type":"product","link":"https:\/\/fireware.nl\/de\/product\/taser-trainingsweste-und-beinschutzset-fur-ubungspuppe\/","title":{"rendered":"Taser-Trainingsweste und Beinschutzset f\u00fcr \u00dcbungspuppe"},"content":{"rendered":"\r\n<h1>Bereiten Sie die Kursteilnehmer auf gef\u00e4hrliche Situationen auf sichere Weise vor<\/h1>\r\n<p>Die Verwendung von Tasern in bedrohlichen Situationen nimmt stetig zu. Dies erfordert auch die Notwendigkeit, mehr Schulungen f\u00fcr die korrekte Anwendung einzusetzen. Das Taser-Trainings- und Beinschutzset bietet eine sichere M\u00f6glichkeit, das Handling eines Tasers zu trainieren. Dadurch ist es nicht mehr erforderlich, Personal w\u00e4hrend des Trainings in Taser-Anz\u00fcgen einzusetzen.<\/p>\r\n<h1>Ein sicheres und langlebiges Training<\/h1>\r\n<p>Dieses Set kann bei allen Erwachsenen-<a href=\"https:\/\/fireware.nl\/de\/produkt-kategorie\/uebungspuppen\/\">\u00dcbungspuppen von Ruth-Lee<\/a> verwendet werden. Es tr\u00e4gt auch dazu bei, die Lebensdauer der bereits im Einsatz befindlichen \u00dcbungspuppen zu verl\u00e4ngern, da es auch Schutz f\u00fcr die \u00dcbungspuppen selbst bietet. Das Set besteht aus wasserabweisendem und flammhemmendem Material und wird mit 10 zus\u00e4tzlichen Schaumstoffpaneelen geliefert, um sicherzustellen, dass das Weste und die Beinsch\u00fctzer noch l\u00e4nger halten. Eine sichere und nachhaltige L\u00f6sung!<br \/>Das Set enth\u00e4lt ein Taser-Weste, das \u00fcber den Torso der Ruth-Lee \u00dcbungspuppe passt, 3 Beinsch\u00fctzer, die \u00fcber das Bein oder die Beine der \u00dcbungspuppe gelegt werden k\u00f6nnen, und 10 Schaumstoffpaneelen.<\/p>\r\n<h1>Sehen Sie sich die Videos an<\/h1>\r\n<p><iframe loading=\"lazy\" src=\"https:\/\/player.vimeo.com\/video\/858586110?hl=en&amp;cc_lang_pref=en&amp;cc_load_policy=1\" width=\"560\" height=\"315\" frameborder=\"0\" allowfullscreen=\"allowfullscreen\"><\/iframe> <iframe loading=\"lazy\" src=\"https:\/\/player.vimeo.com\/video\/858586155?hl=en&amp;cc_lang_pref=en&amp;cc_load_policy=1\" width=\"560\" height=\"315\" frameborder=\"0\" allowfullscreen=\"allowfullscreen\"><\/iframe><\/p>\r\n","protected":false},"excerpt":{"rendered":"<ul>\n<li><strong>Nur f\u00fcr die Verwendung auf \u00dcbungspuppen <\/strong><\/li>\n<li>Geringeres Verletzungsrisiko w\u00e4hrend des Trainings.<\/li>\n<li>Kein Personal mehr in Taser-Anz\u00fcgen erforderlich.<\/li>\n<li>Sch\u00fctzt die \u00dcbungspuppe und verl\u00e4ngert deren Lebensdauer.<\/li>\n<li>Hergestellt aus wasserabweisendem und flammhemmendem Material.<\/li>\n<li>Enth\u00e4lt 1x Taser-Weste, 3x Beinsch\u00fctzer und 10x Schaumstoffpaneelen.<\/li>\n<\/ul>\n","protected":false},"featured_media":83460,"template":"","meta":[],"product_brand":[],"product_cat":[2884],"product_tag":[],"class_list":{"0":"post-83500","1":"product","2":"type-product","3":"status-publish","4":"has-post-thumbnail","6":"product_cat-kleidung","8":"first","9":"instock","10":"taxable","11":"shipping-taxable","12":"purchasable","13":"product-type-simple"},"yoast_head":"<!-- This site is optimized with the Yoast SEO plugin v27.5 - https:\/\/yoast.com\/product\/yoast-seo-wordpress\/ -->\n<title>Taser-Trainingsweste und Beinschutzset f\u00fcr \u00dcbungspuppe - FireWare<\/title>\n<meta name=\"robots\" content=\"index, follow, max-snippet:-1, max-image-preview:large, max-video-preview:-1\" \/>\n<link rel=\"canonical\" href=\"https:\/\/fireware.nl\/de\/product\/taser-trainingsweste-und-beinschutzset-fur-ubungspuppe\/\" \/>\n<meta property=\"og:locale\" content=\"de_DE\" \/>\n<meta property=\"og:type\" content=\"article\" \/>\n<meta property=\"og:title\" content=\"Taser-Trainingsweste und Beinschutzset f\u00fcr \u00dcbungspuppe - FireWare\" \/>\n<meta property=\"og:description\" content=\"Nur f\u00fcr die Verwendung auf \u00dcbungspuppen  Geringeres Verletzungsrisiko w\u00e4hrend des Trainings. Kein Personal mehr in Taser-Anz\u00fcgen erforderlich. Sch\u00fctzt die \u00dcbungspuppe und verl\u00e4ngert deren Lebensdauer. Hergestellt aus wasserabweisendem und flammhemmendem Material. Enth\u00e4lt 1x Taser-Weste, 3x Beinsch\u00fctzer und 10x Schaumstoffpaneelen.\" \/>\n<meta property=\"og:url\" content=\"https:\/\/fireware.nl\/de\/product\/taser-trainingsweste-und-beinschutzset-fur-ubungspuppe\/\" \/>\n<meta property=\"og:site_name\" content=\"FireWare\" \/>\n<meta property=\"article:publisher\" content=\"https:\/\/www.facebook.com\/FireWareBV\/\" \/>\n<meta property=\"article:modified_time\" content=\"2023-08-31T13:46:00+00:00\" \/>\n<meta property=\"og:image\" content=\"https:\/\/fireware.nl\/wp-content\/uploads\/2023\/08\/20230828_Taser_training_vest_en_beenbeschermingsset_voor_Oefenpop_0003_web.jpg\" \/>\n\t<meta property=\"og:image:width\" content=\"600\" \/>\n\t<meta property=\"og:image:height\" content=\"600\" \/>\n\t<meta property=\"og:image:type\" content=\"image\/jpeg\" \/>\n<meta name=\"twitter:card\" content=\"summary_large_image\" \/>\n<meta name=\"twitter:site\" content=\"@FireWarebv\" \/>\n<meta name=\"twitter:label1\" content=\"Gesch\u00e4tzte Lesezeit\" \/>\n\t<meta name=\"twitter:data1\" content=\"1\u00a0Minute\" \/>\n<script type=\"application\/ld+json\" class=\"yoast-schema-graph\">{\"@context\":\"https:\\\/\\\/schema.org\",\"@graph\":[{\"@type\":\"WebPage\",\"@id\":\"https:\\\/\\\/fireware.nl\\\/de\\\/product\\\/taser-trainingsweste-und-beinschutzset-fur-ubungspuppe\\\/\",\"url\":\"https:\\\/\\\/fireware.nl\\\/de\\\/product\\\/taser-trainingsweste-und-beinschutzset-fur-ubungspuppe\\\/\",\"name\":\"Taser-Trainingsweste und Beinschutzset f\u00fcr \u00dcbungspuppe - FireWare\",\"isPartOf\":{\"@id\":\"https:\\\/\\\/fireware.nl\\\/de\\\/#website\"},\"primaryImageOfPage\":{\"@id\":\"https:\\\/\\\/fireware.nl\\\/de\\\/product\\\/taser-trainingsweste-und-beinschutzset-fur-ubungspuppe\\\/#primaryimage\"},\"image\":{\"@id\":\"https:\\\/\\\/fireware.nl\\\/de\\\/product\\\/taser-trainingsweste-und-beinschutzset-fur-ubungspuppe\\\/#primaryimage\"},\"thumbnailUrl\":\"https:\\\/\\\/fireware.nl\\\/wp-content\\\/uploads\\\/2023\\\/08\\\/20230828_Taser_training_vest_en_beenbeschermingsset_voor_Oefenpop_0003_web.jpg\",\"datePublished\":\"2023-08-31T13:41:11+00:00\",\"dateModified\":\"2023-08-31T13:46:00+00:00\",\"breadcrumb\":{\"@id\":\"https:\\\/\\\/fireware.nl\\\/de\\\/product\\\/taser-trainingsweste-und-beinschutzset-fur-ubungspuppe\\\/#breadcrumb\"},\"inLanguage\":\"de\",\"potentialAction\":[{\"@type\":\"ReadAction\",\"target\":[\"https:\\\/\\\/fireware.nl\\\/de\\\/product\\\/taser-trainingsweste-und-beinschutzset-fur-ubungspuppe\\\/\"]}]},{\"@type\":\"ImageObject\",\"inLanguage\":\"de\",\"@id\":\"https:\\\/\\\/fireware.nl\\\/de\\\/product\\\/taser-trainingsweste-und-beinschutzset-fur-ubungspuppe\\\/#primaryimage\",\"url\":\"https:\\\/\\\/fireware.nl\\\/wp-content\\\/uploads\\\/2023\\\/08\\\/20230828_Taser_training_vest_en_beenbeschermingsset_voor_Oefenpop_0003_web.jpg\",\"contentUrl\":\"https:\\\/\\\/fireware.nl\\\/wp-content\\\/uploads\\\/2023\\\/08\\\/20230828_Taser_training_vest_en_beenbeschermingsset_voor_Oefenpop_0003_web.jpg\",\"width\":600,\"height\":600},{\"@type\":\"BreadcrumbList\",\"@id\":\"https:\\\/\\\/fireware.nl\\\/de\\\/product\\\/taser-trainingsweste-und-beinschutzset-fur-ubungspuppe\\\/#breadcrumb\",\"itemListElement\":[{\"@type\":\"ListItem\",\"position\":1,\"name\":\"Home\",\"item\":\"https:\\\/\\\/fireware.nl\\\/de\\\/\"},{\"@type\":\"ListItem\",\"position\":2,\"name\":\"Produkte\",\"item\":\"https:\\\/\\\/fireware.nl\\\/de\\\/produkte\\\/\"},{\"@type\":\"ListItem\",\"position\":3,\"name\":\"Taser-Trainingsweste und Beinschutzset f\u00fcr \u00dcbungspuppe\"}]},{\"@type\":\"WebSite\",\"@id\":\"https:\\\/\\\/fireware.nl\\\/de\\\/#website\",\"url\":\"https:\\\/\\\/fireware.nl\\\/de\\\/\",\"name\":\"FireWare\",\"description\":\"CREATING REALISTIC  TRAINING ENVIRONMENTS\",\"publisher\":{\"@id\":\"https:\\\/\\\/fireware.nl\\\/de\\\/#organization\"},\"potentialAction\":[{\"@type\":\"SearchAction\",\"target\":{\"@type\":\"EntryPoint\",\"urlTemplate\":\"https:\\\/\\\/fireware.nl\\\/de\\\/?s={search_term_string}\"},\"query-input\":{\"@type\":\"PropertyValueSpecification\",\"valueRequired\":true,\"valueName\":\"search_term_string\"}}],\"inLanguage\":\"de\"},{\"@type\":\"Organization\",\"@id\":\"https:\\\/\\\/fireware.nl\\\/de\\\/#organization\",\"name\":\"FireWare\",\"url\":\"https:\\\/\\\/fireware.nl\\\/de\\\/\",\"logo\":{\"@type\":\"ImageObject\",\"inLanguage\":\"de\",\"@id\":\"https:\\\/\\\/fireware.nl\\\/de\\\/#\\\/schema\\\/logo\\\/image\\\/\",\"url\":\"https:\\\/\\\/fireware.nl\\\/wp-content\\\/uploads\\\/2018\\\/10\\\/FireWare-logo.jpg\",\"contentUrl\":\"https:\\\/\\\/fireware.nl\\\/wp-content\\\/uploads\\\/2018\\\/10\\\/FireWare-logo.jpg\",\"width\":171,\"height\":70,\"caption\":\"FireWare\"},\"image\":{\"@id\":\"https:\\\/\\\/fireware.nl\\\/de\\\/#\\\/schema\\\/logo\\\/image\\\/\"},\"sameAs\":[\"https:\\\/\\\/www.facebook.com\\\/FireWareBV\\\/\",\"https:\\\/\\\/x.com\\\/FireWarebv\",\"https:\\\/\\\/www.instagram.com\\\/fireware_nl\\\/\",\"https:\\\/\\\/www.linkedin.com\\\/company\\\/3586017\\\/\",\"https:\\\/\\\/www.youtube.com\\\/user\\\/firesalesrentconsult\"]}]}<\/script>\n<!-- \/ Yoast SEO plugin. -->","yoast_head_json":{"title":"Taser-Trainingsweste und Beinschutzset f\u00fcr \u00dcbungspuppe - FireWare","robots":{"index":"index","follow":"follow","max-snippet":"max-snippet:-1","max-image-preview":"max-image-preview:large","max-video-preview":"max-video-preview:-1"},"canonical":"https:\/\/fireware.nl\/de\/product\/taser-trainingsweste-und-beinschutzset-fur-ubungspuppe\/","og_locale":"de_DE","og_type":"article","og_title":"Taser-Trainingsweste und Beinschutzset f\u00fcr \u00dcbungspuppe - FireWare","og_description":"Nur f\u00fcr die Verwendung auf \u00dcbungspuppen  Geringeres Verletzungsrisiko w\u00e4hrend des Trainings. Kein Personal mehr in Taser-Anz\u00fcgen erforderlich. Sch\u00fctzt die \u00dcbungspuppe und verl\u00e4ngert deren Lebensdauer. Hergestellt aus wasserabweisendem und flammhemmendem Material. Enth\u00e4lt 1x Taser-Weste, 3x Beinsch\u00fctzer und 10x Schaumstoffpaneelen.","og_url":"https:\/\/fireware.nl\/de\/product\/taser-trainingsweste-und-beinschutzset-fur-ubungspuppe\/","og_site_name":"FireWare","article_publisher":"https:\/\/www.facebook.com\/FireWareBV\/","article_modified_time":"2023-08-31T13:46:00+00:00","og_image":[{"width":600,"height":600,"url":"https:\/\/fireware.nl\/wp-content\/uploads\/2023\/08\/20230828_Taser_training_vest_en_beenbeschermingsset_voor_Oefenpop_0003_web.jpg","type":"image\/jpeg"}],"twitter_card":"summary_large_image","twitter_site":"@FireWarebv","twitter_misc":{"Gesch\u00e4tzte Lesezeit":"1\u00a0Minute"},"schema":{"@context":"https:\/\/schema.org","@graph":[{"@type":"WebPage","@id":"https:\/\/fireware.nl\/de\/product\/taser-trainingsweste-und-beinschutzset-fur-ubungspuppe\/","url":"https:\/\/fireware.nl\/de\/product\/taser-trainingsweste-und-beinschutzset-fur-ubungspuppe\/","name":"Taser-Trainingsweste und Beinschutzset f\u00fcr \u00dcbungspuppe - FireWare","isPartOf":{"@id":"https:\/\/fireware.nl\/de\/#website"},"primaryImageOfPage":{"@id":"https:\/\/fireware.nl\/de\/product\/taser-trainingsweste-und-beinschutzset-fur-ubungspuppe\/#primaryimage"},"image":{"@id":"https:\/\/fireware.nl\/de\/product\/taser-trainingsweste-und-beinschutzset-fur-ubungspuppe\/#primaryimage"},"thumbnailUrl":"https:\/\/fireware.nl\/wp-content\/uploads\/2023\/08\/20230828_Taser_training_vest_en_beenbeschermingsset_voor_Oefenpop_0003_web.jpg","datePublished":"2023-08-31T13:41:11+00:00","dateModified":"2023-08-31T13:46:00+00:00","breadcrumb":{"@id":"https:\/\/fireware.nl\/de\/product\/taser-trainingsweste-und-beinschutzset-fur-ubungspuppe\/#breadcrumb"},"inLanguage":"de","potentialAction":[{"@type":"ReadAction","target":["https:\/\/fireware.nl\/de\/product\/taser-trainingsweste-und-beinschutzset-fur-ubungspuppe\/"]}]},{"@type":"ImageObject","inLanguage":"de","@id":"https:\/\/fireware.nl\/de\/product\/taser-trainingsweste-und-beinschutzset-fur-ubungspuppe\/#primaryimage","url":"https:\/\/fireware.nl\/wp-content\/uploads\/2023\/08\/20230828_Taser_training_vest_en_beenbeschermingsset_voor_Oefenpop_0003_web.jpg","contentUrl":"https:\/\/fireware.nl\/wp-content\/uploads\/2023\/08\/20230828_Taser_training_vest_en_beenbeschermingsset_voor_Oefenpop_0003_web.jpg","width":600,"height":600},{"@type":"BreadcrumbList","@id":"https:\/\/fireware.nl\/de\/product\/taser-trainingsweste-und-beinschutzset-fur-ubungspuppe\/#breadcrumb","itemListElement":[{"@type":"ListItem","position":1,"name":"Home","item":"https:\/\/fireware.nl\/de\/"},{"@type":"ListItem","position":2,"name":"Produkte","item":"https:\/\/fireware.nl\/de\/produkte\/"},{"@type":"ListItem","position":3,"name":"Taser-Trainingsweste und Beinschutzset f\u00fcr \u00dcbungspuppe"}]},{"@type":"WebSite","@id":"https:\/\/fireware.nl\/de\/#website","url":"https:\/\/fireware.nl\/de\/","name":"FireWare","description":"CREATING REALISTIC  TRAINING ENVIRONMENTS","publisher":{"@id":"https:\/\/fireware.nl\/de\/#organization"},"potentialAction":[{"@type":"SearchAction","target":{"@type":"EntryPoint","urlTemplate":"https:\/\/fireware.nl\/de\/?s={search_term_string}"},"query-input":{"@type":"PropertyValueSpecification","valueRequired":true,"valueName":"search_term_string"}}],"inLanguage":"de"},{"@type":"Organization","@id":"https:\/\/fireware.nl\/de\/#organization","name":"FireWare","url":"https:\/\/fireware.nl\/de\/","logo":{"@type":"ImageObject","inLanguage":"de","@id":"https:\/\/fireware.nl\/de\/#\/schema\/logo\/image\/","url":"https:\/\/fireware.nl\/wp-content\/uploads\/2018\/10\/FireWare-logo.jpg","contentUrl":"https:\/\/fireware.nl\/wp-content\/uploads\/2018\/10\/FireWare-logo.jpg","width":171,"height":70,"caption":"FireWare"},"image":{"@id":"https:\/\/fireware.nl\/de\/#\/schema\/logo\/image\/"},"sameAs":["https:\/\/www.facebook.com\/FireWareBV\/","https:\/\/x.com\/FireWarebv","https:\/\/www.instagram.com\/fireware_nl\/","https:\/\/www.linkedin.com\/company\/3586017\/","https:\/\/www.youtube.com\/user\/firesalesrentconsult"]}]}},"publishpress_future_workflow_manual_trigger":{"enabledWorkflows":[]},"_links":{"self":[{"href":"https:\/\/fireware.nl\/de\/wp-json\/wp\/v2\/product\/83500","targetHints":{"allow":["GET"]}}],"collection":[{"href":"https:\/\/fireware.nl\/de\/wp-json\/wp\/v2\/product"}],"about":[{"href":"https:\/\/fireware.nl\/de\/wp-json\/wp\/v2\/types\/product"}],"wp:featuredmedia":[{"embeddable":true,"href":"https:\/\/fireware.nl\/de\/wp-json\/wp\/v2\/media\/83460"}],"wp:attachment":[{"href":"https:\/\/fireware.nl\/de\/wp-json\/wp\/v2\/media?parent=83500"}],"wp:term":[{"taxonomy":"product_brand","embeddable":true,"href":"https:\/\/fireware.nl\/de\/wp-json\/wp\/v2\/product_brand?post=83500"},{"taxonomy":"product_cat","embeddable":true,"href":"https:\/\/fireware.nl\/de\/wp-json\/wp\/v2\/product_cat?post=83500"},{"taxonomy":"product_tag","embeddable":true,"href":"https:\/\/fireware.nl\/de\/wp-json\/wp\/v2\/product_tag?post=83500"}],"curies":[{"name":"wp","href":"https:\/\/api.w.org\/{rel}","templated":true}]}}