
{"id":84687,"date":"2023-03-04T10:07:49","date_gmt":"2023-03-04T10:07:49","guid":{"rendered":"https:\/\/fireware.nl\/product\/airfill-die-neptune-kugelventil\/"},"modified":"2023-03-04T10:07:49","modified_gmt":"2023-03-04T10:07:49","slug":"airfill-die-neptune-kugelventil","status":"publish","type":"product","link":"https:\/\/fireware.nl\/de\/product\/airfill-die-neptune-kugelventil\/","title":{"rendered":"AirFill: Die Neptune Kugelventil"},"content":{"rendered":"<h2>Entdecken Sie eine Neue Dimension in Simulierten Feuer\u00fcbungen: Das AirFill Kugelventil erm\u00f6glicht die luftbasierte L\u00f6schung!<\/h2>\n<p>Die L\u00f6schung mit Luft bringt simulierte Feuer\u00fcbungen auf eine h\u00f6here Stufe: das AirFill Kugelventil macht dies m\u00f6glich! Die Trainingsl\u00f6scher Neptune k\u00f6nnen nicht nur mit \u00dcbungsschaum, sondern auch mit Luft gef\u00fcllt werden! Schlie\u00dfen Sie einfach das AirFill Kugelventil sicher und direkt an die <a href=\"https:\/\/fireware.nl\/de\/produkt-kategorie\/uebungs-loeschmittel\/\" target=\"_blank\" rel=\"noopener\">Neptune \u00dcbungsl\u00f6scher<\/a> mit dem <a href=\"https:\/\/fireware.nl\/de\/product\/kompressor-fuer-neptune\/\" target=\"_blank\" rel=\"noopener\">Kompressor f\u00fcr Neptune<\/a> an, und f\u00fcllen Sie sie m\u00fchelos mit Luft. In k\u00fcrzester Zeit sind Ihre Neptune Trainingsl\u00f6scher einsatzbereit! Auf diese Weise k\u00f6nnen die Sch\u00fcler die richtigen Verfahren auf einfache und spannende Weise erlernen.<\/p>\n<p>Dieses System bietet die M\u00f6glichkeit, an jedem Ort sauber zu \u00fcben, ohne dass ein einziger Tropfen Wasser oder \u00dcbungsschaum ben\u00f6tigt wird. Selbst an Orten, an denen eine tats\u00e4chliche L\u00f6schung nicht m\u00f6glich ist, k\u00f6nnen Sie mit diesem AirFill Kugelventil und dem Kompressor endlos mit den Neptune Trainingsl\u00f6schern \u00fcben! Lassen Sie Ihrer Fantasie freien Lauf und entdecken Sie die endlosen M\u00f6glichkeiten!<\/p>\n","protected":false},"excerpt":{"rendered":"<ul>\n<li>Geeignet zum Bef\u00fcllen von Luft in die <a href=\"https:\/\/fireware.nl\/de\/produkt-kategorie\/uebungs-loeschmittel\/\" target=\"_blank\" rel=\"noopener\">Neptune \u00dcbungsl\u00f6scher<\/a> mit dem <a href=\"https:\/\/fireware.nl\/de\/product\/kompressor-fuer-neptune\/\" target=\"_blank\" rel=\"noopener\">Kompressor f\u00fcr Neptune<\/a>;<\/li>\n<li>Erm\u00f6glicht die luftbasierte L\u00f6schung bei simulierten Feuer\u00fcbungen;<\/li>\n<li>Einfach und schnell in der Anwendung;<\/li>\n<li>Sauberes und effizientes Training ohne Wasser oder \u00dcbungsschaum;<\/li>\n<li>Unbegrenzte M\u00f6glichkeiten, selbst an Orten, an denen eine tats\u00e4chliche L\u00f6schung nicht m\u00f6glich ist;<\/li>\n<\/ul>\n","protected":false},"featured_media":81383,"template":"","meta":[],"product_brand":[],"product_cat":[102],"product_tag":[],"class_list":{"0":"post-84687","1":"product","2":"type-product","3":"status-publish","4":"has-post-thumbnail","6":"product_cat-uebungs-loeschmittel","8":"first","9":"instock","10":"taxable","11":"shipping-taxable","12":"purchasable","13":"product-type-simple"},"yoast_head":"<!-- This site is optimized with the Yoast SEO plugin v27.5 - https:\/\/yoast.com\/product\/yoast-seo-wordpress\/ -->\n<title>AirFill: Die Neptune Kugelventil - FireWare<\/title>\n<meta name=\"robots\" content=\"index, follow, max-snippet:-1, max-image-preview:large, max-video-preview:-1\" \/>\n<link rel=\"canonical\" href=\"https:\/\/fireware.nl\/de\/product\/airfill-die-neptune-kugelventil\/\" \/>\n<meta property=\"og:locale\" content=\"de_DE\" \/>\n<meta property=\"og:type\" content=\"article\" \/>\n<meta property=\"og:title\" content=\"AirFill: Die Neptune Kugelventil - FireWare\" \/>\n<meta property=\"og:description\" content=\"Geeignet zum Bef\u00fcllen von Luft in die Neptune \u00dcbungsl\u00f6scher mit dem Kompressor f\u00fcr Neptune;  Erm\u00f6glicht die luftbasierte L\u00f6schung bei simulierten Feuer\u00fcbungen;  Einfach und schnell in der Anwendung;  Sauberes und effizientes Training ohne Wasser oder \u00dcbungsschaum;  Unbegrenzte M\u00f6glichkeiten, selbst an Orten, an denen eine tats\u00e4chliche L\u00f6schung nicht m\u00f6glich ist;\" \/>\n<meta property=\"og:url\" content=\"https:\/\/fireware.nl\/de\/product\/airfill-die-neptune-kugelventil\/\" \/>\n<meta property=\"og:site_name\" content=\"FireWare\" \/>\n<meta property=\"article:publisher\" content=\"https:\/\/www.facebook.com\/FireWareBV\/\" \/>\n<meta property=\"og:image\" content=\"https:\/\/fireware.nl\/wp-content\/uploads\/2023\/07\/20230626_Kogelkraan_koppeling_Neptune_blusser_met_compressor_0001_0002_web.jpg\" \/>\n\t<meta property=\"og:image:width\" content=\"600\" \/>\n\t<meta property=\"og:image:height\" content=\"600\" \/>\n\t<meta property=\"og:image:type\" content=\"image\/jpeg\" \/>\n<meta name=\"twitter:card\" content=\"summary_large_image\" \/>\n<meta name=\"twitter:site\" content=\"@FireWarebv\" \/>\n<meta name=\"twitter:label1\" content=\"Gesch\u00e4tzte Lesezeit\" \/>\n\t<meta name=\"twitter:data1\" content=\"1\u00a0Minute\" \/>\n<script type=\"application\/ld+json\" class=\"yoast-schema-graph\">{\"@context\":\"https:\\\/\\\/schema.org\",\"@graph\":[{\"@type\":\"WebPage\",\"@id\":\"https:\\\/\\\/fireware.nl\\\/de\\\/product\\\/airfill-die-neptune-kugelventil\\\/\",\"url\":\"https:\\\/\\\/fireware.nl\\\/de\\\/product\\\/airfill-die-neptune-kugelventil\\\/\",\"name\":\"AirFill: Die Neptune Kugelventil - FireWare\",\"isPartOf\":{\"@id\":\"https:\\\/\\\/fireware.nl\\\/de\\\/#website\"},\"primaryImageOfPage\":{\"@id\":\"https:\\\/\\\/fireware.nl\\\/de\\\/product\\\/airfill-die-neptune-kugelventil\\\/#primaryimage\"},\"image\":{\"@id\":\"https:\\\/\\\/fireware.nl\\\/de\\\/product\\\/airfill-die-neptune-kugelventil\\\/#primaryimage\"},\"thumbnailUrl\":\"https:\\\/\\\/fireware.nl\\\/wp-content\\\/uploads\\\/2023\\\/07\\\/20230626_Kogelkraan_koppeling_Neptune_blusser_met_compressor_0001_0002_web.jpg\",\"datePublished\":\"2023-03-04T10:07:49+00:00\",\"breadcrumb\":{\"@id\":\"https:\\\/\\\/fireware.nl\\\/de\\\/product\\\/airfill-die-neptune-kugelventil\\\/#breadcrumb\"},\"inLanguage\":\"de\",\"potentialAction\":[{\"@type\":\"ReadAction\",\"target\":[\"https:\\\/\\\/fireware.nl\\\/de\\\/product\\\/airfill-die-neptune-kugelventil\\\/\"]}]},{\"@type\":\"ImageObject\",\"inLanguage\":\"de\",\"@id\":\"https:\\\/\\\/fireware.nl\\\/de\\\/product\\\/airfill-die-neptune-kugelventil\\\/#primaryimage\",\"url\":\"https:\\\/\\\/fireware.nl\\\/wp-content\\\/uploads\\\/2023\\\/07\\\/20230626_Kogelkraan_koppeling_Neptune_blusser_met_compressor_0001_0002_web.jpg\",\"contentUrl\":\"https:\\\/\\\/fireware.nl\\\/wp-content\\\/uploads\\\/2023\\\/07\\\/20230626_Kogelkraan_koppeling_Neptune_blusser_met_compressor_0001_0002_web.jpg\",\"width\":600,\"height\":600},{\"@type\":\"BreadcrumbList\",\"@id\":\"https:\\\/\\\/fireware.nl\\\/de\\\/product\\\/airfill-die-neptune-kugelventil\\\/#breadcrumb\",\"itemListElement\":[{\"@type\":\"ListItem\",\"position\":1,\"name\":\"Home\",\"item\":\"https:\\\/\\\/fireware.nl\\\/de\\\/\"},{\"@type\":\"ListItem\",\"position\":2,\"name\":\"Produkte\",\"item\":\"https:\\\/\\\/fireware.nl\\\/de\\\/produkte\\\/\"},{\"@type\":\"ListItem\",\"position\":3,\"name\":\"AirFill: Die Neptune Kugelventil\"}]},{\"@type\":\"WebSite\",\"@id\":\"https:\\\/\\\/fireware.nl\\\/de\\\/#website\",\"url\":\"https:\\\/\\\/fireware.nl\\\/de\\\/\",\"name\":\"FireWare\",\"description\":\"CREATING REALISTIC  TRAINING ENVIRONMENTS\",\"publisher\":{\"@id\":\"https:\\\/\\\/fireware.nl\\\/de\\\/#organization\"},\"potentialAction\":[{\"@type\":\"SearchAction\",\"target\":{\"@type\":\"EntryPoint\",\"urlTemplate\":\"https:\\\/\\\/fireware.nl\\\/de\\\/?s={search_term_string}\"},\"query-input\":{\"@type\":\"PropertyValueSpecification\",\"valueRequired\":true,\"valueName\":\"search_term_string\"}}],\"inLanguage\":\"de\"},{\"@type\":\"Organization\",\"@id\":\"https:\\\/\\\/fireware.nl\\\/de\\\/#organization\",\"name\":\"FireWare\",\"url\":\"https:\\\/\\\/fireware.nl\\\/de\\\/\",\"logo\":{\"@type\":\"ImageObject\",\"inLanguage\":\"de\",\"@id\":\"https:\\\/\\\/fireware.nl\\\/de\\\/#\\\/schema\\\/logo\\\/image\\\/\",\"url\":\"https:\\\/\\\/fireware.nl\\\/wp-content\\\/uploads\\\/2018\\\/10\\\/FireWare-logo.jpg\",\"contentUrl\":\"https:\\\/\\\/fireware.nl\\\/wp-content\\\/uploads\\\/2018\\\/10\\\/FireWare-logo.jpg\",\"width\":171,\"height\":70,\"caption\":\"FireWare\"},\"image\":{\"@id\":\"https:\\\/\\\/fireware.nl\\\/de\\\/#\\\/schema\\\/logo\\\/image\\\/\"},\"sameAs\":[\"https:\\\/\\\/www.facebook.com\\\/FireWareBV\\\/\",\"https:\\\/\\\/x.com\\\/FireWarebv\",\"https:\\\/\\\/www.instagram.com\\\/fireware_nl\\\/\",\"https:\\\/\\\/www.linkedin.com\\\/company\\\/3586017\\\/\",\"https:\\\/\\\/www.youtube.com\\\/user\\\/firesalesrentconsult\"]}]}<\/script>\n<!-- \/ Yoast SEO plugin. -->","yoast_head_json":{"title":"AirFill: Die Neptune Kugelventil - FireWare","robots":{"index":"index","follow":"follow","max-snippet":"max-snippet:-1","max-image-preview":"max-image-preview:large","max-video-preview":"max-video-preview:-1"},"canonical":"https:\/\/fireware.nl\/de\/product\/airfill-die-neptune-kugelventil\/","og_locale":"de_DE","og_type":"article","og_title":"AirFill: Die Neptune Kugelventil - FireWare","og_description":"Geeignet zum Bef\u00fcllen von Luft in die Neptune \u00dcbungsl\u00f6scher mit dem Kompressor f\u00fcr Neptune;  Erm\u00f6glicht die luftbasierte L\u00f6schung bei simulierten Feuer\u00fcbungen;  Einfach und schnell in der Anwendung;  Sauberes und effizientes Training ohne Wasser oder \u00dcbungsschaum;  Unbegrenzte M\u00f6glichkeiten, selbst an Orten, an denen eine tats\u00e4chliche L\u00f6schung nicht m\u00f6glich ist;","og_url":"https:\/\/fireware.nl\/de\/product\/airfill-die-neptune-kugelventil\/","og_site_name":"FireWare","article_publisher":"https:\/\/www.facebook.com\/FireWareBV\/","og_image":[{"width":600,"height":600,"url":"https:\/\/fireware.nl\/wp-content\/uploads\/2023\/07\/20230626_Kogelkraan_koppeling_Neptune_blusser_met_compressor_0001_0002_web.jpg","type":"image\/jpeg"}],"twitter_card":"summary_large_image","twitter_site":"@FireWarebv","twitter_misc":{"Gesch\u00e4tzte Lesezeit":"1\u00a0Minute"},"schema":{"@context":"https:\/\/schema.org","@graph":[{"@type":"WebPage","@id":"https:\/\/fireware.nl\/de\/product\/airfill-die-neptune-kugelventil\/","url":"https:\/\/fireware.nl\/de\/product\/airfill-die-neptune-kugelventil\/","name":"AirFill: Die Neptune Kugelventil - FireWare","isPartOf":{"@id":"https:\/\/fireware.nl\/de\/#website"},"primaryImageOfPage":{"@id":"https:\/\/fireware.nl\/de\/product\/airfill-die-neptune-kugelventil\/#primaryimage"},"image":{"@id":"https:\/\/fireware.nl\/de\/product\/airfill-die-neptune-kugelventil\/#primaryimage"},"thumbnailUrl":"https:\/\/fireware.nl\/wp-content\/uploads\/2023\/07\/20230626_Kogelkraan_koppeling_Neptune_blusser_met_compressor_0001_0002_web.jpg","datePublished":"2023-03-04T10:07:49+00:00","breadcrumb":{"@id":"https:\/\/fireware.nl\/de\/product\/airfill-die-neptune-kugelventil\/#breadcrumb"},"inLanguage":"de","potentialAction":[{"@type":"ReadAction","target":["https:\/\/fireware.nl\/de\/product\/airfill-die-neptune-kugelventil\/"]}]},{"@type":"ImageObject","inLanguage":"de","@id":"https:\/\/fireware.nl\/de\/product\/airfill-die-neptune-kugelventil\/#primaryimage","url":"https:\/\/fireware.nl\/wp-content\/uploads\/2023\/07\/20230626_Kogelkraan_koppeling_Neptune_blusser_met_compressor_0001_0002_web.jpg","contentUrl":"https:\/\/fireware.nl\/wp-content\/uploads\/2023\/07\/20230626_Kogelkraan_koppeling_Neptune_blusser_met_compressor_0001_0002_web.jpg","width":600,"height":600},{"@type":"BreadcrumbList","@id":"https:\/\/fireware.nl\/de\/product\/airfill-die-neptune-kugelventil\/#breadcrumb","itemListElement":[{"@type":"ListItem","position":1,"name":"Home","item":"https:\/\/fireware.nl\/de\/"},{"@type":"ListItem","position":2,"name":"Produkte","item":"https:\/\/fireware.nl\/de\/produkte\/"},{"@type":"ListItem","position":3,"name":"AirFill: Die Neptune Kugelventil"}]},{"@type":"WebSite","@id":"https:\/\/fireware.nl\/de\/#website","url":"https:\/\/fireware.nl\/de\/","name":"FireWare","description":"CREATING REALISTIC  TRAINING ENVIRONMENTS","publisher":{"@id":"https:\/\/fireware.nl\/de\/#organization"},"potentialAction":[{"@type":"SearchAction","target":{"@type":"EntryPoint","urlTemplate":"https:\/\/fireware.nl\/de\/?s={search_term_string}"},"query-input":{"@type":"PropertyValueSpecification","valueRequired":true,"valueName":"search_term_string"}}],"inLanguage":"de"},{"@type":"Organization","@id":"https:\/\/fireware.nl\/de\/#organization","name":"FireWare","url":"https:\/\/fireware.nl\/de\/","logo":{"@type":"ImageObject","inLanguage":"de","@id":"https:\/\/fireware.nl\/de\/#\/schema\/logo\/image\/","url":"https:\/\/fireware.nl\/wp-content\/uploads\/2018\/10\/FireWare-logo.jpg","contentUrl":"https:\/\/fireware.nl\/wp-content\/uploads\/2018\/10\/FireWare-logo.jpg","width":171,"height":70,"caption":"FireWare"},"image":{"@id":"https:\/\/fireware.nl\/de\/#\/schema\/logo\/image\/"},"sameAs":["https:\/\/www.facebook.com\/FireWareBV\/","https:\/\/x.com\/FireWarebv","https:\/\/www.instagram.com\/fireware_nl\/","https:\/\/www.linkedin.com\/company\/3586017\/","https:\/\/www.youtube.com\/user\/firesalesrentconsult"]}]}},"publishpress_future_workflow_manual_trigger":{"enabledWorkflows":[]},"_links":{"self":[{"href":"https:\/\/fireware.nl\/de\/wp-json\/wp\/v2\/product\/84687","targetHints":{"allow":["GET"]}}],"collection":[{"href":"https:\/\/fireware.nl\/de\/wp-json\/wp\/v2\/product"}],"about":[{"href":"https:\/\/fireware.nl\/de\/wp-json\/wp\/v2\/types\/product"}],"wp:featuredmedia":[{"embeddable":true,"href":"https:\/\/fireware.nl\/de\/wp-json\/wp\/v2\/media\/81383"}],"wp:attachment":[{"href":"https:\/\/fireware.nl\/de\/wp-json\/wp\/v2\/media?parent=84687"}],"wp:term":[{"taxonomy":"product_brand","embeddable":true,"href":"https:\/\/fireware.nl\/de\/wp-json\/wp\/v2\/product_brand?post=84687"},{"taxonomy":"product_cat","embeddable":true,"href":"https:\/\/fireware.nl\/de\/wp-json\/wp\/v2\/product_cat?post=84687"},{"taxonomy":"product_tag","embeddable":true,"href":"https:\/\/fireware.nl\/de\/wp-json\/wp\/v2\/product_tag?post=84687"}],"curies":[{"name":"wp","href":"https:\/\/api.w.org\/{rel}","templated":true}]}}