
{"id":91671,"date":"2024-01-16T10:47:25","date_gmt":"2024-01-16T13:25:47","guid":{"rendered":"https:\/\/fireware.nl\/product\/neptune-co2-uebungsloescher-mit-druckgriff-6-l-flache-duese\/"},"modified":"2024-08-08T09:21:13","modified_gmt":"2024-08-08T09:21:13","slug":"neptune-co2-uebungsloescher-mit-druckgriff-6-l-flache-duese","status":"publish","type":"product","link":"https:\/\/fireware.nl\/de\/product\/neptune-co2-uebungsloescher-mit-druckgriff-6-l-flache-duse\/","title":{"rendered":"Neptune CO\u2082 \u00dcbungsl\u00f6scher mit Druckgriff &#8211; Flacher D\u00fcse"},"content":{"rendered":"\r\n<h2>Nachf\u00fcllbarer CO\u2082 \u00dcbungsfeuerl\u00f6scher mit Druckhebel<\/h2>\r\n<p>Mit dem FireWare Neptune \u00dcbungsfeuerl\u00f6scher lernen die Kursteilnehmer alle Verfahren, die sie in einer echten Situation beherrschen m\u00fcssen. Der Sicherungsstift muss entfernt werden, danach wird ein kurzer Testversuch durchgef\u00fchrt. Anschlie\u00dfend werden die L\u00f6schtechniken auf dem Feuerl\u00f6schtrainer ge\u00fcbt.<\/p>\r\n<h2>Zwei-in-Eins-L\u00f6scher<\/h2>\r\n<p>Dieser \u00dcbungsfeuerl\u00f6scher ist vielseitig einsetzbar. Er kombiniert den <a href=\"https:\/\/fireware.nl\/de\/product\/neptune-uebungsloescher-druckgriff\/\" target=\"_blank\" rel=\"noopener\">FireWare Neptune \u00dcbungsfeuerl\u00f6scher mit Druckhebel<\/a> mit einer <a href=\"https:\/\/fireware.nl\/de\/product\/duse-neptune-co2-flach\/\" target=\"_blank\" rel=\"noopener\">flachen CO\u2082-D\u00fcse<\/a>. Wechseln Sie einfach zwischen dem normalen Spr\u00fchkopf des Schaumfeuerl\u00f6schers und der flachen CO\u2082-D\u00fcse. Wechseln Sie dann das Etikett einfach mit den mitgelieferten Magnetplatten aus, und bei jeder \u00dcbung kann ausgew\u00e4hlt werden, welcher Typ von Feuerl\u00f6scher verwendet wird.<\/p>\r\n<p>Haben Sie bereits einen Neptune \u00dcbungsfeuerl\u00f6scher mit Druckhebel in Ihrem Sortiment? Verwandeln Sie Ihren \u00dcbungsfeuerl\u00f6scher in k\u00fcrzester Zeit in einen CO\u2082 \u00dcbungsfeuerl\u00f6scher mit dem <a href=\"https:\/\/fireware.nl\/de\/product\/duse-neptune-co2-flach\/\" target=\"_blank\" rel=\"noopener\">flachen D\u00fcsen-Erweiterungsst\u00fcck<\/a>. Auch erh\u00e4ltlich mit <a href=\"https:\/\/fireware.nl\/de\/product\/duse-neptune-co2-rund\/\" target=\"_blank\" rel=\"noopener\">rundem D\u00fcse<\/a>.<\/p>\r\n<h2>Wiederholtes \u00dcben mit Wasser und Luft<\/h2>\r\n<p>Das L\u00f6schen f\u00fcr eine \u00dcbung mit echtem CO\u2082 geh\u00f6rt der Vergangenheit an. Denn Sie k\u00f6nnen jetzt genau denselben Effekt mit dem Neptune CO\u2082 \u00dcbungsfeuerl\u00f6scher mit Wasser oder Luft erzielen! Sie m\u00fcssen keine Kosten mehr f\u00fcr das Bef\u00fcllen mit CO\u2082 aufwenden und blasen auch keine reines CO\u2082 in die Luft.<\/p>\r\n<h2>Bef\u00fcllung<\/h2>\r\n<p>Bef\u00fcllen Sie den L\u00f6scher mit Wasser und Luft f\u00fcr eine realistische CO<sub>2<\/sub>-L\u00f6schung. Setzen Sie den Schaumspr\u00fchkopf ein und bef\u00fcllen Sie mit Wasser, Luft und \u00dcbungsschaum f\u00fcr eine Schauml\u00f6schung. Aber auch das Bef\u00fcllen nur mit Luft ist m\u00f6glich, wenn Sie eine trockene L\u00f6schung z.B. an einer Silkflame durchf\u00fchren m\u00f6chten.<\/p>\r\n<p>Die Bef\u00fcllung erfolgt einfach mit dem <a href=\"https:\/\/fireware.nl\/de\/product\/neptune-befuellungssystem\/\" target=\"_blank\" rel=\"noopener\">Neptune Bef\u00fcllungssystem<\/a>. Mit diesem mechanischen System k\u00f6nnen bis zu 3 \u00dcbungsfeuerl\u00f6scher gleichzeitig bef\u00fcllt werden. \u00d6ffnen ist nicht erforderlich. Sie ben\u00f6tigen lediglich einen Wasseranschluss und <a href=\"https:\/\/fireware.nl\/de\/product\/kompressor-fuer-neptune\/\" target=\"_blank\" rel=\"noopener\">Kompressor<\/a>.<\/p>\r\n<p>Der L\u00f6scher kann auch ohne das Neptune Vulsysteem bef\u00fcllt werden. Drehen Sie dazu die Oberseite mit einem Schl\u00fcssel auf. F\u00fcgen Sie dann (falls gew\u00fcnscht) eine Schicht \u00dcbungsschaum und Wasser hinzu und bringen Sie den L\u00f6scher mit einem einfachen Kompressor \u00fcber das Autoventil oder den Anschluss am Schlauch auf Druck.<\/p>\r\n<h2>Mehrsprachig<\/h2>\r\n<p>Der \u00dcbungsfeuerl\u00f6scher wird mit einer Magnetplatte mit Aufklebern f\u00fcr sowohl Schaum als auch CO<sub>2<\/sub> in insgesamt 6 verschiedenen Sprachen geliefert. Zur Auswahl stehen Niederl\u00e4ndisch, Englisch, Deutsch, Franz\u00f6sisch, Spanisch und Italienisch. Auf diese Weise haben Sie immer das richtige Etikett auf Ihrem Feuerl\u00f6scher.<\/p>\r\n<p>Optional erh\u00e4ltlich sind eine <a href=\"https:\/\/fireware.nl\/de\/product\/duse-neptune-co2-rund\/\" target=\"_blank\" rel=\"noopener\">runde CO<sub>2<\/sub>-D\u00fcse<\/a>, <a href=\"https:\/\/fireware.nl\/de\/product\/uebungsschaum\/\" target=\"_blank\" rel=\"noopener\">\u00dcbungsschaum<\/a>, zus\u00e4tzliche <a href=\"https:\/\/fireware.nl\/de\/produkt\/sicherungsstifte-fuer-uebungsloescher\/\" target=\"_blank\" rel=\"noopener\">Sicherungsstifte<\/a>, <a href=\"https:\/\/fireware.nl\/de\/produkt\/dichtung-fuer-sicherungsstifte\/\" target=\"_blank\" rel=\"noopener\">Versiegelungen<\/a>, <a href=\"https:\/\/fireware.nl\/de\/produkt\/o-ringen-fuer-uebungsloescher\/\" target=\"_blank\" rel=\"noopener\">O-Ringe<\/a> und ein passender <a href=\"https:\/\/fireware.nl\/de\/produkt\/gabelschluessel-fuer-uebungsloescher\/\" target=\"_blank\" rel=\"noopener\">Gabelschl\u00fcssel<\/a>, um die Oberseite zu l\u00f6sen. Der \u00dcbungsfeuerl\u00f6scher ist als 6-Liter-L\u00f6scher ausgef\u00fchrt.<\/p>\r\n<h2>Sieh dir das Video an<\/h2>\r\n<p><iframe loading=\"lazy\" src=\"https:\/\/player.vimeo.com\/video\/923736957?hl=nl&amp;cc_lang_pref=nl&amp;cc_load_policy=1\" width=\"560\" height=\"315\" frameborder=\"0\" allowfullscreen=\"allowfullscreen\"><\/iframe><\/p>\r\n\r\n<p>&nbsp;<\/p>","protected":false},"excerpt":{"rendered":"<ul>\n<li>Feuerl\u00f6scher zum \u00dcben des L\u00f6schens, ausgestattet mit einem Druckhebel an der Oberseite;<\/li>\n<li>Zwei in einem: sowohl ein Spr\u00fchschaum- als auch ein CO\u2082-\u00dcbungsfeuerl\u00f6scher mit mitgeliefertem Zubeh\u00f6r;<\/li>\n<li>Einfach mit Wasser und Luft zu bef\u00fcllen f\u00fcr eine realistische CO\u2082-L\u00f6schung;<\/li>\n<li>Einfach mit Wasser, Luft und \u00dcbungsschaum zu bef\u00fcllen f\u00fcr eine realistische Schauml\u00f6schung;<\/li>\n<li>Sehr geeignet, um Verfahren zu \u00fcben;<\/li>\n<li>Einfach wieder auf Druck zu bringen;<\/li>\n<li>Mit Autoventil und einem Bef\u00fcllanschluss am Schlauch;<\/li>\n<li>Kompressor nicht im Lieferumfang enthalten;<\/li>\n<li>Bef\u00fcllkapazit\u00e4t 6 Liter;<\/li>\n<li>Geliefert mit flacher CO\u2082-D\u00fcse(auch erh\u00e4ltlich mit <a href=\"https:\/\/fireware.nl\/de\/product\/duse-neptune-co2-rund\/\" target=\"_blank\" rel=\"noopener\">runden CO\u2082-D\u00fcse<\/a>);<\/li>\n<li>Inklusive Magnetplatte und Aufkleber f\u00fcr Schaum, CO\u2082 und Pulver in 6 verschiedenen Sprachen.<\/li>\n<\/ul>\n","protected":false},"featured_media":87447,"template":"","meta":[],"product_brand":[],"product_cat":[102],"product_tag":[],"class_list":{"0":"post-91671","1":"product","2":"type-product","3":"status-publish","4":"has-post-thumbnail","6":"product_cat-uebungs-loeschmittel","8":"first","9":"instock","10":"taxable","11":"shipping-taxable","12":"purchasable","13":"product-type-simple"},"yoast_head":"<!-- This site is optimized with the Yoast SEO plugin v27.5 - https:\/\/yoast.com\/product\/yoast-seo-wordpress\/ -->\n<title>Neptune CO\u2082 \u00dcbungsl\u00f6scher mit Druckgriff - Flacher D\u00fcse - FireWare<\/title>\n<meta name=\"robots\" content=\"index, follow, max-snippet:-1, max-image-preview:large, max-video-preview:-1\" \/>\n<link rel=\"canonical\" href=\"https:\/\/fireware.nl\/de\/product\/neptune-co2-uebungsloescher-mit-druckgriff-6-l-flache-duse\/\" \/>\n<meta property=\"og:locale\" content=\"de_DE\" \/>\n<meta property=\"og:type\" content=\"article\" \/>\n<meta property=\"og:title\" content=\"Neptune CO\u2082 \u00dcbungsl\u00f6scher mit Druckgriff - Flacher D\u00fcse - FireWare\" \/>\n<meta property=\"og:description\" content=\"Feuerl\u00f6scher zum \u00dcben des L\u00f6schens, ausgestattet mit einem Druckhebel an der Oberseite; Zwei in einem: sowohl ein Spr\u00fchschaum- als auch ein CO\u2082-\u00dcbungsfeuerl\u00f6scher mit mitgeliefertem Zubeh\u00f6r; Einfach mit Wasser und Luft zu bef\u00fcllen f\u00fcr eine realistische CO\u2082-L\u00f6schung; Einfach mit Wasser, Luft und \u00dcbungsschaum zu bef\u00fcllen f\u00fcr eine realistische Schauml\u00f6schung; Sehr geeignet, um Verfahren zu \u00fcben; Einfach wieder auf Druck zu bringen; Mit Autoventil und einem Bef\u00fcllanschluss am Schlauch; Kompressor nicht im Lieferumfang enthalten; Bef\u00fcllkapazit\u00e4t 6 Liter; Geliefert mit flacher CO\u2082-D\u00fcse(auch erh\u00e4ltlich mit runden CO\u2082-D\u00fcse); Inklusive Magnetplatte und Aufkleber f\u00fcr Schaum, CO\u2082 und Pulver in 6 verschiedenen Sprachen.\" \/>\n<meta property=\"og:url\" content=\"https:\/\/fireware.nl\/de\/product\/neptune-co2-uebungsloescher-mit-druckgriff-6-l-flache-duse\/\" \/>\n<meta property=\"og:site_name\" content=\"FireWare\" \/>\n<meta property=\"article:publisher\" content=\"https:\/\/www.facebook.com\/FireWareBV\/\" \/>\n<meta property=\"article:modified_time\" content=\"2024-08-08T09:21:13+00:00\" \/>\n<meta property=\"og:image\" content=\"https:\/\/fireware.nl\/wp-content\/uploads\/2023\/12\/20231121_Neptune_CO2_plat_en_rond_opzetstuk_011_013_plat_web.jpg\" \/>\n\t<meta property=\"og:image:width\" content=\"600\" \/>\n\t<meta property=\"og:image:height\" content=\"600\" \/>\n\t<meta property=\"og:image:type\" content=\"image\/jpeg\" \/>\n<meta name=\"twitter:card\" content=\"summary_large_image\" \/>\n<meta name=\"twitter:site\" content=\"@FireWarebv\" \/>\n<meta name=\"twitter:label1\" content=\"Gesch\u00e4tzte Lesezeit\" \/>\n\t<meta name=\"twitter:data1\" content=\"3\u00a0Minuten\" \/>\n<script type=\"application\/ld+json\" class=\"yoast-schema-graph\">{\"@context\":\"https:\\\/\\\/schema.org\",\"@graph\":[{\"@type\":\"WebPage\",\"@id\":\"https:\\\/\\\/fireware.nl\\\/de\\\/product\\\/neptune-co2-uebungsloescher-mit-druckgriff-6-l-flache-duse\\\/\",\"url\":\"https:\\\/\\\/fireware.nl\\\/de\\\/product\\\/neptune-co2-uebungsloescher-mit-druckgriff-6-l-flache-duse\\\/\",\"name\":\"Neptune CO\u2082 \u00dcbungsl\u00f6scher mit Druckgriff - Flacher D\u00fcse - FireWare\",\"isPartOf\":{\"@id\":\"https:\\\/\\\/fireware.nl\\\/de\\\/#website\"},\"primaryImageOfPage\":{\"@id\":\"https:\\\/\\\/fireware.nl\\\/de\\\/product\\\/neptune-co2-uebungsloescher-mit-druckgriff-6-l-flache-duse\\\/#primaryimage\"},\"image\":{\"@id\":\"https:\\\/\\\/fireware.nl\\\/de\\\/product\\\/neptune-co2-uebungsloescher-mit-druckgriff-6-l-flache-duse\\\/#primaryimage\"},\"thumbnailUrl\":\"https:\\\/\\\/fireware.nl\\\/wp-content\\\/uploads\\\/2023\\\/12\\\/20231121_Neptune_CO2_plat_en_rond_opzetstuk_011_013_plat_web.jpg\",\"datePublished\":\"2024-01-16T13:25:47+00:00\",\"dateModified\":\"2024-08-08T09:21:13+00:00\",\"breadcrumb\":{\"@id\":\"https:\\\/\\\/fireware.nl\\\/de\\\/product\\\/neptune-co2-uebungsloescher-mit-druckgriff-6-l-flache-duse\\\/#breadcrumb\"},\"inLanguage\":\"de\",\"potentialAction\":[{\"@type\":\"ReadAction\",\"target\":[\"https:\\\/\\\/fireware.nl\\\/de\\\/product\\\/neptune-co2-uebungsloescher-mit-druckgriff-6-l-flache-duse\\\/\"]}]},{\"@type\":\"ImageObject\",\"inLanguage\":\"de\",\"@id\":\"https:\\\/\\\/fireware.nl\\\/de\\\/product\\\/neptune-co2-uebungsloescher-mit-druckgriff-6-l-flache-duse\\\/#primaryimage\",\"url\":\"https:\\\/\\\/fireware.nl\\\/wp-content\\\/uploads\\\/2023\\\/12\\\/20231121_Neptune_CO2_plat_en_rond_opzetstuk_011_013_plat_web.jpg\",\"contentUrl\":\"https:\\\/\\\/fireware.nl\\\/wp-content\\\/uploads\\\/2023\\\/12\\\/20231121_Neptune_CO2_plat_en_rond_opzetstuk_011_013_plat_web.jpg\",\"width\":600,\"height\":600},{\"@type\":\"BreadcrumbList\",\"@id\":\"https:\\\/\\\/fireware.nl\\\/de\\\/product\\\/neptune-co2-uebungsloescher-mit-druckgriff-6-l-flache-duse\\\/#breadcrumb\",\"itemListElement\":[{\"@type\":\"ListItem\",\"position\":1,\"name\":\"Home\",\"item\":\"https:\\\/\\\/fireware.nl\\\/de\\\/\"},{\"@type\":\"ListItem\",\"position\":2,\"name\":\"Produkte\",\"item\":\"https:\\\/\\\/fireware.nl\\\/de\\\/produkte\\\/\"},{\"@type\":\"ListItem\",\"position\":3,\"name\":\"Neptune CO\u2082 \u00dcbungsl\u00f6scher mit Druckgriff &#8211; Flacher D\u00fcse\"}]},{\"@type\":\"WebSite\",\"@id\":\"https:\\\/\\\/fireware.nl\\\/de\\\/#website\",\"url\":\"https:\\\/\\\/fireware.nl\\\/de\\\/\",\"name\":\"FireWare\",\"description\":\"CREATING REALISTIC  TRAINING ENVIRONMENTS\",\"publisher\":{\"@id\":\"https:\\\/\\\/fireware.nl\\\/de\\\/#organization\"},\"potentialAction\":[{\"@type\":\"SearchAction\",\"target\":{\"@type\":\"EntryPoint\",\"urlTemplate\":\"https:\\\/\\\/fireware.nl\\\/de\\\/?s={search_term_string}\"},\"query-input\":{\"@type\":\"PropertyValueSpecification\",\"valueRequired\":true,\"valueName\":\"search_term_string\"}}],\"inLanguage\":\"de\"},{\"@type\":\"Organization\",\"@id\":\"https:\\\/\\\/fireware.nl\\\/de\\\/#organization\",\"name\":\"FireWare\",\"url\":\"https:\\\/\\\/fireware.nl\\\/de\\\/\",\"logo\":{\"@type\":\"ImageObject\",\"inLanguage\":\"de\",\"@id\":\"https:\\\/\\\/fireware.nl\\\/de\\\/#\\\/schema\\\/logo\\\/image\\\/\",\"url\":\"https:\\\/\\\/fireware.nl\\\/wp-content\\\/uploads\\\/2018\\\/10\\\/FireWare-logo.jpg\",\"contentUrl\":\"https:\\\/\\\/fireware.nl\\\/wp-content\\\/uploads\\\/2018\\\/10\\\/FireWare-logo.jpg\",\"width\":171,\"height\":70,\"caption\":\"FireWare\"},\"image\":{\"@id\":\"https:\\\/\\\/fireware.nl\\\/de\\\/#\\\/schema\\\/logo\\\/image\\\/\"},\"sameAs\":[\"https:\\\/\\\/www.facebook.com\\\/FireWareBV\\\/\",\"https:\\\/\\\/x.com\\\/FireWarebv\",\"https:\\\/\\\/www.instagram.com\\\/fireware_nl\\\/\",\"https:\\\/\\\/www.linkedin.com\\\/company\\\/3586017\\\/\",\"https:\\\/\\\/www.youtube.com\\\/user\\\/firesalesrentconsult\"]}]}<\/script>\n<!-- \/ Yoast SEO plugin. -->","yoast_head_json":{"title":"Neptune CO\u2082 \u00dcbungsl\u00f6scher mit Druckgriff - Flacher D\u00fcse - FireWare","robots":{"index":"index","follow":"follow","max-snippet":"max-snippet:-1","max-image-preview":"max-image-preview:large","max-video-preview":"max-video-preview:-1"},"canonical":"https:\/\/fireware.nl\/de\/product\/neptune-co2-uebungsloescher-mit-druckgriff-6-l-flache-duse\/","og_locale":"de_DE","og_type":"article","og_title":"Neptune CO\u2082 \u00dcbungsl\u00f6scher mit Druckgriff - Flacher D\u00fcse - FireWare","og_description":"Feuerl\u00f6scher zum \u00dcben des L\u00f6schens, ausgestattet mit einem Druckhebel an der Oberseite; Zwei in einem: sowohl ein Spr\u00fchschaum- als auch ein CO\u2082-\u00dcbungsfeuerl\u00f6scher mit mitgeliefertem Zubeh\u00f6r; Einfach mit Wasser und Luft zu bef\u00fcllen f\u00fcr eine realistische CO\u2082-L\u00f6schung; Einfach mit Wasser, Luft und \u00dcbungsschaum zu bef\u00fcllen f\u00fcr eine realistische Schauml\u00f6schung; Sehr geeignet, um Verfahren zu \u00fcben; Einfach wieder auf Druck zu bringen; Mit Autoventil und einem Bef\u00fcllanschluss am Schlauch; Kompressor nicht im Lieferumfang enthalten; Bef\u00fcllkapazit\u00e4t 6 Liter; Geliefert mit flacher CO\u2082-D\u00fcse(auch erh\u00e4ltlich mit runden CO\u2082-D\u00fcse); Inklusive Magnetplatte und Aufkleber f\u00fcr Schaum, CO\u2082 und Pulver in 6 verschiedenen Sprachen.","og_url":"https:\/\/fireware.nl\/de\/product\/neptune-co2-uebungsloescher-mit-druckgriff-6-l-flache-duse\/","og_site_name":"FireWare","article_publisher":"https:\/\/www.facebook.com\/FireWareBV\/","article_modified_time":"2024-08-08T09:21:13+00:00","og_image":[{"width":600,"height":600,"url":"https:\/\/fireware.nl\/wp-content\/uploads\/2023\/12\/20231121_Neptune_CO2_plat_en_rond_opzetstuk_011_013_plat_web.jpg","type":"image\/jpeg"}],"twitter_card":"summary_large_image","twitter_site":"@FireWarebv","twitter_misc":{"Gesch\u00e4tzte Lesezeit":"3\u00a0Minuten"},"schema":{"@context":"https:\/\/schema.org","@graph":[{"@type":"WebPage","@id":"https:\/\/fireware.nl\/de\/product\/neptune-co2-uebungsloescher-mit-druckgriff-6-l-flache-duse\/","url":"https:\/\/fireware.nl\/de\/product\/neptune-co2-uebungsloescher-mit-druckgriff-6-l-flache-duse\/","name":"Neptune CO\u2082 \u00dcbungsl\u00f6scher mit Druckgriff - Flacher D\u00fcse - FireWare","isPartOf":{"@id":"https:\/\/fireware.nl\/de\/#website"},"primaryImageOfPage":{"@id":"https:\/\/fireware.nl\/de\/product\/neptune-co2-uebungsloescher-mit-druckgriff-6-l-flache-duse\/#primaryimage"},"image":{"@id":"https:\/\/fireware.nl\/de\/product\/neptune-co2-uebungsloescher-mit-druckgriff-6-l-flache-duse\/#primaryimage"},"thumbnailUrl":"https:\/\/fireware.nl\/wp-content\/uploads\/2023\/12\/20231121_Neptune_CO2_plat_en_rond_opzetstuk_011_013_plat_web.jpg","datePublished":"2024-01-16T13:25:47+00:00","dateModified":"2024-08-08T09:21:13+00:00","breadcrumb":{"@id":"https:\/\/fireware.nl\/de\/product\/neptune-co2-uebungsloescher-mit-druckgriff-6-l-flache-duse\/#breadcrumb"},"inLanguage":"de","potentialAction":[{"@type":"ReadAction","target":["https:\/\/fireware.nl\/de\/product\/neptune-co2-uebungsloescher-mit-druckgriff-6-l-flache-duse\/"]}]},{"@type":"ImageObject","inLanguage":"de","@id":"https:\/\/fireware.nl\/de\/product\/neptune-co2-uebungsloescher-mit-druckgriff-6-l-flache-duse\/#primaryimage","url":"https:\/\/fireware.nl\/wp-content\/uploads\/2023\/12\/20231121_Neptune_CO2_plat_en_rond_opzetstuk_011_013_plat_web.jpg","contentUrl":"https:\/\/fireware.nl\/wp-content\/uploads\/2023\/12\/20231121_Neptune_CO2_plat_en_rond_opzetstuk_011_013_plat_web.jpg","width":600,"height":600},{"@type":"BreadcrumbList","@id":"https:\/\/fireware.nl\/de\/product\/neptune-co2-uebungsloescher-mit-druckgriff-6-l-flache-duse\/#breadcrumb","itemListElement":[{"@type":"ListItem","position":1,"name":"Home","item":"https:\/\/fireware.nl\/de\/"},{"@type":"ListItem","position":2,"name":"Produkte","item":"https:\/\/fireware.nl\/de\/produkte\/"},{"@type":"ListItem","position":3,"name":"Neptune CO\u2082 \u00dcbungsl\u00f6scher mit Druckgriff &#8211; Flacher D\u00fcse"}]},{"@type":"WebSite","@id":"https:\/\/fireware.nl\/de\/#website","url":"https:\/\/fireware.nl\/de\/","name":"FireWare","description":"CREATING REALISTIC  TRAINING ENVIRONMENTS","publisher":{"@id":"https:\/\/fireware.nl\/de\/#organization"},"potentialAction":[{"@type":"SearchAction","target":{"@type":"EntryPoint","urlTemplate":"https:\/\/fireware.nl\/de\/?s={search_term_string}"},"query-input":{"@type":"PropertyValueSpecification","valueRequired":true,"valueName":"search_term_string"}}],"inLanguage":"de"},{"@type":"Organization","@id":"https:\/\/fireware.nl\/de\/#organization","name":"FireWare","url":"https:\/\/fireware.nl\/de\/","logo":{"@type":"ImageObject","inLanguage":"de","@id":"https:\/\/fireware.nl\/de\/#\/schema\/logo\/image\/","url":"https:\/\/fireware.nl\/wp-content\/uploads\/2018\/10\/FireWare-logo.jpg","contentUrl":"https:\/\/fireware.nl\/wp-content\/uploads\/2018\/10\/FireWare-logo.jpg","width":171,"height":70,"caption":"FireWare"},"image":{"@id":"https:\/\/fireware.nl\/de\/#\/schema\/logo\/image\/"},"sameAs":["https:\/\/www.facebook.com\/FireWareBV\/","https:\/\/x.com\/FireWarebv","https:\/\/www.instagram.com\/fireware_nl\/","https:\/\/www.linkedin.com\/company\/3586017\/","https:\/\/www.youtube.com\/user\/firesalesrentconsult"]}]}},"publishpress_future_workflow_manual_trigger":{"enabledWorkflows":[]},"_links":{"self":[{"href":"https:\/\/fireware.nl\/de\/wp-json\/wp\/v2\/product\/91671","targetHints":{"allow":["GET"]}}],"collection":[{"href":"https:\/\/fireware.nl\/de\/wp-json\/wp\/v2\/product"}],"about":[{"href":"https:\/\/fireware.nl\/de\/wp-json\/wp\/v2\/types\/product"}],"wp:featuredmedia":[{"embeddable":true,"href":"https:\/\/fireware.nl\/de\/wp-json\/wp\/v2\/media\/87447"}],"wp:attachment":[{"href":"https:\/\/fireware.nl\/de\/wp-json\/wp\/v2\/media?parent=91671"}],"wp:term":[{"taxonomy":"product_brand","embeddable":true,"href":"https:\/\/fireware.nl\/de\/wp-json\/wp\/v2\/product_brand?post=91671"},{"taxonomy":"product_cat","embeddable":true,"href":"https:\/\/fireware.nl\/de\/wp-json\/wp\/v2\/product_cat?post=91671"},{"taxonomy":"product_tag","embeddable":true,"href":"https:\/\/fireware.nl\/de\/wp-json\/wp\/v2\/product_tag?post=91671"}],"curies":[{"name":"wp","href":"https:\/\/api.w.org\/{rel}","templated":true}]}}