
{"id":92598,"date":"2024-03-08T08:42:34","date_gmt":"2024-03-08T08:42:34","guid":{"rendered":"https:\/\/fireware.nl\/product\/schwangerschaftssimulationsweste\/"},"modified":"2024-03-08T09:01:24","modified_gmt":"2024-03-08T09:01:24","slug":"schwangerschaftssimulationsweste","status":"publish","type":"product","link":"https:\/\/fireware.nl\/de\/product\/schwangerschaftssimulationsweste\/","title":{"rendered":"Schwangerschaftssimulationsweste"},"content":{"rendered":"\n\n\t<h2>Mache eine \u00dcbung mit jeder Rettungspuppe innerhalb weniger Sekunden komplexer.<\/h2>\n<p>Wie eine Situation behandelt wird, \u00e4ndert sich erheblich, wenn nicht eine m\u00e4nnliche Puppe als Opfer vorliegt, sondern eine Person, die 4 bis 6 Monate schwanger ist. Dies ver\u00e4ndert den gesamten Ansatz der Rettungsma\u00dfnahmen. Mit der Schwangerschaftssimulationsweste verwandelst du jede Rettungspuppe (mit Ausnahme von Adipositas-Varianten und Wasserrettungspuppen) innerhalb weniger Sekunden in eine schwangere Person. Diese Weste wiegt nur 1 Kilogramm und bringt sofort neue Herausforderungen f\u00fcr deine Trainings mit sich, ob es sich nun um eine Wasserrettung oder eine Rettung aus einem Fahrzeug handelt.<\/p>\n<h2>Merkmale und Vorteile<\/h2>\n<p>Dieses Weste besteht aus einem extra starken und flammenhemmenden Stoff und simuliert einen runden Bauch und Br\u00fcste. Einfach ziehst du die Weste \u00fcber den Kopf der Rettungspuppe und befestigst sie innerhalb von Sekunden mit mehreren robusten Seilen unter den Armen, um die Taille und durch die Beine jeder Rettungspuppe (bariatrische Varianten ausgenommen).<\/p>\n<h2>Das Video ansehen<\/h2>\n\t<iframe loading=\"lazy\" width=\"560\" height=\"315\" src=\"https:\/\/player.vimeo.com\/video\/899794614?hl=nl&#038;cc_lang_pref=nl&#038;cc_load_policy=1\" frameborder=\"0\" allow=\"accelerometer; autoplay; clipboard-write; encrypted-media; gyroscope; picture-in-picture\" allowfullscreen><\/iframe>\n\n","protected":false},"excerpt":{"rendered":"<ul>\n<li>Mache ein Rettungsszenario innerhalb von Sekunden komplexer<\/li>\n<li>Simuliert Bauch und Br\u00fcste einer Person, die 4-6 Monate schwanger ist<\/li>\n<li>Anwendbar auf jede erwachsene Rettungspuppe, mit Ausnahme der Adipositas-Varianten und der Wasserrettungspuppen<\/li>\n<li>Leicht an- und auszuziehen<\/li>\n<li>Fest sitzend durch mehrere Befestigungspunkte<\/li>\n<li>Wiegt weniger als 1 kg<\/li>\n<li>Hergestellt aus extra robustem und flammhemmendem Stoff<\/li>\n<\/ul>\n","protected":false},"featured_media":87477,"template":"","meta":[],"product_brand":[],"product_cat":[2884],"product_tag":[],"class_list":{"0":"post-92598","1":"product","2":"type-product","3":"status-publish","4":"has-post-thumbnail","6":"product_cat-kleidung","8":"first","9":"instock","10":"taxable","11":"shipping-taxable","12":"purchasable","13":"product-type-simple"},"yoast_head":"<!-- This site is optimized with the Yoast SEO plugin v27.5 - https:\/\/yoast.com\/product\/yoast-seo-wordpress\/ -->\n<title>Schwangerschaftssimulationsweste - FireWare<\/title>\n<meta name=\"robots\" content=\"index, follow, max-snippet:-1, max-image-preview:large, max-video-preview:-1\" \/>\n<link rel=\"canonical\" href=\"https:\/\/fireware.nl\/de\/product\/schwangerschaftssimulationsweste\/\" \/>\n<meta property=\"og:locale\" content=\"de_DE\" \/>\n<meta property=\"og:type\" content=\"article\" \/>\n<meta property=\"og:title\" content=\"Schwangerschaftssimulationsweste - FireWare\" \/>\n<meta property=\"og:description\" content=\"Mache ein Rettungsszenario innerhalb von Sekunden komplexer  Simuliert Bauch und Br\u00fcste einer Person, die 4-6 Monate schwanger ist  Anwendbar auf jede erwachsene Rettungspuppe, mit Ausnahme der Adipositas-Varianten und der Wasserrettungspuppen  Leicht an- und auszuziehen  Fest sitzend durch mehrere Befestigungspunkte  Wiegt weniger als 1 kg  Hergestellt aus extra robustem und flammhemmendem Stoff\" \/>\n<meta property=\"og:url\" content=\"https:\/\/fireware.nl\/de\/product\/schwangerschaftssimulationsweste\/\" \/>\n<meta property=\"og:site_name\" content=\"FireWare\" \/>\n<meta property=\"article:publisher\" content=\"https:\/\/www.facebook.com\/FireWareBV\/\" \/>\n<meta property=\"article:modified_time\" content=\"2024-03-08T09:01:24+00:00\" \/>\n<meta property=\"og:image\" content=\"https:\/\/fireware.nl\/wp-content\/uploads\/2023\/12\/MPSV_Manikin_Pregnancy_Belly_Side_web.jpg\" \/>\n\t<meta property=\"og:image:width\" content=\"600\" \/>\n\t<meta property=\"og:image:height\" content=\"600\" \/>\n\t<meta property=\"og:image:type\" content=\"image\/jpeg\" \/>\n<meta name=\"twitter:card\" content=\"summary_large_image\" \/>\n<meta name=\"twitter:site\" content=\"@FireWarebv\" \/>\n<meta name=\"twitter:label1\" content=\"Gesch\u00e4tzte Lesezeit\" \/>\n\t<meta name=\"twitter:data1\" content=\"1\u00a0Minute\" \/>\n<script type=\"application\/ld+json\" class=\"yoast-schema-graph\">{\"@context\":\"https:\\\/\\\/schema.org\",\"@graph\":[{\"@type\":\"WebPage\",\"@id\":\"https:\\\/\\\/fireware.nl\\\/de\\\/product\\\/schwangerschaftssimulationsweste\\\/\",\"url\":\"https:\\\/\\\/fireware.nl\\\/de\\\/product\\\/schwangerschaftssimulationsweste\\\/\",\"name\":\"Schwangerschaftssimulationsweste - FireWare\",\"isPartOf\":{\"@id\":\"https:\\\/\\\/fireware.nl\\\/de\\\/#website\"},\"primaryImageOfPage\":{\"@id\":\"https:\\\/\\\/fireware.nl\\\/de\\\/product\\\/schwangerschaftssimulationsweste\\\/#primaryimage\"},\"image\":{\"@id\":\"https:\\\/\\\/fireware.nl\\\/de\\\/product\\\/schwangerschaftssimulationsweste\\\/#primaryimage\"},\"thumbnailUrl\":\"https:\\\/\\\/fireware.nl\\\/wp-content\\\/uploads\\\/2023\\\/12\\\/MPSV_Manikin_Pregnancy_Belly_Side_web.jpg\",\"datePublished\":\"2024-03-08T08:42:34+00:00\",\"dateModified\":\"2024-03-08T09:01:24+00:00\",\"breadcrumb\":{\"@id\":\"https:\\\/\\\/fireware.nl\\\/de\\\/product\\\/schwangerschaftssimulationsweste\\\/#breadcrumb\"},\"inLanguage\":\"de\",\"potentialAction\":[{\"@type\":\"ReadAction\",\"target\":[\"https:\\\/\\\/fireware.nl\\\/de\\\/product\\\/schwangerschaftssimulationsweste\\\/\"]}]},{\"@type\":\"ImageObject\",\"inLanguage\":\"de\",\"@id\":\"https:\\\/\\\/fireware.nl\\\/de\\\/product\\\/schwangerschaftssimulationsweste\\\/#primaryimage\",\"url\":\"https:\\\/\\\/fireware.nl\\\/wp-content\\\/uploads\\\/2023\\\/12\\\/MPSV_Manikin_Pregnancy_Belly_Side_web.jpg\",\"contentUrl\":\"https:\\\/\\\/fireware.nl\\\/wp-content\\\/uploads\\\/2023\\\/12\\\/MPSV_Manikin_Pregnancy_Belly_Side_web.jpg\",\"width\":600,\"height\":600},{\"@type\":\"BreadcrumbList\",\"@id\":\"https:\\\/\\\/fireware.nl\\\/de\\\/product\\\/schwangerschaftssimulationsweste\\\/#breadcrumb\",\"itemListElement\":[{\"@type\":\"ListItem\",\"position\":1,\"name\":\"Home\",\"item\":\"https:\\\/\\\/fireware.nl\\\/de\\\/\"},{\"@type\":\"ListItem\",\"position\":2,\"name\":\"Produkte\",\"item\":\"https:\\\/\\\/fireware.nl\\\/de\\\/produkte\\\/\"},{\"@type\":\"ListItem\",\"position\":3,\"name\":\"Schwangerschaftssimulationsweste\"}]},{\"@type\":\"WebSite\",\"@id\":\"https:\\\/\\\/fireware.nl\\\/de\\\/#website\",\"url\":\"https:\\\/\\\/fireware.nl\\\/de\\\/\",\"name\":\"FireWare\",\"description\":\"CREATING REALISTIC  TRAINING ENVIRONMENTS\",\"publisher\":{\"@id\":\"https:\\\/\\\/fireware.nl\\\/de\\\/#organization\"},\"potentialAction\":[{\"@type\":\"SearchAction\",\"target\":{\"@type\":\"EntryPoint\",\"urlTemplate\":\"https:\\\/\\\/fireware.nl\\\/de\\\/?s={search_term_string}\"},\"query-input\":{\"@type\":\"PropertyValueSpecification\",\"valueRequired\":true,\"valueName\":\"search_term_string\"}}],\"inLanguage\":\"de\"},{\"@type\":\"Organization\",\"@id\":\"https:\\\/\\\/fireware.nl\\\/de\\\/#organization\",\"name\":\"FireWare\",\"url\":\"https:\\\/\\\/fireware.nl\\\/de\\\/\",\"logo\":{\"@type\":\"ImageObject\",\"inLanguage\":\"de\",\"@id\":\"https:\\\/\\\/fireware.nl\\\/de\\\/#\\\/schema\\\/logo\\\/image\\\/\",\"url\":\"https:\\\/\\\/fireware.nl\\\/wp-content\\\/uploads\\\/2018\\\/10\\\/FireWare-logo.jpg\",\"contentUrl\":\"https:\\\/\\\/fireware.nl\\\/wp-content\\\/uploads\\\/2018\\\/10\\\/FireWare-logo.jpg\",\"width\":171,\"height\":70,\"caption\":\"FireWare\"},\"image\":{\"@id\":\"https:\\\/\\\/fireware.nl\\\/de\\\/#\\\/schema\\\/logo\\\/image\\\/\"},\"sameAs\":[\"https:\\\/\\\/www.facebook.com\\\/FireWareBV\\\/\",\"https:\\\/\\\/x.com\\\/FireWarebv\",\"https:\\\/\\\/www.instagram.com\\\/fireware_nl\\\/\",\"https:\\\/\\\/www.linkedin.com\\\/company\\\/3586017\\\/\",\"https:\\\/\\\/www.youtube.com\\\/user\\\/firesalesrentconsult\"]}]}<\/script>\n<!-- \/ Yoast SEO plugin. -->","yoast_head_json":{"title":"Schwangerschaftssimulationsweste - FireWare","robots":{"index":"index","follow":"follow","max-snippet":"max-snippet:-1","max-image-preview":"max-image-preview:large","max-video-preview":"max-video-preview:-1"},"canonical":"https:\/\/fireware.nl\/de\/product\/schwangerschaftssimulationsweste\/","og_locale":"de_DE","og_type":"article","og_title":"Schwangerschaftssimulationsweste - FireWare","og_description":"Mache ein Rettungsszenario innerhalb von Sekunden komplexer  Simuliert Bauch und Br\u00fcste einer Person, die 4-6 Monate schwanger ist  Anwendbar auf jede erwachsene Rettungspuppe, mit Ausnahme der Adipositas-Varianten und der Wasserrettungspuppen  Leicht an- und auszuziehen  Fest sitzend durch mehrere Befestigungspunkte  Wiegt weniger als 1 kg  Hergestellt aus extra robustem und flammhemmendem Stoff","og_url":"https:\/\/fireware.nl\/de\/product\/schwangerschaftssimulationsweste\/","og_site_name":"FireWare","article_publisher":"https:\/\/www.facebook.com\/FireWareBV\/","article_modified_time":"2024-03-08T09:01:24+00:00","og_image":[{"width":600,"height":600,"url":"https:\/\/fireware.nl\/wp-content\/uploads\/2023\/12\/MPSV_Manikin_Pregnancy_Belly_Side_web.jpg","type":"image\/jpeg"}],"twitter_card":"summary_large_image","twitter_site":"@FireWarebv","twitter_misc":{"Gesch\u00e4tzte Lesezeit":"1\u00a0Minute"},"schema":{"@context":"https:\/\/schema.org","@graph":[{"@type":"WebPage","@id":"https:\/\/fireware.nl\/de\/product\/schwangerschaftssimulationsweste\/","url":"https:\/\/fireware.nl\/de\/product\/schwangerschaftssimulationsweste\/","name":"Schwangerschaftssimulationsweste - FireWare","isPartOf":{"@id":"https:\/\/fireware.nl\/de\/#website"},"primaryImageOfPage":{"@id":"https:\/\/fireware.nl\/de\/product\/schwangerschaftssimulationsweste\/#primaryimage"},"image":{"@id":"https:\/\/fireware.nl\/de\/product\/schwangerschaftssimulationsweste\/#primaryimage"},"thumbnailUrl":"https:\/\/fireware.nl\/wp-content\/uploads\/2023\/12\/MPSV_Manikin_Pregnancy_Belly_Side_web.jpg","datePublished":"2024-03-08T08:42:34+00:00","dateModified":"2024-03-08T09:01:24+00:00","breadcrumb":{"@id":"https:\/\/fireware.nl\/de\/product\/schwangerschaftssimulationsweste\/#breadcrumb"},"inLanguage":"de","potentialAction":[{"@type":"ReadAction","target":["https:\/\/fireware.nl\/de\/product\/schwangerschaftssimulationsweste\/"]}]},{"@type":"ImageObject","inLanguage":"de","@id":"https:\/\/fireware.nl\/de\/product\/schwangerschaftssimulationsweste\/#primaryimage","url":"https:\/\/fireware.nl\/wp-content\/uploads\/2023\/12\/MPSV_Manikin_Pregnancy_Belly_Side_web.jpg","contentUrl":"https:\/\/fireware.nl\/wp-content\/uploads\/2023\/12\/MPSV_Manikin_Pregnancy_Belly_Side_web.jpg","width":600,"height":600},{"@type":"BreadcrumbList","@id":"https:\/\/fireware.nl\/de\/product\/schwangerschaftssimulationsweste\/#breadcrumb","itemListElement":[{"@type":"ListItem","position":1,"name":"Home","item":"https:\/\/fireware.nl\/de\/"},{"@type":"ListItem","position":2,"name":"Produkte","item":"https:\/\/fireware.nl\/de\/produkte\/"},{"@type":"ListItem","position":3,"name":"Schwangerschaftssimulationsweste"}]},{"@type":"WebSite","@id":"https:\/\/fireware.nl\/de\/#website","url":"https:\/\/fireware.nl\/de\/","name":"FireWare","description":"CREATING REALISTIC  TRAINING ENVIRONMENTS","publisher":{"@id":"https:\/\/fireware.nl\/de\/#organization"},"potentialAction":[{"@type":"SearchAction","target":{"@type":"EntryPoint","urlTemplate":"https:\/\/fireware.nl\/de\/?s={search_term_string}"},"query-input":{"@type":"PropertyValueSpecification","valueRequired":true,"valueName":"search_term_string"}}],"inLanguage":"de"},{"@type":"Organization","@id":"https:\/\/fireware.nl\/de\/#organization","name":"FireWare","url":"https:\/\/fireware.nl\/de\/","logo":{"@type":"ImageObject","inLanguage":"de","@id":"https:\/\/fireware.nl\/de\/#\/schema\/logo\/image\/","url":"https:\/\/fireware.nl\/wp-content\/uploads\/2018\/10\/FireWare-logo.jpg","contentUrl":"https:\/\/fireware.nl\/wp-content\/uploads\/2018\/10\/FireWare-logo.jpg","width":171,"height":70,"caption":"FireWare"},"image":{"@id":"https:\/\/fireware.nl\/de\/#\/schema\/logo\/image\/"},"sameAs":["https:\/\/www.facebook.com\/FireWareBV\/","https:\/\/x.com\/FireWarebv","https:\/\/www.instagram.com\/fireware_nl\/","https:\/\/www.linkedin.com\/company\/3586017\/","https:\/\/www.youtube.com\/user\/firesalesrentconsult"]}]}},"publishpress_future_workflow_manual_trigger":{"enabledWorkflows":[]},"_links":{"self":[{"href":"https:\/\/fireware.nl\/de\/wp-json\/wp\/v2\/product\/92598","targetHints":{"allow":["GET"]}}],"collection":[{"href":"https:\/\/fireware.nl\/de\/wp-json\/wp\/v2\/product"}],"about":[{"href":"https:\/\/fireware.nl\/de\/wp-json\/wp\/v2\/types\/product"}],"wp:featuredmedia":[{"embeddable":true,"href":"https:\/\/fireware.nl\/de\/wp-json\/wp\/v2\/media\/87477"}],"wp:attachment":[{"href":"https:\/\/fireware.nl\/de\/wp-json\/wp\/v2\/media?parent=92598"}],"wp:term":[{"taxonomy":"product_brand","embeddable":true,"href":"https:\/\/fireware.nl\/de\/wp-json\/wp\/v2\/product_brand?post=92598"},{"taxonomy":"product_cat","embeddable":true,"href":"https:\/\/fireware.nl\/de\/wp-json\/wp\/v2\/product_cat?post=92598"},{"taxonomy":"product_tag","embeddable":true,"href":"https:\/\/fireware.nl\/de\/wp-json\/wp\/v2\/product_tag?post=92598"}],"curies":[{"name":"wp","href":"https:\/\/api.w.org\/{rel}","templated":true}]}}