
{"id":93932,"date":"2024-04-09T12:40:43","date_gmt":"2024-04-09T12:40:43","guid":{"rendered":"https:\/\/fireware.nl\/product\/firespot-mk2\/"},"modified":"2026-04-13T14:05:43","modified_gmt":"2026-04-13T14:05:43","slug":"firespot-mk2","status":"publish","type":"product","link":"https:\/\/fireware.nl\/de\/product\/firespot-mk2\/","title":{"rendered":"FireSpot MK2"},"content":{"rendered":"\n\n\t<p>Der FireSpot wurde aktualisiert! Mit dem neuen FireSpot MK2 k\u00f6nnen noch mehr Lern- und Lehrziele erreicht werden. Dies liegt daran, dass noch mehr verschiedene Br\u00e4nde simuliert werden k\u00f6nnen! Was halten Sie zum Beispiel von einem Thermal Runaway?<\/p>\n<h2>8 Simulationen f\u00fcr verschiedene Br\u00e4nde: inklusive Thermal Runaway-Simulation<\/h2>\n<p>Der FireSpot MK2 verf\u00fcgt \u00fcber 8 Simulationen, um superrealistisch verschiedene Arten von Br\u00e4nden zu simulieren:<\/p>\n<ol>\n<li>Alle LEDs voll an (die gleiche Funktionalit\u00e4t wie beim originalen FireSpot)<\/li>\n<li>Slow Fire (die roten und orangefarbenen LEDs erzeugen die Illusion eines flackernden Feuers mit m\u00e4\u00dfiger Intensit\u00e4t)<\/li>\n<li>Fast Fire (die roten und orangefarbenen LEDs erzeugen die Illusion eines flackernden Feuers mit hoher Intensit\u00e4t)<\/li>\n<li>Thermal Runaway: (die LEDs erzeugen den typischen blinkenden Effekt, der bei einem Thermal Runaway einer Batterie zu sehen ist)<\/li>\n<li>Red Static (zur Simulation eines Glutbrands oder einer Brandstelle mit wenig Sauerstoff: die roten LEDs bleiben konstant an)<\/li>\n<li>Red Dynamic (zur Simulation eines Glutbrands oder einer Brandstelle mit wenig Sauerstoff: die roten LEDs simulieren das Flackern einer Feuerstelle)<\/li>\n<li>Orange Static (zur Simulation einer hellen Brandstelle mit ausreichend Sauerstoff oder einer Explosion: die roten orangefarbenen LEDs bleiben konstant an)<\/li>\n<li>Orange Dynamic (zur Simulation einer Brandstelle mit ausreichend Sauerstoff: die orangefarbenen LEDs simulieren das Flackern einer Feuerstelle)<\/li>\n<\/ol>\n<p>Bei der Entwicklung der Simulationsprogramme wurden die zu erreichenden Lern- und Lehrziele sowie die M\u00f6glichkeit zur dynamischen Inszenierung ber\u00fccksichtigt! Sie k\u00f6nnen mehrere FireSpots kombinieren und mit beispielsweise dem Pandora 230 steuern. So k\u00f6nnen Sie mit einem Knopfdruck mit einem Glutbrand beginnen und mit zunehmender Verf\u00fcgbarkeit von Sauerstoff zu einem hellen Brand \u00fcbergehen! Programme mit der neuen &#8220;Soft Start&#8221;-Funktion sind daf\u00fcr ideal. Wenn die Spannung eingeschaltet wird, schlie\u00dft sich die Erweiterung innerhalb weniger Sekunden an.<\/p>\n<h2>Entwickelt f\u00fcr den Einsatz mit und ohne \u00dcbungsrauch<\/h2>\n<p>Mit den neuen Simulationsprogrammen gibt es zahlreiche zus\u00e4tzliche M\u00f6glichkeiten f\u00fcr den Einsatz ohne \u00dcbungsrauch. Aber ehrlich gesagt: Der sch\u00f6nste Effekt entsteht, wenn Sie den \u00dcbungsrauch mit diesem neuen FireSpot MK2 richtig einf\u00e4rben!<\/p>\n<h2>Vollst\u00e4ndig wasserdicht<\/h2>\n<p>Der <a href=\"https:\/\/fireware.nl\/de\/product\/firespot\/\" target=\"_blank\" rel=\"noopener\">originale FireSpot<\/a> war bereits IP67-wasserdicht: Beim neuen FireSpot MK2 ist dies nicht anders! Sie wechseln das Simulationsprogramm, indem Sie einen Magneten an das Geh\u00e4use halten. Auf diese Weise &#8220;bl\u00e4ttern&#8221; Sie durch die verschiedenen Programme. Es gibt also keine Schalter an der Au\u00dfenseite des Geh\u00e4uses! Der Spot &#8220;erinnert&#8221; sich an seinen zuletzt gew\u00e4hlten Zustand.<\/p>\n<p>Auch das 2 Meter lange Netzkabel ist mit einem Powercon True 1-Stecker ausgestattet. Dieser Stecker kann wasserdicht verl\u00e4ngert werden. Das ist praktisch f\u00fcr Simulationen, bei denen tats\u00e4chlich Wasser eingesetzt wird.<\/p>\n<h2>Spezialoptik f\u00fcr Flammensimulation<\/h2>\n<p>Die Optik des FireSpot MK2 ist identisch mit der des Original-FireSpot. Als Lichtquelle wurden 2 leistungsstarke rote und 2 leistungsstarke orangefarbene LEDs gew\u00e4hlt. Dies ergibt ein sch\u00f6nes und realistisches Flammenbild, ohne dass eine Farbmischung wie bei RGB-LEDs auftritt.<\/p>\n<p>Die Linsen sind so gestaltet, dass die roten LEDs eine Linie bilden und die orangefarbenen LEDs hier einen &#8220;Hotspot&#8221; bilden. Diese Optik erm\u00f6glicht es, ein sehr realistisches Flammenbild zu erzeugen! Theaterbeleuchtungen sind so konzipiert, dass die Farbmischung m\u00f6glichst gleichm\u00e4\u00dfig erfolgt: Bei FireSpot wollten wir das absolut nicht: Flammen haben n\u00e4mlich eine gro\u00dfe Vielfalt an Farben in der Flamme. Die Optik des FireSpot wurde speziell entwickelt, um diesen Effekt so realistisch wie m\u00f6glich zu gestalten!<\/p>\n<h2>Robuste Konstruktion<\/h2>\n<p>FireSpots werden w\u00e4hrend einer Simulation nicht sanft eingesetzt. Die Spots werden stark beansprucht. Daher besteht das Geh\u00e4use des FireSpot MK2 aus eloxiertem Aluminium und es gibt ein absolutes Minimum an hervorstehenden Teilen.<\/p>\n<p>Der FireSpot ist in jeder Ecke verstellbar. Der optionale <a href=\"https:\/\/fireware.nl\/de\/produkt\/bodenstander-fur-firespot\/\" target=\"_blank\" rel=\"noopener\">Bodenst\u00e4nder<\/a> bietet maximalen Halt. Die Verwendung des Bodenst\u00e4nders gew\u00e4hrleistet mehr Stabilit\u00e4t. Dar\u00fcber hinaus k\u00f6nnen Sie den richtigen Winkel des Feuerscheins leichter einstellen und den Rauch noch einfacher einf\u00e4rben. Die Lichtausbeute ist mit einer Leistungsaufnahme von 10 Watt spektakul\u00e4r.<\/p>\n<p>Nach dem Original-FireSpot und dem FireSpot MK2 gibt es auch den <a href=\"https:\/\/fireware.nl\/de\/product\/firespot-xxl\/\" target=\"_blank\" rel=\"noopener\">FireSpot XXL<\/a>.<\/p>\n<h2>Sehen Sie sich die Videos an<\/h2>\n\t\t<iframe loading=\"lazy\" width=\"1920\" height=\"1080\" src=\"https:\/\/player.vimeo.com\/video\/990561782?hl=nl&#038;cc_lang_pref=nl&#038;cc_load_policy=1\" frameborder=\"0\" allow=\"accelerometer; autoplay; clipboard-write; encrypted-media; gyroscope; picture-in-picture\" allowfullscreen><\/iframe>\t\n\t\t<iframe loading=\"lazy\" width=\"1920\" height=\"1080\" src=\"https:\/\/player.vimeo.com\/video\/995432935?hl=nl&#038;cc_lang_pref=nl&#038;cc_load_policy=1\" frameborder=\"0\" allow=\"accelerometer; autoplay; clipboard-write; encrypted-media; gyroscope; picture-in-picture\" allowfullscreen><\/iframe>\t\n\t\t<iframe loading=\"lazy\" width=\"560\" height=\"315\" src=\"https:\/\/player.vimeo.com\/video\/1162158094?hl=nl&#038;cc_lang_pref=nl&#038;cc_load_policy=1\" frameborder=\"0\" allow=\"accelerometer; autoplay; clipboard-write; encrypted-media; gyroscope; picture-in-picture\" allowfullscreen><\/iframe>\t\n\n","protected":false},"excerpt":{"rendered":"<ul>\n<li>Realistische Flammensimulation;<\/li>\n<li>Langlebige LED-Beleuchtung;<\/li>\n<li>MK2: mit integrierter Intelligenz;<\/li>\n<li>Mit 8 Simulationsprogrammen f\u00fcr spezifische Lern- und Lehrziele ausgestattet;<\/li>\n<li>Thermal Runaway-Modus;<\/li>\n<li>Wasserdichtes und robustes Geh\u00e4use;<\/li>\n<li>Spezielle Linsen f\u00fcr realistische Rot-Orange-Lichtverteilung;<\/li>\n<li>Mit PowerCON-Anschluss zur wasserdichten Verl\u00e4ngerung ausgestattet;<\/li>\n<li>Inklusive Powercon-zu-Schuko-Adapterkabel f\u00fcr die Verwendung in einer normalen Steckdose.<\/li>\n<\/ul>\n","protected":false},"featured_media":93929,"template":"","meta":[],"product_brand":[],"product_cat":[216],"product_tag":[],"class_list":{"0":"post-93932","1":"product","2":"type-product","3":"status-publish","4":"has-post-thumbnail","6":"product_cat-simuliertes-feuer","8":"first","9":"instock","10":"taxable","11":"shipping-taxable","12":"purchasable","13":"product-type-simple"},"yoast_head":"<!-- This site is optimized with the Yoast SEO plugin v27.5 - https:\/\/yoast.com\/product\/yoast-seo-wordpress\/ -->\n<title>FireSpot MK2 - FireWare<\/title>\n<meta name=\"robots\" content=\"index, follow, max-snippet:-1, max-image-preview:large, max-video-preview:-1\" \/>\n<link rel=\"canonical\" href=\"https:\/\/fireware.nl\/de\/product\/firespot-mk2\/\" \/>\n<meta property=\"og:locale\" content=\"de_DE\" \/>\n<meta property=\"og:type\" content=\"article\" \/>\n<meta property=\"og:title\" content=\"FireSpot MK2 - FireWare\" \/>\n<meta property=\"og:description\" content=\"Realistische Flammensimulation; Langlebige LED-Beleuchtung; MK2: mit integrierter Intelligenz; Mit 8 Simulationsprogrammen f\u00fcr spezifische Lern- und Lehrziele ausgestattet; Thermal Runaway-Modus; Wasserdichtes und robustes Geh\u00e4use; Spezielle Linsen f\u00fcr realistische Rot-Orange-Lichtverteilung; Mit PowerCON-Anschluss zur wasserdichten Verl\u00e4ngerung ausgestattet; Inklusive Powercon-zu-Schuko-Adapterkabel f\u00fcr die Verwendung in einer normalen Steckdose.\" \/>\n<meta property=\"og:url\" content=\"https:\/\/fireware.nl\/de\/product\/firespot-mk2\/\" \/>\n<meta property=\"og:site_name\" content=\"FireWare\" \/>\n<meta property=\"article:publisher\" content=\"https:\/\/www.facebook.com\/FireWareBV\/\" \/>\n<meta property=\"article:modified_time\" content=\"2026-04-13T14:05:43+00:00\" \/>\n<meta property=\"og:image\" content=\"https:\/\/fireware.nl\/wp-content\/uploads\/2024\/04\/027-090-003_FireWare_FireSpot_3_600x600_20240409_FireSpot_mk2_xxl__053_web-1.jpg\" \/>\n\t<meta property=\"og:image:width\" content=\"600\" \/>\n\t<meta property=\"og:image:height\" content=\"600\" \/>\n\t<meta property=\"og:image:type\" content=\"image\/jpeg\" \/>\n<meta name=\"twitter:card\" content=\"summary_large_image\" \/>\n<meta name=\"twitter:site\" content=\"@FireWarebv\" \/>\n<meta name=\"twitter:label1\" content=\"Gesch\u00e4tzte Lesezeit\" \/>\n\t<meta name=\"twitter:data1\" content=\"4\u00a0Minuten\" \/>\n<script type=\"application\/ld+json\" class=\"yoast-schema-graph\">{\"@context\":\"https:\\\/\\\/schema.org\",\"@graph\":[{\"@type\":\"WebPage\",\"@id\":\"https:\\\/\\\/fireware.nl\\\/de\\\/product\\\/firespot-mk2\\\/\",\"url\":\"https:\\\/\\\/fireware.nl\\\/de\\\/product\\\/firespot-mk2\\\/\",\"name\":\"FireSpot MK2 - FireWare\",\"isPartOf\":{\"@id\":\"https:\\\/\\\/fireware.nl\\\/de\\\/#website\"},\"primaryImageOfPage\":{\"@id\":\"https:\\\/\\\/fireware.nl\\\/de\\\/product\\\/firespot-mk2\\\/#primaryimage\"},\"image\":{\"@id\":\"https:\\\/\\\/fireware.nl\\\/de\\\/product\\\/firespot-mk2\\\/#primaryimage\"},\"thumbnailUrl\":\"https:\\\/\\\/fireware.nl\\\/wp-content\\\/uploads\\\/2024\\\/04\\\/027-090-003_FireWare_FireSpot_3_600x600_20240409_FireSpot_mk2_xxl__053_web-1.jpg\",\"datePublished\":\"2024-04-09T12:40:43+00:00\",\"dateModified\":\"2026-04-13T14:05:43+00:00\",\"breadcrumb\":{\"@id\":\"https:\\\/\\\/fireware.nl\\\/de\\\/product\\\/firespot-mk2\\\/#breadcrumb\"},\"inLanguage\":\"de\",\"potentialAction\":[{\"@type\":\"ReadAction\",\"target\":[\"https:\\\/\\\/fireware.nl\\\/de\\\/product\\\/firespot-mk2\\\/\"]}]},{\"@type\":\"ImageObject\",\"inLanguage\":\"de\",\"@id\":\"https:\\\/\\\/fireware.nl\\\/de\\\/product\\\/firespot-mk2\\\/#primaryimage\",\"url\":\"https:\\\/\\\/fireware.nl\\\/wp-content\\\/uploads\\\/2024\\\/04\\\/027-090-003_FireWare_FireSpot_3_600x600_20240409_FireSpot_mk2_xxl__053_web-1.jpg\",\"contentUrl\":\"https:\\\/\\\/fireware.nl\\\/wp-content\\\/uploads\\\/2024\\\/04\\\/027-090-003_FireWare_FireSpot_3_600x600_20240409_FireSpot_mk2_xxl__053_web-1.jpg\",\"width\":600,\"height\":600},{\"@type\":\"BreadcrumbList\",\"@id\":\"https:\\\/\\\/fireware.nl\\\/de\\\/product\\\/firespot-mk2\\\/#breadcrumb\",\"itemListElement\":[{\"@type\":\"ListItem\",\"position\":1,\"name\":\"Home\",\"item\":\"https:\\\/\\\/fireware.nl\\\/de\\\/\"},{\"@type\":\"ListItem\",\"position\":2,\"name\":\"Produkte\",\"item\":\"https:\\\/\\\/fireware.nl\\\/de\\\/produkte\\\/\"},{\"@type\":\"ListItem\",\"position\":3,\"name\":\"FireSpot MK2\"}]},{\"@type\":\"WebSite\",\"@id\":\"https:\\\/\\\/fireware.nl\\\/de\\\/#website\",\"url\":\"https:\\\/\\\/fireware.nl\\\/de\\\/\",\"name\":\"FireWare\",\"description\":\"CREATING REALISTIC  TRAINING ENVIRONMENTS\",\"publisher\":{\"@id\":\"https:\\\/\\\/fireware.nl\\\/de\\\/#organization\"},\"potentialAction\":[{\"@type\":\"SearchAction\",\"target\":{\"@type\":\"EntryPoint\",\"urlTemplate\":\"https:\\\/\\\/fireware.nl\\\/de\\\/?s={search_term_string}\"},\"query-input\":{\"@type\":\"PropertyValueSpecification\",\"valueRequired\":true,\"valueName\":\"search_term_string\"}}],\"inLanguage\":\"de\"},{\"@type\":\"Organization\",\"@id\":\"https:\\\/\\\/fireware.nl\\\/de\\\/#organization\",\"name\":\"FireWare\",\"url\":\"https:\\\/\\\/fireware.nl\\\/de\\\/\",\"logo\":{\"@type\":\"ImageObject\",\"inLanguage\":\"de\",\"@id\":\"https:\\\/\\\/fireware.nl\\\/de\\\/#\\\/schema\\\/logo\\\/image\\\/\",\"url\":\"https:\\\/\\\/fireware.nl\\\/wp-content\\\/uploads\\\/2018\\\/10\\\/FireWare-logo.jpg\",\"contentUrl\":\"https:\\\/\\\/fireware.nl\\\/wp-content\\\/uploads\\\/2018\\\/10\\\/FireWare-logo.jpg\",\"width\":171,\"height\":70,\"caption\":\"FireWare\"},\"image\":{\"@id\":\"https:\\\/\\\/fireware.nl\\\/de\\\/#\\\/schema\\\/logo\\\/image\\\/\"},\"sameAs\":[\"https:\\\/\\\/www.facebook.com\\\/FireWareBV\\\/\",\"https:\\\/\\\/x.com\\\/FireWarebv\",\"https:\\\/\\\/www.instagram.com\\\/fireware_nl\\\/\",\"https:\\\/\\\/www.linkedin.com\\\/company\\\/3586017\\\/\",\"https:\\\/\\\/www.youtube.com\\\/user\\\/firesalesrentconsult\"]}]}<\/script>\n<!-- \/ Yoast SEO plugin. -->","yoast_head_json":{"title":"FireSpot MK2 - FireWare","robots":{"index":"index","follow":"follow","max-snippet":"max-snippet:-1","max-image-preview":"max-image-preview:large","max-video-preview":"max-video-preview:-1"},"canonical":"https:\/\/fireware.nl\/de\/product\/firespot-mk2\/","og_locale":"de_DE","og_type":"article","og_title":"FireSpot MK2 - FireWare","og_description":"Realistische Flammensimulation; Langlebige LED-Beleuchtung; MK2: mit integrierter Intelligenz; Mit 8 Simulationsprogrammen f\u00fcr spezifische Lern- und Lehrziele ausgestattet; Thermal Runaway-Modus; Wasserdichtes und robustes Geh\u00e4use; Spezielle Linsen f\u00fcr realistische Rot-Orange-Lichtverteilung; Mit PowerCON-Anschluss zur wasserdichten Verl\u00e4ngerung ausgestattet; Inklusive Powercon-zu-Schuko-Adapterkabel f\u00fcr die Verwendung in einer normalen Steckdose.","og_url":"https:\/\/fireware.nl\/de\/product\/firespot-mk2\/","og_site_name":"FireWare","article_publisher":"https:\/\/www.facebook.com\/FireWareBV\/","article_modified_time":"2026-04-13T14:05:43+00:00","og_image":[{"width":600,"height":600,"url":"https:\/\/fireware.nl\/wp-content\/uploads\/2024\/04\/027-090-003_FireWare_FireSpot_3_600x600_20240409_FireSpot_mk2_xxl__053_web-1.jpg","type":"image\/jpeg"}],"twitter_card":"summary_large_image","twitter_site":"@FireWarebv","twitter_misc":{"Gesch\u00e4tzte Lesezeit":"4\u00a0Minuten"},"schema":{"@context":"https:\/\/schema.org","@graph":[{"@type":"WebPage","@id":"https:\/\/fireware.nl\/de\/product\/firespot-mk2\/","url":"https:\/\/fireware.nl\/de\/product\/firespot-mk2\/","name":"FireSpot MK2 - FireWare","isPartOf":{"@id":"https:\/\/fireware.nl\/de\/#website"},"primaryImageOfPage":{"@id":"https:\/\/fireware.nl\/de\/product\/firespot-mk2\/#primaryimage"},"image":{"@id":"https:\/\/fireware.nl\/de\/product\/firespot-mk2\/#primaryimage"},"thumbnailUrl":"https:\/\/fireware.nl\/wp-content\/uploads\/2024\/04\/027-090-003_FireWare_FireSpot_3_600x600_20240409_FireSpot_mk2_xxl__053_web-1.jpg","datePublished":"2024-04-09T12:40:43+00:00","dateModified":"2026-04-13T14:05:43+00:00","breadcrumb":{"@id":"https:\/\/fireware.nl\/de\/product\/firespot-mk2\/#breadcrumb"},"inLanguage":"de","potentialAction":[{"@type":"ReadAction","target":["https:\/\/fireware.nl\/de\/product\/firespot-mk2\/"]}]},{"@type":"ImageObject","inLanguage":"de","@id":"https:\/\/fireware.nl\/de\/product\/firespot-mk2\/#primaryimage","url":"https:\/\/fireware.nl\/wp-content\/uploads\/2024\/04\/027-090-003_FireWare_FireSpot_3_600x600_20240409_FireSpot_mk2_xxl__053_web-1.jpg","contentUrl":"https:\/\/fireware.nl\/wp-content\/uploads\/2024\/04\/027-090-003_FireWare_FireSpot_3_600x600_20240409_FireSpot_mk2_xxl__053_web-1.jpg","width":600,"height":600},{"@type":"BreadcrumbList","@id":"https:\/\/fireware.nl\/de\/product\/firespot-mk2\/#breadcrumb","itemListElement":[{"@type":"ListItem","position":1,"name":"Home","item":"https:\/\/fireware.nl\/de\/"},{"@type":"ListItem","position":2,"name":"Produkte","item":"https:\/\/fireware.nl\/de\/produkte\/"},{"@type":"ListItem","position":3,"name":"FireSpot MK2"}]},{"@type":"WebSite","@id":"https:\/\/fireware.nl\/de\/#website","url":"https:\/\/fireware.nl\/de\/","name":"FireWare","description":"CREATING REALISTIC  TRAINING ENVIRONMENTS","publisher":{"@id":"https:\/\/fireware.nl\/de\/#organization"},"potentialAction":[{"@type":"SearchAction","target":{"@type":"EntryPoint","urlTemplate":"https:\/\/fireware.nl\/de\/?s={search_term_string}"},"query-input":{"@type":"PropertyValueSpecification","valueRequired":true,"valueName":"search_term_string"}}],"inLanguage":"de"},{"@type":"Organization","@id":"https:\/\/fireware.nl\/de\/#organization","name":"FireWare","url":"https:\/\/fireware.nl\/de\/","logo":{"@type":"ImageObject","inLanguage":"de","@id":"https:\/\/fireware.nl\/de\/#\/schema\/logo\/image\/","url":"https:\/\/fireware.nl\/wp-content\/uploads\/2018\/10\/FireWare-logo.jpg","contentUrl":"https:\/\/fireware.nl\/wp-content\/uploads\/2018\/10\/FireWare-logo.jpg","width":171,"height":70,"caption":"FireWare"},"image":{"@id":"https:\/\/fireware.nl\/de\/#\/schema\/logo\/image\/"},"sameAs":["https:\/\/www.facebook.com\/FireWareBV\/","https:\/\/x.com\/FireWarebv","https:\/\/www.instagram.com\/fireware_nl\/","https:\/\/www.linkedin.com\/company\/3586017\/","https:\/\/www.youtube.com\/user\/firesalesrentconsult"]}]}},"publishpress_future_workflow_manual_trigger":{"enabledWorkflows":[]},"_links":{"self":[{"href":"https:\/\/fireware.nl\/de\/wp-json\/wp\/v2\/product\/93932","targetHints":{"allow":["GET"]}}],"collection":[{"href":"https:\/\/fireware.nl\/de\/wp-json\/wp\/v2\/product"}],"about":[{"href":"https:\/\/fireware.nl\/de\/wp-json\/wp\/v2\/types\/product"}],"wp:featuredmedia":[{"embeddable":true,"href":"https:\/\/fireware.nl\/de\/wp-json\/wp\/v2\/media\/93929"}],"wp:attachment":[{"href":"https:\/\/fireware.nl\/de\/wp-json\/wp\/v2\/media?parent=93932"}],"wp:term":[{"taxonomy":"product_brand","embeddable":true,"href":"https:\/\/fireware.nl\/de\/wp-json\/wp\/v2\/product_brand?post=93932"},{"taxonomy":"product_cat","embeddable":true,"href":"https:\/\/fireware.nl\/de\/wp-json\/wp\/v2\/product_cat?post=93932"},{"taxonomy":"product_tag","embeddable":true,"href":"https:\/\/fireware.nl\/de\/wp-json\/wp\/v2\/product_tag?post=93932"}],"curies":[{"name":"wp","href":"https:\/\/api.w.org\/{rel}","templated":true}]}}