
{"id":93938,"date":"2024-04-09T12:41:20","date_gmt":"2024-04-09T13:12:57","guid":{"rendered":"https:\/\/fireware.nl\/product\/firespot-xxl\/"},"modified":"2024-11-26T09:24:17","modified_gmt":"2024-11-26T09:24:17","slug":"firespot-xxl","status":"publish","type":"product","link":"https:\/\/fireware.nl\/de\/product\/firespot-xxl\/","title":{"rendered":"FireSpot XXL"},"content":{"rendered":"\n\n\t<p>Jetzt gibt es einen extrem leistungsstarken FireSpot: Der FireSpot XXL: Mit ganzen 60 High-Power-LEDs ist dieser FireSpot satte 15 Mal leistungsst\u00e4rker als der FireSpot Original und der FireSpot MK2.<\/p>\n<h2>Auch f\u00fcr den Einsatz bei Tageslicht und bei offenen Br\u00e4nden geeignet<\/h2>\n<p>Es gibt Situationen, in denen ein einzelner <a href=\"https:\/\/fireware.nl\/de\/product\/firespot\/\" target=\"_blank\" rel=\"noopener\">FireSpot Original<\/a> oder ein <a href=\"https:\/\/fireware.nl\/de\/product\/firespot-mk2\/\" target=\"_blank\" rel=\"noopener\">FireSpot MK2<\/a> nicht ausreicht. Zum Beispiel im Freien bei vollem Tageslicht oder zur Simulation eines gro\u00dfen offenen Brandes am Abend. Nat\u00fcrlich konnte dies durch Gruppierung mehrerer Spots gel\u00f6st werden: aber jetzt gibt es eine effizientere L\u00f6sung: den FireSpot XXL.<\/p>\n<p>Dieser neue FireSpot hat genug Leistung, um auch tags\u00fcber eingesetzt zu werden. Au\u00dferdem erzeugt er am Abend ein extrem realistisches Gl\u00fchen. Ideal, um wirklich gro\u00dfe Br\u00e4nde zu simulieren!<\/p>\n<h2>8 Simulationprogramme f\u00fcr verschiedene Br\u00e4nde: inkl. Thermal Runnaway-Simulation<\/h2>\n<p>Der FireSpot XXL ist mit 8 Simulationprogrammen ausgestattet, um super realistisch verschiedene Arten von Br\u00e4nden zu simulieren:<\/p>\n<ol>\n<li>Alle LEDs voll an (die gleiche Funktionalit\u00e4t wie beim originalen FireSpot)<\/li>\n<li>Langsames Feuer (die roten und orangefarbenen LEDs erzeugen die Illusion eines flackernden Feuers mit m\u00e4\u00dfiger Intensit\u00e4t)<\/li>\n<li>Schnelles Feuer (die roten und orangefarbenen LEDs erzeugen die Illusion eines flackernden Feuers mit hoher Intensit\u00e4t)<\/li>\n<li>Thermal Runnaway: (die LEDs erzeugen den typischen blinkenden Effekt, der bei einem Thermal Runnaway einer Batterie zu sehen ist)<\/li>\n<li>Rotes Statisch (zur Simulation eines Glutbrandes oder eines Brandherds mit wenig Sauerstoff: die roten LEDs sind kontinuierlich eingeschaltet)<\/li>\n<li>Rotes Dynamisch (zur Simulation eines Glutbrandes oder eines Brandherds mit wenig Sauerstoff: die roten LEDs simulieren das Flackern eines Feuerherds)<\/li>\n<li>Oranges Statisch (zur Simulation eines hellen Brandherds mit ausreichend Sauerstoff oder einer Explosion: die orangefarbenen LEDs sind kontinuierlich eingeschaltet)<\/li>\n<li>Oranges Dynamisch (zur Simulation eines Brandherds mit ausreichend Sauerstoff: die orangefarbenen LEDs simulieren das Flackern des Feuerherds)<\/li>\n<\/ol>\n<p>Bei der Entwicklung der Simulationsprogramme wurde auf die zu erreichenden Lern- und Lernziele sowie auf die M\u00f6glichkeit zur dynamischen Inszenierung geachtet! Sie k\u00f6nnen mehrere FireSpots kombinieren und mit beispielsweise dem Pandora 230 steuern. So k\u00f6nnen Sie mit einem Glutbrand beginnen und durch Dr\u00fccken einer Taste zu einem hellen Brand \u00fcbergehen, sobald mehr Sauerstoff verf\u00fcgbar ist! Programme mit der neuen &#8220;Soft-Start&#8221; -Funktion sind hier ideal. Wenn die Spannung eingeschaltet wird, wird die Erweiterung in wenigen Sekunden hinzugef\u00fcgt. Programme ohne &#8220;Soft-Start&#8221; sind perfekt, um beispielsweise gleichzeitig mit einem Explosionsger\u00e4usch einen hellen orangefarbenen Lichtblitz zu erzeugen.<\/p>\n<h2>Entwickelt f\u00fcr den Einsatz mit und ohne \u00dcbungsrauch<\/h2>\n<p>Mit den neuen Simulationsprogrammen gibt es zahlreiche zus\u00e4tzliche M\u00f6glichkeiten f\u00fcr den Einsatz ohne \u00dcbungsrauch. Aber ehrlich gesagt: Der sch\u00f6nste Effekt wird erzielt, wenn Sie \u00dcbungsrauch auf die richtige Weise mit diesem neuen FireSpot XXL einf\u00e4rben! Durch die hohe Lichtausbeute kann dieser Spot auch mit dickeren Rauchschichten eingesetzt werden.<\/p>\n<h2>Vollst\u00e4ndig wasserdicht:<\/h2>\n<p>Der FireSpot XXL ist wasserdicht nach IP67! Sie wechseln zwischen den Simulationsprogrammen, indem Sie einen Magneten an das Geh\u00e4use halten. Auf diese Weise durchlaufen Sie die verschiedenen Programme. Also keine Schalter an der Au\u00dfenseite des Geh\u00e4uses! Der Spot &#8220;erinnert&#8221; sich an seine zuletzt gew\u00e4hlte Einstellung.<\/p>\n<p>Auch das 2 Meter lange Netzkabel ist mit einem wasserdichten Powercon True 1 Stecker ausgestattet. Dieser Stecker kann wasserdicht verl\u00e4ngert werden. Praktisch f\u00fcr Simulationen, bei denen tats\u00e4chlich mit Wasser gearbeitet wird.<\/p>\n<h2>Spezielle Optik f\u00fcr Flammensimulation:<\/h2>\n<p>Die Optik des FireSpot XXL ist extrem leistungsstark. Als Lichtquelle wurden 30 leistungsstarke rote und 30 leistungsstarke orangefarbene LEDs gew\u00e4hlt. Dies ergibt ein sch\u00f6nes und realistisches Flammenbild, ohne dass Farbmischungen auftreten, wie es bei RGB-LEDs der Fall sein kann.<\/p>\n<p>Die Linsen sind so gestaltet, dass die roten LEDs eine Linie bilden und die orangefarbenen LEDs hier einen &#8220;Hotspot&#8221; bilden. Diese Optik erm\u00f6glicht es, ein sehr realistisches Flammenbild zu erzeugen! Theater-Scheinwerfer sind so konzipiert, dass die Farbmischung so gleichm\u00e4\u00dfig wie m\u00f6glich ist: Bei den FireSpots wollten wir das auf keinen Fall: Flammen haben n\u00e4mlich eine gro\u00dfe Vielfalt an Farben in der Flamme. Die Optik des FireSpot XXL wurde speziell entwickelt, um diesen Effekt so realistisch wie m\u00f6glich zu gestalten!<\/p>\n<h2>Robuste Konstruktion:<\/h2>\n<p>FireSpots werden w\u00e4hrend einer Simulation nicht sanft behandelt. Die Spots werden stark beansprucht. Aus diesem Grund besteht das Geh\u00e4use des FireSpot XXL aus eloxiertem Aluminium und es gibt ein absolutes Minimum an herausragenden Teilen.<\/p>\n<p>Der Spot kann in jedem Winkel aufgestellt werden. Die Lichtausbeute mit einer Leistungsaufnahme von 80 Watt ist spektakul\u00e4r.<\/p>\n<h2>Sehen Sie sich die Videos an<\/h2>\n\t<iframe loading=\"lazy\" width=\"1920\" height=\"1080\" src=\"https:\/\/player.vimeo.com\/video\/1033124798?hl=nl&#038;cc_lang_pref=nl&#038;cc_load_policy=1\" frameborder=\"0\" allow=\"accelerometer; autoplay; clipboard-write; encrypted-media; gyroscope; picture-in-picture\" allowfullscreen><\/iframe>\n\n","protected":false},"excerpt":{"rendered":"<ul>\n<li>Leistungsstarke Flammensimulation;<\/li>\n<li>Geeignet f\u00fcr den Einsatz in direktem Sonnenlicht;<\/li>\n<li>F\u00fcr gro\u00dfe Flammenfronten geeignet;<\/li>\n<li>Mit 8 Simulationsprogrammen f\u00fcr spezifische Lern- und Lehrziele ausgestattet;<\/li>\n<li>Thermal Runnaway-Modus;<\/li>\n<li>Wasserdichtes und robustes Geh\u00e4use;<\/li>\n<li>Spezielle Linsen f\u00fcr eine realistische Rot-Orange-Lichtverteilung;<\/li>\n<li>Mit PowerCON-Stecker zur wasserdichten Verl\u00e4ngerung ausgestattet;<\/li>\n<li>Inklusive Powercon-zu-Schuko-Adapterkabel f\u00fcr die Verwendung in einer normalen Steckdose.<\/li>\n<\/ul>\n","protected":false},"featured_media":93909,"template":"","meta":[],"product_brand":[],"product_cat":[216],"product_tag":[],"class_list":{"0":"post-93938","1":"product","2":"type-product","3":"status-publish","4":"has-post-thumbnail","6":"product_cat-simuliertes-feuer","8":"first","9":"instock","10":"taxable","11":"shipping-taxable","12":"purchasable","13":"product-type-simple"},"yoast_head":"<!-- This site is optimized with the Yoast SEO plugin v27.5 - https:\/\/yoast.com\/product\/yoast-seo-wordpress\/ -->\n<title>FireSpot XXL - FireWare<\/title>\n<meta name=\"robots\" content=\"index, follow, max-snippet:-1, max-image-preview:large, max-video-preview:-1\" \/>\n<link rel=\"canonical\" href=\"https:\/\/fireware.nl\/de\/product\/firespot-xxl\/\" \/>\n<meta property=\"og:locale\" content=\"de_DE\" \/>\n<meta property=\"og:type\" content=\"article\" \/>\n<meta property=\"og:title\" content=\"FireSpot XXL - FireWare\" \/>\n<meta property=\"og:description\" content=\"Leistungsstarke Flammensimulation;  Geeignet f\u00fcr den Einsatz in direktem Sonnenlicht;  F\u00fcr gro\u00dfe Flammenfronten geeignet;  Mit 8 Simulationsprogrammen f\u00fcr spezifische Lern- und Lehrziele ausgestattet;  Thermal Runnaway-Modus;  Wasserdichtes und robustes Geh\u00e4use;  Spezielle Linsen f\u00fcr eine realistische Rot-Orange-Lichtverteilung;  Mit PowerCON-Stecker zur wasserdichten Verl\u00e4ngerung ausgestattet;  Inklusive Powercon-zu-Schuko-Adapterkabel f\u00fcr die Verwendung in einer normalen Steckdose.\" \/>\n<meta property=\"og:url\" content=\"https:\/\/fireware.nl\/de\/product\/firespot-xxl\/\" \/>\n<meta property=\"og:site_name\" content=\"FireWare\" \/>\n<meta property=\"article:publisher\" content=\"https:\/\/www.facebook.com\/FireWareBV\/\" \/>\n<meta property=\"article:modified_time\" content=\"2024-11-26T09:24:17+00:00\" \/>\n<meta property=\"og:image\" content=\"https:\/\/fireware.nl\/wp-content\/uploads\/2024\/04\/20240409_FireSpot_mk2_xxl_014_016_019_web.jpg\" \/>\n\t<meta property=\"og:image:width\" content=\"600\" \/>\n\t<meta property=\"og:image:height\" content=\"600\" \/>\n\t<meta property=\"og:image:type\" content=\"image\/jpeg\" \/>\n<meta name=\"twitter:card\" content=\"summary_large_image\" \/>\n<meta name=\"twitter:site\" content=\"@FireWarebv\" \/>\n<meta name=\"twitter:label1\" content=\"Gesch\u00e4tzte Lesezeit\" \/>\n\t<meta name=\"twitter:data1\" content=\"4\u00a0Minuten\" \/>\n<script type=\"application\/ld+json\" class=\"yoast-schema-graph\">{\"@context\":\"https:\\\/\\\/schema.org\",\"@graph\":[{\"@type\":\"WebPage\",\"@id\":\"https:\\\/\\\/fireware.nl\\\/de\\\/product\\\/firespot-xxl\\\/\",\"url\":\"https:\\\/\\\/fireware.nl\\\/de\\\/product\\\/firespot-xxl\\\/\",\"name\":\"FireSpot XXL - FireWare\",\"isPartOf\":{\"@id\":\"https:\\\/\\\/fireware.nl\\\/de\\\/#website\"},\"primaryImageOfPage\":{\"@id\":\"https:\\\/\\\/fireware.nl\\\/de\\\/product\\\/firespot-xxl\\\/#primaryimage\"},\"image\":{\"@id\":\"https:\\\/\\\/fireware.nl\\\/de\\\/product\\\/firespot-xxl\\\/#primaryimage\"},\"thumbnailUrl\":\"https:\\\/\\\/fireware.nl\\\/wp-content\\\/uploads\\\/2024\\\/04\\\/20240409_FireSpot_mk2_xxl_014_016_019_web.jpg\",\"datePublished\":\"2024-04-09T13:12:57+00:00\",\"dateModified\":\"2024-11-26T09:24:17+00:00\",\"breadcrumb\":{\"@id\":\"https:\\\/\\\/fireware.nl\\\/de\\\/product\\\/firespot-xxl\\\/#breadcrumb\"},\"inLanguage\":\"de\",\"potentialAction\":[{\"@type\":\"ReadAction\",\"target\":[\"https:\\\/\\\/fireware.nl\\\/de\\\/product\\\/firespot-xxl\\\/\"]}]},{\"@type\":\"ImageObject\",\"inLanguage\":\"de\",\"@id\":\"https:\\\/\\\/fireware.nl\\\/de\\\/product\\\/firespot-xxl\\\/#primaryimage\",\"url\":\"https:\\\/\\\/fireware.nl\\\/wp-content\\\/uploads\\\/2024\\\/04\\\/20240409_FireSpot_mk2_xxl_014_016_019_web.jpg\",\"contentUrl\":\"https:\\\/\\\/fireware.nl\\\/wp-content\\\/uploads\\\/2024\\\/04\\\/20240409_FireSpot_mk2_xxl_014_016_019_web.jpg\",\"width\":600,\"height\":600},{\"@type\":\"BreadcrumbList\",\"@id\":\"https:\\\/\\\/fireware.nl\\\/de\\\/product\\\/firespot-xxl\\\/#breadcrumb\",\"itemListElement\":[{\"@type\":\"ListItem\",\"position\":1,\"name\":\"Home\",\"item\":\"https:\\\/\\\/fireware.nl\\\/de\\\/\"},{\"@type\":\"ListItem\",\"position\":2,\"name\":\"Produkte\",\"item\":\"https:\\\/\\\/fireware.nl\\\/de\\\/produkte\\\/\"},{\"@type\":\"ListItem\",\"position\":3,\"name\":\"FireSpot XXL\"}]},{\"@type\":\"WebSite\",\"@id\":\"https:\\\/\\\/fireware.nl\\\/de\\\/#website\",\"url\":\"https:\\\/\\\/fireware.nl\\\/de\\\/\",\"name\":\"FireWare\",\"description\":\"CREATING REALISTIC  TRAINING ENVIRONMENTS\",\"publisher\":{\"@id\":\"https:\\\/\\\/fireware.nl\\\/de\\\/#organization\"},\"potentialAction\":[{\"@type\":\"SearchAction\",\"target\":{\"@type\":\"EntryPoint\",\"urlTemplate\":\"https:\\\/\\\/fireware.nl\\\/de\\\/?s={search_term_string}\"},\"query-input\":{\"@type\":\"PropertyValueSpecification\",\"valueRequired\":true,\"valueName\":\"search_term_string\"}}],\"inLanguage\":\"de\"},{\"@type\":\"Organization\",\"@id\":\"https:\\\/\\\/fireware.nl\\\/de\\\/#organization\",\"name\":\"FireWare\",\"url\":\"https:\\\/\\\/fireware.nl\\\/de\\\/\",\"logo\":{\"@type\":\"ImageObject\",\"inLanguage\":\"de\",\"@id\":\"https:\\\/\\\/fireware.nl\\\/de\\\/#\\\/schema\\\/logo\\\/image\\\/\",\"url\":\"https:\\\/\\\/fireware.nl\\\/wp-content\\\/uploads\\\/2018\\\/10\\\/FireWare-logo.jpg\",\"contentUrl\":\"https:\\\/\\\/fireware.nl\\\/wp-content\\\/uploads\\\/2018\\\/10\\\/FireWare-logo.jpg\",\"width\":171,\"height\":70,\"caption\":\"FireWare\"},\"image\":{\"@id\":\"https:\\\/\\\/fireware.nl\\\/de\\\/#\\\/schema\\\/logo\\\/image\\\/\"},\"sameAs\":[\"https:\\\/\\\/www.facebook.com\\\/FireWareBV\\\/\",\"https:\\\/\\\/x.com\\\/FireWarebv\",\"https:\\\/\\\/www.instagram.com\\\/fireware_nl\\\/\",\"https:\\\/\\\/www.linkedin.com\\\/company\\\/3586017\\\/\",\"https:\\\/\\\/www.youtube.com\\\/user\\\/firesalesrentconsult\"]}]}<\/script>\n<!-- \/ Yoast SEO plugin. -->","yoast_head_json":{"title":"FireSpot XXL - FireWare","robots":{"index":"index","follow":"follow","max-snippet":"max-snippet:-1","max-image-preview":"max-image-preview:large","max-video-preview":"max-video-preview:-1"},"canonical":"https:\/\/fireware.nl\/de\/product\/firespot-xxl\/","og_locale":"de_DE","og_type":"article","og_title":"FireSpot XXL - FireWare","og_description":"Leistungsstarke Flammensimulation;  Geeignet f\u00fcr den Einsatz in direktem Sonnenlicht;  F\u00fcr gro\u00dfe Flammenfronten geeignet;  Mit 8 Simulationsprogrammen f\u00fcr spezifische Lern- und Lehrziele ausgestattet;  Thermal Runnaway-Modus;  Wasserdichtes und robustes Geh\u00e4use;  Spezielle Linsen f\u00fcr eine realistische Rot-Orange-Lichtverteilung;  Mit PowerCON-Stecker zur wasserdichten Verl\u00e4ngerung ausgestattet;  Inklusive Powercon-zu-Schuko-Adapterkabel f\u00fcr die Verwendung in einer normalen Steckdose.","og_url":"https:\/\/fireware.nl\/de\/product\/firespot-xxl\/","og_site_name":"FireWare","article_publisher":"https:\/\/www.facebook.com\/FireWareBV\/","article_modified_time":"2024-11-26T09:24:17+00:00","og_image":[{"width":600,"height":600,"url":"https:\/\/fireware.nl\/wp-content\/uploads\/2024\/04\/20240409_FireSpot_mk2_xxl_014_016_019_web.jpg","type":"image\/jpeg"}],"twitter_card":"summary_large_image","twitter_site":"@FireWarebv","twitter_misc":{"Gesch\u00e4tzte Lesezeit":"4\u00a0Minuten"},"schema":{"@context":"https:\/\/schema.org","@graph":[{"@type":"WebPage","@id":"https:\/\/fireware.nl\/de\/product\/firespot-xxl\/","url":"https:\/\/fireware.nl\/de\/product\/firespot-xxl\/","name":"FireSpot XXL - FireWare","isPartOf":{"@id":"https:\/\/fireware.nl\/de\/#website"},"primaryImageOfPage":{"@id":"https:\/\/fireware.nl\/de\/product\/firespot-xxl\/#primaryimage"},"image":{"@id":"https:\/\/fireware.nl\/de\/product\/firespot-xxl\/#primaryimage"},"thumbnailUrl":"https:\/\/fireware.nl\/wp-content\/uploads\/2024\/04\/20240409_FireSpot_mk2_xxl_014_016_019_web.jpg","datePublished":"2024-04-09T13:12:57+00:00","dateModified":"2024-11-26T09:24:17+00:00","breadcrumb":{"@id":"https:\/\/fireware.nl\/de\/product\/firespot-xxl\/#breadcrumb"},"inLanguage":"de","potentialAction":[{"@type":"ReadAction","target":["https:\/\/fireware.nl\/de\/product\/firespot-xxl\/"]}]},{"@type":"ImageObject","inLanguage":"de","@id":"https:\/\/fireware.nl\/de\/product\/firespot-xxl\/#primaryimage","url":"https:\/\/fireware.nl\/wp-content\/uploads\/2024\/04\/20240409_FireSpot_mk2_xxl_014_016_019_web.jpg","contentUrl":"https:\/\/fireware.nl\/wp-content\/uploads\/2024\/04\/20240409_FireSpot_mk2_xxl_014_016_019_web.jpg","width":600,"height":600},{"@type":"BreadcrumbList","@id":"https:\/\/fireware.nl\/de\/product\/firespot-xxl\/#breadcrumb","itemListElement":[{"@type":"ListItem","position":1,"name":"Home","item":"https:\/\/fireware.nl\/de\/"},{"@type":"ListItem","position":2,"name":"Produkte","item":"https:\/\/fireware.nl\/de\/produkte\/"},{"@type":"ListItem","position":3,"name":"FireSpot XXL"}]},{"@type":"WebSite","@id":"https:\/\/fireware.nl\/de\/#website","url":"https:\/\/fireware.nl\/de\/","name":"FireWare","description":"CREATING REALISTIC  TRAINING ENVIRONMENTS","publisher":{"@id":"https:\/\/fireware.nl\/de\/#organization"},"potentialAction":[{"@type":"SearchAction","target":{"@type":"EntryPoint","urlTemplate":"https:\/\/fireware.nl\/de\/?s={search_term_string}"},"query-input":{"@type":"PropertyValueSpecification","valueRequired":true,"valueName":"search_term_string"}}],"inLanguage":"de"},{"@type":"Organization","@id":"https:\/\/fireware.nl\/de\/#organization","name":"FireWare","url":"https:\/\/fireware.nl\/de\/","logo":{"@type":"ImageObject","inLanguage":"de","@id":"https:\/\/fireware.nl\/de\/#\/schema\/logo\/image\/","url":"https:\/\/fireware.nl\/wp-content\/uploads\/2018\/10\/FireWare-logo.jpg","contentUrl":"https:\/\/fireware.nl\/wp-content\/uploads\/2018\/10\/FireWare-logo.jpg","width":171,"height":70,"caption":"FireWare"},"image":{"@id":"https:\/\/fireware.nl\/de\/#\/schema\/logo\/image\/"},"sameAs":["https:\/\/www.facebook.com\/FireWareBV\/","https:\/\/x.com\/FireWarebv","https:\/\/www.instagram.com\/fireware_nl\/","https:\/\/www.linkedin.com\/company\/3586017\/","https:\/\/www.youtube.com\/user\/firesalesrentconsult"]}]}},"publishpress_future_workflow_manual_trigger":{"enabledWorkflows":[]},"_links":{"self":[{"href":"https:\/\/fireware.nl\/de\/wp-json\/wp\/v2\/product\/93938","targetHints":{"allow":["GET"]}}],"collection":[{"href":"https:\/\/fireware.nl\/de\/wp-json\/wp\/v2\/product"}],"about":[{"href":"https:\/\/fireware.nl\/de\/wp-json\/wp\/v2\/types\/product"}],"wp:featuredmedia":[{"embeddable":true,"href":"https:\/\/fireware.nl\/de\/wp-json\/wp\/v2\/media\/93909"}],"wp:attachment":[{"href":"https:\/\/fireware.nl\/de\/wp-json\/wp\/v2\/media?parent=93938"}],"wp:term":[{"taxonomy":"product_brand","embeddable":true,"href":"https:\/\/fireware.nl\/de\/wp-json\/wp\/v2\/product_brand?post=93938"},{"taxonomy":"product_cat","embeddable":true,"href":"https:\/\/fireware.nl\/de\/wp-json\/wp\/v2\/product_cat?post=93938"},{"taxonomy":"product_tag","embeddable":true,"href":"https:\/\/fireware.nl\/de\/wp-json\/wp\/v2\/product_tag?post=93938"}],"curies":[{"name":"wp","href":"https:\/\/api.w.org\/{rel}","templated":true}]}}