
{"id":94120,"date":"2024-03-25T15:37:05","date_gmt":"2024-04-12T10:24:02","guid":{"rendered":"https:\/\/fireware.nl\/?post_type=product&#038;p=94120"},"modified":"2024-12-23T15:47:28","modified_gmt":"2024-12-23T15:47:28","slug":"rohr-fuer-neptune-co%e2%82%82-flach","status":"publish","type":"product","link":"https:\/\/fireware.nl\/de\/product\/duse-neptune-co2-flach\/","title":{"rendered":"D\u00fcse f\u00fcr Neptune CO\u2082 &#8211; flach"},"content":{"rendered":"<h2>In einem Handumdrehen von \u00dcbungsschaum zu CO\u2082<\/h2>\n<p>Hast du bereits einen <a href=\"https:\/\/fireware.nl\/de\/product\/neptune-uebungsloescher-druckgriff\/\" target=\"_blank\" rel=\"noopener\">Neptune \u00dcbungsfeuerl\u00f6scher mit Druckknopfgriff<\/a> in deinem Sortiment? Verwandle deinen \u00dcbungsfeuerl\u00f6scher im Handumdrehen in einen CO2-\u00dcbungsfeuerl\u00f6scher mit dem Flachschlauch-Erweiterungsst\u00fcck. Auch erh\u00e4ltlich in <a href=\"https:\/\/fireware.nl\/de\/product\/schlauch-fuer-neptune-co2-rund\/\" target=\"_blank\" rel=\"noopener\">rundem D\u00fcse<\/a>.<\/p>\n<h2>Hast du noch keinen Neptune \u00dcbungsfeuerl\u00f6scher?<\/h2>\n<p>Entscheiden Sie sich dann f\u00fcr den <a href=\"https:\/\/fireware.nl\/de\/product\/neptune-co2-uebungsloescher-mit-druckgriff-6-l-flache-duse\/\" target=\"_blank\" rel=\"noopener\">Neptune CO2 \u00dcbungsl\u00f6scher Druckgriff 6 L mit flachen D\u00fcse<\/a>, bei dem das Verl\u00e4ngerungsst\u00fcck bereits beim L\u00f6scher enthalten ist. Der Neptune CO2 \u00dcbungsl\u00f6scher ist auch mit einem <a href=\"https:\/\/fireware.nl\/de\/product\/neptune-co2-uebungsloescher-mit-druckgriff-6-l-runde-duse\/\" target=\"_blank\" rel=\"noopener\">rundem D\u00fcse<\/a> erh\u00e4ltlich.<\/p>\n<p>Der D\u00fcse wird mit einer Magnetplatte mit 6 verschiedenen Sprachaufklebern geliefert, damit du den gew\u00fcnschten Aufkleber selbst auf deinen \u00dcbungsfeuerl\u00f6scher anbringen kannst. Zur Auswahl stehen Niederl\u00e4ndisch, Englisch, Deutsch, Franz\u00f6sisch, Spanisch und Italienisch.<\/p>\n","protected":false},"excerpt":{"rendered":"<ul>\n<li>Verwandeln Sie Ihren Neptune \u00dcbungsfeuerl\u00f6scher mit dem Flachschlauch-Erweiterungsst\u00fcck in einen CO\u2082-\u00dcbungsfeuerl\u00f6scher;<\/li>\n<li>Das Erweiterungsst\u00fcck ist auch mit einem <a href=\"https:\/\/fireware.nl\/de\/product\/schlauch-fuer-neptune-co2-rund\/\" target=\"_blank\" rel=\"noopener\">runden Schlauch<\/a> erh\u00e4ltlich;<\/li>\n<li>Anwendbar auf den <a href=\"https:\/\/fireware.nl\/de\/product\/neptune-uebungsloescher-druckgriff\/\" target=\"_blank\" rel=\"noopener\">Neptune \u00dcbungsfeuerl\u00f6scher mit Druckknopfgriff<\/a> ;<\/li>\n<li>Sehr geeignet f\u00fcr das \u00dcben von CO2-Prozeduren;<\/li>\n<li>Das Erweiterungsst\u00fcck wird ohne Feuerl\u00f6scher geliefert;<\/li>\n<li>Auch erh\u00e4ltlich <a href=\"https:\/\/fireware.nl\/de\/product\/neptune-co2-uebungsloescher-mit-druckgriff-6-l\/\" target=\"_blank\" rel=\"noopener\">inklusive Neptune \u00dcbungsfeuerl\u00f6scher<\/a>.<\/li>\n<li>Inklusive Magnetplatte und Aufkleber f\u00fcr CO\u2082 in 6 verschiedenen Sprachen<\/li>\n<\/ul>\n","protected":false},"featured_media":93243,"template":"","meta":[],"product_brand":[],"product_cat":[102],"product_tag":[],"class_list":{"0":"post-94120","1":"product","2":"type-product","3":"status-publish","4":"has-post-thumbnail","6":"product_cat-uebungs-loeschmittel","8":"first","9":"instock","10":"taxable","11":"shipping-taxable","12":"purchasable","13":"product-type-simple"},"yoast_head":"<!-- This site is optimized with the Yoast SEO plugin v27.5 - https:\/\/yoast.com\/product\/yoast-seo-wordpress\/ -->\n<title>D\u00fcse f\u00fcr Neptune CO\u2082 - flach - FireWare<\/title>\n<meta name=\"robots\" content=\"index, follow, max-snippet:-1, max-image-preview:large, max-video-preview:-1\" \/>\n<link rel=\"canonical\" href=\"https:\/\/fireware.nl\/de\/product\/duse-neptune-co2-flach\/\" \/>\n<meta property=\"og:locale\" content=\"de_DE\" \/>\n<meta property=\"og:type\" content=\"article\" \/>\n<meta property=\"og:title\" content=\"D\u00fcse f\u00fcr Neptune CO\u2082 - flach - FireWare\" \/>\n<meta property=\"og:description\" content=\"Verwandeln Sie Ihren Neptune \u00dcbungsfeuerl\u00f6scher mit dem Flachschlauch-Erweiterungsst\u00fcck in einen CO\u2082-\u00dcbungsfeuerl\u00f6scher;  Das Erweiterungsst\u00fcck ist auch mit einem runden Schlauch erh\u00e4ltlich;  Anwendbar auf den Neptune \u00dcbungsfeuerl\u00f6scher mit Druckknopfgriff ;  Sehr geeignet f\u00fcr das \u00dcben von CO2-Prozeduren;  Das Erweiterungsst\u00fcck wird ohne Feuerl\u00f6scher geliefert;  Auch erh\u00e4ltlich inklusive Neptune \u00dcbungsfeuerl\u00f6scher.  Inklusive Magnetplatte und Aufkleber f\u00fcr CO\u2082 in 6 verschiedenen Sprachen\" \/>\n<meta property=\"og:url\" content=\"https:\/\/fireware.nl\/de\/product\/duse-neptune-co2-flach\/\" \/>\n<meta property=\"og:site_name\" content=\"FireWare\" \/>\n<meta property=\"article:publisher\" content=\"https:\/\/www.facebook.com\/FireWareBV\/\" \/>\n<meta property=\"article:modified_time\" content=\"2024-12-23T15:47:28+00:00\" \/>\n<meta property=\"og:image\" content=\"https:\/\/fireware.nl\/wp-content\/uploads\/2024\/03\/20231121_Neptune_CO2_plat_en_rond_opzetstuk_025_web_v2.jpg\" \/>\n\t<meta property=\"og:image:width\" content=\"600\" \/>\n\t<meta property=\"og:image:height\" content=\"600\" \/>\n\t<meta property=\"og:image:type\" content=\"image\/jpeg\" \/>\n<meta name=\"twitter:card\" content=\"summary_large_image\" \/>\n<meta name=\"twitter:site\" content=\"@FireWarebv\" \/>\n<meta name=\"twitter:label1\" content=\"Gesch\u00e4tzte Lesezeit\" \/>\n\t<meta name=\"twitter:data1\" content=\"1\u00a0Minute\" \/>\n<script type=\"application\/ld+json\" class=\"yoast-schema-graph\">{\"@context\":\"https:\\\/\\\/schema.org\",\"@graph\":[{\"@type\":\"WebPage\",\"@id\":\"https:\\\/\\\/fireware.nl\\\/de\\\/product\\\/duse-neptune-co2-flach\\\/\",\"url\":\"https:\\\/\\\/fireware.nl\\\/de\\\/product\\\/duse-neptune-co2-flach\\\/\",\"name\":\"D\u00fcse f\u00fcr Neptune CO\u2082 - flach - FireWare\",\"isPartOf\":{\"@id\":\"https:\\\/\\\/fireware.nl\\\/de\\\/#website\"},\"primaryImageOfPage\":{\"@id\":\"https:\\\/\\\/fireware.nl\\\/de\\\/product\\\/duse-neptune-co2-flach\\\/#primaryimage\"},\"image\":{\"@id\":\"https:\\\/\\\/fireware.nl\\\/de\\\/product\\\/duse-neptune-co2-flach\\\/#primaryimage\"},\"thumbnailUrl\":\"https:\\\/\\\/fireware.nl\\\/wp-content\\\/uploads\\\/2024\\\/03\\\/20231121_Neptune_CO2_plat_en_rond_opzetstuk_025_web_v2.jpg\",\"datePublished\":\"2024-04-12T10:24:02+00:00\",\"dateModified\":\"2024-12-23T15:47:28+00:00\",\"breadcrumb\":{\"@id\":\"https:\\\/\\\/fireware.nl\\\/de\\\/product\\\/duse-neptune-co2-flach\\\/#breadcrumb\"},\"inLanguage\":\"de\",\"potentialAction\":[{\"@type\":\"ReadAction\",\"target\":[\"https:\\\/\\\/fireware.nl\\\/de\\\/product\\\/duse-neptune-co2-flach\\\/\"]}]},{\"@type\":\"ImageObject\",\"inLanguage\":\"de\",\"@id\":\"https:\\\/\\\/fireware.nl\\\/de\\\/product\\\/duse-neptune-co2-flach\\\/#primaryimage\",\"url\":\"https:\\\/\\\/fireware.nl\\\/wp-content\\\/uploads\\\/2024\\\/03\\\/20231121_Neptune_CO2_plat_en_rond_opzetstuk_025_web_v2.jpg\",\"contentUrl\":\"https:\\\/\\\/fireware.nl\\\/wp-content\\\/uploads\\\/2024\\\/03\\\/20231121_Neptune_CO2_plat_en_rond_opzetstuk_025_web_v2.jpg\",\"width\":600,\"height\":600},{\"@type\":\"BreadcrumbList\",\"@id\":\"https:\\\/\\\/fireware.nl\\\/de\\\/product\\\/duse-neptune-co2-flach\\\/#breadcrumb\",\"itemListElement\":[{\"@type\":\"ListItem\",\"position\":1,\"name\":\"Home\",\"item\":\"https:\\\/\\\/fireware.nl\\\/de\\\/\"},{\"@type\":\"ListItem\",\"position\":2,\"name\":\"Produkte\",\"item\":\"https:\\\/\\\/fireware.nl\\\/de\\\/produkte\\\/\"},{\"@type\":\"ListItem\",\"position\":3,\"name\":\"D\u00fcse f\u00fcr Neptune CO\u2082 &#8211; flach\"}]},{\"@type\":\"WebSite\",\"@id\":\"https:\\\/\\\/fireware.nl\\\/de\\\/#website\",\"url\":\"https:\\\/\\\/fireware.nl\\\/de\\\/\",\"name\":\"FireWare\",\"description\":\"CREATING REALISTIC  TRAINING ENVIRONMENTS\",\"publisher\":{\"@id\":\"https:\\\/\\\/fireware.nl\\\/de\\\/#organization\"},\"potentialAction\":[{\"@type\":\"SearchAction\",\"target\":{\"@type\":\"EntryPoint\",\"urlTemplate\":\"https:\\\/\\\/fireware.nl\\\/de\\\/?s={search_term_string}\"},\"query-input\":{\"@type\":\"PropertyValueSpecification\",\"valueRequired\":true,\"valueName\":\"search_term_string\"}}],\"inLanguage\":\"de\"},{\"@type\":\"Organization\",\"@id\":\"https:\\\/\\\/fireware.nl\\\/de\\\/#organization\",\"name\":\"FireWare\",\"url\":\"https:\\\/\\\/fireware.nl\\\/de\\\/\",\"logo\":{\"@type\":\"ImageObject\",\"inLanguage\":\"de\",\"@id\":\"https:\\\/\\\/fireware.nl\\\/de\\\/#\\\/schema\\\/logo\\\/image\\\/\",\"url\":\"https:\\\/\\\/fireware.nl\\\/wp-content\\\/uploads\\\/2018\\\/10\\\/FireWare-logo.jpg\",\"contentUrl\":\"https:\\\/\\\/fireware.nl\\\/wp-content\\\/uploads\\\/2018\\\/10\\\/FireWare-logo.jpg\",\"width\":171,\"height\":70,\"caption\":\"FireWare\"},\"image\":{\"@id\":\"https:\\\/\\\/fireware.nl\\\/de\\\/#\\\/schema\\\/logo\\\/image\\\/\"},\"sameAs\":[\"https:\\\/\\\/www.facebook.com\\\/FireWareBV\\\/\",\"https:\\\/\\\/x.com\\\/FireWarebv\",\"https:\\\/\\\/www.instagram.com\\\/fireware_nl\\\/\",\"https:\\\/\\\/www.linkedin.com\\\/company\\\/3586017\\\/\",\"https:\\\/\\\/www.youtube.com\\\/user\\\/firesalesrentconsult\"]}]}<\/script>\n<!-- \/ Yoast SEO plugin. -->","yoast_head_json":{"title":"D\u00fcse f\u00fcr Neptune CO\u2082 - flach - FireWare","robots":{"index":"index","follow":"follow","max-snippet":"max-snippet:-1","max-image-preview":"max-image-preview:large","max-video-preview":"max-video-preview:-1"},"canonical":"https:\/\/fireware.nl\/de\/product\/duse-neptune-co2-flach\/","og_locale":"de_DE","og_type":"article","og_title":"D\u00fcse f\u00fcr Neptune CO\u2082 - flach - FireWare","og_description":"Verwandeln Sie Ihren Neptune \u00dcbungsfeuerl\u00f6scher mit dem Flachschlauch-Erweiterungsst\u00fcck in einen CO\u2082-\u00dcbungsfeuerl\u00f6scher;  Das Erweiterungsst\u00fcck ist auch mit einem runden Schlauch erh\u00e4ltlich;  Anwendbar auf den Neptune \u00dcbungsfeuerl\u00f6scher mit Druckknopfgriff ;  Sehr geeignet f\u00fcr das \u00dcben von CO2-Prozeduren;  Das Erweiterungsst\u00fcck wird ohne Feuerl\u00f6scher geliefert;  Auch erh\u00e4ltlich inklusive Neptune \u00dcbungsfeuerl\u00f6scher.  Inklusive Magnetplatte und Aufkleber f\u00fcr CO\u2082 in 6 verschiedenen Sprachen","og_url":"https:\/\/fireware.nl\/de\/product\/duse-neptune-co2-flach\/","og_site_name":"FireWare","article_publisher":"https:\/\/www.facebook.com\/FireWareBV\/","article_modified_time":"2024-12-23T15:47:28+00:00","og_image":[{"width":600,"height":600,"url":"https:\/\/fireware.nl\/wp-content\/uploads\/2024\/03\/20231121_Neptune_CO2_plat_en_rond_opzetstuk_025_web_v2.jpg","type":"image\/jpeg"}],"twitter_card":"summary_large_image","twitter_site":"@FireWarebv","twitter_misc":{"Gesch\u00e4tzte Lesezeit":"1\u00a0Minute"},"schema":{"@context":"https:\/\/schema.org","@graph":[{"@type":"WebPage","@id":"https:\/\/fireware.nl\/de\/product\/duse-neptune-co2-flach\/","url":"https:\/\/fireware.nl\/de\/product\/duse-neptune-co2-flach\/","name":"D\u00fcse f\u00fcr Neptune CO\u2082 - flach - FireWare","isPartOf":{"@id":"https:\/\/fireware.nl\/de\/#website"},"primaryImageOfPage":{"@id":"https:\/\/fireware.nl\/de\/product\/duse-neptune-co2-flach\/#primaryimage"},"image":{"@id":"https:\/\/fireware.nl\/de\/product\/duse-neptune-co2-flach\/#primaryimage"},"thumbnailUrl":"https:\/\/fireware.nl\/wp-content\/uploads\/2024\/03\/20231121_Neptune_CO2_plat_en_rond_opzetstuk_025_web_v2.jpg","datePublished":"2024-04-12T10:24:02+00:00","dateModified":"2024-12-23T15:47:28+00:00","breadcrumb":{"@id":"https:\/\/fireware.nl\/de\/product\/duse-neptune-co2-flach\/#breadcrumb"},"inLanguage":"de","potentialAction":[{"@type":"ReadAction","target":["https:\/\/fireware.nl\/de\/product\/duse-neptune-co2-flach\/"]}]},{"@type":"ImageObject","inLanguage":"de","@id":"https:\/\/fireware.nl\/de\/product\/duse-neptune-co2-flach\/#primaryimage","url":"https:\/\/fireware.nl\/wp-content\/uploads\/2024\/03\/20231121_Neptune_CO2_plat_en_rond_opzetstuk_025_web_v2.jpg","contentUrl":"https:\/\/fireware.nl\/wp-content\/uploads\/2024\/03\/20231121_Neptune_CO2_plat_en_rond_opzetstuk_025_web_v2.jpg","width":600,"height":600},{"@type":"BreadcrumbList","@id":"https:\/\/fireware.nl\/de\/product\/duse-neptune-co2-flach\/#breadcrumb","itemListElement":[{"@type":"ListItem","position":1,"name":"Home","item":"https:\/\/fireware.nl\/de\/"},{"@type":"ListItem","position":2,"name":"Produkte","item":"https:\/\/fireware.nl\/de\/produkte\/"},{"@type":"ListItem","position":3,"name":"D\u00fcse f\u00fcr Neptune CO\u2082 &#8211; flach"}]},{"@type":"WebSite","@id":"https:\/\/fireware.nl\/de\/#website","url":"https:\/\/fireware.nl\/de\/","name":"FireWare","description":"CREATING REALISTIC  TRAINING ENVIRONMENTS","publisher":{"@id":"https:\/\/fireware.nl\/de\/#organization"},"potentialAction":[{"@type":"SearchAction","target":{"@type":"EntryPoint","urlTemplate":"https:\/\/fireware.nl\/de\/?s={search_term_string}"},"query-input":{"@type":"PropertyValueSpecification","valueRequired":true,"valueName":"search_term_string"}}],"inLanguage":"de"},{"@type":"Organization","@id":"https:\/\/fireware.nl\/de\/#organization","name":"FireWare","url":"https:\/\/fireware.nl\/de\/","logo":{"@type":"ImageObject","inLanguage":"de","@id":"https:\/\/fireware.nl\/de\/#\/schema\/logo\/image\/","url":"https:\/\/fireware.nl\/wp-content\/uploads\/2018\/10\/FireWare-logo.jpg","contentUrl":"https:\/\/fireware.nl\/wp-content\/uploads\/2018\/10\/FireWare-logo.jpg","width":171,"height":70,"caption":"FireWare"},"image":{"@id":"https:\/\/fireware.nl\/de\/#\/schema\/logo\/image\/"},"sameAs":["https:\/\/www.facebook.com\/FireWareBV\/","https:\/\/x.com\/FireWarebv","https:\/\/www.instagram.com\/fireware_nl\/","https:\/\/www.linkedin.com\/company\/3586017\/","https:\/\/www.youtube.com\/user\/firesalesrentconsult"]}]}},"publishpress_future_workflow_manual_trigger":{"enabledWorkflows":[]},"_links":{"self":[{"href":"https:\/\/fireware.nl\/de\/wp-json\/wp\/v2\/product\/94120","targetHints":{"allow":["GET"]}}],"collection":[{"href":"https:\/\/fireware.nl\/de\/wp-json\/wp\/v2\/product"}],"about":[{"href":"https:\/\/fireware.nl\/de\/wp-json\/wp\/v2\/types\/product"}],"wp:featuredmedia":[{"embeddable":true,"href":"https:\/\/fireware.nl\/de\/wp-json\/wp\/v2\/media\/93243"}],"wp:attachment":[{"href":"https:\/\/fireware.nl\/de\/wp-json\/wp\/v2\/media?parent=94120"}],"wp:term":[{"taxonomy":"product_brand","embeddable":true,"href":"https:\/\/fireware.nl\/de\/wp-json\/wp\/v2\/product_brand?post=94120"},{"taxonomy":"product_cat","embeddable":true,"href":"https:\/\/fireware.nl\/de\/wp-json\/wp\/v2\/product_cat?post=94120"},{"taxonomy":"product_tag","embeddable":true,"href":"https:\/\/fireware.nl\/de\/wp-json\/wp\/v2\/product_tag?post=94120"}],"curies":[{"name":"wp","href":"https:\/\/api.w.org\/{rel}","templated":true}]}}