
{"id":94540,"date":"2024-04-22T07:37:05","date_gmt":"2024-04-22T07:37:05","guid":{"rendered":"https:\/\/fireware.nl\/product\/buechse-der-pandora-230-grosses-set\/"},"modified":"2026-01-23T14:38:58","modified_gmt":"2026-01-23T14:38:58","slug":"buechse-der-pandora-230-grosses-set","status":"publish","type":"product","link":"https:\/\/fireware.nl\/de\/product\/buechse-der-pandora-230-grosses-set\/","title":{"rendered":"Simulationsset Gro\u00df einschlie\u00dflich Thermal Runaway"},"content":{"rendered":"\r\n<h2>Simulationen f\u00fcr alle Sinne<\/h2>\r\n<p>Mit dem Simulationsset Large k\u00f6nnen Sie dynamische Brandszenarien erstellen, die fr\u00fcher unvorstellbar waren. Erzeugen Sie realistische Flammeneffekte, integrieren Sie Ger\u00e4usche und steuern Sie alles mit Ihrem eigenen Smartphone oder Laptop.<\/p>\r\n<h2>Skalieren und deeskalieren<\/h2>\r\n<p>Sie haben die komplette Kontrolle \u00fcber das Szenario in Ihrer Tasche. Ihr eigenes Smartphone (oder Tablet) ist Ihre Fernbedienung. So k\u00f6nnen Sie schnell in den Ablauf des Szenarios eingreifen. Dauert der Einsatz zu lange, k\u00f6nnen Sie das Feuer einfach vergr\u00f6\u00dfern. Ist der Einsatz effizient, lassen Sie die Flammen kleiner werden. Das ist einfaches Skalieren und Deeskalieren.<\/p>\r\n<h2>Drahtlose Steuerung<\/h2>\r\n<p>Die zentrale Steuereinheit im Simulationsset Large ist die Pandora&#8217;s Box 230. Diese erzeugt ein Wi-Fi-Netzwerk, mit dem Sie sich einfach verbinden, indem Sie den QR-Code scannen. Es erscheint eine Web-Oberfl\u00e4che auf Ihrem Smartphone oder Tablet, \u00fcber die Sie alle Elemente Ihrer Inszenierung steuern k\u00f6nnen. Bis zu 3 (Flammen-)Effekte, eine Nebelmaschine und Ger\u00e4usche bieten Zugang zu Simulationen, die zuvor nur Experten vorbehalten waren.<\/p>\r\n<h2>Thermal Runaways<\/h2>\r\n<p>Das Simulationsset Small ist perfekt f\u00fcr das Szenieren gr\u00f6\u00dferer Thermal Runaways, wie z. B. Br\u00e4nde im Akkupaket eines Elektrofahrzeugs. Es gibt einen speziellen Flammeneffekt in der FireSpot XXL und der FireSpot MK2, der das wiederholte Explodieren von Akkuzellen simuliert. In der Pandora&#8217;s Box 230 gibt es dazu passende Ger\u00e4usche, bei denen Sie das Explodieren und Abblasen der Zellen h\u00f6ren k\u00f6nnen. Kombinieren Sie diese in Ihrem Szenario, und das Training im Kontext der Energiewende wird zum Kinderspiel.<\/p>\r\n<h2>Unbegrenzte M\u00f6glichkeiten<\/h2>\r\n<p>Neben Thermal Runaways k\u00f6nnen Sie nat\u00fcrlich noch viele weitere Szenarien mit dem Simulationsset Large erstellen. Ihre eigene Kreativit\u00e4t ist die Grenze der M\u00f6glichkeiten. Sie haben Zugang zu drei Flammeneffekten: der Phoenix Silkflame, der FireSpot XXL und der FireSpot MK2. Zusammen mit der Pandora&#8217;s Box 230 bieten diese die M\u00f6glichkeit, gro\u00dfe dynamische Br\u00e4nde zu simulieren. Denken Sie beispielsweise an gro\u00dffl\u00e4chige Br\u00e4nde, komplexere Wohnungsbr\u00e4nde oder mittelgro\u00dfe Industriebr\u00e4nde. Durch den Einsatz der Phoenix Silkflame und der FireSpot XXL k\u00f6nnen die Simulationen auch bei Tageslicht genutzt werden. Mit den drei unabh\u00e4ngig steuerbaren Flammeneffekten k\u00f6nnen Sie Ihr Feuer immer gr\u00f6\u00dfer oder kleiner machen.<\/p>\r\n<h4>Pandora&#8217;s Box 230<\/h4>\r\n<p>Die Pandora&#8217;s Box 230 bildet das Herz dieses Sets. Diese magische Box sorgt f\u00fcr die Steuerung Ihrer Inszenierung. Sie k\u00f6nnen bis zu 3 (Flammen-)Effekte anschlie\u00dfen. AuchIhre Nebelmaschine schlie\u00dfen Sie daran an. Die beiden mitgelieferten externen Lautsprecher sorgen f\u00fcr den Klang genau dort, wo Sie ihn haben m\u00f6chten. Indem Sie den QR-Code scannen, verbinden Sie sich mit dem Wi-Fi-Netzwerk der Pandora&#8217;s Box und erhalten die Web-Oberfl\u00e4che. Damit k\u00f6nnen Sie alle Komponenten Ihrer Inszenierung einzeln steuern. Dies bietet au\u00dfergew\u00f6hnlich viele M\u00f6glichkeiten. Sie k\u00f6nnen dynamischer inszenieren als je zuvor, da Sie alle Komponenten w\u00e4hrend der \u00dcbung ein- und ausschalten oder anpassen k\u00f6nnen. Sie k\u00f6nnen sogar einen Apollo LED-Feuerl\u00f6scher (nicht im Lieferumfang enthalten) anschlie\u00dfen, um eine interaktive L\u00f6schung zu simulieren.<\/p>\r\n<h4>Soundeffekte<\/h4>\r\n<p>Eine gute Inszenierung spricht so viele Sinne wie m\u00f6glich an. Es geht nicht nur darum, was man sieht, sondern darum, was man erlebt. Deshalb ist der Einsatz von Ton ein absolutes Muss. Mit der Pandora&#8217;s Box 230 haben Sie Zugriff auf eine Bibliothek von mehr als 30 Ger\u00e4uschen, von Brandger\u00e4uschen bis hin zu Hilferufen und erschwerenden Umst\u00e4nden. Sie k\u00f6nnen sogar bis zu 6 Ger\u00e4usche gleichzeitig verwenden!<\/p>\r\n<h4>Phoenix Silkflame<\/h4>\r\n<p>Gro\u00dfe Flammenfronten erstellen Sie mit der Phoenix Silkflame. Die leistungsstarken LED-Spots strahlen auf das bis zu 200 cm hohe Tuch. Aber auch ohne Tuch hat die Phoenix ihre St\u00e4rken. Der kr\u00e4ftige Ventilator ist darauf ausgelegt, gro\u00dfe Mengen Rauch zu bewegen. Der Rauch wird mit Kraft nach oben gedr\u00fcckt. Die LED-Beleuchtung erledigt den Rest. Gro\u00dfe Flammen werden im Rauch projiziert, der sich mit Kraft nach oben bewegt. Dies erzeugt die Illusion eines gro\u00dffl\u00e4chig entwickelten Brandherds. Ideal f\u00fcr gro\u00dfe Br\u00e4nde und Fl\u00e4chenbr\u00e4nde, sogar bei Tageslicht.<\/p>\r\n<h4>FireSpot XXL<\/h4>\r\n<p>15-mal so leistungsstark wie das Original FireSpot! Damit erzeugen Sie gr\u00f6\u00dfere und st\u00e4rkere Feuerstellen. Selbst bei Tageslicht. Und die 8 eingebauten Programme sorgen f\u00fcr ein Flammenbild, das Ihren \u00dcbungszielen entspricht. W\u00e4hlen Sie zum Beispiel ganz einfach den Thermal Runaway-Modus, wenn Sie mit brennenden Akkupaketen \u00fcben m\u00f6chten, z. B. unter einem Elektrofahrzeug. Der Spot ist auch wasserdicht und kann mit dem powerCON-Anschluss direkt an die Pandora&#8217;s Box 230 angeschlossen werden.<\/p>\r\n<h4>FireSpot MK2<\/h4>\r\n<p>Dieser \u00fcberarbeitete FireSpot verf\u00fcgt \u00fcber 8 eingebaute Simulationsprogramme. Damit treffen Sie immer den richtigen Flammeneffekt. Leuchten Sie mit den Spots von hinten in eine Rauchs\u00e4ule, und Sie sehen die realistischsten Flammen im Rauch erscheinen. Eines der eingebauten Programme simuliert den Thermal Runaway, bei dem Akkuzellen explodieren. Durch das spezielle Linsensystem und die zwei farbigen LEDs wird eine realistische Lichtverteilung erzielt. Der powerCON-Anschluss erm\u00f6glicht eine wasserdichte Verl\u00e4ngerung und den direkten Anschluss an die Pandora&#8217;s Box 230. Mit dem mitgelieferten Schuko-Adapter kann er jedoch auch eigenst\u00e4ndig betrieben werden.<\/p>\r\n<h4>Nebelmaschine Stratus<\/h4>\r\n<p>Die Nebelmaschine Stratus ist die leistungsst\u00e4rkste Nebelmaschine, die es gibt, mit maximal 1250 m\u00b3 Nebel pro Minute. Perfekt f\u00fcr das Szenieren von gro\u00dfen Br\u00e4nden, Fl\u00e4chenbr\u00e4nden und Naturbr\u00e4nden. \u00dcber die Pandora&#8217;s Box 230 ist die Maschine stufenlos von 0 bis 100 % regelbar. Sie kann auch vertikal eingesetzt werden, um realistische Rauchschichten zu erzeugen. Zusammen mit der beispiellosen Leistung der Stratus macht dies die Maschine zur vielseitigsten Nebelmaschine f\u00fcr gro\u00dfe Szenarien.<\/p>\r\n<h4>Musterpaket Nebelfl\u00fcssigkeiten<\/h4>\r\n<p>Um das Ganze abzurunden, erhalten Sie ein Probenpaket Rauchfl\u00fcssigkeit mit dem Simulationsset. Es enth\u00e4lt die 4 Rauchfl\u00fcssigkeiten \u201eBrandschutz\u00fcbung&#8221;, \u201eUniversal&#8221;, \u201eIntensiv&#8221; und \u201eExtrem&#8221;. Damit k\u00f6nnen Sie immer das passendste Rauchbild erzeugen.<\/p>\r\n<p>Weitere Informationen zu den Produkten im Set? Klicken Sie auf die folgenden Links:<\/p>\r\n<ul>\r\n<li><a href=\"https:\/\/fireware.nl\/de\/product\/die-buechse-der-pandora-230\/\" target=\"_blank\" rel=\"noopener\">Pandora&#8217;s Box 230<\/a><\/li>\r\n<li><a href=\"https:\/\/fireware.nl\/de\/produkt\/nebelmaschine-stratus\/\" target=\"_blank\" rel=\"noopener\">Nebelmaschine Status<\/a><\/li>\r\n<li><a href=\"https:\/\/fireware.nl\/de\/product\/phoenix\/\" target=\"_blank\" rel=\"noopener\">Phoenix Silkflame<\/a><\/li>\r\n<li><a href=\"https:\/\/fireware.nl\/de\/product\/firespot-mk2\/\" target=\"_blank\" rel=\"noopener\">Firespot MK2<\/a><\/li>\r\n<li><a href=\"https:\/\/fireware.nl\/de\/product\/firespot-xxl\/\" target=\"_blank\" rel=\"noopener\">Firespot XXL<\/a><\/li>\r\n<li><a href=\"https:\/\/fireware.nl\/de\/product\/musterpaket-nebelflussigkeit\/\" target=\"_blank\" rel=\"noopener\">Musterpaket Nebelfl\u00fcssigkeit<\/a><\/li>\r\n<\/ul>\r\n<p><strong>Schauen Sie sich auch das <a href=\"https:\/\/fireware.nl\/de\/product\/buechse-der-pandora-230-medium-set\/\" target=\"_blank\" rel=\"noopener\">mittlere Set<\/a> oder das <a href=\"https:\/\/fireware.nl\/de\/product\/pandoras-230-kleines-set\/\" target=\"_blank\" rel=\"noopener\">kleine Set<\/a> an.<\/strong><\/p>\r\n<p><strong>Sind Sie neugierig auf unsere anderen Trainingssets? Dann klicken Sie <a href=\"https:\/\/fireware.nl\/de\/product-categorie\/uebungssaetze\/\" target=\"_blank\" rel=\"noopener\">hier<\/a>!<\/strong><\/p>\r\n<h2>Sehen Sie sich das Video an<\/h2>\r\n<p><iframe loading=\"lazy\" title=\"YouTube video player\" src=\"https:\/\/www.youtube.com\/embed\/ifPFcUg3-W0?si=s1E4wRRFTRInJYdh\" width=\"560\" height=\"315\" frameborder=\"0\" allowfullscreen=\"allowfullscreen\"><\/iframe><\/p>\r\n","protected":false},"excerpt":{"rendered":"<ul>\n<li>Alles in einer Vorteilsset f\u00fcr die Erstellung gro\u00dfer dynamischer Inszenierungen<\/li>\n<li>Perfekt f\u00fcr das Simulieren von kleinen Thermal Runaways wie Fahrradakkus<\/li>\n<li>Vollst\u00e4ndig mit Ihrem eigenen Smartphone oder Tablet steuerbar<\/li>\n<li>Dieses Set enth\u00e4lt:\n<ul>\n<li><a href=\"https:\/\/fireware.nl\/de\/product\/die-buechse-der-pandora-230\/\" target=\"_blank\" rel=\"noopener\">Pandora&#8217;s Box 230<\/a><\/li>\n<li><a href=\"https:\/\/fireware.nl\/de\/produkt\/nebelmaschine-stratus\/\" target=\"_blank\" rel=\"noopener\">Nebelmaschine Status<\/a><\/li>\n<li><a href=\"https:\/\/fireware.nl\/de\/product\/phoenix\/\" target=\"_blank\" rel=\"noopener\">Phoenix Silkflame<\/a><\/li>\n<li><a href=\"https:\/\/fireware.nl\/de\/product\/firespot-mk2\/\" target=\"_blank\" rel=\"noopener\">Firespot MK2<\/a><\/li>\n<li><a href=\"https:\/\/fireware.nl\/de\/product\/firespot-xxl\/\" target=\"_blank\" rel=\"noopener\">Firespot XXL<\/a><\/li>\n<li><a href=\"https:\/\/fireware.nl\/de\/product\/musterpaket-nebelflussigkeit\/\" target=\"_blank\" rel=\"noopener\">Musterpaket Nebelfl\u00fcssigkeit<\/a><\/li>\n<\/ul>\n<\/li>\n<\/ul>\n<div class=\"w-full text-token-text-primary\" dir=\"auto\" data-testid=\"conversation-turn-7\">\n<div class=\"px-4 py-2 justify-center text-base md:gap-6 m-auto\">\n<div class=\"flex flex-1 text-base mx-auto gap-3 juice:gap-4 juice:md:gap-6 md:px-5 lg:px-1 xl:px-5 md:max-w-3xl lg:max-w-[40rem] xl:max-w-[48rem]\">\n<div class=\"relative flex w-full flex-col agent-turn\">\n<div class=\"flex-col gap-1 md:gap-3\">\n<div class=\"flex flex-grow flex-col max-w-full\">\n<div class=\"min-h-[20px] text-message flex flex-col items-start gap-3 whitespace-pre-wrap break-words [.text-message+&amp;]:mt-5 overflow-x-auto\" dir=\"auto\" data-message-author-role=\"assistant\" data-message-id=\"81b4f5a1-83c7-42ed-b5b9-453f90380a56\">\n<div class=\"markdown prose w-full break-words dark:prose-invert dark\">\n<div class=\"w-full text-token-text-primary\" dir=\"auto\" data-testid=\"conversation-turn-7\">\n<div class=\"px-4 py-2 justify-center text-base md:gap-6 m-auto\">\n<div class=\"flex flex-1 text-base mx-auto gap-3 juice:gap-4 juice:md:gap-6 md:px-5 lg:px-1 xl:px-5 md:max-w-3xl lg:max-w-[40rem] xl:max-w-[48rem]\">\n<div class=\"relative flex w-full flex-col agent-turn\">\n<div class=\"flex-col gap-1 md:gap-3\">\n<div class=\"flex flex-grow flex-col max-w-full\">\n<div class=\"min-h-[20px] text-message flex flex-col items-start gap-3 whitespace-pre-wrap break-words [.text-message+&amp;]:mt-5 overflow-x-auto\" dir=\"auto\" data-message-author-role=\"assistant\" data-message-id=\"81b4f5a1-83c7-42ed-b5b9-453f90380a56\">\n<div class=\"markdown prose w-full break-words dark:prose-invert dark\">\u00a0<\/div>\n<\/div>\n<\/div>\n<\/div>\n<\/div>\n<\/div>\n<\/div>\n<\/div>\n<\/div>\n<\/div>\n<\/div>\n<\/div>\n<\/div>\n<\/div>\n<\/div>\n<\/div>\n","protected":false},"featured_media":94562,"template":"","meta":[],"product_brand":[],"product_cat":[3686],"product_tag":[],"class_list":{"0":"post-94540","1":"product","2":"type-product","3":"status-publish","4":"has-post-thumbnail","6":"product_cat-uebungssaetze","8":"first","9":"instock","10":"taxable","11":"shipping-taxable","12":"purchasable","13":"product-type-simple"},"yoast_head":"<!-- This site is optimized with the Yoast SEO plugin v27.5 - https:\/\/yoast.com\/product\/yoast-seo-wordpress\/ -->\n<title>Simulationsset Gro\u00df einschlie\u00dflich Thermal Runaway - FireWare<\/title>\n<meta name=\"robots\" content=\"index, follow, max-snippet:-1, max-image-preview:large, max-video-preview:-1\" \/>\n<link rel=\"canonical\" href=\"https:\/\/fireware.nl\/de\/product\/buechse-der-pandora-230-grosses-set\/\" \/>\n<meta property=\"og:locale\" content=\"de_DE\" \/>\n<meta property=\"og:type\" content=\"article\" \/>\n<meta property=\"og:title\" content=\"Simulationsset Gro\u00df einschlie\u00dflich Thermal Runaway - FireWare\" \/>\n<meta property=\"og:description\" content=\"Alles in einer Vorteilsset f\u00fcr die Erstellung gro\u00dfer dynamischer Inszenierungen Perfekt f\u00fcr das Simulieren von kleinen Thermal Runaways wie Fahrradakkus Vollst\u00e4ndig mit Ihrem eigenen Smartphone oder Tablet steuerbar Dieses Set enth\u00e4lt:  Pandora&#039;s Box 230 Nebelmaschine Status Phoenix Silkflame Firespot MK2 Firespot XXL Musterpaket Nebelfl\u00fcssigkeit                   \u00a0\" \/>\n<meta property=\"og:url\" content=\"https:\/\/fireware.nl\/de\/product\/buechse-der-pandora-230-grosses-set\/\" \/>\n<meta property=\"og:site_name\" content=\"FireWare\" \/>\n<meta property=\"article:publisher\" content=\"https:\/\/www.facebook.com\/FireWareBV\/\" \/>\n<meta property=\"article:modified_time\" content=\"2026-01-23T14:38:58+00:00\" \/>\n<meta property=\"og:image\" content=\"https:\/\/fireware.nl\/wp-content\/uploads\/2024\/04\/040-030-049_Pandora_230_Large_set_001.jpg\" \/>\n\t<meta property=\"og:image:width\" content=\"600\" \/>\n\t<meta property=\"og:image:height\" content=\"600\" \/>\n\t<meta property=\"og:image:type\" content=\"image\/jpeg\" \/>\n<meta name=\"twitter:card\" content=\"summary_large_image\" \/>\n<meta name=\"twitter:site\" content=\"@FireWarebv\" \/>\n<meta name=\"twitter:label1\" content=\"Gesch\u00e4tzte Lesezeit\" \/>\n\t<meta name=\"twitter:data1\" content=\"5\u00a0Minuten\" \/>\n<script type=\"application\/ld+json\" class=\"yoast-schema-graph\">{\"@context\":\"https:\\\/\\\/schema.org\",\"@graph\":[{\"@type\":\"WebPage\",\"@id\":\"https:\\\/\\\/fireware.nl\\\/de\\\/product\\\/buechse-der-pandora-230-grosses-set\\\/\",\"url\":\"https:\\\/\\\/fireware.nl\\\/de\\\/product\\\/buechse-der-pandora-230-grosses-set\\\/\",\"name\":\"Simulationsset Gro\u00df einschlie\u00dflich Thermal Runaway - FireWare\",\"isPartOf\":{\"@id\":\"https:\\\/\\\/fireware.nl\\\/de\\\/#website\"},\"primaryImageOfPage\":{\"@id\":\"https:\\\/\\\/fireware.nl\\\/de\\\/product\\\/buechse-der-pandora-230-grosses-set\\\/#primaryimage\"},\"image\":{\"@id\":\"https:\\\/\\\/fireware.nl\\\/de\\\/product\\\/buechse-der-pandora-230-grosses-set\\\/#primaryimage\"},\"thumbnailUrl\":\"https:\\\/\\\/fireware.nl\\\/wp-content\\\/uploads\\\/2024\\\/04\\\/040-030-049_Pandora_230_Large_set_001.jpg\",\"datePublished\":\"2024-04-22T07:37:05+00:00\",\"dateModified\":\"2026-01-23T14:38:58+00:00\",\"breadcrumb\":{\"@id\":\"https:\\\/\\\/fireware.nl\\\/de\\\/product\\\/buechse-der-pandora-230-grosses-set\\\/#breadcrumb\"},\"inLanguage\":\"de\",\"potentialAction\":[{\"@type\":\"ReadAction\",\"target\":[\"https:\\\/\\\/fireware.nl\\\/de\\\/product\\\/buechse-der-pandora-230-grosses-set\\\/\"]}]},{\"@type\":\"ImageObject\",\"inLanguage\":\"de\",\"@id\":\"https:\\\/\\\/fireware.nl\\\/de\\\/product\\\/buechse-der-pandora-230-grosses-set\\\/#primaryimage\",\"url\":\"https:\\\/\\\/fireware.nl\\\/wp-content\\\/uploads\\\/2024\\\/04\\\/040-030-049_Pandora_230_Large_set_001.jpg\",\"contentUrl\":\"https:\\\/\\\/fireware.nl\\\/wp-content\\\/uploads\\\/2024\\\/04\\\/040-030-049_Pandora_230_Large_set_001.jpg\",\"width\":600,\"height\":600},{\"@type\":\"BreadcrumbList\",\"@id\":\"https:\\\/\\\/fireware.nl\\\/de\\\/product\\\/buechse-der-pandora-230-grosses-set\\\/#breadcrumb\",\"itemListElement\":[{\"@type\":\"ListItem\",\"position\":1,\"name\":\"Home\",\"item\":\"https:\\\/\\\/fireware.nl\\\/de\\\/\"},{\"@type\":\"ListItem\",\"position\":2,\"name\":\"Produkte\",\"item\":\"https:\\\/\\\/fireware.nl\\\/de\\\/produkte\\\/\"},{\"@type\":\"ListItem\",\"position\":3,\"name\":\"Simulationsset Gro\u00df einschlie\u00dflich Thermal Runaway\"}]},{\"@type\":\"WebSite\",\"@id\":\"https:\\\/\\\/fireware.nl\\\/de\\\/#website\",\"url\":\"https:\\\/\\\/fireware.nl\\\/de\\\/\",\"name\":\"FireWare\",\"description\":\"CREATING REALISTIC  TRAINING ENVIRONMENTS\",\"publisher\":{\"@id\":\"https:\\\/\\\/fireware.nl\\\/de\\\/#organization\"},\"potentialAction\":[{\"@type\":\"SearchAction\",\"target\":{\"@type\":\"EntryPoint\",\"urlTemplate\":\"https:\\\/\\\/fireware.nl\\\/de\\\/?s={search_term_string}\"},\"query-input\":{\"@type\":\"PropertyValueSpecification\",\"valueRequired\":true,\"valueName\":\"search_term_string\"}}],\"inLanguage\":\"de\"},{\"@type\":\"Organization\",\"@id\":\"https:\\\/\\\/fireware.nl\\\/de\\\/#organization\",\"name\":\"FireWare\",\"url\":\"https:\\\/\\\/fireware.nl\\\/de\\\/\",\"logo\":{\"@type\":\"ImageObject\",\"inLanguage\":\"de\",\"@id\":\"https:\\\/\\\/fireware.nl\\\/de\\\/#\\\/schema\\\/logo\\\/image\\\/\",\"url\":\"https:\\\/\\\/fireware.nl\\\/wp-content\\\/uploads\\\/2018\\\/10\\\/FireWare-logo.jpg\",\"contentUrl\":\"https:\\\/\\\/fireware.nl\\\/wp-content\\\/uploads\\\/2018\\\/10\\\/FireWare-logo.jpg\",\"width\":171,\"height\":70,\"caption\":\"FireWare\"},\"image\":{\"@id\":\"https:\\\/\\\/fireware.nl\\\/de\\\/#\\\/schema\\\/logo\\\/image\\\/\"},\"sameAs\":[\"https:\\\/\\\/www.facebook.com\\\/FireWareBV\\\/\",\"https:\\\/\\\/x.com\\\/FireWarebv\",\"https:\\\/\\\/www.instagram.com\\\/fireware_nl\\\/\",\"https:\\\/\\\/www.linkedin.com\\\/company\\\/3586017\\\/\",\"https:\\\/\\\/www.youtube.com\\\/user\\\/firesalesrentconsult\"]}]}<\/script>\n<!-- \/ Yoast SEO plugin. -->","yoast_head_json":{"title":"Simulationsset Gro\u00df einschlie\u00dflich Thermal Runaway - FireWare","robots":{"index":"index","follow":"follow","max-snippet":"max-snippet:-1","max-image-preview":"max-image-preview:large","max-video-preview":"max-video-preview:-1"},"canonical":"https:\/\/fireware.nl\/de\/product\/buechse-der-pandora-230-grosses-set\/","og_locale":"de_DE","og_type":"article","og_title":"Simulationsset Gro\u00df einschlie\u00dflich Thermal Runaway - FireWare","og_description":"Alles in einer Vorteilsset f\u00fcr die Erstellung gro\u00dfer dynamischer Inszenierungen Perfekt f\u00fcr das Simulieren von kleinen Thermal Runaways wie Fahrradakkus Vollst\u00e4ndig mit Ihrem eigenen Smartphone oder Tablet steuerbar Dieses Set enth\u00e4lt:  Pandora's Box 230 Nebelmaschine Status Phoenix Silkflame Firespot MK2 Firespot XXL Musterpaket Nebelfl\u00fcssigkeit                   \u00a0","og_url":"https:\/\/fireware.nl\/de\/product\/buechse-der-pandora-230-grosses-set\/","og_site_name":"FireWare","article_publisher":"https:\/\/www.facebook.com\/FireWareBV\/","article_modified_time":"2026-01-23T14:38:58+00:00","og_image":[{"width":600,"height":600,"url":"https:\/\/fireware.nl\/wp-content\/uploads\/2024\/04\/040-030-049_Pandora_230_Large_set_001.jpg","type":"image\/jpeg"}],"twitter_card":"summary_large_image","twitter_site":"@FireWarebv","twitter_misc":{"Gesch\u00e4tzte Lesezeit":"5\u00a0Minuten"},"schema":{"@context":"https:\/\/schema.org","@graph":[{"@type":"WebPage","@id":"https:\/\/fireware.nl\/de\/product\/buechse-der-pandora-230-grosses-set\/","url":"https:\/\/fireware.nl\/de\/product\/buechse-der-pandora-230-grosses-set\/","name":"Simulationsset Gro\u00df einschlie\u00dflich Thermal Runaway - FireWare","isPartOf":{"@id":"https:\/\/fireware.nl\/de\/#website"},"primaryImageOfPage":{"@id":"https:\/\/fireware.nl\/de\/product\/buechse-der-pandora-230-grosses-set\/#primaryimage"},"image":{"@id":"https:\/\/fireware.nl\/de\/product\/buechse-der-pandora-230-grosses-set\/#primaryimage"},"thumbnailUrl":"https:\/\/fireware.nl\/wp-content\/uploads\/2024\/04\/040-030-049_Pandora_230_Large_set_001.jpg","datePublished":"2024-04-22T07:37:05+00:00","dateModified":"2026-01-23T14:38:58+00:00","breadcrumb":{"@id":"https:\/\/fireware.nl\/de\/product\/buechse-der-pandora-230-grosses-set\/#breadcrumb"},"inLanguage":"de","potentialAction":[{"@type":"ReadAction","target":["https:\/\/fireware.nl\/de\/product\/buechse-der-pandora-230-grosses-set\/"]}]},{"@type":"ImageObject","inLanguage":"de","@id":"https:\/\/fireware.nl\/de\/product\/buechse-der-pandora-230-grosses-set\/#primaryimage","url":"https:\/\/fireware.nl\/wp-content\/uploads\/2024\/04\/040-030-049_Pandora_230_Large_set_001.jpg","contentUrl":"https:\/\/fireware.nl\/wp-content\/uploads\/2024\/04\/040-030-049_Pandora_230_Large_set_001.jpg","width":600,"height":600},{"@type":"BreadcrumbList","@id":"https:\/\/fireware.nl\/de\/product\/buechse-der-pandora-230-grosses-set\/#breadcrumb","itemListElement":[{"@type":"ListItem","position":1,"name":"Home","item":"https:\/\/fireware.nl\/de\/"},{"@type":"ListItem","position":2,"name":"Produkte","item":"https:\/\/fireware.nl\/de\/produkte\/"},{"@type":"ListItem","position":3,"name":"Simulationsset Gro\u00df einschlie\u00dflich Thermal Runaway"}]},{"@type":"WebSite","@id":"https:\/\/fireware.nl\/de\/#website","url":"https:\/\/fireware.nl\/de\/","name":"FireWare","description":"CREATING REALISTIC  TRAINING ENVIRONMENTS","publisher":{"@id":"https:\/\/fireware.nl\/de\/#organization"},"potentialAction":[{"@type":"SearchAction","target":{"@type":"EntryPoint","urlTemplate":"https:\/\/fireware.nl\/de\/?s={search_term_string}"},"query-input":{"@type":"PropertyValueSpecification","valueRequired":true,"valueName":"search_term_string"}}],"inLanguage":"de"},{"@type":"Organization","@id":"https:\/\/fireware.nl\/de\/#organization","name":"FireWare","url":"https:\/\/fireware.nl\/de\/","logo":{"@type":"ImageObject","inLanguage":"de","@id":"https:\/\/fireware.nl\/de\/#\/schema\/logo\/image\/","url":"https:\/\/fireware.nl\/wp-content\/uploads\/2018\/10\/FireWare-logo.jpg","contentUrl":"https:\/\/fireware.nl\/wp-content\/uploads\/2018\/10\/FireWare-logo.jpg","width":171,"height":70,"caption":"FireWare"},"image":{"@id":"https:\/\/fireware.nl\/de\/#\/schema\/logo\/image\/"},"sameAs":["https:\/\/www.facebook.com\/FireWareBV\/","https:\/\/x.com\/FireWarebv","https:\/\/www.instagram.com\/fireware_nl\/","https:\/\/www.linkedin.com\/company\/3586017\/","https:\/\/www.youtube.com\/user\/firesalesrentconsult"]}]}},"publishpress_future_workflow_manual_trigger":{"enabledWorkflows":[]},"_links":{"self":[{"href":"https:\/\/fireware.nl\/de\/wp-json\/wp\/v2\/product\/94540","targetHints":{"allow":["GET"]}}],"collection":[{"href":"https:\/\/fireware.nl\/de\/wp-json\/wp\/v2\/product"}],"about":[{"href":"https:\/\/fireware.nl\/de\/wp-json\/wp\/v2\/types\/product"}],"wp:featuredmedia":[{"embeddable":true,"href":"https:\/\/fireware.nl\/de\/wp-json\/wp\/v2\/media\/94562"}],"wp:attachment":[{"href":"https:\/\/fireware.nl\/de\/wp-json\/wp\/v2\/media?parent=94540"}],"wp:term":[{"taxonomy":"product_brand","embeddable":true,"href":"https:\/\/fireware.nl\/de\/wp-json\/wp\/v2\/product_brand?post=94540"},{"taxonomy":"product_cat","embeddable":true,"href":"https:\/\/fireware.nl\/de\/wp-json\/wp\/v2\/product_cat?post=94540"},{"taxonomy":"product_tag","embeddable":true,"href":"https:\/\/fireware.nl\/de\/wp-json\/wp\/v2\/product_tag?post=94540"}],"curies":[{"name":"wp","href":"https:\/\/api.w.org\/{rel}","templated":true}]}}