
{"id":94587,"date":"2024-04-22T10:07:10","date_gmt":"2024-04-22T10:07:10","guid":{"rendered":"https:\/\/fireware.nl\/product\/pandoras-230-kleines-set\/"},"modified":"2026-01-23T14:35:31","modified_gmt":"2026-01-23T14:35:31","slug":"pandoras-230-kleines-set","status":"publish","type":"product","link":"https:\/\/fireware.nl\/de\/product\/pandoras-230-kleines-set\/","title":{"rendered":"Simulationsset Klein einschlie\u00dflich Thermal Runaway"},"content":{"rendered":"\r\n<h2>Simulationen f\u00fcr alle Sinne<\/h2>\r\n<p>Mit dem Simulationsset Small k\u00f6nnen Sie dynamische Brandszenarien erstellen, die zuvor undenkbar waren. Erzeugen Sie realistische Flammeneffekte, integrieren Sie Ger\u00e4usche und steuern Sie alles \u00fcber Ihr eigenes Smartphone oder Laptop.<\/p>\r\n<h2>Eskalieren und Deeskalieren<\/h2>\r\n<p>Sie haben die volle Kontrolle \u00fcber das Szenario in Ihrer Hosentasche. Ihr eigenes Smartphone (oder Tablet) wird zur Fernbedienung, mit der Sie schnell in den Szenarienverlauf eingreifen k\u00f6nnen. Dauert der Einsatz zu lange, erweitern Sie das Feuer einfach. Ist der Einsatz effizient, verkleinern Sie den Brandherd. Eskalieren und deeskalieren war noch nie so einfach.<\/p>\r\n<h2>Drahtlose Steuerung<\/h2>\r\n<p>Die zentrale Steuereinheit des Simulationssets Small ist die Pandora&#8217;s Box 230. Diese erstellt ein Wi-Fi-Netzwerk, mit dem Sie sich einfach durch Scannen eines QR-Codes verbinden. Eine Weboberfl\u00e4che erscheint auf Ihrem Smartphone oder Tablet, mit der Sie alle Elemente Ihrer Inszenierung steuern k\u00f6nnen. Bis zu drei (Flammen-)Effekte, eine Nebelmaschine und Ger\u00e4usche erm\u00f6glichen Simulationen, die bisher nur Experten vorbehalten waren.<\/p>\r\n<h2>Thermal Runaways<\/h2>\r\n<p>Das Simulationsset Small ist ideal f\u00fcr die Inszenierung kleiner Thermal Runaways, wie z. B. brennende Fahrradakkus. Der FireSpot MK2 bietet einen speziellen Flammeneffekt, der das wiederholte Explodieren von Akkuzellen simuliert. Zus\u00e4tzlich bietet die Pandora&#8217;s Box 230 passende Ger\u00e4usche, bei denen Sie das Explodieren und Entl\u00fcften der Zellen h\u00f6ren. Kombinieren Sie diese Elemente in Ihrem Szenario, und das Training im Rahmen der Energiewende wird zum Kinderspiel.<\/p>\r\n<h2>Unbegrenzte M\u00f6glichkeiten<\/h2>\r\n<p>Neben Thermal Runaways k\u00f6nnen Sie mit dem Simulationsset Small nat\u00fcrlich noch viel mehr inszenieren. Ihrer Kreativit\u00e4t sind keine Grenzen gesetzt. Sie haben zwei Flammeneffekte zur Verf\u00fcgung: den FireSpot MK2 und die Mini Silkflame. Zusammen mit der Pandora&#8217;s Box 230 erm\u00f6glichen diese die Inszenierung kleiner, aber dynamischer Br\u00e4nde. Denken Sie z. B. an Br\u00e4nde in Innenr\u00e4umen, K\u00fcchenbr\u00e4nde oder Br\u00e4nde in technischen Anlagen. Dank der zwei unabh\u00e4ngig steuerbaren Flammeneffekte k\u00f6nnen Sie die Gr\u00f6\u00dfe des Brandes jederzeit anpassen.<\/p>\r\n<h4>Pandora&#8217;s Box 230<\/h4>\r\n<p>Die Pandora&#8217;s Box 230 ist das Herzst\u00fcck dieses Sets. Diese magische Box steuert Ihre gesamte Inszenierung. Sie k\u00f6nnen bis zu drei (Flammen-)Effekte anschlie\u00dfen und auch Ihre Nebelmaschine verbinden. Die zwei mitgelieferten externen Lautsprecher sorgen f\u00fcr den gew\u00fcnschten Klang an der richtigen Stelle. Durch Scannen des QR-Codes verbinden Sie sich mit dem Wi-Fi-Netzwerk der Pandora&#8217;s Box und erhalten Zugriff auf die Weboberfl\u00e4che. Hier k\u00f6nnen Sie alle Komponenten Ihrer Inszenierung individuell steuern. Dies bietet unvergleichliche M\u00f6glichkeiten, da Sie alle Komponenten w\u00e4hrend der \u00dcbung ein- und ausschalten oder anpassen k\u00f6nnen. Sie k\u00f6nnen sogar einen Apollo LED-Feuerl\u00f6scher (nicht enthalten) f\u00fcr eine interaktive L\u00f6schung anschlie\u00dfen!<\/p>\r\n<h4>Soundeffekte<\/h4>\r\n<p>Eine gute Inszenierung spricht so viele Sinne wie m\u00f6glich an. Es geht nicht nur um das, was man sieht, sondern um das, was man erlebt. Daher ist der Einsatz von Ger\u00e4uschen ein Muss. Mit der Pandora&#8217;s Box 230 haben Sie Zugriff auf eine Bibliothek mit \u00fcber 30 Ger\u00e4uschen, die von Brandger\u00e4uschen bis hin zu Hilferufen und herausfordernden Umgebungsger\u00e4uschen reichen. Sie k\u00f6nnen sogar bis zu sechs Ger\u00e4usche gleichzeitig abspielen!<\/p>\r\n<h4>FireSpot MK2<\/h4>\r\n<p>Dieser aktualisierte FireSpot verf\u00fcgt \u00fcber acht integrierte Simulationsprogramme, mit denen Sie immer den passenden Flammeneffekt erzeugen k\u00f6nnen. Richten Sie die Spots von hinten auf eine Rauchwolke, und Sie sehen die realistischsten Flammen im Rauch. Eines der Programme simuliert einen Thermal Runaway und repliziert das Explodieren von Akkuzellen. Das spezielle Linsensystem und die zweifarbigen LEDs sorgen f\u00fcr eine realistische Lichtverteilung. Der PowerCON-Anschluss erm\u00f6glicht eine wasserdichte Verl\u00e4ngerung und den direkten Anschluss an die Pandora&#8217;s Box 230. Mit dem mitgelieferten Schuko-Adapter funktioniert er jedoch auch eigenst\u00e4ndig.<\/p>\r\n<h4>Mini Silkflame<\/h4>\r\n<p>Auf das Seidenflammentuch der Mini Silkflame wird Licht projiziert, was sie ideal f\u00fcr die Simulation kleiner Br\u00e4nde macht, insbesondere dort, wo kein Rauch gew\u00fcnscht ist. In Kombination mit Rauch erzeugt die Silkflame jedoch ebenfalls eine beeindruckende Wirkung. Versuchen Sie, sie ohne Tuch zu verwenden! Das Licht scheint durch den Rauch, der vom L\u00fcfter nach oben geleitet wird, und erzeugt einen nat\u00fcrlichen Flammeneffekt. Durch die Kombination einer Silkflame mit einem FireSpot k\u00f6nnen dynamische Brandherde erzeugt werden, die gr\u00f6\u00dfer und kleiner werden.<\/p>\r\n<h4>Nimbo Nebelmaschine<\/h4>\r\n<p>Die Nimbo ist das Arbeitstier jeder Inszenierung. Klein und leistungsstark erzeugt sie die perfekte Menge Rauch f\u00fcr kleine Br\u00e4nde. Der Rauchaussto\u00df muss zum Flammenbild passen, weshalb die Nimbo die ideale Wahl f\u00fcr jeden Brandherd in einem Geb\u00e4ude ist.<\/p>\r\n<h4>Musterpaket Nebelfl\u00fcssigkeiten<\/h4>\r\n<p>Um das Ganze abzurunden, erhalten Sie ein Probenpaket Rauchfl\u00fcssigkeit mit dem Simulationsset. Es enth\u00e4lt die 4 Rauchfl\u00fcssigkeiten \u201eBrandschutz\u00fcbung&#8221;, \u201eUniversal&#8221;, \u201eIntensiv&#8221; und \u201eExtrem&#8221;. Damit k\u00f6nnen Sie immer das passendste Rauchbild erzeugen.<\/p>\r\n<p>Weitere Informationen zu den Produkten im Set? Klicken Sie auf die folgenden Links:<\/p>\r\n<ul>\r\n<li><a href=\"https:\/\/fireware.nl\/de\/product\/die-buechse-der-pandora-230\/\" target=\"_blank\" rel=\"noopener\">Pandora&#8217;s Box 230<\/a><\/li>\r\n<li><a href=\"https:\/\/fireware.nl\/de\/product\/firespot-mk2\/\" target=\"_blank\" rel=\"noopener\">FireSpot MK2<\/a><\/li>\r\n<li><a href=\"https:\/\/fireware.nl\/de\/product\/mini-silkflame\/\" target=\"_blank\" rel=\"noopener\">Mini Silkflame<\/a><\/li>\r\n<li><a href=\"https:\/\/fireware.nl\/de\/produkt\/nebelmaschine-nimbo\/\" target=\"_blank\" rel=\"noopener\">Nimbo Nebelmaschine<\/a><\/li>\r\n<li><a href=\"https:\/\/fireware.nl\/de\/product\/musterpaket-nebelflussigkeit\/\" target=\"_blank\" rel=\"noopener\">Musterpaket Nebelfl\u00fcssigkeiten<\/a><\/li>\r\n<\/ul>\r\n<p><strong>Interessiert an gr\u00f6\u00dferen Sets? Werfen Sie einen Blick auf das <a href=\"https:\/\/fireware.nl\/de\/product\/buechse-der-pandora-230-medium-set\/\" target=\"_blank\" rel=\"noopener\">Simulationsset Mittel<\/a> oder das <a href=\"https:\/\/fireware.nl\/de\/product\/buechse-der-pandora-230-grosses-set\/\" target=\"_blank\" rel=\"noopener\">Simulationsset Gro\u00df<\/a>\u00a0f\u00fcr umfangreichere Inszenierungen.<\/strong><\/p>\r\n<p><strong>Neugierig auf all unsere Trainingssets? Klicken Sie <a href=\"https:\/\/fireware.nl\/de\/product-categorie\/uebungssaetze\/\" target=\"_blank\" rel=\"noopener\">hier<\/a>!<\/strong><\/p>\r\n<h2>Sehen Sie sich das Video an<\/h2>\r\n<p><iframe loading=\"lazy\" title=\"YouTube video player\" src=\"https:\/\/www.youtube.com\/embed\/4nM_CUui_ys?si=0KztGYIVMg7eFlZU\" width=\"560\" height=\"315\" frameborder=\"0\" allowfullscreen=\"allowfullscreen\"><\/iframe><\/p>\r\n","protected":false},"excerpt":{"rendered":"<ul>\n<li>Alles-in-einem-Vorteilsset f\u00fcr kleine, dynamische Inszenierungen<\/li>\n<li>Perfekt zur Simulation kleiner Thermal Runaways wie Fahrradakkus Vollst\u00e4ndig steuerbar mit Ihrem eigenen Smartphone oder Tablet<\/li>\n<li>Dieses Set enth\u00e4lt:\n<ul>\n<li><a href=\"https:\/\/fireware.nl\/de\/product\/die-buechse-der-pandora-230\/\" target=\"_blank\" rel=\"noopener\">Pandora\u2019s Box 230<\/a><\/li>\n<li><a href=\"https:\/\/fireware.nl\/de\/product\/firespot-mk2\/\" target=\"_blank\" rel=\"noopener\">FireSpot MK2<\/a><\/li>\n<li><a href=\"https:\/\/fireware.nl\/de\/product\/mini-silkflame\/\" target=\"_blank\" rel=\"noopener\">Mini Silkflame<\/a><\/li>\n<li><a href=\"https:\/\/fireware.nl\/de\/produkt\/nebelmaschine-nimbo\/\" target=\"_blank\" rel=\"noopener\">Nimbo Nebelmaschine<\/a><\/li>\n<li><a href=\"https:\/\/fireware.nl\/de\/product\/musterpaket-nebelflussigkeit\/\" target=\"_blank\" rel=\"noopener\">Musterpaket Nebelfl\u00fcssigkeiten<\/a><\/li>\n<\/ul>\n<\/li>\n<li style=\"list-style-type: none;\">\u00a0<\/li>\n<\/ul>\n","protected":false},"featured_media":94578,"template":"","meta":[],"product_brand":[],"product_cat":[3686],"product_tag":[],"class_list":{"0":"post-94587","1":"product","2":"type-product","3":"status-publish","4":"has-post-thumbnail","6":"product_cat-uebungssaetze","8":"first","9":"instock","10":"taxable","11":"shipping-taxable","12":"purchasable","13":"product-type-simple"},"yoast_head":"<!-- This site is optimized with the Yoast SEO plugin v27.5 - https:\/\/yoast.com\/product\/yoast-seo-wordpress\/ -->\n<title>Simulationsset Klein einschlie\u00dflich Thermal Runaway - FireWare<\/title>\n<meta name=\"robots\" content=\"index, follow, max-snippet:-1, max-image-preview:large, max-video-preview:-1\" \/>\n<link rel=\"canonical\" href=\"https:\/\/fireware.nl\/de\/product\/pandoras-230-kleines-set\/\" \/>\n<meta property=\"og:locale\" content=\"de_DE\" \/>\n<meta property=\"og:type\" content=\"article\" \/>\n<meta property=\"og:title\" content=\"Simulationsset Klein einschlie\u00dflich Thermal Runaway - FireWare\" \/>\n<meta property=\"og:description\" content=\"Alles-in-einem-Vorteilsset f\u00fcr kleine, dynamische Inszenierungen Perfekt zur Simulation kleiner Thermal Runaways wie Fahrradakkus Vollst\u00e4ndig steuerbar mit Ihrem eigenen Smartphone oder Tablet Dieses Set enth\u00e4lt:  Pandora\u2019s Box 230 FireSpot MK2 Mini Silkflame Nimbo Nebelmaschine Musterpaket Nebelfl\u00fcssigkeiten   \u00a0\" \/>\n<meta property=\"og:url\" content=\"https:\/\/fireware.nl\/de\/product\/pandoras-230-kleines-set\/\" \/>\n<meta property=\"og:site_name\" content=\"FireWare\" \/>\n<meta property=\"article:publisher\" content=\"https:\/\/www.facebook.com\/FireWareBV\/\" \/>\n<meta property=\"article:modified_time\" content=\"2026-01-23T14:35:31+00:00\" \/>\n<meta property=\"og:image\" content=\"https:\/\/fireware.nl\/wp-content\/uploads\/2024\/04\/040-030-047_Pandora_230_Small_set-.jpg\" \/>\n\t<meta property=\"og:image:width\" content=\"600\" \/>\n\t<meta property=\"og:image:height\" content=\"600\" \/>\n\t<meta property=\"og:image:type\" content=\"image\/jpeg\" \/>\n<meta name=\"twitter:card\" content=\"summary_large_image\" \/>\n<meta name=\"twitter:site\" content=\"@FireWarebv\" \/>\n<meta name=\"twitter:label1\" content=\"Gesch\u00e4tzte Lesezeit\" \/>\n\t<meta name=\"twitter:data1\" content=\"4\u00a0Minuten\" \/>\n<script type=\"application\/ld+json\" class=\"yoast-schema-graph\">{\"@context\":\"https:\\\/\\\/schema.org\",\"@graph\":[{\"@type\":\"WebPage\",\"@id\":\"https:\\\/\\\/fireware.nl\\\/de\\\/product\\\/pandoras-230-kleines-set\\\/\",\"url\":\"https:\\\/\\\/fireware.nl\\\/de\\\/product\\\/pandoras-230-kleines-set\\\/\",\"name\":\"Simulationsset Klein einschlie\u00dflich Thermal Runaway - FireWare\",\"isPartOf\":{\"@id\":\"https:\\\/\\\/fireware.nl\\\/de\\\/#website\"},\"primaryImageOfPage\":{\"@id\":\"https:\\\/\\\/fireware.nl\\\/de\\\/product\\\/pandoras-230-kleines-set\\\/#primaryimage\"},\"image\":{\"@id\":\"https:\\\/\\\/fireware.nl\\\/de\\\/product\\\/pandoras-230-kleines-set\\\/#primaryimage\"},\"thumbnailUrl\":\"https:\\\/\\\/fireware.nl\\\/wp-content\\\/uploads\\\/2024\\\/04\\\/040-030-047_Pandora_230_Small_set-.jpg\",\"datePublished\":\"2024-04-22T10:07:10+00:00\",\"dateModified\":\"2026-01-23T14:35:31+00:00\",\"breadcrumb\":{\"@id\":\"https:\\\/\\\/fireware.nl\\\/de\\\/product\\\/pandoras-230-kleines-set\\\/#breadcrumb\"},\"inLanguage\":\"de\",\"potentialAction\":[{\"@type\":\"ReadAction\",\"target\":[\"https:\\\/\\\/fireware.nl\\\/de\\\/product\\\/pandoras-230-kleines-set\\\/\"]}]},{\"@type\":\"ImageObject\",\"inLanguage\":\"de\",\"@id\":\"https:\\\/\\\/fireware.nl\\\/de\\\/product\\\/pandoras-230-kleines-set\\\/#primaryimage\",\"url\":\"https:\\\/\\\/fireware.nl\\\/wp-content\\\/uploads\\\/2024\\\/04\\\/040-030-047_Pandora_230_Small_set-.jpg\",\"contentUrl\":\"https:\\\/\\\/fireware.nl\\\/wp-content\\\/uploads\\\/2024\\\/04\\\/040-030-047_Pandora_230_Small_set-.jpg\",\"width\":600,\"height\":600},{\"@type\":\"BreadcrumbList\",\"@id\":\"https:\\\/\\\/fireware.nl\\\/de\\\/product\\\/pandoras-230-kleines-set\\\/#breadcrumb\",\"itemListElement\":[{\"@type\":\"ListItem\",\"position\":1,\"name\":\"Home\",\"item\":\"https:\\\/\\\/fireware.nl\\\/de\\\/\"},{\"@type\":\"ListItem\",\"position\":2,\"name\":\"Produkte\",\"item\":\"https:\\\/\\\/fireware.nl\\\/de\\\/produkte\\\/\"},{\"@type\":\"ListItem\",\"position\":3,\"name\":\"Simulationsset Klein einschlie\u00dflich Thermal Runaway\"}]},{\"@type\":\"WebSite\",\"@id\":\"https:\\\/\\\/fireware.nl\\\/de\\\/#website\",\"url\":\"https:\\\/\\\/fireware.nl\\\/de\\\/\",\"name\":\"FireWare\",\"description\":\"CREATING REALISTIC  TRAINING ENVIRONMENTS\",\"publisher\":{\"@id\":\"https:\\\/\\\/fireware.nl\\\/de\\\/#organization\"},\"potentialAction\":[{\"@type\":\"SearchAction\",\"target\":{\"@type\":\"EntryPoint\",\"urlTemplate\":\"https:\\\/\\\/fireware.nl\\\/de\\\/?s={search_term_string}\"},\"query-input\":{\"@type\":\"PropertyValueSpecification\",\"valueRequired\":true,\"valueName\":\"search_term_string\"}}],\"inLanguage\":\"de\"},{\"@type\":\"Organization\",\"@id\":\"https:\\\/\\\/fireware.nl\\\/de\\\/#organization\",\"name\":\"FireWare\",\"url\":\"https:\\\/\\\/fireware.nl\\\/de\\\/\",\"logo\":{\"@type\":\"ImageObject\",\"inLanguage\":\"de\",\"@id\":\"https:\\\/\\\/fireware.nl\\\/de\\\/#\\\/schema\\\/logo\\\/image\\\/\",\"url\":\"https:\\\/\\\/fireware.nl\\\/wp-content\\\/uploads\\\/2018\\\/10\\\/FireWare-logo.jpg\",\"contentUrl\":\"https:\\\/\\\/fireware.nl\\\/wp-content\\\/uploads\\\/2018\\\/10\\\/FireWare-logo.jpg\",\"width\":171,\"height\":70,\"caption\":\"FireWare\"},\"image\":{\"@id\":\"https:\\\/\\\/fireware.nl\\\/de\\\/#\\\/schema\\\/logo\\\/image\\\/\"},\"sameAs\":[\"https:\\\/\\\/www.facebook.com\\\/FireWareBV\\\/\",\"https:\\\/\\\/x.com\\\/FireWarebv\",\"https:\\\/\\\/www.instagram.com\\\/fireware_nl\\\/\",\"https:\\\/\\\/www.linkedin.com\\\/company\\\/3586017\\\/\",\"https:\\\/\\\/www.youtube.com\\\/user\\\/firesalesrentconsult\"]}]}<\/script>\n<!-- \/ Yoast SEO plugin. -->","yoast_head_json":{"title":"Simulationsset Klein einschlie\u00dflich Thermal Runaway - FireWare","robots":{"index":"index","follow":"follow","max-snippet":"max-snippet:-1","max-image-preview":"max-image-preview:large","max-video-preview":"max-video-preview:-1"},"canonical":"https:\/\/fireware.nl\/de\/product\/pandoras-230-kleines-set\/","og_locale":"de_DE","og_type":"article","og_title":"Simulationsset Klein einschlie\u00dflich Thermal Runaway - FireWare","og_description":"Alles-in-einem-Vorteilsset f\u00fcr kleine, dynamische Inszenierungen Perfekt zur Simulation kleiner Thermal Runaways wie Fahrradakkus Vollst\u00e4ndig steuerbar mit Ihrem eigenen Smartphone oder Tablet Dieses Set enth\u00e4lt:  Pandora\u2019s Box 230 FireSpot MK2 Mini Silkflame Nimbo Nebelmaschine Musterpaket Nebelfl\u00fcssigkeiten   \u00a0","og_url":"https:\/\/fireware.nl\/de\/product\/pandoras-230-kleines-set\/","og_site_name":"FireWare","article_publisher":"https:\/\/www.facebook.com\/FireWareBV\/","article_modified_time":"2026-01-23T14:35:31+00:00","og_image":[{"width":600,"height":600,"url":"https:\/\/fireware.nl\/wp-content\/uploads\/2024\/04\/040-030-047_Pandora_230_Small_set-.jpg","type":"image\/jpeg"}],"twitter_card":"summary_large_image","twitter_site":"@FireWarebv","twitter_misc":{"Gesch\u00e4tzte Lesezeit":"4\u00a0Minuten"},"schema":{"@context":"https:\/\/schema.org","@graph":[{"@type":"WebPage","@id":"https:\/\/fireware.nl\/de\/product\/pandoras-230-kleines-set\/","url":"https:\/\/fireware.nl\/de\/product\/pandoras-230-kleines-set\/","name":"Simulationsset Klein einschlie\u00dflich Thermal Runaway - FireWare","isPartOf":{"@id":"https:\/\/fireware.nl\/de\/#website"},"primaryImageOfPage":{"@id":"https:\/\/fireware.nl\/de\/product\/pandoras-230-kleines-set\/#primaryimage"},"image":{"@id":"https:\/\/fireware.nl\/de\/product\/pandoras-230-kleines-set\/#primaryimage"},"thumbnailUrl":"https:\/\/fireware.nl\/wp-content\/uploads\/2024\/04\/040-030-047_Pandora_230_Small_set-.jpg","datePublished":"2024-04-22T10:07:10+00:00","dateModified":"2026-01-23T14:35:31+00:00","breadcrumb":{"@id":"https:\/\/fireware.nl\/de\/product\/pandoras-230-kleines-set\/#breadcrumb"},"inLanguage":"de","potentialAction":[{"@type":"ReadAction","target":["https:\/\/fireware.nl\/de\/product\/pandoras-230-kleines-set\/"]}]},{"@type":"ImageObject","inLanguage":"de","@id":"https:\/\/fireware.nl\/de\/product\/pandoras-230-kleines-set\/#primaryimage","url":"https:\/\/fireware.nl\/wp-content\/uploads\/2024\/04\/040-030-047_Pandora_230_Small_set-.jpg","contentUrl":"https:\/\/fireware.nl\/wp-content\/uploads\/2024\/04\/040-030-047_Pandora_230_Small_set-.jpg","width":600,"height":600},{"@type":"BreadcrumbList","@id":"https:\/\/fireware.nl\/de\/product\/pandoras-230-kleines-set\/#breadcrumb","itemListElement":[{"@type":"ListItem","position":1,"name":"Home","item":"https:\/\/fireware.nl\/de\/"},{"@type":"ListItem","position":2,"name":"Produkte","item":"https:\/\/fireware.nl\/de\/produkte\/"},{"@type":"ListItem","position":3,"name":"Simulationsset Klein einschlie\u00dflich Thermal Runaway"}]},{"@type":"WebSite","@id":"https:\/\/fireware.nl\/de\/#website","url":"https:\/\/fireware.nl\/de\/","name":"FireWare","description":"CREATING REALISTIC  TRAINING ENVIRONMENTS","publisher":{"@id":"https:\/\/fireware.nl\/de\/#organization"},"potentialAction":[{"@type":"SearchAction","target":{"@type":"EntryPoint","urlTemplate":"https:\/\/fireware.nl\/de\/?s={search_term_string}"},"query-input":{"@type":"PropertyValueSpecification","valueRequired":true,"valueName":"search_term_string"}}],"inLanguage":"de"},{"@type":"Organization","@id":"https:\/\/fireware.nl\/de\/#organization","name":"FireWare","url":"https:\/\/fireware.nl\/de\/","logo":{"@type":"ImageObject","inLanguage":"de","@id":"https:\/\/fireware.nl\/de\/#\/schema\/logo\/image\/","url":"https:\/\/fireware.nl\/wp-content\/uploads\/2018\/10\/FireWare-logo.jpg","contentUrl":"https:\/\/fireware.nl\/wp-content\/uploads\/2018\/10\/FireWare-logo.jpg","width":171,"height":70,"caption":"FireWare"},"image":{"@id":"https:\/\/fireware.nl\/de\/#\/schema\/logo\/image\/"},"sameAs":["https:\/\/www.facebook.com\/FireWareBV\/","https:\/\/x.com\/FireWarebv","https:\/\/www.instagram.com\/fireware_nl\/","https:\/\/www.linkedin.com\/company\/3586017\/","https:\/\/www.youtube.com\/user\/firesalesrentconsult"]}]}},"publishpress_future_workflow_manual_trigger":{"enabledWorkflows":[]},"_links":{"self":[{"href":"https:\/\/fireware.nl\/de\/wp-json\/wp\/v2\/product\/94587","targetHints":{"allow":["GET"]}}],"collection":[{"href":"https:\/\/fireware.nl\/de\/wp-json\/wp\/v2\/product"}],"about":[{"href":"https:\/\/fireware.nl\/de\/wp-json\/wp\/v2\/types\/product"}],"wp:featuredmedia":[{"embeddable":true,"href":"https:\/\/fireware.nl\/de\/wp-json\/wp\/v2\/media\/94578"}],"wp:attachment":[{"href":"https:\/\/fireware.nl\/de\/wp-json\/wp\/v2\/media?parent=94587"}],"wp:term":[{"taxonomy":"product_brand","embeddable":true,"href":"https:\/\/fireware.nl\/de\/wp-json\/wp\/v2\/product_brand?post=94587"},{"taxonomy":"product_cat","embeddable":true,"href":"https:\/\/fireware.nl\/de\/wp-json\/wp\/v2\/product_cat?post=94587"},{"taxonomy":"product_tag","embeddable":true,"href":"https:\/\/fireware.nl\/de\/wp-json\/wp\/v2\/product_tag?post=94587"}],"curies":[{"name":"wp","href":"https:\/\/api.w.org\/{rel}","templated":true}]}}