
{"id":94611,"date":"2024-04-22T10:12:17","date_gmt":"2024-04-22T10:13:25","guid":{"rendered":"https:\/\/fireware.nl\/product\/neptune-feuerloescherset-co2-flach\/"},"modified":"2024-04-23T08:17:05","modified_gmt":"2024-04-23T08:17:05","slug":"neptune-feuerloescherset-co2-flach","status":"publish","type":"product","link":"https:\/\/fireware.nl\/de\/product\/neptune-feuerloescherset-co2-flach\/","title":{"rendered":"Neptun Err\u00f6ten Set"},"content":{"rendered":"<h2>Bereichern Sie Ihr Sortiment mit dem Neptune Blus Set!<\/h2>\n<p>Erleichtern Sie sich Ihre \u00dcbungen mit dem kompletten Neptune Blus Set! \u00dcbungssets sind nicht nur Sammlungen von Produkten, sie sind Ihr Werkzeugkasten, um \u00dcbungen noch realistischer und effizienter einzusetzen!<\/p>\n<p>Durch die Kombination der richtigen Auswahl an \u00dcbungsmaterialien bietet das Neptune Blus Set eine breite Palette an M\u00f6glichkeiten f\u00fcr Ihre Trainingseinheiten.<\/p>\n<p>Sind Sie neugierig, was die einzelnen Produkte in diesem Set zu bieten haben?<br \/>\nDann klicken Sie auf die folgenden Links:<\/p>\n<ul>\n<li><a href=\"https:\/\/fireware.nl\/de\/product\/neptune-befuellungssystem\/\" target=\"_blank\" rel=\"noopener\">Neptun F\u00fcllsystem<\/a><\/li>\n<li><a href=\"https:\/\/fireware.nl\/de\/product\/kompressor-fuer-neptune\/\" target=\"_blank\" rel=\"noopener\">Kompressor f\u00fcr Neptune 15 Bar<\/a><\/li>\n<li><a href=\"https:\/\/fireware.nl\/de\/product\/uebungsschaum\/\" target=\"_blank\" rel=\"noopener\">\u00dcbungsschaum 5 Liter<\/a><\/li>\n<li>W\u00e4hlen Sie aus:\n<ul>\n<li><a href=\"https:\/\/fireware.nl\/de\/product\/neptune-co2-uebungsloescher-mit-druckgriff-6-l-flache-duse\/\" target=\"_blank\" rel=\"noopener\">1x Neptune \u00dcbungsfeuerl\u00f6scher CO2 6 Liter Flachschlauch<\/a><\/li>\n<li><a href=\"https:\/\/fireware.nl\/de\/product\/neptune-co2-uebungsloescher-mit-druckgriff-6-l-runde-duse\/\" target=\"_blank\" rel=\"noopener\">1x Neptune \u00dcbungsfeuerl\u00f6scher CO2 6 Liter Rundkanister<\/a><\/li>\n<\/ul>\n<\/li>\n<\/ul>\n<p>Sind Sie neugierig auf unsere anderen Trainingssets? Dann klicken Sie <a href=\"https:\/\/fireware.nl\/de\/product-categorie\/uebungssaetze\/\" target=\"_blank\" rel=\"noopener\">hier<\/a>!<\/p>\n","protected":false},"excerpt":{"rendered":"<ul>\n<li>1x Neptun F\u00fcllsystem<\/li>\n<li>1x Kompressor f\u00fcr Neptune 15 Bar<\/li>\n<li>4x \u00dcbungsschaum 5 Liter<\/li>\n<li>W\u00e4hlen Sie aus:\n<ul>\n<li>1x Neptune \u00dcbungsfeuerl\u00f6scher CO2 6 Liter Flachschlauch<\/li>\n<li>1x Neptune \u00dcbungsfeuerl\u00f6scher CO2 6 Liter Rundkanister<\/li>\n<\/ul>\n<\/li>\n<\/ul>\n","protected":false},"featured_media":94764,"template":"","meta":[],"product_brand":[],"product_cat":[3686],"product_tag":[],"class_list":{"0":"post-94611","1":"product","2":"type-product","3":"status-publish","4":"has-post-thumbnail","6":"product_cat-uebungssaetze","7":"pa_soort-flache-duse","8":"pa_soort-runde-duse","10":"first","11":"instock","12":"taxable","13":"shipping-taxable","14":"purchasable","15":"product-type-variable"},"yoast_head":"<!-- This site is optimized with the Yoast SEO plugin v27.5 - https:\/\/yoast.com\/product\/yoast-seo-wordpress\/ -->\n<title>Neptun Err\u00f6ten Set - FireWare<\/title>\n<meta name=\"robots\" content=\"index, follow, max-snippet:-1, max-image-preview:large, max-video-preview:-1\" \/>\n<link rel=\"canonical\" href=\"https:\/\/fireware.nl\/de\/product\/neptune-feuerloescherset-co2-flach\/\" \/>\n<meta property=\"og:locale\" content=\"de_DE\" \/>\n<meta property=\"og:type\" content=\"article\" \/>\n<meta property=\"og:title\" content=\"Neptun Err\u00f6ten Set - FireWare\" \/>\n<meta property=\"og:description\" content=\"1x Neptun F\u00fcllsystem  1x Kompressor f\u00fcr Neptune 15 Bar  4x \u00dcbungsschaum 5 Liter  W\u00e4hlen Sie aus:   1x Neptune \u00dcbungsfeuerl\u00f6scher CO2 6 Liter Flachschlauch  1x Neptune \u00dcbungsfeuerl\u00f6scher CO2 6 Liter Rundkanister\" \/>\n<meta property=\"og:url\" content=\"https:\/\/fireware.nl\/de\/product\/neptune-feuerloescherset-co2-flach\/\" \/>\n<meta property=\"og:site_name\" content=\"FireWare\" \/>\n<meta property=\"article:publisher\" content=\"https:\/\/www.facebook.com\/FireWareBV\/\" \/>\n<meta property=\"article:modified_time\" content=\"2024-04-23T08:17:05+00:00\" \/>\n<meta property=\"og:image\" content=\"https:\/\/fireware.nl\/wp-content\/uploads\/2024\/04\/025-012-049_Neptune_Blusset_001.jpg\" \/>\n\t<meta property=\"og:image:width\" content=\"600\" \/>\n\t<meta property=\"og:image:height\" content=\"600\" \/>\n\t<meta property=\"og:image:type\" content=\"image\/jpeg\" \/>\n<meta name=\"twitter:card\" content=\"summary_large_image\" \/>\n<meta name=\"twitter:site\" content=\"@FireWarebv\" \/>\n<meta name=\"twitter:label1\" content=\"Gesch\u00e4tzte Lesezeit\" \/>\n\t<meta name=\"twitter:data1\" content=\"1\u00a0Minute\" \/>\n<script type=\"application\/ld+json\" class=\"yoast-schema-graph\">{\"@context\":\"https:\\\/\\\/schema.org\",\"@graph\":[{\"@type\":\"WebPage\",\"@id\":\"https:\\\/\\\/fireware.nl\\\/de\\\/product\\\/neptune-feuerloescherset-co2-flach\\\/\",\"url\":\"https:\\\/\\\/fireware.nl\\\/de\\\/product\\\/neptune-feuerloescherset-co2-flach\\\/\",\"name\":\"Neptun Err\u00f6ten Set - FireWare\",\"isPartOf\":{\"@id\":\"https:\\\/\\\/fireware.nl\\\/de\\\/#website\"},\"primaryImageOfPage\":{\"@id\":\"https:\\\/\\\/fireware.nl\\\/de\\\/product\\\/neptune-feuerloescherset-co2-flach\\\/#primaryimage\"},\"image\":{\"@id\":\"https:\\\/\\\/fireware.nl\\\/de\\\/product\\\/neptune-feuerloescherset-co2-flach\\\/#primaryimage\"},\"thumbnailUrl\":\"https:\\\/\\\/fireware.nl\\\/wp-content\\\/uploads\\\/2024\\\/04\\\/025-012-049_Neptune_Blusset_001.jpg\",\"datePublished\":\"2024-04-22T10:13:25+00:00\",\"dateModified\":\"2024-04-23T08:17:05+00:00\",\"breadcrumb\":{\"@id\":\"https:\\\/\\\/fireware.nl\\\/de\\\/product\\\/neptune-feuerloescherset-co2-flach\\\/#breadcrumb\"},\"inLanguage\":\"de\",\"potentialAction\":[{\"@type\":\"ReadAction\",\"target\":[\"https:\\\/\\\/fireware.nl\\\/de\\\/product\\\/neptune-feuerloescherset-co2-flach\\\/\"]}]},{\"@type\":\"ImageObject\",\"inLanguage\":\"de\",\"@id\":\"https:\\\/\\\/fireware.nl\\\/de\\\/product\\\/neptune-feuerloescherset-co2-flach\\\/#primaryimage\",\"url\":\"https:\\\/\\\/fireware.nl\\\/wp-content\\\/uploads\\\/2024\\\/04\\\/025-012-049_Neptune_Blusset_001.jpg\",\"contentUrl\":\"https:\\\/\\\/fireware.nl\\\/wp-content\\\/uploads\\\/2024\\\/04\\\/025-012-049_Neptune_Blusset_001.jpg\",\"width\":600,\"height\":600},{\"@type\":\"BreadcrumbList\",\"@id\":\"https:\\\/\\\/fireware.nl\\\/de\\\/product\\\/neptune-feuerloescherset-co2-flach\\\/#breadcrumb\",\"itemListElement\":[{\"@type\":\"ListItem\",\"position\":1,\"name\":\"Home\",\"item\":\"https:\\\/\\\/fireware.nl\\\/de\\\/\"},{\"@type\":\"ListItem\",\"position\":2,\"name\":\"Produkte\",\"item\":\"https:\\\/\\\/fireware.nl\\\/de\\\/produkte\\\/\"},{\"@type\":\"ListItem\",\"position\":3,\"name\":\"Neptun Err\u00f6ten Set\"}]},{\"@type\":\"WebSite\",\"@id\":\"https:\\\/\\\/fireware.nl\\\/de\\\/#website\",\"url\":\"https:\\\/\\\/fireware.nl\\\/de\\\/\",\"name\":\"FireWare\",\"description\":\"CREATING REALISTIC  TRAINING ENVIRONMENTS\",\"publisher\":{\"@id\":\"https:\\\/\\\/fireware.nl\\\/de\\\/#organization\"},\"potentialAction\":[{\"@type\":\"SearchAction\",\"target\":{\"@type\":\"EntryPoint\",\"urlTemplate\":\"https:\\\/\\\/fireware.nl\\\/de\\\/?s={search_term_string}\"},\"query-input\":{\"@type\":\"PropertyValueSpecification\",\"valueRequired\":true,\"valueName\":\"search_term_string\"}}],\"inLanguage\":\"de\"},{\"@type\":\"Organization\",\"@id\":\"https:\\\/\\\/fireware.nl\\\/de\\\/#organization\",\"name\":\"FireWare\",\"url\":\"https:\\\/\\\/fireware.nl\\\/de\\\/\",\"logo\":{\"@type\":\"ImageObject\",\"inLanguage\":\"de\",\"@id\":\"https:\\\/\\\/fireware.nl\\\/de\\\/#\\\/schema\\\/logo\\\/image\\\/\",\"url\":\"https:\\\/\\\/fireware.nl\\\/wp-content\\\/uploads\\\/2018\\\/10\\\/FireWare-logo.jpg\",\"contentUrl\":\"https:\\\/\\\/fireware.nl\\\/wp-content\\\/uploads\\\/2018\\\/10\\\/FireWare-logo.jpg\",\"width\":171,\"height\":70,\"caption\":\"FireWare\"},\"image\":{\"@id\":\"https:\\\/\\\/fireware.nl\\\/de\\\/#\\\/schema\\\/logo\\\/image\\\/\"},\"sameAs\":[\"https:\\\/\\\/www.facebook.com\\\/FireWareBV\\\/\",\"https:\\\/\\\/x.com\\\/FireWarebv\",\"https:\\\/\\\/www.instagram.com\\\/fireware_nl\\\/\",\"https:\\\/\\\/www.linkedin.com\\\/company\\\/3586017\\\/\",\"https:\\\/\\\/www.youtube.com\\\/user\\\/firesalesrentconsult\"]}]}<\/script>\n<!-- \/ Yoast SEO plugin. -->","yoast_head_json":{"title":"Neptun Err\u00f6ten Set - FireWare","robots":{"index":"index","follow":"follow","max-snippet":"max-snippet:-1","max-image-preview":"max-image-preview:large","max-video-preview":"max-video-preview:-1"},"canonical":"https:\/\/fireware.nl\/de\/product\/neptune-feuerloescherset-co2-flach\/","og_locale":"de_DE","og_type":"article","og_title":"Neptun Err\u00f6ten Set - FireWare","og_description":"1x Neptun F\u00fcllsystem  1x Kompressor f\u00fcr Neptune 15 Bar  4x \u00dcbungsschaum 5 Liter  W\u00e4hlen Sie aus:   1x Neptune \u00dcbungsfeuerl\u00f6scher CO2 6 Liter Flachschlauch  1x Neptune \u00dcbungsfeuerl\u00f6scher CO2 6 Liter Rundkanister","og_url":"https:\/\/fireware.nl\/de\/product\/neptune-feuerloescherset-co2-flach\/","og_site_name":"FireWare","article_publisher":"https:\/\/www.facebook.com\/FireWareBV\/","article_modified_time":"2024-04-23T08:17:05+00:00","og_image":[{"width":600,"height":600,"url":"https:\/\/fireware.nl\/wp-content\/uploads\/2024\/04\/025-012-049_Neptune_Blusset_001.jpg","type":"image\/jpeg"}],"twitter_card":"summary_large_image","twitter_site":"@FireWarebv","twitter_misc":{"Gesch\u00e4tzte Lesezeit":"1\u00a0Minute"},"schema":{"@context":"https:\/\/schema.org","@graph":[{"@type":"WebPage","@id":"https:\/\/fireware.nl\/de\/product\/neptune-feuerloescherset-co2-flach\/","url":"https:\/\/fireware.nl\/de\/product\/neptune-feuerloescherset-co2-flach\/","name":"Neptun Err\u00f6ten Set - FireWare","isPartOf":{"@id":"https:\/\/fireware.nl\/de\/#website"},"primaryImageOfPage":{"@id":"https:\/\/fireware.nl\/de\/product\/neptune-feuerloescherset-co2-flach\/#primaryimage"},"image":{"@id":"https:\/\/fireware.nl\/de\/product\/neptune-feuerloescherset-co2-flach\/#primaryimage"},"thumbnailUrl":"https:\/\/fireware.nl\/wp-content\/uploads\/2024\/04\/025-012-049_Neptune_Blusset_001.jpg","datePublished":"2024-04-22T10:13:25+00:00","dateModified":"2024-04-23T08:17:05+00:00","breadcrumb":{"@id":"https:\/\/fireware.nl\/de\/product\/neptune-feuerloescherset-co2-flach\/#breadcrumb"},"inLanguage":"de","potentialAction":[{"@type":"ReadAction","target":["https:\/\/fireware.nl\/de\/product\/neptune-feuerloescherset-co2-flach\/"]}]},{"@type":"ImageObject","inLanguage":"de","@id":"https:\/\/fireware.nl\/de\/product\/neptune-feuerloescherset-co2-flach\/#primaryimage","url":"https:\/\/fireware.nl\/wp-content\/uploads\/2024\/04\/025-012-049_Neptune_Blusset_001.jpg","contentUrl":"https:\/\/fireware.nl\/wp-content\/uploads\/2024\/04\/025-012-049_Neptune_Blusset_001.jpg","width":600,"height":600},{"@type":"BreadcrumbList","@id":"https:\/\/fireware.nl\/de\/product\/neptune-feuerloescherset-co2-flach\/#breadcrumb","itemListElement":[{"@type":"ListItem","position":1,"name":"Home","item":"https:\/\/fireware.nl\/de\/"},{"@type":"ListItem","position":2,"name":"Produkte","item":"https:\/\/fireware.nl\/de\/produkte\/"},{"@type":"ListItem","position":3,"name":"Neptun Err\u00f6ten Set"}]},{"@type":"WebSite","@id":"https:\/\/fireware.nl\/de\/#website","url":"https:\/\/fireware.nl\/de\/","name":"FireWare","description":"CREATING REALISTIC  TRAINING ENVIRONMENTS","publisher":{"@id":"https:\/\/fireware.nl\/de\/#organization"},"potentialAction":[{"@type":"SearchAction","target":{"@type":"EntryPoint","urlTemplate":"https:\/\/fireware.nl\/de\/?s={search_term_string}"},"query-input":{"@type":"PropertyValueSpecification","valueRequired":true,"valueName":"search_term_string"}}],"inLanguage":"de"},{"@type":"Organization","@id":"https:\/\/fireware.nl\/de\/#organization","name":"FireWare","url":"https:\/\/fireware.nl\/de\/","logo":{"@type":"ImageObject","inLanguage":"de","@id":"https:\/\/fireware.nl\/de\/#\/schema\/logo\/image\/","url":"https:\/\/fireware.nl\/wp-content\/uploads\/2018\/10\/FireWare-logo.jpg","contentUrl":"https:\/\/fireware.nl\/wp-content\/uploads\/2018\/10\/FireWare-logo.jpg","width":171,"height":70,"caption":"FireWare"},"image":{"@id":"https:\/\/fireware.nl\/de\/#\/schema\/logo\/image\/"},"sameAs":["https:\/\/www.facebook.com\/FireWareBV\/","https:\/\/x.com\/FireWarebv","https:\/\/www.instagram.com\/fireware_nl\/","https:\/\/www.linkedin.com\/company\/3586017\/","https:\/\/www.youtube.com\/user\/firesalesrentconsult"]}]}},"publishpress_future_workflow_manual_trigger":{"enabledWorkflows":[]},"_links":{"self":[{"href":"https:\/\/fireware.nl\/de\/wp-json\/wp\/v2\/product\/94611","targetHints":{"allow":["GET"]}}],"collection":[{"href":"https:\/\/fireware.nl\/de\/wp-json\/wp\/v2\/product"}],"about":[{"href":"https:\/\/fireware.nl\/de\/wp-json\/wp\/v2\/types\/product"}],"wp:featuredmedia":[{"embeddable":true,"href":"https:\/\/fireware.nl\/de\/wp-json\/wp\/v2\/media\/94764"}],"wp:attachment":[{"href":"https:\/\/fireware.nl\/de\/wp-json\/wp\/v2\/media?parent=94611"}],"wp:term":[{"taxonomy":"product_brand","embeddable":true,"href":"https:\/\/fireware.nl\/de\/wp-json\/wp\/v2\/product_brand?post=94611"},{"taxonomy":"product_cat","embeddable":true,"href":"https:\/\/fireware.nl\/de\/wp-json\/wp\/v2\/product_cat?post=94611"},{"taxonomy":"product_tag","embeddable":true,"href":"https:\/\/fireware.nl\/de\/wp-json\/wp\/v2\/product_tag?post=94611"}],"curies":[{"name":"wp","href":"https:\/\/api.w.org\/{rel}","templated":true}]}}