
{"id":94682,"date":"2024-04-22T10:24:22","date_gmt":"2024-04-22T10:27:48","guid":{"rendered":"https:\/\/fireware.nl\/product\/feuer-ohne-rauchsatz-gross-inkl-apollo-co2\/"},"modified":"2024-04-23T08:37:26","modified_gmt":"2024-04-23T08:37:26","slug":"feuer-ohne-rauchsatz-gross-inkl-apollo-co2","status":"publish","type":"product","link":"https:\/\/fireware.nl\/de\/product\/feuer-ohne-rauchsatz-gross\/","title":{"rendered":"Feuer ohne Rauchentwicklung Gro\u00df"},"content":{"rendered":"<h2>Bereichern Sie Ihren Herd mit dem Feuer-ohne-Rauch-Set Large!<\/h2>\n<p>Erleichtern Sie sich Ihre \u00dcbungen mit dem kompletten Feuer ohne Rauch Set Large! \u00dcbungssets sind nicht nur Sammlungen von Produkten, sie sind Ihr Werkzeugkasten, um \u00dcbungen noch realistischer und effizienter einzusetzen!<\/p>\n<p>Durch die Kombination der richtigen Auswahl an \u00dcbungsmaterialien bietet das FireWare Fire without Smoke Set Large eine breite Palette an M\u00f6glichkeiten f\u00fcr Ihre Trainingseinheiten.<\/p>\n<p>Sind Sie neugierig, was die einzelnen Produkte in diesem Set zu bieten haben?<br \/>\nDann klicken Sie auf die folgenden Links:<\/p>\n<ul>\n<li><a href=\"https:\/\/fireware.nl\/de\/product\/phoenix\/\" target=\"_blank\" rel=\"noopener\">Ph\u00f6nix Seidenflamme<\/a><\/li>\n<li><a href=\"https:\/\/fireware.nl\/de\/product\/ar-nebula-blindmaske\/\" target=\"_blank\" rel=\"noopener\">Nebula Elektronische Blindmaske Maxi-Set V2<\/a><\/li>\n<li><a href=\"https:\/\/fireware.nl\/de\/product\/burning-smell-spray\/\" target=\"_blank\" rel=\"noopener\">Brennendes Geruchsspray<\/a><\/li>\n<li>Die Apollo LED-\u00dcbungsfeuerl\u00f6scher:\n<ul>\n<li><a href=\"https:\/\/fireware.nl\/de\/product\/apollo-led-co2-uebungsloescher-2-l\/\" target=\"_blank\" rel=\"noopener\">Apollo LED-\u00dcbungsfeuerl\u00f6scher 2 Liter CO2<\/a><\/li>\n<li><a href=\"https:\/\/fireware.nl\/de\/product\/apollo-led-schaum-ubungsloscher-mit-druckgriff-6-l\/\" target=\"_blank\" rel=\"noopener\">Apollo LED Praxis Schauml\u00f6scher Squeeze Handle 6 L<\/a><\/li>\n<li><a href=\"https:\/\/fireware.nl\/de\/product\/apollo-led-schaum-ubungsloscher-mit-schlagtaster-6-l\/\" target=\"_blank\" rel=\"noopener\">Apollo LED-\u00dcbungsschaumfeuerl\u00f6scher Strike Button 6 L<\/a><\/li>\n<\/ul>\n<\/li>\n<\/ul>\n<p>Sehen Sie sich auch unsere <a href=\"https:\/\/fireware.nl\/de\/product\/feuer-ohne-rauchsatz-klein\/\" target=\"_blank\" rel=\"noopener\">kleine Version<\/a> des Sets Feuer ohne Rauch an.<\/p>\n<p>Sind Sie neugierig auf unsere anderen Trainingssets? Dann klicken Sie <a href=\"https:\/\/fireware.nl\/de\/product-categorie\/uebungssaetze\/\" target=\"_blank\" rel=\"noopener\">hier<\/a>!<\/p>\n","protected":false},"excerpt":{"rendered":"<ul>\n<li>1x Ph\u00f6nix Seidenflamme<\/li>\n<li>1x Nebula Elektronische Blindmaske Maxi-Set V2<\/li>\n<li>4x Brennendes Geruchsspray<\/li>\n<li>W\u00e4hlen Sie aus:\n<ul>\n<li>1x Apollo LED \u00dcbungsfeuerl\u00f6scher 2 Liter CO2<\/li>\n<li>1x Apollo LED Praxis-Schauml\u00f6scher Squeeze Handle 6 L<\/li>\n<li>1x Apollo LED \u00dcbungsschauml\u00f6scher Strike Button 6 L<\/li>\n<\/ul>\n<\/li>\n<li>Auch als <a href=\"https:\/\/fireware.nl\/product\/vuur-zonder-rook-set-klein\/\">kleines Set<\/a> erh\u00e4ltlich<\/li>\n<\/ul>\n","protected":false},"featured_media":94700,"template":"","meta":[],"product_brand":[],"product_cat":[3686],"product_tag":[],"class_list":{"0":"post-94682","1":"product","2":"type-product","3":"status-publish","4":"has-post-thumbnail","6":"product_cat-uebungssaetze","7":"pa_optie-einschliesslich-apollo-led-co2-uebungsloescher-2","8":"pa_optie-einschliesslich-apollo-led-schaum-ubungsloscher-mit-druckgriff-6-l","9":"pa_optie-einschliesslich-apollo-led-schaum-ubungsloscher-mit-schlagtaster-6-l","11":"first","12":"instock","13":"taxable","14":"shipping-taxable","15":"purchasable","16":"product-type-variable"},"yoast_head":"<!-- This site is optimized with the Yoast SEO plugin v27.5 - https:\/\/yoast.com\/product\/yoast-seo-wordpress\/ -->\n<title>Feuer ohne Rauchentwicklung Gro\u00df - FireWare<\/title>\n<meta name=\"robots\" content=\"index, follow, max-snippet:-1, max-image-preview:large, max-video-preview:-1\" \/>\n<link rel=\"canonical\" href=\"https:\/\/fireware.nl\/de\/product\/feuer-ohne-rauchsatz-gross\/\" \/>\n<meta property=\"og:locale\" content=\"de_DE\" \/>\n<meta property=\"og:type\" content=\"article\" \/>\n<meta property=\"og:title\" content=\"Feuer ohne Rauchentwicklung Gro\u00df - FireWare\" \/>\n<meta property=\"og:description\" content=\"1x Ph\u00f6nix Seidenflamme  1x Nebula Elektronische Blindmaske Maxi-Set V2  4x Brennendes Geruchsspray  W\u00e4hlen Sie aus:   1x Apollo LED \u00dcbungsfeuerl\u00f6scher 2 Liter CO2  1x Apollo LED Praxis-Schauml\u00f6scher Squeeze Handle 6 L  1x Apollo LED \u00dcbungsschauml\u00f6scher Strike Button 6 L    Auch als kleines Set erh\u00e4ltlich\" \/>\n<meta property=\"og:url\" content=\"https:\/\/fireware.nl\/de\/product\/feuer-ohne-rauchsatz-gross\/\" \/>\n<meta property=\"og:site_name\" content=\"FireWare\" \/>\n<meta property=\"article:publisher\" content=\"https:\/\/www.facebook.com\/FireWareBV\/\" \/>\n<meta property=\"article:modified_time\" content=\"2024-04-23T08:37:26+00:00\" \/>\n<meta property=\"og:image\" content=\"https:\/\/fireware.nl\/wp-content\/uploads\/2024\/04\/040-030-053_Fire_without_Smoke_set_Large_001-.jpg\" \/>\n\t<meta property=\"og:image:width\" content=\"600\" \/>\n\t<meta property=\"og:image:height\" content=\"600\" \/>\n\t<meta property=\"og:image:type\" content=\"image\/jpeg\" \/>\n<meta name=\"twitter:card\" content=\"summary_large_image\" \/>\n<meta name=\"twitter:site\" content=\"@FireWarebv\" \/>\n<meta name=\"twitter:label1\" content=\"Gesch\u00e4tzte Lesezeit\" \/>\n\t<meta name=\"twitter:data1\" content=\"1\u00a0Minute\" \/>\n<script type=\"application\/ld+json\" class=\"yoast-schema-graph\">{\"@context\":\"https:\\\/\\\/schema.org\",\"@graph\":[{\"@type\":\"WebPage\",\"@id\":\"https:\\\/\\\/fireware.nl\\\/de\\\/product\\\/feuer-ohne-rauchsatz-gross\\\/\",\"url\":\"https:\\\/\\\/fireware.nl\\\/de\\\/product\\\/feuer-ohne-rauchsatz-gross\\\/\",\"name\":\"Feuer ohne Rauchentwicklung Gro\u00df - FireWare\",\"isPartOf\":{\"@id\":\"https:\\\/\\\/fireware.nl\\\/de\\\/#website\"},\"primaryImageOfPage\":{\"@id\":\"https:\\\/\\\/fireware.nl\\\/de\\\/product\\\/feuer-ohne-rauchsatz-gross\\\/#primaryimage\"},\"image\":{\"@id\":\"https:\\\/\\\/fireware.nl\\\/de\\\/product\\\/feuer-ohne-rauchsatz-gross\\\/#primaryimage\"},\"thumbnailUrl\":\"https:\\\/\\\/fireware.nl\\\/wp-content\\\/uploads\\\/2024\\\/04\\\/040-030-053_Fire_without_Smoke_set_Large_001-.jpg\",\"datePublished\":\"2024-04-22T10:27:48+00:00\",\"dateModified\":\"2024-04-23T08:37:26+00:00\",\"breadcrumb\":{\"@id\":\"https:\\\/\\\/fireware.nl\\\/de\\\/product\\\/feuer-ohne-rauchsatz-gross\\\/#breadcrumb\"},\"inLanguage\":\"de\",\"potentialAction\":[{\"@type\":\"ReadAction\",\"target\":[\"https:\\\/\\\/fireware.nl\\\/de\\\/product\\\/feuer-ohne-rauchsatz-gross\\\/\"]}]},{\"@type\":\"ImageObject\",\"inLanguage\":\"de\",\"@id\":\"https:\\\/\\\/fireware.nl\\\/de\\\/product\\\/feuer-ohne-rauchsatz-gross\\\/#primaryimage\",\"url\":\"https:\\\/\\\/fireware.nl\\\/wp-content\\\/uploads\\\/2024\\\/04\\\/040-030-053_Fire_without_Smoke_set_Large_001-.jpg\",\"contentUrl\":\"https:\\\/\\\/fireware.nl\\\/wp-content\\\/uploads\\\/2024\\\/04\\\/040-030-053_Fire_without_Smoke_set_Large_001-.jpg\",\"width\":600,\"height\":600},{\"@type\":\"BreadcrumbList\",\"@id\":\"https:\\\/\\\/fireware.nl\\\/de\\\/product\\\/feuer-ohne-rauchsatz-gross\\\/#breadcrumb\",\"itemListElement\":[{\"@type\":\"ListItem\",\"position\":1,\"name\":\"Home\",\"item\":\"https:\\\/\\\/fireware.nl\\\/de\\\/\"},{\"@type\":\"ListItem\",\"position\":2,\"name\":\"Produkte\",\"item\":\"https:\\\/\\\/fireware.nl\\\/de\\\/produkte\\\/\"},{\"@type\":\"ListItem\",\"position\":3,\"name\":\"Feuer ohne Rauchentwicklung Gro\u00df\"}]},{\"@type\":\"WebSite\",\"@id\":\"https:\\\/\\\/fireware.nl\\\/de\\\/#website\",\"url\":\"https:\\\/\\\/fireware.nl\\\/de\\\/\",\"name\":\"FireWare\",\"description\":\"CREATING REALISTIC  TRAINING ENVIRONMENTS\",\"publisher\":{\"@id\":\"https:\\\/\\\/fireware.nl\\\/de\\\/#organization\"},\"potentialAction\":[{\"@type\":\"SearchAction\",\"target\":{\"@type\":\"EntryPoint\",\"urlTemplate\":\"https:\\\/\\\/fireware.nl\\\/de\\\/?s={search_term_string}\"},\"query-input\":{\"@type\":\"PropertyValueSpecification\",\"valueRequired\":true,\"valueName\":\"search_term_string\"}}],\"inLanguage\":\"de\"},{\"@type\":\"Organization\",\"@id\":\"https:\\\/\\\/fireware.nl\\\/de\\\/#organization\",\"name\":\"FireWare\",\"url\":\"https:\\\/\\\/fireware.nl\\\/de\\\/\",\"logo\":{\"@type\":\"ImageObject\",\"inLanguage\":\"de\",\"@id\":\"https:\\\/\\\/fireware.nl\\\/de\\\/#\\\/schema\\\/logo\\\/image\\\/\",\"url\":\"https:\\\/\\\/fireware.nl\\\/wp-content\\\/uploads\\\/2018\\\/10\\\/FireWare-logo.jpg\",\"contentUrl\":\"https:\\\/\\\/fireware.nl\\\/wp-content\\\/uploads\\\/2018\\\/10\\\/FireWare-logo.jpg\",\"width\":171,\"height\":70,\"caption\":\"FireWare\"},\"image\":{\"@id\":\"https:\\\/\\\/fireware.nl\\\/de\\\/#\\\/schema\\\/logo\\\/image\\\/\"},\"sameAs\":[\"https:\\\/\\\/www.facebook.com\\\/FireWareBV\\\/\",\"https:\\\/\\\/x.com\\\/FireWarebv\",\"https:\\\/\\\/www.instagram.com\\\/fireware_nl\\\/\",\"https:\\\/\\\/www.linkedin.com\\\/company\\\/3586017\\\/\",\"https:\\\/\\\/www.youtube.com\\\/user\\\/firesalesrentconsult\"]}]}<\/script>\n<!-- \/ Yoast SEO plugin. -->","yoast_head_json":{"title":"Feuer ohne Rauchentwicklung Gro\u00df - FireWare","robots":{"index":"index","follow":"follow","max-snippet":"max-snippet:-1","max-image-preview":"max-image-preview:large","max-video-preview":"max-video-preview:-1"},"canonical":"https:\/\/fireware.nl\/de\/product\/feuer-ohne-rauchsatz-gross\/","og_locale":"de_DE","og_type":"article","og_title":"Feuer ohne Rauchentwicklung Gro\u00df - FireWare","og_description":"1x Ph\u00f6nix Seidenflamme  1x Nebula Elektronische Blindmaske Maxi-Set V2  4x Brennendes Geruchsspray  W\u00e4hlen Sie aus:   1x Apollo LED \u00dcbungsfeuerl\u00f6scher 2 Liter CO2  1x Apollo LED Praxis-Schauml\u00f6scher Squeeze Handle 6 L  1x Apollo LED \u00dcbungsschauml\u00f6scher Strike Button 6 L    Auch als kleines Set erh\u00e4ltlich","og_url":"https:\/\/fireware.nl\/de\/product\/feuer-ohne-rauchsatz-gross\/","og_site_name":"FireWare","article_publisher":"https:\/\/www.facebook.com\/FireWareBV\/","article_modified_time":"2024-04-23T08:37:26+00:00","og_image":[{"width":600,"height":600,"url":"https:\/\/fireware.nl\/wp-content\/uploads\/2024\/04\/040-030-053_Fire_without_Smoke_set_Large_001-.jpg","type":"image\/jpeg"}],"twitter_card":"summary_large_image","twitter_site":"@FireWarebv","twitter_misc":{"Gesch\u00e4tzte Lesezeit":"1\u00a0Minute"},"schema":{"@context":"https:\/\/schema.org","@graph":[{"@type":"WebPage","@id":"https:\/\/fireware.nl\/de\/product\/feuer-ohne-rauchsatz-gross\/","url":"https:\/\/fireware.nl\/de\/product\/feuer-ohne-rauchsatz-gross\/","name":"Feuer ohne Rauchentwicklung Gro\u00df - FireWare","isPartOf":{"@id":"https:\/\/fireware.nl\/de\/#website"},"primaryImageOfPage":{"@id":"https:\/\/fireware.nl\/de\/product\/feuer-ohne-rauchsatz-gross\/#primaryimage"},"image":{"@id":"https:\/\/fireware.nl\/de\/product\/feuer-ohne-rauchsatz-gross\/#primaryimage"},"thumbnailUrl":"https:\/\/fireware.nl\/wp-content\/uploads\/2024\/04\/040-030-053_Fire_without_Smoke_set_Large_001-.jpg","datePublished":"2024-04-22T10:27:48+00:00","dateModified":"2024-04-23T08:37:26+00:00","breadcrumb":{"@id":"https:\/\/fireware.nl\/de\/product\/feuer-ohne-rauchsatz-gross\/#breadcrumb"},"inLanguage":"de","potentialAction":[{"@type":"ReadAction","target":["https:\/\/fireware.nl\/de\/product\/feuer-ohne-rauchsatz-gross\/"]}]},{"@type":"ImageObject","inLanguage":"de","@id":"https:\/\/fireware.nl\/de\/product\/feuer-ohne-rauchsatz-gross\/#primaryimage","url":"https:\/\/fireware.nl\/wp-content\/uploads\/2024\/04\/040-030-053_Fire_without_Smoke_set_Large_001-.jpg","contentUrl":"https:\/\/fireware.nl\/wp-content\/uploads\/2024\/04\/040-030-053_Fire_without_Smoke_set_Large_001-.jpg","width":600,"height":600},{"@type":"BreadcrumbList","@id":"https:\/\/fireware.nl\/de\/product\/feuer-ohne-rauchsatz-gross\/#breadcrumb","itemListElement":[{"@type":"ListItem","position":1,"name":"Home","item":"https:\/\/fireware.nl\/de\/"},{"@type":"ListItem","position":2,"name":"Produkte","item":"https:\/\/fireware.nl\/de\/produkte\/"},{"@type":"ListItem","position":3,"name":"Feuer ohne Rauchentwicklung Gro\u00df"}]},{"@type":"WebSite","@id":"https:\/\/fireware.nl\/de\/#website","url":"https:\/\/fireware.nl\/de\/","name":"FireWare","description":"CREATING REALISTIC  TRAINING ENVIRONMENTS","publisher":{"@id":"https:\/\/fireware.nl\/de\/#organization"},"potentialAction":[{"@type":"SearchAction","target":{"@type":"EntryPoint","urlTemplate":"https:\/\/fireware.nl\/de\/?s={search_term_string}"},"query-input":{"@type":"PropertyValueSpecification","valueRequired":true,"valueName":"search_term_string"}}],"inLanguage":"de"},{"@type":"Organization","@id":"https:\/\/fireware.nl\/de\/#organization","name":"FireWare","url":"https:\/\/fireware.nl\/de\/","logo":{"@type":"ImageObject","inLanguage":"de","@id":"https:\/\/fireware.nl\/de\/#\/schema\/logo\/image\/","url":"https:\/\/fireware.nl\/wp-content\/uploads\/2018\/10\/FireWare-logo.jpg","contentUrl":"https:\/\/fireware.nl\/wp-content\/uploads\/2018\/10\/FireWare-logo.jpg","width":171,"height":70,"caption":"FireWare"},"image":{"@id":"https:\/\/fireware.nl\/de\/#\/schema\/logo\/image\/"},"sameAs":["https:\/\/www.facebook.com\/FireWareBV\/","https:\/\/x.com\/FireWarebv","https:\/\/www.instagram.com\/fireware_nl\/","https:\/\/www.linkedin.com\/company\/3586017\/","https:\/\/www.youtube.com\/user\/firesalesrentconsult"]}]}},"publishpress_future_workflow_manual_trigger":{"enabledWorkflows":[]},"_links":{"self":[{"href":"https:\/\/fireware.nl\/de\/wp-json\/wp\/v2\/product\/94682","targetHints":{"allow":["GET"]}}],"collection":[{"href":"https:\/\/fireware.nl\/de\/wp-json\/wp\/v2\/product"}],"about":[{"href":"https:\/\/fireware.nl\/de\/wp-json\/wp\/v2\/types\/product"}],"wp:featuredmedia":[{"embeddable":true,"href":"https:\/\/fireware.nl\/de\/wp-json\/wp\/v2\/media\/94700"}],"wp:attachment":[{"href":"https:\/\/fireware.nl\/de\/wp-json\/wp\/v2\/media?parent=94682"}],"wp:term":[{"taxonomy":"product_brand","embeddable":true,"href":"https:\/\/fireware.nl\/de\/wp-json\/wp\/v2\/product_brand?post=94682"},{"taxonomy":"product_cat","embeddable":true,"href":"https:\/\/fireware.nl\/de\/wp-json\/wp\/v2\/product_cat?post=94682"},{"taxonomy":"product_tag","embeddable":true,"href":"https:\/\/fireware.nl\/de\/wp-json\/wp\/v2\/product_tag?post=94682"}],"curies":[{"name":"wp","href":"https:\/\/api.w.org\/{rel}","templated":true}]}}