
{"id":99318,"date":"2024-08-13T10:13:57","date_gmt":"2024-08-13T11:50:16","guid":{"rendered":"https:\/\/fireware.nl\/?post_type=product&#038;p=99318"},"modified":"2025-05-21T14:58:02","modified_gmt":"2025-05-21T14:58:02","slug":"ruth-lee-erhaengungspuppe","status":"publish","type":"product","link":"https:\/\/fireware.nl\/de\/product\/ruth-lee-erhaengungspuppe\/","title":{"rendered":"Ruth Lee Erh\u00e4ngungspuppe"},"content":{"rendered":"<h2>Ruth Lee \u00dcbungspuppen<\/h2>\n<p>Ruth Lee \u00dcbungspuppen sind f\u00fcr realistische und effektive Trainings konzipiert. Diese \u00dcbungspuppen sind bekannt f\u00fcr ihre Haltbarkeit und Vielseitigkeit und eignen sich ideal f\u00fcr das Training von Feuerwehr, Erste-Hilfe-Teams, Rettungsdiensten und anderen Einsatzkr\u00e4ften. Mit Ruth Lee \u00dcbungspuppen k\u00f6nnen realistische Szenarien simuliert werden, sodass Einsatzkr\u00e4fte besser auf echte Notf\u00e4lle vorbereitet sind. Das Sortiment umfasst <a href=\"https:\/\/fireware.nl\/de\/produkt-kategorie\/uebungspuppen\/\" target=\"_blank\" rel=\"noopener\">\u00dcbungspuppen<\/a> f\u00fcr verschiedene Trainings und in unterschiedlichen Gr\u00f6\u00dfen und Gewichten.<\/p>\n<h2>Ruth Lee Erh\u00e4ngungspuppe<\/h2>\n<p>Leider ist Selbstmord durch Erh\u00e4ngen h\u00e4ufiger, als viele Menschen wissen. Diese \u00dcbungspuppe wurde entwickelt, um Fachleuten zu helfen, mit dieser Situation effektiv und einf\u00fchlsam umzugehen. Die Puppe hat anatomische Merkmale zum \u00dcben des Atemwegsmanagements, einschlie\u00dflich einer realistischen Simulation der Knie und einem speziellen D-Ring zur Aufh\u00e4ngung ohne Besch\u00e4digung. Die Puppe ist 1,80 Meter lang, wiegt 25 kg und der Overall besteht aus flammhemmendem Material mit hoher Festigkeit und Strapazierf\u00e4higkeit.<\/p>\n","protected":false},"excerpt":{"rendered":"<ul>\n<li>Anatomische Merkmale wie Brustbein, Brustkorb und Atemwege.<\/li>\n<li>Realistische Kniegelenke f\u00fcr eine pr\u00e4zise Simulation.<\/li>\n<li>Geeignet f\u00fcr das Training bei unter anderem Feuerwehr, Polizei, Krankenh\u00e4usern, Gef\u00e4ngnissen und psychiatrischen Einrichtungen.<\/li>\n<li>Spezielles Material, das viermal st\u00e4rker ist als Canvas oder PVC.<\/li>\n<li>Flammhemmender Overall.<\/li>\n<li>180 cm, 25 kg.<\/li>\n<\/ul>\n","protected":false},"featured_media":99275,"template":"","meta":[],"product_brand":[],"product_cat":[210],"product_tag":[],"class_list":{"0":"post-99318","1":"product","2":"type-product","3":"status-publish","4":"has-post-thumbnail","6":"product_cat-uebungspuppen-technische-hilfeleistung","8":"first","9":"instock","10":"taxable","11":"shipping-taxable","12":"purchasable","13":"product-type-simple"},"yoast_head":"<!-- This site is optimized with the Yoast SEO plugin v27.5 - https:\/\/yoast.com\/product\/yoast-seo-wordpress\/ -->\n<title>Ruth Lee Erh\u00e4ngungspuppe - FireWare<\/title>\n<meta name=\"robots\" content=\"index, follow, max-snippet:-1, max-image-preview:large, max-video-preview:-1\" \/>\n<link rel=\"canonical\" href=\"https:\/\/fireware.nl\/de\/product\/ruth-lee-erhaengungspuppe\/\" \/>\n<meta property=\"og:locale\" content=\"de_DE\" \/>\n<meta property=\"og:type\" content=\"article\" \/>\n<meta property=\"og:title\" content=\"Ruth Lee Erh\u00e4ngungspuppe - FireWare\" \/>\n<meta property=\"og:description\" content=\"Anatomische Merkmale wie Brustbein, Brustkorb und Atemwege.  Realistische Kniegelenke f\u00fcr eine pr\u00e4zise Simulation.  Geeignet f\u00fcr das Training bei unter anderem Feuerwehr, Polizei, Krankenh\u00e4usern, Gef\u00e4ngnissen und psychiatrischen Einrichtungen.  Spezielles Material, das viermal st\u00e4rker ist als Canvas oder PVC.  Flammhemmender Overall.  180 cm, 25 kg.\" \/>\n<meta property=\"og:url\" content=\"https:\/\/fireware.nl\/de\/product\/ruth-lee-erhaengungspuppe\/\" \/>\n<meta property=\"og:site_name\" content=\"FireWare\" \/>\n<meta property=\"article:publisher\" content=\"https:\/\/www.facebook.com\/FireWareBV\/\" \/>\n<meta property=\"article:modified_time\" content=\"2025-05-21T14:58:02+00:00\" \/>\n<meta property=\"og:image\" content=\"https:\/\/fireware.nl\/wp-content\/uploads\/2024\/08\/017-043-148-25Kg_Ligature-Manikin-green-overall-Head-and-Feet-Front_web.jpg\" \/>\n\t<meta property=\"og:image:width\" content=\"600\" \/>\n\t<meta property=\"og:image:height\" content=\"600\" \/>\n\t<meta property=\"og:image:type\" content=\"image\/jpeg\" \/>\n<meta name=\"twitter:card\" content=\"summary_large_image\" \/>\n<meta name=\"twitter:site\" content=\"@FireWarebv\" \/>\n<meta name=\"twitter:label1\" content=\"Gesch\u00e4tzte Lesezeit\" \/>\n\t<meta name=\"twitter:data1\" content=\"1\u00a0Minute\" \/>\n<script type=\"application\/ld+json\" class=\"yoast-schema-graph\">{\"@context\":\"https:\\\/\\\/schema.org\",\"@graph\":[{\"@type\":\"WebPage\",\"@id\":\"https:\\\/\\\/fireware.nl\\\/de\\\/product\\\/ruth-lee-erhaengungspuppe\\\/\",\"url\":\"https:\\\/\\\/fireware.nl\\\/de\\\/product\\\/ruth-lee-erhaengungspuppe\\\/\",\"name\":\"Ruth Lee Erh\u00e4ngungspuppe - FireWare\",\"isPartOf\":{\"@id\":\"https:\\\/\\\/fireware.nl\\\/de\\\/#website\"},\"primaryImageOfPage\":{\"@id\":\"https:\\\/\\\/fireware.nl\\\/de\\\/product\\\/ruth-lee-erhaengungspuppe\\\/#primaryimage\"},\"image\":{\"@id\":\"https:\\\/\\\/fireware.nl\\\/de\\\/product\\\/ruth-lee-erhaengungspuppe\\\/#primaryimage\"},\"thumbnailUrl\":\"https:\\\/\\\/fireware.nl\\\/wp-content\\\/uploads\\\/2024\\\/08\\\/017-043-148-25Kg_Ligature-Manikin-green-overall-Head-and-Feet-Front_web.jpg\",\"datePublished\":\"2024-08-13T11:50:16+00:00\",\"dateModified\":\"2025-05-21T14:58:02+00:00\",\"breadcrumb\":{\"@id\":\"https:\\\/\\\/fireware.nl\\\/de\\\/product\\\/ruth-lee-erhaengungspuppe\\\/#breadcrumb\"},\"inLanguage\":\"de\",\"potentialAction\":[{\"@type\":\"ReadAction\",\"target\":[\"https:\\\/\\\/fireware.nl\\\/de\\\/product\\\/ruth-lee-erhaengungspuppe\\\/\"]}]},{\"@type\":\"ImageObject\",\"inLanguage\":\"de\",\"@id\":\"https:\\\/\\\/fireware.nl\\\/de\\\/product\\\/ruth-lee-erhaengungspuppe\\\/#primaryimage\",\"url\":\"https:\\\/\\\/fireware.nl\\\/wp-content\\\/uploads\\\/2024\\\/08\\\/017-043-148-25Kg_Ligature-Manikin-green-overall-Head-and-Feet-Front_web.jpg\",\"contentUrl\":\"https:\\\/\\\/fireware.nl\\\/wp-content\\\/uploads\\\/2024\\\/08\\\/017-043-148-25Kg_Ligature-Manikin-green-overall-Head-and-Feet-Front_web.jpg\",\"width\":600,\"height\":600},{\"@type\":\"BreadcrumbList\",\"@id\":\"https:\\\/\\\/fireware.nl\\\/de\\\/product\\\/ruth-lee-erhaengungspuppe\\\/#breadcrumb\",\"itemListElement\":[{\"@type\":\"ListItem\",\"position\":1,\"name\":\"Home\",\"item\":\"https:\\\/\\\/fireware.nl\\\/de\\\/\"},{\"@type\":\"ListItem\",\"position\":2,\"name\":\"Produkte\",\"item\":\"https:\\\/\\\/fireware.nl\\\/de\\\/produkte\\\/\"},{\"@type\":\"ListItem\",\"position\":3,\"name\":\"Ruth Lee Erh\u00e4ngungspuppe\"}]},{\"@type\":\"WebSite\",\"@id\":\"https:\\\/\\\/fireware.nl\\\/de\\\/#website\",\"url\":\"https:\\\/\\\/fireware.nl\\\/de\\\/\",\"name\":\"FireWare\",\"description\":\"CREATING REALISTIC  TRAINING ENVIRONMENTS\",\"publisher\":{\"@id\":\"https:\\\/\\\/fireware.nl\\\/de\\\/#organization\"},\"potentialAction\":[{\"@type\":\"SearchAction\",\"target\":{\"@type\":\"EntryPoint\",\"urlTemplate\":\"https:\\\/\\\/fireware.nl\\\/de\\\/?s={search_term_string}\"},\"query-input\":{\"@type\":\"PropertyValueSpecification\",\"valueRequired\":true,\"valueName\":\"search_term_string\"}}],\"inLanguage\":\"de\"},{\"@type\":\"Organization\",\"@id\":\"https:\\\/\\\/fireware.nl\\\/de\\\/#organization\",\"name\":\"FireWare\",\"url\":\"https:\\\/\\\/fireware.nl\\\/de\\\/\",\"logo\":{\"@type\":\"ImageObject\",\"inLanguage\":\"de\",\"@id\":\"https:\\\/\\\/fireware.nl\\\/de\\\/#\\\/schema\\\/logo\\\/image\\\/\",\"url\":\"https:\\\/\\\/fireware.nl\\\/wp-content\\\/uploads\\\/2018\\\/10\\\/FireWare-logo.jpg\",\"contentUrl\":\"https:\\\/\\\/fireware.nl\\\/wp-content\\\/uploads\\\/2018\\\/10\\\/FireWare-logo.jpg\",\"width\":171,\"height\":70,\"caption\":\"FireWare\"},\"image\":{\"@id\":\"https:\\\/\\\/fireware.nl\\\/de\\\/#\\\/schema\\\/logo\\\/image\\\/\"},\"sameAs\":[\"https:\\\/\\\/www.facebook.com\\\/FireWareBV\\\/\",\"https:\\\/\\\/x.com\\\/FireWarebv\",\"https:\\\/\\\/www.instagram.com\\\/fireware_nl\\\/\",\"https:\\\/\\\/www.linkedin.com\\\/company\\\/3586017\\\/\",\"https:\\\/\\\/www.youtube.com\\\/user\\\/firesalesrentconsult\"]}]}<\/script>\n<!-- \/ Yoast SEO plugin. -->","yoast_head_json":{"title":"Ruth Lee Erh\u00e4ngungspuppe - FireWare","robots":{"index":"index","follow":"follow","max-snippet":"max-snippet:-1","max-image-preview":"max-image-preview:large","max-video-preview":"max-video-preview:-1"},"canonical":"https:\/\/fireware.nl\/de\/product\/ruth-lee-erhaengungspuppe\/","og_locale":"de_DE","og_type":"article","og_title":"Ruth Lee Erh\u00e4ngungspuppe - FireWare","og_description":"Anatomische Merkmale wie Brustbein, Brustkorb und Atemwege.  Realistische Kniegelenke f\u00fcr eine pr\u00e4zise Simulation.  Geeignet f\u00fcr das Training bei unter anderem Feuerwehr, Polizei, Krankenh\u00e4usern, Gef\u00e4ngnissen und psychiatrischen Einrichtungen.  Spezielles Material, das viermal st\u00e4rker ist als Canvas oder PVC.  Flammhemmender Overall.  180 cm, 25 kg.","og_url":"https:\/\/fireware.nl\/de\/product\/ruth-lee-erhaengungspuppe\/","og_site_name":"FireWare","article_publisher":"https:\/\/www.facebook.com\/FireWareBV\/","article_modified_time":"2025-05-21T14:58:02+00:00","og_image":[{"width":600,"height":600,"url":"https:\/\/fireware.nl\/wp-content\/uploads\/2024\/08\/017-043-148-25Kg_Ligature-Manikin-green-overall-Head-and-Feet-Front_web.jpg","type":"image\/jpeg"}],"twitter_card":"summary_large_image","twitter_site":"@FireWarebv","twitter_misc":{"Gesch\u00e4tzte Lesezeit":"1\u00a0Minute"},"schema":{"@context":"https:\/\/schema.org","@graph":[{"@type":"WebPage","@id":"https:\/\/fireware.nl\/de\/product\/ruth-lee-erhaengungspuppe\/","url":"https:\/\/fireware.nl\/de\/product\/ruth-lee-erhaengungspuppe\/","name":"Ruth Lee Erh\u00e4ngungspuppe - FireWare","isPartOf":{"@id":"https:\/\/fireware.nl\/de\/#website"},"primaryImageOfPage":{"@id":"https:\/\/fireware.nl\/de\/product\/ruth-lee-erhaengungspuppe\/#primaryimage"},"image":{"@id":"https:\/\/fireware.nl\/de\/product\/ruth-lee-erhaengungspuppe\/#primaryimage"},"thumbnailUrl":"https:\/\/fireware.nl\/wp-content\/uploads\/2024\/08\/017-043-148-25Kg_Ligature-Manikin-green-overall-Head-and-Feet-Front_web.jpg","datePublished":"2024-08-13T11:50:16+00:00","dateModified":"2025-05-21T14:58:02+00:00","breadcrumb":{"@id":"https:\/\/fireware.nl\/de\/product\/ruth-lee-erhaengungspuppe\/#breadcrumb"},"inLanguage":"de","potentialAction":[{"@type":"ReadAction","target":["https:\/\/fireware.nl\/de\/product\/ruth-lee-erhaengungspuppe\/"]}]},{"@type":"ImageObject","inLanguage":"de","@id":"https:\/\/fireware.nl\/de\/product\/ruth-lee-erhaengungspuppe\/#primaryimage","url":"https:\/\/fireware.nl\/wp-content\/uploads\/2024\/08\/017-043-148-25Kg_Ligature-Manikin-green-overall-Head-and-Feet-Front_web.jpg","contentUrl":"https:\/\/fireware.nl\/wp-content\/uploads\/2024\/08\/017-043-148-25Kg_Ligature-Manikin-green-overall-Head-and-Feet-Front_web.jpg","width":600,"height":600},{"@type":"BreadcrumbList","@id":"https:\/\/fireware.nl\/de\/product\/ruth-lee-erhaengungspuppe\/#breadcrumb","itemListElement":[{"@type":"ListItem","position":1,"name":"Home","item":"https:\/\/fireware.nl\/de\/"},{"@type":"ListItem","position":2,"name":"Produkte","item":"https:\/\/fireware.nl\/de\/produkte\/"},{"@type":"ListItem","position":3,"name":"Ruth Lee Erh\u00e4ngungspuppe"}]},{"@type":"WebSite","@id":"https:\/\/fireware.nl\/de\/#website","url":"https:\/\/fireware.nl\/de\/","name":"FireWare","description":"CREATING REALISTIC  TRAINING ENVIRONMENTS","publisher":{"@id":"https:\/\/fireware.nl\/de\/#organization"},"potentialAction":[{"@type":"SearchAction","target":{"@type":"EntryPoint","urlTemplate":"https:\/\/fireware.nl\/de\/?s={search_term_string}"},"query-input":{"@type":"PropertyValueSpecification","valueRequired":true,"valueName":"search_term_string"}}],"inLanguage":"de"},{"@type":"Organization","@id":"https:\/\/fireware.nl\/de\/#organization","name":"FireWare","url":"https:\/\/fireware.nl\/de\/","logo":{"@type":"ImageObject","inLanguage":"de","@id":"https:\/\/fireware.nl\/de\/#\/schema\/logo\/image\/","url":"https:\/\/fireware.nl\/wp-content\/uploads\/2018\/10\/FireWare-logo.jpg","contentUrl":"https:\/\/fireware.nl\/wp-content\/uploads\/2018\/10\/FireWare-logo.jpg","width":171,"height":70,"caption":"FireWare"},"image":{"@id":"https:\/\/fireware.nl\/de\/#\/schema\/logo\/image\/"},"sameAs":["https:\/\/www.facebook.com\/FireWareBV\/","https:\/\/x.com\/FireWarebv","https:\/\/www.instagram.com\/fireware_nl\/","https:\/\/www.linkedin.com\/company\/3586017\/","https:\/\/www.youtube.com\/user\/firesalesrentconsult"]}]}},"publishpress_future_workflow_manual_trigger":{"enabledWorkflows":[]},"_links":{"self":[{"href":"https:\/\/fireware.nl\/de\/wp-json\/wp\/v2\/product\/99318","targetHints":{"allow":["GET"]}}],"collection":[{"href":"https:\/\/fireware.nl\/de\/wp-json\/wp\/v2\/product"}],"about":[{"href":"https:\/\/fireware.nl\/de\/wp-json\/wp\/v2\/types\/product"}],"wp:featuredmedia":[{"embeddable":true,"href":"https:\/\/fireware.nl\/de\/wp-json\/wp\/v2\/media\/99275"}],"wp:attachment":[{"href":"https:\/\/fireware.nl\/de\/wp-json\/wp\/v2\/media?parent=99318"}],"wp:term":[{"taxonomy":"product_brand","embeddable":true,"href":"https:\/\/fireware.nl\/de\/wp-json\/wp\/v2\/product_brand?post=99318"},{"taxonomy":"product_cat","embeddable":true,"href":"https:\/\/fireware.nl\/de\/wp-json\/wp\/v2\/product_cat?post=99318"},{"taxonomy":"product_tag","embeddable":true,"href":"https:\/\/fireware.nl\/de\/wp-json\/wp\/v2\/product_tag?post=99318"}],"curies":[{"name":"wp","href":"https:\/\/api.w.org\/{rel}","templated":true}]}}