
{"id":43143,"date":"2020-06-03T13:34:10","date_gmt":"2020-06-03T13:34:10","guid":{"rendered":"https:\/\/fireware.nl\/?page_id=43143"},"modified":"2020-07-17T12:55:14","modified_gmt":"2020-07-17T12:55:14","slug":"maxpreven-digital-showroom","status":"publish","type":"page","link":"https:\/\/fireware.nl\/en\/digital-showroom\/maxpreven-digital-showroom\/","title":{"rendered":"Maxpreven digital showroom"},"content":{"rendered":"\n\t\t\t\t<img loading=\"lazy\" decoding=\"async\" src=\"https:\/\/fireware.nl\/wp-content\/uploads\/2020\/06\/Maxpreven-showroom.jpg\" alt=\"Maxpreven showroom\" itemprop=\"image\" height=\"800\" width=\"2200\" title=\"Maxpreven showroom\" onerror=\"this.style.display='none'\"  \/>\n\t<p><strong>Participe en una sesi\u00f3n de video con FireWare y su socio Maxpreven. \u00danete a nuestros talleres digitales, obt\u00e9n respuestas a tus preguntas sobre la simulaci\u00f3n y recibe asistencia t\u00e9cnica a trav\u00e9s de un enlace de v\u00eddeo, todo ello en la plataforma de v\u00eddeo segura de FireWare.<\/strong><\/p>\n<p>Maxpreven es uno de los socios de FireWare que nos ayuda a construir nuestra misi\u00f3n. Haz <a href=\"http:\/\/www.maxpreven.com\/\">clic aqu\u00ed<\/a> para visitar su sitio web y conocer m\u00e1s sobre su negocio.<\/p>\n<h2>Taller digital<\/h2>\n<p>En los \u00faltimos meses hemos adquirido mucha experiencia en el &#8220;<a href=\"https:\/\/fireware.nl\/en\/knowledge-platform\/learning-skills-remotely\/\">aprendizaje de habilidades a distancia<\/a>&#8220;. Con esta iniciativa organizamos seminarios web profesionales. Lo vemos como una oportunidad para usar nuestro conocimiento y experiencia para organizar una serie de talleres digitales para los trabajadores de rescate en todo el mundo para ayudarlos a convertirse y mantenerse profesionalmente capacitados.<\/p>\n<p>Durante el webinar Sef Hendrickx (FireWare) dar\u00e1 una conferencia sobre los diferentes tipos de puesta en escena y qu\u00e9 productos y servicios pueden ser utilizados para ello. Utilizamos nuestro propio servidor de v\u00eddeo para que todos podamos ver y o\u00edr a los dem\u00e1s. Maxpreven estar\u00e1 activamente involucrado durante el seminario web. Pueden hacer preguntas durante la conferencia a trav\u00e9s del chat o compartiendo la pantalla.<\/p>\n<h2>Taller digital &#8211; Creaci\u00f3n de Escenarios de formaci\u00f3n realistas<\/h2>\n<p>Durante el verano de 2020, organizamos una serie de seminarios web sobre puesta en escena realista en colaboraci\u00f3n con nuestros socios internacionales. En este seminario web, Sef Hendrickx de FireWare ofrece una conferencia sobre diferentes tipos de puesta en escena y los productos y servicios de FireWare que se pueden usar para esto. Mire el seminario web de forma gratuita en <a href=\"https:\/\/www.youtube.com\/watch?v=8NMfJsDN6LA\" target=\"_blank\" rel=\"noopener noreferrer\">YouTube<\/a> y <a href=\"https:\/\/vimeo.com\/436365844\" target=\"_blank\" rel=\"noopener noreferrer\">Vimeo<\/a>.<\/p>\n<h2>\u00bfInteresado en reunirse con nosotros en la plataforma de video?<\/h2>\n<p>Env\u00ede un correo electr\u00f3nico a <a href=\"mailto:info@fireware.nl\" target=\"_blank\" rel=\"noopener noreferrer\">info@fireware.nl<\/a> para expresar su inter\u00e9s en un taller digital de FireWare y Maxpreven o una conversaci\u00f3n de video para cualquier ayuda adicional.<\/p>\n","protected":false},"excerpt":{"rendered":"<p>Participe en una sesi\u00f3n de video con FireWare y su socio Maxpreven. \u00danete a nuestros talleres digitales, obt\u00e9n respuestas a<span class=\"excerpt-ellipsis\">&#8230;<\/span><\/p>\n","protected":false},"author":9,"featured_media":43115,"parent":43096,"menu_order":0,"comment_status":"closed","ping_status":"closed","template":"","meta":{"footnotes":""},"class_list":["post-43143","page","type-page","status-publish","has-post-thumbnail","hentry"],"yoast_head":"<!-- This site is optimized with the Yoast SEO plugin v27.5 - https:\/\/yoast.com\/product\/yoast-seo-wordpress\/ -->\n<title>Maxpreven digital showroom - FireWare<\/title>\n<meta name=\"robots\" content=\"index, follow, max-snippet:-1, max-image-preview:large, max-video-preview:-1\" \/>\n<link rel=\"canonical\" href=\"https:\/\/fireware.nl\/en\/digital-showroom\/maxpreven-digital-showroom\/\" \/>\n<meta property=\"og:locale\" content=\"en_US\" \/>\n<meta property=\"og:type\" content=\"article\" \/>\n<meta property=\"og:title\" content=\"Maxpreven digital showroom - FireWare\" \/>\n<meta property=\"og:description\" content=\"Participe en una sesi\u00f3n de video con FireWare y su socio Maxpreven. \u00danete a nuestros talleres digitales, obt\u00e9n respuestas a...\" \/>\n<meta property=\"og:url\" content=\"https:\/\/fireware.nl\/en\/digital-showroom\/maxpreven-digital-showroom\/\" \/>\n<meta property=\"og:site_name\" content=\"FireWare\" \/>\n<meta property=\"article:publisher\" content=\"https:\/\/www.facebook.com\/FireWareBV\/\" \/>\n<meta property=\"article:modified_time\" content=\"2020-07-17T12:55:14+00:00\" \/>\n<meta property=\"og:image\" content=\"https:\/\/fireware.nl\/wp-content\/uploads\/2020\/06\/Maxpreven-showroom.jpg\" \/>\n\t<meta property=\"og:image:width\" content=\"2200\" \/>\n\t<meta property=\"og:image:height\" content=\"800\" \/>\n\t<meta property=\"og:image:type\" content=\"image\/jpeg\" \/>\n<meta name=\"twitter:card\" content=\"summary_large_image\" \/>\n<meta name=\"twitter:site\" content=\"@FireWarebv\" \/>\n<meta name=\"twitter:label1\" content=\"Est. reading time\" \/>\n\t<meta name=\"twitter:data1\" content=\"2 minutes\" \/>\n<script type=\"application\/ld+json\" class=\"yoast-schema-graph\">{\"@context\":\"https:\\\/\\\/schema.org\",\"@graph\":[{\"@type\":\"WebPage\",\"@id\":\"https:\\\/\\\/fireware.nl\\\/en\\\/digital-showroom\\\/maxpreven-digital-showroom\\\/\",\"url\":\"https:\\\/\\\/fireware.nl\\\/en\\\/digital-showroom\\\/maxpreven-digital-showroom\\\/\",\"name\":\"Maxpreven digital showroom - FireWare\",\"isPartOf\":{\"@id\":\"https:\\\/\\\/fireware.nl\\\/en\\\/#website\"},\"primaryImageOfPage\":{\"@id\":\"https:\\\/\\\/fireware.nl\\\/en\\\/digital-showroom\\\/maxpreven-digital-showroom\\\/#primaryimage\"},\"image\":{\"@id\":\"https:\\\/\\\/fireware.nl\\\/en\\\/digital-showroom\\\/maxpreven-digital-showroom\\\/#primaryimage\"},\"thumbnailUrl\":\"https:\\\/\\\/fireware.nl\\\/wp-content\\\/uploads\\\/2020\\\/06\\\/Maxpreven-showroom.jpg\",\"datePublished\":\"2020-06-03T13:34:10+00:00\",\"dateModified\":\"2020-07-17T12:55:14+00:00\",\"breadcrumb\":{\"@id\":\"https:\\\/\\\/fireware.nl\\\/en\\\/digital-showroom\\\/maxpreven-digital-showroom\\\/#breadcrumb\"},\"inLanguage\":\"en-US\",\"potentialAction\":[{\"@type\":\"ReadAction\",\"target\":[\"https:\\\/\\\/fireware.nl\\\/en\\\/digital-showroom\\\/maxpreven-digital-showroom\\\/\"]}]},{\"@type\":\"ImageObject\",\"inLanguage\":\"en-US\",\"@id\":\"https:\\\/\\\/fireware.nl\\\/en\\\/digital-showroom\\\/maxpreven-digital-showroom\\\/#primaryimage\",\"url\":\"https:\\\/\\\/fireware.nl\\\/wp-content\\\/uploads\\\/2020\\\/06\\\/Maxpreven-showroom.jpg\",\"contentUrl\":\"https:\\\/\\\/fireware.nl\\\/wp-content\\\/uploads\\\/2020\\\/06\\\/Maxpreven-showroom.jpg\",\"width\":2200,\"height\":800},{\"@type\":\"BreadcrumbList\",\"@id\":\"https:\\\/\\\/fireware.nl\\\/en\\\/digital-showroom\\\/maxpreven-digital-showroom\\\/#breadcrumb\",\"itemListElement\":[{\"@type\":\"ListItem\",\"position\":1,\"name\":\"Home\",\"item\":\"https:\\\/\\\/fireware.nl\\\/en\\\/\"},{\"@type\":\"ListItem\",\"position\":2,\"name\":\"Digital showroom\",\"item\":\"https:\\\/\\\/fireware.nl\\\/en\\\/digital-showroom\\\/\"},{\"@type\":\"ListItem\",\"position\":3,\"name\":\"Maxpreven digital showroom\"}]},{\"@type\":\"WebSite\",\"@id\":\"https:\\\/\\\/fireware.nl\\\/en\\\/#website\",\"url\":\"https:\\\/\\\/fireware.nl\\\/en\\\/\",\"name\":\"FireWare\",\"description\":\"CREATING REALISTIC  TRAINING ENVIRONMENTS\",\"publisher\":{\"@id\":\"https:\\\/\\\/fireware.nl\\\/en\\\/#organization\"},\"potentialAction\":[{\"@type\":\"SearchAction\",\"target\":{\"@type\":\"EntryPoint\",\"urlTemplate\":\"https:\\\/\\\/fireware.nl\\\/en\\\/?s={search_term_string}\"},\"query-input\":{\"@type\":\"PropertyValueSpecification\",\"valueRequired\":true,\"valueName\":\"search_term_string\"}}],\"inLanguage\":\"en-US\"},{\"@type\":\"Organization\",\"@id\":\"https:\\\/\\\/fireware.nl\\\/en\\\/#organization\",\"name\":\"FireWare\",\"url\":\"https:\\\/\\\/fireware.nl\\\/en\\\/\",\"logo\":{\"@type\":\"ImageObject\",\"inLanguage\":\"en-US\",\"@id\":\"https:\\\/\\\/fireware.nl\\\/en\\\/#\\\/schema\\\/logo\\\/image\\\/\",\"url\":\"https:\\\/\\\/fireware.nl\\\/wp-content\\\/uploads\\\/2018\\\/10\\\/FireWare-logo.jpg\",\"contentUrl\":\"https:\\\/\\\/fireware.nl\\\/wp-content\\\/uploads\\\/2018\\\/10\\\/FireWare-logo.jpg\",\"width\":171,\"height\":70,\"caption\":\"FireWare\"},\"image\":{\"@id\":\"https:\\\/\\\/fireware.nl\\\/en\\\/#\\\/schema\\\/logo\\\/image\\\/\"},\"sameAs\":[\"https:\\\/\\\/www.facebook.com\\\/FireWareBV\\\/\",\"https:\\\/\\\/x.com\\\/FireWarebv\",\"https:\\\/\\\/www.instagram.com\\\/fireware_nl\\\/\",\"https:\\\/\\\/www.linkedin.com\\\/company\\\/3586017\\\/\",\"https:\\\/\\\/www.youtube.com\\\/user\\\/firesalesrentconsult\"]}]}<\/script>\n<!-- \/ Yoast SEO plugin. -->","yoast_head_json":{"title":"Maxpreven digital showroom - FireWare","robots":{"index":"index","follow":"follow","max-snippet":"max-snippet:-1","max-image-preview":"max-image-preview:large","max-video-preview":"max-video-preview:-1"},"canonical":"https:\/\/fireware.nl\/en\/digital-showroom\/maxpreven-digital-showroom\/","og_locale":"en_US","og_type":"article","og_title":"Maxpreven digital showroom - FireWare","og_description":"Participe en una sesi\u00f3n de video con FireWare y su socio Maxpreven. \u00danete a nuestros talleres digitales, obt\u00e9n respuestas a...","og_url":"https:\/\/fireware.nl\/en\/digital-showroom\/maxpreven-digital-showroom\/","og_site_name":"FireWare","article_publisher":"https:\/\/www.facebook.com\/FireWareBV\/","article_modified_time":"2020-07-17T12:55:14+00:00","og_image":[{"width":2200,"height":800,"url":"https:\/\/fireware.nl\/wp-content\/uploads\/2020\/06\/Maxpreven-showroom.jpg","type":"image\/jpeg"}],"twitter_card":"summary_large_image","twitter_site":"@FireWarebv","twitter_misc":{"Est. reading time":"2 minutes"},"schema":{"@context":"https:\/\/schema.org","@graph":[{"@type":"WebPage","@id":"https:\/\/fireware.nl\/en\/digital-showroom\/maxpreven-digital-showroom\/","url":"https:\/\/fireware.nl\/en\/digital-showroom\/maxpreven-digital-showroom\/","name":"Maxpreven digital showroom - FireWare","isPartOf":{"@id":"https:\/\/fireware.nl\/en\/#website"},"primaryImageOfPage":{"@id":"https:\/\/fireware.nl\/en\/digital-showroom\/maxpreven-digital-showroom\/#primaryimage"},"image":{"@id":"https:\/\/fireware.nl\/en\/digital-showroom\/maxpreven-digital-showroom\/#primaryimage"},"thumbnailUrl":"https:\/\/fireware.nl\/wp-content\/uploads\/2020\/06\/Maxpreven-showroom.jpg","datePublished":"2020-06-03T13:34:10+00:00","dateModified":"2020-07-17T12:55:14+00:00","breadcrumb":{"@id":"https:\/\/fireware.nl\/en\/digital-showroom\/maxpreven-digital-showroom\/#breadcrumb"},"inLanguage":"en-US","potentialAction":[{"@type":"ReadAction","target":["https:\/\/fireware.nl\/en\/digital-showroom\/maxpreven-digital-showroom\/"]}]},{"@type":"ImageObject","inLanguage":"en-US","@id":"https:\/\/fireware.nl\/en\/digital-showroom\/maxpreven-digital-showroom\/#primaryimage","url":"https:\/\/fireware.nl\/wp-content\/uploads\/2020\/06\/Maxpreven-showroom.jpg","contentUrl":"https:\/\/fireware.nl\/wp-content\/uploads\/2020\/06\/Maxpreven-showroom.jpg","width":2200,"height":800},{"@type":"BreadcrumbList","@id":"https:\/\/fireware.nl\/en\/digital-showroom\/maxpreven-digital-showroom\/#breadcrumb","itemListElement":[{"@type":"ListItem","position":1,"name":"Home","item":"https:\/\/fireware.nl\/en\/"},{"@type":"ListItem","position":2,"name":"Digital showroom","item":"https:\/\/fireware.nl\/en\/digital-showroom\/"},{"@type":"ListItem","position":3,"name":"Maxpreven digital showroom"}]},{"@type":"WebSite","@id":"https:\/\/fireware.nl\/en\/#website","url":"https:\/\/fireware.nl\/en\/","name":"FireWare","description":"CREATING REALISTIC  TRAINING ENVIRONMENTS","publisher":{"@id":"https:\/\/fireware.nl\/en\/#organization"},"potentialAction":[{"@type":"SearchAction","target":{"@type":"EntryPoint","urlTemplate":"https:\/\/fireware.nl\/en\/?s={search_term_string}"},"query-input":{"@type":"PropertyValueSpecification","valueRequired":true,"valueName":"search_term_string"}}],"inLanguage":"en-US"},{"@type":"Organization","@id":"https:\/\/fireware.nl\/en\/#organization","name":"FireWare","url":"https:\/\/fireware.nl\/en\/","logo":{"@type":"ImageObject","inLanguage":"en-US","@id":"https:\/\/fireware.nl\/en\/#\/schema\/logo\/image\/","url":"https:\/\/fireware.nl\/wp-content\/uploads\/2018\/10\/FireWare-logo.jpg","contentUrl":"https:\/\/fireware.nl\/wp-content\/uploads\/2018\/10\/FireWare-logo.jpg","width":171,"height":70,"caption":"FireWare"},"image":{"@id":"https:\/\/fireware.nl\/en\/#\/schema\/logo\/image\/"},"sameAs":["https:\/\/www.facebook.com\/FireWareBV\/","https:\/\/x.com\/FireWarebv","https:\/\/www.instagram.com\/fireware_nl\/","https:\/\/www.linkedin.com\/company\/3586017\/","https:\/\/www.youtube.com\/user\/firesalesrentconsult"]}]}},"publishpress_future_action":{"enabled":false,"date":"2026-05-20 18:47:47","action":"change-status","newStatus":"draft","terms":[],"taxonomy":"translation_priority","extraData":[]},"publishpress_future_workflow_manual_trigger":{"enabledWorkflows":[]},"_links":{"self":[{"href":"https:\/\/fireware.nl\/en\/wp-json\/wp\/v2\/pages\/43143","targetHints":{"allow":["GET"]}}],"collection":[{"href":"https:\/\/fireware.nl\/en\/wp-json\/wp\/v2\/pages"}],"about":[{"href":"https:\/\/fireware.nl\/en\/wp-json\/wp\/v2\/types\/page"}],"author":[{"embeddable":true,"href":"https:\/\/fireware.nl\/en\/wp-json\/wp\/v2\/users\/9"}],"replies":[{"embeddable":true,"href":"https:\/\/fireware.nl\/en\/wp-json\/wp\/v2\/comments?post=43143"}],"version-history":[{"count":0,"href":"https:\/\/fireware.nl\/en\/wp-json\/wp\/v2\/pages\/43143\/revisions"}],"up":[{"embeddable":true,"href":"https:\/\/fireware.nl\/en\/wp-json\/wp\/v2\/pages\/43096"}],"wp:featuredmedia":[{"embeddable":true,"href":"https:\/\/fireware.nl\/en\/wp-json\/wp\/v2\/media\/43115"}],"wp:attachment":[{"href":"https:\/\/fireware.nl\/en\/wp-json\/wp\/v2\/media?parent=43143"}],"curies":[{"name":"wp","href":"https:\/\/api.w.org\/{rel}","templated":true}]}}