
{"id":10310,"date":"2017-06-27T19:14:59","date_gmt":"2017-06-27T19:14:59","guid":{"rendered":"http:\/\/exclusive-it-development.nl\/?page_id=837"},"modified":"2021-04-02T10:02:03","modified_gmt":"2021-04-02T10:02:03","slug":"conception","status":"publish","type":"page","link":"https:\/\/fireware.nl\/fr\/conception\/","title":{"rendered":"Conception"},"content":{"rendered":"\n\n\t\t\t\t<img loading=\"lazy\" decoding=\"async\" src=\"https:\/\/fireware.nl\/wp-content\/uploads\/2018\/11\/BVL-container-VR-Drenthe-2.jpg\" alt=\"BVL container VR Drenthe 2\" itemprop=\"image\" height=\"800\" width=\"2200\" title=\"BVL container VR Drenthe 2\" onerror=\"this.style.display='none'\"  \/>\n\t<h2>Creating realistic training environments<\/h2>\n<p>FireWare est consacr\u00e9 \u00e0 la cr\u00e9ation d&#8217;environnements de formation r\u00e9aliste. Pour ce faire, nous utilisons de tr\u00e8s divers moyens qui ont tous en commun d&#8217;\u00eatre r\u00e9alistes, identifiables et interactifs. Ainsi, le message transmis par nos clients est mieux re\u00e7u et l&#8217;objectif de formation sera r\u00e9alis\u00e9 plus efficacement.<\/p>\n<p>Les produits que l&#8217;on vend et loue sont \u00e0 la base de notre vision. En utilisant des mat\u00e9riels pertinents, la simulation devient de plus en plus r\u00e9aliste. FireWare se positionne de pr\u00e9f\u00e9rence comme partenaire. De concert avec vous, votre situation existante est convertie en une structure de formation \u00e0 votre mesure. Votre contribution sera \u00e0 la hauteur de vos ambitions. FireWare vous assiste volontiers dans :<\/p>\n<ul>\n<li>L&#8217;identification des objectifs d&#8217;entra\u00eenement,<\/li>\n<li>Le choix du moyen qui convient au but (centre de formation modulaire ou fixe, salle d&#8217;\u00e9vasion, simulations, roadshow interactif, etc.)<\/li>\n<li>Le choix des effets pertinents (flammes, fum\u00e9e, bruits, etc.),<\/li>\n<li>Les proc\u00e9d\u00e9s d&#8217;op\u00e9ration,<\/li>\n<li>Le rayonnement \/ le niveau de finition recherch\u00e9,<\/li>\n<li>Les ajustements, aussi petits soient-ils, rendant votre installation apte \u00e0 plusieurs objectifs.<\/li>\n<\/ul>\n<h3><strong>Brainstorming sans engagement<\/strong><\/h3>\n<p>Curieux de savoir ce que FireWare peut apporter \u00e0 votre projet\u00a0? Nous vous accueillons volontiers pour un brainstorming sans engagement\u00a0! N&#8217;oubliez cependant pas de prendre rendez-vous au pr\u00e9alable afin que les personnes comp\u00e9tentes soient pr\u00e9sentes et aient du temps \u00e0 vous consacrer. La salle de brainstorming \u00e0 Wieringerwerf est \u00e9quip\u00e9e de toutes les commodit\u00e9s, puisque selon notre philosophie, chaque projet succ\u00e9d\u00e9 est n\u00e9 des bonnes id\u00e9es et un plan d&#8217;attaque. En savoir plus, du trajet qui suit le brainstorming pour arriver au r\u00e9sultat envisag\u00e9 ? Lisez-en tout ci-dessus sous plan de projet.<\/p>\n<p>De plus, FireWare offre la possibilit\u00e9 d&#8217;engager des sessions \u00ab Lego\u00ae Serious Play\u00ae \u00bb dans le cadre du d\u00e9veloppement d&#8217;un concept. Cette m\u00e9thode se sert de briques Lego\u00ae pour r\u00e9pondre aux questions qui nous occupent, pour trouver des solutions \u00e0 des d\u00e9fis et pour mieux se conna\u00eetre l&#8217;un et l&#8217;autre. En savoir plus de la m\u00e9thode \u00ab Lego\u00ae Serious Play\u00ae \u00bb ? Informez-vous ici.<\/p>\n<p>Notre site web contient une grande vari\u00e9t\u00e9 d&#8217;informations par rapport \u00e0 nos produits et nos projets.\u00a0 Il est toutefois encore plus efficace de voir ces solutions de formation en temps r\u00e9el. Notre centre d&#8217;essai est bien \u00e9quip\u00e9 pour vous inspirer par voie de d\u00e9monstrations produits.<\/p>\n\t<h3>Approche projet<\/h3>\n\t\t\t\t<a href=\"https:\/\/fireware.nl\/fr\/conception\/plan-de-project\/\" target=\"_blank\" rel=\"noopener\" itemprop=\"url\">\n\t\t\t\t<img loading=\"lazy\" decoding=\"async\" src=\"https:\/\/fireware.nl\/wp-content\/uploads\/2021\/03\/Projectaanpak-2021.jpg\" alt=\"Projectaanpak 2021\" itemprop=\"image\" height=\"400\" width=\"800\" title=\"Projectaanpak 2021\" onerror=\"this.style.display='none'\"  \/>\n\t\t\t\t<\/a>\n\t<h3>Lego\u00ae Serious Play\u00ae<\/h3>\n\t\t\t\t<a href=\"https:\/\/fireware.nl\/fr\/conception\/lego-serious-play\/\" target=\"_blank\" rel=\"noopener\" itemprop=\"url\">\n\t\t\t\t<img loading=\"lazy\" decoding=\"async\" src=\"https:\/\/fireware.nl\/wp-content\/uploads\/2021\/03\/Lego-Serious-Play-2021.jpg\" alt=\"Lego Serious Play 2021\" itemprop=\"image\" height=\"400\" width=\"800\" title=\"Lego Serious Play 2021\" onerror=\"this.style.display='none'\"  \/>\n\t\t\t\t<\/a>\n\t<h3><strong>Cr\u00e9ation de contenu<\/strong><\/h3>\n<p>Au cours des derni\u00e8res ann\u00e9es, FireWare a \u00e9t\u00e9 r\u00e9guli\u00e8rement sollicit\u00e9 pour contribuer au d\u00e9veloppement de divers centres de formation, aux Pays-Bas, comme \u00e0 l&#8217;\u00e9tranger. De la conception totale au projet d&#8217;exp\u00e9rience et de l&#8217;int\u00e9gration des objectifs d&#8217;apprentissage et d&#8217;enseignement aux \u00e9tudes de durabilit\u00e9. Cette salle est \u00e9quip\u00e9e d&#8217;une imprimante 3D, d&#8217;un traceur grand format, d&#8217;un traceur de d\u00e9coupe, d&#8217;un banc CNC, d&#8217;un cutter laser, d&#8217;une machine de gravure laser et de nombreux autres outils. Cela nous permet de fabriquer en interne des mod\u00e8les r\u00e9duits, des prototypes, des mod\u00e8les r\u00e9duits et des pi\u00e8ces sp\u00e9ciales d&#8217;installations encore meilleures. Vous pouvez lire ci-dessous ce que nous pouvons signifier pour votre projet (de conception).<\/p>\n<p>De plus, notre studio FireWare est le cadre pour l&#8217;organisation de webinaires (en direct) et de r\u00e9unions de membres et pour l&#8217;enregistrement de contenu pour les films d&#8217;apprentissage et l&#8217;apprentissage en ligne. \u00cates-vous curieux de savoir ce qui rend le studio FireWare si sp\u00e9cial? Cliquez sur le bloc ci-dessous pour toutes les informations que vous recherchez.<\/p>\n\t<h3>FireWare CreaLab<\/h3>\n\t\t\t\t<a href=\"https:\/\/fireware.nl\/fr\/conception\/fireware-crealab\/\" target=\"_blank\" rel=\"noopener\" itemprop=\"url\">\n\t\t\t\t<img loading=\"lazy\" decoding=\"async\" src=\"https:\/\/fireware.nl\/wp-content\/uploads\/2021\/03\/CreaLab.jpg\" alt=\"CreaLab\" itemprop=\"image\" height=\"400\" width=\"800\" title=\"CreaLab\" onerror=\"this.style.display='none'\"  \/>\n\t\t\t\t<\/a>\n\t<h3>Le studio de FireWare<\/h3>\n\t\t\t\t<a href=\"https:\/\/fireware.nl\/fr\/conception\/le-studio-de-fireware\/\" target=\"_blank\" rel=\"noopener\" itemprop=\"url\">\n\t\t\t\t<img loading=\"lazy\" decoding=\"async\" src=\"https:\/\/fireware.nl\/wp-content\/uploads\/2021\/03\/FireWare-Studio.jpg\" alt=\"FireWare Studio\" itemprop=\"image\" height=\"400\" width=\"800\" title=\"FireWare Studio\" onerror=\"this.style.display='none'\"  \/>\n\t\t\t\t<\/a>\n\n","protected":false},"excerpt":{"rendered":"<p>Creating realistic training environments FireWare est consacr\u00e9 \u00e0 la cr\u00e9ation d&#8217;environnements de formation r\u00e9aliste. Pour ce faire, nous utilisons de<span class=\"excerpt-ellipsis\">&#8230;<\/span><\/p>\n","protected":false},"author":2,"featured_media":0,"parent":0,"menu_order":0,"comment_status":"closed","ping_status":"closed","template":"","meta":{"footnotes":""},"class_list":["post-10310","page","type-page","status-publish","hentry"],"yoast_head":"<!-- This site is optimized with the Yoast SEO plugin v27.5 - https:\/\/yoast.com\/product\/yoast-seo-wordpress\/ -->\n<title>Conception - FireWare<\/title>\n<meta name=\"robots\" content=\"index, follow, max-snippet:-1, max-image-preview:large, max-video-preview:-1\" \/>\n<link rel=\"canonical\" href=\"https:\/\/fireware.nl\/fr\/conception\/\" \/>\n<meta property=\"og:locale\" content=\"fr_FR\" \/>\n<meta property=\"og:type\" content=\"article\" \/>\n<meta property=\"og:title\" content=\"Conception - FireWare\" \/>\n<meta property=\"og:description\" content=\"Creating realistic training environments FireWare est consacr\u00e9 \u00e0 la cr\u00e9ation d&#8217;environnements de formation r\u00e9aliste. Pour ce faire, nous utilisons de...\" \/>\n<meta property=\"og:url\" content=\"https:\/\/fireware.nl\/fr\/conception\/\" \/>\n<meta property=\"og:site_name\" content=\"FireWare\" \/>\n<meta property=\"article:publisher\" content=\"https:\/\/www.facebook.com\/FireWareBV\/\" \/>\n<meta property=\"article:modified_time\" content=\"2021-04-02T10:02:03+00:00\" \/>\n<meta property=\"og:image\" content=\"https:\/\/fireware.nl\/wp-content\/uploads\/2018\/11\/BVL-container-VR-Drenthe-2.jpg\" \/>\n<meta name=\"twitter:card\" content=\"summary_large_image\" \/>\n<meta name=\"twitter:site\" content=\"@FireWarebv\" \/>\n<meta name=\"twitter:label1\" content=\"Dur\u00e9e de lecture estim\u00e9e\" \/>\n\t<meta name=\"twitter:data1\" content=\"3 minutes\" \/>\n<script type=\"application\/ld+json\" class=\"yoast-schema-graph\">{\"@context\":\"https:\\\/\\\/schema.org\",\"@graph\":[{\"@type\":\"WebPage\",\"@id\":\"https:\\\/\\\/fireware.nl\\\/fr\\\/conception\\\/\",\"url\":\"https:\\\/\\\/fireware.nl\\\/fr\\\/conception\\\/\",\"name\":\"Conception - FireWare\",\"isPartOf\":{\"@id\":\"https:\\\/\\\/fireware.nl\\\/fr\\\/#website\"},\"primaryImageOfPage\":{\"@id\":\"https:\\\/\\\/fireware.nl\\\/fr\\\/conception\\\/#primaryimage\"},\"image\":{\"@id\":\"https:\\\/\\\/fireware.nl\\\/fr\\\/conception\\\/#primaryimage\"},\"thumbnailUrl\":\"https:\\\/\\\/fireware.nl\\\/wp-content\\\/uploads\\\/2018\\\/11\\\/BVL-container-VR-Drenthe-2.jpg\",\"datePublished\":\"2017-06-27T19:14:59+00:00\",\"dateModified\":\"2021-04-02T10:02:03+00:00\",\"breadcrumb\":{\"@id\":\"https:\\\/\\\/fireware.nl\\\/fr\\\/conception\\\/#breadcrumb\"},\"inLanguage\":\"fr-FR\",\"potentialAction\":[{\"@type\":\"ReadAction\",\"target\":[\"https:\\\/\\\/fireware.nl\\\/fr\\\/conception\\\/\"]}]},{\"@type\":\"ImageObject\",\"inLanguage\":\"fr-FR\",\"@id\":\"https:\\\/\\\/fireware.nl\\\/fr\\\/conception\\\/#primaryimage\",\"url\":\"https:\\\/\\\/fireware.nl\\\/wp-content\\\/uploads\\\/2018\\\/11\\\/BVL-container-VR-Drenthe-2.jpg\",\"contentUrl\":\"https:\\\/\\\/fireware.nl\\\/wp-content\\\/uploads\\\/2018\\\/11\\\/BVL-container-VR-Drenthe-2.jpg\"},{\"@type\":\"BreadcrumbList\",\"@id\":\"https:\\\/\\\/fireware.nl\\\/fr\\\/conception\\\/#breadcrumb\",\"itemListElement\":[{\"@type\":\"ListItem\",\"position\":1,\"name\":\"Home\",\"item\":\"https:\\\/\\\/fireware.nl\\\/fr\\\/\"},{\"@type\":\"ListItem\",\"position\":2,\"name\":\"Conception\"}]},{\"@type\":\"WebSite\",\"@id\":\"https:\\\/\\\/fireware.nl\\\/fr\\\/#website\",\"url\":\"https:\\\/\\\/fireware.nl\\\/fr\\\/\",\"name\":\"FireWare\",\"description\":\"CREATING REALISTIC  TRAINING ENVIRONMENTS\",\"publisher\":{\"@id\":\"https:\\\/\\\/fireware.nl\\\/fr\\\/#organization\"},\"potentialAction\":[{\"@type\":\"SearchAction\",\"target\":{\"@type\":\"EntryPoint\",\"urlTemplate\":\"https:\\\/\\\/fireware.nl\\\/fr\\\/?s={search_term_string}\"},\"query-input\":{\"@type\":\"PropertyValueSpecification\",\"valueRequired\":true,\"valueName\":\"search_term_string\"}}],\"inLanguage\":\"fr-FR\"},{\"@type\":\"Organization\",\"@id\":\"https:\\\/\\\/fireware.nl\\\/fr\\\/#organization\",\"name\":\"FireWare\",\"url\":\"https:\\\/\\\/fireware.nl\\\/fr\\\/\",\"logo\":{\"@type\":\"ImageObject\",\"inLanguage\":\"fr-FR\",\"@id\":\"https:\\\/\\\/fireware.nl\\\/fr\\\/#\\\/schema\\\/logo\\\/image\\\/\",\"url\":\"https:\\\/\\\/fireware.nl\\\/wp-content\\\/uploads\\\/2018\\\/10\\\/FireWare-logo.jpg\",\"contentUrl\":\"https:\\\/\\\/fireware.nl\\\/wp-content\\\/uploads\\\/2018\\\/10\\\/FireWare-logo.jpg\",\"width\":171,\"height\":70,\"caption\":\"FireWare\"},\"image\":{\"@id\":\"https:\\\/\\\/fireware.nl\\\/fr\\\/#\\\/schema\\\/logo\\\/image\\\/\"},\"sameAs\":[\"https:\\\/\\\/www.facebook.com\\\/FireWareBV\\\/\",\"https:\\\/\\\/x.com\\\/FireWarebv\",\"https:\\\/\\\/www.instagram.com\\\/fireware_nl\\\/\",\"https:\\\/\\\/www.linkedin.com\\\/company\\\/3586017\\\/\",\"https:\\\/\\\/www.youtube.com\\\/user\\\/firesalesrentconsult\"]}]}<\/script>\n<!-- \/ Yoast SEO plugin. -->","yoast_head_json":{"title":"Conception - FireWare","robots":{"index":"index","follow":"follow","max-snippet":"max-snippet:-1","max-image-preview":"max-image-preview:large","max-video-preview":"max-video-preview:-1"},"canonical":"https:\/\/fireware.nl\/fr\/conception\/","og_locale":"fr_FR","og_type":"article","og_title":"Conception - FireWare","og_description":"Creating realistic training environments FireWare est consacr\u00e9 \u00e0 la cr\u00e9ation d&#8217;environnements de formation r\u00e9aliste. Pour ce faire, nous utilisons de...","og_url":"https:\/\/fireware.nl\/fr\/conception\/","og_site_name":"FireWare","article_publisher":"https:\/\/www.facebook.com\/FireWareBV\/","article_modified_time":"2021-04-02T10:02:03+00:00","og_image":[{"url":"https:\/\/fireware.nl\/wp-content\/uploads\/2018\/11\/BVL-container-VR-Drenthe-2.jpg","type":"","width":"","height":""}],"twitter_card":"summary_large_image","twitter_site":"@FireWarebv","twitter_misc":{"Dur\u00e9e de lecture estim\u00e9e":"3 minutes"},"schema":{"@context":"https:\/\/schema.org","@graph":[{"@type":"WebPage","@id":"https:\/\/fireware.nl\/fr\/conception\/","url":"https:\/\/fireware.nl\/fr\/conception\/","name":"Conception - FireWare","isPartOf":{"@id":"https:\/\/fireware.nl\/fr\/#website"},"primaryImageOfPage":{"@id":"https:\/\/fireware.nl\/fr\/conception\/#primaryimage"},"image":{"@id":"https:\/\/fireware.nl\/fr\/conception\/#primaryimage"},"thumbnailUrl":"https:\/\/fireware.nl\/wp-content\/uploads\/2018\/11\/BVL-container-VR-Drenthe-2.jpg","datePublished":"2017-06-27T19:14:59+00:00","dateModified":"2021-04-02T10:02:03+00:00","breadcrumb":{"@id":"https:\/\/fireware.nl\/fr\/conception\/#breadcrumb"},"inLanguage":"fr-FR","potentialAction":[{"@type":"ReadAction","target":["https:\/\/fireware.nl\/fr\/conception\/"]}]},{"@type":"ImageObject","inLanguage":"fr-FR","@id":"https:\/\/fireware.nl\/fr\/conception\/#primaryimage","url":"https:\/\/fireware.nl\/wp-content\/uploads\/2018\/11\/BVL-container-VR-Drenthe-2.jpg","contentUrl":"https:\/\/fireware.nl\/wp-content\/uploads\/2018\/11\/BVL-container-VR-Drenthe-2.jpg"},{"@type":"BreadcrumbList","@id":"https:\/\/fireware.nl\/fr\/conception\/#breadcrumb","itemListElement":[{"@type":"ListItem","position":1,"name":"Home","item":"https:\/\/fireware.nl\/fr\/"},{"@type":"ListItem","position":2,"name":"Conception"}]},{"@type":"WebSite","@id":"https:\/\/fireware.nl\/fr\/#website","url":"https:\/\/fireware.nl\/fr\/","name":"FireWare","description":"CREATING REALISTIC  TRAINING ENVIRONMENTS","publisher":{"@id":"https:\/\/fireware.nl\/fr\/#organization"},"potentialAction":[{"@type":"SearchAction","target":{"@type":"EntryPoint","urlTemplate":"https:\/\/fireware.nl\/fr\/?s={search_term_string}"},"query-input":{"@type":"PropertyValueSpecification","valueRequired":true,"valueName":"search_term_string"}}],"inLanguage":"fr-FR"},{"@type":"Organization","@id":"https:\/\/fireware.nl\/fr\/#organization","name":"FireWare","url":"https:\/\/fireware.nl\/fr\/","logo":{"@type":"ImageObject","inLanguage":"fr-FR","@id":"https:\/\/fireware.nl\/fr\/#\/schema\/logo\/image\/","url":"https:\/\/fireware.nl\/wp-content\/uploads\/2018\/10\/FireWare-logo.jpg","contentUrl":"https:\/\/fireware.nl\/wp-content\/uploads\/2018\/10\/FireWare-logo.jpg","width":171,"height":70,"caption":"FireWare"},"image":{"@id":"https:\/\/fireware.nl\/fr\/#\/schema\/logo\/image\/"},"sameAs":["https:\/\/www.facebook.com\/FireWareBV\/","https:\/\/x.com\/FireWarebv","https:\/\/www.instagram.com\/fireware_nl\/","https:\/\/www.linkedin.com\/company\/3586017\/","https:\/\/www.youtube.com\/user\/firesalesrentconsult"]}]}},"publishpress_future_action":{"enabled":false,"date":"2026-05-12 17:16:48","action":"change-status","newStatus":"draft","terms":[],"taxonomy":"translation_priority","extraData":[]},"publishpress_future_workflow_manual_trigger":{"enabledWorkflows":[]},"_links":{"self":[{"href":"https:\/\/fireware.nl\/fr\/wp-json\/wp\/v2\/pages\/10310","targetHints":{"allow":["GET"]}}],"collection":[{"href":"https:\/\/fireware.nl\/fr\/wp-json\/wp\/v2\/pages"}],"about":[{"href":"https:\/\/fireware.nl\/fr\/wp-json\/wp\/v2\/types\/page"}],"author":[{"embeddable":true,"href":"https:\/\/fireware.nl\/fr\/wp-json\/wp\/v2\/users\/2"}],"replies":[{"embeddable":true,"href":"https:\/\/fireware.nl\/fr\/wp-json\/wp\/v2\/comments?post=10310"}],"version-history":[{"count":0,"href":"https:\/\/fireware.nl\/fr\/wp-json\/wp\/v2\/pages\/10310\/revisions"}],"wp:attachment":[{"href":"https:\/\/fireware.nl\/fr\/wp-json\/wp\/v2\/media?parent=10310"}],"curies":[{"name":"wp","href":"https:\/\/api.w.org\/{rel}","templated":true}]}}