
{"id":10312,"date":"2017-06-27T19:16:29","date_gmt":"2017-06-27T19:16:29","guid":{"rendered":"http:\/\/exclusive-it-development.nl\/?page_id=847"},"modified":"2023-06-05T10:20:09","modified_gmt":"2023-06-05T10:20:09","slug":"a-propos-de-fireware","status":"publish","type":"page","link":"https:\/\/fireware.nl\/fr\/a-propos-de-fireware\/","title":{"rendered":"\u00c0 propos de FireWare"},"content":{"rendered":"\n\n\t<p>Nous vous invitons \u00e0 faire plus ample connaissance avec FireWare. Vous en saurez plus sur notre parcours, notre d\u00e9marche r\u00e9flexive et notre \u00e9quipe de collaborateurs.<\/p>\n\t\t\t\t<a href=\"https:\/\/fireware.nl\/fr\/philosophie\/\" target=\"_self\" itemprop=\"url\" rel=\"noopener\">\n\t\t\t\t<img loading=\"lazy\" decoding=\"async\" src=\"https:\/\/fireware.nl\/wp-content\/uploads\/2023\/05\/Filosofie.jpg\" alt=\"Filosofie\" itemprop=\"image\" height=\"166\" width=\"220\" title=\"Filosofie\" onerror=\"this.style.display='none'\"  \/>\n\t\t\t\t<\/a>\n\t<!DOCTYPE html>\n<html>\n<head>\n<style>\ntable, th, td {padding: 5px;}\nh2 {font-size: 22px;}\nh2 {font-weight: 450;}\n<\/style>\n<\/head>\n<body>\n<center>\n<h2>Philosophie<\/h2>\n\t\t\t\t<a href=\"https:\/\/fireware.nl\/fr\/mission-vision-valeurs-cles\/\" target=\"_self\" itemprop=\"url\" rel=\"noopener\">\n\t\t\t\t<img loading=\"lazy\" decoding=\"async\" src=\"https:\/\/fireware.nl\/wp-content\/uploads\/2023\/05\/Missie_Visie_Kernwaarden.jpg\" alt=\"Missie_Visie_Kernwaarden\" itemprop=\"image\" height=\"166\" width=\"221\" title=\"Missie_Visie_Kernwaarden\" onerror=\"this.style.display='none'\"  \/>\n\t\t\t\t<\/a>\n\t<!DOCTYPE html>\n<html>\n<head>\n<style>\ntable, th, td {padding: 5px;}\nh2 {font-size: 22px;}\nh2 {font-weight: 450;}\n<\/style>\n<\/head>\n<body>\n<center>\n<h2>Mission \/ Vison \/ Valeurs cl\u00e9s<\/h2>\n\t\t\t\t<a href=\"https:\/\/fireware.nl\/fr\/equipe\/\" target=\"_self\" itemprop=\"url\" rel=\"noopener\">\n\t\t\t\t<img loading=\"lazy\" decoding=\"async\" src=\"https:\/\/fireware.nl\/wp-content\/uploads\/2023\/05\/Team.jpg\" alt=\"Team\" itemprop=\"image\" height=\"166\" width=\"221\" title=\"Team\" onerror=\"this.style.display='none'\"  \/>\n\t\t\t\t<\/a>\n\t<!DOCTYPE html>\n<html>\n<head>\n<style>\ntable, th, td {padding: 5px;}\nh2 {font-size: 22px;}\nh2 {font-weight: 450;}\n<\/style>\n<\/head>\n<body>\n<center>\n<h2>Equipe<\/h2>\n\t\t\t\t<a href=\"https:\/\/fireware.nl\/en\/dealers\/\" target=\"_self\" itemprop=\"url\" rel=\"noopener\">\n\t\t\t\t<img loading=\"lazy\" decoding=\"async\" src=\"https:\/\/fireware.nl\/wp-content\/uploads\/2023\/05\/Dealers.jpg\" alt=\"Dealers\" itemprop=\"image\" height=\"167\" width=\"220\" title=\"Dealers\" onerror=\"this.style.display='none'\"  \/>\n\t\t\t\t<\/a>\n\t<!DOCTYPE html>\n<html>\n<head>\n<style>\ntable, th, td {padding: 5px;}\nh2 {font-size: 22px;}\nh2 {font-weight: 450;}\n<\/style>\n<\/head>\n<body>\n<center>\n<h2>Dealers<\/h2>\n\t\t\t\t<a href=\"https:\/\/fireware.nl\/fr\/partenaires\/\" target=\"_self\" itemprop=\"url\" rel=\"noopener\">\n\t\t\t\t<img loading=\"lazy\" decoding=\"async\" src=\"https:\/\/fireware.nl\/wp-content\/uploads\/2023\/05\/Partners.jpg\" alt=\"Partners\" itemprop=\"image\" height=\"167\" width=\"221\" title=\"Partners\" onerror=\"this.style.display='none'\"  \/>\n\t\t\t\t<\/a>\n\t<!DOCTYPE html>\n<html>\n<head>\n<style>\ntable, th, td {padding: 5px;}\nh2 {font-size: 22px;}\nh2 {font-weight: 450;}\n<\/style>\n<\/head>\n<body>\n<center>\n<h2>Partenaires<\/h2>\n\t\t\t\t<a href=\"https:\/\/fireware.nl\/fr\/sites\/\" target=\"_self\" itemprop=\"url\" rel=\"noopener\">\n\t\t\t\t<img loading=\"lazy\" decoding=\"async\" src=\"https:\/\/fireware.nl\/wp-content\/uploads\/2023\/05\/Locatie.jpg\" alt=\"Locatie\" itemprop=\"image\" height=\"167\" width=\"221\" title=\"Locatie\" onerror=\"this.style.display='none'\"  \/>\n\t\t\t\t<\/a>\n\t<!DOCTYPE html>\n<html>\n<head>\n<style>\ntable, th, td {padding: 5px;}\nh2 {font-size: 22px;}\nh2 {font-weight: 450;}\n<\/style>\n<\/head>\n<body>\n<center>\n<h2>Sites<\/h2>\n\t\t\t\t<a href=\"https:\/\/fireware.nl\/fr\/travailler-chez-fireware\/\" target=\"_self\" itemprop=\"url\" rel=\"noopener\">\n\t\t\t\t<img loading=\"lazy\" decoding=\"async\" src=\"https:\/\/fireware.nl\/wp-content\/uploads\/2023\/05\/Werken-bij.jpg\" alt=\"Werken bij\" itemprop=\"image\" height=\"167\" width=\"220\" title=\"Werken bij\" onerror=\"this.style.display='none'\"  \/>\n\t\t\t\t<\/a>\n\t<!DOCTYPE html>\n<html>\n<head>\n<style>\ntable, th, td {padding: 5px;}\nh2 {font-size: 22px;}\nh2 {font-weight: 450;}\n<\/style>\n<\/head>\n<body>\n<center>\n<h2>Travailler chez FireWare<\/h2>\n\t\t\t\t<a href=\"https:\/\/fireware.nl\/fr\/societe-et-durabilite\/\" target=\"_self\" itemprop=\"url\" rel=\"noopener\">\n\t\t\t\t<img loading=\"lazy\" decoding=\"async\" src=\"https:\/\/fireware.nl\/wp-content\/uploads\/2023\/05\/Maatschappij-en-duurzaamheid.jpg\" alt=\"Maatschappij en duurzaamheid\" itemprop=\"image\" height=\"167\" width=\"221\" title=\"Maatschappij en duurzaamheid\" onerror=\"this.style.display='none'\"  \/>\n\t\t\t\t<\/a>\n\t<!DOCTYPE html>\n<html>\n<head>\n<style>\ntable, th, td {padding: 5px;}\nh2 {font-size: 22px;}\nh2 {font-weight: 450;}\n<\/style>\n<\/head>\n<body>\n<center>\n<h2>Soci\u00e9te et durabilit\u00e9<\/h2>\n\t\t\t\t<a href=\"https:\/\/fireware.nl\/fr\/historique\/\" target=\"_self\" itemprop=\"url\" rel=\"noopener\">\n\t\t\t\t<img loading=\"lazy\" decoding=\"async\" src=\"https:\/\/fireware.nl\/wp-content\/uploads\/2023\/05\/Geschiedenis.jpg\" alt=\"Geschiedenis\" itemprop=\"image\" height=\"167\" width=\"221\" title=\"Geschiedenis\" onerror=\"this.style.display='none'\"  \/>\n\t\t\t\t<\/a>\n\t<!DOCTYPE html>\n<html>\n<head>\n<style>\ntable, th, td {padding: 5px;}\nh2 {font-size: 22px;}\nh2 {font-weight: 450;}\n<\/style>\n<\/head>\n<body>\n<center>\n<h2>Historique<\/h2>\n<\/center><\/body><\/html><\/center><\/body><\/html><\/center><\/body><\/html><\/center><\/body><\/html><\/center><\/body><\/html><\/center><\/body><\/html><\/center><\/body><\/html><\/center><\/body><\/html><\/center><\/body><\/html>\n","protected":false},"excerpt":{"rendered":"<p>Nous vous invitons \u00e0 faire plus ample connaissance avec FireWare. Vous en saurez plus sur notre parcours, notre d\u00e9marche r\u00e9flexive<span class=\"excerpt-ellipsis\">&#8230;<\/span><\/p>\n","protected":false},"author":2,"featured_media":0,"parent":0,"menu_order":0,"comment_status":"closed","ping_status":"closed","template":"","meta":{"footnotes":""},"class_list":["post-10312","page","type-page","status-publish","hentry"],"yoast_head":"<!-- This site is optimized with the Yoast SEO plugin v27.5 - https:\/\/yoast.com\/product\/yoast-seo-wordpress\/ -->\n<title>\u00c0 propos de FireWare - FireWare<\/title>\n<meta name=\"robots\" content=\"index, follow, max-snippet:-1, max-image-preview:large, max-video-preview:-1\" \/>\n<link rel=\"canonical\" href=\"https:\/\/fireware.nl\/fr\/a-propos-de-fireware\/\" \/>\n<meta property=\"og:locale\" content=\"fr_FR\" \/>\n<meta property=\"og:type\" content=\"article\" \/>\n<meta property=\"og:title\" content=\"\u00c0 propos de FireWare - FireWare\" \/>\n<meta property=\"og:description\" content=\"Nous vous invitons \u00e0 faire plus ample connaissance avec FireWare. Vous en saurez plus sur notre parcours, notre d\u00e9marche r\u00e9flexive...\" \/>\n<meta property=\"og:url\" content=\"https:\/\/fireware.nl\/fr\/a-propos-de-fireware\/\" \/>\n<meta property=\"og:site_name\" content=\"FireWare\" \/>\n<meta property=\"article:publisher\" content=\"https:\/\/www.facebook.com\/FireWareBV\/\" \/>\n<meta property=\"article:modified_time\" content=\"2023-06-05T10:20:09+00:00\" \/>\n<meta property=\"og:image\" content=\"https:\/\/fireware.nl\/wp-content\/uploads\/2023\/05\/Filosofie.jpg\" \/>\n<meta name=\"twitter:card\" content=\"summary_large_image\" \/>\n<meta name=\"twitter:site\" content=\"@FireWarebv\" \/>\n<script type=\"application\/ld+json\" class=\"yoast-schema-graph\">{\"@context\":\"https:\\\/\\\/schema.org\",\"@graph\":[{\"@type\":\"WebPage\",\"@id\":\"https:\\\/\\\/fireware.nl\\\/fr\\\/a-propos-de-fireware\\\/\",\"url\":\"https:\\\/\\\/fireware.nl\\\/fr\\\/a-propos-de-fireware\\\/\",\"name\":\"\u00c0 propos de FireWare - FireWare\",\"isPartOf\":{\"@id\":\"https:\\\/\\\/fireware.nl\\\/fr\\\/#website\"},\"primaryImageOfPage\":{\"@id\":\"https:\\\/\\\/fireware.nl\\\/fr\\\/a-propos-de-fireware\\\/#primaryimage\"},\"image\":{\"@id\":\"https:\\\/\\\/fireware.nl\\\/fr\\\/a-propos-de-fireware\\\/#primaryimage\"},\"thumbnailUrl\":\"https:\\\/\\\/fireware.nl\\\/wp-content\\\/uploads\\\/2023\\\/05\\\/Filosofie.jpg\",\"datePublished\":\"2017-06-27T19:16:29+00:00\",\"dateModified\":\"2023-06-05T10:20:09+00:00\",\"breadcrumb\":{\"@id\":\"https:\\\/\\\/fireware.nl\\\/fr\\\/a-propos-de-fireware\\\/#breadcrumb\"},\"inLanguage\":\"fr-FR\",\"potentialAction\":[{\"@type\":\"ReadAction\",\"target\":[\"https:\\\/\\\/fireware.nl\\\/fr\\\/a-propos-de-fireware\\\/\"]}]},{\"@type\":\"ImageObject\",\"inLanguage\":\"fr-FR\",\"@id\":\"https:\\\/\\\/fireware.nl\\\/fr\\\/a-propos-de-fireware\\\/#primaryimage\",\"url\":\"https:\\\/\\\/fireware.nl\\\/wp-content\\\/uploads\\\/2023\\\/05\\\/Filosofie.jpg\",\"contentUrl\":\"https:\\\/\\\/fireware.nl\\\/wp-content\\\/uploads\\\/2023\\\/05\\\/Filosofie.jpg\"},{\"@type\":\"BreadcrumbList\",\"@id\":\"https:\\\/\\\/fireware.nl\\\/fr\\\/a-propos-de-fireware\\\/#breadcrumb\",\"itemListElement\":[{\"@type\":\"ListItem\",\"position\":1,\"name\":\"Home\",\"item\":\"https:\\\/\\\/fireware.nl\\\/fr\\\/\"},{\"@type\":\"ListItem\",\"position\":2,\"name\":\"\u00c0 propos de FireWare\"}]},{\"@type\":\"WebSite\",\"@id\":\"https:\\\/\\\/fireware.nl\\\/fr\\\/#website\",\"url\":\"https:\\\/\\\/fireware.nl\\\/fr\\\/\",\"name\":\"FireWare\",\"description\":\"CREATING REALISTIC  TRAINING ENVIRONMENTS\",\"publisher\":{\"@id\":\"https:\\\/\\\/fireware.nl\\\/fr\\\/#organization\"},\"potentialAction\":[{\"@type\":\"SearchAction\",\"target\":{\"@type\":\"EntryPoint\",\"urlTemplate\":\"https:\\\/\\\/fireware.nl\\\/fr\\\/?s={search_term_string}\"},\"query-input\":{\"@type\":\"PropertyValueSpecification\",\"valueRequired\":true,\"valueName\":\"search_term_string\"}}],\"inLanguage\":\"fr-FR\"},{\"@type\":\"Organization\",\"@id\":\"https:\\\/\\\/fireware.nl\\\/fr\\\/#organization\",\"name\":\"FireWare\",\"url\":\"https:\\\/\\\/fireware.nl\\\/fr\\\/\",\"logo\":{\"@type\":\"ImageObject\",\"inLanguage\":\"fr-FR\",\"@id\":\"https:\\\/\\\/fireware.nl\\\/fr\\\/#\\\/schema\\\/logo\\\/image\\\/\",\"url\":\"https:\\\/\\\/fireware.nl\\\/wp-content\\\/uploads\\\/2018\\\/10\\\/FireWare-logo.jpg\",\"contentUrl\":\"https:\\\/\\\/fireware.nl\\\/wp-content\\\/uploads\\\/2018\\\/10\\\/FireWare-logo.jpg\",\"width\":171,\"height\":70,\"caption\":\"FireWare\"},\"image\":{\"@id\":\"https:\\\/\\\/fireware.nl\\\/fr\\\/#\\\/schema\\\/logo\\\/image\\\/\"},\"sameAs\":[\"https:\\\/\\\/www.facebook.com\\\/FireWareBV\\\/\",\"https:\\\/\\\/x.com\\\/FireWarebv\",\"https:\\\/\\\/www.instagram.com\\\/fireware_nl\\\/\",\"https:\\\/\\\/www.linkedin.com\\\/company\\\/3586017\\\/\",\"https:\\\/\\\/www.youtube.com\\\/user\\\/firesalesrentconsult\"]}]}<\/script>\n<!-- \/ Yoast SEO plugin. -->","yoast_head_json":{"title":"\u00c0 propos de FireWare - FireWare","robots":{"index":"index","follow":"follow","max-snippet":"max-snippet:-1","max-image-preview":"max-image-preview:large","max-video-preview":"max-video-preview:-1"},"canonical":"https:\/\/fireware.nl\/fr\/a-propos-de-fireware\/","og_locale":"fr_FR","og_type":"article","og_title":"\u00c0 propos de FireWare - FireWare","og_description":"Nous vous invitons \u00e0 faire plus ample connaissance avec FireWare. Vous en saurez plus sur notre parcours, notre d\u00e9marche r\u00e9flexive...","og_url":"https:\/\/fireware.nl\/fr\/a-propos-de-fireware\/","og_site_name":"FireWare","article_publisher":"https:\/\/www.facebook.com\/FireWareBV\/","article_modified_time":"2023-06-05T10:20:09+00:00","og_image":[{"url":"https:\/\/fireware.nl\/wp-content\/uploads\/2023\/05\/Filosofie.jpg","type":"","width":"","height":""}],"twitter_card":"summary_large_image","twitter_site":"@FireWarebv","schema":{"@context":"https:\/\/schema.org","@graph":[{"@type":"WebPage","@id":"https:\/\/fireware.nl\/fr\/a-propos-de-fireware\/","url":"https:\/\/fireware.nl\/fr\/a-propos-de-fireware\/","name":"\u00c0 propos de FireWare - FireWare","isPartOf":{"@id":"https:\/\/fireware.nl\/fr\/#website"},"primaryImageOfPage":{"@id":"https:\/\/fireware.nl\/fr\/a-propos-de-fireware\/#primaryimage"},"image":{"@id":"https:\/\/fireware.nl\/fr\/a-propos-de-fireware\/#primaryimage"},"thumbnailUrl":"https:\/\/fireware.nl\/wp-content\/uploads\/2023\/05\/Filosofie.jpg","datePublished":"2017-06-27T19:16:29+00:00","dateModified":"2023-06-05T10:20:09+00:00","breadcrumb":{"@id":"https:\/\/fireware.nl\/fr\/a-propos-de-fireware\/#breadcrumb"},"inLanguage":"fr-FR","potentialAction":[{"@type":"ReadAction","target":["https:\/\/fireware.nl\/fr\/a-propos-de-fireware\/"]}]},{"@type":"ImageObject","inLanguage":"fr-FR","@id":"https:\/\/fireware.nl\/fr\/a-propos-de-fireware\/#primaryimage","url":"https:\/\/fireware.nl\/wp-content\/uploads\/2023\/05\/Filosofie.jpg","contentUrl":"https:\/\/fireware.nl\/wp-content\/uploads\/2023\/05\/Filosofie.jpg"},{"@type":"BreadcrumbList","@id":"https:\/\/fireware.nl\/fr\/a-propos-de-fireware\/#breadcrumb","itemListElement":[{"@type":"ListItem","position":1,"name":"Home","item":"https:\/\/fireware.nl\/fr\/"},{"@type":"ListItem","position":2,"name":"\u00c0 propos de FireWare"}]},{"@type":"WebSite","@id":"https:\/\/fireware.nl\/fr\/#website","url":"https:\/\/fireware.nl\/fr\/","name":"FireWare","description":"CREATING REALISTIC  TRAINING ENVIRONMENTS","publisher":{"@id":"https:\/\/fireware.nl\/fr\/#organization"},"potentialAction":[{"@type":"SearchAction","target":{"@type":"EntryPoint","urlTemplate":"https:\/\/fireware.nl\/fr\/?s={search_term_string}"},"query-input":{"@type":"PropertyValueSpecification","valueRequired":true,"valueName":"search_term_string"}}],"inLanguage":"fr-FR"},{"@type":"Organization","@id":"https:\/\/fireware.nl\/fr\/#organization","name":"FireWare","url":"https:\/\/fireware.nl\/fr\/","logo":{"@type":"ImageObject","inLanguage":"fr-FR","@id":"https:\/\/fireware.nl\/fr\/#\/schema\/logo\/image\/","url":"https:\/\/fireware.nl\/wp-content\/uploads\/2018\/10\/FireWare-logo.jpg","contentUrl":"https:\/\/fireware.nl\/wp-content\/uploads\/2018\/10\/FireWare-logo.jpg","width":171,"height":70,"caption":"FireWare"},"image":{"@id":"https:\/\/fireware.nl\/fr\/#\/schema\/logo\/image\/"},"sameAs":["https:\/\/www.facebook.com\/FireWareBV\/","https:\/\/x.com\/FireWarebv","https:\/\/www.instagram.com\/fireware_nl\/","https:\/\/www.linkedin.com\/company\/3586017\/","https:\/\/www.youtube.com\/user\/firesalesrentconsult"]}]}},"publishpress_future_action":{"enabled":false,"date":"2026-05-12 17:16:49","action":"change-status","newStatus":"draft","terms":[],"taxonomy":"translation_priority","extraData":[]},"publishpress_future_workflow_manual_trigger":{"enabledWorkflows":[]},"_links":{"self":[{"href":"https:\/\/fireware.nl\/fr\/wp-json\/wp\/v2\/pages\/10312","targetHints":{"allow":["GET"]}}],"collection":[{"href":"https:\/\/fireware.nl\/fr\/wp-json\/wp\/v2\/pages"}],"about":[{"href":"https:\/\/fireware.nl\/fr\/wp-json\/wp\/v2\/types\/page"}],"author":[{"embeddable":true,"href":"https:\/\/fireware.nl\/fr\/wp-json\/wp\/v2\/users\/2"}],"replies":[{"embeddable":true,"href":"https:\/\/fireware.nl\/fr\/wp-json\/wp\/v2\/comments?post=10312"}],"version-history":[{"count":1,"href":"https:\/\/fireware.nl\/fr\/wp-json\/wp\/v2\/pages\/10312\/revisions"}],"predecessor-version":[{"id":80545,"href":"https:\/\/fireware.nl\/fr\/wp-json\/wp\/v2\/pages\/10312\/revisions\/80545"}],"wp:attachment":[{"href":"https:\/\/fireware.nl\/fr\/wp-json\/wp\/v2\/media?parent=10312"}],"curies":[{"name":"wp","href":"https:\/\/api.w.org\/{rel}","templated":true}]}}