
{"id":10316,"date":"2017-08-15T10:01:25","date_gmt":"2017-08-15T10:01:25","guid":{"rendered":"http:\/\/exclusive-it-development.nl\/?page_id=2604"},"modified":"2023-06-05T11:52:05","modified_gmt":"2023-06-05T11:52:05","slug":"mission-vision-valeurs-cles","status":"publish","type":"page","link":"https:\/\/fireware.nl\/fr\/mission-vision-valeurs-cles\/","title":{"rendered":"Mission \/ Vison \/ Valeurs cl\u00e9s"},"content":{"rendered":"\n\n<h4>Mission<\/h4>\n<p>Nous mettons tout en \u0153uvre pour que les secouristes des quatre coins du monde puissent s&#8217;entra\u00eener de la mani\u00e8re la plus r\u00e9aliste qui soit. La stimulation d&#8217;un maximum de sens inspir\u00e9e des techniques th\u00e9\u00e2trales nous d\u00e9marque des autres acteurs du secteur. Nous aidons ainsi les secouristes \u00e0 devenir et \u00e0 rester comp\u00e9tents dans leur domaine.<\/p>\n<h4>Vision<\/h4>\n<p>En collaboration avec notre \u00e9quipe de collaborateurs enthousiastes et cr\u00e9atifs, nous d\u00e9veloppons et fournissons des solutions d&#8217;exercice et de formation destin\u00e9es aux m\u00e9tiers du secourisme. Notre inspiration des techniques th\u00e9\u00e2trales fait que nos solutions se distinguent en termes de r\u00e9alisme.<\/p>\n<p>Nous combinons la cr\u00e9ativit\u00e9 et les techniques \u00e9prouv\u00e9es pour imaginer des solutions innovantes qui font la diff\u00e9rence au niveau de l&#8217;exp\u00e9rience de formation.<\/p>\n<p>Nous insufflons de l&#8217;inspiration \u00e0 nos clients et nos fournisseurs, ainsi qu&#8217;aux acteurs de notre industrie. La durabilit\u00e9 et la fiabilit\u00e9 se manifestent dans tous nos projets.<\/p>\n<p>Nous visons des relations \u00e0 long terme avec nos clients et nos fournisseurs en leur offrant chaque jour de la valeur ajout\u00e9e. Pour y parvenir, nous recherchons l&#8217;excellence dans tous nos produits, processus et services, mais surtout en continuant \u00e0 agir avec authenticit\u00e9 et honn\u00eatet\u00e9.<\/p>\n<h4>Valeurs Cl\u00e9s<\/h4>\n\t\t\t\t<img loading=\"lazy\" decoding=\"async\" src=\"https:\/\/fireware.nl\/wp-content\/uploads\/2023\/05\/Inspirerend_v2.jpg\" alt=\"Inspirerend_v2\" itemprop=\"image\" height=\"167\" width=\"220\" title=\"Inspirerend_v2\" onerror=\"this.style.display='none'\"  \/>\n\t<h4>Collaboration fond\u00e9e sur l&#8217;inspiration<\/h4>\n\t<p>FireWare inspire ses clients et les acteurs du secteur avec ses concepts cr\u00e9atifs et son approche cocr\u00e9ative. En restant ouverts \u00e0 notre environnement et en apprenant de ce qui nous entoure, nous conservons notre position de novateur et obtenons ensemble les meilleurs r\u00e9sultats.<\/p>\n\t\t\t\t<img loading=\"lazy\" decoding=\"async\" src=\"https:\/\/fireware.nl\/wp-content\/uploads\/2023\/05\/Creatief.jpg\" alt=\"Creatief\" itemprop=\"image\" height=\"167\" width=\"221\" title=\"Creatief\" onerror=\"this.style.display='none'\"  \/>\n\t<h4>Cr\u00e9ativit\u00e9<\/h4>\n\t<p>Nous recherchons des solutions originales aux probl\u00e8mes et aux d\u00e9fis. Nous cr\u00e9ons de nouveaux produits et des solutions innovantes \u00e0 partir d&#8217;une feuille blanche ou d&#8217;une id\u00e9e d\u00e9j\u00e0 esquiss\u00e9e. Ce faisant, nous sommes \u00e0 m\u00eame de transposer des exigences fonctionnelles dans un projet pratique, esth\u00e9tique et bien r\u00e9fl\u00e9chi, tout en ne perdant pas de vue les int\u00e9r\u00eats des utilisateurs.<\/p>\n\t\t\t\t<img loading=\"lazy\" decoding=\"async\" src=\"https:\/\/fireware.nl\/wp-content\/uploads\/2023\/05\/Betrouwbaar.jpg\" alt=\"Betrouwbaar\" itemprop=\"image\" height=\"167\" width=\"221\" title=\"Betrouwbaar\" onerror=\"this.style.display='none'\"  \/>\n\t<h4>Fiabilit\u00e9<\/h4>\n\t<p>Nous tenons nos promesses. Nous pr\u00e9f\u00e9rons dire \u00ab non \u00bb, voire m\u00eame orienter un client vers une autre soci\u00e9t\u00e9, plut\u00f4t que de manquer \u00e0 notre parole.<\/p>\n\t\t\t\t<img loading=\"lazy\" decoding=\"async\" src=\"https:\/\/fireware.nl\/wp-content\/uploads\/2023\/05\/Duurzaam.jpg\" alt=\"Duurzaam\" itemprop=\"image\" height=\"167\" width=\"220\" title=\"Duurzaam\" onerror=\"this.style.display='none'\"  \/>\n\t<h4>\u00a0Durabilit\u00e9<\/h4>\n\t<p>Nous sommes conscients du fait que notre plan\u00e8te ne nous appartient pas et que nous devons la traiter en bon p\u00e8re de famille. C&#8217;est la raison pour laquelle nous accordons tant d&#8217;importance aux th\u00e8mes du d\u00e9veloppement durable et de l&#8217;environnement. Cela commence par de petites choses, telles que le tri des d\u00e9chets, mais ils sont \u00e9galement pr\u00e9sents dans notre esprit lors de la conception de nos solutions.<\/p>\n\t\t\t\t<img loading=\"lazy\" decoding=\"async\" src=\"https:\/\/fireware.nl\/wp-content\/uploads\/2023\/05\/Authentiek.jpg\" alt=\"Authentiek\" itemprop=\"image\" height=\"167\" width=\"221\" title=\"Authentiek\" onerror=\"this.style.display='none'\"  \/>\n\t<h4>Authenticit\u00e9<\/h4>\n\t<p>Nous restons fid\u00e8les \u00e0 nous-m\u00eames. Nos ant\u00e9c\u00e9dents dans les domaines des techniques th\u00e9\u00e2trales et de la cr\u00e9ativit\u00e9 transparaissent dans tous nos produits et services. L&#8217;humour, une pointe d&#8217;ironie ci et l\u00e0 et la gaiet\u00e9 font partie de la culture de FireWare, mais ils n&#8217;enl\u00e8vent rien au respect que nous portons \u00e0 nos clients, fournisseurs, collaborateurs et autres parties prenantes. Nous ciblons les meilleurs r\u00e9sultats possibles et les relations \u00e0 long terme.<\/p>\n\t\t\t\t<img loading=\"lazy\" decoding=\"async\" src=\"https:\/\/fireware.nl\/wp-content\/uploads\/2023\/05\/Excellent.jpg\" alt=\"Excellent\" itemprop=\"image\" height=\"167\" width=\"221\" title=\"Excellent\" onerror=\"this.style.display='none'\"  \/>\n\t<h4>Excellence<\/h4>\n\t<p>Nous visons l&#8217;excellence pour nos produits, processus et services. Nous sommes conscients que l&#8217;am\u00e9lioration continue est la cl\u00e9 de cette ambition. \u00c0 cette fin, nous pr\u00e9conisons une culture o\u00f9 la critique constructive est la bienvenue et o\u00f9 l&#8217;ouverture d&#8217;esprit est omnipr\u00e9sente vis-\u00e0-vis des nouvelles id\u00e9es de chacun.<\/p>\n\n","protected":false},"excerpt":{"rendered":"<p>Mission Nous mettons tout en \u0153uvre pour que les secouristes des quatre coins du monde puissent s&#8217;entra\u00eener de la mani\u00e8re<span class=\"excerpt-ellipsis\">&#8230;<\/span><\/p>\n","protected":false},"author":2,"featured_media":0,"parent":0,"menu_order":0,"comment_status":"closed","ping_status":"closed","template":"","meta":{"footnotes":""},"class_list":["post-10316","page","type-page","status-publish","hentry"],"yoast_head":"<!-- This site is optimized with the Yoast SEO plugin v27.5 - https:\/\/yoast.com\/product\/yoast-seo-wordpress\/ -->\n<title>Mission \/ Vison \/ Valeurs cl\u00e9s - FireWare<\/title>\n<meta name=\"robots\" content=\"index, follow, max-snippet:-1, max-image-preview:large, max-video-preview:-1\" \/>\n<link rel=\"canonical\" href=\"https:\/\/fireware.nl\/fr\/mission-vision-valeurs-cles\/\" \/>\n<meta property=\"og:locale\" content=\"fr_FR\" \/>\n<meta property=\"og:type\" content=\"article\" \/>\n<meta property=\"og:title\" content=\"Mission \/ Vison \/ Valeurs cl\u00e9s - FireWare\" \/>\n<meta property=\"og:description\" content=\"Mission Nous mettons tout en \u0153uvre pour que les secouristes des quatre coins du monde puissent s&#8217;entra\u00eener de la mani\u00e8re...\" \/>\n<meta property=\"og:url\" content=\"https:\/\/fireware.nl\/fr\/mission-vision-valeurs-cles\/\" \/>\n<meta property=\"og:site_name\" content=\"FireWare\" \/>\n<meta property=\"article:publisher\" content=\"https:\/\/www.facebook.com\/FireWareBV\/\" \/>\n<meta property=\"article:modified_time\" content=\"2023-06-05T11:52:05+00:00\" \/>\n<meta property=\"og:image\" content=\"https:\/\/fireware.nl\/wp-content\/uploads\/2023\/05\/Inspirerend_v2.jpg\" \/>\n<meta name=\"twitter:card\" content=\"summary_large_image\" \/>\n<meta name=\"twitter:site\" content=\"@FireWarebv\" \/>\n<meta name=\"twitter:label1\" content=\"Dur\u00e9e de lecture estim\u00e9e\" \/>\n\t<meta name=\"twitter:data1\" content=\"3 minutes\" \/>\n<script type=\"application\/ld+json\" class=\"yoast-schema-graph\">{\"@context\":\"https:\\\/\\\/schema.org\",\"@graph\":[{\"@type\":\"WebPage\",\"@id\":\"https:\\\/\\\/fireware.nl\\\/fr\\\/mission-vision-valeurs-cles\\\/\",\"url\":\"https:\\\/\\\/fireware.nl\\\/fr\\\/mission-vision-valeurs-cles\\\/\",\"name\":\"Mission \\\/ Vison \\\/ Valeurs cl\u00e9s - FireWare\",\"isPartOf\":{\"@id\":\"https:\\\/\\\/fireware.nl\\\/fr\\\/#website\"},\"primaryImageOfPage\":{\"@id\":\"https:\\\/\\\/fireware.nl\\\/fr\\\/mission-vision-valeurs-cles\\\/#primaryimage\"},\"image\":{\"@id\":\"https:\\\/\\\/fireware.nl\\\/fr\\\/mission-vision-valeurs-cles\\\/#primaryimage\"},\"thumbnailUrl\":\"https:\\\/\\\/fireware.nl\\\/wp-content\\\/uploads\\\/2023\\\/05\\\/Inspirerend_v2.jpg\",\"datePublished\":\"2017-08-15T10:01:25+00:00\",\"dateModified\":\"2023-06-05T11:52:05+00:00\",\"breadcrumb\":{\"@id\":\"https:\\\/\\\/fireware.nl\\\/fr\\\/mission-vision-valeurs-cles\\\/#breadcrumb\"},\"inLanguage\":\"fr-FR\",\"potentialAction\":[{\"@type\":\"ReadAction\",\"target\":[\"https:\\\/\\\/fireware.nl\\\/fr\\\/mission-vision-valeurs-cles\\\/\"]}]},{\"@type\":\"ImageObject\",\"inLanguage\":\"fr-FR\",\"@id\":\"https:\\\/\\\/fireware.nl\\\/fr\\\/mission-vision-valeurs-cles\\\/#primaryimage\",\"url\":\"https:\\\/\\\/fireware.nl\\\/wp-content\\\/uploads\\\/2023\\\/05\\\/Inspirerend_v2.jpg\",\"contentUrl\":\"https:\\\/\\\/fireware.nl\\\/wp-content\\\/uploads\\\/2023\\\/05\\\/Inspirerend_v2.jpg\"},{\"@type\":\"BreadcrumbList\",\"@id\":\"https:\\\/\\\/fireware.nl\\\/fr\\\/mission-vision-valeurs-cles\\\/#breadcrumb\",\"itemListElement\":[{\"@type\":\"ListItem\",\"position\":1,\"name\":\"Home\",\"item\":\"https:\\\/\\\/fireware.nl\\\/fr\\\/\"},{\"@type\":\"ListItem\",\"position\":2,\"name\":\"Mission \\\/ Vison \\\/ Valeurs cl\u00e9s\"}]},{\"@type\":\"WebSite\",\"@id\":\"https:\\\/\\\/fireware.nl\\\/fr\\\/#website\",\"url\":\"https:\\\/\\\/fireware.nl\\\/fr\\\/\",\"name\":\"FireWare\",\"description\":\"CREATING REALISTIC  TRAINING ENVIRONMENTS\",\"publisher\":{\"@id\":\"https:\\\/\\\/fireware.nl\\\/fr\\\/#organization\"},\"potentialAction\":[{\"@type\":\"SearchAction\",\"target\":{\"@type\":\"EntryPoint\",\"urlTemplate\":\"https:\\\/\\\/fireware.nl\\\/fr\\\/?s={search_term_string}\"},\"query-input\":{\"@type\":\"PropertyValueSpecification\",\"valueRequired\":true,\"valueName\":\"search_term_string\"}}],\"inLanguage\":\"fr-FR\"},{\"@type\":\"Organization\",\"@id\":\"https:\\\/\\\/fireware.nl\\\/fr\\\/#organization\",\"name\":\"FireWare\",\"url\":\"https:\\\/\\\/fireware.nl\\\/fr\\\/\",\"logo\":{\"@type\":\"ImageObject\",\"inLanguage\":\"fr-FR\",\"@id\":\"https:\\\/\\\/fireware.nl\\\/fr\\\/#\\\/schema\\\/logo\\\/image\\\/\",\"url\":\"https:\\\/\\\/fireware.nl\\\/wp-content\\\/uploads\\\/2018\\\/10\\\/FireWare-logo.jpg\",\"contentUrl\":\"https:\\\/\\\/fireware.nl\\\/wp-content\\\/uploads\\\/2018\\\/10\\\/FireWare-logo.jpg\",\"width\":171,\"height\":70,\"caption\":\"FireWare\"},\"image\":{\"@id\":\"https:\\\/\\\/fireware.nl\\\/fr\\\/#\\\/schema\\\/logo\\\/image\\\/\"},\"sameAs\":[\"https:\\\/\\\/www.facebook.com\\\/FireWareBV\\\/\",\"https:\\\/\\\/x.com\\\/FireWarebv\",\"https:\\\/\\\/www.instagram.com\\\/fireware_nl\\\/\",\"https:\\\/\\\/www.linkedin.com\\\/company\\\/3586017\\\/\",\"https:\\\/\\\/www.youtube.com\\\/user\\\/firesalesrentconsult\"]}]}<\/script>\n<!-- \/ Yoast SEO plugin. -->","yoast_head_json":{"title":"Mission \/ Vison \/ Valeurs cl\u00e9s - FireWare","robots":{"index":"index","follow":"follow","max-snippet":"max-snippet:-1","max-image-preview":"max-image-preview:large","max-video-preview":"max-video-preview:-1"},"canonical":"https:\/\/fireware.nl\/fr\/mission-vision-valeurs-cles\/","og_locale":"fr_FR","og_type":"article","og_title":"Mission \/ Vison \/ Valeurs cl\u00e9s - FireWare","og_description":"Mission Nous mettons tout en \u0153uvre pour que les secouristes des quatre coins du monde puissent s&#8217;entra\u00eener de la mani\u00e8re...","og_url":"https:\/\/fireware.nl\/fr\/mission-vision-valeurs-cles\/","og_site_name":"FireWare","article_publisher":"https:\/\/www.facebook.com\/FireWareBV\/","article_modified_time":"2023-06-05T11:52:05+00:00","og_image":[{"url":"https:\/\/fireware.nl\/wp-content\/uploads\/2023\/05\/Inspirerend_v2.jpg","type":"","width":"","height":""}],"twitter_card":"summary_large_image","twitter_site":"@FireWarebv","twitter_misc":{"Dur\u00e9e de lecture estim\u00e9e":"3 minutes"},"schema":{"@context":"https:\/\/schema.org","@graph":[{"@type":"WebPage","@id":"https:\/\/fireware.nl\/fr\/mission-vision-valeurs-cles\/","url":"https:\/\/fireware.nl\/fr\/mission-vision-valeurs-cles\/","name":"Mission \/ Vison \/ Valeurs cl\u00e9s - FireWare","isPartOf":{"@id":"https:\/\/fireware.nl\/fr\/#website"},"primaryImageOfPage":{"@id":"https:\/\/fireware.nl\/fr\/mission-vision-valeurs-cles\/#primaryimage"},"image":{"@id":"https:\/\/fireware.nl\/fr\/mission-vision-valeurs-cles\/#primaryimage"},"thumbnailUrl":"https:\/\/fireware.nl\/wp-content\/uploads\/2023\/05\/Inspirerend_v2.jpg","datePublished":"2017-08-15T10:01:25+00:00","dateModified":"2023-06-05T11:52:05+00:00","breadcrumb":{"@id":"https:\/\/fireware.nl\/fr\/mission-vision-valeurs-cles\/#breadcrumb"},"inLanguage":"fr-FR","potentialAction":[{"@type":"ReadAction","target":["https:\/\/fireware.nl\/fr\/mission-vision-valeurs-cles\/"]}]},{"@type":"ImageObject","inLanguage":"fr-FR","@id":"https:\/\/fireware.nl\/fr\/mission-vision-valeurs-cles\/#primaryimage","url":"https:\/\/fireware.nl\/wp-content\/uploads\/2023\/05\/Inspirerend_v2.jpg","contentUrl":"https:\/\/fireware.nl\/wp-content\/uploads\/2023\/05\/Inspirerend_v2.jpg"},{"@type":"BreadcrumbList","@id":"https:\/\/fireware.nl\/fr\/mission-vision-valeurs-cles\/#breadcrumb","itemListElement":[{"@type":"ListItem","position":1,"name":"Home","item":"https:\/\/fireware.nl\/fr\/"},{"@type":"ListItem","position":2,"name":"Mission \/ Vison \/ Valeurs cl\u00e9s"}]},{"@type":"WebSite","@id":"https:\/\/fireware.nl\/fr\/#website","url":"https:\/\/fireware.nl\/fr\/","name":"FireWare","description":"CREATING REALISTIC  TRAINING ENVIRONMENTS","publisher":{"@id":"https:\/\/fireware.nl\/fr\/#organization"},"potentialAction":[{"@type":"SearchAction","target":{"@type":"EntryPoint","urlTemplate":"https:\/\/fireware.nl\/fr\/?s={search_term_string}"},"query-input":{"@type":"PropertyValueSpecification","valueRequired":true,"valueName":"search_term_string"}}],"inLanguage":"fr-FR"},{"@type":"Organization","@id":"https:\/\/fireware.nl\/fr\/#organization","name":"FireWare","url":"https:\/\/fireware.nl\/fr\/","logo":{"@type":"ImageObject","inLanguage":"fr-FR","@id":"https:\/\/fireware.nl\/fr\/#\/schema\/logo\/image\/","url":"https:\/\/fireware.nl\/wp-content\/uploads\/2018\/10\/FireWare-logo.jpg","contentUrl":"https:\/\/fireware.nl\/wp-content\/uploads\/2018\/10\/FireWare-logo.jpg","width":171,"height":70,"caption":"FireWare"},"image":{"@id":"https:\/\/fireware.nl\/fr\/#\/schema\/logo\/image\/"},"sameAs":["https:\/\/www.facebook.com\/FireWareBV\/","https:\/\/x.com\/FireWarebv","https:\/\/www.instagram.com\/fireware_nl\/","https:\/\/www.linkedin.com\/company\/3586017\/","https:\/\/www.youtube.com\/user\/firesalesrentconsult"]}]}},"publishpress_future_action":{"enabled":false,"date":"2026-05-12 18:29:16","action":"change-status","newStatus":"draft","terms":[],"taxonomy":"translation_priority","extraData":[]},"publishpress_future_workflow_manual_trigger":{"enabledWorkflows":[]},"_links":{"self":[{"href":"https:\/\/fireware.nl\/fr\/wp-json\/wp\/v2\/pages\/10316","targetHints":{"allow":["GET"]}}],"collection":[{"href":"https:\/\/fireware.nl\/fr\/wp-json\/wp\/v2\/pages"}],"about":[{"href":"https:\/\/fireware.nl\/fr\/wp-json\/wp\/v2\/types\/page"}],"author":[{"embeddable":true,"href":"https:\/\/fireware.nl\/fr\/wp-json\/wp\/v2\/users\/2"}],"replies":[{"embeddable":true,"href":"https:\/\/fireware.nl\/fr\/wp-json\/wp\/v2\/comments?post=10316"}],"version-history":[{"count":2,"href":"https:\/\/fireware.nl\/fr\/wp-json\/wp\/v2\/pages\/10316\/revisions"}],"predecessor-version":[{"id":80554,"href":"https:\/\/fireware.nl\/fr\/wp-json\/wp\/v2\/pages\/10316\/revisions\/80554"}],"wp:attachment":[{"href":"https:\/\/fireware.nl\/fr\/wp-json\/wp\/v2\/media?parent=10316"}],"curies":[{"name":"wp","href":"https:\/\/api.w.org\/{rel}","templated":true}]}}