
{"id":10318,"date":"2017-08-15T10:24:39","date_gmt":"2017-08-15T10:24:39","guid":{"rendered":"http:\/\/exclusive-it-development.nl\/?page_id=2670"},"modified":"2019-02-01T09:58:19","modified_gmt":"2019-02-01T09:58:19","slug":"sites","status":"publish","type":"page","link":"https:\/\/fireware.nl\/fr\/sites\/","title":{"rendered":"Sites"},"content":{"rendered":"\n\t<p><img decoding=\"async\" src=\"https:\/\/fireware.nl\/wp-content\/uploads\/Locatie-Wieringerwerf.png\" \/><\/p>\n<h4>Wieringerwerf<\/h4>\n<p>FireWare est \u00e9tabli depuis 2013 dans ses nouveaux locaux sis Stek 5 \u00e0 Wieringerwerf. C&#8217;est l\u00e0 o\u00f9 travaillent les membres de l&#8217;\u00e9quipe de FireWare. Outre le service technique parfaitement structur\u00e9, ce sont \u00e9galement les bureaux clairs, la grande table accueillante et la machine \u00e0 caf\u00e9 qui font de ces lieux un environnement de travail agr\u00e9able.<\/p>\n<p>Les visiteurs ont \u00e0 leur disposition un showroom am\u00e9nag\u00e9 o\u00f9 ils peuvent d\u00e9couvrir et tester en situation r\u00e9elle des diff\u00e9rentes \u00e9quipements. La salle de brainstorming ultramoderne a d\u00e9j\u00e0 vu na\u00eetre bien des projets et id\u00e9es.\u00a0Une salle pour les exercices pratiques \u00e9quip\u00e9e de maisonnettes d&#8217;entra\u00eenement est pr\u00e9vue pour les exercices de simulation.<\/p>\n<p>L&#8217;entrep\u00f4t est principalement d\u00e9di\u00e9 \u00e0 la pr\u00e9paration et l&#8217;envoi des commandes, au stockage et au conditionnement du mat\u00e9riel de location. Le service technique s&#8217;occupe de l&#8217;assemblage, maintenance et r\u00e9paration des produits.<\/p>\n\t<p><img decoding=\"async\" src=\"https:\/\/fireware.nl\/wp-content\/uploads\/dealerkaart-fireware-V1.png\" \/><\/p>\n<h4>Distributeurs<\/h4>\n<p>Les produits de FireWare \u00e9tant \u00e9galement populaires en dehors des Pays-Bas, la soci\u00e9t\u00e9 a mis en place un r\u00e9seau international de distributeurs. Ces distributeurs peuvent compter sur une assistance sans faille de FireWare.<\/p>\n<p>\u00c0 cette fin, FireWare organise r\u00e9guli\u00e8rement des formations pour perfectionner les distributeurs sur les derniers d\u00e9veloppements des produits et services de la soci\u00e9t\u00e9, afin qu&#8217;ils puissent fournir des services optimaux et r\u00e9agir plus promptement !<\/p>\n<p>Vous trouverez une vue d&#8217;ensemble de nos distributeurs sur la\u00a0<a href=\"https:\/\/fireware.nl\/fr\/dealers\/\">page des distributeurs<\/a>.<\/p>\n","protected":false},"excerpt":{"rendered":"<p>Wieringerwerf FireWare est \u00e9tabli depuis 2013 dans ses nouveaux locaux sis Stek 5 \u00e0 Wieringerwerf. C&#8217;est l\u00e0 o\u00f9 travaillent les<span class=\"excerpt-ellipsis\">&#8230;<\/span><\/p>\n","protected":false},"author":2,"featured_media":0,"parent":0,"menu_order":0,"comment_status":"closed","ping_status":"closed","template":"","meta":{"footnotes":""},"class_list":["post-10318","page","type-page","status-publish","hentry"],"yoast_head":"<!-- This site is optimized with the Yoast SEO plugin v27.5 - https:\/\/yoast.com\/product\/yoast-seo-wordpress\/ -->\n<title>Sites - FireWare<\/title>\n<meta name=\"robots\" content=\"index, follow, max-snippet:-1, max-image-preview:large, max-video-preview:-1\" \/>\n<link rel=\"canonical\" href=\"https:\/\/fireware.nl\/fr\/sites\/\" \/>\n<meta property=\"og:locale\" content=\"fr_FR\" \/>\n<meta property=\"og:type\" content=\"article\" \/>\n<meta property=\"og:title\" content=\"Sites - FireWare\" \/>\n<meta property=\"og:description\" content=\"Wieringerwerf FireWare est \u00e9tabli depuis 2013 dans ses nouveaux locaux sis Stek 5 \u00e0 Wieringerwerf. C&#8217;est l\u00e0 o\u00f9 travaillent les...\" \/>\n<meta property=\"og:url\" content=\"https:\/\/fireware.nl\/fr\/sites\/\" \/>\n<meta property=\"og:site_name\" content=\"FireWare\" \/>\n<meta property=\"article:publisher\" content=\"https:\/\/www.facebook.com\/FireWareBV\/\" \/>\n<meta property=\"article:modified_time\" content=\"2019-02-01T09:58:19+00:00\" \/>\n<meta property=\"og:image\" content=\"https:\/\/fireware.nl\/wp-content\/uploads\/Locatie-Wieringerwerf.png\" \/>\n<meta name=\"twitter:card\" content=\"summary_large_image\" \/>\n<meta name=\"twitter:site\" content=\"@FireWarebv\" \/>\n<meta name=\"twitter:label1\" content=\"Dur\u00e9e de lecture estim\u00e9e\" \/>\n\t<meta name=\"twitter:data1\" content=\"1 minute\" \/>\n<script type=\"application\/ld+json\" class=\"yoast-schema-graph\">{\"@context\":\"https:\\\/\\\/schema.org\",\"@graph\":[{\"@type\":\"WebPage\",\"@id\":\"https:\\\/\\\/fireware.nl\\\/fr\\\/sites\\\/\",\"url\":\"https:\\\/\\\/fireware.nl\\\/fr\\\/sites\\\/\",\"name\":\"Sites - FireWare\",\"isPartOf\":{\"@id\":\"https:\\\/\\\/fireware.nl\\\/fr\\\/#website\"},\"primaryImageOfPage\":{\"@id\":\"https:\\\/\\\/fireware.nl\\\/fr\\\/sites\\\/#primaryimage\"},\"image\":{\"@id\":\"https:\\\/\\\/fireware.nl\\\/fr\\\/sites\\\/#primaryimage\"},\"thumbnailUrl\":\"https:\\\/\\\/fireware.nl\\\/wp-content\\\/uploads\\\/Locatie-Wieringerwerf.png\",\"datePublished\":\"2017-08-15T10:24:39+00:00\",\"dateModified\":\"2019-02-01T09:58:19+00:00\",\"breadcrumb\":{\"@id\":\"https:\\\/\\\/fireware.nl\\\/fr\\\/sites\\\/#breadcrumb\"},\"inLanguage\":\"fr-FR\",\"potentialAction\":[{\"@type\":\"ReadAction\",\"target\":[\"https:\\\/\\\/fireware.nl\\\/fr\\\/sites\\\/\"]}]},{\"@type\":\"ImageObject\",\"inLanguage\":\"fr-FR\",\"@id\":\"https:\\\/\\\/fireware.nl\\\/fr\\\/sites\\\/#primaryimage\",\"url\":\"https:\\\/\\\/fireware.nl\\\/wp-content\\\/uploads\\\/Locatie-Wieringerwerf.png\",\"contentUrl\":\"https:\\\/\\\/fireware.nl\\\/wp-content\\\/uploads\\\/Locatie-Wieringerwerf.png\"},{\"@type\":\"BreadcrumbList\",\"@id\":\"https:\\\/\\\/fireware.nl\\\/fr\\\/sites\\\/#breadcrumb\",\"itemListElement\":[{\"@type\":\"ListItem\",\"position\":1,\"name\":\"Home\",\"item\":\"https:\\\/\\\/fireware.nl\\\/fr\\\/\"},{\"@type\":\"ListItem\",\"position\":2,\"name\":\"Sites\"}]},{\"@type\":\"WebSite\",\"@id\":\"https:\\\/\\\/fireware.nl\\\/fr\\\/#website\",\"url\":\"https:\\\/\\\/fireware.nl\\\/fr\\\/\",\"name\":\"FireWare\",\"description\":\"CREATING REALISTIC  TRAINING ENVIRONMENTS\",\"publisher\":{\"@id\":\"https:\\\/\\\/fireware.nl\\\/fr\\\/#organization\"},\"potentialAction\":[{\"@type\":\"SearchAction\",\"target\":{\"@type\":\"EntryPoint\",\"urlTemplate\":\"https:\\\/\\\/fireware.nl\\\/fr\\\/?s={search_term_string}\"},\"query-input\":{\"@type\":\"PropertyValueSpecification\",\"valueRequired\":true,\"valueName\":\"search_term_string\"}}],\"inLanguage\":\"fr-FR\"},{\"@type\":\"Organization\",\"@id\":\"https:\\\/\\\/fireware.nl\\\/fr\\\/#organization\",\"name\":\"FireWare\",\"url\":\"https:\\\/\\\/fireware.nl\\\/fr\\\/\",\"logo\":{\"@type\":\"ImageObject\",\"inLanguage\":\"fr-FR\",\"@id\":\"https:\\\/\\\/fireware.nl\\\/fr\\\/#\\\/schema\\\/logo\\\/image\\\/\",\"url\":\"https:\\\/\\\/fireware.nl\\\/wp-content\\\/uploads\\\/2018\\\/10\\\/FireWare-logo.jpg\",\"contentUrl\":\"https:\\\/\\\/fireware.nl\\\/wp-content\\\/uploads\\\/2018\\\/10\\\/FireWare-logo.jpg\",\"width\":171,\"height\":70,\"caption\":\"FireWare\"},\"image\":{\"@id\":\"https:\\\/\\\/fireware.nl\\\/fr\\\/#\\\/schema\\\/logo\\\/image\\\/\"},\"sameAs\":[\"https:\\\/\\\/www.facebook.com\\\/FireWareBV\\\/\",\"https:\\\/\\\/x.com\\\/FireWarebv\",\"https:\\\/\\\/www.instagram.com\\\/fireware_nl\\\/\",\"https:\\\/\\\/www.linkedin.com\\\/company\\\/3586017\\\/\",\"https:\\\/\\\/www.youtube.com\\\/user\\\/firesalesrentconsult\"]}]}<\/script>\n<!-- \/ Yoast SEO plugin. -->","yoast_head_json":{"title":"Sites - FireWare","robots":{"index":"index","follow":"follow","max-snippet":"max-snippet:-1","max-image-preview":"max-image-preview:large","max-video-preview":"max-video-preview:-1"},"canonical":"https:\/\/fireware.nl\/fr\/sites\/","og_locale":"fr_FR","og_type":"article","og_title":"Sites - FireWare","og_description":"Wieringerwerf FireWare est \u00e9tabli depuis 2013 dans ses nouveaux locaux sis Stek 5 \u00e0 Wieringerwerf. C&#8217;est l\u00e0 o\u00f9 travaillent les...","og_url":"https:\/\/fireware.nl\/fr\/sites\/","og_site_name":"FireWare","article_publisher":"https:\/\/www.facebook.com\/FireWareBV\/","article_modified_time":"2019-02-01T09:58:19+00:00","og_image":[{"url":"https:\/\/fireware.nl\/wp-content\/uploads\/Locatie-Wieringerwerf.png","type":"","width":"","height":""}],"twitter_card":"summary_large_image","twitter_site":"@FireWarebv","twitter_misc":{"Dur\u00e9e de lecture estim\u00e9e":"1 minute"},"schema":{"@context":"https:\/\/schema.org","@graph":[{"@type":"WebPage","@id":"https:\/\/fireware.nl\/fr\/sites\/","url":"https:\/\/fireware.nl\/fr\/sites\/","name":"Sites - FireWare","isPartOf":{"@id":"https:\/\/fireware.nl\/fr\/#website"},"primaryImageOfPage":{"@id":"https:\/\/fireware.nl\/fr\/sites\/#primaryimage"},"image":{"@id":"https:\/\/fireware.nl\/fr\/sites\/#primaryimage"},"thumbnailUrl":"https:\/\/fireware.nl\/wp-content\/uploads\/Locatie-Wieringerwerf.png","datePublished":"2017-08-15T10:24:39+00:00","dateModified":"2019-02-01T09:58:19+00:00","breadcrumb":{"@id":"https:\/\/fireware.nl\/fr\/sites\/#breadcrumb"},"inLanguage":"fr-FR","potentialAction":[{"@type":"ReadAction","target":["https:\/\/fireware.nl\/fr\/sites\/"]}]},{"@type":"ImageObject","inLanguage":"fr-FR","@id":"https:\/\/fireware.nl\/fr\/sites\/#primaryimage","url":"https:\/\/fireware.nl\/wp-content\/uploads\/Locatie-Wieringerwerf.png","contentUrl":"https:\/\/fireware.nl\/wp-content\/uploads\/Locatie-Wieringerwerf.png"},{"@type":"BreadcrumbList","@id":"https:\/\/fireware.nl\/fr\/sites\/#breadcrumb","itemListElement":[{"@type":"ListItem","position":1,"name":"Home","item":"https:\/\/fireware.nl\/fr\/"},{"@type":"ListItem","position":2,"name":"Sites"}]},{"@type":"WebSite","@id":"https:\/\/fireware.nl\/fr\/#website","url":"https:\/\/fireware.nl\/fr\/","name":"FireWare","description":"CREATING REALISTIC  TRAINING ENVIRONMENTS","publisher":{"@id":"https:\/\/fireware.nl\/fr\/#organization"},"potentialAction":[{"@type":"SearchAction","target":{"@type":"EntryPoint","urlTemplate":"https:\/\/fireware.nl\/fr\/?s={search_term_string}"},"query-input":{"@type":"PropertyValueSpecification","valueRequired":true,"valueName":"search_term_string"}}],"inLanguage":"fr-FR"},{"@type":"Organization","@id":"https:\/\/fireware.nl\/fr\/#organization","name":"FireWare","url":"https:\/\/fireware.nl\/fr\/","logo":{"@type":"ImageObject","inLanguage":"fr-FR","@id":"https:\/\/fireware.nl\/fr\/#\/schema\/logo\/image\/","url":"https:\/\/fireware.nl\/wp-content\/uploads\/2018\/10\/FireWare-logo.jpg","contentUrl":"https:\/\/fireware.nl\/wp-content\/uploads\/2018\/10\/FireWare-logo.jpg","width":171,"height":70,"caption":"FireWare"},"image":{"@id":"https:\/\/fireware.nl\/fr\/#\/schema\/logo\/image\/"},"sameAs":["https:\/\/www.facebook.com\/FireWareBV\/","https:\/\/x.com\/FireWarebv","https:\/\/www.instagram.com\/fireware_nl\/","https:\/\/www.linkedin.com\/company\/3586017\/","https:\/\/www.youtube.com\/user\/firesalesrentconsult"]}]}},"publishpress_future_action":{"enabled":false,"date":"2026-05-12 18:23:41","action":"change-status","newStatus":"draft","terms":[],"taxonomy":"translation_priority","extraData":[]},"publishpress_future_workflow_manual_trigger":{"enabledWorkflows":[]},"_links":{"self":[{"href":"https:\/\/fireware.nl\/fr\/wp-json\/wp\/v2\/pages\/10318","targetHints":{"allow":["GET"]}}],"collection":[{"href":"https:\/\/fireware.nl\/fr\/wp-json\/wp\/v2\/pages"}],"about":[{"href":"https:\/\/fireware.nl\/fr\/wp-json\/wp\/v2\/types\/page"}],"author":[{"embeddable":true,"href":"https:\/\/fireware.nl\/fr\/wp-json\/wp\/v2\/users\/2"}],"replies":[{"embeddable":true,"href":"https:\/\/fireware.nl\/fr\/wp-json\/wp\/v2\/comments?post=10318"}],"version-history":[{"count":0,"href":"https:\/\/fireware.nl\/fr\/wp-json\/wp\/v2\/pages\/10318\/revisions"}],"wp:attachment":[{"href":"https:\/\/fireware.nl\/fr\/wp-json\/wp\/v2\/media?parent=10318"}],"curies":[{"name":"wp","href":"https:\/\/api.w.org\/{rel}","templated":true}]}}