
{"id":10319,"date":"2017-08-15T11:10:26","date_gmt":"2017-08-15T11:10:26","guid":{"rendered":"http:\/\/exclusive-it-development.nl\/?page_id=2707"},"modified":"2021-03-29T09:10:50","modified_gmt":"2021-03-29T09:10:50","slug":"historique","status":"publish","type":"page","link":"https:\/\/fireware.nl\/fr\/historique\/","title":{"rendered":"Historique"},"content":{"rendered":"\n\n\t\t\t<img decoding=\"async\" loading='false' src=\"https:\/\/fireware.nl\/wp-content\/uploads\/2019\/05\/Geschiedenis-Tijdlijn_FR_01.jpg\" alt=\"\" \/>\t\t\t\n\t\t\t<img decoding=\"async\" loading='false' src=\"https:\/\/fireware.nl\/wp-content\/uploads\/2019\/05\/Geschiedenis-Tijdlijn_FR_02.jpg\" alt=\"\" \/>\t\t\t\n\t<h4><\/h4>\n<h4>Techniques th\u00e9\u00e2trales<\/h4>\n<p>FireWare a \u00e9t\u00e9 fond\u00e9 le 28 juillet 2003 par Sef Hendrickx et Jacqueline van Zanen. \u00c0 l&#8217;\u00e9poque, Sef \u00e9tudiait les techniques th\u00e9\u00e2trales et, au cours d&#8217;une formation SST avec une bo\u00eete Flash, il s&#8217;est demand\u00e9 pourquoi les effets sp\u00e9ciaux de l&#8217;univers du th\u00e9\u00e2tre et du cin\u00e9ma n&#8217;\u00e9taient pas utilis\u00e9s pour la formation des secouristes. Cette question devint le sujet de sa th\u00e8se de fin d&#8217;\u00e9tudes, d&#8217;o\u00f9 a ensuite \u00e9merg\u00e9 l&#8217;id\u00e9e de la cr\u00e9ation de FireWare.<\/p>\n<p>Apr\u00e8s quelques adaptations, les effets et techniques de l&#8217;univers du th\u00e9\u00e2tre se sont av\u00e9r\u00e9s parfaitement applicables \u00e0 l&#8217;environnement de formation des secouristes. Les recherches qu&#8217;il a men\u00e9es ont m\u00eame d\u00e9montr\u00e9 une am\u00e9lioration significative du niveau de formation.<\/p>\n<p>C&#8217;est de leur chambre d&#8217;\u00e9tudiant que Sef et Jacqueline ont travaill\u00e9 les premi\u00e8res ann\u00e9es \u00e0 faire conna\u00eetre et accepter les techniques th\u00e9\u00e2trales comme outils de formation des secouristes. Les techniques et les effets th\u00e9\u00e2traux furent accueillis comme alternatives par les formateurs des secouristes.<\/p>\n<h4>Expansion<\/h4>\n<p>La chambre d&#8217;\u00e9tudiant des d\u00e9buts s&#8217;est vite r\u00e9v\u00e9l\u00e9e trop petite. L&#8217;entreprise n&#8217;a cess\u00e9 de se d\u00e9velopper en passant d&#8217;un conteneur maritime au hall d&#8217;une auto-\u00e9cole \u00e0 Velserbroek en 2004 pour l&#8217;entreposage du mat\u00e9riel. La soci\u00e9t\u00e9 n&#8217;a pas attendu longtemps pour lancer la construction d&#8217;un simulateur aux effets actifs. La soci\u00e9t\u00e9 ProFhire, \u00e9galement pr\u00e9sente dans l&#8217;immeuble d&#8217;entreprises, utilisait ce local pour ses formations SST. C&#8217;est ainsi qu&#8217;est n\u00e9e une situation gagnant-gagnant pour les deux parties. FireWare pouvait tester de nouvelles id\u00e9es aupr\u00e8s des instructeurs et des stagiaires de ProFhire qui, en retour, disposait toujours de moyens d&#8217;exercice novateurs.<\/p>\n<p>En 2005, le bureau \u00e0 domicile a d\u00e9m\u00e9nag\u00e9 pour quelque temps \u00e0 Schoorl. En 2006, des bureaux et un showroom ont \u00e9t\u00e9 am\u00e9nag\u00e9s \u00e0 Velserbroek. L&#8217;entrep\u00f4t rapidement devenu trop petit, la soci\u00e9t\u00e9 utilise un centre logistique \u00e0 Kerkrade depuis 2011. Au d\u00e9part de ce centre, tous les produits command\u00e9s sont exp\u00e9di\u00e9s via un d\u00e9p\u00f4t robotis\u00e9.<\/p>\n<p>En 2013, FireWare a emm\u00e9nag\u00e9 \u00e0 Wieringerwerf. Au bout de 18 mois de r\u00e9novation, le b\u00e2timent s&#8217;est transform\u00e9 en une structure dot\u00e9e des \u00e9quipements les plus modernes pour le brainstorming et la conception de solutions de formation. Le site actuel accueille des bureaux clairs, un service technique interne, le parc de location, un local de brainstorming, une salle pour les exercices pratiques et un showroom o\u00f9 les clients peuvent s&#8217;informer sur les nouveaux produits. L&#8217;ensemble est compl\u00e9t\u00e9 par un espace comprenant une grande table et une machine \u00e0 caf\u00e9 invitant \u00e0 un moment de d\u00e9tente&#8217;!<\/p>\n<h4>Activit\u00e9s<\/h4>\n<p>D\u00e8s 2003, FireWare a r\u00e9uni tous ses produits dans une boutique en ligne, auxquels se sont ajout\u00e9s ult\u00e9rieurement des articles de location et les exercices de simulation. Ce ne fut cependant pas facile de rendre toutes les activit\u00e9s suffisamment claires pour les visiteurs. \u00c0 cette fin, un nouveau style maison a \u00e9t\u00e9 choisi en 2007 avec la cr\u00e9ation de 3 nouvelles raisons sociales&#8217;: FireSales, FireRent et FireConsult. Fin 2014, cette strat\u00e9gie a \u00e9t\u00e9 revue et toutes les entit\u00e9s sont revenues au sein de FireWare.<\/p>\n\n","protected":false},"excerpt":{"rendered":"<p>Techniques th\u00e9\u00e2trales FireWare a \u00e9t\u00e9 fond\u00e9 le 28 juillet 2003 par Sef Hendrickx et Jacqueline van Zanen. \u00c0 l&#8217;\u00e9poque, Sef<span class=\"excerpt-ellipsis\">&#8230;<\/span><\/p>\n","protected":false},"author":2,"featured_media":0,"parent":0,"menu_order":0,"comment_status":"closed","ping_status":"closed","template":"","meta":{"footnotes":""},"class_list":["post-10319","page","type-page","status-publish","hentry"],"yoast_head":"<!-- This site is optimized with the Yoast SEO plugin v27.5 - https:\/\/yoast.com\/product\/yoast-seo-wordpress\/ -->\n<title>Historique - FireWare<\/title>\n<meta name=\"robots\" content=\"index, follow, max-snippet:-1, max-image-preview:large, max-video-preview:-1\" \/>\n<link rel=\"canonical\" href=\"https:\/\/fireware.nl\/fr\/historique\/\" \/>\n<meta property=\"og:locale\" content=\"fr_FR\" \/>\n<meta property=\"og:type\" content=\"article\" \/>\n<meta property=\"og:title\" content=\"Historique - FireWare\" \/>\n<meta property=\"og:description\" content=\"Techniques th\u00e9\u00e2trales FireWare a \u00e9t\u00e9 fond\u00e9 le 28 juillet 2003 par Sef Hendrickx et Jacqueline van Zanen. \u00c0 l&#8217;\u00e9poque, Sef...\" \/>\n<meta property=\"og:url\" content=\"https:\/\/fireware.nl\/fr\/historique\/\" \/>\n<meta property=\"og:site_name\" content=\"FireWare\" \/>\n<meta property=\"article:publisher\" content=\"https:\/\/www.facebook.com\/FireWareBV\/\" \/>\n<meta property=\"article:modified_time\" content=\"2021-03-29T09:10:50+00:00\" \/>\n<meta property=\"og:image\" content=\"https:\/\/fireware.nl\/wp-content\/uploads\/2019\/05\/Geschiedenis-Tijdlijn_FR_01.jpg\" \/>\n<meta name=\"twitter:card\" content=\"summary_large_image\" \/>\n<meta name=\"twitter:site\" content=\"@FireWarebv\" \/>\n<meta name=\"twitter:label1\" content=\"Dur\u00e9e de lecture estim\u00e9e\" \/>\n\t<meta name=\"twitter:data1\" content=\"3 minutes\" \/>\n<script type=\"application\/ld+json\" class=\"yoast-schema-graph\">{\"@context\":\"https:\\\/\\\/schema.org\",\"@graph\":[{\"@type\":\"WebPage\",\"@id\":\"https:\\\/\\\/fireware.nl\\\/fr\\\/historique\\\/\",\"url\":\"https:\\\/\\\/fireware.nl\\\/fr\\\/historique\\\/\",\"name\":\"Historique - FireWare\",\"isPartOf\":{\"@id\":\"https:\\\/\\\/fireware.nl\\\/fr\\\/#website\"},\"primaryImageOfPage\":{\"@id\":\"https:\\\/\\\/fireware.nl\\\/fr\\\/historique\\\/#primaryimage\"},\"image\":{\"@id\":\"https:\\\/\\\/fireware.nl\\\/fr\\\/historique\\\/#primaryimage\"},\"thumbnailUrl\":\"https:\\\/\\\/fireware.nl\\\/wp-content\\\/uploads\\\/2019\\\/05\\\/Geschiedenis-Tijdlijn_FR_01.jpg\",\"datePublished\":\"2017-08-15T11:10:26+00:00\",\"dateModified\":\"2021-03-29T09:10:50+00:00\",\"breadcrumb\":{\"@id\":\"https:\\\/\\\/fireware.nl\\\/fr\\\/historique\\\/#breadcrumb\"},\"inLanguage\":\"fr-FR\",\"potentialAction\":[{\"@type\":\"ReadAction\",\"target\":[\"https:\\\/\\\/fireware.nl\\\/fr\\\/historique\\\/\"]}]},{\"@type\":\"ImageObject\",\"inLanguage\":\"fr-FR\",\"@id\":\"https:\\\/\\\/fireware.nl\\\/fr\\\/historique\\\/#primaryimage\",\"url\":\"https:\\\/\\\/fireware.nl\\\/wp-content\\\/uploads\\\/2019\\\/05\\\/Geschiedenis-Tijdlijn_FR_01.jpg\",\"contentUrl\":\"https:\\\/\\\/fireware.nl\\\/wp-content\\\/uploads\\\/2019\\\/05\\\/Geschiedenis-Tijdlijn_FR_01.jpg\"},{\"@type\":\"BreadcrumbList\",\"@id\":\"https:\\\/\\\/fireware.nl\\\/fr\\\/historique\\\/#breadcrumb\",\"itemListElement\":[{\"@type\":\"ListItem\",\"position\":1,\"name\":\"Home\",\"item\":\"https:\\\/\\\/fireware.nl\\\/fr\\\/\"},{\"@type\":\"ListItem\",\"position\":2,\"name\":\"Historique\"}]},{\"@type\":\"WebSite\",\"@id\":\"https:\\\/\\\/fireware.nl\\\/fr\\\/#website\",\"url\":\"https:\\\/\\\/fireware.nl\\\/fr\\\/\",\"name\":\"FireWare\",\"description\":\"CREATING REALISTIC  TRAINING ENVIRONMENTS\",\"publisher\":{\"@id\":\"https:\\\/\\\/fireware.nl\\\/fr\\\/#organization\"},\"potentialAction\":[{\"@type\":\"SearchAction\",\"target\":{\"@type\":\"EntryPoint\",\"urlTemplate\":\"https:\\\/\\\/fireware.nl\\\/fr\\\/?s={search_term_string}\"},\"query-input\":{\"@type\":\"PropertyValueSpecification\",\"valueRequired\":true,\"valueName\":\"search_term_string\"}}],\"inLanguage\":\"fr-FR\"},{\"@type\":\"Organization\",\"@id\":\"https:\\\/\\\/fireware.nl\\\/fr\\\/#organization\",\"name\":\"FireWare\",\"url\":\"https:\\\/\\\/fireware.nl\\\/fr\\\/\",\"logo\":{\"@type\":\"ImageObject\",\"inLanguage\":\"fr-FR\",\"@id\":\"https:\\\/\\\/fireware.nl\\\/fr\\\/#\\\/schema\\\/logo\\\/image\\\/\",\"url\":\"https:\\\/\\\/fireware.nl\\\/wp-content\\\/uploads\\\/2018\\\/10\\\/FireWare-logo.jpg\",\"contentUrl\":\"https:\\\/\\\/fireware.nl\\\/wp-content\\\/uploads\\\/2018\\\/10\\\/FireWare-logo.jpg\",\"width\":171,\"height\":70,\"caption\":\"FireWare\"},\"image\":{\"@id\":\"https:\\\/\\\/fireware.nl\\\/fr\\\/#\\\/schema\\\/logo\\\/image\\\/\"},\"sameAs\":[\"https:\\\/\\\/www.facebook.com\\\/FireWareBV\\\/\",\"https:\\\/\\\/x.com\\\/FireWarebv\",\"https:\\\/\\\/www.instagram.com\\\/fireware_nl\\\/\",\"https:\\\/\\\/www.linkedin.com\\\/company\\\/3586017\\\/\",\"https:\\\/\\\/www.youtube.com\\\/user\\\/firesalesrentconsult\"]}]}<\/script>\n<!-- \/ Yoast SEO plugin. -->","yoast_head_json":{"title":"Historique - FireWare","robots":{"index":"index","follow":"follow","max-snippet":"max-snippet:-1","max-image-preview":"max-image-preview:large","max-video-preview":"max-video-preview:-1"},"canonical":"https:\/\/fireware.nl\/fr\/historique\/","og_locale":"fr_FR","og_type":"article","og_title":"Historique - FireWare","og_description":"Techniques th\u00e9\u00e2trales FireWare a \u00e9t\u00e9 fond\u00e9 le 28 juillet 2003 par Sef Hendrickx et Jacqueline van Zanen. \u00c0 l&#8217;\u00e9poque, Sef...","og_url":"https:\/\/fireware.nl\/fr\/historique\/","og_site_name":"FireWare","article_publisher":"https:\/\/www.facebook.com\/FireWareBV\/","article_modified_time":"2021-03-29T09:10:50+00:00","og_image":[{"url":"https:\/\/fireware.nl\/wp-content\/uploads\/2019\/05\/Geschiedenis-Tijdlijn_FR_01.jpg","type":"","width":"","height":""}],"twitter_card":"summary_large_image","twitter_site":"@FireWarebv","twitter_misc":{"Dur\u00e9e de lecture estim\u00e9e":"3 minutes"},"schema":{"@context":"https:\/\/schema.org","@graph":[{"@type":"WebPage","@id":"https:\/\/fireware.nl\/fr\/historique\/","url":"https:\/\/fireware.nl\/fr\/historique\/","name":"Historique - FireWare","isPartOf":{"@id":"https:\/\/fireware.nl\/fr\/#website"},"primaryImageOfPage":{"@id":"https:\/\/fireware.nl\/fr\/historique\/#primaryimage"},"image":{"@id":"https:\/\/fireware.nl\/fr\/historique\/#primaryimage"},"thumbnailUrl":"https:\/\/fireware.nl\/wp-content\/uploads\/2019\/05\/Geschiedenis-Tijdlijn_FR_01.jpg","datePublished":"2017-08-15T11:10:26+00:00","dateModified":"2021-03-29T09:10:50+00:00","breadcrumb":{"@id":"https:\/\/fireware.nl\/fr\/historique\/#breadcrumb"},"inLanguage":"fr-FR","potentialAction":[{"@type":"ReadAction","target":["https:\/\/fireware.nl\/fr\/historique\/"]}]},{"@type":"ImageObject","inLanguage":"fr-FR","@id":"https:\/\/fireware.nl\/fr\/historique\/#primaryimage","url":"https:\/\/fireware.nl\/wp-content\/uploads\/2019\/05\/Geschiedenis-Tijdlijn_FR_01.jpg","contentUrl":"https:\/\/fireware.nl\/wp-content\/uploads\/2019\/05\/Geschiedenis-Tijdlijn_FR_01.jpg"},{"@type":"BreadcrumbList","@id":"https:\/\/fireware.nl\/fr\/historique\/#breadcrumb","itemListElement":[{"@type":"ListItem","position":1,"name":"Home","item":"https:\/\/fireware.nl\/fr\/"},{"@type":"ListItem","position":2,"name":"Historique"}]},{"@type":"WebSite","@id":"https:\/\/fireware.nl\/fr\/#website","url":"https:\/\/fireware.nl\/fr\/","name":"FireWare","description":"CREATING REALISTIC  TRAINING ENVIRONMENTS","publisher":{"@id":"https:\/\/fireware.nl\/fr\/#organization"},"potentialAction":[{"@type":"SearchAction","target":{"@type":"EntryPoint","urlTemplate":"https:\/\/fireware.nl\/fr\/?s={search_term_string}"},"query-input":{"@type":"PropertyValueSpecification","valueRequired":true,"valueName":"search_term_string"}}],"inLanguage":"fr-FR"},{"@type":"Organization","@id":"https:\/\/fireware.nl\/fr\/#organization","name":"FireWare","url":"https:\/\/fireware.nl\/fr\/","logo":{"@type":"ImageObject","inLanguage":"fr-FR","@id":"https:\/\/fireware.nl\/fr\/#\/schema\/logo\/image\/","url":"https:\/\/fireware.nl\/wp-content\/uploads\/2018\/10\/FireWare-logo.jpg","contentUrl":"https:\/\/fireware.nl\/wp-content\/uploads\/2018\/10\/FireWare-logo.jpg","width":171,"height":70,"caption":"FireWare"},"image":{"@id":"https:\/\/fireware.nl\/fr\/#\/schema\/logo\/image\/"},"sameAs":["https:\/\/www.facebook.com\/FireWareBV\/","https:\/\/x.com\/FireWarebv","https:\/\/www.instagram.com\/fireware_nl\/","https:\/\/www.linkedin.com\/company\/3586017\/","https:\/\/www.youtube.com\/user\/firesalesrentconsult"]}]}},"publishpress_future_action":{"enabled":false,"date":"2026-05-12 18:23:41","action":"change-status","newStatus":"draft","terms":[],"taxonomy":"translation_priority","extraData":[]},"publishpress_future_workflow_manual_trigger":{"enabledWorkflows":[]},"_links":{"self":[{"href":"https:\/\/fireware.nl\/fr\/wp-json\/wp\/v2\/pages\/10319","targetHints":{"allow":["GET"]}}],"collection":[{"href":"https:\/\/fireware.nl\/fr\/wp-json\/wp\/v2\/pages"}],"about":[{"href":"https:\/\/fireware.nl\/fr\/wp-json\/wp\/v2\/types\/page"}],"author":[{"embeddable":true,"href":"https:\/\/fireware.nl\/fr\/wp-json\/wp\/v2\/users\/2"}],"replies":[{"embeddable":true,"href":"https:\/\/fireware.nl\/fr\/wp-json\/wp\/v2\/comments?post=10319"}],"version-history":[{"count":0,"href":"https:\/\/fireware.nl\/fr\/wp-json\/wp\/v2\/pages\/10319\/revisions"}],"wp:attachment":[{"href":"https:\/\/fireware.nl\/fr\/wp-json\/wp\/v2\/media?parent=10319"}],"curies":[{"name":"wp","href":"https:\/\/api.w.org\/{rel}","templated":true}]}}