
{"id":10321,"date":"2017-08-18T09:14:46","date_gmt":"2017-08-18T09:14:46","guid":{"rendered":"http:\/\/exclusive-it-development.nl\/?page_id=3257"},"modified":"2019-02-26T08:28:23","modified_gmt":"2019-02-26T08:28:23","slug":"opportunites-pour-les-personnes-eloignees-du-marche-du-travail","status":"publish","type":"page","link":"https:\/\/fireware.nl\/fr\/societe-et-durabilite\/opportunites-pour-les-personnes-eloignees-du-marche-du-travail\/","title":{"rendered":"Opportunit\u00e9s pour les personnes \u00e9loign\u00e9es du march\u00e9 du travail"},"content":{"rendered":"\n\t\t\t\t<img decoding=\"async\" src=\"https:\/\/fireware.nl\/wp-content\/uploads\/2019\/02\/Knetterkast.jpg\" alt=\"Knetterkast\" itemprop=\"image\" title=\"Knetterkast\" onerror=\"this.style.display='none'\"  \/>\n\t<p>Les processus de production de FireWare impliquent de nombreux travaux d&#8217;assemblage. Ces t\u00e2ches peuvent parfaitement \u00eatre ex\u00e9cut\u00e9es par des personnes historiquement \u00ab\u00a0\u00e9loign\u00e9es du march\u00e9 du travail\u00a0\u00bb. L&#8217;entreprise Soci-com d&#8217;Enkhuizen s&#8217;est av\u00e9r\u00e9e un partenaire &#8211; local &#8211; id\u00e9al pour FireWare. Elle a imagin\u00e9 une belle formule pour fournir de l&#8217;excellente qualit\u00e9 tout en veillant \u00e0 ce que les personnes qui ne r\u00e9ussissent pas ou difficilement \u00e0 trouver du travail ailleurs aient \u00e0 leur port\u00e9e une magnifique opportunit\u00e9 sur le march\u00e9 du travail. FireWare est ravi de pouvoir apporter sa pierre \u00e0 cet \u00e9difice\u00a0!<\/p>\n","protected":false},"excerpt":{"rendered":"<p>Les processus de production de FireWare impliquent de nombreux travaux d&#8217;assemblage. Ces t\u00e2ches peuvent parfaitement \u00eatre ex\u00e9cut\u00e9es par des personnes<span class=\"excerpt-ellipsis\">&#8230;<\/span><\/p>\n","protected":false},"author":2,"featured_media":0,"parent":10317,"menu_order":0,"comment_status":"closed","ping_status":"closed","template":"","meta":{"footnotes":""},"class_list":["post-10321","page","type-page","status-publish","hentry"],"yoast_head":"<!-- This site is optimized with the Yoast SEO plugin v27.5 - https:\/\/yoast.com\/product\/yoast-seo-wordpress\/ -->\n<title>Opportunit\u00e9s pour les personnes \u00e9loign\u00e9es du march\u00e9 du travail - FireWare<\/title>\n<meta name=\"robots\" content=\"index, follow, max-snippet:-1, max-image-preview:large, max-video-preview:-1\" \/>\n<link rel=\"canonical\" href=\"https:\/\/fireware.nl\/fr\/societe-et-durabilite\/opportunites-pour-les-personnes-eloignees-du-marche-du-travail\/\" \/>\n<meta property=\"og:locale\" content=\"fr_FR\" \/>\n<meta property=\"og:type\" content=\"article\" \/>\n<meta property=\"og:title\" content=\"Opportunit\u00e9s pour les personnes \u00e9loign\u00e9es du march\u00e9 du travail - FireWare\" \/>\n<meta property=\"og:description\" content=\"Les processus de production de FireWare impliquent de nombreux travaux d&#8217;assemblage. Ces t\u00e2ches peuvent parfaitement \u00eatre ex\u00e9cut\u00e9es par des personnes...\" \/>\n<meta property=\"og:url\" content=\"https:\/\/fireware.nl\/fr\/societe-et-durabilite\/opportunites-pour-les-personnes-eloignees-du-marche-du-travail\/\" \/>\n<meta property=\"og:site_name\" content=\"FireWare\" \/>\n<meta property=\"article:publisher\" content=\"https:\/\/www.facebook.com\/FireWareBV\/\" \/>\n<meta property=\"article:modified_time\" content=\"2019-02-26T08:28:23+00:00\" \/>\n<meta property=\"og:image\" content=\"https:\/\/fireware.nl\/wp-content\/uploads\/2019\/02\/Knetterkast.jpg\" \/>\n<meta name=\"twitter:card\" content=\"summary_large_image\" \/>\n<meta name=\"twitter:site\" content=\"@FireWarebv\" \/>\n<script type=\"application\/ld+json\" class=\"yoast-schema-graph\">{\"@context\":\"https:\\\/\\\/schema.org\",\"@graph\":[{\"@type\":\"WebPage\",\"@id\":\"https:\\\/\\\/fireware.nl\\\/fr\\\/societe-et-durabilite\\\/opportunites-pour-les-personnes-eloignees-du-marche-du-travail\\\/\",\"url\":\"https:\\\/\\\/fireware.nl\\\/fr\\\/societe-et-durabilite\\\/opportunites-pour-les-personnes-eloignees-du-marche-du-travail\\\/\",\"name\":\"Opportunit\u00e9s pour les personnes \u00e9loign\u00e9es du march\u00e9 du travail - FireWare\",\"isPartOf\":{\"@id\":\"https:\\\/\\\/fireware.nl\\\/fr\\\/#website\"},\"primaryImageOfPage\":{\"@id\":\"https:\\\/\\\/fireware.nl\\\/fr\\\/societe-et-durabilite\\\/opportunites-pour-les-personnes-eloignees-du-marche-du-travail\\\/#primaryimage\"},\"image\":{\"@id\":\"https:\\\/\\\/fireware.nl\\\/fr\\\/societe-et-durabilite\\\/opportunites-pour-les-personnes-eloignees-du-marche-du-travail\\\/#primaryimage\"},\"thumbnailUrl\":\"https:\\\/\\\/fireware.nl\\\/wp-content\\\/uploads\\\/2019\\\/02\\\/Knetterkast.jpg\",\"datePublished\":\"2017-08-18T09:14:46+00:00\",\"dateModified\":\"2019-02-26T08:28:23+00:00\",\"breadcrumb\":{\"@id\":\"https:\\\/\\\/fireware.nl\\\/fr\\\/societe-et-durabilite\\\/opportunites-pour-les-personnes-eloignees-du-marche-du-travail\\\/#breadcrumb\"},\"inLanguage\":\"fr-FR\",\"potentialAction\":[{\"@type\":\"ReadAction\",\"target\":[\"https:\\\/\\\/fireware.nl\\\/fr\\\/societe-et-durabilite\\\/opportunites-pour-les-personnes-eloignees-du-marche-du-travail\\\/\"]}]},{\"@type\":\"ImageObject\",\"inLanguage\":\"fr-FR\",\"@id\":\"https:\\\/\\\/fireware.nl\\\/fr\\\/societe-et-durabilite\\\/opportunites-pour-les-personnes-eloignees-du-marche-du-travail\\\/#primaryimage\",\"url\":\"https:\\\/\\\/fireware.nl\\\/wp-content\\\/uploads\\\/2019\\\/02\\\/Knetterkast.jpg\",\"contentUrl\":\"https:\\\/\\\/fireware.nl\\\/wp-content\\\/uploads\\\/2019\\\/02\\\/Knetterkast.jpg\"},{\"@type\":\"BreadcrumbList\",\"@id\":\"https:\\\/\\\/fireware.nl\\\/fr\\\/societe-et-durabilite\\\/opportunites-pour-les-personnes-eloignees-du-marche-du-travail\\\/#breadcrumb\",\"itemListElement\":[{\"@type\":\"ListItem\",\"position\":1,\"name\":\"Home\",\"item\":\"https:\\\/\\\/fireware.nl\\\/fr\\\/\"},{\"@type\":\"ListItem\",\"position\":2,\"name\":\"Soci\u00e9te et durabilit\u00e9\",\"item\":\"https:\\\/\\\/fireware.nl\\\/fr\\\/societe-et-durabilite\\\/\"},{\"@type\":\"ListItem\",\"position\":3,\"name\":\"Opportunit\u00e9s pour les personnes \u00e9loign\u00e9es du march\u00e9 du travail\"}]},{\"@type\":\"WebSite\",\"@id\":\"https:\\\/\\\/fireware.nl\\\/fr\\\/#website\",\"url\":\"https:\\\/\\\/fireware.nl\\\/fr\\\/\",\"name\":\"FireWare\",\"description\":\"CREATING REALISTIC  TRAINING ENVIRONMENTS\",\"publisher\":{\"@id\":\"https:\\\/\\\/fireware.nl\\\/fr\\\/#organization\"},\"potentialAction\":[{\"@type\":\"SearchAction\",\"target\":{\"@type\":\"EntryPoint\",\"urlTemplate\":\"https:\\\/\\\/fireware.nl\\\/fr\\\/?s={search_term_string}\"},\"query-input\":{\"@type\":\"PropertyValueSpecification\",\"valueRequired\":true,\"valueName\":\"search_term_string\"}}],\"inLanguage\":\"fr-FR\"},{\"@type\":\"Organization\",\"@id\":\"https:\\\/\\\/fireware.nl\\\/fr\\\/#organization\",\"name\":\"FireWare\",\"url\":\"https:\\\/\\\/fireware.nl\\\/fr\\\/\",\"logo\":{\"@type\":\"ImageObject\",\"inLanguage\":\"fr-FR\",\"@id\":\"https:\\\/\\\/fireware.nl\\\/fr\\\/#\\\/schema\\\/logo\\\/image\\\/\",\"url\":\"https:\\\/\\\/fireware.nl\\\/wp-content\\\/uploads\\\/2018\\\/10\\\/FireWare-logo.jpg\",\"contentUrl\":\"https:\\\/\\\/fireware.nl\\\/wp-content\\\/uploads\\\/2018\\\/10\\\/FireWare-logo.jpg\",\"width\":171,\"height\":70,\"caption\":\"FireWare\"},\"image\":{\"@id\":\"https:\\\/\\\/fireware.nl\\\/fr\\\/#\\\/schema\\\/logo\\\/image\\\/\"},\"sameAs\":[\"https:\\\/\\\/www.facebook.com\\\/FireWareBV\\\/\",\"https:\\\/\\\/x.com\\\/FireWarebv\",\"https:\\\/\\\/www.instagram.com\\\/fireware_nl\\\/\",\"https:\\\/\\\/www.linkedin.com\\\/company\\\/3586017\\\/\",\"https:\\\/\\\/www.youtube.com\\\/user\\\/firesalesrentconsult\"]}]}<\/script>\n<!-- \/ Yoast SEO plugin. -->","yoast_head_json":{"title":"Opportunit\u00e9s pour les personnes \u00e9loign\u00e9es du march\u00e9 du travail - FireWare","robots":{"index":"index","follow":"follow","max-snippet":"max-snippet:-1","max-image-preview":"max-image-preview:large","max-video-preview":"max-video-preview:-1"},"canonical":"https:\/\/fireware.nl\/fr\/societe-et-durabilite\/opportunites-pour-les-personnes-eloignees-du-marche-du-travail\/","og_locale":"fr_FR","og_type":"article","og_title":"Opportunit\u00e9s pour les personnes \u00e9loign\u00e9es du march\u00e9 du travail - FireWare","og_description":"Les processus de production de FireWare impliquent de nombreux travaux d&#8217;assemblage. Ces t\u00e2ches peuvent parfaitement \u00eatre ex\u00e9cut\u00e9es par des personnes...","og_url":"https:\/\/fireware.nl\/fr\/societe-et-durabilite\/opportunites-pour-les-personnes-eloignees-du-marche-du-travail\/","og_site_name":"FireWare","article_publisher":"https:\/\/www.facebook.com\/FireWareBV\/","article_modified_time":"2019-02-26T08:28:23+00:00","og_image":[{"url":"https:\/\/fireware.nl\/wp-content\/uploads\/2019\/02\/Knetterkast.jpg","type":"","width":"","height":""}],"twitter_card":"summary_large_image","twitter_site":"@FireWarebv","schema":{"@context":"https:\/\/schema.org","@graph":[{"@type":"WebPage","@id":"https:\/\/fireware.nl\/fr\/societe-et-durabilite\/opportunites-pour-les-personnes-eloignees-du-marche-du-travail\/","url":"https:\/\/fireware.nl\/fr\/societe-et-durabilite\/opportunites-pour-les-personnes-eloignees-du-marche-du-travail\/","name":"Opportunit\u00e9s pour les personnes \u00e9loign\u00e9es du march\u00e9 du travail - FireWare","isPartOf":{"@id":"https:\/\/fireware.nl\/fr\/#website"},"primaryImageOfPage":{"@id":"https:\/\/fireware.nl\/fr\/societe-et-durabilite\/opportunites-pour-les-personnes-eloignees-du-marche-du-travail\/#primaryimage"},"image":{"@id":"https:\/\/fireware.nl\/fr\/societe-et-durabilite\/opportunites-pour-les-personnes-eloignees-du-marche-du-travail\/#primaryimage"},"thumbnailUrl":"https:\/\/fireware.nl\/wp-content\/uploads\/2019\/02\/Knetterkast.jpg","datePublished":"2017-08-18T09:14:46+00:00","dateModified":"2019-02-26T08:28:23+00:00","breadcrumb":{"@id":"https:\/\/fireware.nl\/fr\/societe-et-durabilite\/opportunites-pour-les-personnes-eloignees-du-marche-du-travail\/#breadcrumb"},"inLanguage":"fr-FR","potentialAction":[{"@type":"ReadAction","target":["https:\/\/fireware.nl\/fr\/societe-et-durabilite\/opportunites-pour-les-personnes-eloignees-du-marche-du-travail\/"]}]},{"@type":"ImageObject","inLanguage":"fr-FR","@id":"https:\/\/fireware.nl\/fr\/societe-et-durabilite\/opportunites-pour-les-personnes-eloignees-du-marche-du-travail\/#primaryimage","url":"https:\/\/fireware.nl\/wp-content\/uploads\/2019\/02\/Knetterkast.jpg","contentUrl":"https:\/\/fireware.nl\/wp-content\/uploads\/2019\/02\/Knetterkast.jpg"},{"@type":"BreadcrumbList","@id":"https:\/\/fireware.nl\/fr\/societe-et-durabilite\/opportunites-pour-les-personnes-eloignees-du-marche-du-travail\/#breadcrumb","itemListElement":[{"@type":"ListItem","position":1,"name":"Home","item":"https:\/\/fireware.nl\/fr\/"},{"@type":"ListItem","position":2,"name":"Soci\u00e9te et durabilit\u00e9","item":"https:\/\/fireware.nl\/fr\/societe-et-durabilite\/"},{"@type":"ListItem","position":3,"name":"Opportunit\u00e9s pour les personnes \u00e9loign\u00e9es du march\u00e9 du travail"}]},{"@type":"WebSite","@id":"https:\/\/fireware.nl\/fr\/#website","url":"https:\/\/fireware.nl\/fr\/","name":"FireWare","description":"CREATING REALISTIC  TRAINING ENVIRONMENTS","publisher":{"@id":"https:\/\/fireware.nl\/fr\/#organization"},"potentialAction":[{"@type":"SearchAction","target":{"@type":"EntryPoint","urlTemplate":"https:\/\/fireware.nl\/fr\/?s={search_term_string}"},"query-input":{"@type":"PropertyValueSpecification","valueRequired":true,"valueName":"search_term_string"}}],"inLanguage":"fr-FR"},{"@type":"Organization","@id":"https:\/\/fireware.nl\/fr\/#organization","name":"FireWare","url":"https:\/\/fireware.nl\/fr\/","logo":{"@type":"ImageObject","inLanguage":"fr-FR","@id":"https:\/\/fireware.nl\/fr\/#\/schema\/logo\/image\/","url":"https:\/\/fireware.nl\/wp-content\/uploads\/2018\/10\/FireWare-logo.jpg","contentUrl":"https:\/\/fireware.nl\/wp-content\/uploads\/2018\/10\/FireWare-logo.jpg","width":171,"height":70,"caption":"FireWare"},"image":{"@id":"https:\/\/fireware.nl\/fr\/#\/schema\/logo\/image\/"},"sameAs":["https:\/\/www.facebook.com\/FireWareBV\/","https:\/\/x.com\/FireWarebv","https:\/\/www.instagram.com\/fireware_nl\/","https:\/\/www.linkedin.com\/company\/3586017\/","https:\/\/www.youtube.com\/user\/firesalesrentconsult"]}]}},"publishpress_future_action":{"enabled":false,"date":"2026-05-12 21:19:23","action":"change-status","newStatus":"draft","terms":[],"taxonomy":"translation_priority","extraData":[]},"publishpress_future_workflow_manual_trigger":{"enabledWorkflows":[]},"_links":{"self":[{"href":"https:\/\/fireware.nl\/fr\/wp-json\/wp\/v2\/pages\/10321","targetHints":{"allow":["GET"]}}],"collection":[{"href":"https:\/\/fireware.nl\/fr\/wp-json\/wp\/v2\/pages"}],"about":[{"href":"https:\/\/fireware.nl\/fr\/wp-json\/wp\/v2\/types\/page"}],"author":[{"embeddable":true,"href":"https:\/\/fireware.nl\/fr\/wp-json\/wp\/v2\/users\/2"}],"replies":[{"embeddable":true,"href":"https:\/\/fireware.nl\/fr\/wp-json\/wp\/v2\/comments?post=10321"}],"version-history":[{"count":0,"href":"https:\/\/fireware.nl\/fr\/wp-json\/wp\/v2\/pages\/10321\/revisions"}],"up":[{"embeddable":true,"href":"https:\/\/fireware.nl\/fr\/wp-json\/wp\/v2\/pages\/10317"}],"wp:attachment":[{"href":"https:\/\/fireware.nl\/fr\/wp-json\/wp\/v2\/media?parent=10321"}],"curies":[{"name":"wp","href":"https:\/\/api.w.org\/{rel}","templated":true}]}}