
{"id":10323,"date":"2017-08-18T09:24:03","date_gmt":"2017-08-18T09:24:03","guid":{"rendered":"http:\/\/exclusive-it-development.nl\/?page_id=3267"},"modified":"2019-02-26T08:59:21","modified_gmt":"2019-02-26T08:59:21","slug":"le-developpement-durable-dans-nos-projets","status":"publish","type":"page","link":"https:\/\/fireware.nl\/fr\/societe-et-durabilite\/le-developpement-durable-dans-nos-projets\/","title":{"rendered":"Le d\u00e9veloppement durable dans nos projets"},"content":{"rendered":"\n\t\t\t\t<img decoding=\"async\" src=\"https:\/\/fireware.nl\/wp-content\/uploads\/2019\/02\/Duurzaam-ontwerp.jpg\" alt=\"Duurzaam ontwerp\" itemprop=\"image\" title=\"Duurzaam ontwerp\" onerror=\"this.style.display='none'\"  \/>\n\t<p>En notre qualit\u00e9 de concepteurs, nous tenons compte du d\u00e9veloppement durable dans nos projets. C&#8217;est une mission qui nous tient \u00e0 c\u0153ur. Nous sommes toujours pr\u00eats \u00e0 relever le d\u00e9fi de combiner le d\u00e9veloppement durable aux int\u00e9r\u00eats \u00e9conomiques de nos clients. De nombreux avantages peuvent \u00eatre d\u00e9gag\u00e9s d\u00e8s la phase de conception. Ainsi, nous nous effor\u00e7ons\u00a0:<\/p>\n<ul>\n<li>de r\u00e9utiliser les mat\u00e9riaux,<\/li>\n<li>de recourir \u00e0 des solutions \u00e9co-\u00e9nerg\u00e9tiques,<\/li>\n<li>de travailler avec des mat\u00e9riaux recyclables dans la mesure du possible,<\/li>\n<li>de concevoir nos projets sous une perspective \u00e0 long terme,<\/li>\n<li>de faire en sorte que nos projets soient facilement modifiables,<\/li>\n<li>de g\u00e9rer judicieusement la consommation d&#8217;eau (eaux grises),<\/li>\n<li>de g\u00e9rer intelligemment la consommation de gaz.<\/li>\n<\/ul>\n","protected":false},"excerpt":{"rendered":"<p>En notre qualit\u00e9 de concepteurs, nous tenons compte du d\u00e9veloppement durable dans nos projets. C&#8217;est une mission qui nous tient<span class=\"excerpt-ellipsis\">&#8230;<\/span><\/p>\n","protected":false},"author":2,"featured_media":0,"parent":10317,"menu_order":0,"comment_status":"closed","ping_status":"closed","template":"","meta":{"footnotes":""},"class_list":["post-10323","page","type-page","status-publish","hentry"],"yoast_head":"<!-- This site is optimized with the Yoast SEO plugin v27.5 - https:\/\/yoast.com\/product\/yoast-seo-wordpress\/ -->\n<title>Le d\u00e9veloppement durable dans nos projets - FireWare<\/title>\n<meta name=\"robots\" content=\"index, follow, max-snippet:-1, max-image-preview:large, max-video-preview:-1\" \/>\n<link rel=\"canonical\" href=\"https:\/\/fireware.nl\/fr\/societe-et-durabilite\/le-developpement-durable-dans-nos-projets\/\" \/>\n<meta property=\"og:locale\" content=\"fr_FR\" \/>\n<meta property=\"og:type\" content=\"article\" \/>\n<meta property=\"og:title\" content=\"Le d\u00e9veloppement durable dans nos projets - FireWare\" \/>\n<meta property=\"og:description\" content=\"En notre qualit\u00e9 de concepteurs, nous tenons compte du d\u00e9veloppement durable dans nos projets. C&#8217;est une mission qui nous tient...\" \/>\n<meta property=\"og:url\" content=\"https:\/\/fireware.nl\/fr\/societe-et-durabilite\/le-developpement-durable-dans-nos-projets\/\" \/>\n<meta property=\"og:site_name\" content=\"FireWare\" \/>\n<meta property=\"article:publisher\" content=\"https:\/\/www.facebook.com\/FireWareBV\/\" \/>\n<meta property=\"article:modified_time\" content=\"2019-02-26T08:59:21+00:00\" \/>\n<meta property=\"og:image\" content=\"https:\/\/fireware.nl\/wp-content\/uploads\/2019\/02\/Duurzaam-ontwerp.jpg\" \/>\n<meta name=\"twitter:card\" content=\"summary_large_image\" \/>\n<meta name=\"twitter:site\" content=\"@FireWarebv\" \/>\n<meta name=\"twitter:label1\" content=\"Dur\u00e9e de lecture estim\u00e9e\" \/>\n\t<meta name=\"twitter:data1\" content=\"1 minute\" \/>\n<script type=\"application\/ld+json\" class=\"yoast-schema-graph\">{\"@context\":\"https:\\\/\\\/schema.org\",\"@graph\":[{\"@type\":\"WebPage\",\"@id\":\"https:\\\/\\\/fireware.nl\\\/fr\\\/societe-et-durabilite\\\/le-developpement-durable-dans-nos-projets\\\/\",\"url\":\"https:\\\/\\\/fireware.nl\\\/fr\\\/societe-et-durabilite\\\/le-developpement-durable-dans-nos-projets\\\/\",\"name\":\"Le d\u00e9veloppement durable dans nos projets - FireWare\",\"isPartOf\":{\"@id\":\"https:\\\/\\\/fireware.nl\\\/fr\\\/#website\"},\"primaryImageOfPage\":{\"@id\":\"https:\\\/\\\/fireware.nl\\\/fr\\\/societe-et-durabilite\\\/le-developpement-durable-dans-nos-projets\\\/#primaryimage\"},\"image\":{\"@id\":\"https:\\\/\\\/fireware.nl\\\/fr\\\/societe-et-durabilite\\\/le-developpement-durable-dans-nos-projets\\\/#primaryimage\"},\"thumbnailUrl\":\"https:\\\/\\\/fireware.nl\\\/wp-content\\\/uploads\\\/2019\\\/02\\\/Duurzaam-ontwerp.jpg\",\"datePublished\":\"2017-08-18T09:24:03+00:00\",\"dateModified\":\"2019-02-26T08:59:21+00:00\",\"breadcrumb\":{\"@id\":\"https:\\\/\\\/fireware.nl\\\/fr\\\/societe-et-durabilite\\\/le-developpement-durable-dans-nos-projets\\\/#breadcrumb\"},\"inLanguage\":\"fr-FR\",\"potentialAction\":[{\"@type\":\"ReadAction\",\"target\":[\"https:\\\/\\\/fireware.nl\\\/fr\\\/societe-et-durabilite\\\/le-developpement-durable-dans-nos-projets\\\/\"]}]},{\"@type\":\"ImageObject\",\"inLanguage\":\"fr-FR\",\"@id\":\"https:\\\/\\\/fireware.nl\\\/fr\\\/societe-et-durabilite\\\/le-developpement-durable-dans-nos-projets\\\/#primaryimage\",\"url\":\"https:\\\/\\\/fireware.nl\\\/wp-content\\\/uploads\\\/2019\\\/02\\\/Duurzaam-ontwerp.jpg\",\"contentUrl\":\"https:\\\/\\\/fireware.nl\\\/wp-content\\\/uploads\\\/2019\\\/02\\\/Duurzaam-ontwerp.jpg\"},{\"@type\":\"BreadcrumbList\",\"@id\":\"https:\\\/\\\/fireware.nl\\\/fr\\\/societe-et-durabilite\\\/le-developpement-durable-dans-nos-projets\\\/#breadcrumb\",\"itemListElement\":[{\"@type\":\"ListItem\",\"position\":1,\"name\":\"Home\",\"item\":\"https:\\\/\\\/fireware.nl\\\/fr\\\/\"},{\"@type\":\"ListItem\",\"position\":2,\"name\":\"Soci\u00e9te et durabilit\u00e9\",\"item\":\"https:\\\/\\\/fireware.nl\\\/fr\\\/societe-et-durabilite\\\/\"},{\"@type\":\"ListItem\",\"position\":3,\"name\":\"Le d\u00e9veloppement durable dans nos projets\"}]},{\"@type\":\"WebSite\",\"@id\":\"https:\\\/\\\/fireware.nl\\\/fr\\\/#website\",\"url\":\"https:\\\/\\\/fireware.nl\\\/fr\\\/\",\"name\":\"FireWare\",\"description\":\"CREATING REALISTIC  TRAINING ENVIRONMENTS\",\"publisher\":{\"@id\":\"https:\\\/\\\/fireware.nl\\\/fr\\\/#organization\"},\"potentialAction\":[{\"@type\":\"SearchAction\",\"target\":{\"@type\":\"EntryPoint\",\"urlTemplate\":\"https:\\\/\\\/fireware.nl\\\/fr\\\/?s={search_term_string}\"},\"query-input\":{\"@type\":\"PropertyValueSpecification\",\"valueRequired\":true,\"valueName\":\"search_term_string\"}}],\"inLanguage\":\"fr-FR\"},{\"@type\":\"Organization\",\"@id\":\"https:\\\/\\\/fireware.nl\\\/fr\\\/#organization\",\"name\":\"FireWare\",\"url\":\"https:\\\/\\\/fireware.nl\\\/fr\\\/\",\"logo\":{\"@type\":\"ImageObject\",\"inLanguage\":\"fr-FR\",\"@id\":\"https:\\\/\\\/fireware.nl\\\/fr\\\/#\\\/schema\\\/logo\\\/image\\\/\",\"url\":\"https:\\\/\\\/fireware.nl\\\/wp-content\\\/uploads\\\/2018\\\/10\\\/FireWare-logo.jpg\",\"contentUrl\":\"https:\\\/\\\/fireware.nl\\\/wp-content\\\/uploads\\\/2018\\\/10\\\/FireWare-logo.jpg\",\"width\":171,\"height\":70,\"caption\":\"FireWare\"},\"image\":{\"@id\":\"https:\\\/\\\/fireware.nl\\\/fr\\\/#\\\/schema\\\/logo\\\/image\\\/\"},\"sameAs\":[\"https:\\\/\\\/www.facebook.com\\\/FireWareBV\\\/\",\"https:\\\/\\\/x.com\\\/FireWarebv\",\"https:\\\/\\\/www.instagram.com\\\/fireware_nl\\\/\",\"https:\\\/\\\/www.linkedin.com\\\/company\\\/3586017\\\/\",\"https:\\\/\\\/www.youtube.com\\\/user\\\/firesalesrentconsult\"]}]}<\/script>\n<!-- \/ Yoast SEO plugin. -->","yoast_head_json":{"title":"Le d\u00e9veloppement durable dans nos projets - FireWare","robots":{"index":"index","follow":"follow","max-snippet":"max-snippet:-1","max-image-preview":"max-image-preview:large","max-video-preview":"max-video-preview:-1"},"canonical":"https:\/\/fireware.nl\/fr\/societe-et-durabilite\/le-developpement-durable-dans-nos-projets\/","og_locale":"fr_FR","og_type":"article","og_title":"Le d\u00e9veloppement durable dans nos projets - FireWare","og_description":"En notre qualit\u00e9 de concepteurs, nous tenons compte du d\u00e9veloppement durable dans nos projets. C&#8217;est une mission qui nous tient...","og_url":"https:\/\/fireware.nl\/fr\/societe-et-durabilite\/le-developpement-durable-dans-nos-projets\/","og_site_name":"FireWare","article_publisher":"https:\/\/www.facebook.com\/FireWareBV\/","article_modified_time":"2019-02-26T08:59:21+00:00","og_image":[{"url":"https:\/\/fireware.nl\/wp-content\/uploads\/2019\/02\/Duurzaam-ontwerp.jpg","type":"","width":"","height":""}],"twitter_card":"summary_large_image","twitter_site":"@FireWarebv","twitter_misc":{"Dur\u00e9e de lecture estim\u00e9e":"1 minute"},"schema":{"@context":"https:\/\/schema.org","@graph":[{"@type":"WebPage","@id":"https:\/\/fireware.nl\/fr\/societe-et-durabilite\/le-developpement-durable-dans-nos-projets\/","url":"https:\/\/fireware.nl\/fr\/societe-et-durabilite\/le-developpement-durable-dans-nos-projets\/","name":"Le d\u00e9veloppement durable dans nos projets - FireWare","isPartOf":{"@id":"https:\/\/fireware.nl\/fr\/#website"},"primaryImageOfPage":{"@id":"https:\/\/fireware.nl\/fr\/societe-et-durabilite\/le-developpement-durable-dans-nos-projets\/#primaryimage"},"image":{"@id":"https:\/\/fireware.nl\/fr\/societe-et-durabilite\/le-developpement-durable-dans-nos-projets\/#primaryimage"},"thumbnailUrl":"https:\/\/fireware.nl\/wp-content\/uploads\/2019\/02\/Duurzaam-ontwerp.jpg","datePublished":"2017-08-18T09:24:03+00:00","dateModified":"2019-02-26T08:59:21+00:00","breadcrumb":{"@id":"https:\/\/fireware.nl\/fr\/societe-et-durabilite\/le-developpement-durable-dans-nos-projets\/#breadcrumb"},"inLanguage":"fr-FR","potentialAction":[{"@type":"ReadAction","target":["https:\/\/fireware.nl\/fr\/societe-et-durabilite\/le-developpement-durable-dans-nos-projets\/"]}]},{"@type":"ImageObject","inLanguage":"fr-FR","@id":"https:\/\/fireware.nl\/fr\/societe-et-durabilite\/le-developpement-durable-dans-nos-projets\/#primaryimage","url":"https:\/\/fireware.nl\/wp-content\/uploads\/2019\/02\/Duurzaam-ontwerp.jpg","contentUrl":"https:\/\/fireware.nl\/wp-content\/uploads\/2019\/02\/Duurzaam-ontwerp.jpg"},{"@type":"BreadcrumbList","@id":"https:\/\/fireware.nl\/fr\/societe-et-durabilite\/le-developpement-durable-dans-nos-projets\/#breadcrumb","itemListElement":[{"@type":"ListItem","position":1,"name":"Home","item":"https:\/\/fireware.nl\/fr\/"},{"@type":"ListItem","position":2,"name":"Soci\u00e9te et durabilit\u00e9","item":"https:\/\/fireware.nl\/fr\/societe-et-durabilite\/"},{"@type":"ListItem","position":3,"name":"Le d\u00e9veloppement durable dans nos projets"}]},{"@type":"WebSite","@id":"https:\/\/fireware.nl\/fr\/#website","url":"https:\/\/fireware.nl\/fr\/","name":"FireWare","description":"CREATING REALISTIC  TRAINING ENVIRONMENTS","publisher":{"@id":"https:\/\/fireware.nl\/fr\/#organization"},"potentialAction":[{"@type":"SearchAction","target":{"@type":"EntryPoint","urlTemplate":"https:\/\/fireware.nl\/fr\/?s={search_term_string}"},"query-input":{"@type":"PropertyValueSpecification","valueRequired":true,"valueName":"search_term_string"}}],"inLanguage":"fr-FR"},{"@type":"Organization","@id":"https:\/\/fireware.nl\/fr\/#organization","name":"FireWare","url":"https:\/\/fireware.nl\/fr\/","logo":{"@type":"ImageObject","inLanguage":"fr-FR","@id":"https:\/\/fireware.nl\/fr\/#\/schema\/logo\/image\/","url":"https:\/\/fireware.nl\/wp-content\/uploads\/2018\/10\/FireWare-logo.jpg","contentUrl":"https:\/\/fireware.nl\/wp-content\/uploads\/2018\/10\/FireWare-logo.jpg","width":171,"height":70,"caption":"FireWare"},"image":{"@id":"https:\/\/fireware.nl\/fr\/#\/schema\/logo\/image\/"},"sameAs":["https:\/\/www.facebook.com\/FireWareBV\/","https:\/\/x.com\/FireWarebv","https:\/\/www.instagram.com\/fireware_nl\/","https:\/\/www.linkedin.com\/company\/3586017\/","https:\/\/www.youtube.com\/user\/firesalesrentconsult"]}]}},"publishpress_future_action":{"enabled":false,"date":"2026-05-12 22:42:37","action":"change-status","newStatus":"draft","terms":[],"taxonomy":"translation_priority","extraData":[]},"publishpress_future_workflow_manual_trigger":{"enabledWorkflows":[]},"_links":{"self":[{"href":"https:\/\/fireware.nl\/fr\/wp-json\/wp\/v2\/pages\/10323","targetHints":{"allow":["GET"]}}],"collection":[{"href":"https:\/\/fireware.nl\/fr\/wp-json\/wp\/v2\/pages"}],"about":[{"href":"https:\/\/fireware.nl\/fr\/wp-json\/wp\/v2\/types\/page"}],"author":[{"embeddable":true,"href":"https:\/\/fireware.nl\/fr\/wp-json\/wp\/v2\/users\/2"}],"replies":[{"embeddable":true,"href":"https:\/\/fireware.nl\/fr\/wp-json\/wp\/v2\/comments?post=10323"}],"version-history":[{"count":0,"href":"https:\/\/fireware.nl\/fr\/wp-json\/wp\/v2\/pages\/10323\/revisions"}],"up":[{"embeddable":true,"href":"https:\/\/fireware.nl\/fr\/wp-json\/wp\/v2\/pages\/10317"}],"wp:attachment":[{"href":"https:\/\/fireware.nl\/fr\/wp-json\/wp\/v2\/media?parent=10323"}],"curies":[{"name":"wp","href":"https:\/\/api.w.org\/{rel}","templated":true}]}}