
{"id":10324,"date":"2017-08-18T09:27:41","date_gmt":"2017-08-18T09:27:41","guid":{"rendered":"http:\/\/exclusive-it-development.nl\/?page_id=3271"},"modified":"2019-02-26T09:03:01","modified_gmt":"2019-02-26T09:03:01","slug":"entreprise-de-formation-reconnue","status":"publish","type":"page","link":"https:\/\/fireware.nl\/fr\/societe-et-durabilite\/entreprise-de-formation-reconnue\/","title":{"rendered":"Entreprise de formation reconnue"},"content":{"rendered":"\n\t\t\t\t<img decoding=\"async\" src=\"https:\/\/fireware.nl\/wp-content\/uploads\/2019\/02\/Leerbedrijf.jpg\" alt=\"Leerbedrijf\" itemprop=\"image\" title=\"Leerbedrijf\" onerror=\"this.style.display='none'\"  \/>\n\t<p>Il importe que les \u00e9tudiants et les jeunes puissent trouver de bonnes stages de formation. FireWare tient \u00e0 prendre ses responsabilit\u00e9s \u00e0 ce sujet. Les stagiaires sont donc les bienvenus chez FireWare o\u00f9 ils b\u00e9n\u00e9ficieront de l&#8217;encadrement dont ils ont vraiment besoin.<\/p>\n<p>FireWare est une entreprise de formation agr\u00e9\u00e9e\u00a0<a href=\"https:\/\/www.s-bb.nl\/\">par SBB\u00a0<\/a>pour les \u00e9tudes techniques, graphiques, audiovisuelles et cr\u00e9atives.<\/p>\n","protected":false},"excerpt":{"rendered":"<p>Il importe que les \u00e9tudiants et les jeunes puissent trouver de bonnes stages de formation. FireWare tient \u00e0 prendre ses<span class=\"excerpt-ellipsis\">&#8230;<\/span><\/p>\n","protected":false},"author":2,"featured_media":0,"parent":10317,"menu_order":0,"comment_status":"closed","ping_status":"closed","template":"","meta":{"footnotes":""},"class_list":["post-10324","page","type-page","status-publish","hentry"],"yoast_head":"<!-- This site is optimized with the Yoast SEO plugin v27.5 - https:\/\/yoast.com\/product\/yoast-seo-wordpress\/ -->\n<title>Entreprise de formation reconnue - FireWare<\/title>\n<meta name=\"robots\" content=\"index, follow, max-snippet:-1, max-image-preview:large, max-video-preview:-1\" \/>\n<link rel=\"canonical\" href=\"https:\/\/fireware.nl\/fr\/societe-et-durabilite\/entreprise-de-formation-reconnue\/\" \/>\n<meta property=\"og:locale\" content=\"fr_FR\" \/>\n<meta property=\"og:type\" content=\"article\" \/>\n<meta property=\"og:title\" content=\"Entreprise de formation reconnue - FireWare\" \/>\n<meta property=\"og:description\" content=\"Il importe que les \u00e9tudiants et les jeunes puissent trouver de bonnes stages de formation. FireWare tient \u00e0 prendre ses...\" \/>\n<meta property=\"og:url\" content=\"https:\/\/fireware.nl\/fr\/societe-et-durabilite\/entreprise-de-formation-reconnue\/\" \/>\n<meta property=\"og:site_name\" content=\"FireWare\" \/>\n<meta property=\"article:publisher\" content=\"https:\/\/www.facebook.com\/FireWareBV\/\" \/>\n<meta property=\"article:modified_time\" content=\"2019-02-26T09:03:01+00:00\" \/>\n<meta property=\"og:image\" content=\"https:\/\/fireware.nl\/wp-content\/uploads\/2019\/02\/Leerbedrijf.jpg\" \/>\n<meta name=\"twitter:card\" content=\"summary_large_image\" \/>\n<meta name=\"twitter:site\" content=\"@FireWarebv\" \/>\n<script type=\"application\/ld+json\" class=\"yoast-schema-graph\">{\"@context\":\"https:\\\/\\\/schema.org\",\"@graph\":[{\"@type\":\"WebPage\",\"@id\":\"https:\\\/\\\/fireware.nl\\\/fr\\\/societe-et-durabilite\\\/entreprise-de-formation-reconnue\\\/\",\"url\":\"https:\\\/\\\/fireware.nl\\\/fr\\\/societe-et-durabilite\\\/entreprise-de-formation-reconnue\\\/\",\"name\":\"Entreprise de formation reconnue - FireWare\",\"isPartOf\":{\"@id\":\"https:\\\/\\\/fireware.nl\\\/fr\\\/#website\"},\"primaryImageOfPage\":{\"@id\":\"https:\\\/\\\/fireware.nl\\\/fr\\\/societe-et-durabilite\\\/entreprise-de-formation-reconnue\\\/#primaryimage\"},\"image\":{\"@id\":\"https:\\\/\\\/fireware.nl\\\/fr\\\/societe-et-durabilite\\\/entreprise-de-formation-reconnue\\\/#primaryimage\"},\"thumbnailUrl\":\"https:\\\/\\\/fireware.nl\\\/wp-content\\\/uploads\\\/2019\\\/02\\\/Leerbedrijf.jpg\",\"datePublished\":\"2017-08-18T09:27:41+00:00\",\"dateModified\":\"2019-02-26T09:03:01+00:00\",\"breadcrumb\":{\"@id\":\"https:\\\/\\\/fireware.nl\\\/fr\\\/societe-et-durabilite\\\/entreprise-de-formation-reconnue\\\/#breadcrumb\"},\"inLanguage\":\"fr-FR\",\"potentialAction\":[{\"@type\":\"ReadAction\",\"target\":[\"https:\\\/\\\/fireware.nl\\\/fr\\\/societe-et-durabilite\\\/entreprise-de-formation-reconnue\\\/\"]}]},{\"@type\":\"ImageObject\",\"inLanguage\":\"fr-FR\",\"@id\":\"https:\\\/\\\/fireware.nl\\\/fr\\\/societe-et-durabilite\\\/entreprise-de-formation-reconnue\\\/#primaryimage\",\"url\":\"https:\\\/\\\/fireware.nl\\\/wp-content\\\/uploads\\\/2019\\\/02\\\/Leerbedrijf.jpg\",\"contentUrl\":\"https:\\\/\\\/fireware.nl\\\/wp-content\\\/uploads\\\/2019\\\/02\\\/Leerbedrijf.jpg\"},{\"@type\":\"BreadcrumbList\",\"@id\":\"https:\\\/\\\/fireware.nl\\\/fr\\\/societe-et-durabilite\\\/entreprise-de-formation-reconnue\\\/#breadcrumb\",\"itemListElement\":[{\"@type\":\"ListItem\",\"position\":1,\"name\":\"Home\",\"item\":\"https:\\\/\\\/fireware.nl\\\/fr\\\/\"},{\"@type\":\"ListItem\",\"position\":2,\"name\":\"Soci\u00e9te et durabilit\u00e9\",\"item\":\"https:\\\/\\\/fireware.nl\\\/fr\\\/societe-et-durabilite\\\/\"},{\"@type\":\"ListItem\",\"position\":3,\"name\":\"Entreprise de formation reconnue\"}]},{\"@type\":\"WebSite\",\"@id\":\"https:\\\/\\\/fireware.nl\\\/fr\\\/#website\",\"url\":\"https:\\\/\\\/fireware.nl\\\/fr\\\/\",\"name\":\"FireWare\",\"description\":\"CREATING REALISTIC  TRAINING ENVIRONMENTS\",\"publisher\":{\"@id\":\"https:\\\/\\\/fireware.nl\\\/fr\\\/#organization\"},\"potentialAction\":[{\"@type\":\"SearchAction\",\"target\":{\"@type\":\"EntryPoint\",\"urlTemplate\":\"https:\\\/\\\/fireware.nl\\\/fr\\\/?s={search_term_string}\"},\"query-input\":{\"@type\":\"PropertyValueSpecification\",\"valueRequired\":true,\"valueName\":\"search_term_string\"}}],\"inLanguage\":\"fr-FR\"},{\"@type\":\"Organization\",\"@id\":\"https:\\\/\\\/fireware.nl\\\/fr\\\/#organization\",\"name\":\"FireWare\",\"url\":\"https:\\\/\\\/fireware.nl\\\/fr\\\/\",\"logo\":{\"@type\":\"ImageObject\",\"inLanguage\":\"fr-FR\",\"@id\":\"https:\\\/\\\/fireware.nl\\\/fr\\\/#\\\/schema\\\/logo\\\/image\\\/\",\"url\":\"https:\\\/\\\/fireware.nl\\\/wp-content\\\/uploads\\\/2018\\\/10\\\/FireWare-logo.jpg\",\"contentUrl\":\"https:\\\/\\\/fireware.nl\\\/wp-content\\\/uploads\\\/2018\\\/10\\\/FireWare-logo.jpg\",\"width\":171,\"height\":70,\"caption\":\"FireWare\"},\"image\":{\"@id\":\"https:\\\/\\\/fireware.nl\\\/fr\\\/#\\\/schema\\\/logo\\\/image\\\/\"},\"sameAs\":[\"https:\\\/\\\/www.facebook.com\\\/FireWareBV\\\/\",\"https:\\\/\\\/x.com\\\/FireWarebv\",\"https:\\\/\\\/www.instagram.com\\\/fireware_nl\\\/\",\"https:\\\/\\\/www.linkedin.com\\\/company\\\/3586017\\\/\",\"https:\\\/\\\/www.youtube.com\\\/user\\\/firesalesrentconsult\"]}]}<\/script>\n<!-- \/ Yoast SEO plugin. -->","yoast_head_json":{"title":"Entreprise de formation reconnue - FireWare","robots":{"index":"index","follow":"follow","max-snippet":"max-snippet:-1","max-image-preview":"max-image-preview:large","max-video-preview":"max-video-preview:-1"},"canonical":"https:\/\/fireware.nl\/fr\/societe-et-durabilite\/entreprise-de-formation-reconnue\/","og_locale":"fr_FR","og_type":"article","og_title":"Entreprise de formation reconnue - FireWare","og_description":"Il importe que les \u00e9tudiants et les jeunes puissent trouver de bonnes stages de formation. FireWare tient \u00e0 prendre ses...","og_url":"https:\/\/fireware.nl\/fr\/societe-et-durabilite\/entreprise-de-formation-reconnue\/","og_site_name":"FireWare","article_publisher":"https:\/\/www.facebook.com\/FireWareBV\/","article_modified_time":"2019-02-26T09:03:01+00:00","og_image":[{"url":"https:\/\/fireware.nl\/wp-content\/uploads\/2019\/02\/Leerbedrijf.jpg","type":"","width":"","height":""}],"twitter_card":"summary_large_image","twitter_site":"@FireWarebv","schema":{"@context":"https:\/\/schema.org","@graph":[{"@type":"WebPage","@id":"https:\/\/fireware.nl\/fr\/societe-et-durabilite\/entreprise-de-formation-reconnue\/","url":"https:\/\/fireware.nl\/fr\/societe-et-durabilite\/entreprise-de-formation-reconnue\/","name":"Entreprise de formation reconnue - FireWare","isPartOf":{"@id":"https:\/\/fireware.nl\/fr\/#website"},"primaryImageOfPage":{"@id":"https:\/\/fireware.nl\/fr\/societe-et-durabilite\/entreprise-de-formation-reconnue\/#primaryimage"},"image":{"@id":"https:\/\/fireware.nl\/fr\/societe-et-durabilite\/entreprise-de-formation-reconnue\/#primaryimage"},"thumbnailUrl":"https:\/\/fireware.nl\/wp-content\/uploads\/2019\/02\/Leerbedrijf.jpg","datePublished":"2017-08-18T09:27:41+00:00","dateModified":"2019-02-26T09:03:01+00:00","breadcrumb":{"@id":"https:\/\/fireware.nl\/fr\/societe-et-durabilite\/entreprise-de-formation-reconnue\/#breadcrumb"},"inLanguage":"fr-FR","potentialAction":[{"@type":"ReadAction","target":["https:\/\/fireware.nl\/fr\/societe-et-durabilite\/entreprise-de-formation-reconnue\/"]}]},{"@type":"ImageObject","inLanguage":"fr-FR","@id":"https:\/\/fireware.nl\/fr\/societe-et-durabilite\/entreprise-de-formation-reconnue\/#primaryimage","url":"https:\/\/fireware.nl\/wp-content\/uploads\/2019\/02\/Leerbedrijf.jpg","contentUrl":"https:\/\/fireware.nl\/wp-content\/uploads\/2019\/02\/Leerbedrijf.jpg"},{"@type":"BreadcrumbList","@id":"https:\/\/fireware.nl\/fr\/societe-et-durabilite\/entreprise-de-formation-reconnue\/#breadcrumb","itemListElement":[{"@type":"ListItem","position":1,"name":"Home","item":"https:\/\/fireware.nl\/fr\/"},{"@type":"ListItem","position":2,"name":"Soci\u00e9te et durabilit\u00e9","item":"https:\/\/fireware.nl\/fr\/societe-et-durabilite\/"},{"@type":"ListItem","position":3,"name":"Entreprise de formation reconnue"}]},{"@type":"WebSite","@id":"https:\/\/fireware.nl\/fr\/#website","url":"https:\/\/fireware.nl\/fr\/","name":"FireWare","description":"CREATING REALISTIC  TRAINING ENVIRONMENTS","publisher":{"@id":"https:\/\/fireware.nl\/fr\/#organization"},"potentialAction":[{"@type":"SearchAction","target":{"@type":"EntryPoint","urlTemplate":"https:\/\/fireware.nl\/fr\/?s={search_term_string}"},"query-input":{"@type":"PropertyValueSpecification","valueRequired":true,"valueName":"search_term_string"}}],"inLanguage":"fr-FR"},{"@type":"Organization","@id":"https:\/\/fireware.nl\/fr\/#organization","name":"FireWare","url":"https:\/\/fireware.nl\/fr\/","logo":{"@type":"ImageObject","inLanguage":"fr-FR","@id":"https:\/\/fireware.nl\/fr\/#\/schema\/logo\/image\/","url":"https:\/\/fireware.nl\/wp-content\/uploads\/2018\/10\/FireWare-logo.jpg","contentUrl":"https:\/\/fireware.nl\/wp-content\/uploads\/2018\/10\/FireWare-logo.jpg","width":171,"height":70,"caption":"FireWare"},"image":{"@id":"https:\/\/fireware.nl\/fr\/#\/schema\/logo\/image\/"},"sameAs":["https:\/\/www.facebook.com\/FireWareBV\/","https:\/\/x.com\/FireWarebv","https:\/\/www.instagram.com\/fireware_nl\/","https:\/\/www.linkedin.com\/company\/3586017\/","https:\/\/www.youtube.com\/user\/firesalesrentconsult"]}]}},"publishpress_future_action":{"enabled":false,"date":"2026-05-12 22:42:37","action":"change-status","newStatus":"draft","terms":[],"taxonomy":"translation_priority","extraData":[]},"publishpress_future_workflow_manual_trigger":{"enabledWorkflows":[]},"_links":{"self":[{"href":"https:\/\/fireware.nl\/fr\/wp-json\/wp\/v2\/pages\/10324","targetHints":{"allow":["GET"]}}],"collection":[{"href":"https:\/\/fireware.nl\/fr\/wp-json\/wp\/v2\/pages"}],"about":[{"href":"https:\/\/fireware.nl\/fr\/wp-json\/wp\/v2\/types\/page"}],"author":[{"embeddable":true,"href":"https:\/\/fireware.nl\/fr\/wp-json\/wp\/v2\/users\/2"}],"replies":[{"embeddable":true,"href":"https:\/\/fireware.nl\/fr\/wp-json\/wp\/v2\/comments?post=10324"}],"version-history":[{"count":0,"href":"https:\/\/fireware.nl\/fr\/wp-json\/wp\/v2\/pages\/10324\/revisions"}],"up":[{"embeddable":true,"href":"https:\/\/fireware.nl\/fr\/wp-json\/wp\/v2\/pages\/10317"}],"wp:attachment":[{"href":"https:\/\/fireware.nl\/fr\/wp-json\/wp\/v2\/media?parent=10324"}],"curies":[{"name":"wp","href":"https:\/\/api.w.org\/{rel}","templated":true}]}}