
{"id":10325,"date":"2017-08-18T09:34:16","date_gmt":"2017-08-18T09:34:16","guid":{"rendered":"http:\/\/exclusive-it-development.nl\/?page_id=3275"},"modified":"2019-02-01T10:21:56","modified_gmt":"2019-02-01T10:21:56","slug":"electricite-et-gaz-ecologiques","status":"publish","type":"page","link":"https:\/\/fireware.nl\/fr\/societe-et-durabilite\/electricite-et-gaz-ecologiques\/","title":{"rendered":"\u00c9lectricit\u00e9 et gaz \u00e9cologiques"},"content":{"rendered":"\n\t<p>FireWare ach\u00e8te l&#8217;\u00e9lectricit\u00e9 \u00ab\u00a0\u00e0 la source\u00a0\u00bb\u00a0; dans ce cas pr\u00e9cis,\u00a0<a href=\"https:\/\/vandebron.nl\/#!\/generator-details\/75f274d7-afe2-429b-97f9-a34100fc4379?houseTypeIdx=1&amp;residentTypeIdx=2&amp;meterTypeIdx=1&amp;propositionTypeIdx=FE1-1503&amp;basicEstimate=2850&amp;peakEstimate=1710&amp;offPeakEstimate=1140&amp;gasEstimate=1200&amp;includeGas=true\" target=\"_blank\" rel=\"noopener\">a une \u00e9colienne de Middenmeer\u00a0<\/a>\u00e0 seulement quelques kilom\u00e8tres. C&#8217;est l\u00e0 o\u00f9 Bernard et Karin Kadijk exploitent une ferme \u00e9quip\u00e9e d&#8217;une \u00e9olienne qui produit plus d&#8217;\u00e9nergie que ce dont le couple a r\u00e9ellement besoin.<\/p>\n<p>Cette initiative d&#8217;achat \u00ab\u00a0\u00e0 la source\u00a0\u00bb nous permet d&#8217;acheter directement l&#8217;\u00e9nergie l\u00e0 o\u00f9 elle est produite. Nous sommes ainsi certains que l&#8217;\u00e9lectricit\u00e9 que nous consommons est r\u00e9ellement g\u00e9n\u00e9r\u00e9e \u00e9cologiquement et qu&#8217;il n&#8217;y a pas de \u00ab\u00a0bidouillage\u00a0\u00bb avec les certificats. Quel sentiment agr\u00e9able\u00a0!<\/p>\n<p>Nous achetons \u00e9galement notre gaz \u00ab\u00a0\u00e0 la source\u00a0\u00bb, mais il n&#8217;est malheureusement pas possible d&#8217;acheter du \u00ab\u00a0gaz vert\u00a0\u00bb, mais bien du gaz compens\u00e9 carbone conform\u00e9ment au Gold Standard, le label de qualit\u00e9 le plus strict en mati\u00e8re de compensation carbone. De cette mani\u00e8re, nous aidons \u00e0 lutter contre\u00a0<a href=\"https:\/\/vandebron.nl\/#!\/gas#gas-kikonda\" target=\"_blank\" rel=\"noopener\">la d\u00e9forestation de la r\u00e9serve de Kikonda<\/a>.<\/p>\n<p>Si vous aussi, vous souhaitez acheter de l&#8217;\u00e9nergie de cette mani\u00e8re, nous vous invitons \u00e0 consulter le site\u00a0<a href=\"http:\/\/www.vandebron.nl\/\">Vandebron.nl<\/a>\u00a0dont sont extraites les photos du diaporama ci-dessus<\/p>\n\t<p><img decoding=\"async\" src=\"https:\/\/fireware.nl\/wp-content\/uploads\/groene-stroom-1.jpg\" \/><\/p>\n\t<p><img decoding=\"async\" src=\"https:\/\/fireware.nl\/wp-content\/uploads\/groene-stroom-2.jpg\" \/><\/p>\n\t<p><img decoding=\"async\" src=\"https:\/\/fireware.nl\/wp-content\/uploads\/groene-stroom-3.jpg\" \/><\/p>\n\t<p><strong><img decoding=\"async\" src=\"https:\/\/fireware.nl\/wp-content\/uploads\/Groene-stroom-4.jpg\" \/><\/strong><\/p>\n","protected":false},"excerpt":{"rendered":"<p>FireWare ach\u00e8te l&#8217;\u00e9lectricit\u00e9 \u00ab\u00a0\u00e0 la source\u00a0\u00bb\u00a0; dans ce cas pr\u00e9cis,\u00a0a une \u00e9colienne de Middenmeer\u00a0\u00e0 seulement quelques kilom\u00e8tres. C&#8217;est l\u00e0 o\u00f9<span class=\"excerpt-ellipsis\">&#8230;<\/span><\/p>\n","protected":false},"author":2,"featured_media":0,"parent":10317,"menu_order":0,"comment_status":"closed","ping_status":"closed","template":"","meta":{"footnotes":""},"class_list":["post-10325","page","type-page","status-publish","hentry"],"yoast_head":"<!-- This site is optimized with the Yoast SEO plugin v27.5 - https:\/\/yoast.com\/product\/yoast-seo-wordpress\/ -->\n<title>\u00c9lectricit\u00e9 et gaz \u00e9cologiques - FireWare<\/title>\n<meta name=\"robots\" content=\"index, follow, max-snippet:-1, max-image-preview:large, max-video-preview:-1\" \/>\n<link rel=\"canonical\" href=\"https:\/\/fireware.nl\/fr\/societe-et-durabilite\/electricite-et-gaz-ecologiques\/\" \/>\n<meta property=\"og:locale\" content=\"fr_FR\" \/>\n<meta property=\"og:type\" content=\"article\" \/>\n<meta property=\"og:title\" content=\"\u00c9lectricit\u00e9 et gaz \u00e9cologiques - FireWare\" \/>\n<meta property=\"og:description\" content=\"FireWare ach\u00e8te l&#8217;\u00e9lectricit\u00e9 \u00ab\u00a0\u00e0 la source\u00a0\u00bb\u00a0; dans ce cas pr\u00e9cis,\u00a0a une \u00e9colienne de Middenmeer\u00a0\u00e0 seulement quelques kilom\u00e8tres. C&#8217;est l\u00e0 o\u00f9...\" \/>\n<meta property=\"og:url\" content=\"https:\/\/fireware.nl\/fr\/societe-et-durabilite\/electricite-et-gaz-ecologiques\/\" \/>\n<meta property=\"og:site_name\" content=\"FireWare\" \/>\n<meta property=\"article:publisher\" content=\"https:\/\/www.facebook.com\/FireWareBV\/\" \/>\n<meta property=\"article:modified_time\" content=\"2019-02-01T10:21:56+00:00\" \/>\n<meta property=\"og:image\" content=\"https:\/\/fireware.nl\/wp-content\/uploads\/groene-stroom-1.jpg\" \/>\n<meta name=\"twitter:card\" content=\"summary_large_image\" \/>\n<meta name=\"twitter:site\" content=\"@FireWarebv\" \/>\n<meta name=\"twitter:label1\" content=\"Dur\u00e9e de lecture estim\u00e9e\" \/>\n\t<meta name=\"twitter:data1\" content=\"1 minute\" \/>\n<script type=\"application\/ld+json\" class=\"yoast-schema-graph\">{\"@context\":\"https:\\\/\\\/schema.org\",\"@graph\":[{\"@type\":\"WebPage\",\"@id\":\"https:\\\/\\\/fireware.nl\\\/fr\\\/societe-et-durabilite\\\/electricite-et-gaz-ecologiques\\\/\",\"url\":\"https:\\\/\\\/fireware.nl\\\/fr\\\/societe-et-durabilite\\\/electricite-et-gaz-ecologiques\\\/\",\"name\":\"\u00c9lectricit\u00e9 et gaz \u00e9cologiques - FireWare\",\"isPartOf\":{\"@id\":\"https:\\\/\\\/fireware.nl\\\/fr\\\/#website\"},\"primaryImageOfPage\":{\"@id\":\"https:\\\/\\\/fireware.nl\\\/fr\\\/societe-et-durabilite\\\/electricite-et-gaz-ecologiques\\\/#primaryimage\"},\"image\":{\"@id\":\"https:\\\/\\\/fireware.nl\\\/fr\\\/societe-et-durabilite\\\/electricite-et-gaz-ecologiques\\\/#primaryimage\"},\"thumbnailUrl\":\"https:\\\/\\\/fireware.nl\\\/wp-content\\\/uploads\\\/groene-stroom-1.jpg\",\"datePublished\":\"2017-08-18T09:34:16+00:00\",\"dateModified\":\"2019-02-01T10:21:56+00:00\",\"breadcrumb\":{\"@id\":\"https:\\\/\\\/fireware.nl\\\/fr\\\/societe-et-durabilite\\\/electricite-et-gaz-ecologiques\\\/#breadcrumb\"},\"inLanguage\":\"fr-FR\",\"potentialAction\":[{\"@type\":\"ReadAction\",\"target\":[\"https:\\\/\\\/fireware.nl\\\/fr\\\/societe-et-durabilite\\\/electricite-et-gaz-ecologiques\\\/\"]}]},{\"@type\":\"ImageObject\",\"inLanguage\":\"fr-FR\",\"@id\":\"https:\\\/\\\/fireware.nl\\\/fr\\\/societe-et-durabilite\\\/electricite-et-gaz-ecologiques\\\/#primaryimage\",\"url\":\"https:\\\/\\\/fireware.nl\\\/wp-content\\\/uploads\\\/groene-stroom-1.jpg\",\"contentUrl\":\"https:\\\/\\\/fireware.nl\\\/wp-content\\\/uploads\\\/groene-stroom-1.jpg\"},{\"@type\":\"BreadcrumbList\",\"@id\":\"https:\\\/\\\/fireware.nl\\\/fr\\\/societe-et-durabilite\\\/electricite-et-gaz-ecologiques\\\/#breadcrumb\",\"itemListElement\":[{\"@type\":\"ListItem\",\"position\":1,\"name\":\"Home\",\"item\":\"https:\\\/\\\/fireware.nl\\\/fr\\\/\"},{\"@type\":\"ListItem\",\"position\":2,\"name\":\"Soci\u00e9te et durabilit\u00e9\",\"item\":\"https:\\\/\\\/fireware.nl\\\/fr\\\/societe-et-durabilite\\\/\"},{\"@type\":\"ListItem\",\"position\":3,\"name\":\"\u00c9lectricit\u00e9 et gaz \u00e9cologiques\"}]},{\"@type\":\"WebSite\",\"@id\":\"https:\\\/\\\/fireware.nl\\\/fr\\\/#website\",\"url\":\"https:\\\/\\\/fireware.nl\\\/fr\\\/\",\"name\":\"FireWare\",\"description\":\"CREATING REALISTIC  TRAINING ENVIRONMENTS\",\"publisher\":{\"@id\":\"https:\\\/\\\/fireware.nl\\\/fr\\\/#organization\"},\"potentialAction\":[{\"@type\":\"SearchAction\",\"target\":{\"@type\":\"EntryPoint\",\"urlTemplate\":\"https:\\\/\\\/fireware.nl\\\/fr\\\/?s={search_term_string}\"},\"query-input\":{\"@type\":\"PropertyValueSpecification\",\"valueRequired\":true,\"valueName\":\"search_term_string\"}}],\"inLanguage\":\"fr-FR\"},{\"@type\":\"Organization\",\"@id\":\"https:\\\/\\\/fireware.nl\\\/fr\\\/#organization\",\"name\":\"FireWare\",\"url\":\"https:\\\/\\\/fireware.nl\\\/fr\\\/\",\"logo\":{\"@type\":\"ImageObject\",\"inLanguage\":\"fr-FR\",\"@id\":\"https:\\\/\\\/fireware.nl\\\/fr\\\/#\\\/schema\\\/logo\\\/image\\\/\",\"url\":\"https:\\\/\\\/fireware.nl\\\/wp-content\\\/uploads\\\/2018\\\/10\\\/FireWare-logo.jpg\",\"contentUrl\":\"https:\\\/\\\/fireware.nl\\\/wp-content\\\/uploads\\\/2018\\\/10\\\/FireWare-logo.jpg\",\"width\":171,\"height\":70,\"caption\":\"FireWare\"},\"image\":{\"@id\":\"https:\\\/\\\/fireware.nl\\\/fr\\\/#\\\/schema\\\/logo\\\/image\\\/\"},\"sameAs\":[\"https:\\\/\\\/www.facebook.com\\\/FireWareBV\\\/\",\"https:\\\/\\\/x.com\\\/FireWarebv\",\"https:\\\/\\\/www.instagram.com\\\/fireware_nl\\\/\",\"https:\\\/\\\/www.linkedin.com\\\/company\\\/3586017\\\/\",\"https:\\\/\\\/www.youtube.com\\\/user\\\/firesalesrentconsult\"]}]}<\/script>\n<!-- \/ Yoast SEO plugin. -->","yoast_head_json":{"title":"\u00c9lectricit\u00e9 et gaz \u00e9cologiques - FireWare","robots":{"index":"index","follow":"follow","max-snippet":"max-snippet:-1","max-image-preview":"max-image-preview:large","max-video-preview":"max-video-preview:-1"},"canonical":"https:\/\/fireware.nl\/fr\/societe-et-durabilite\/electricite-et-gaz-ecologiques\/","og_locale":"fr_FR","og_type":"article","og_title":"\u00c9lectricit\u00e9 et gaz \u00e9cologiques - FireWare","og_description":"FireWare ach\u00e8te l&#8217;\u00e9lectricit\u00e9 \u00ab\u00a0\u00e0 la source\u00a0\u00bb\u00a0; dans ce cas pr\u00e9cis,\u00a0a une \u00e9colienne de Middenmeer\u00a0\u00e0 seulement quelques kilom\u00e8tres. C&#8217;est l\u00e0 o\u00f9...","og_url":"https:\/\/fireware.nl\/fr\/societe-et-durabilite\/electricite-et-gaz-ecologiques\/","og_site_name":"FireWare","article_publisher":"https:\/\/www.facebook.com\/FireWareBV\/","article_modified_time":"2019-02-01T10:21:56+00:00","og_image":[{"url":"https:\/\/fireware.nl\/wp-content\/uploads\/groene-stroom-1.jpg","type":"","width":"","height":""}],"twitter_card":"summary_large_image","twitter_site":"@FireWarebv","twitter_misc":{"Dur\u00e9e de lecture estim\u00e9e":"1 minute"},"schema":{"@context":"https:\/\/schema.org","@graph":[{"@type":"WebPage","@id":"https:\/\/fireware.nl\/fr\/societe-et-durabilite\/electricite-et-gaz-ecologiques\/","url":"https:\/\/fireware.nl\/fr\/societe-et-durabilite\/electricite-et-gaz-ecologiques\/","name":"\u00c9lectricit\u00e9 et gaz \u00e9cologiques - FireWare","isPartOf":{"@id":"https:\/\/fireware.nl\/fr\/#website"},"primaryImageOfPage":{"@id":"https:\/\/fireware.nl\/fr\/societe-et-durabilite\/electricite-et-gaz-ecologiques\/#primaryimage"},"image":{"@id":"https:\/\/fireware.nl\/fr\/societe-et-durabilite\/electricite-et-gaz-ecologiques\/#primaryimage"},"thumbnailUrl":"https:\/\/fireware.nl\/wp-content\/uploads\/groene-stroom-1.jpg","datePublished":"2017-08-18T09:34:16+00:00","dateModified":"2019-02-01T10:21:56+00:00","breadcrumb":{"@id":"https:\/\/fireware.nl\/fr\/societe-et-durabilite\/electricite-et-gaz-ecologiques\/#breadcrumb"},"inLanguage":"fr-FR","potentialAction":[{"@type":"ReadAction","target":["https:\/\/fireware.nl\/fr\/societe-et-durabilite\/electricite-et-gaz-ecologiques\/"]}]},{"@type":"ImageObject","inLanguage":"fr-FR","@id":"https:\/\/fireware.nl\/fr\/societe-et-durabilite\/electricite-et-gaz-ecologiques\/#primaryimage","url":"https:\/\/fireware.nl\/wp-content\/uploads\/groene-stroom-1.jpg","contentUrl":"https:\/\/fireware.nl\/wp-content\/uploads\/groene-stroom-1.jpg"},{"@type":"BreadcrumbList","@id":"https:\/\/fireware.nl\/fr\/societe-et-durabilite\/electricite-et-gaz-ecologiques\/#breadcrumb","itemListElement":[{"@type":"ListItem","position":1,"name":"Home","item":"https:\/\/fireware.nl\/fr\/"},{"@type":"ListItem","position":2,"name":"Soci\u00e9te et durabilit\u00e9","item":"https:\/\/fireware.nl\/fr\/societe-et-durabilite\/"},{"@type":"ListItem","position":3,"name":"\u00c9lectricit\u00e9 et gaz \u00e9cologiques"}]},{"@type":"WebSite","@id":"https:\/\/fireware.nl\/fr\/#website","url":"https:\/\/fireware.nl\/fr\/","name":"FireWare","description":"CREATING REALISTIC  TRAINING ENVIRONMENTS","publisher":{"@id":"https:\/\/fireware.nl\/fr\/#organization"},"potentialAction":[{"@type":"SearchAction","target":{"@type":"EntryPoint","urlTemplate":"https:\/\/fireware.nl\/fr\/?s={search_term_string}"},"query-input":{"@type":"PropertyValueSpecification","valueRequired":true,"valueName":"search_term_string"}}],"inLanguage":"fr-FR"},{"@type":"Organization","@id":"https:\/\/fireware.nl\/fr\/#organization","name":"FireWare","url":"https:\/\/fireware.nl\/fr\/","logo":{"@type":"ImageObject","inLanguage":"fr-FR","@id":"https:\/\/fireware.nl\/fr\/#\/schema\/logo\/image\/","url":"https:\/\/fireware.nl\/wp-content\/uploads\/2018\/10\/FireWare-logo.jpg","contentUrl":"https:\/\/fireware.nl\/wp-content\/uploads\/2018\/10\/FireWare-logo.jpg","width":171,"height":70,"caption":"FireWare"},"image":{"@id":"https:\/\/fireware.nl\/fr\/#\/schema\/logo\/image\/"},"sameAs":["https:\/\/www.facebook.com\/FireWareBV\/","https:\/\/x.com\/FireWarebv","https:\/\/www.instagram.com\/fireware_nl\/","https:\/\/www.linkedin.com\/company\/3586017\/","https:\/\/www.youtube.com\/user\/firesalesrentconsult"]}]}},"publishpress_future_action":{"enabled":false,"date":"2026-05-12 22:42:36","action":"change-status","newStatus":"draft","terms":[],"taxonomy":"translation_priority","extraData":[]},"publishpress_future_workflow_manual_trigger":{"enabledWorkflows":[]},"_links":{"self":[{"href":"https:\/\/fireware.nl\/fr\/wp-json\/wp\/v2\/pages\/10325","targetHints":{"allow":["GET"]}}],"collection":[{"href":"https:\/\/fireware.nl\/fr\/wp-json\/wp\/v2\/pages"}],"about":[{"href":"https:\/\/fireware.nl\/fr\/wp-json\/wp\/v2\/types\/page"}],"author":[{"embeddable":true,"href":"https:\/\/fireware.nl\/fr\/wp-json\/wp\/v2\/users\/2"}],"replies":[{"embeddable":true,"href":"https:\/\/fireware.nl\/fr\/wp-json\/wp\/v2\/comments?post=10325"}],"version-history":[{"count":0,"href":"https:\/\/fireware.nl\/fr\/wp-json\/wp\/v2\/pages\/10325\/revisions"}],"up":[{"embeddable":true,"href":"https:\/\/fireware.nl\/fr\/wp-json\/wp\/v2\/pages\/10317"}],"wp:attachment":[{"href":"https:\/\/fireware.nl\/fr\/wp-json\/wp\/v2\/media?parent=10325"}],"curies":[{"name":"wp","href":"https:\/\/api.w.org\/{rel}","templated":true}]}}