
{"id":10327,"date":"2017-08-18T09:41:38","date_gmt":"2017-08-18T09:41:38","guid":{"rendered":"http:\/\/exclusive-it-development.nl\/?page_id=3287"},"modified":"2019-02-22T11:12:31","modified_gmt":"2019-02-22T11:12:31","slug":"pompiers-sans-frontieres","status":"publish","type":"page","link":"https:\/\/fireware.nl\/fr\/societe-et-durabilite\/pompiers-sans-frontieres\/","title":{"rendered":"Pompiers sans fronti\u00e8res"},"content":{"rendered":"\n\t\t\t\t<img decoding=\"async\" src=\"https:\/\/fireware.nl\/wp-content\/uploads\/2017\/06\/Brandweer-Zonder-Grenzen.jpg\" alt=\"Brandweer Zonder Grenzen\" itemprop=\"image\" title=\"Brandweer Zonder Grenzen\" onerror=\"this.style.display='none'\"  \/>\n\t<p>En 2015, FireWare s&#8217;est engag\u00e9 pour une p\u00e9riode de 5 ans en qualit\u00e9 de \u00ab\u00a0partenaire Or\u00a0\u00bb de la\u00a0<em>Stichting Brandweer zonder Grenzen<\/em>\u00a0(Organisation n\u00e9erlandaise Pompiers sans Fronti\u00e8res). Cette organisation a pour objectif de recueillir aux Pays-Bas et de mettre \u00e0 disposition des \u00e9quipements et du mat\u00e9riel de lutte contre les incendies dans des r\u00e9gions du monde o\u00f9 les corps de sapeurs-pompiers sont substantiellement moins bien \u00e9quip\u00e9s. FireWare soutient non seulement la\u00a0<em>Stichting Brandweer zonder Grenzen<\/em>\u00a0financi\u00e8rement, mais la soci\u00e9t\u00e9 fournit \u00e9galement du mat\u00e9riel d&#8217;exercice et organise des exercices de simulation pour ses instructeurs.<\/p>\n<p><strong><em>Vous aussi, vous pouvez contribuer\u00a0!<\/em><\/strong><\/p>\n<p>FireWare a con\u00e7u un projet unique pour la collecte de mat\u00e9riel d&#8217;exercice ne servant plus. Le mat\u00e9riel d&#8217;exercice n&#8217;\u00e9tant plus utilis\u00e9 aux Pays-Bas peut encore souvent servir dans d&#8217;autres pays.<\/p>\n<p>Vous pouvez remettre votre ancien mat\u00e9riel d&#8217;exercice \u00e0 FireWare qui contr\u00f4lera le bon fonctionnement du mat\u00e9riel avant de le stocker dans ses locaux. Sur simple demande, le mat\u00e9riel est ensuite mis \u00e0 disposition de Pompiers sans Fronti\u00e8res pour les diff\u00e9rents projets de l&#8217;organisation. L&#8217;entreposage de ce mat\u00e9riel chez FireWare \u00e9vite les probl\u00e8mes de stockage dans les installations de Pompiers sans Fronti\u00e8res.<\/p>\n<p>Le mat\u00e9riel d&#8217;exercice hors d&#8217;usage est d\u00e9mantel\u00e9 et recycl\u00e9. Les pi\u00e8ces m\u00e9talliques sont revendues et les recettes de celles-ci sont enti\u00e8rement revers\u00e9es \u00e0 la\u00a0<em>Stichting Brandweer zonder Grenzen<\/em>. FireWare prend \u00e0 sa charge les co\u00fbts d&#8217;\u00e9vacuation des autres d\u00e9chets.<\/p>\n<p>Si vous avez du vieux mat\u00e9riel d&#8217;exercice, n&#8217;h\u00e9sitez pas \u00e0 nous contacter par e-mail \u00e0 l&#8217;adresse\u00a0Info@FireWare.nl. Envie d&#8217;en savoir plus des\u00a0<a href=\"http:\/\/i79136.wix.com\/firefighterswoborder\">Pompiers sans Fronti\u00e8res<\/a>\u00a0?<\/p>\n","protected":false},"excerpt":{"rendered":"<p>En 2015, FireWare s&#8217;est engag\u00e9 pour une p\u00e9riode de 5 ans en qualit\u00e9 de \u00ab\u00a0partenaire Or\u00a0\u00bb de la\u00a0Stichting Brandweer zonder<span class=\"excerpt-ellipsis\">&#8230;<\/span><\/p>\n","protected":false},"author":2,"featured_media":0,"parent":10317,"menu_order":0,"comment_status":"closed","ping_status":"closed","template":"","meta":{"footnotes":""},"class_list":["post-10327","page","type-page","status-publish","hentry"],"yoast_head":"<!-- This site is optimized with the Yoast SEO plugin v27.5 - https:\/\/yoast.com\/product\/yoast-seo-wordpress\/ -->\n<title>Pompiers sans fronti\u00e8res - FireWare<\/title>\n<meta name=\"robots\" content=\"index, follow, max-snippet:-1, max-image-preview:large, max-video-preview:-1\" \/>\n<link rel=\"canonical\" href=\"https:\/\/fireware.nl\/fr\/societe-et-durabilite\/pompiers-sans-frontieres\/\" \/>\n<meta property=\"og:locale\" content=\"fr_FR\" \/>\n<meta property=\"og:type\" content=\"article\" \/>\n<meta property=\"og:title\" content=\"Pompiers sans fronti\u00e8res - FireWare\" \/>\n<meta property=\"og:description\" content=\"En 2015, FireWare s&#8217;est engag\u00e9 pour une p\u00e9riode de 5 ans en qualit\u00e9 de \u00ab\u00a0partenaire Or\u00a0\u00bb de la\u00a0Stichting Brandweer zonder...\" \/>\n<meta property=\"og:url\" content=\"https:\/\/fireware.nl\/fr\/societe-et-durabilite\/pompiers-sans-frontieres\/\" \/>\n<meta property=\"og:site_name\" content=\"FireWare\" \/>\n<meta property=\"article:publisher\" content=\"https:\/\/www.facebook.com\/FireWareBV\/\" \/>\n<meta property=\"article:modified_time\" content=\"2019-02-22T11:12:31+00:00\" \/>\n<meta property=\"og:image\" content=\"https:\/\/fireware.nl\/wp-content\/uploads\/2017\/06\/Brandweer-Zonder-Grenzen.jpg\" \/>\n<meta name=\"twitter:card\" content=\"summary_large_image\" \/>\n<meta name=\"twitter:site\" content=\"@FireWarebv\" \/>\n<meta name=\"twitter:label1\" content=\"Dur\u00e9e de lecture estim\u00e9e\" \/>\n\t<meta name=\"twitter:data1\" content=\"1 minute\" \/>\n<script type=\"application\/ld+json\" class=\"yoast-schema-graph\">{\"@context\":\"https:\\\/\\\/schema.org\",\"@graph\":[{\"@type\":\"WebPage\",\"@id\":\"https:\\\/\\\/fireware.nl\\\/fr\\\/societe-et-durabilite\\\/pompiers-sans-frontieres\\\/\",\"url\":\"https:\\\/\\\/fireware.nl\\\/fr\\\/societe-et-durabilite\\\/pompiers-sans-frontieres\\\/\",\"name\":\"Pompiers sans fronti\u00e8res - FireWare\",\"isPartOf\":{\"@id\":\"https:\\\/\\\/fireware.nl\\\/fr\\\/#website\"},\"primaryImageOfPage\":{\"@id\":\"https:\\\/\\\/fireware.nl\\\/fr\\\/societe-et-durabilite\\\/pompiers-sans-frontieres\\\/#primaryimage\"},\"image\":{\"@id\":\"https:\\\/\\\/fireware.nl\\\/fr\\\/societe-et-durabilite\\\/pompiers-sans-frontieres\\\/#primaryimage\"},\"thumbnailUrl\":\"https:\\\/\\\/fireware.nl\\\/wp-content\\\/uploads\\\/2017\\\/06\\\/Brandweer-Zonder-Grenzen.jpg\",\"datePublished\":\"2017-08-18T09:41:38+00:00\",\"dateModified\":\"2019-02-22T11:12:31+00:00\",\"breadcrumb\":{\"@id\":\"https:\\\/\\\/fireware.nl\\\/fr\\\/societe-et-durabilite\\\/pompiers-sans-frontieres\\\/#breadcrumb\"},\"inLanguage\":\"fr-FR\",\"potentialAction\":[{\"@type\":\"ReadAction\",\"target\":[\"https:\\\/\\\/fireware.nl\\\/fr\\\/societe-et-durabilite\\\/pompiers-sans-frontieres\\\/\"]}]},{\"@type\":\"ImageObject\",\"inLanguage\":\"fr-FR\",\"@id\":\"https:\\\/\\\/fireware.nl\\\/fr\\\/societe-et-durabilite\\\/pompiers-sans-frontieres\\\/#primaryimage\",\"url\":\"https:\\\/\\\/fireware.nl\\\/wp-content\\\/uploads\\\/2017\\\/06\\\/Brandweer-Zonder-Grenzen.jpg\",\"contentUrl\":\"https:\\\/\\\/fireware.nl\\\/wp-content\\\/uploads\\\/2017\\\/06\\\/Brandweer-Zonder-Grenzen.jpg\"},{\"@type\":\"BreadcrumbList\",\"@id\":\"https:\\\/\\\/fireware.nl\\\/fr\\\/societe-et-durabilite\\\/pompiers-sans-frontieres\\\/#breadcrumb\",\"itemListElement\":[{\"@type\":\"ListItem\",\"position\":1,\"name\":\"Home\",\"item\":\"https:\\\/\\\/fireware.nl\\\/fr\\\/\"},{\"@type\":\"ListItem\",\"position\":2,\"name\":\"Soci\u00e9te et durabilit\u00e9\",\"item\":\"https:\\\/\\\/fireware.nl\\\/fr\\\/societe-et-durabilite\\\/\"},{\"@type\":\"ListItem\",\"position\":3,\"name\":\"Pompiers sans fronti\u00e8res\"}]},{\"@type\":\"WebSite\",\"@id\":\"https:\\\/\\\/fireware.nl\\\/fr\\\/#website\",\"url\":\"https:\\\/\\\/fireware.nl\\\/fr\\\/\",\"name\":\"FireWare\",\"description\":\"CREATING REALISTIC  TRAINING ENVIRONMENTS\",\"publisher\":{\"@id\":\"https:\\\/\\\/fireware.nl\\\/fr\\\/#organization\"},\"potentialAction\":[{\"@type\":\"SearchAction\",\"target\":{\"@type\":\"EntryPoint\",\"urlTemplate\":\"https:\\\/\\\/fireware.nl\\\/fr\\\/?s={search_term_string}\"},\"query-input\":{\"@type\":\"PropertyValueSpecification\",\"valueRequired\":true,\"valueName\":\"search_term_string\"}}],\"inLanguage\":\"fr-FR\"},{\"@type\":\"Organization\",\"@id\":\"https:\\\/\\\/fireware.nl\\\/fr\\\/#organization\",\"name\":\"FireWare\",\"url\":\"https:\\\/\\\/fireware.nl\\\/fr\\\/\",\"logo\":{\"@type\":\"ImageObject\",\"inLanguage\":\"fr-FR\",\"@id\":\"https:\\\/\\\/fireware.nl\\\/fr\\\/#\\\/schema\\\/logo\\\/image\\\/\",\"url\":\"https:\\\/\\\/fireware.nl\\\/wp-content\\\/uploads\\\/2018\\\/10\\\/FireWare-logo.jpg\",\"contentUrl\":\"https:\\\/\\\/fireware.nl\\\/wp-content\\\/uploads\\\/2018\\\/10\\\/FireWare-logo.jpg\",\"width\":171,\"height\":70,\"caption\":\"FireWare\"},\"image\":{\"@id\":\"https:\\\/\\\/fireware.nl\\\/fr\\\/#\\\/schema\\\/logo\\\/image\\\/\"},\"sameAs\":[\"https:\\\/\\\/www.facebook.com\\\/FireWareBV\\\/\",\"https:\\\/\\\/x.com\\\/FireWarebv\",\"https:\\\/\\\/www.instagram.com\\\/fireware_nl\\\/\",\"https:\\\/\\\/www.linkedin.com\\\/company\\\/3586017\\\/\",\"https:\\\/\\\/www.youtube.com\\\/user\\\/firesalesrentconsult\"]}]}<\/script>\n<!-- \/ Yoast SEO plugin. -->","yoast_head_json":{"title":"Pompiers sans fronti\u00e8res - FireWare","robots":{"index":"index","follow":"follow","max-snippet":"max-snippet:-1","max-image-preview":"max-image-preview:large","max-video-preview":"max-video-preview:-1"},"canonical":"https:\/\/fireware.nl\/fr\/societe-et-durabilite\/pompiers-sans-frontieres\/","og_locale":"fr_FR","og_type":"article","og_title":"Pompiers sans fronti\u00e8res - FireWare","og_description":"En 2015, FireWare s&#8217;est engag\u00e9 pour une p\u00e9riode de 5 ans en qualit\u00e9 de \u00ab\u00a0partenaire Or\u00a0\u00bb de la\u00a0Stichting Brandweer zonder...","og_url":"https:\/\/fireware.nl\/fr\/societe-et-durabilite\/pompiers-sans-frontieres\/","og_site_name":"FireWare","article_publisher":"https:\/\/www.facebook.com\/FireWareBV\/","article_modified_time":"2019-02-22T11:12:31+00:00","og_image":[{"url":"https:\/\/fireware.nl\/wp-content\/uploads\/2017\/06\/Brandweer-Zonder-Grenzen.jpg","type":"","width":"","height":""}],"twitter_card":"summary_large_image","twitter_site":"@FireWarebv","twitter_misc":{"Dur\u00e9e de lecture estim\u00e9e":"1 minute"},"schema":{"@context":"https:\/\/schema.org","@graph":[{"@type":"WebPage","@id":"https:\/\/fireware.nl\/fr\/societe-et-durabilite\/pompiers-sans-frontieres\/","url":"https:\/\/fireware.nl\/fr\/societe-et-durabilite\/pompiers-sans-frontieres\/","name":"Pompiers sans fronti\u00e8res - FireWare","isPartOf":{"@id":"https:\/\/fireware.nl\/fr\/#website"},"primaryImageOfPage":{"@id":"https:\/\/fireware.nl\/fr\/societe-et-durabilite\/pompiers-sans-frontieres\/#primaryimage"},"image":{"@id":"https:\/\/fireware.nl\/fr\/societe-et-durabilite\/pompiers-sans-frontieres\/#primaryimage"},"thumbnailUrl":"https:\/\/fireware.nl\/wp-content\/uploads\/2017\/06\/Brandweer-Zonder-Grenzen.jpg","datePublished":"2017-08-18T09:41:38+00:00","dateModified":"2019-02-22T11:12:31+00:00","breadcrumb":{"@id":"https:\/\/fireware.nl\/fr\/societe-et-durabilite\/pompiers-sans-frontieres\/#breadcrumb"},"inLanguage":"fr-FR","potentialAction":[{"@type":"ReadAction","target":["https:\/\/fireware.nl\/fr\/societe-et-durabilite\/pompiers-sans-frontieres\/"]}]},{"@type":"ImageObject","inLanguage":"fr-FR","@id":"https:\/\/fireware.nl\/fr\/societe-et-durabilite\/pompiers-sans-frontieres\/#primaryimage","url":"https:\/\/fireware.nl\/wp-content\/uploads\/2017\/06\/Brandweer-Zonder-Grenzen.jpg","contentUrl":"https:\/\/fireware.nl\/wp-content\/uploads\/2017\/06\/Brandweer-Zonder-Grenzen.jpg"},{"@type":"BreadcrumbList","@id":"https:\/\/fireware.nl\/fr\/societe-et-durabilite\/pompiers-sans-frontieres\/#breadcrumb","itemListElement":[{"@type":"ListItem","position":1,"name":"Home","item":"https:\/\/fireware.nl\/fr\/"},{"@type":"ListItem","position":2,"name":"Soci\u00e9te et durabilit\u00e9","item":"https:\/\/fireware.nl\/fr\/societe-et-durabilite\/"},{"@type":"ListItem","position":3,"name":"Pompiers sans fronti\u00e8res"}]},{"@type":"WebSite","@id":"https:\/\/fireware.nl\/fr\/#website","url":"https:\/\/fireware.nl\/fr\/","name":"FireWare","description":"CREATING REALISTIC  TRAINING ENVIRONMENTS","publisher":{"@id":"https:\/\/fireware.nl\/fr\/#organization"},"potentialAction":[{"@type":"SearchAction","target":{"@type":"EntryPoint","urlTemplate":"https:\/\/fireware.nl\/fr\/?s={search_term_string}"},"query-input":{"@type":"PropertyValueSpecification","valueRequired":true,"valueName":"search_term_string"}}],"inLanguage":"fr-FR"},{"@type":"Organization","@id":"https:\/\/fireware.nl\/fr\/#organization","name":"FireWare","url":"https:\/\/fireware.nl\/fr\/","logo":{"@type":"ImageObject","inLanguage":"fr-FR","@id":"https:\/\/fireware.nl\/fr\/#\/schema\/logo\/image\/","url":"https:\/\/fireware.nl\/wp-content\/uploads\/2018\/10\/FireWare-logo.jpg","contentUrl":"https:\/\/fireware.nl\/wp-content\/uploads\/2018\/10\/FireWare-logo.jpg","width":171,"height":70,"caption":"FireWare"},"image":{"@id":"https:\/\/fireware.nl\/fr\/#\/schema\/logo\/image\/"},"sameAs":["https:\/\/www.facebook.com\/FireWareBV\/","https:\/\/x.com\/FireWarebv","https:\/\/www.instagram.com\/fireware_nl\/","https:\/\/www.linkedin.com\/company\/3586017\/","https:\/\/www.youtube.com\/user\/firesalesrentconsult"]}]}},"publishpress_future_action":{"enabled":false,"date":"2026-05-12 18:29:16","action":"change-status","newStatus":"draft","terms":[],"taxonomy":"translation_priority","extraData":[]},"publishpress_future_workflow_manual_trigger":{"enabledWorkflows":[]},"_links":{"self":[{"href":"https:\/\/fireware.nl\/fr\/wp-json\/wp\/v2\/pages\/10327","targetHints":{"allow":["GET"]}}],"collection":[{"href":"https:\/\/fireware.nl\/fr\/wp-json\/wp\/v2\/pages"}],"about":[{"href":"https:\/\/fireware.nl\/fr\/wp-json\/wp\/v2\/types\/page"}],"author":[{"embeddable":true,"href":"https:\/\/fireware.nl\/fr\/wp-json\/wp\/v2\/users\/2"}],"replies":[{"embeddable":true,"href":"https:\/\/fireware.nl\/fr\/wp-json\/wp\/v2\/comments?post=10327"}],"version-history":[{"count":0,"href":"https:\/\/fireware.nl\/fr\/wp-json\/wp\/v2\/pages\/10327\/revisions"}],"up":[{"embeddable":true,"href":"https:\/\/fireware.nl\/fr\/wp-json\/wp\/v2\/pages\/10317"}],"wp:attachment":[{"href":"https:\/\/fireware.nl\/fr\/wp-json\/wp\/v2\/media?parent=10327"}],"curies":[{"name":"wp","href":"https:\/\/api.w.org\/{rel}","templated":true}]}}