
{"id":10329,"date":"2017-08-18T09:51:55","date_gmt":"2017-08-18T09:51:55","guid":{"rendered":"http:\/\/exclusive-it-development.nl\/?page_id=3297"},"modified":"2024-11-22T07:48:58","modified_gmt":"2024-11-22T07:48:58","slug":"remplissage-autonome-des-extincteurs-d-exercice","status":"publish","type":"page","link":"https:\/\/fireware.nl\/fr\/societe-et-durabilite\/remplissage-autonome-des-extincteurs-d-exercice\/","title":{"rendered":"Remplissage autonome des extincteurs d&#8217;exercice"},"content":{"rendered":"\n\n\t\t\t\t<img loading=\"lazy\" decoding=\"async\" src=\"https:\/\/fireware.nl\/wp-content\/uploads\/2024\/11\/20241120-Neptune_Web.jpg\" alt=\"20241120 Neptune_Web\" itemprop=\"image\" height=\"800\" width=\"2200\" title=\"20241120 Neptune_Web\" onerror=\"this.style.display='none'\"  \/>\n\t<p>En remplissant nous-m\u00eames les extincteurs d&#8217;exercice, nous r\u00e9duisons consid\u00e9rablement nos flux logistiques. Ceci fait non seulement une diff\u00e9rence au niveau des \u00e9missions de CO<sub>2<\/sub>, mais \u00e9galement par rapport aux co\u00fbts (logistiques). Nous avons fait par ailleurs le choix de remplacer le produit \u00e9mulsif \u00ab classique \u00bb par un \u00e9mulsifiant d&#8217;exercice \u00e9cologique. \u00c0 cette fin, FireWare a d\u00e9velopp\u00e9 une gamme compl\u00e8te de produits rendant possibles le remplissage des extincteurs en interne. Cet exemple montre parfaitement que le d\u00e9veloppement durable peut aller de pair avec des \u00e9conomies !<\/p>\n\n","protected":false},"excerpt":{"rendered":"<p>En remplissant nous-m\u00eames les extincteurs d&#8217;exercice, nous r\u00e9duisons consid\u00e9rablement nos flux logistiques. Ceci fait non seulement une diff\u00e9rence au niveau<span class=\"excerpt-ellipsis\">&#8230;<\/span><\/p>\n","protected":false},"author":2,"featured_media":0,"parent":10317,"menu_order":0,"comment_status":"closed","ping_status":"closed","template":"","meta":{"footnotes":""},"class_list":["post-10329","page","type-page","status-publish","hentry"],"yoast_head":"<!-- This site is optimized with the Yoast SEO plugin v27.5 - https:\/\/yoast.com\/product\/yoast-seo-wordpress\/ -->\n<title>Remplissage autonome des extincteurs d&#039;exercice - FireWare<\/title>\n<meta name=\"robots\" content=\"index, follow, max-snippet:-1, max-image-preview:large, max-video-preview:-1\" \/>\n<link rel=\"canonical\" href=\"https:\/\/fireware.nl\/fr\/societe-et-durabilite\/remplissage-autonome-des-extincteurs-d-exercice\/\" \/>\n<meta property=\"og:locale\" content=\"fr_FR\" \/>\n<meta property=\"og:type\" content=\"article\" \/>\n<meta property=\"og:title\" content=\"Remplissage autonome des extincteurs d&#039;exercice - FireWare\" \/>\n<meta property=\"og:description\" content=\"En remplissant nous-m\u00eames les extincteurs d&#8217;exercice, nous r\u00e9duisons consid\u00e9rablement nos flux logistiques. Ceci fait non seulement une diff\u00e9rence au niveau...\" \/>\n<meta property=\"og:url\" content=\"https:\/\/fireware.nl\/fr\/societe-et-durabilite\/remplissage-autonome-des-extincteurs-d-exercice\/\" \/>\n<meta property=\"og:site_name\" content=\"FireWare\" \/>\n<meta property=\"article:publisher\" content=\"https:\/\/www.facebook.com\/FireWareBV\/\" \/>\n<meta property=\"article:modified_time\" content=\"2024-11-22T07:48:58+00:00\" \/>\n<meta property=\"og:image\" content=\"https:\/\/fireware.nl\/wp-content\/uploads\/2024\/11\/20241120-Neptune_Web.jpg\" \/>\n<meta name=\"twitter:card\" content=\"summary_large_image\" \/>\n<meta name=\"twitter:site\" content=\"@FireWarebv\" \/>\n<script type=\"application\/ld+json\" class=\"yoast-schema-graph\">{\"@context\":\"https:\\\/\\\/schema.org\",\"@graph\":[{\"@type\":\"WebPage\",\"@id\":\"https:\\\/\\\/fireware.nl\\\/fr\\\/societe-et-durabilite\\\/remplissage-autonome-des-extincteurs-d-exercice\\\/\",\"url\":\"https:\\\/\\\/fireware.nl\\\/fr\\\/societe-et-durabilite\\\/remplissage-autonome-des-extincteurs-d-exercice\\\/\",\"name\":\"Remplissage autonome des extincteurs d'exercice - FireWare\",\"isPartOf\":{\"@id\":\"https:\\\/\\\/fireware.nl\\\/fr\\\/#website\"},\"primaryImageOfPage\":{\"@id\":\"https:\\\/\\\/fireware.nl\\\/fr\\\/societe-et-durabilite\\\/remplissage-autonome-des-extincteurs-d-exercice\\\/#primaryimage\"},\"image\":{\"@id\":\"https:\\\/\\\/fireware.nl\\\/fr\\\/societe-et-durabilite\\\/remplissage-autonome-des-extincteurs-d-exercice\\\/#primaryimage\"},\"thumbnailUrl\":\"https:\\\/\\\/fireware.nl\\\/wp-content\\\/uploads\\\/2024\\\/11\\\/20241120-Neptune_Web.jpg\",\"datePublished\":\"2017-08-18T09:51:55+00:00\",\"dateModified\":\"2024-11-22T07:48:58+00:00\",\"breadcrumb\":{\"@id\":\"https:\\\/\\\/fireware.nl\\\/fr\\\/societe-et-durabilite\\\/remplissage-autonome-des-extincteurs-d-exercice\\\/#breadcrumb\"},\"inLanguage\":\"fr-FR\",\"potentialAction\":[{\"@type\":\"ReadAction\",\"target\":[\"https:\\\/\\\/fireware.nl\\\/fr\\\/societe-et-durabilite\\\/remplissage-autonome-des-extincteurs-d-exercice\\\/\"]}]},{\"@type\":\"ImageObject\",\"inLanguage\":\"fr-FR\",\"@id\":\"https:\\\/\\\/fireware.nl\\\/fr\\\/societe-et-durabilite\\\/remplissage-autonome-des-extincteurs-d-exercice\\\/#primaryimage\",\"url\":\"https:\\\/\\\/fireware.nl\\\/wp-content\\\/uploads\\\/2024\\\/11\\\/20241120-Neptune_Web.jpg\",\"contentUrl\":\"https:\\\/\\\/fireware.nl\\\/wp-content\\\/uploads\\\/2024\\\/11\\\/20241120-Neptune_Web.jpg\"},{\"@type\":\"BreadcrumbList\",\"@id\":\"https:\\\/\\\/fireware.nl\\\/fr\\\/societe-et-durabilite\\\/remplissage-autonome-des-extincteurs-d-exercice\\\/#breadcrumb\",\"itemListElement\":[{\"@type\":\"ListItem\",\"position\":1,\"name\":\"Home\",\"item\":\"https:\\\/\\\/fireware.nl\\\/fr\\\/\"},{\"@type\":\"ListItem\",\"position\":2,\"name\":\"Soci\u00e9te et durabilit\u00e9\",\"item\":\"https:\\\/\\\/fireware.nl\\\/fr\\\/societe-et-durabilite\\\/\"},{\"@type\":\"ListItem\",\"position\":3,\"name\":\"Remplissage autonome des extincteurs d&#8217;exercice\"}]},{\"@type\":\"WebSite\",\"@id\":\"https:\\\/\\\/fireware.nl\\\/fr\\\/#website\",\"url\":\"https:\\\/\\\/fireware.nl\\\/fr\\\/\",\"name\":\"FireWare\",\"description\":\"CREATING REALISTIC  TRAINING ENVIRONMENTS\",\"publisher\":{\"@id\":\"https:\\\/\\\/fireware.nl\\\/fr\\\/#organization\"},\"potentialAction\":[{\"@type\":\"SearchAction\",\"target\":{\"@type\":\"EntryPoint\",\"urlTemplate\":\"https:\\\/\\\/fireware.nl\\\/fr\\\/?s={search_term_string}\"},\"query-input\":{\"@type\":\"PropertyValueSpecification\",\"valueRequired\":true,\"valueName\":\"search_term_string\"}}],\"inLanguage\":\"fr-FR\"},{\"@type\":\"Organization\",\"@id\":\"https:\\\/\\\/fireware.nl\\\/fr\\\/#organization\",\"name\":\"FireWare\",\"url\":\"https:\\\/\\\/fireware.nl\\\/fr\\\/\",\"logo\":{\"@type\":\"ImageObject\",\"inLanguage\":\"fr-FR\",\"@id\":\"https:\\\/\\\/fireware.nl\\\/fr\\\/#\\\/schema\\\/logo\\\/image\\\/\",\"url\":\"https:\\\/\\\/fireware.nl\\\/wp-content\\\/uploads\\\/2018\\\/10\\\/FireWare-logo.jpg\",\"contentUrl\":\"https:\\\/\\\/fireware.nl\\\/wp-content\\\/uploads\\\/2018\\\/10\\\/FireWare-logo.jpg\",\"width\":171,\"height\":70,\"caption\":\"FireWare\"},\"image\":{\"@id\":\"https:\\\/\\\/fireware.nl\\\/fr\\\/#\\\/schema\\\/logo\\\/image\\\/\"},\"sameAs\":[\"https:\\\/\\\/www.facebook.com\\\/FireWareBV\\\/\",\"https:\\\/\\\/x.com\\\/FireWarebv\",\"https:\\\/\\\/www.instagram.com\\\/fireware_nl\\\/\",\"https:\\\/\\\/www.linkedin.com\\\/company\\\/3586017\\\/\",\"https:\\\/\\\/www.youtube.com\\\/user\\\/firesalesrentconsult\"]}]}<\/script>\n<!-- \/ Yoast SEO plugin. -->","yoast_head_json":{"title":"Remplissage autonome des extincteurs d'exercice - FireWare","robots":{"index":"index","follow":"follow","max-snippet":"max-snippet:-1","max-image-preview":"max-image-preview:large","max-video-preview":"max-video-preview:-1"},"canonical":"https:\/\/fireware.nl\/fr\/societe-et-durabilite\/remplissage-autonome-des-extincteurs-d-exercice\/","og_locale":"fr_FR","og_type":"article","og_title":"Remplissage autonome des extincteurs d'exercice - FireWare","og_description":"En remplissant nous-m\u00eames les extincteurs d&#8217;exercice, nous r\u00e9duisons consid\u00e9rablement nos flux logistiques. Ceci fait non seulement une diff\u00e9rence au niveau...","og_url":"https:\/\/fireware.nl\/fr\/societe-et-durabilite\/remplissage-autonome-des-extincteurs-d-exercice\/","og_site_name":"FireWare","article_publisher":"https:\/\/www.facebook.com\/FireWareBV\/","article_modified_time":"2024-11-22T07:48:58+00:00","og_image":[{"url":"https:\/\/fireware.nl\/wp-content\/uploads\/2024\/11\/20241120-Neptune_Web.jpg","type":"","width":"","height":""}],"twitter_card":"summary_large_image","twitter_site":"@FireWarebv","schema":{"@context":"https:\/\/schema.org","@graph":[{"@type":"WebPage","@id":"https:\/\/fireware.nl\/fr\/societe-et-durabilite\/remplissage-autonome-des-extincteurs-d-exercice\/","url":"https:\/\/fireware.nl\/fr\/societe-et-durabilite\/remplissage-autonome-des-extincteurs-d-exercice\/","name":"Remplissage autonome des extincteurs d'exercice - FireWare","isPartOf":{"@id":"https:\/\/fireware.nl\/fr\/#website"},"primaryImageOfPage":{"@id":"https:\/\/fireware.nl\/fr\/societe-et-durabilite\/remplissage-autonome-des-extincteurs-d-exercice\/#primaryimage"},"image":{"@id":"https:\/\/fireware.nl\/fr\/societe-et-durabilite\/remplissage-autonome-des-extincteurs-d-exercice\/#primaryimage"},"thumbnailUrl":"https:\/\/fireware.nl\/wp-content\/uploads\/2024\/11\/20241120-Neptune_Web.jpg","datePublished":"2017-08-18T09:51:55+00:00","dateModified":"2024-11-22T07:48:58+00:00","breadcrumb":{"@id":"https:\/\/fireware.nl\/fr\/societe-et-durabilite\/remplissage-autonome-des-extincteurs-d-exercice\/#breadcrumb"},"inLanguage":"fr-FR","potentialAction":[{"@type":"ReadAction","target":["https:\/\/fireware.nl\/fr\/societe-et-durabilite\/remplissage-autonome-des-extincteurs-d-exercice\/"]}]},{"@type":"ImageObject","inLanguage":"fr-FR","@id":"https:\/\/fireware.nl\/fr\/societe-et-durabilite\/remplissage-autonome-des-extincteurs-d-exercice\/#primaryimage","url":"https:\/\/fireware.nl\/wp-content\/uploads\/2024\/11\/20241120-Neptune_Web.jpg","contentUrl":"https:\/\/fireware.nl\/wp-content\/uploads\/2024\/11\/20241120-Neptune_Web.jpg"},{"@type":"BreadcrumbList","@id":"https:\/\/fireware.nl\/fr\/societe-et-durabilite\/remplissage-autonome-des-extincteurs-d-exercice\/#breadcrumb","itemListElement":[{"@type":"ListItem","position":1,"name":"Home","item":"https:\/\/fireware.nl\/fr\/"},{"@type":"ListItem","position":2,"name":"Soci\u00e9te et durabilit\u00e9","item":"https:\/\/fireware.nl\/fr\/societe-et-durabilite\/"},{"@type":"ListItem","position":3,"name":"Remplissage autonome des extincteurs d&#8217;exercice"}]},{"@type":"WebSite","@id":"https:\/\/fireware.nl\/fr\/#website","url":"https:\/\/fireware.nl\/fr\/","name":"FireWare","description":"CREATING REALISTIC  TRAINING ENVIRONMENTS","publisher":{"@id":"https:\/\/fireware.nl\/fr\/#organization"},"potentialAction":[{"@type":"SearchAction","target":{"@type":"EntryPoint","urlTemplate":"https:\/\/fireware.nl\/fr\/?s={search_term_string}"},"query-input":{"@type":"PropertyValueSpecification","valueRequired":true,"valueName":"search_term_string"}}],"inLanguage":"fr-FR"},{"@type":"Organization","@id":"https:\/\/fireware.nl\/fr\/#organization","name":"FireWare","url":"https:\/\/fireware.nl\/fr\/","logo":{"@type":"ImageObject","inLanguage":"fr-FR","@id":"https:\/\/fireware.nl\/fr\/#\/schema\/logo\/image\/","url":"https:\/\/fireware.nl\/wp-content\/uploads\/2018\/10\/FireWare-logo.jpg","contentUrl":"https:\/\/fireware.nl\/wp-content\/uploads\/2018\/10\/FireWare-logo.jpg","width":171,"height":70,"caption":"FireWare"},"image":{"@id":"https:\/\/fireware.nl\/fr\/#\/schema\/logo\/image\/"},"sameAs":["https:\/\/www.facebook.com\/FireWareBV\/","https:\/\/x.com\/FireWarebv","https:\/\/www.instagram.com\/fireware_nl\/","https:\/\/www.linkedin.com\/company\/3586017\/","https:\/\/www.youtube.com\/user\/firesalesrentconsult"]}]}},"publishpress_future_action":{"enabled":false,"date":"2026-05-12 22:42:12","action":"change-status","newStatus":"draft","terms":[],"taxonomy":"translation_priority","extraData":[]},"publishpress_future_workflow_manual_trigger":{"enabledWorkflows":[]},"_links":{"self":[{"href":"https:\/\/fireware.nl\/fr\/wp-json\/wp\/v2\/pages\/10329","targetHints":{"allow":["GET"]}}],"collection":[{"href":"https:\/\/fireware.nl\/fr\/wp-json\/wp\/v2\/pages"}],"about":[{"href":"https:\/\/fireware.nl\/fr\/wp-json\/wp\/v2\/types\/page"}],"author":[{"embeddable":true,"href":"https:\/\/fireware.nl\/fr\/wp-json\/wp\/v2\/users\/2"}],"replies":[{"embeddable":true,"href":"https:\/\/fireware.nl\/fr\/wp-json\/wp\/v2\/comments?post=10329"}],"version-history":[{"count":1,"href":"https:\/\/fireware.nl\/fr\/wp-json\/wp\/v2\/pages\/10329\/revisions"}],"predecessor-version":[{"id":104663,"href":"https:\/\/fireware.nl\/fr\/wp-json\/wp\/v2\/pages\/10329\/revisions\/104663"}],"up":[{"embeddable":true,"href":"https:\/\/fireware.nl\/fr\/wp-json\/wp\/v2\/pages\/10317"}],"wp:attachment":[{"href":"https:\/\/fireware.nl\/fr\/wp-json\/wp\/v2\/media?parent=10329"}],"curies":[{"name":"wp","href":"https:\/\/api.w.org\/{rel}","templated":true}]}}