
{"id":11970,"date":"2019-01-16T09:43:09","date_gmt":"2019-01-16T09:43:09","guid":{"rendered":"http:\/\/fireware.sites.hyperhosting.co\/?page_id=11970"},"modified":"2023-03-07T12:56:19","modified_gmt":"2023-03-07T12:56:19","slug":"support","status":"publish","type":"page","link":"https:\/\/fireware.nl\/fr\/support\/","title":{"rendered":"Support"},"content":{"rendered":"\r\n<h3><strong> <a href=\"https:\/\/fireware.nl\/wp-content\/uploads\/2021\/10\/RMA-form_French-web.pdf\" target=\"_blank\" rel=\"noopener\">COMMUNICATION D&#8217;UNE R\u00c9PARATION<\/a><\/strong><\/h3>\r\n<p>Pour tout appareil d\u00e9fectueux, le service technique de FireWare est \u00e0 votre disposition pour vous aider! Il vous suffit de remplir le <em><strong><a href=\"https:\/\/fireware.nl\/wp-content\/uploads\/2021\/10\/RMA-form_French-web.pdf\" target=\"_blank\" rel=\"noopener\">formulaire de retour<\/a><\/strong><\/em> pour communiquer votre r\u00e9paration, de l&#8217;imprimer et d&#8217;envoyer ce document avec votre appareil. D\u00e8s r\u00e9ception de l&#8217;appareil chez FireWare, vous recevrez une confirmation du service technique.<\/p>\r\n<p>Sur le formulaire de retour, vous pouvez indiquer le plafond des co\u00fbts pouvant \u00eatre engag\u00e9s. S&#8217;il s&#8217;av\u00e8re que l&#8217;appareil est toujours sous garantie, il va de soi qu&#8217;aucuns frais ne vous seront factur\u00e9s.<\/p>\r\n<h3><strong><a href=\"https:\/\/fireware.nl\/wp-content\/uploads\/RMA-form_EN.pdf\">ENTRETIEN<\/a><\/strong><\/h3>\r\n<p>Si vous souhaitez que FireWare se charge de la r\u00e9vision d&#8217;entretien de vos appareils, vous pouvez \u00e9galement utiliser le formulaire de retour. Pour un contrat d&#8217;entretien, nous vous invitons \u00e0 nous contacter.<\/p>\r\n<h3><strong><a href=\"https:\/\/fireware.nl\/wp-content\/uploads\/Klachtenformulier-FireWare-DEF.pdf\">SUGGESTIONS ET R\u00c9CLAMATIONS<\/a><\/strong><\/h3>\r\n<p>FireWare est toujours ouvert \u00e0 toute am\u00e9lioration. Si vous avez une suggestion \u00e0 faire ou une r\u00e9clamation \u00e0 formuler, n&#8217;h\u00e9sitez pas \u00e0 nous en faire part via e-mail \u00e0 l&#8217;adresse info@FireWare.nl.<\/p>\r\n<h3><strong><a href=\"https:\/\/fireware.nl\/fr\/contact\">COMMANDE DE PI\u00c8CES<\/a><\/strong><\/h3>\r\n<p>Toutes les pi\u00e8ces ne sont pas disponibles dans la boutique en ligne. Le cas \u00e9ch\u00e9ant, n&#8217;h\u00e9sitez donc pas \u00e0 nous contacter pour recevoir un devis par e-mail.<\/p>\r\n<p>&nbsp;<\/p>\r\n<h3><strong><a href=\"https:\/\/fireware.nl\/fr\/contact\">CONTACT<\/a><\/strong><\/h3>\r\n<p>Pour toute question, vous pouvez naturellement nous contacter par e-mail \u00e0 l&#8217;adresse info@FireWare.nl ou par t\u00e9l\u00e9phone au num\u00e9ro +31 (0)88 252 60 00.<\/p>\r\n","protected":false},"excerpt":{"rendered":"<p>COMMUNICATION D&#8217;UNE R\u00c9PARATION Pour tout appareil d\u00e9fectueux, le service technique de FireWare est \u00e0 votre disposition pour vous aider! Il<span class=\"excerpt-ellipsis\">&#8230;<\/span><\/p>\n","protected":false},"author":9,"featured_media":0,"parent":0,"menu_order":0,"comment_status":"closed","ping_status":"closed","template":"","meta":{"footnotes":""},"class_list":["post-11970","page","type-page","status-publish","hentry"],"yoast_head":"<!-- This site is optimized with the Yoast SEO plugin v27.5 - https:\/\/yoast.com\/product\/yoast-seo-wordpress\/ -->\n<title>Support - FireWare<\/title>\n<meta name=\"robots\" content=\"index, follow, max-snippet:-1, max-image-preview:large, max-video-preview:-1\" \/>\n<link rel=\"canonical\" href=\"https:\/\/fireware.nl\/fr\/support\/\" \/>\n<meta property=\"og:locale\" content=\"fr_FR\" \/>\n<meta property=\"og:type\" content=\"article\" \/>\n<meta property=\"og:title\" content=\"Support - FireWare\" \/>\n<meta property=\"og:description\" content=\"COMMUNICATION D&#8217;UNE R\u00c9PARATION Pour tout appareil d\u00e9fectueux, le service technique de FireWare est \u00e0 votre disposition pour vous aider! Il...\" \/>\n<meta property=\"og:url\" content=\"https:\/\/fireware.nl\/fr\/support\/\" \/>\n<meta property=\"og:site_name\" content=\"FireWare\" \/>\n<meta property=\"article:publisher\" content=\"https:\/\/www.facebook.com\/FireWareBV\/\" \/>\n<meta property=\"article:modified_time\" content=\"2023-03-07T12:56:19+00:00\" \/>\n<meta name=\"twitter:card\" content=\"summary_large_image\" \/>\n<meta name=\"twitter:site\" content=\"@FireWarebv\" \/>\n<meta name=\"twitter:label1\" content=\"Dur\u00e9e de lecture estim\u00e9e\" \/>\n\t<meta name=\"twitter:data1\" content=\"2 minutes\" \/>\n<script type=\"application\/ld+json\" class=\"yoast-schema-graph\">{\"@context\":\"https:\\\/\\\/schema.org\",\"@graph\":[{\"@type\":\"WebPage\",\"@id\":\"https:\\\/\\\/fireware.nl\\\/fr\\\/support\\\/\",\"url\":\"https:\\\/\\\/fireware.nl\\\/fr\\\/support\\\/\",\"name\":\"Support - FireWare\",\"isPartOf\":{\"@id\":\"https:\\\/\\\/fireware.nl\\\/fr\\\/#website\"},\"datePublished\":\"2019-01-16T09:43:09+00:00\",\"dateModified\":\"2023-03-07T12:56:19+00:00\",\"breadcrumb\":{\"@id\":\"https:\\\/\\\/fireware.nl\\\/fr\\\/support\\\/#breadcrumb\"},\"inLanguage\":\"fr-FR\",\"potentialAction\":[{\"@type\":\"ReadAction\",\"target\":[\"https:\\\/\\\/fireware.nl\\\/fr\\\/support\\\/\"]}]},{\"@type\":\"BreadcrumbList\",\"@id\":\"https:\\\/\\\/fireware.nl\\\/fr\\\/support\\\/#breadcrumb\",\"itemListElement\":[{\"@type\":\"ListItem\",\"position\":1,\"name\":\"Home\",\"item\":\"https:\\\/\\\/fireware.nl\\\/fr\\\/\"},{\"@type\":\"ListItem\",\"position\":2,\"name\":\"Support\"}]},{\"@type\":\"WebSite\",\"@id\":\"https:\\\/\\\/fireware.nl\\\/fr\\\/#website\",\"url\":\"https:\\\/\\\/fireware.nl\\\/fr\\\/\",\"name\":\"FireWare\",\"description\":\"CREATING REALISTIC  TRAINING ENVIRONMENTS\",\"publisher\":{\"@id\":\"https:\\\/\\\/fireware.nl\\\/fr\\\/#organization\"},\"potentialAction\":[{\"@type\":\"SearchAction\",\"target\":{\"@type\":\"EntryPoint\",\"urlTemplate\":\"https:\\\/\\\/fireware.nl\\\/fr\\\/?s={search_term_string}\"},\"query-input\":{\"@type\":\"PropertyValueSpecification\",\"valueRequired\":true,\"valueName\":\"search_term_string\"}}],\"inLanguage\":\"fr-FR\"},{\"@type\":\"Organization\",\"@id\":\"https:\\\/\\\/fireware.nl\\\/fr\\\/#organization\",\"name\":\"FireWare\",\"url\":\"https:\\\/\\\/fireware.nl\\\/fr\\\/\",\"logo\":{\"@type\":\"ImageObject\",\"inLanguage\":\"fr-FR\",\"@id\":\"https:\\\/\\\/fireware.nl\\\/fr\\\/#\\\/schema\\\/logo\\\/image\\\/\",\"url\":\"https:\\\/\\\/fireware.nl\\\/wp-content\\\/uploads\\\/2018\\\/10\\\/FireWare-logo.jpg\",\"contentUrl\":\"https:\\\/\\\/fireware.nl\\\/wp-content\\\/uploads\\\/2018\\\/10\\\/FireWare-logo.jpg\",\"width\":171,\"height\":70,\"caption\":\"FireWare\"},\"image\":{\"@id\":\"https:\\\/\\\/fireware.nl\\\/fr\\\/#\\\/schema\\\/logo\\\/image\\\/\"},\"sameAs\":[\"https:\\\/\\\/www.facebook.com\\\/FireWareBV\\\/\",\"https:\\\/\\\/x.com\\\/FireWarebv\",\"https:\\\/\\\/www.instagram.com\\\/fireware_nl\\\/\",\"https:\\\/\\\/www.linkedin.com\\\/company\\\/3586017\\\/\",\"https:\\\/\\\/www.youtube.com\\\/user\\\/firesalesrentconsult\"]}]}<\/script>\n<!-- \/ Yoast SEO plugin. -->","yoast_head_json":{"title":"Support - FireWare","robots":{"index":"index","follow":"follow","max-snippet":"max-snippet:-1","max-image-preview":"max-image-preview:large","max-video-preview":"max-video-preview:-1"},"canonical":"https:\/\/fireware.nl\/fr\/support\/","og_locale":"fr_FR","og_type":"article","og_title":"Support - FireWare","og_description":"COMMUNICATION D&#8217;UNE R\u00c9PARATION Pour tout appareil d\u00e9fectueux, le service technique de FireWare est \u00e0 votre disposition pour vous aider! Il...","og_url":"https:\/\/fireware.nl\/fr\/support\/","og_site_name":"FireWare","article_publisher":"https:\/\/www.facebook.com\/FireWareBV\/","article_modified_time":"2023-03-07T12:56:19+00:00","twitter_card":"summary_large_image","twitter_site":"@FireWarebv","twitter_misc":{"Dur\u00e9e de lecture estim\u00e9e":"2 minutes"},"schema":{"@context":"https:\/\/schema.org","@graph":[{"@type":"WebPage","@id":"https:\/\/fireware.nl\/fr\/support\/","url":"https:\/\/fireware.nl\/fr\/support\/","name":"Support - FireWare","isPartOf":{"@id":"https:\/\/fireware.nl\/fr\/#website"},"datePublished":"2019-01-16T09:43:09+00:00","dateModified":"2023-03-07T12:56:19+00:00","breadcrumb":{"@id":"https:\/\/fireware.nl\/fr\/support\/#breadcrumb"},"inLanguage":"fr-FR","potentialAction":[{"@type":"ReadAction","target":["https:\/\/fireware.nl\/fr\/support\/"]}]},{"@type":"BreadcrumbList","@id":"https:\/\/fireware.nl\/fr\/support\/#breadcrumb","itemListElement":[{"@type":"ListItem","position":1,"name":"Home","item":"https:\/\/fireware.nl\/fr\/"},{"@type":"ListItem","position":2,"name":"Support"}]},{"@type":"WebSite","@id":"https:\/\/fireware.nl\/fr\/#website","url":"https:\/\/fireware.nl\/fr\/","name":"FireWare","description":"CREATING REALISTIC  TRAINING ENVIRONMENTS","publisher":{"@id":"https:\/\/fireware.nl\/fr\/#organization"},"potentialAction":[{"@type":"SearchAction","target":{"@type":"EntryPoint","urlTemplate":"https:\/\/fireware.nl\/fr\/?s={search_term_string}"},"query-input":{"@type":"PropertyValueSpecification","valueRequired":true,"valueName":"search_term_string"}}],"inLanguage":"fr-FR"},{"@type":"Organization","@id":"https:\/\/fireware.nl\/fr\/#organization","name":"FireWare","url":"https:\/\/fireware.nl\/fr\/","logo":{"@type":"ImageObject","inLanguage":"fr-FR","@id":"https:\/\/fireware.nl\/fr\/#\/schema\/logo\/image\/","url":"https:\/\/fireware.nl\/wp-content\/uploads\/2018\/10\/FireWare-logo.jpg","contentUrl":"https:\/\/fireware.nl\/wp-content\/uploads\/2018\/10\/FireWare-logo.jpg","width":171,"height":70,"caption":"FireWare"},"image":{"@id":"https:\/\/fireware.nl\/fr\/#\/schema\/logo\/image\/"},"sameAs":["https:\/\/www.facebook.com\/FireWareBV\/","https:\/\/x.com\/FireWarebv","https:\/\/www.instagram.com\/fireware_nl\/","https:\/\/www.linkedin.com\/company\/3586017\/","https:\/\/www.youtube.com\/user\/firesalesrentconsult"]}]}},"publishpress_future_action":{"enabled":false,"date":"2026-05-12 17:16:59","action":"change-status","newStatus":"draft","terms":[],"taxonomy":"translation_priority","extraData":[]},"publishpress_future_workflow_manual_trigger":{"enabledWorkflows":[]},"_links":{"self":[{"href":"https:\/\/fireware.nl\/fr\/wp-json\/wp\/v2\/pages\/11970","targetHints":{"allow":["GET"]}}],"collection":[{"href":"https:\/\/fireware.nl\/fr\/wp-json\/wp\/v2\/pages"}],"about":[{"href":"https:\/\/fireware.nl\/fr\/wp-json\/wp\/v2\/types\/page"}],"author":[{"embeddable":true,"href":"https:\/\/fireware.nl\/fr\/wp-json\/wp\/v2\/users\/9"}],"replies":[{"embeddable":true,"href":"https:\/\/fireware.nl\/fr\/wp-json\/wp\/v2\/comments?post=11970"}],"version-history":[{"count":0,"href":"https:\/\/fireware.nl\/fr\/wp-json\/wp\/v2\/pages\/11970\/revisions"}],"wp:attachment":[{"href":"https:\/\/fireware.nl\/fr\/wp-json\/wp\/v2\/media?parent=11970"}],"curies":[{"name":"wp","href":"https:\/\/api.w.org\/{rel}","templated":true}]}}