
{"id":128942,"date":"2025-08-18T12:20:55","date_gmt":"2025-08-18T12:20:55","guid":{"rendered":"https:\/\/fireware.nl\/simulation-academy\/videos-how-to-apprenez-a-vous-mettre-en-scene-comme-un-pro\/"},"modified":"2026-03-20T12:14:17","modified_gmt":"2026-03-20T12:14:17","slug":"videos-how-to-apprenez-a-vous-mettre-en-scene-comme-un-pro","status":"publish","type":"page","link":"https:\/\/fireware.nl\/fr\/simulation-academy\/videos-how-to-apprenez-la-mise-en-scene-comme-un-pro\/","title":{"rendered":"Vid\u00e9os HOW-TO &#8211; Apprenez la mise en sc\u00e8ne comme un pro"},"content":{"rendered":"\n<figure itemscope itemtype=\"https:\/\/schema.org\/ImageObject\">\n\t\t\t\t<img decoding=\"async\" src=\"https:\/\/fireware.nl\/wp-content\/uploads\/2025\/07\/How-to-videos-Website-Header_Grijze-achtergrond.jpg\" alt=\"How to video&#039;s Website Header_Grijze achtergrond\" height=\"800\" width=\"2200\" title=\"How to video&#039;s Website Header_Grijze achtergrond\" onerror=\"this.style.display='none'\" loading=\"lazy\" \/>\n\t<\/figure>\n\t<h2 data-start=\"203\" data-end=\"251\"><strong data-start=\"203\" data-end=\"251\">Apprenez la mise en sc\u00e8ne comme un pro &#8211; \u00e9tape par \u00e9tape<\/strong><\/h2>\n<strong>Bienvenue sur la collection ultime de toutes nos vid\u00e9os HOW-TO. Vous trouverez ici des tutoriels sur la mise en sc\u00e8ne, la simulation et l&#8217;entretien du mat\u00e9riel de mise en sc\u00e8ne. L&#8217;endroit id\u00e9al pour perfectionner vos comp\u00e9tences et rester \u00e0 jour. Que vous d\u00e9butiez ou que vous conceviez des exercices depuis des ann\u00e9es, ces vid\u00e9os vous aideront \u00e0 progresser.<\/strong>\nDe la cr\u00e9ation de diff\u00e9rents sc\u00e9narios de thermal runaway \u00e0 la production de couches de fum\u00e9e r\u00e9alistes &#8211; chaque vid\u00e9o propose des explications claires \u00e9tape par \u00e9tape et des exemples visuels. Tout est bas\u00e9 sur notre exp\u00e9rience pratique sur le terrain.\nUtilisez les vid\u00e9os comme source d&#8217;inspiration, comme r\u00e9f\u00e9rence, pour rafra\u00eechir vos connaissances ou comme aide pratique lors de vos pr\u00e9parations. De cette fa\u00e7on, vous tirerez le meilleur parti de votre mat\u00e9riel d&#8217;entra\u00eenement et de vos exercices.\nContinuez \u00e0 suivre cette page &#8211; le nombre de vid\u00e9os HOW-TO continuera de cro\u00eetre.\n<p>&nbsp;<\/p>\n\t<h2 data-start=\"94\" data-end=\"158\"><strong data-start=\"94\" data-end=\"158\">HOW TO | Simulations de flammes et mises en sc\u00e8ne IBGS\/CBRNe<\/strong><\/h2>\n\t\t<iframe src='https:\/\/vimeo.com\/showcase\/11700892\/embed' allow='autoplay; fullscreen; picture-in-picture; gyroscope; accelerometer; clipboard-write; encrypted-media; web-share' frameborder='0' style='position:absolute;top:0;left:0;width:100%;height:100%;'><\/iframe>\t\n\t<h2 data-start=\"94\" data-end=\"158\"><strong>THE BASICS | The essence of the product<\/strong><\/h2>\n\t\t<iframe src='https:\/\/vimeo.com\/showcase\/12106120\/embed' allow='autoplay; fullscreen; picture-in-picture; gyroscope; accelerometer; clipboard-write; encrypted-media; web-share' frameborder='0' style='position:absolute;top:0;left:0;width:100%;height:100%;'><\/iframe>\t\n\t<h2 data-start=\"94\" data-end=\"158\"><strong>HOW TO | Safety Library<\/strong><\/h2>\n\t\t<iframe src='https:\/\/vimeo.com\/showcase\/7968777\/embed' allow='autoplay; fullscreen; picture-in-picture; gyroscope; accelerometer; clipboard-write; encrypted-media; web-share' frameborder='0' style='position:absolute;top:0;left:0;width:100%;height:100%;'><\/iframe>\t\n\tLa <a href=\"https:\/\/fireware.nl\/fr\/safety-library\/\" target=\"_blank\" rel=\"noopener\">FireWare Safety Library<\/a> est la biblioth\u00e8que num\u00e9rique d&#8217;images pour le secteur de la s\u00e9curit\u00e9. Imaginez et cr\u00e9ez une infinit\u00e9 de sc\u00e9narios gr\u00e2ce \u00e0 plus de 2500 animations et images 2D et 3D pour concevoir des situations r\u00e9alistes et les pr\u00e9senter dans votre propre logiciel de pr\u00e9sentation. Et en bonus : elle est enti\u00e8rement gratuite !\n\t<h2 data-start=\"94\" data-end=\"158\"><strong>HOW TO | Entretien des produits<\/strong><\/h2>\n\t\t<iframe src='https:\/\/vimeo.com\/showcase\/12051772\/embed' allow='autoplay; fullscreen; picture-in-picture; gyroscope; accelerometer; clipboard-write; encrypted-media; web-share' frameborder='0' style='position:absolute;top:0;left:0;width:100%;height:100%;'><\/iframe>\t\n\t<h2 data-start=\"94\" data-end=\"158\"><strong>HOW TO | Simulations de victimes<\/strong><\/h2>\n\t\t<iframe src='https:\/\/vimeo.com\/showcase\/11218698\/embed' allow='autoplay; fullscreen; picture-in-picture; gyroscope; accelerometer; clipboard-write; encrypted-media; web-share' frameborder='0' style='position:absolute;top:0;left:0;width:100%;height:100%;'><\/iframe>\t\n\t<p>Dans la playlist vid\u00e9o <strong><em>HOW TO Casualty Simulation<\/em><\/strong>, vous trouverez diff\u00e9rentes vid\u00e9os d&#8217;instruction, dont 16 mises en sc\u00e8ne d&#8217;accidents r\u00e9alistes exclusives, r\u00e9alis\u00e9es avec un mannequin d&#8217;exercice. Tom Pistorius du <a href=\"https:\/\/www.facebook.com\/p\/Brandveiligheidsinstituut-Pistorius-100060344723056\/\" target=\"_blank\" rel=\"noopener\">(Brand)veiligheidsinstituut Pistorius<\/a> explique \u00e9tape par \u00e9tape comment recr\u00e9er avec soin et r\u00e9alisme diverses situations d&#8217;accident. Pensez aux protocoles de s\u00e9paration, aux traumatismes cr\u00e2niens ou encore \u00e0 un accident impliquant une meuleuse. Une ressource pr\u00e9cieuse pour tous ceux qui souhaitent mettre en place des formations victimes r\u00e9alistes. \u00c0 voir absolument !<\/p>\n\n","protected":false},"excerpt":{"rendered":"<p>Apprenez la mise en sc\u00e8ne comme un pro &#8211; \u00e9tape par \u00e9tape Bienvenue sur la collection ultime de toutes nos<span class=\"excerpt-ellipsis\">&#8230;<\/span><\/p>\n","protected":false},"author":1280,"featured_media":0,"parent":39886,"menu_order":0,"comment_status":"closed","ping_status":"closed","template":"","meta":{"footnotes":""},"class_list":["post-128942","page","type-page","status-publish","hentry"],"yoast_head":"<!-- This site is optimized with the Yoast SEO plugin v27.5 - https:\/\/yoast.com\/product\/yoast-seo-wordpress\/ -->\n<title>Vid\u00e9os HOW-TO - Apprenez la mise en sc\u00e8ne comme un pro - FireWare<\/title>\n<meta name=\"robots\" content=\"index, follow, max-snippet:-1, max-image-preview:large, max-video-preview:-1\" \/>\n<link rel=\"canonical\" href=\"https:\/\/fireware.nl\/fr\/simulation-academy\/videos-how-to-apprenez-la-mise-en-scene-comme-un-pro\/\" \/>\n<meta property=\"og:locale\" content=\"fr_FR\" \/>\n<meta property=\"og:type\" content=\"article\" \/>\n<meta property=\"og:title\" content=\"Vid\u00e9os HOW-TO - Apprenez la mise en sc\u00e8ne comme un pro - FireWare\" \/>\n<meta property=\"og:description\" content=\"Apprenez la mise en sc\u00e8ne comme un pro &#8211; \u00e9tape par \u00e9tape Bienvenue sur la collection ultime de toutes nos...\" \/>\n<meta property=\"og:url\" content=\"https:\/\/fireware.nl\/fr\/simulation-academy\/videos-how-to-apprenez-la-mise-en-scene-comme-un-pro\/\" \/>\n<meta property=\"og:site_name\" content=\"FireWare\" \/>\n<meta property=\"article:publisher\" content=\"https:\/\/www.facebook.com\/FireWareBV\/\" \/>\n<meta property=\"article:modified_time\" content=\"2026-03-20T12:14:17+00:00\" \/>\n<meta property=\"og:image\" content=\"https:\/\/fireware.nl\/wp-content\/uploads\/2025\/07\/How-to-videos-Website-Header_Grijze-achtergrond.jpg\" \/>\n<meta name=\"twitter:card\" content=\"summary_large_image\" \/>\n<meta name=\"twitter:site\" content=\"@FireWarebv\" \/>\n<meta name=\"twitter:label1\" content=\"Dur\u00e9e de lecture estim\u00e9e\" \/>\n\t<meta name=\"twitter:data1\" content=\"1 minute\" \/>\n<script type=\"application\/ld+json\" class=\"yoast-schema-graph\">{\"@context\":\"https:\\\/\\\/schema.org\",\"@graph\":[{\"@type\":\"WebPage\",\"@id\":\"https:\\\/\\\/fireware.nl\\\/fr\\\/simulation-academy\\\/videos-how-to-apprenez-la-mise-en-scene-comme-un-pro\\\/\",\"url\":\"https:\\\/\\\/fireware.nl\\\/fr\\\/simulation-academy\\\/videos-how-to-apprenez-la-mise-en-scene-comme-un-pro\\\/\",\"name\":\"Vid\u00e9os HOW-TO - Apprenez la mise en sc\u00e8ne comme un pro - FireWare\",\"isPartOf\":{\"@id\":\"https:\\\/\\\/fireware.nl\\\/fr\\\/#website\"},\"primaryImageOfPage\":{\"@id\":\"https:\\\/\\\/fireware.nl\\\/fr\\\/simulation-academy\\\/videos-how-to-apprenez-la-mise-en-scene-comme-un-pro\\\/#primaryimage\"},\"image\":{\"@id\":\"https:\\\/\\\/fireware.nl\\\/fr\\\/simulation-academy\\\/videos-how-to-apprenez-la-mise-en-scene-comme-un-pro\\\/#primaryimage\"},\"thumbnailUrl\":\"https:\\\/\\\/fireware.nl\\\/wp-content\\\/uploads\\\/2025\\\/07\\\/How-to-videos-Website-Header_Grijze-achtergrond.jpg\",\"datePublished\":\"2025-08-18T12:20:55+00:00\",\"dateModified\":\"2026-03-20T12:14:17+00:00\",\"breadcrumb\":{\"@id\":\"https:\\\/\\\/fireware.nl\\\/fr\\\/simulation-academy\\\/videos-how-to-apprenez-la-mise-en-scene-comme-un-pro\\\/#breadcrumb\"},\"inLanguage\":\"fr-FR\",\"potentialAction\":[{\"@type\":\"ReadAction\",\"target\":[\"https:\\\/\\\/fireware.nl\\\/fr\\\/simulation-academy\\\/videos-how-to-apprenez-la-mise-en-scene-comme-un-pro\\\/\"]}]},{\"@type\":\"ImageObject\",\"inLanguage\":\"fr-FR\",\"@id\":\"https:\\\/\\\/fireware.nl\\\/fr\\\/simulation-academy\\\/videos-how-to-apprenez-la-mise-en-scene-comme-un-pro\\\/#primaryimage\",\"url\":\"https:\\\/\\\/fireware.nl\\\/wp-content\\\/uploads\\\/2025\\\/07\\\/How-to-videos-Website-Header_Grijze-achtergrond.jpg\",\"contentUrl\":\"https:\\\/\\\/fireware.nl\\\/wp-content\\\/uploads\\\/2025\\\/07\\\/How-to-videos-Website-Header_Grijze-achtergrond.jpg\"},{\"@type\":\"BreadcrumbList\",\"@id\":\"https:\\\/\\\/fireware.nl\\\/fr\\\/simulation-academy\\\/videos-how-to-apprenez-la-mise-en-scene-comme-un-pro\\\/#breadcrumb\",\"itemListElement\":[{\"@type\":\"ListItem\",\"position\":1,\"name\":\"Home\",\"item\":\"https:\\\/\\\/fireware.nl\\\/fr\\\/\"},{\"@type\":\"ListItem\",\"position\":2,\"name\":\"Simulation Academy\",\"item\":\"https:\\\/\\\/fireware.nl\\\/fr\\\/simulation-academy\\\/\"},{\"@type\":\"ListItem\",\"position\":3,\"name\":\"Vid\u00e9os HOW-TO &#8211; Apprenez la mise en sc\u00e8ne comme un pro\"}]},{\"@type\":\"WebSite\",\"@id\":\"https:\\\/\\\/fireware.nl\\\/fr\\\/#website\",\"url\":\"https:\\\/\\\/fireware.nl\\\/fr\\\/\",\"name\":\"FireWare\",\"description\":\"CREATING REALISTIC  TRAINING ENVIRONMENTS\",\"publisher\":{\"@id\":\"https:\\\/\\\/fireware.nl\\\/fr\\\/#organization\"},\"potentialAction\":[{\"@type\":\"SearchAction\",\"target\":{\"@type\":\"EntryPoint\",\"urlTemplate\":\"https:\\\/\\\/fireware.nl\\\/fr\\\/?s={search_term_string}\"},\"query-input\":{\"@type\":\"PropertyValueSpecification\",\"valueRequired\":true,\"valueName\":\"search_term_string\"}}],\"inLanguage\":\"fr-FR\"},{\"@type\":\"Organization\",\"@id\":\"https:\\\/\\\/fireware.nl\\\/fr\\\/#organization\",\"name\":\"FireWare\",\"url\":\"https:\\\/\\\/fireware.nl\\\/fr\\\/\",\"logo\":{\"@type\":\"ImageObject\",\"inLanguage\":\"fr-FR\",\"@id\":\"https:\\\/\\\/fireware.nl\\\/fr\\\/#\\\/schema\\\/logo\\\/image\\\/\",\"url\":\"https:\\\/\\\/fireware.nl\\\/wp-content\\\/uploads\\\/2018\\\/10\\\/FireWare-logo.jpg\",\"contentUrl\":\"https:\\\/\\\/fireware.nl\\\/wp-content\\\/uploads\\\/2018\\\/10\\\/FireWare-logo.jpg\",\"width\":171,\"height\":70,\"caption\":\"FireWare\"},\"image\":{\"@id\":\"https:\\\/\\\/fireware.nl\\\/fr\\\/#\\\/schema\\\/logo\\\/image\\\/\"},\"sameAs\":[\"https:\\\/\\\/www.facebook.com\\\/FireWareBV\\\/\",\"https:\\\/\\\/x.com\\\/FireWarebv\",\"https:\\\/\\\/www.instagram.com\\\/fireware_nl\\\/\",\"https:\\\/\\\/www.linkedin.com\\\/company\\\/3586017\\\/\",\"https:\\\/\\\/www.youtube.com\\\/user\\\/firesalesrentconsult\"]}]}<\/script>\n<!-- \/ Yoast SEO plugin. -->","yoast_head_json":{"title":"Vid\u00e9os HOW-TO - Apprenez la mise en sc\u00e8ne comme un pro - FireWare","robots":{"index":"index","follow":"follow","max-snippet":"max-snippet:-1","max-image-preview":"max-image-preview:large","max-video-preview":"max-video-preview:-1"},"canonical":"https:\/\/fireware.nl\/fr\/simulation-academy\/videos-how-to-apprenez-la-mise-en-scene-comme-un-pro\/","og_locale":"fr_FR","og_type":"article","og_title":"Vid\u00e9os HOW-TO - Apprenez la mise en sc\u00e8ne comme un pro - FireWare","og_description":"Apprenez la mise en sc\u00e8ne comme un pro &#8211; \u00e9tape par \u00e9tape Bienvenue sur la collection ultime de toutes nos...","og_url":"https:\/\/fireware.nl\/fr\/simulation-academy\/videos-how-to-apprenez-la-mise-en-scene-comme-un-pro\/","og_site_name":"FireWare","article_publisher":"https:\/\/www.facebook.com\/FireWareBV\/","article_modified_time":"2026-03-20T12:14:17+00:00","og_image":[{"url":"https:\/\/fireware.nl\/wp-content\/uploads\/2025\/07\/How-to-videos-Website-Header_Grijze-achtergrond.jpg","type":"","width":"","height":""}],"twitter_card":"summary_large_image","twitter_site":"@FireWarebv","twitter_misc":{"Dur\u00e9e de lecture estim\u00e9e":"1 minute"},"schema":{"@context":"https:\/\/schema.org","@graph":[{"@type":"WebPage","@id":"https:\/\/fireware.nl\/fr\/simulation-academy\/videos-how-to-apprenez-la-mise-en-scene-comme-un-pro\/","url":"https:\/\/fireware.nl\/fr\/simulation-academy\/videos-how-to-apprenez-la-mise-en-scene-comme-un-pro\/","name":"Vid\u00e9os HOW-TO - Apprenez la mise en sc\u00e8ne comme un pro - FireWare","isPartOf":{"@id":"https:\/\/fireware.nl\/fr\/#website"},"primaryImageOfPage":{"@id":"https:\/\/fireware.nl\/fr\/simulation-academy\/videos-how-to-apprenez-la-mise-en-scene-comme-un-pro\/#primaryimage"},"image":{"@id":"https:\/\/fireware.nl\/fr\/simulation-academy\/videos-how-to-apprenez-la-mise-en-scene-comme-un-pro\/#primaryimage"},"thumbnailUrl":"https:\/\/fireware.nl\/wp-content\/uploads\/2025\/07\/How-to-videos-Website-Header_Grijze-achtergrond.jpg","datePublished":"2025-08-18T12:20:55+00:00","dateModified":"2026-03-20T12:14:17+00:00","breadcrumb":{"@id":"https:\/\/fireware.nl\/fr\/simulation-academy\/videos-how-to-apprenez-la-mise-en-scene-comme-un-pro\/#breadcrumb"},"inLanguage":"fr-FR","potentialAction":[{"@type":"ReadAction","target":["https:\/\/fireware.nl\/fr\/simulation-academy\/videos-how-to-apprenez-la-mise-en-scene-comme-un-pro\/"]}]},{"@type":"ImageObject","inLanguage":"fr-FR","@id":"https:\/\/fireware.nl\/fr\/simulation-academy\/videos-how-to-apprenez-la-mise-en-scene-comme-un-pro\/#primaryimage","url":"https:\/\/fireware.nl\/wp-content\/uploads\/2025\/07\/How-to-videos-Website-Header_Grijze-achtergrond.jpg","contentUrl":"https:\/\/fireware.nl\/wp-content\/uploads\/2025\/07\/How-to-videos-Website-Header_Grijze-achtergrond.jpg"},{"@type":"BreadcrumbList","@id":"https:\/\/fireware.nl\/fr\/simulation-academy\/videos-how-to-apprenez-la-mise-en-scene-comme-un-pro\/#breadcrumb","itemListElement":[{"@type":"ListItem","position":1,"name":"Home","item":"https:\/\/fireware.nl\/fr\/"},{"@type":"ListItem","position":2,"name":"Simulation Academy","item":"https:\/\/fireware.nl\/fr\/simulation-academy\/"},{"@type":"ListItem","position":3,"name":"Vid\u00e9os HOW-TO &#8211; Apprenez la mise en sc\u00e8ne comme un pro"}]},{"@type":"WebSite","@id":"https:\/\/fireware.nl\/fr\/#website","url":"https:\/\/fireware.nl\/fr\/","name":"FireWare","description":"CREATING REALISTIC  TRAINING ENVIRONMENTS","publisher":{"@id":"https:\/\/fireware.nl\/fr\/#organization"},"potentialAction":[{"@type":"SearchAction","target":{"@type":"EntryPoint","urlTemplate":"https:\/\/fireware.nl\/fr\/?s={search_term_string}"},"query-input":{"@type":"PropertyValueSpecification","valueRequired":true,"valueName":"search_term_string"}}],"inLanguage":"fr-FR"},{"@type":"Organization","@id":"https:\/\/fireware.nl\/fr\/#organization","name":"FireWare","url":"https:\/\/fireware.nl\/fr\/","logo":{"@type":"ImageObject","inLanguage":"fr-FR","@id":"https:\/\/fireware.nl\/fr\/#\/schema\/logo\/image\/","url":"https:\/\/fireware.nl\/wp-content\/uploads\/2018\/10\/FireWare-logo.jpg","contentUrl":"https:\/\/fireware.nl\/wp-content\/uploads\/2018\/10\/FireWare-logo.jpg","width":171,"height":70,"caption":"FireWare"},"image":{"@id":"https:\/\/fireware.nl\/fr\/#\/schema\/logo\/image\/"},"sameAs":["https:\/\/www.facebook.com\/FireWareBV\/","https:\/\/x.com\/FireWarebv","https:\/\/www.instagram.com\/fireware_nl\/","https:\/\/www.linkedin.com\/company\/3586017\/","https:\/\/www.youtube.com\/user\/firesalesrentconsult"]}]}},"publishpress_future_action":{"enabled":false,"date":"2026-05-12 18:20:49","action":"change-status","newStatus":"draft","terms":[],"taxonomy":"translation_priority","extraData":[]},"publishpress_future_workflow_manual_trigger":{"enabledWorkflows":[]},"_links":{"self":[{"href":"https:\/\/fireware.nl\/fr\/wp-json\/wp\/v2\/pages\/128942","targetHints":{"allow":["GET"]}}],"collection":[{"href":"https:\/\/fireware.nl\/fr\/wp-json\/wp\/v2\/pages"}],"about":[{"href":"https:\/\/fireware.nl\/fr\/wp-json\/wp\/v2\/types\/page"}],"author":[{"embeddable":true,"href":"https:\/\/fireware.nl\/fr\/wp-json\/wp\/v2\/users\/1280"}],"replies":[{"embeddable":true,"href":"https:\/\/fireware.nl\/fr\/wp-json\/wp\/v2\/comments?post=128942"}],"version-history":[{"count":5,"href":"https:\/\/fireware.nl\/fr\/wp-json\/wp\/v2\/pages\/128942\/revisions"}],"predecessor-version":[{"id":131426,"href":"https:\/\/fireware.nl\/fr\/wp-json\/wp\/v2\/pages\/128942\/revisions\/131426"}],"up":[{"embeddable":true,"href":"https:\/\/fireware.nl\/fr\/wp-json\/wp\/v2\/pages\/39886"}],"wp:attachment":[{"href":"https:\/\/fireware.nl\/fr\/wp-json\/wp\/v2\/media?parent=128942"}],"curies":[{"name":"wp","href":"https:\/\/api.w.org\/{rel}","templated":true}]}}