
{"id":19362,"date":"2019-02-01T10:43:38","date_gmt":"2019-02-01T10:43:38","guid":{"rendered":"http:\/\/fireware.sites.hyperhosting.co\/?page_id=19362"},"modified":"2021-02-23T13:03:49","modified_gmt":"2021-02-23T13:03:49","slug":"roparun","status":"publish","type":"page","link":"https:\/\/fireware.nl\/fr\/societe-et-durabilite\/roparun\/","title":{"rendered":"Roparun"},"content":{"rendered":"\n\n\t\t\t\t<img decoding=\"async\" src=\"https:\/\/fireware.nl\/wp-content\/uploads\/2017\/06\/FireWare-helpt-Zele-tijdens-de-RopaRun.jpg\" alt=\"FireWare helpt Zele tijdens de RopaRun\" itemprop=\"image\" title=\"FireWare helpt Zele tijdens de RopaRun\" onerror=\"this.style.display='none'\"  \/>\n\t\n<p>De plus en plus de communes le long du parcours du Roparun organisent toutes sortes d&#8217;\u00e9v\u00e8nements pour rendre le passage des participants aussi agr\u00e9able et convivial que possible. Les villes et les villages qui y excelleront, obtiendront le statut de \u00ab\u00a0Ville Roparun\u00a0\u00bb et recevront une forte somme d&#8217;argent qu&#8217;elles pourront affecter \u00e0 des soins palliatifs dans la r\u00e9gion.<\/p>\n<h2>Zele brille dans l&#8217;espace<\/h2>\n<p>Les habitants de la ville belge de Zele prennent les participants au Roparun tr\u00e8s au s\u00e9rieux. Le village entier est plac\u00e9 sous le signe d&#8217;un th\u00e8me particulier. Cette ann\u00e9e, il s&#8217;agit du th\u00e8me \u00ab Zele brille dans l&#8217;espace \u00bb. Pour ce faire, l&#8217;on a construit une v\u00e9ritable r\u00e9plique de l&#8217;Apollo 11, de 25 m\u00e8tres de haut. On a m\u00eame simul\u00e9 un lancement au moyen de 4\u00a0machines \u00e0 fum\u00e9e Cumulus\u00a0plac\u00e9es horizontalement, et de spots incandescents rouges.<\/p>\n<p>En outre, un fantastique disc-jockey s&#8217;est charg\u00e9 de mettre de l&#8217;ambiance \u00e0 Zele. Des centaines de personnes ont pouss\u00e9 des cris de joie au passage des participants au Roparun. Un d\u00e9tail int\u00e9ressant : le maire et les adjoints au maire se sont trouv\u00e9s toute la nuit au premier rang. Les trois \u00e9quipes de Zele ont \u00e9t\u00e9 f\u00e9licit\u00e9es par le biais de chansons interpr\u00e9t\u00e9es en direct par la star de la com\u00e9die musicale, Jurgen Stein, et un grand \u00e9cran t\u00e9l\u00e9vis\u00e9, des \u00e9chassiers, des Martiens et divers podiums \u00e9taient de la partie&#8230; Des efforts consid\u00e9rables ont \u00e9t\u00e9 d\u00e9ploy\u00e9s pour donner aux participants une \u00e9norme impulsion et les aider \u00e0 courir toute la nuit.<\/p>\n<h2>On ne collabore jamais seul<\/h2>\n<p>Sous l&#8217;excellente direction du\u00a0Service de pompiers de Zele, on ne m\u00e9nage aucun effort pour en faire chaque ann\u00e9e un \u00e9v\u00e8nement fantastique.<\/p>\n<p>Depuis 2008,\u00a0FireWare\u00a0contribue aux festivit\u00e9s de la place du village en y mettant en place diff\u00e9rents effets sp\u00e9ciaux. Cette ann\u00e9e, des employ\u00e9s de\u00a0JE-BHV\u00a0et\u00a0ProFhire\u00a0y \u00e9taient \u00e9galement pr\u00e9sents afin d&#8217;y contribuer.\u00a0Evelements\u00a0a mis suffisamment de projecteurs \u00e0 disposition.<\/p>\n<p>Toutefois, les festivit\u00e9s sur la place du village sont seulement une toute petite partie de tout ce qui se passe pendant le passage du Roparun. Voir comment une telle quantit\u00e9 de personnes, d\u00e9bordant d&#8217;\u00e9nergie, s&#8217;investissent de tellement de fa\u00e7ons diff\u00e9rentes, totalement gratuitement, pour le Roparun, est une source d&#8217;inspiration incroyable. Pouvoir en faire partie est un grand honneur.<\/p>\n<h2>Vid\u00e9os :<\/h2>\n<a href=\"http:\/\/www.tvoost.be\/nieuws\/brandweer-zele-bouwt-reuzeraket-voor-doortocht-roparun-28955\">http:\/\/www.tvoost.be\/nieuws\/brandweer-zele-bouwt-reuzeraket-voor-doortocht-roparun-28955<\/a><br \/>\n<a href=\"http:\/\/www.tvoost.be\/nieuws\/zele-weer-vol-voor-titel-va-roparunstad-29049\">http:\/\/www.tvoost.be\/nieuws\/zele-weer-vol-voor-titel-va-roparunstad-29049<\/a><br \/>\n<a href=\"http:\/\/www.tvoost.be\/nieuws\/zele-op-zijn-kop-tijdens-doortocht-roparun-29035\">http:\/\/www.tvoost.be\/nieuws\/zele-op-zijn-kop-tijdens-doortocht-roparun-29035<\/a>\n\t\n\t\t\t\t<img decoding=\"async\" src=\"https:\/\/fireware.nl\/wp-content\/uploads\/2019\/02\/Roparun.jpg\" alt=\"Roparun\" itemprop=\"image\" title=\"Roparun\" onerror=\"this.style.display='none'\"  \/>\n\n","protected":false},"excerpt":{"rendered":"<p>De plus en plus de communes le long du parcours du Roparun organisent toutes sortes d&#8217;\u00e9v\u00e8nements pour rendre le passage<span class=\"excerpt-ellipsis\">&#8230;<\/span><\/p>\n","protected":false},"author":9,"featured_media":0,"parent":10317,"menu_order":0,"comment_status":"closed","ping_status":"closed","template":"","meta":{"footnotes":""},"class_list":["post-19362","page","type-page","status-publish","hentry"],"yoast_head":"<!-- This site is optimized with the Yoast SEO plugin v27.5 - https:\/\/yoast.com\/product\/yoast-seo-wordpress\/ -->\n<title>Roparun - FireWare<\/title>\n<meta name=\"robots\" content=\"index, follow, max-snippet:-1, max-image-preview:large, max-video-preview:-1\" \/>\n<link rel=\"canonical\" href=\"https:\/\/fireware.nl\/fr\/societe-et-durabilite\/roparun\/\" \/>\n<meta property=\"og:locale\" content=\"fr_FR\" \/>\n<meta property=\"og:type\" content=\"article\" \/>\n<meta property=\"og:title\" content=\"Roparun - FireWare\" \/>\n<meta property=\"og:description\" content=\"De plus en plus de communes le long du parcours du Roparun organisent toutes sortes d&#8217;\u00e9v\u00e8nements pour rendre le passage...\" \/>\n<meta property=\"og:url\" content=\"https:\/\/fireware.nl\/fr\/societe-et-durabilite\/roparun\/\" \/>\n<meta property=\"og:site_name\" content=\"FireWare\" \/>\n<meta property=\"article:publisher\" content=\"https:\/\/www.facebook.com\/FireWareBV\/\" \/>\n<meta property=\"article:modified_time\" content=\"2021-02-23T13:03:49+00:00\" \/>\n<meta property=\"og:image\" content=\"https:\/\/fireware.nl\/wp-content\/uploads\/2017\/06\/FireWare-helpt-Zele-tijdens-de-RopaRun.jpg\" \/>\n<meta name=\"twitter:card\" content=\"summary_large_image\" \/>\n<meta name=\"twitter:site\" content=\"@FireWarebv\" \/>\n<meta name=\"twitter:label1\" content=\"Dur\u00e9e de lecture estim\u00e9e\" \/>\n\t<meta name=\"twitter:data1\" content=\"2 minutes\" \/>\n<script type=\"application\/ld+json\" class=\"yoast-schema-graph\">{\"@context\":\"https:\\\/\\\/schema.org\",\"@graph\":[{\"@type\":\"WebPage\",\"@id\":\"https:\\\/\\\/fireware.nl\\\/fr\\\/societe-et-durabilite\\\/roparun\\\/\",\"url\":\"https:\\\/\\\/fireware.nl\\\/fr\\\/societe-et-durabilite\\\/roparun\\\/\",\"name\":\"Roparun - FireWare\",\"isPartOf\":{\"@id\":\"https:\\\/\\\/fireware.nl\\\/fr\\\/#website\"},\"primaryImageOfPage\":{\"@id\":\"https:\\\/\\\/fireware.nl\\\/fr\\\/societe-et-durabilite\\\/roparun\\\/#primaryimage\"},\"image\":{\"@id\":\"https:\\\/\\\/fireware.nl\\\/fr\\\/societe-et-durabilite\\\/roparun\\\/#primaryimage\"},\"thumbnailUrl\":\"https:\\\/\\\/fireware.nl\\\/wp-content\\\/uploads\\\/2017\\\/06\\\/FireWare-helpt-Zele-tijdens-de-RopaRun.jpg\",\"datePublished\":\"2019-02-01T10:43:38+00:00\",\"dateModified\":\"2021-02-23T13:03:49+00:00\",\"breadcrumb\":{\"@id\":\"https:\\\/\\\/fireware.nl\\\/fr\\\/societe-et-durabilite\\\/roparun\\\/#breadcrumb\"},\"inLanguage\":\"fr-FR\",\"potentialAction\":[{\"@type\":\"ReadAction\",\"target\":[\"https:\\\/\\\/fireware.nl\\\/fr\\\/societe-et-durabilite\\\/roparun\\\/\"]}]},{\"@type\":\"ImageObject\",\"inLanguage\":\"fr-FR\",\"@id\":\"https:\\\/\\\/fireware.nl\\\/fr\\\/societe-et-durabilite\\\/roparun\\\/#primaryimage\",\"url\":\"https:\\\/\\\/fireware.nl\\\/wp-content\\\/uploads\\\/2017\\\/06\\\/FireWare-helpt-Zele-tijdens-de-RopaRun.jpg\",\"contentUrl\":\"https:\\\/\\\/fireware.nl\\\/wp-content\\\/uploads\\\/2017\\\/06\\\/FireWare-helpt-Zele-tijdens-de-RopaRun.jpg\"},{\"@type\":\"BreadcrumbList\",\"@id\":\"https:\\\/\\\/fireware.nl\\\/fr\\\/societe-et-durabilite\\\/roparun\\\/#breadcrumb\",\"itemListElement\":[{\"@type\":\"ListItem\",\"position\":1,\"name\":\"Home\",\"item\":\"https:\\\/\\\/fireware.nl\\\/fr\\\/\"},{\"@type\":\"ListItem\",\"position\":2,\"name\":\"Soci\u00e9te et durabilit\u00e9\",\"item\":\"https:\\\/\\\/fireware.nl\\\/fr\\\/societe-et-durabilite\\\/\"},{\"@type\":\"ListItem\",\"position\":3,\"name\":\"Roparun\"}]},{\"@type\":\"WebSite\",\"@id\":\"https:\\\/\\\/fireware.nl\\\/fr\\\/#website\",\"url\":\"https:\\\/\\\/fireware.nl\\\/fr\\\/\",\"name\":\"FireWare\",\"description\":\"CREATING REALISTIC  TRAINING ENVIRONMENTS\",\"publisher\":{\"@id\":\"https:\\\/\\\/fireware.nl\\\/fr\\\/#organization\"},\"potentialAction\":[{\"@type\":\"SearchAction\",\"target\":{\"@type\":\"EntryPoint\",\"urlTemplate\":\"https:\\\/\\\/fireware.nl\\\/fr\\\/?s={search_term_string}\"},\"query-input\":{\"@type\":\"PropertyValueSpecification\",\"valueRequired\":true,\"valueName\":\"search_term_string\"}}],\"inLanguage\":\"fr-FR\"},{\"@type\":\"Organization\",\"@id\":\"https:\\\/\\\/fireware.nl\\\/fr\\\/#organization\",\"name\":\"FireWare\",\"url\":\"https:\\\/\\\/fireware.nl\\\/fr\\\/\",\"logo\":{\"@type\":\"ImageObject\",\"inLanguage\":\"fr-FR\",\"@id\":\"https:\\\/\\\/fireware.nl\\\/fr\\\/#\\\/schema\\\/logo\\\/image\\\/\",\"url\":\"https:\\\/\\\/fireware.nl\\\/wp-content\\\/uploads\\\/2018\\\/10\\\/FireWare-logo.jpg\",\"contentUrl\":\"https:\\\/\\\/fireware.nl\\\/wp-content\\\/uploads\\\/2018\\\/10\\\/FireWare-logo.jpg\",\"width\":171,\"height\":70,\"caption\":\"FireWare\"},\"image\":{\"@id\":\"https:\\\/\\\/fireware.nl\\\/fr\\\/#\\\/schema\\\/logo\\\/image\\\/\"},\"sameAs\":[\"https:\\\/\\\/www.facebook.com\\\/FireWareBV\\\/\",\"https:\\\/\\\/x.com\\\/FireWarebv\",\"https:\\\/\\\/www.instagram.com\\\/fireware_nl\\\/\",\"https:\\\/\\\/www.linkedin.com\\\/company\\\/3586017\\\/\",\"https:\\\/\\\/www.youtube.com\\\/user\\\/firesalesrentconsult\"]}]}<\/script>\n<!-- \/ Yoast SEO plugin. -->","yoast_head_json":{"title":"Roparun - FireWare","robots":{"index":"index","follow":"follow","max-snippet":"max-snippet:-1","max-image-preview":"max-image-preview:large","max-video-preview":"max-video-preview:-1"},"canonical":"https:\/\/fireware.nl\/fr\/societe-et-durabilite\/roparun\/","og_locale":"fr_FR","og_type":"article","og_title":"Roparun - FireWare","og_description":"De plus en plus de communes le long du parcours du Roparun organisent toutes sortes d&#8217;\u00e9v\u00e8nements pour rendre le passage...","og_url":"https:\/\/fireware.nl\/fr\/societe-et-durabilite\/roparun\/","og_site_name":"FireWare","article_publisher":"https:\/\/www.facebook.com\/FireWareBV\/","article_modified_time":"2021-02-23T13:03:49+00:00","og_image":[{"url":"https:\/\/fireware.nl\/wp-content\/uploads\/2017\/06\/FireWare-helpt-Zele-tijdens-de-RopaRun.jpg","type":"","width":"","height":""}],"twitter_card":"summary_large_image","twitter_site":"@FireWarebv","twitter_misc":{"Dur\u00e9e de lecture estim\u00e9e":"2 minutes"},"schema":{"@context":"https:\/\/schema.org","@graph":[{"@type":"WebPage","@id":"https:\/\/fireware.nl\/fr\/societe-et-durabilite\/roparun\/","url":"https:\/\/fireware.nl\/fr\/societe-et-durabilite\/roparun\/","name":"Roparun - FireWare","isPartOf":{"@id":"https:\/\/fireware.nl\/fr\/#website"},"primaryImageOfPage":{"@id":"https:\/\/fireware.nl\/fr\/societe-et-durabilite\/roparun\/#primaryimage"},"image":{"@id":"https:\/\/fireware.nl\/fr\/societe-et-durabilite\/roparun\/#primaryimage"},"thumbnailUrl":"https:\/\/fireware.nl\/wp-content\/uploads\/2017\/06\/FireWare-helpt-Zele-tijdens-de-RopaRun.jpg","datePublished":"2019-02-01T10:43:38+00:00","dateModified":"2021-02-23T13:03:49+00:00","breadcrumb":{"@id":"https:\/\/fireware.nl\/fr\/societe-et-durabilite\/roparun\/#breadcrumb"},"inLanguage":"fr-FR","potentialAction":[{"@type":"ReadAction","target":["https:\/\/fireware.nl\/fr\/societe-et-durabilite\/roparun\/"]}]},{"@type":"ImageObject","inLanguage":"fr-FR","@id":"https:\/\/fireware.nl\/fr\/societe-et-durabilite\/roparun\/#primaryimage","url":"https:\/\/fireware.nl\/wp-content\/uploads\/2017\/06\/FireWare-helpt-Zele-tijdens-de-RopaRun.jpg","contentUrl":"https:\/\/fireware.nl\/wp-content\/uploads\/2017\/06\/FireWare-helpt-Zele-tijdens-de-RopaRun.jpg"},{"@type":"BreadcrumbList","@id":"https:\/\/fireware.nl\/fr\/societe-et-durabilite\/roparun\/#breadcrumb","itemListElement":[{"@type":"ListItem","position":1,"name":"Home","item":"https:\/\/fireware.nl\/fr\/"},{"@type":"ListItem","position":2,"name":"Soci\u00e9te et durabilit\u00e9","item":"https:\/\/fireware.nl\/fr\/societe-et-durabilite\/"},{"@type":"ListItem","position":3,"name":"Roparun"}]},{"@type":"WebSite","@id":"https:\/\/fireware.nl\/fr\/#website","url":"https:\/\/fireware.nl\/fr\/","name":"FireWare","description":"CREATING REALISTIC  TRAINING ENVIRONMENTS","publisher":{"@id":"https:\/\/fireware.nl\/fr\/#organization"},"potentialAction":[{"@type":"SearchAction","target":{"@type":"EntryPoint","urlTemplate":"https:\/\/fireware.nl\/fr\/?s={search_term_string}"},"query-input":{"@type":"PropertyValueSpecification","valueRequired":true,"valueName":"search_term_string"}}],"inLanguage":"fr-FR"},{"@type":"Organization","@id":"https:\/\/fireware.nl\/fr\/#organization","name":"FireWare","url":"https:\/\/fireware.nl\/fr\/","logo":{"@type":"ImageObject","inLanguage":"fr-FR","@id":"https:\/\/fireware.nl\/fr\/#\/schema\/logo\/image\/","url":"https:\/\/fireware.nl\/wp-content\/uploads\/2018\/10\/FireWare-logo.jpg","contentUrl":"https:\/\/fireware.nl\/wp-content\/uploads\/2018\/10\/FireWare-logo.jpg","width":171,"height":70,"caption":"FireWare"},"image":{"@id":"https:\/\/fireware.nl\/fr\/#\/schema\/logo\/image\/"},"sameAs":["https:\/\/www.facebook.com\/FireWareBV\/","https:\/\/x.com\/FireWarebv","https:\/\/www.instagram.com\/fireware_nl\/","https:\/\/www.linkedin.com\/company\/3586017\/","https:\/\/www.youtube.com\/user\/firesalesrentconsult"]}]}},"publishpress_future_action":{"enabled":false,"date":"2026-05-12 22:04:39","action":"change-status","newStatus":"draft","terms":[],"taxonomy":"translation_priority","extraData":[]},"publishpress_future_workflow_manual_trigger":{"enabledWorkflows":[]},"_links":{"self":[{"href":"https:\/\/fireware.nl\/fr\/wp-json\/wp\/v2\/pages\/19362","targetHints":{"allow":["GET"]}}],"collection":[{"href":"https:\/\/fireware.nl\/fr\/wp-json\/wp\/v2\/pages"}],"about":[{"href":"https:\/\/fireware.nl\/fr\/wp-json\/wp\/v2\/types\/page"}],"author":[{"embeddable":true,"href":"https:\/\/fireware.nl\/fr\/wp-json\/wp\/v2\/users\/9"}],"replies":[{"embeddable":true,"href":"https:\/\/fireware.nl\/fr\/wp-json\/wp\/v2\/comments?post=19362"}],"version-history":[{"count":0,"href":"https:\/\/fireware.nl\/fr\/wp-json\/wp\/v2\/pages\/19362\/revisions"}],"up":[{"embeddable":true,"href":"https:\/\/fireware.nl\/fr\/wp-json\/wp\/v2\/pages\/10317"}],"wp:attachment":[{"href":"https:\/\/fireware.nl\/fr\/wp-json\/wp\/v2\/media?parent=19362"}],"curies":[{"name":"wp","href":"https:\/\/api.w.org\/{rel}","templated":true}]}}