
{"id":27612,"date":"2019-03-07T10:18:41","date_gmt":"2019-03-07T10:18:41","guid":{"rendered":"http:\/\/fireware.sites.hyperhosting.co\/safety-library\/"},"modified":"2026-03-20T12:15:05","modified_gmt":"2026-03-20T12:15:05","slug":"safety-library","status":"publish","type":"page","link":"https:\/\/fireware.nl\/fr\/safety-library\/","title":{"rendered":"Safety Library"},"content":{"rendered":"\n\n\t<h2>La biblioth\u00e8que digitale avec de images pour la branche s\u00e9curit\u00e9<\/h2>\n<p>Inventez et cr\u00e9ez sans limites d&#8217;innombrables sc\u00e9narios avec la Safety Library de FireWare! Utilisez plus de 2500 figures anim\u00e9es et images 2D et 3D pour concevoir des sc\u00e9narios r\u00e9alistes et les int\u00e9grer \u00e0 votre propre programme de pr\u00e9sentation, tel que PowerPoint ou Prezi.<\/p>\n\t\t<iframe src='https:\/\/vimeo.com\/showcase\/7968777\/embed' allow='autoplay; fullscreen; picture-in-picture; gyroscope; accelerometer; clipboard-write; encrypted-media; web-share' frameborder='0' style='position:absolute;top:0;left:0;width:100%;height:100%;'><\/iframe>\t\n\t<p>Ci-dessous, vous pouvez voir les diff\u00e9rentes cat\u00e9gories de notre biblioth\u00e8que de s\u00e9curit\u00e9. Le t\u00e9l\u00e9chargement des \u00e9l\u00e9ments n&#8217;est possible que si vous \u00eates connect\u00e9.<\/p>\n\r\n<div class=\"w3eden wpdm-auth-page\" id=\"wpdmloginpage\">\r\n    <div class=\"wpdm-auth-split\" id=\"wpdmlogin\">\r\n        <div class=\"wpdm-auth-panel\">\r\n            <!-- Left Panel - Decorative -->\r\n            <div class=\"wpdm-auth-left\">\r\n                <div class=\"wpdm-auth-grid\"><\/div>\r\n                <div class=\"wpdm-auth-circles\">\r\n                    <div class=\"wpdm-auth-circle\"><\/div>\r\n                    <div class=\"wpdm-auth-circle\"><\/div>\r\n                    <div class=\"wpdm-auth-circle\"><\/div>\r\n                    <div class=\"wpdm-auth-circle\"><\/div>\r\n                <\/div>\r\n\r\n                <div class=\"wpdm-auth-brand\">\r\n                    <a href=\"https:\/\/fireware.nl\/fr\/\">\r\n                                            <img decoding=\"async\" src=\"https:\/\/fireware.nl\/wp-content\/uploads\/2019\/03\/fav.png\" alt=\"FireWare\" \/>\r\n                                        <span>FireWare<\/span>\r\n                    <\/a>\r\n                <\/div>\r\n\r\n                <div class=\"wpdm-auth-welcome\">\r\n                    <div class=\"wpdm-auth-welcome-sub\">Ravi de vous revoir<\/div>\r\n                    <div class=\"wpdm-auth-welcome-title\">Heureux de vous revoir<\/div>\r\n                    <div class=\"wpdm-auth-welcome-line\"><\/div>\r\n                    <div class=\"wpdm-auth-welcome-text\">\r\n                        Connectez-vous pour acc\u00e9der \u00e0 votre compte, g\u00e9rer vos t\u00e9l\u00e9chargements et d\u00e9couvrir toutes les fonctionnalit\u00e9s \u00e0 votre disposition.                    <\/div>\r\n                <\/div>\r\n            <\/div>\r\n\r\n            <!-- Right Panel - Form -->\r\n            <div class=\"wpdm-auth-right\">\r\n\r\n\r\n                <div class=\"wpdm-auth-form-header\">\r\n                    <h1 class=\"wpdm-auth-form-title\">Connexion au compte<\/h1>\r\n                    <p class=\"wpdm-auth-form-desc\">Saisissez vos identifiants pour acc\u00e9der \u00e0 votre compte et reprendre l\u00e0 o\u00f9 vous en \u00e9tiez.<\/p>\r\n                <\/div>\r\n                                <form name=\"loginform\" id=\"loginform\" action=\"\" method=\"post\">\r\n                    <input type=\"hidden\" name=\"permalink\" value=\"https:\/\/fireware.nl\/fr\/safety-library\/\" \/>\r\n\r\n                    <!-- Alerts -->\r\n                    <div id=\"__signin_msg\">\r\n                                            <\/div>\r\n\r\n                    \r\n                    <!-- Email -->\r\n                    <div class=\"wpdm-auth-field\">\r\n                        <div class=\"wpdm-auth-input-wrap\">\r\n                            <input type=\"text\" name=\"wpdm_login[log]\" id=\"user_login\" class=\"wpdm-auth-input\" required placeholder=\"ID de l\u2019e-mail\" autocomplete=\"username\" \/>\r\n                        <\/div>\r\n                    <\/div>\r\n\r\n                    <!-- Password -->\r\n                    <div class=\"wpdm-auth-field\">\r\n                        <div class=\"wpdm-auth-input-wrap\">\r\n                            <input type=\"password\" name=\"wpdm_login[pwd]\" id=\"password\" class=\"wpdm-auth-input has-toggle\" required placeholder=\"Mot de passe\" autocomplete=\"current-password\" \/>\r\n                            <button type=\"button\" class=\"wpdm-auth-pwd-toggle\" onclick=\"wpdmTogglePwd()\" aria-label=\"Toggle password visibility\">\r\n                                <svg id=\"wpdm-eye\" viewBox=\"0 0 24 24\" fill=\"none\" stroke=\"currentColor\" stroke-width=\"2\"><path d=\"M1 12s4-8 11-8 11 8 11 8-4 8-11 8-11-8-11-8z\"\/><circle cx=\"12\" cy=\"12\" r=\"3\"\/><\/svg>\r\n                                <svg id=\"wpdm-eye-off\" style=\"display:none\" viewBox=\"0 0 24 24\" fill=\"none\" stroke=\"currentColor\" stroke-width=\"2\"><path d=\"M17.94 17.94A10.07 10.07 0 0 1 12 20c-7 0-11-8-11-8a18.45 18.45 0 0 1 5.06-5.94M9.9 4.24A9.12 9.12 0 0 1 12 4c7 0 11 8 11 8a18.5 18.5 0 0 1-2.16 3.19m-6.72-1.07a3 3 0 1 1-4.24-4.24\"\/><line x1=\"1\" y1=\"1\" x2=\"23\" y2=\"23\"\/><\/svg>\r\n                            <\/button>\r\n                        <\/div>\r\n                    <\/div>\r\n\r\n                    <!-- Hidden hash -->\r\n                                        <input type=\"hidden\" name=\"__phash\" id=\"__phash\" value=\"OAQ5A6EEGRIrUWrExYt1k7eMphmNecyafSEbvkyokMfrD0KvPoHdCRoX5IWX8rIjjSCd672JEQzmb5CD_5iN8kAIhjZicKrqr0bWbjUnJxZV707wMSt7DQxvFI_zZ4_pxrpv45OYhBSZkspliPvy74iFQ7yamZ02ReyRZtmHKEx8\" \/>\r\n\r\n                    \r\n                                        <input type=\"hidden\" id=\"wpa_initiator\" class=\"wpa_initiator\" name=\"wpa_initiator\" value=\"\" \/>\r\n                    <!-- Remember & Forgot -->\r\n                    <div class=\"wpdm-auth-meta\">\r\n                        <label class=\"wpdm-auth-remember\">\r\n                            <input type=\"checkbox\" name=\"rememberme\" id=\"rememberme\" value=\"forever\" \/>\r\n                            <span class=\"wpdm-auth-check\">\r\n                                <svg viewBox=\"0 0 24 24\" fill=\"none\" stroke=\"currentColor\" stroke-width=\"3\"><polyline points=\"20 6 9 17 4 12\"\/><\/svg>\r\n                            <\/span>\r\n                            <span>Gardez-moi connect\u00e9<\/span>\r\n                        <\/label>\r\n                        <a href=\"https:\/\/fireware.nl\/wp-login.php?action=lostpassword\" class=\"wpdm-auth-forgot\">Mot de passe oubli\u00e9\u00a0?<\/a>\r\n                    <\/div>\r\n\r\n                    <!-- Submit -->\r\n                    <button type=\"submit\" name=\"wp-submit\" id=\"loginform-submit\" class=\"wpdm-auth-btn\">\r\n                        <span>Connexion<\/span>\r\n                    <\/button>\r\n\r\n                    <!-- Register Link -->\r\n                                            <div class=\"wpdm-auth-link\">\r\n                            Vous n\u2019avez pas de compte\u00a0?                            <a href=\"https:\/\/fireware.nl\/mijn-account\/?source=safety-library\">Abonnez-vous<\/a>\r\n                        <\/div>\r\n                    \r\n                    <input type=\"hidden\" name=\"redirect_to\" value=\"\/fr\/wp-json\/wp\/v2\/pages\/27612\" \/>\r\n                <\/form>\r\n\r\n                <!-- Social Login -->\r\n                \r\n                            <\/div>\r\n        <\/div>\r\n    <\/div>\r\n<\/div>\r\n\r\n<script>\r\nfunction wpdmTogglePwd() {\r\n    var pwd = document.getElementById('password');\r\n    var eye = document.getElementById('wpdm-eye');\r\n    var eyeOff = document.getElementById('wpdm-eye-off');\r\n    if (pwd.type === 'password') {\r\n        pwd.type = 'text';\r\n        eye.style.display = 'none';\r\n        eyeOff.style.display = 'block';\r\n    } else {\r\n        pwd.type = 'password';\r\n        eye.style.display = 'block';\r\n        eyeOff.style.display = 'none';\r\n    }\r\n}\r\n\r\njQuery(function ($) {\r\n        var $btn = $('#loginform-submit');\r\n    var btnHtml = $btn.html();\r\n\r\n    $('#loginform').submit(function () {\r\n        $btn.html('<span class=\"wpdm-auth-spinner\"><\/span><span>Connexion\u2026<\/span>').attr('disabled', 'disabled');\r\n\r\n        $(this).ajaxSubmit({\r\n            error: function(error) {\r\n                if(typeof error.responseJSON !== 'undefined') {\r\n                    showErr(error.responseJSON.messages || error.responseJSON.message);\r\n                    $btn.html(btnHtml).removeAttr('disabled');\r\n                                    } else {\r\n                    setTimeout(function () {\r\n                        location.href = \"\/fr\/wp-json\/wp\/v2\/pages\/27612\";\r\n                    }, 1000);\r\n                }\r\n            },\r\n            success: async function (res) {\r\n                if (!res.success) {\r\n                    showErr(res.message);\r\n                    $btn.html(btnHtml).removeAttr('disabled');\r\n                                    } else {\r\n                    let proceed = await WPDM.doAction(\"wpdm_user_login\", res);\r\n                    $btn.html('<svg viewBox=\"0 0 24 24\" width=\"16\" height=\"16\" fill=\"none\" stroke=\"currentColor\" stroke-width=\"2\"><path d=\"M22 11.08V12a10 10 0 1 1-5.93-9.14\"\/><polyline points=\"22 4 12 14.01 9 11.01\"\/><\/svg><span>' + res.message + '<\/span>');\r\n                    setTimeout(function () {\r\n                        location.href = \"\/fr\/wp-json\/wp\/v2\/pages\/27612\";\r\n                    }, 1000);\r\n                }\r\n            }\r\n        });\r\n        return false;\r\n    });\r\n    \r\n    function showErr(msg) {\r\n        $('#loginform .wpdm-auth-alert.error').remove();\r\n        var html = '<div class=\"wpdm-auth-alert error\">' +\r\n            '<svg viewBox=\"0 0 24 24\" fill=\"none\" stroke=\"currentColor\" stroke-width=\"2\"><circle cx=\"12\" cy=\"12\" r=\"10\"\/><line x1=\"15\" y1=\"9\" x2=\"9\" y2=\"15\"\/><line x1=\"9\" y1=\"9\" x2=\"15\" y2=\"15\"\/><\/svg>' +\r\n            '<span>' + msg + '<\/span><\/div>';\r\n        $('#loginform').prepend(html);\r\n    }\r\n\r\n    $('body').on('click', '.wpdm-auth-alert.error', function(){\r\n        $(this).slideUp(150, function() { $(this).remove(); });\r\n    });\r\n});\r\n<\/script>\r\n\n\n","protected":false},"excerpt":{"rendered":"<p>La biblioth\u00e8que digitale avec de images pour la branche s\u00e9curit\u00e9 Inventez et cr\u00e9ez sans limites d&#8217;innombrables sc\u00e9narios avec la Safety<span class=\"excerpt-ellipsis\">&#8230;<\/span><\/p>\n","protected":false},"author":9,"featured_media":0,"parent":0,"menu_order":0,"comment_status":"closed","ping_status":"closed","template":"templates\/downloads.php","meta":{"footnotes":""},"class_list":["post-27612","page","type-page","status-publish","hentry"],"yoast_head":"<!-- This site is optimized with the Yoast SEO plugin v27.5 - https:\/\/yoast.com\/product\/yoast-seo-wordpress\/ -->\n<title>Safety Library - FireWare<\/title>\n<meta name=\"robots\" content=\"index, follow, max-snippet:-1, max-image-preview:large, max-video-preview:-1\" \/>\n<link rel=\"canonical\" href=\"https:\/\/fireware.nl\/fr\/safety-library\/\" \/>\n<meta property=\"og:locale\" content=\"fr_FR\" \/>\n<meta property=\"og:type\" content=\"article\" \/>\n<meta property=\"og:title\" content=\"Safety Library - FireWare\" \/>\n<meta property=\"og:description\" content=\"La biblioth\u00e8que digitale avec de images pour la branche s\u00e9curit\u00e9 Inventez et cr\u00e9ez sans limites d&#8217;innombrables sc\u00e9narios avec la Safety...\" \/>\n<meta property=\"og:url\" content=\"https:\/\/fireware.nl\/fr\/safety-library\/\" \/>\n<meta property=\"og:site_name\" content=\"FireWare\" \/>\n<meta property=\"article:publisher\" content=\"https:\/\/www.facebook.com\/FireWareBV\/\" \/>\n<meta property=\"article:modified_time\" content=\"2026-03-20T12:15:05+00:00\" \/>\n<meta property=\"og:image\" content=\"https:\/\/fireware.nl\/wp-content\/uploads\/2020\/10\/Safety-Library-3.jpg\" \/>\n<meta name=\"twitter:card\" content=\"summary_large_image\" \/>\n<meta name=\"twitter:site\" content=\"@FireWarebv\" \/>\n<meta name=\"twitter:label1\" content=\"Dur\u00e9e de lecture estim\u00e9e\" \/>\n\t<meta name=\"twitter:data1\" content=\"1 minute\" \/>\n<script type=\"application\/ld+json\" class=\"yoast-schema-graph\">{\"@context\":\"https:\\\/\\\/schema.org\",\"@graph\":[{\"@type\":\"WebPage\",\"@id\":\"https:\\\/\\\/fireware.nl\\\/fr\\\/safety-library\\\/\",\"url\":\"https:\\\/\\\/fireware.nl\\\/fr\\\/safety-library\\\/\",\"name\":\"Safety Library - FireWare\",\"isPartOf\":{\"@id\":\"https:\\\/\\\/fireware.nl\\\/fr\\\/#website\"},\"datePublished\":\"2019-03-07T10:18:41+00:00\",\"dateModified\":\"2026-03-20T12:15:05+00:00\",\"breadcrumb\":{\"@id\":\"https:\\\/\\\/fireware.nl\\\/fr\\\/safety-library\\\/#breadcrumb\"},\"inLanguage\":\"fr-FR\",\"potentialAction\":[{\"@type\":\"ReadAction\",\"target\":[\"https:\\\/\\\/fireware.nl\\\/fr\\\/safety-library\\\/\"]}]},{\"@type\":\"BreadcrumbList\",\"@id\":\"https:\\\/\\\/fireware.nl\\\/fr\\\/safety-library\\\/#breadcrumb\",\"itemListElement\":[{\"@type\":\"ListItem\",\"position\":1,\"name\":\"Home\",\"item\":\"https:\\\/\\\/fireware.nl\\\/fr\\\/\"},{\"@type\":\"ListItem\",\"position\":2,\"name\":\"Safety Library\"}]},{\"@type\":\"WebSite\",\"@id\":\"https:\\\/\\\/fireware.nl\\\/fr\\\/#website\",\"url\":\"https:\\\/\\\/fireware.nl\\\/fr\\\/\",\"name\":\"FireWare\",\"description\":\"CREATING REALISTIC  TRAINING ENVIRONMENTS\",\"publisher\":{\"@id\":\"https:\\\/\\\/fireware.nl\\\/fr\\\/#organization\"},\"potentialAction\":[{\"@type\":\"SearchAction\",\"target\":{\"@type\":\"EntryPoint\",\"urlTemplate\":\"https:\\\/\\\/fireware.nl\\\/fr\\\/?s={search_term_string}\"},\"query-input\":{\"@type\":\"PropertyValueSpecification\",\"valueRequired\":true,\"valueName\":\"search_term_string\"}}],\"inLanguage\":\"fr-FR\"},{\"@type\":\"Organization\",\"@id\":\"https:\\\/\\\/fireware.nl\\\/fr\\\/#organization\",\"name\":\"FireWare\",\"url\":\"https:\\\/\\\/fireware.nl\\\/fr\\\/\",\"logo\":{\"@type\":\"ImageObject\",\"inLanguage\":\"fr-FR\",\"@id\":\"https:\\\/\\\/fireware.nl\\\/fr\\\/#\\\/schema\\\/logo\\\/image\\\/\",\"url\":\"https:\\\/\\\/fireware.nl\\\/wp-content\\\/uploads\\\/2018\\\/10\\\/FireWare-logo.jpg\",\"contentUrl\":\"https:\\\/\\\/fireware.nl\\\/wp-content\\\/uploads\\\/2018\\\/10\\\/FireWare-logo.jpg\",\"width\":171,\"height\":70,\"caption\":\"FireWare\"},\"image\":{\"@id\":\"https:\\\/\\\/fireware.nl\\\/fr\\\/#\\\/schema\\\/logo\\\/image\\\/\"},\"sameAs\":[\"https:\\\/\\\/www.facebook.com\\\/FireWareBV\\\/\",\"https:\\\/\\\/x.com\\\/FireWarebv\",\"https:\\\/\\\/www.instagram.com\\\/fireware_nl\\\/\",\"https:\\\/\\\/www.linkedin.com\\\/company\\\/3586017\\\/\",\"https:\\\/\\\/www.youtube.com\\\/user\\\/firesalesrentconsult\"]}]}<\/script>\n<!-- \/ Yoast SEO plugin. -->","yoast_head_json":{"title":"Safety Library - FireWare","robots":{"index":"index","follow":"follow","max-snippet":"max-snippet:-1","max-image-preview":"max-image-preview:large","max-video-preview":"max-video-preview:-1"},"canonical":"https:\/\/fireware.nl\/fr\/safety-library\/","og_locale":"fr_FR","og_type":"article","og_title":"Safety Library - FireWare","og_description":"La biblioth\u00e8que digitale avec de images pour la branche s\u00e9curit\u00e9 Inventez et cr\u00e9ez sans limites d&#8217;innombrables sc\u00e9narios avec la Safety...","og_url":"https:\/\/fireware.nl\/fr\/safety-library\/","og_site_name":"FireWare","article_publisher":"https:\/\/www.facebook.com\/FireWareBV\/","article_modified_time":"2026-03-20T12:15:05+00:00","og_image":[{"url":"https:\/\/fireware.nl\/wp-content\/uploads\/2020\/10\/Safety-Library-3.jpg","type":"","width":"","height":""}],"twitter_card":"summary_large_image","twitter_site":"@FireWarebv","twitter_misc":{"Dur\u00e9e de lecture estim\u00e9e":"1 minute"},"schema":{"@context":"https:\/\/schema.org","@graph":[{"@type":"WebPage","@id":"https:\/\/fireware.nl\/fr\/safety-library\/","url":"https:\/\/fireware.nl\/fr\/safety-library\/","name":"Safety Library - FireWare","isPartOf":{"@id":"https:\/\/fireware.nl\/fr\/#website"},"datePublished":"2019-03-07T10:18:41+00:00","dateModified":"2026-03-20T12:15:05+00:00","breadcrumb":{"@id":"https:\/\/fireware.nl\/fr\/safety-library\/#breadcrumb"},"inLanguage":"fr-FR","potentialAction":[{"@type":"ReadAction","target":["https:\/\/fireware.nl\/fr\/safety-library\/"]}]},{"@type":"BreadcrumbList","@id":"https:\/\/fireware.nl\/fr\/safety-library\/#breadcrumb","itemListElement":[{"@type":"ListItem","position":1,"name":"Home","item":"https:\/\/fireware.nl\/fr\/"},{"@type":"ListItem","position":2,"name":"Safety Library"}]},{"@type":"WebSite","@id":"https:\/\/fireware.nl\/fr\/#website","url":"https:\/\/fireware.nl\/fr\/","name":"FireWare","description":"CREATING REALISTIC  TRAINING ENVIRONMENTS","publisher":{"@id":"https:\/\/fireware.nl\/fr\/#organization"},"potentialAction":[{"@type":"SearchAction","target":{"@type":"EntryPoint","urlTemplate":"https:\/\/fireware.nl\/fr\/?s={search_term_string}"},"query-input":{"@type":"PropertyValueSpecification","valueRequired":true,"valueName":"search_term_string"}}],"inLanguage":"fr-FR"},{"@type":"Organization","@id":"https:\/\/fireware.nl\/fr\/#organization","name":"FireWare","url":"https:\/\/fireware.nl\/fr\/","logo":{"@type":"ImageObject","inLanguage":"fr-FR","@id":"https:\/\/fireware.nl\/fr\/#\/schema\/logo\/image\/","url":"https:\/\/fireware.nl\/wp-content\/uploads\/2018\/10\/FireWare-logo.jpg","contentUrl":"https:\/\/fireware.nl\/wp-content\/uploads\/2018\/10\/FireWare-logo.jpg","width":171,"height":70,"caption":"FireWare"},"image":{"@id":"https:\/\/fireware.nl\/fr\/#\/schema\/logo\/image\/"},"sameAs":["https:\/\/www.facebook.com\/FireWareBV\/","https:\/\/x.com\/FireWarebv","https:\/\/www.instagram.com\/fireware_nl\/","https:\/\/www.linkedin.com\/company\/3586017\/","https:\/\/www.youtube.com\/user\/firesalesrentconsult"]}]}},"publishpress_future_action":{"enabled":false,"date":"2026-05-12 18:23:39","action":"change-status","newStatus":"draft","terms":[],"taxonomy":"translation_priority","extraData":[]},"publishpress_future_workflow_manual_trigger":{"enabledWorkflows":[]},"_links":{"self":[{"href":"https:\/\/fireware.nl\/fr\/wp-json\/wp\/v2\/pages\/27612","targetHints":{"allow":["GET"]}}],"collection":[{"href":"https:\/\/fireware.nl\/fr\/wp-json\/wp\/v2\/pages"}],"about":[{"href":"https:\/\/fireware.nl\/fr\/wp-json\/wp\/v2\/types\/page"}],"author":[{"embeddable":true,"href":"https:\/\/fireware.nl\/fr\/wp-json\/wp\/v2\/users\/9"}],"replies":[{"embeddable":true,"href":"https:\/\/fireware.nl\/fr\/wp-json\/wp\/v2\/comments?post=27612"}],"version-history":[{"count":2,"href":"https:\/\/fireware.nl\/fr\/wp-json\/wp\/v2\/pages\/27612\/revisions"}],"predecessor-version":[{"id":131428,"href":"https:\/\/fireware.nl\/fr\/wp-json\/wp\/v2\/pages\/27612\/revisions\/131428"}],"wp:attachment":[{"href":"https:\/\/fireware.nl\/fr\/wp-json\/wp\/v2\/media?parent=27612"}],"curies":[{"name":"wp","href":"https:\/\/api.w.org\/{rel}","templated":true}]}}