
{"id":29075,"date":"2019-04-09T14:49:29","date_gmt":"2019-04-09T14:49:29","guid":{"rendered":"https:\/\/fireware.nl\/conception\/plan-de-project\/"},"modified":"2019-04-09T14:51:54","modified_gmt":"2019-04-09T14:51:54","slug":"plan-de-project","status":"publish","type":"page","link":"https:\/\/fireware.nl\/fr\/conception\/plan-de-project\/","title":{"rendered":"Plan de project"},"content":{"rendered":"\n\t<p>Il arrive que l\u2019on veuille voir grand, mais qu\u2019on ait besoin d\u2019aide pour y arriver. Par exemple, le r\u00e9sultat envisag\u00e9 est clair comme le cristal, mais la route qui y m\u00e8ne reste voil\u00e9e. Ou bien le sc\u00e9nario est l\u00e0, mais sa r\u00e9alisation reste encore inconnue. L\u2019\u00e9quipe FireWare est tr\u00e8s dou\u00e9e en ce genre d\u2019assistance et vous aide volontiers \u00e0 r\u00e9aliser un tel projet. De la phase de brainstorming \u00e0 l\u2019\u00e9valuation du projet, en passant par tout autre aspect qui se pr\u00e9sente au cours du trajet.<\/p>\n<h2>Colla-cr\u00e9ation<\/h2>\n<p>Au sein de FireWare, chaque projet est r\u00e9alis\u00e9 par voie de colla-cr\u00e9ation. C\u2019est une forme de collaboration o\u00f9 tous les participants influencent le processus tout comme son r\u00e9sultat. Un projet ne s\u2019ach\u00e8ve qu\u2019\u00e0 l\u2019aide du savoir-faire et l\u2019exp\u00e9rience de chaque participant, non par les efforts d\u2019un seul acteur. De plus, la colla-cr\u00e9ation rend transparent le processus pour toutes les parties impliqu\u00e9es et ceci permet de marier les id\u00e9es et les possibilit\u00e9s pour venir \u00e0 un seul r\u00e9sultat satisfaisant.<\/p>\n<h2>Les phases du projet<\/h2>\n<p>Un projet d\u00e9bute toujours par une session brainstorming. Cette session peut s\u2019effectuer dans la salle d\u00e9di\u00e9e \u00e0 Wieringerwerf, ou bien dans vos locaux. La session brainstorming peut \u00eatre consid\u00e9r\u00e9e une partie int\u00e9grale de la <strong><em>phase initiale<\/em><\/strong>. On a mis le premier pas en avant pour arriver \u00e0 un nouveau d\u00e9veloppement ensemble. On a \u00e9chang\u00e9 des id\u00e9es par rapport \u00e0 la forme de ce nouveau d\u00e9veloppement.<\/p>\n<p>La session brainstorming inspir\u00e9e est suivie par la question : comment traduire les r\u00e9sultats de ce brainstorming en un r\u00e9sultat final captivant ? Quelles phases sont n\u00e9cessaires \u00e0 quel instant et quel est le planning\u00a0? Afin d\u2019assurer un trajet bien structur\u00e9, nos projets sont divis\u00e9s en des phases :<\/p>\n<ul>\n<li>La phase initiale : <em>qu\u2019est-ce que c\u2019est, ce projet ?<\/em><\/li>\n<li>La phase de d\u00e9finition : <em>quelles sont les demandes visant au r\u00e9sultat ?<\/em><\/li>\n<li>La phase de conception : <em>quel est le r\u00e9sultat envisag\u00e9 ?<\/em><\/li>\n<li>La phase de pr\u00e9paration : <em>que faire pour r\u00e9aliser le r\u00e9sultat envisag\u00e9 ?<\/em><\/li>\n<li>La phase de r\u00e9alisation : <em>on se met \u00e0 construire !<\/em><\/li>\n<li>La phase d\u2019apr\u00e8s-vente : <em>la maintenance et le contr\u00f4le de la solution<\/em><\/li>\n<\/ul>\n<p>Apr\u00e8s le brainstorming, il y a la <strong><em>phase de<\/em><\/strong> <strong><em>d\u00e9finition<\/em><\/strong>. Au cours de cette phase, le contenu du projet prend forme. Pensez par exemple \u00e0 un Programme de Demandes, le plan d\u2019administration, la grille tarifaire et le planning d\u2019ex\u00e9cution.<\/p>\n<p>La <strong><em>phase de<\/em><\/strong> <strong><em>conception<\/em><\/strong> est consacr\u00e9e \u00e0 la conception (d\u00e9finitive). Ceci prend forme en utilisant des croquis que l\u2019on discute. Il en va de soi que le budget, qui doit respecter les points de \u00a0d\u00e9part de la phase de d\u00e9finition, fait \u00e9galement partie int\u00e9grale de cette phase.<\/p>\n<p>La <strong><em>phase pr\u00e9paratoire<\/em><\/strong> sert \u00e0 pr\u00e9parer la phase de r\u00e9alisation, comme le fait deviner le nom. Il faut pensez \u00e0 des trajets d\u2019achat et de tender, et de rendre d\u00e9finitif le planning.<\/p>\n<p>Cette pr\u00e9paration finit par entrer dans la <strong><em>phase de r\u00e9alisation<\/em><\/strong>. On se met finalement \u00e0 la construction de la solution. Et si l\u2019on s\u2019est bien pr\u00e9par\u00e9, cette phase ne posait aucun probl\u00e8me !<\/p>\n<p>Finalement, il y a la <strong><em>phase d\u2019apr\u00e8s-vente<\/em><\/strong>. Cette phase r\u00e8gle la garantie, la maintenance et des petits ajustements \u00e9ventuels qui seront n\u00e9cessaire en r\u00e9trospectif.<\/p>\n<p>Curieux envers les projets que l\u2019on a effectu\u00e9s dans les derni\u00e8res ann\u00e9es ? <a href=\"https:\/\/fireware.nl\/fr\/portefeuille\/\">Cliquez-ici<\/a>.<\/p>\n<p>Vous avez une id\u00e9e super chouette\u00a0? Voulez-vous prendre rendez-vous pour un brainstorming ? <a href=\"https:\/\/fireware.nl\/fr\/contact\/\">Cliquez-ici<\/a>.<\/p>\n<p>&nbsp;<\/p>\n","protected":false},"excerpt":{"rendered":"<p>Il arrive que l\u2019on veuille voir grand, mais qu\u2019on ait besoin d\u2019aide pour y arriver. Par exemple, le r\u00e9sultat envisag\u00e9<span class=\"excerpt-ellipsis\">&#8230;<\/span><\/p>\n","protected":false},"author":9,"featured_media":0,"parent":10310,"menu_order":0,"comment_status":"closed","ping_status":"closed","template":"","meta":{"footnotes":""},"class_list":["post-29075","page","type-page","status-publish","hentry"],"yoast_head":"<!-- This site is optimized with the Yoast SEO plugin v27.5 - https:\/\/yoast.com\/product\/yoast-seo-wordpress\/ -->\n<title>Plan de project - FireWare<\/title>\n<meta name=\"robots\" content=\"index, follow, max-snippet:-1, max-image-preview:large, max-video-preview:-1\" \/>\n<link rel=\"canonical\" href=\"https:\/\/fireware.nl\/fr\/conception\/plan-de-project\/\" \/>\n<meta property=\"og:locale\" content=\"fr_FR\" \/>\n<meta property=\"og:type\" content=\"article\" \/>\n<meta property=\"og:title\" content=\"Plan de project - FireWare\" \/>\n<meta property=\"og:description\" content=\"Il arrive que l\u2019on veuille voir grand, mais qu\u2019on ait besoin d\u2019aide pour y arriver. Par exemple, le r\u00e9sultat envisag\u00e9...\" \/>\n<meta property=\"og:url\" content=\"https:\/\/fireware.nl\/fr\/conception\/plan-de-project\/\" \/>\n<meta property=\"og:site_name\" content=\"FireWare\" \/>\n<meta property=\"article:publisher\" content=\"https:\/\/www.facebook.com\/FireWareBV\/\" \/>\n<meta property=\"article:modified_time\" content=\"2019-04-09T14:51:54+00:00\" \/>\n<meta name=\"twitter:card\" content=\"summary_large_image\" \/>\n<meta name=\"twitter:site\" content=\"@FireWarebv\" \/>\n<meta name=\"twitter:label1\" content=\"Dur\u00e9e de lecture estim\u00e9e\" \/>\n\t<meta name=\"twitter:data1\" content=\"3 minutes\" \/>\n<script type=\"application\/ld+json\" class=\"yoast-schema-graph\">{\"@context\":\"https:\\\/\\\/schema.org\",\"@graph\":[{\"@type\":\"WebPage\",\"@id\":\"https:\\\/\\\/fireware.nl\\\/fr\\\/conception\\\/plan-de-project\\\/\",\"url\":\"https:\\\/\\\/fireware.nl\\\/fr\\\/conception\\\/plan-de-project\\\/\",\"name\":\"Plan de project - FireWare\",\"isPartOf\":{\"@id\":\"https:\\\/\\\/fireware.nl\\\/fr\\\/#website\"},\"datePublished\":\"2019-04-09T14:49:29+00:00\",\"dateModified\":\"2019-04-09T14:51:54+00:00\",\"breadcrumb\":{\"@id\":\"https:\\\/\\\/fireware.nl\\\/fr\\\/conception\\\/plan-de-project\\\/#breadcrumb\"},\"inLanguage\":\"fr-FR\",\"potentialAction\":[{\"@type\":\"ReadAction\",\"target\":[\"https:\\\/\\\/fireware.nl\\\/fr\\\/conception\\\/plan-de-project\\\/\"]}]},{\"@type\":\"BreadcrumbList\",\"@id\":\"https:\\\/\\\/fireware.nl\\\/fr\\\/conception\\\/plan-de-project\\\/#breadcrumb\",\"itemListElement\":[{\"@type\":\"ListItem\",\"position\":1,\"name\":\"Home\",\"item\":\"https:\\\/\\\/fireware.nl\\\/fr\\\/\"},{\"@type\":\"ListItem\",\"position\":2,\"name\":\"Conception\",\"item\":\"https:\\\/\\\/fireware.nl\\\/fr\\\/conception\\\/\"},{\"@type\":\"ListItem\",\"position\":3,\"name\":\"Plan de project\"}]},{\"@type\":\"WebSite\",\"@id\":\"https:\\\/\\\/fireware.nl\\\/fr\\\/#website\",\"url\":\"https:\\\/\\\/fireware.nl\\\/fr\\\/\",\"name\":\"FireWare\",\"description\":\"CREATING REALISTIC  TRAINING ENVIRONMENTS\",\"publisher\":{\"@id\":\"https:\\\/\\\/fireware.nl\\\/fr\\\/#organization\"},\"potentialAction\":[{\"@type\":\"SearchAction\",\"target\":{\"@type\":\"EntryPoint\",\"urlTemplate\":\"https:\\\/\\\/fireware.nl\\\/fr\\\/?s={search_term_string}\"},\"query-input\":{\"@type\":\"PropertyValueSpecification\",\"valueRequired\":true,\"valueName\":\"search_term_string\"}}],\"inLanguage\":\"fr-FR\"},{\"@type\":\"Organization\",\"@id\":\"https:\\\/\\\/fireware.nl\\\/fr\\\/#organization\",\"name\":\"FireWare\",\"url\":\"https:\\\/\\\/fireware.nl\\\/fr\\\/\",\"logo\":{\"@type\":\"ImageObject\",\"inLanguage\":\"fr-FR\",\"@id\":\"https:\\\/\\\/fireware.nl\\\/fr\\\/#\\\/schema\\\/logo\\\/image\\\/\",\"url\":\"https:\\\/\\\/fireware.nl\\\/wp-content\\\/uploads\\\/2018\\\/10\\\/FireWare-logo.jpg\",\"contentUrl\":\"https:\\\/\\\/fireware.nl\\\/wp-content\\\/uploads\\\/2018\\\/10\\\/FireWare-logo.jpg\",\"width\":171,\"height\":70,\"caption\":\"FireWare\"},\"image\":{\"@id\":\"https:\\\/\\\/fireware.nl\\\/fr\\\/#\\\/schema\\\/logo\\\/image\\\/\"},\"sameAs\":[\"https:\\\/\\\/www.facebook.com\\\/FireWareBV\\\/\",\"https:\\\/\\\/x.com\\\/FireWarebv\",\"https:\\\/\\\/www.instagram.com\\\/fireware_nl\\\/\",\"https:\\\/\\\/www.linkedin.com\\\/company\\\/3586017\\\/\",\"https:\\\/\\\/www.youtube.com\\\/user\\\/firesalesrentconsult\"]}]}<\/script>\n<!-- \/ Yoast SEO plugin. -->","yoast_head_json":{"title":"Plan de project - FireWare","robots":{"index":"index","follow":"follow","max-snippet":"max-snippet:-1","max-image-preview":"max-image-preview:large","max-video-preview":"max-video-preview:-1"},"canonical":"https:\/\/fireware.nl\/fr\/conception\/plan-de-project\/","og_locale":"fr_FR","og_type":"article","og_title":"Plan de project - FireWare","og_description":"Il arrive que l\u2019on veuille voir grand, mais qu\u2019on ait besoin d\u2019aide pour y arriver. Par exemple, le r\u00e9sultat envisag\u00e9...","og_url":"https:\/\/fireware.nl\/fr\/conception\/plan-de-project\/","og_site_name":"FireWare","article_publisher":"https:\/\/www.facebook.com\/FireWareBV\/","article_modified_time":"2019-04-09T14:51:54+00:00","twitter_card":"summary_large_image","twitter_site":"@FireWarebv","twitter_misc":{"Dur\u00e9e de lecture estim\u00e9e":"3 minutes"},"schema":{"@context":"https:\/\/schema.org","@graph":[{"@type":"WebPage","@id":"https:\/\/fireware.nl\/fr\/conception\/plan-de-project\/","url":"https:\/\/fireware.nl\/fr\/conception\/plan-de-project\/","name":"Plan de project - FireWare","isPartOf":{"@id":"https:\/\/fireware.nl\/fr\/#website"},"datePublished":"2019-04-09T14:49:29+00:00","dateModified":"2019-04-09T14:51:54+00:00","breadcrumb":{"@id":"https:\/\/fireware.nl\/fr\/conception\/plan-de-project\/#breadcrumb"},"inLanguage":"fr-FR","potentialAction":[{"@type":"ReadAction","target":["https:\/\/fireware.nl\/fr\/conception\/plan-de-project\/"]}]},{"@type":"BreadcrumbList","@id":"https:\/\/fireware.nl\/fr\/conception\/plan-de-project\/#breadcrumb","itemListElement":[{"@type":"ListItem","position":1,"name":"Home","item":"https:\/\/fireware.nl\/fr\/"},{"@type":"ListItem","position":2,"name":"Conception","item":"https:\/\/fireware.nl\/fr\/conception\/"},{"@type":"ListItem","position":3,"name":"Plan de project"}]},{"@type":"WebSite","@id":"https:\/\/fireware.nl\/fr\/#website","url":"https:\/\/fireware.nl\/fr\/","name":"FireWare","description":"CREATING REALISTIC  TRAINING ENVIRONMENTS","publisher":{"@id":"https:\/\/fireware.nl\/fr\/#organization"},"potentialAction":[{"@type":"SearchAction","target":{"@type":"EntryPoint","urlTemplate":"https:\/\/fireware.nl\/fr\/?s={search_term_string}"},"query-input":{"@type":"PropertyValueSpecification","valueRequired":true,"valueName":"search_term_string"}}],"inLanguage":"fr-FR"},{"@type":"Organization","@id":"https:\/\/fireware.nl\/fr\/#organization","name":"FireWare","url":"https:\/\/fireware.nl\/fr\/","logo":{"@type":"ImageObject","inLanguage":"fr-FR","@id":"https:\/\/fireware.nl\/fr\/#\/schema\/logo\/image\/","url":"https:\/\/fireware.nl\/wp-content\/uploads\/2018\/10\/FireWare-logo.jpg","contentUrl":"https:\/\/fireware.nl\/wp-content\/uploads\/2018\/10\/FireWare-logo.jpg","width":171,"height":70,"caption":"FireWare"},"image":{"@id":"https:\/\/fireware.nl\/fr\/#\/schema\/logo\/image\/"},"sameAs":["https:\/\/www.facebook.com\/FireWareBV\/","https:\/\/x.com\/FireWarebv","https:\/\/www.instagram.com\/fireware_nl\/","https:\/\/www.linkedin.com\/company\/3586017\/","https:\/\/www.youtube.com\/user\/firesalesrentconsult"]}]}},"publishpress_future_action":{"enabled":false,"date":"2026-05-12 18:23:39","action":"change-status","newStatus":"draft","terms":[],"taxonomy":"translation_priority","extraData":[]},"publishpress_future_workflow_manual_trigger":{"enabledWorkflows":[]},"_links":{"self":[{"href":"https:\/\/fireware.nl\/fr\/wp-json\/wp\/v2\/pages\/29075","targetHints":{"allow":["GET"]}}],"collection":[{"href":"https:\/\/fireware.nl\/fr\/wp-json\/wp\/v2\/pages"}],"about":[{"href":"https:\/\/fireware.nl\/fr\/wp-json\/wp\/v2\/types\/page"}],"author":[{"embeddable":true,"href":"https:\/\/fireware.nl\/fr\/wp-json\/wp\/v2\/users\/9"}],"replies":[{"embeddable":true,"href":"https:\/\/fireware.nl\/fr\/wp-json\/wp\/v2\/comments?post=29075"}],"version-history":[{"count":0,"href":"https:\/\/fireware.nl\/fr\/wp-json\/wp\/v2\/pages\/29075\/revisions"}],"up":[{"embeddable":true,"href":"https:\/\/fireware.nl\/fr\/wp-json\/wp\/v2\/pages\/10310"}],"wp:attachment":[{"href":"https:\/\/fireware.nl\/fr\/wp-json\/wp\/v2\/media?parent=29075"}],"curies":[{"name":"wp","href":"https:\/\/api.w.org\/{rel}","templated":true}]}}