
{"id":39961,"date":"2020-03-04T10:57:56","date_gmt":"2020-03-04T10:57:56","guid":{"rendered":"https:\/\/fireware.nl\/plateforme-de-connaissances\/catalogues\/"},"modified":"2022-06-14T09:54:04","modified_gmt":"2022-06-14T09:54:04","slug":"catalogues","status":"publish","type":"page","link":"https:\/\/fireware.nl\/fr\/simulation-academy\/catalogues\/","title":{"rendered":"Catalogues"},"content":{"rendered":"\r\n<p><img loading=\"lazy\" decoding=\"async\" title=\"Digital Brochure\" src=\"https:\/\/fireware.nl\/wp-content\/uploads\/2022\/01\/Digital-Brochure.jpg\" alt=\"Digital Brochure\" width=\"2200\" height=\"800\" \/><\/p>\r\n<p><strong>D\u00e9couvrez notre catalogue sans papier sur tablette, smartphone ou PC. De cette fa\u00e7on, vous aurez toujours notre catalogue \u00e0 port\u00e9e de main, \u00e9conomisez votre papier et contribuez \u00e0 un meilleur environnement.<\/strong><\/p>\r\n<h2>T\u00e9l\u00e9chargez gratuitement le catalogue FireWare<\/h2>\r\n<p>Nous proposons le catalogue FireWare (version anglaise) en t\u00e9l\u00e9chargement gratuit. En laissant vos coordonn\u00e9es, vous acceptez que nous vous ajoutions \u00e0 notre liste de diffusion.<\/p>\r\n","protected":false},"excerpt":{"rendered":"<p>D\u00e9couvrez notre catalogue sans papier sur tablette, smartphone ou PC. De cette fa\u00e7on, vous aurez toujours notre catalogue \u00e0 port\u00e9e<span class=\"excerpt-ellipsis\">&#8230;<\/span><\/p>\n","protected":false},"author":9,"featured_media":39870,"parent":39886,"menu_order":0,"comment_status":"closed","ping_status":"closed","template":"","meta":{"footnotes":""},"class_list":["post-39961","page","type-page","status-publish","has-post-thumbnail","hentry"],"yoast_head":"<!-- This site is optimized with the Yoast SEO plugin v27.5 - https:\/\/yoast.com\/product\/yoast-seo-wordpress\/ -->\n<title>Catalogues - FireWare<\/title>\n<meta name=\"robots\" content=\"index, follow, max-snippet:-1, max-image-preview:large, max-video-preview:-1\" \/>\n<link rel=\"canonical\" href=\"https:\/\/fireware.nl\/fr\/simulation-academy\/catalogues\/\" \/>\n<meta property=\"og:locale\" content=\"fr_FR\" \/>\n<meta property=\"og:type\" content=\"article\" \/>\n<meta property=\"og:title\" content=\"Catalogues - FireWare\" \/>\n<meta property=\"og:description\" content=\"D\u00e9couvrez notre catalogue sans papier sur tablette, smartphone ou PC. De cette fa\u00e7on, vous aurez toujours notre catalogue \u00e0 port\u00e9e...\" \/>\n<meta property=\"og:url\" content=\"https:\/\/fireware.nl\/fr\/simulation-academy\/catalogues\/\" \/>\n<meta property=\"og:site_name\" content=\"FireWare\" \/>\n<meta property=\"article:publisher\" content=\"https:\/\/www.facebook.com\/FireWareBV\/\" \/>\n<meta property=\"article:modified_time\" content=\"2022-06-14T09:54:04+00:00\" \/>\n<meta property=\"og:image\" content=\"https:\/\/fireware.nl\/wp-content\/uploads\/2020\/03\/Catalogus-NL.jpg\" \/>\n\t<meta property=\"og:image:width\" content=\"2200\" \/>\n\t<meta property=\"og:image:height\" content=\"800\" \/>\n\t<meta property=\"og:image:type\" content=\"image\/jpeg\" \/>\n<meta name=\"twitter:card\" content=\"summary_large_image\" \/>\n<meta name=\"twitter:site\" content=\"@FireWarebv\" \/>\n<script type=\"application\/ld+json\" class=\"yoast-schema-graph\">{\"@context\":\"https:\\\/\\\/schema.org\",\"@graph\":[{\"@type\":\"WebPage\",\"@id\":\"https:\\\/\\\/fireware.nl\\\/fr\\\/simulation-academy\\\/catalogues\\\/\",\"url\":\"https:\\\/\\\/fireware.nl\\\/fr\\\/simulation-academy\\\/catalogues\\\/\",\"name\":\"Catalogues - FireWare\",\"isPartOf\":{\"@id\":\"https:\\\/\\\/fireware.nl\\\/fr\\\/#website\"},\"primaryImageOfPage\":{\"@id\":\"https:\\\/\\\/fireware.nl\\\/fr\\\/simulation-academy\\\/catalogues\\\/#primaryimage\"},\"image\":{\"@id\":\"https:\\\/\\\/fireware.nl\\\/fr\\\/simulation-academy\\\/catalogues\\\/#primaryimage\"},\"thumbnailUrl\":\"https:\\\/\\\/fireware.nl\\\/wp-content\\\/uploads\\\/2020\\\/03\\\/Catalogus-NL.jpg\",\"datePublished\":\"2020-03-04T10:57:56+00:00\",\"dateModified\":\"2022-06-14T09:54:04+00:00\",\"breadcrumb\":{\"@id\":\"https:\\\/\\\/fireware.nl\\\/fr\\\/simulation-academy\\\/catalogues\\\/#breadcrumb\"},\"inLanguage\":\"fr-FR\",\"potentialAction\":[{\"@type\":\"ReadAction\",\"target\":[\"https:\\\/\\\/fireware.nl\\\/fr\\\/simulation-academy\\\/catalogues\\\/\"]}]},{\"@type\":\"ImageObject\",\"inLanguage\":\"fr-FR\",\"@id\":\"https:\\\/\\\/fireware.nl\\\/fr\\\/simulation-academy\\\/catalogues\\\/#primaryimage\",\"url\":\"https:\\\/\\\/fireware.nl\\\/wp-content\\\/uploads\\\/2020\\\/03\\\/Catalogus-NL.jpg\",\"contentUrl\":\"https:\\\/\\\/fireware.nl\\\/wp-content\\\/uploads\\\/2020\\\/03\\\/Catalogus-NL.jpg\",\"width\":2200,\"height\":800},{\"@type\":\"BreadcrumbList\",\"@id\":\"https:\\\/\\\/fireware.nl\\\/fr\\\/simulation-academy\\\/catalogues\\\/#breadcrumb\",\"itemListElement\":[{\"@type\":\"ListItem\",\"position\":1,\"name\":\"Home\",\"item\":\"https:\\\/\\\/fireware.nl\\\/fr\\\/\"},{\"@type\":\"ListItem\",\"position\":2,\"name\":\"Simulation Academy\",\"item\":\"https:\\\/\\\/fireware.nl\\\/fr\\\/simulation-academy\\\/\"},{\"@type\":\"ListItem\",\"position\":3,\"name\":\"Catalogues\"}]},{\"@type\":\"WebSite\",\"@id\":\"https:\\\/\\\/fireware.nl\\\/fr\\\/#website\",\"url\":\"https:\\\/\\\/fireware.nl\\\/fr\\\/\",\"name\":\"FireWare\",\"description\":\"CREATING REALISTIC  TRAINING ENVIRONMENTS\",\"publisher\":{\"@id\":\"https:\\\/\\\/fireware.nl\\\/fr\\\/#organization\"},\"potentialAction\":[{\"@type\":\"SearchAction\",\"target\":{\"@type\":\"EntryPoint\",\"urlTemplate\":\"https:\\\/\\\/fireware.nl\\\/fr\\\/?s={search_term_string}\"},\"query-input\":{\"@type\":\"PropertyValueSpecification\",\"valueRequired\":true,\"valueName\":\"search_term_string\"}}],\"inLanguage\":\"fr-FR\"},{\"@type\":\"Organization\",\"@id\":\"https:\\\/\\\/fireware.nl\\\/fr\\\/#organization\",\"name\":\"FireWare\",\"url\":\"https:\\\/\\\/fireware.nl\\\/fr\\\/\",\"logo\":{\"@type\":\"ImageObject\",\"inLanguage\":\"fr-FR\",\"@id\":\"https:\\\/\\\/fireware.nl\\\/fr\\\/#\\\/schema\\\/logo\\\/image\\\/\",\"url\":\"https:\\\/\\\/fireware.nl\\\/wp-content\\\/uploads\\\/2018\\\/10\\\/FireWare-logo.jpg\",\"contentUrl\":\"https:\\\/\\\/fireware.nl\\\/wp-content\\\/uploads\\\/2018\\\/10\\\/FireWare-logo.jpg\",\"width\":171,\"height\":70,\"caption\":\"FireWare\"},\"image\":{\"@id\":\"https:\\\/\\\/fireware.nl\\\/fr\\\/#\\\/schema\\\/logo\\\/image\\\/\"},\"sameAs\":[\"https:\\\/\\\/www.facebook.com\\\/FireWareBV\\\/\",\"https:\\\/\\\/x.com\\\/FireWarebv\",\"https:\\\/\\\/www.instagram.com\\\/fireware_nl\\\/\",\"https:\\\/\\\/www.linkedin.com\\\/company\\\/3586017\\\/\",\"https:\\\/\\\/www.youtube.com\\\/user\\\/firesalesrentconsult\"]}]}<\/script>\n<!-- \/ Yoast SEO plugin. -->","yoast_head_json":{"title":"Catalogues - FireWare","robots":{"index":"index","follow":"follow","max-snippet":"max-snippet:-1","max-image-preview":"max-image-preview:large","max-video-preview":"max-video-preview:-1"},"canonical":"https:\/\/fireware.nl\/fr\/simulation-academy\/catalogues\/","og_locale":"fr_FR","og_type":"article","og_title":"Catalogues - FireWare","og_description":"D\u00e9couvrez notre catalogue sans papier sur tablette, smartphone ou PC. De cette fa\u00e7on, vous aurez toujours notre catalogue \u00e0 port\u00e9e...","og_url":"https:\/\/fireware.nl\/fr\/simulation-academy\/catalogues\/","og_site_name":"FireWare","article_publisher":"https:\/\/www.facebook.com\/FireWareBV\/","article_modified_time":"2022-06-14T09:54:04+00:00","og_image":[{"width":2200,"height":800,"url":"https:\/\/fireware.nl\/wp-content\/uploads\/2020\/03\/Catalogus-NL.jpg","type":"image\/jpeg"}],"twitter_card":"summary_large_image","twitter_site":"@FireWarebv","schema":{"@context":"https:\/\/schema.org","@graph":[{"@type":"WebPage","@id":"https:\/\/fireware.nl\/fr\/simulation-academy\/catalogues\/","url":"https:\/\/fireware.nl\/fr\/simulation-academy\/catalogues\/","name":"Catalogues - FireWare","isPartOf":{"@id":"https:\/\/fireware.nl\/fr\/#website"},"primaryImageOfPage":{"@id":"https:\/\/fireware.nl\/fr\/simulation-academy\/catalogues\/#primaryimage"},"image":{"@id":"https:\/\/fireware.nl\/fr\/simulation-academy\/catalogues\/#primaryimage"},"thumbnailUrl":"https:\/\/fireware.nl\/wp-content\/uploads\/2020\/03\/Catalogus-NL.jpg","datePublished":"2020-03-04T10:57:56+00:00","dateModified":"2022-06-14T09:54:04+00:00","breadcrumb":{"@id":"https:\/\/fireware.nl\/fr\/simulation-academy\/catalogues\/#breadcrumb"},"inLanguage":"fr-FR","potentialAction":[{"@type":"ReadAction","target":["https:\/\/fireware.nl\/fr\/simulation-academy\/catalogues\/"]}]},{"@type":"ImageObject","inLanguage":"fr-FR","@id":"https:\/\/fireware.nl\/fr\/simulation-academy\/catalogues\/#primaryimage","url":"https:\/\/fireware.nl\/wp-content\/uploads\/2020\/03\/Catalogus-NL.jpg","contentUrl":"https:\/\/fireware.nl\/wp-content\/uploads\/2020\/03\/Catalogus-NL.jpg","width":2200,"height":800},{"@type":"BreadcrumbList","@id":"https:\/\/fireware.nl\/fr\/simulation-academy\/catalogues\/#breadcrumb","itemListElement":[{"@type":"ListItem","position":1,"name":"Home","item":"https:\/\/fireware.nl\/fr\/"},{"@type":"ListItem","position":2,"name":"Simulation Academy","item":"https:\/\/fireware.nl\/fr\/simulation-academy\/"},{"@type":"ListItem","position":3,"name":"Catalogues"}]},{"@type":"WebSite","@id":"https:\/\/fireware.nl\/fr\/#website","url":"https:\/\/fireware.nl\/fr\/","name":"FireWare","description":"CREATING REALISTIC  TRAINING ENVIRONMENTS","publisher":{"@id":"https:\/\/fireware.nl\/fr\/#organization"},"potentialAction":[{"@type":"SearchAction","target":{"@type":"EntryPoint","urlTemplate":"https:\/\/fireware.nl\/fr\/?s={search_term_string}"},"query-input":{"@type":"PropertyValueSpecification","valueRequired":true,"valueName":"search_term_string"}}],"inLanguage":"fr-FR"},{"@type":"Organization","@id":"https:\/\/fireware.nl\/fr\/#organization","name":"FireWare","url":"https:\/\/fireware.nl\/fr\/","logo":{"@type":"ImageObject","inLanguage":"fr-FR","@id":"https:\/\/fireware.nl\/fr\/#\/schema\/logo\/image\/","url":"https:\/\/fireware.nl\/wp-content\/uploads\/2018\/10\/FireWare-logo.jpg","contentUrl":"https:\/\/fireware.nl\/wp-content\/uploads\/2018\/10\/FireWare-logo.jpg","width":171,"height":70,"caption":"FireWare"},"image":{"@id":"https:\/\/fireware.nl\/fr\/#\/schema\/logo\/image\/"},"sameAs":["https:\/\/www.facebook.com\/FireWareBV\/","https:\/\/x.com\/FireWarebv","https:\/\/www.instagram.com\/fireware_nl\/","https:\/\/www.linkedin.com\/company\/3586017\/","https:\/\/www.youtube.com\/user\/firesalesrentconsult"]}]}},"publishpress_future_action":{"enabled":false,"date":"2026-05-12 18:23:41","action":"change-status","newStatus":"draft","terms":[],"taxonomy":"translation_priority","extraData":[]},"publishpress_future_workflow_manual_trigger":{"enabledWorkflows":[]},"_links":{"self":[{"href":"https:\/\/fireware.nl\/fr\/wp-json\/wp\/v2\/pages\/39961","targetHints":{"allow":["GET"]}}],"collection":[{"href":"https:\/\/fireware.nl\/fr\/wp-json\/wp\/v2\/pages"}],"about":[{"href":"https:\/\/fireware.nl\/fr\/wp-json\/wp\/v2\/types\/page"}],"author":[{"embeddable":true,"href":"https:\/\/fireware.nl\/fr\/wp-json\/wp\/v2\/users\/9"}],"replies":[{"embeddable":true,"href":"https:\/\/fireware.nl\/fr\/wp-json\/wp\/v2\/comments?post=39961"}],"version-history":[{"count":0,"href":"https:\/\/fireware.nl\/fr\/wp-json\/wp\/v2\/pages\/39961\/revisions"}],"up":[{"embeddable":true,"href":"https:\/\/fireware.nl\/fr\/wp-json\/wp\/v2\/pages\/39886"}],"wp:featuredmedia":[{"embeddable":true,"href":"https:\/\/fireware.nl\/fr\/wp-json\/wp\/v2\/media\/39870"}],"wp:attachment":[{"href":"https:\/\/fireware.nl\/fr\/wp-json\/wp\/v2\/media?parent=39961"}],"curies":[{"name":"wp","href":"https:\/\/api.w.org\/{rel}","templated":true}]}}