
{"id":58316,"date":"2021-03-15T12:46:01","date_gmt":"2021-03-15T12:46:01","guid":{"rendered":"https:\/\/fireware.nl\/conception\/le-studio-de-fireware\/"},"modified":"2021-03-15T12:48:44","modified_gmt":"2021-03-15T12:48:44","slug":"le-studio-de-fireware","status":"publish","type":"page","link":"https:\/\/fireware.nl\/fr\/conception\/le-studio-de-fireware\/","title":{"rendered":"Le studio de FireWare"},"content":{"rendered":"\n\n\t\t\t\t<img loading=\"lazy\" decoding=\"async\" src=\"https:\/\/fireware.nl\/wp-content\/uploads\/2020\/09\/FireWare-studio.jpg\" alt=\"FireWare studio\" itemprop=\"image\" height=\"800\" width=\"2200\" title=\"FireWare studio\" onerror=\"this.style.display='none'\"  \/>\n\t\n\t\t\t\t<img loading=\"lazy\" decoding=\"async\" src=\"https:\/\/fireware.nl\/wp-content\/uploads\/2020\/09\/Studio-Melissa.jpg\" alt=\"Studio Melissa\" itemprop=\"image\" height=\"800\" width=\"800\" title=\"Studio Melissa\" onerror=\"this.style.display='none'\"  \/>\n\t<h2>Voici \u00e0 quoi vous pourrez vous attendre\u00a0:<\/h2>\n<ul>\n<li>un studio spacieux o\u00f9 vous pourrez travailler tout en gardant les distances<\/li>\n<li>des enregistrements dans un environnement avec votre style graphique\u00a0: couleurs, logos, compte \u00e0 rebours et image finale<\/li>\n<li>d\u00e9cors virtuels au moyen d&#8217;un greenscreen et d&#8217;un bluescreen<\/li>\n<li>son cristallin et microphones sans fil<\/li>\n<li>un dialogue avec votre public, via votre propre vid\u00e9oserveur<\/li>\n<li>commutation en direct entre jusqu&#8217;\u00e0 5 cam\u00e9ras HD par notre technicien de commutation<\/li>\n<li>utilisation de cam\u00e9ras 360\u00b0 et en 3D<\/li>\n<li>un mod\u00e9rateur qui dirige votre session num\u00e9rique<\/li>\n<li>suffisamment de largeur de bande \u00e0 l&#8217;aide de deux connexions \u00e0 fibre optique<\/li>\n<li>les sessions num\u00e9riques sont enregistr\u00e9es (\u00e0 la fin de la session, ces enregistrements vous sont remis)<\/li>\n<li>notre \u00e9quipe de conception est pr\u00e9sente pour la finition des enregistrements<\/li>\n<li>mise \u00e0 disposition d&#8217;une cabine d&#8217;enregistrement sonore et d&#8217;une table de photos des produits.<\/li>\n<li>caf\u00e9, th\u00e9, boissons non-alcooliques \u00e0 volont\u00e9, nettoyage gratuit<\/li>\n<li>possibilit\u00e9 de parking \u00e0 proximit\u00e9, sans application mobile<\/li>\n<li>Vous \u00eates int\u00e9ress\u00e9\u00a0? T\u00e9l\u00e9chargez notre offre<\/li>\n<\/ul>\n\t<h2>Vous \u00eates int\u00e9ress\u00e9 ?<\/h2>\n\t<p>\u00cates-vous int\u00e9ress\u00e9 par l&#8217;utilisation du studio de FireWare\u00a0? Pour la location de notre studio, nous vous proposons plusieurs options. Par exemple, nous avons \u00e9labor\u00e9 pour vous des packages tr\u00e8s pratiques. Vous savez ainsi exactement o\u00f9 vous en \u00eates, sans aucune surprise. Vous avez des questions ou vous voulez en savoir plus sur les possibilit\u00e9s\u00a0? Appelez-nous Nous nous ferons un plaisir de r\u00e9pondre \u00e0 vos questions.<\/p>\n\t\t\t\t<a href=\"https:\/\/fireware.nl\/wp-content\/uploads\/2020\/10\/Illustraties-1.jpg\" target=\"_self\" itemprop=\"url\" rel=\"noopener\">\n\t\t\t\t<img loading=\"lazy\" decoding=\"async\" src=\"https:\/\/fireware.nl\/wp-content\/uploads\/2020\/10\/Illustraties-1.jpg\" alt=\"Illustraties\" itemprop=\"image\" height=\"400\" width=\"715\" title=\"Illustraties\" onerror=\"this.style.display='none'\"  \/>\n\t\t\t\t<\/a>\n\t\t\t\t<a href=\"https:\/\/fireware.nl\/wp-content\/uploads\/2020\/10\/Klussen.jpg\" target=\"_self\" itemprop=\"url\" rel=\"noopener\">\n\t\t\t\t<img loading=\"lazy\" decoding=\"async\" src=\"https:\/\/fireware.nl\/wp-content\/uploads\/2020\/10\/Klussen.jpg\" alt=\"Klussen\" itemprop=\"image\" height=\"400\" width=\"715\" title=\"Klussen\" onerror=\"this.style.display='none'\"  \/>\n\t\t\t\t<\/a>\n\t\t\t\t<a href=\"https:\/\/fireware.nl\/wp-content\/uploads\/2020\/10\/Fototafel.jpg\" target=\"_self\" itemprop=\"url\" rel=\"noopener\">\n\t\t\t\t<img loading=\"lazy\" decoding=\"async\" src=\"https:\/\/fireware.nl\/wp-content\/uploads\/2020\/10\/Fototafel.jpg\" alt=\"Fototafel\" itemprop=\"image\" height=\"400\" width=\"715\" title=\"Fototafel\" onerror=\"this.style.display='none'\"  \/>\n\t\t\t\t<\/a>\n\t\t\t\t<a href=\"https:\/\/fireware.nl\/wp-content\/uploads\/2020\/10\/Lego-tafel.jpg\" target=\"_self\" itemprop=\"url\" rel=\"noopener\">\n\t\t\t\t<img loading=\"lazy\" decoding=\"async\" src=\"https:\/\/fireware.nl\/wp-content\/uploads\/2020\/10\/Lego-tafel.jpg\" alt=\"Lego tafel\" itemprop=\"image\" height=\"400\" width=\"715\" title=\"Lego tafel\" onerror=\"this.style.display='none'\"  \/>\n\t\t\t\t<\/a>\n\t\t\t\t<a href=\"https:\/\/fireware.nl\/wp-content\/uploads\/2020\/10\/Geluidsstudio.jpg\" target=\"_self\" itemprop=\"url\" rel=\"noopener\">\n\t\t\t\t<img loading=\"lazy\" decoding=\"async\" src=\"https:\/\/fireware.nl\/wp-content\/uploads\/2020\/10\/Geluidsstudio.jpg\" alt=\"Geluidsstudio\" itemprop=\"image\" height=\"400\" width=\"715\" title=\"Geluidsstudio\" onerror=\"this.style.display='none'\"  \/>\n\t\t\t\t<\/a>\n\t\t\t\t<a href=\"https:\/\/fireware.nl\/wp-content\/uploads\/2020\/10\/Greenscreen.jpg\" target=\"_self\" itemprop=\"url\" rel=\"noopener\">\n\t\t\t\t<img loading=\"lazy\" decoding=\"async\" src=\"https:\/\/fireware.nl\/wp-content\/uploads\/2020\/10\/Greenscreen.jpg\" alt=\"Greenscreen\" itemprop=\"image\" height=\"400\" width=\"715\" title=\"Greenscreen\" onerror=\"this.style.display='none'\"  \/>\n\t\t\t\t<\/a>\n\n","protected":false},"excerpt":{"rendered":"<p>Voici \u00e0 quoi vous pourrez vous attendre\u00a0: un studio spacieux o\u00f9 vous pourrez travailler tout en gardant les distances des<span class=\"excerpt-ellipsis\">&#8230;<\/span><\/p>\n","protected":false},"author":9,"featured_media":0,"parent":10310,"menu_order":0,"comment_status":"closed","ping_status":"closed","template":"","meta":{"footnotes":""},"class_list":["post-58316","page","type-page","status-publish","hentry"],"yoast_head":"<!-- This site is optimized with the Yoast SEO plugin v27.5 - https:\/\/yoast.com\/product\/yoast-seo-wordpress\/ -->\n<title>Le studio de FireWare - FireWare<\/title>\n<meta name=\"robots\" content=\"index, follow, max-snippet:-1, max-image-preview:large, max-video-preview:-1\" \/>\n<link rel=\"canonical\" href=\"https:\/\/fireware.nl\/fr\/conception\/le-studio-de-fireware\/\" \/>\n<meta property=\"og:locale\" content=\"fr_FR\" \/>\n<meta property=\"og:type\" content=\"article\" \/>\n<meta property=\"og:title\" content=\"FireWare Studio: t\u00e9l\u00e9chargez la brochure gratuite\" \/>\n<meta property=\"og:description\" content=\"Transf\u00e9rer des connaissances num\u00e9riquement dans votre propre identit\u00e9 d&#039;entreprise!\" \/>\n<meta property=\"og:url\" content=\"https:\/\/fireware.nl\/fr\/conception\/le-studio-de-fireware\/\" \/>\n<meta property=\"og:site_name\" content=\"FireWare\" \/>\n<meta property=\"article:publisher\" content=\"https:\/\/www.facebook.com\/FireWareBV\/\" \/>\n<meta property=\"article:modified_time\" content=\"2021-03-15T12:48:44+00:00\" \/>\n<meta property=\"og:image\" content=\"https:\/\/fireware.nl\/wp-content\/uploads\/2020\/10\/Studio-brochure.jpg\" \/>\n<meta name=\"twitter:card\" content=\"summary_large_image\" \/>\n<meta name=\"twitter:site\" content=\"@FireWarebv\" \/>\n<meta name=\"twitter:label1\" content=\"Dur\u00e9e de lecture estim\u00e9e\" \/>\n\t<meta name=\"twitter:data1\" content=\"1 minute\" \/>\n<script type=\"application\/ld+json\" class=\"yoast-schema-graph\">{\"@context\":\"https:\\\/\\\/schema.org\",\"@graph\":[{\"@type\":\"WebPage\",\"@id\":\"https:\\\/\\\/fireware.nl\\\/fr\\\/conception\\\/le-studio-de-fireware\\\/\",\"url\":\"https:\\\/\\\/fireware.nl\\\/fr\\\/conception\\\/le-studio-de-fireware\\\/\",\"name\":\"Le studio de FireWare - FireWare\",\"isPartOf\":{\"@id\":\"https:\\\/\\\/fireware.nl\\\/fr\\\/#website\"},\"primaryImageOfPage\":{\"@id\":\"https:\\\/\\\/fireware.nl\\\/fr\\\/conception\\\/le-studio-de-fireware\\\/#primaryimage\"},\"image\":{\"@id\":\"https:\\\/\\\/fireware.nl\\\/fr\\\/conception\\\/le-studio-de-fireware\\\/#primaryimage\"},\"thumbnailUrl\":\"https:\\\/\\\/fireware.nl\\\/wp-content\\\/uploads\\\/2020\\\/09\\\/FireWare-studio.jpg\",\"datePublished\":\"2021-03-15T12:46:01+00:00\",\"dateModified\":\"2021-03-15T12:48:44+00:00\",\"breadcrumb\":{\"@id\":\"https:\\\/\\\/fireware.nl\\\/fr\\\/conception\\\/le-studio-de-fireware\\\/#breadcrumb\"},\"inLanguage\":\"fr-FR\",\"potentialAction\":[{\"@type\":\"ReadAction\",\"target\":[\"https:\\\/\\\/fireware.nl\\\/fr\\\/conception\\\/le-studio-de-fireware\\\/\"]}]},{\"@type\":\"ImageObject\",\"inLanguage\":\"fr-FR\",\"@id\":\"https:\\\/\\\/fireware.nl\\\/fr\\\/conception\\\/le-studio-de-fireware\\\/#primaryimage\",\"url\":\"https:\\\/\\\/fireware.nl\\\/wp-content\\\/uploads\\\/2020\\\/09\\\/FireWare-studio.jpg\",\"contentUrl\":\"https:\\\/\\\/fireware.nl\\\/wp-content\\\/uploads\\\/2020\\\/09\\\/FireWare-studio.jpg\"},{\"@type\":\"BreadcrumbList\",\"@id\":\"https:\\\/\\\/fireware.nl\\\/fr\\\/conception\\\/le-studio-de-fireware\\\/#breadcrumb\",\"itemListElement\":[{\"@type\":\"ListItem\",\"position\":1,\"name\":\"Home\",\"item\":\"https:\\\/\\\/fireware.nl\\\/fr\\\/\"},{\"@type\":\"ListItem\",\"position\":2,\"name\":\"Conception\",\"item\":\"https:\\\/\\\/fireware.nl\\\/fr\\\/conception\\\/\"},{\"@type\":\"ListItem\",\"position\":3,\"name\":\"Le studio de FireWare\"}]},{\"@type\":\"WebSite\",\"@id\":\"https:\\\/\\\/fireware.nl\\\/fr\\\/#website\",\"url\":\"https:\\\/\\\/fireware.nl\\\/fr\\\/\",\"name\":\"FireWare\",\"description\":\"CREATING REALISTIC  TRAINING ENVIRONMENTS\",\"publisher\":{\"@id\":\"https:\\\/\\\/fireware.nl\\\/fr\\\/#organization\"},\"potentialAction\":[{\"@type\":\"SearchAction\",\"target\":{\"@type\":\"EntryPoint\",\"urlTemplate\":\"https:\\\/\\\/fireware.nl\\\/fr\\\/?s={search_term_string}\"},\"query-input\":{\"@type\":\"PropertyValueSpecification\",\"valueRequired\":true,\"valueName\":\"search_term_string\"}}],\"inLanguage\":\"fr-FR\"},{\"@type\":\"Organization\",\"@id\":\"https:\\\/\\\/fireware.nl\\\/fr\\\/#organization\",\"name\":\"FireWare\",\"url\":\"https:\\\/\\\/fireware.nl\\\/fr\\\/\",\"logo\":{\"@type\":\"ImageObject\",\"inLanguage\":\"fr-FR\",\"@id\":\"https:\\\/\\\/fireware.nl\\\/fr\\\/#\\\/schema\\\/logo\\\/image\\\/\",\"url\":\"https:\\\/\\\/fireware.nl\\\/wp-content\\\/uploads\\\/2018\\\/10\\\/FireWare-logo.jpg\",\"contentUrl\":\"https:\\\/\\\/fireware.nl\\\/wp-content\\\/uploads\\\/2018\\\/10\\\/FireWare-logo.jpg\",\"width\":171,\"height\":70,\"caption\":\"FireWare\"},\"image\":{\"@id\":\"https:\\\/\\\/fireware.nl\\\/fr\\\/#\\\/schema\\\/logo\\\/image\\\/\"},\"sameAs\":[\"https:\\\/\\\/www.facebook.com\\\/FireWareBV\\\/\",\"https:\\\/\\\/x.com\\\/FireWarebv\",\"https:\\\/\\\/www.instagram.com\\\/fireware_nl\\\/\",\"https:\\\/\\\/www.linkedin.com\\\/company\\\/3586017\\\/\",\"https:\\\/\\\/www.youtube.com\\\/user\\\/firesalesrentconsult\"]}]}<\/script>\n<!-- \/ Yoast SEO plugin. -->","yoast_head_json":{"title":"Le studio de FireWare - FireWare","robots":{"index":"index","follow":"follow","max-snippet":"max-snippet:-1","max-image-preview":"max-image-preview:large","max-video-preview":"max-video-preview:-1"},"canonical":"https:\/\/fireware.nl\/fr\/conception\/le-studio-de-fireware\/","og_locale":"fr_FR","og_type":"article","og_title":"FireWare Studio: t\u00e9l\u00e9chargez la brochure gratuite","og_description":"Transf\u00e9rer des connaissances num\u00e9riquement dans votre propre identit\u00e9 d'entreprise!","og_url":"https:\/\/fireware.nl\/fr\/conception\/le-studio-de-fireware\/","og_site_name":"FireWare","article_publisher":"https:\/\/www.facebook.com\/FireWareBV\/","article_modified_time":"2021-03-15T12:48:44+00:00","og_image":[{"url":"https:\/\/fireware.nl\/wp-content\/uploads\/2020\/10\/Studio-brochure.jpg","type":"","width":"","height":""}],"twitter_card":"summary_large_image","twitter_site":"@FireWarebv","twitter_misc":{"Dur\u00e9e de lecture estim\u00e9e":"1 minute"},"schema":{"@context":"https:\/\/schema.org","@graph":[{"@type":"WebPage","@id":"https:\/\/fireware.nl\/fr\/conception\/le-studio-de-fireware\/","url":"https:\/\/fireware.nl\/fr\/conception\/le-studio-de-fireware\/","name":"Le studio de FireWare - FireWare","isPartOf":{"@id":"https:\/\/fireware.nl\/fr\/#website"},"primaryImageOfPage":{"@id":"https:\/\/fireware.nl\/fr\/conception\/le-studio-de-fireware\/#primaryimage"},"image":{"@id":"https:\/\/fireware.nl\/fr\/conception\/le-studio-de-fireware\/#primaryimage"},"thumbnailUrl":"https:\/\/fireware.nl\/wp-content\/uploads\/2020\/09\/FireWare-studio.jpg","datePublished":"2021-03-15T12:46:01+00:00","dateModified":"2021-03-15T12:48:44+00:00","breadcrumb":{"@id":"https:\/\/fireware.nl\/fr\/conception\/le-studio-de-fireware\/#breadcrumb"},"inLanguage":"fr-FR","potentialAction":[{"@type":"ReadAction","target":["https:\/\/fireware.nl\/fr\/conception\/le-studio-de-fireware\/"]}]},{"@type":"ImageObject","inLanguage":"fr-FR","@id":"https:\/\/fireware.nl\/fr\/conception\/le-studio-de-fireware\/#primaryimage","url":"https:\/\/fireware.nl\/wp-content\/uploads\/2020\/09\/FireWare-studio.jpg","contentUrl":"https:\/\/fireware.nl\/wp-content\/uploads\/2020\/09\/FireWare-studio.jpg"},{"@type":"BreadcrumbList","@id":"https:\/\/fireware.nl\/fr\/conception\/le-studio-de-fireware\/#breadcrumb","itemListElement":[{"@type":"ListItem","position":1,"name":"Home","item":"https:\/\/fireware.nl\/fr\/"},{"@type":"ListItem","position":2,"name":"Conception","item":"https:\/\/fireware.nl\/fr\/conception\/"},{"@type":"ListItem","position":3,"name":"Le studio de FireWare"}]},{"@type":"WebSite","@id":"https:\/\/fireware.nl\/fr\/#website","url":"https:\/\/fireware.nl\/fr\/","name":"FireWare","description":"CREATING REALISTIC  TRAINING ENVIRONMENTS","publisher":{"@id":"https:\/\/fireware.nl\/fr\/#organization"},"potentialAction":[{"@type":"SearchAction","target":{"@type":"EntryPoint","urlTemplate":"https:\/\/fireware.nl\/fr\/?s={search_term_string}"},"query-input":{"@type":"PropertyValueSpecification","valueRequired":true,"valueName":"search_term_string"}}],"inLanguage":"fr-FR"},{"@type":"Organization","@id":"https:\/\/fireware.nl\/fr\/#organization","name":"FireWare","url":"https:\/\/fireware.nl\/fr\/","logo":{"@type":"ImageObject","inLanguage":"fr-FR","@id":"https:\/\/fireware.nl\/fr\/#\/schema\/logo\/image\/","url":"https:\/\/fireware.nl\/wp-content\/uploads\/2018\/10\/FireWare-logo.jpg","contentUrl":"https:\/\/fireware.nl\/wp-content\/uploads\/2018\/10\/FireWare-logo.jpg","width":171,"height":70,"caption":"FireWare"},"image":{"@id":"https:\/\/fireware.nl\/fr\/#\/schema\/logo\/image\/"},"sameAs":["https:\/\/www.facebook.com\/FireWareBV\/","https:\/\/x.com\/FireWarebv","https:\/\/www.instagram.com\/fireware_nl\/","https:\/\/www.linkedin.com\/company\/3586017\/","https:\/\/www.youtube.com\/user\/firesalesrentconsult"]}]}},"publishpress_future_action":{"enabled":false,"date":"2026-05-12 18:23:58","action":"change-status","newStatus":"draft","terms":[],"taxonomy":"translation_priority","extraData":[]},"publishpress_future_workflow_manual_trigger":{"enabledWorkflows":[]},"_links":{"self":[{"href":"https:\/\/fireware.nl\/fr\/wp-json\/wp\/v2\/pages\/58316","targetHints":{"allow":["GET"]}}],"collection":[{"href":"https:\/\/fireware.nl\/fr\/wp-json\/wp\/v2\/pages"}],"about":[{"href":"https:\/\/fireware.nl\/fr\/wp-json\/wp\/v2\/types\/page"}],"author":[{"embeddable":true,"href":"https:\/\/fireware.nl\/fr\/wp-json\/wp\/v2\/users\/9"}],"replies":[{"embeddable":true,"href":"https:\/\/fireware.nl\/fr\/wp-json\/wp\/v2\/comments?post=58316"}],"version-history":[{"count":0,"href":"https:\/\/fireware.nl\/fr\/wp-json\/wp\/v2\/pages\/58316\/revisions"}],"up":[{"embeddable":true,"href":"https:\/\/fireware.nl\/fr\/wp-json\/wp\/v2\/pages\/10310"}],"wp:attachment":[{"href":"https:\/\/fireware.nl\/fr\/wp-json\/wp\/v2\/media?parent=58316"}],"curies":[{"name":"wp","href":"https:\/\/api.w.org\/{rel}","templated":true}]}}