
{"id":66458,"date":"2021-10-22T06:28:44","date_gmt":"2021-10-22T06:28:44","guid":{"rendered":"https:\/\/fireware.nl\/forces-armees-adaptatives\/"},"modified":"2022-08-19T12:28:43","modified_gmt":"2022-08-19T12:28:43","slug":"forces-armees-adaptatives","status":"publish","type":"page","link":"https:\/\/fireware.nl\/fr\/forces-armees-adaptatives\/","title":{"rendered":"Forces arm\u00e9es adaptatives"},"content":{"rendered":"\n\n\t\t\t\t<img loading=\"lazy\" decoding=\"async\" src=\"https:\/\/fireware.nl\/wp-content\/uploads\/2020\/11\/Adaptieve-krijgsmacht.jpg\" alt=\"Adaptieve krijgsmacht\" itemprop=\"image\" height=\"800\" width=\"2200\" title=\"Adaptieve krijgsmacht\" onerror=\"this.style.display='none'\"  \/>\n\t<p>Au sein des forces arm\u00e9es, un groupe de travail pour la coop\u00e9ration militaire &#8211; civile a \u00e9t\u00e9 mis en place. Total Force Genie (TFG). TFG donne corps aux objectifs de nos forces arm\u00e9es adaptatives\u00a0: ex\u00e9cuter des taches militaires, \u00ab\u00a0coude \u00e0 coude\u00a0\u00bb avec des alli\u00e9s civils. La soci\u00e9t\u00e9 FireWare est l&#8217;un de nos alli\u00e9s civils. \u00a0Ensemble, nous travaillons ainsi pour un monde s\u00fbr.<\/p>\n<h2>Conjuguons nos savoir-faire militaire et civil<\/h2>\n<p>Sp\u00e9cialiste de la cr\u00e9ation d&#8217;environnements d&#8217;entrainement r\u00e9alistes pour les secouristes, FireWare est en mesure d&#8217;apporter une contribution importante au NTC (Nationaal Trainingscentrum &#8211; Centre National d&#8217;Entra\u00eenement). En mettant en commun le savoir-faire, en r\u00e9fl\u00e9chissant, en exp\u00e9rimentant et en apprenant ensemble, nous veillons \u00e0 ce que la barre de la pratique et de la formation r\u00e9alistes soit chaque jour relev\u00e9e. Un bel exemple de coop\u00e9ration inspirante\u00a0: une des valeurs fondamentales de FireWare et certainement un bel accomplissement de nos forces arm\u00e9es adaptatives\u00a0!<\/p>\n\n","protected":false},"excerpt":{"rendered":"<p>Au sein des forces arm\u00e9es, un groupe de travail pour la coop\u00e9ration militaire &#8211; civile a \u00e9t\u00e9 mis en place.<span class=\"excerpt-ellipsis\">&#8230;<\/span><\/p>\n","protected":false},"author":9,"featured_media":0,"parent":0,"menu_order":0,"comment_status":"closed","ping_status":"closed","template":"","meta":{"footnotes":""},"class_list":["post-66458","page","type-page","status-publish","hentry"],"yoast_head":"<!-- This site is optimized with the Yoast SEO plugin v27.5 - https:\/\/yoast.com\/product\/yoast-seo-wordpress\/ -->\n<title>Forces arm\u00e9es adaptatives - FireWare<\/title>\n<meta name=\"robots\" content=\"index, follow, max-snippet:-1, max-image-preview:large, max-video-preview:-1\" \/>\n<link rel=\"canonical\" href=\"https:\/\/fireware.nl\/fr\/forces-armees-adaptatives\/\" \/>\n<meta property=\"og:locale\" content=\"fr_FR\" \/>\n<meta property=\"og:type\" content=\"article\" \/>\n<meta property=\"og:title\" content=\"Forces arm\u00e9es adaptatives - FireWare\" \/>\n<meta property=\"og:description\" content=\"Au sein des forces arm\u00e9es, un groupe de travail pour la coop\u00e9ration militaire &#8211; civile a \u00e9t\u00e9 mis en place....\" \/>\n<meta property=\"og:url\" content=\"https:\/\/fireware.nl\/fr\/forces-armees-adaptatives\/\" \/>\n<meta property=\"og:site_name\" content=\"FireWare\" \/>\n<meta property=\"article:publisher\" content=\"https:\/\/www.facebook.com\/FireWareBV\/\" \/>\n<meta property=\"article:modified_time\" content=\"2022-08-19T12:28:43+00:00\" \/>\n<meta property=\"og:image\" content=\"https:\/\/fireware.nl\/wp-content\/uploads\/2020\/11\/Adaptieve-krijgsmacht.jpg\" \/>\n<meta name=\"twitter:card\" content=\"summary_large_image\" \/>\n<meta name=\"twitter:site\" content=\"@FireWarebv\" \/>\n<meta name=\"twitter:label1\" content=\"Dur\u00e9e de lecture estim\u00e9e\" \/>\n\t<meta name=\"twitter:data1\" content=\"1 minute\" \/>\n<script type=\"application\/ld+json\" class=\"yoast-schema-graph\">{\"@context\":\"https:\\\/\\\/schema.org\",\"@graph\":[{\"@type\":\"WebPage\",\"@id\":\"https:\\\/\\\/fireware.nl\\\/fr\\\/forces-armees-adaptatives\\\/\",\"url\":\"https:\\\/\\\/fireware.nl\\\/fr\\\/forces-armees-adaptatives\\\/\",\"name\":\"Forces arm\u00e9es adaptatives - FireWare\",\"isPartOf\":{\"@id\":\"https:\\\/\\\/fireware.nl\\\/fr\\\/#website\"},\"primaryImageOfPage\":{\"@id\":\"https:\\\/\\\/fireware.nl\\\/fr\\\/forces-armees-adaptatives\\\/#primaryimage\"},\"image\":{\"@id\":\"https:\\\/\\\/fireware.nl\\\/fr\\\/forces-armees-adaptatives\\\/#primaryimage\"},\"thumbnailUrl\":\"https:\\\/\\\/fireware.nl\\\/wp-content\\\/uploads\\\/2020\\\/11\\\/Adaptieve-krijgsmacht.jpg\",\"datePublished\":\"2021-10-22T06:28:44+00:00\",\"dateModified\":\"2022-08-19T12:28:43+00:00\",\"breadcrumb\":{\"@id\":\"https:\\\/\\\/fireware.nl\\\/fr\\\/forces-armees-adaptatives\\\/#breadcrumb\"},\"inLanguage\":\"fr-FR\",\"potentialAction\":[{\"@type\":\"ReadAction\",\"target\":[\"https:\\\/\\\/fireware.nl\\\/fr\\\/forces-armees-adaptatives\\\/\"]}]},{\"@type\":\"ImageObject\",\"inLanguage\":\"fr-FR\",\"@id\":\"https:\\\/\\\/fireware.nl\\\/fr\\\/forces-armees-adaptatives\\\/#primaryimage\",\"url\":\"https:\\\/\\\/fireware.nl\\\/wp-content\\\/uploads\\\/2020\\\/11\\\/Adaptieve-krijgsmacht.jpg\",\"contentUrl\":\"https:\\\/\\\/fireware.nl\\\/wp-content\\\/uploads\\\/2020\\\/11\\\/Adaptieve-krijgsmacht.jpg\"},{\"@type\":\"BreadcrumbList\",\"@id\":\"https:\\\/\\\/fireware.nl\\\/fr\\\/forces-armees-adaptatives\\\/#breadcrumb\",\"itemListElement\":[{\"@type\":\"ListItem\",\"position\":1,\"name\":\"Home\",\"item\":\"https:\\\/\\\/fireware.nl\\\/fr\\\/\"},{\"@type\":\"ListItem\",\"position\":2,\"name\":\"Forces arm\u00e9es adaptatives\"}]},{\"@type\":\"WebSite\",\"@id\":\"https:\\\/\\\/fireware.nl\\\/fr\\\/#website\",\"url\":\"https:\\\/\\\/fireware.nl\\\/fr\\\/\",\"name\":\"FireWare\",\"description\":\"CREATING REALISTIC  TRAINING ENVIRONMENTS\",\"publisher\":{\"@id\":\"https:\\\/\\\/fireware.nl\\\/fr\\\/#organization\"},\"potentialAction\":[{\"@type\":\"SearchAction\",\"target\":{\"@type\":\"EntryPoint\",\"urlTemplate\":\"https:\\\/\\\/fireware.nl\\\/fr\\\/?s={search_term_string}\"},\"query-input\":{\"@type\":\"PropertyValueSpecification\",\"valueRequired\":true,\"valueName\":\"search_term_string\"}}],\"inLanguage\":\"fr-FR\"},{\"@type\":\"Organization\",\"@id\":\"https:\\\/\\\/fireware.nl\\\/fr\\\/#organization\",\"name\":\"FireWare\",\"url\":\"https:\\\/\\\/fireware.nl\\\/fr\\\/\",\"logo\":{\"@type\":\"ImageObject\",\"inLanguage\":\"fr-FR\",\"@id\":\"https:\\\/\\\/fireware.nl\\\/fr\\\/#\\\/schema\\\/logo\\\/image\\\/\",\"url\":\"https:\\\/\\\/fireware.nl\\\/wp-content\\\/uploads\\\/2018\\\/10\\\/FireWare-logo.jpg\",\"contentUrl\":\"https:\\\/\\\/fireware.nl\\\/wp-content\\\/uploads\\\/2018\\\/10\\\/FireWare-logo.jpg\",\"width\":171,\"height\":70,\"caption\":\"FireWare\"},\"image\":{\"@id\":\"https:\\\/\\\/fireware.nl\\\/fr\\\/#\\\/schema\\\/logo\\\/image\\\/\"},\"sameAs\":[\"https:\\\/\\\/www.facebook.com\\\/FireWareBV\\\/\",\"https:\\\/\\\/x.com\\\/FireWarebv\",\"https:\\\/\\\/www.instagram.com\\\/fireware_nl\\\/\",\"https:\\\/\\\/www.linkedin.com\\\/company\\\/3586017\\\/\",\"https:\\\/\\\/www.youtube.com\\\/user\\\/firesalesrentconsult\"]}]}<\/script>\n<!-- \/ Yoast SEO plugin. -->","yoast_head_json":{"title":"Forces arm\u00e9es adaptatives - FireWare","robots":{"index":"index","follow":"follow","max-snippet":"max-snippet:-1","max-image-preview":"max-image-preview:large","max-video-preview":"max-video-preview:-1"},"canonical":"https:\/\/fireware.nl\/fr\/forces-armees-adaptatives\/","og_locale":"fr_FR","og_type":"article","og_title":"Forces arm\u00e9es adaptatives - FireWare","og_description":"Au sein des forces arm\u00e9es, un groupe de travail pour la coop\u00e9ration militaire &#8211; civile a \u00e9t\u00e9 mis en place....","og_url":"https:\/\/fireware.nl\/fr\/forces-armees-adaptatives\/","og_site_name":"FireWare","article_publisher":"https:\/\/www.facebook.com\/FireWareBV\/","article_modified_time":"2022-08-19T12:28:43+00:00","og_image":[{"url":"https:\/\/fireware.nl\/wp-content\/uploads\/2020\/11\/Adaptieve-krijgsmacht.jpg","type":"","width":"","height":""}],"twitter_card":"summary_large_image","twitter_site":"@FireWarebv","twitter_misc":{"Dur\u00e9e de lecture estim\u00e9e":"1 minute"},"schema":{"@context":"https:\/\/schema.org","@graph":[{"@type":"WebPage","@id":"https:\/\/fireware.nl\/fr\/forces-armees-adaptatives\/","url":"https:\/\/fireware.nl\/fr\/forces-armees-adaptatives\/","name":"Forces arm\u00e9es adaptatives - FireWare","isPartOf":{"@id":"https:\/\/fireware.nl\/fr\/#website"},"primaryImageOfPage":{"@id":"https:\/\/fireware.nl\/fr\/forces-armees-adaptatives\/#primaryimage"},"image":{"@id":"https:\/\/fireware.nl\/fr\/forces-armees-adaptatives\/#primaryimage"},"thumbnailUrl":"https:\/\/fireware.nl\/wp-content\/uploads\/2020\/11\/Adaptieve-krijgsmacht.jpg","datePublished":"2021-10-22T06:28:44+00:00","dateModified":"2022-08-19T12:28:43+00:00","breadcrumb":{"@id":"https:\/\/fireware.nl\/fr\/forces-armees-adaptatives\/#breadcrumb"},"inLanguage":"fr-FR","potentialAction":[{"@type":"ReadAction","target":["https:\/\/fireware.nl\/fr\/forces-armees-adaptatives\/"]}]},{"@type":"ImageObject","inLanguage":"fr-FR","@id":"https:\/\/fireware.nl\/fr\/forces-armees-adaptatives\/#primaryimage","url":"https:\/\/fireware.nl\/wp-content\/uploads\/2020\/11\/Adaptieve-krijgsmacht.jpg","contentUrl":"https:\/\/fireware.nl\/wp-content\/uploads\/2020\/11\/Adaptieve-krijgsmacht.jpg"},{"@type":"BreadcrumbList","@id":"https:\/\/fireware.nl\/fr\/forces-armees-adaptatives\/#breadcrumb","itemListElement":[{"@type":"ListItem","position":1,"name":"Home","item":"https:\/\/fireware.nl\/fr\/"},{"@type":"ListItem","position":2,"name":"Forces arm\u00e9es adaptatives"}]},{"@type":"WebSite","@id":"https:\/\/fireware.nl\/fr\/#website","url":"https:\/\/fireware.nl\/fr\/","name":"FireWare","description":"CREATING REALISTIC  TRAINING ENVIRONMENTS","publisher":{"@id":"https:\/\/fireware.nl\/fr\/#organization"},"potentialAction":[{"@type":"SearchAction","target":{"@type":"EntryPoint","urlTemplate":"https:\/\/fireware.nl\/fr\/?s={search_term_string}"},"query-input":{"@type":"PropertyValueSpecification","valueRequired":true,"valueName":"search_term_string"}}],"inLanguage":"fr-FR"},{"@type":"Organization","@id":"https:\/\/fireware.nl\/fr\/#organization","name":"FireWare","url":"https:\/\/fireware.nl\/fr\/","logo":{"@type":"ImageObject","inLanguage":"fr-FR","@id":"https:\/\/fireware.nl\/fr\/#\/schema\/logo\/image\/","url":"https:\/\/fireware.nl\/wp-content\/uploads\/2018\/10\/FireWare-logo.jpg","contentUrl":"https:\/\/fireware.nl\/wp-content\/uploads\/2018\/10\/FireWare-logo.jpg","width":171,"height":70,"caption":"FireWare"},"image":{"@id":"https:\/\/fireware.nl\/fr\/#\/schema\/logo\/image\/"},"sameAs":["https:\/\/www.facebook.com\/FireWareBV\/","https:\/\/x.com\/FireWarebv","https:\/\/www.instagram.com\/fireware_nl\/","https:\/\/www.linkedin.com\/company\/3586017\/","https:\/\/www.youtube.com\/user\/firesalesrentconsult"]}]}},"publishpress_future_action":{"enabled":false,"date":"2026-05-12 18:23:38","action":"change-status","newStatus":"draft","terms":[],"taxonomy":"translation_priority","extraData":[]},"publishpress_future_workflow_manual_trigger":{"enabledWorkflows":[]},"_links":{"self":[{"href":"https:\/\/fireware.nl\/fr\/wp-json\/wp\/v2\/pages\/66458","targetHints":{"allow":["GET"]}}],"collection":[{"href":"https:\/\/fireware.nl\/fr\/wp-json\/wp\/v2\/pages"}],"about":[{"href":"https:\/\/fireware.nl\/fr\/wp-json\/wp\/v2\/types\/page"}],"author":[{"embeddable":true,"href":"https:\/\/fireware.nl\/fr\/wp-json\/wp\/v2\/users\/9"}],"replies":[{"embeddable":true,"href":"https:\/\/fireware.nl\/fr\/wp-json\/wp\/v2\/comments?post=66458"}],"version-history":[{"count":0,"href":"https:\/\/fireware.nl\/fr\/wp-json\/wp\/v2\/pages\/66458\/revisions"}],"wp:attachment":[{"href":"https:\/\/fireware.nl\/fr\/wp-json\/wp\/v2\/media?parent=66458"}],"curies":[{"name":"wp","href":"https:\/\/api.w.org\/{rel}","templated":true}]}}