
{"id":100734,"date":"2024-09-18T14:15:36","date_gmt":"2024-09-18T14:15:36","guid":{"rendered":"https:\/\/fireware.nl\/?post_type=product&#038;p=100734"},"modified":"2025-08-07T13:08:30","modified_gmt":"2025-08-07T13:08:30","slug":"rallonge-powercon-true1-top","status":"publish","type":"product","link":"https:\/\/fireware.nl\/fr\/product\/cable-rallonge-powercon-true-1-top\/","title":{"rendered":"C\u00e2ble rallonge Powercon True-1 Top"},"content":{"rendered":"<p>Avec ces rallonges, vous pouvez prolonger les c\u00e2bles d\u2019alimentation 230V d\u2019un grand nombre de produits FireWare. L\u2019avantage des connecteurs PowerCON True1 TOP est qu\u2019ils sont robustes, compacts, \u00e9tanches et faciles \u00e0 cha\u00eener. Dans ce cas, TOP signifie &#8220;True Outdoor Protection&#8221;. C\u2019est pourquoi nous \u00e9quipons de plus en plus de produits avec ces connecteurs.<\/p>\n<p>Tous les produits avec PowerCON sont fournis avec des c\u00e2bles adaptateurs pour les connecteurs 230V standards (Schuko &#8211; CEE7). Vous pouvez donc toujours utiliser vos rallonges et enrouleurs classiques. Mais si vous souhaitez prolonger et connecter facilement et de mani\u00e8re \u00e9tanche, choisissez ces c\u00e2bles PowerCON.<\/p>\n<p>Compatible avec les produits suivants :<\/p>\n<ul>\n<li><a href=\"https:\/\/fireware.nl\/fr\/product\/firespot-mk2\/\" target=\"_blank\" rel=\"noopener\">FireSpot MK2<\/a><\/li>\n<li><a href=\"https:\/\/fireware.nl\/fr\/product\/firespot-xxl\/\" target=\"_blank\" rel=\"noopener\">FireSpot XXL<\/a><\/li>\n<li><a href=\"https:\/\/fireware.nl\/fr\/product\/boite-de-pandore-230\/\" target=\"_blank\" rel=\"noopener\">Pandora&#8217;s Box 230<\/a><\/li>\n<li><a href=\"https:\/\/fireware.nl\/fr\/produit\/generateur-de-fumee-stratus\/\" target=\"_blank\" rel=\"noopener\">G\u00e9n\u00e9rateur de fum\u00e9e Stratus<\/a><\/li>\n<li><a href=\"https:\/\/fireware.nl\/fr\/produit\/generateur-de-fumee-cumulus\/\" target=\"_blank\" rel=\"noopener\">G\u00e9n\u00e9rateur de fum\u00e9e Cumulus<\/a><\/li>\n<li><a href=\"https:\/\/fireware.nl\/fr\/product\/phoenix\/\" target=\"_blank\" rel=\"noopener\">Phoenix Silkflame<\/a><\/li>\n<\/ul>\n","protected":false},"excerpt":{"rendered":"<ul>\n<li>Connecteurs \u00e9tanches<\/li>\n<li>Prolongez facilement votre c\u00e2ble d\u2019alimentation<\/li>\n<li>Connectez des appareils directement \u00e0 la Pandora\u2019s Box 230<\/li>\n<li>Connexion solide gr\u00e2ce au syst\u00e8me de verrouillage \u00e0 rotation<\/li>\n<li>Plus de probl\u00e8mes avec des personnes qui d\u00e9branchent les c\u00e2bles pour &#8220;\u00e9teindre&#8221; les appareils<\/li>\n<\/ul>\n","protected":false},"featured_media":99255,"template":"","meta":[],"product_brand":[],"product_cat":[227],"product_tag":[],"class_list":{"0":"post-100734","1":"product","2":"type-product","3":"status-publish","4":"has-post-thumbnail","6":"product_cat-cablage","8":"first","9":"instock","10":"taxable","11":"shipping-taxable","12":"purchasable","13":"product-type-variable"},"yoast_head":"<!-- This site is optimized with the Yoast SEO plugin v27.5 - https:\/\/yoast.com\/product\/yoast-seo-wordpress\/ -->\n<title>C\u00e2ble rallonge Powercon True-1 Top - FireWare<\/title>\n<meta name=\"robots\" content=\"index, follow, max-snippet:-1, max-image-preview:large, max-video-preview:-1\" \/>\n<link rel=\"canonical\" href=\"https:\/\/fireware.nl\/fr\/product\/cable-rallonge-powercon-true-1-top\/\" \/>\n<meta property=\"og:locale\" content=\"fr_FR\" \/>\n<meta property=\"og:type\" content=\"article\" \/>\n<meta property=\"og:title\" content=\"C\u00e2ble rallonge Powercon True-1 Top - FireWare\" \/>\n<meta property=\"og:description\" content=\"Connecteurs \u00e9tanches  Prolongez facilement votre c\u00e2ble d\u2019alimentation  Connectez des appareils directement \u00e0 la Pandora\u2019s Box 230  Connexion solide gr\u00e2ce au syst\u00e8me de verrouillage \u00e0 rotation  Plus de probl\u00e8mes avec des personnes qui d\u00e9branchent les c\u00e2bles pour &quot;\u00e9teindre&quot; les appareils\" \/>\n<meta property=\"og:url\" content=\"https:\/\/fireware.nl\/fr\/product\/cable-rallonge-powercon-true-1-top\/\" \/>\n<meta property=\"og:site_name\" content=\"FireWare\" \/>\n<meta property=\"article:publisher\" content=\"https:\/\/www.facebook.com\/FireWareBV\/\" \/>\n<meta property=\"article:modified_time\" content=\"2025-08-07T13:08:30+00:00\" \/>\n<meta property=\"og:image\" content=\"https:\/\/fireware.nl\/wp-content\/uploads\/2024\/08\/20240801_powercon-verlengkabel_001_002_web-1-1024x1024.jpg\" \/>\n\t<meta property=\"og:image:width\" content=\"1024\" \/>\n\t<meta property=\"og:image:height\" content=\"1024\" \/>\n\t<meta property=\"og:image:type\" content=\"image\/jpeg\" \/>\n<meta name=\"twitter:card\" content=\"summary_large_image\" \/>\n<meta name=\"twitter:site\" content=\"@FireWarebv\" \/>\n<meta name=\"twitter:label1\" content=\"Dur\u00e9e de lecture estim\u00e9e\" \/>\n\t<meta name=\"twitter:data1\" content=\"1 minute\" \/>\n<script type=\"application\/ld+json\" class=\"yoast-schema-graph\">{\"@context\":\"https:\\\/\\\/schema.org\",\"@graph\":[{\"@type\":\"WebPage\",\"@id\":\"https:\\\/\\\/fireware.nl\\\/fr\\\/product\\\/cable-rallonge-powercon-true-1-top\\\/\",\"url\":\"https:\\\/\\\/fireware.nl\\\/fr\\\/product\\\/cable-rallonge-powercon-true-1-top\\\/\",\"name\":\"C\u00e2ble rallonge Powercon True-1 Top - FireWare\",\"isPartOf\":{\"@id\":\"https:\\\/\\\/fireware.nl\\\/fr\\\/#website\"},\"primaryImageOfPage\":{\"@id\":\"https:\\\/\\\/fireware.nl\\\/fr\\\/product\\\/cable-rallonge-powercon-true-1-top\\\/#primaryimage\"},\"image\":{\"@id\":\"https:\\\/\\\/fireware.nl\\\/fr\\\/product\\\/cable-rallonge-powercon-true-1-top\\\/#primaryimage\"},\"thumbnailUrl\":\"https:\\\/\\\/fireware.nl\\\/wp-content\\\/uploads\\\/2024\\\/08\\\/20240801_powercon-verlengkabel_001_002_web-1.jpg\",\"datePublished\":\"2024-09-18T14:15:36+00:00\",\"dateModified\":\"2025-08-07T13:08:30+00:00\",\"breadcrumb\":{\"@id\":\"https:\\\/\\\/fireware.nl\\\/fr\\\/product\\\/cable-rallonge-powercon-true-1-top\\\/#breadcrumb\"},\"inLanguage\":\"fr-FR\",\"potentialAction\":[{\"@type\":\"ReadAction\",\"target\":[\"https:\\\/\\\/fireware.nl\\\/fr\\\/product\\\/cable-rallonge-powercon-true-1-top\\\/\"]}]},{\"@type\":\"ImageObject\",\"inLanguage\":\"fr-FR\",\"@id\":\"https:\\\/\\\/fireware.nl\\\/fr\\\/product\\\/cable-rallonge-powercon-true-1-top\\\/#primaryimage\",\"url\":\"https:\\\/\\\/fireware.nl\\\/wp-content\\\/uploads\\\/2024\\\/08\\\/20240801_powercon-verlengkabel_001_002_web-1.jpg\",\"contentUrl\":\"https:\\\/\\\/fireware.nl\\\/wp-content\\\/uploads\\\/2024\\\/08\\\/20240801_powercon-verlengkabel_001_002_web-1.jpg\",\"width\":4000,\"height\":4000},{\"@type\":\"BreadcrumbList\",\"@id\":\"https:\\\/\\\/fireware.nl\\\/fr\\\/product\\\/cable-rallonge-powercon-true-1-top\\\/#breadcrumb\",\"itemListElement\":[{\"@type\":\"ListItem\",\"position\":1,\"name\":\"Home\",\"item\":\"https:\\\/\\\/fireware.nl\\\/fr\\\/\"},{\"@type\":\"ListItem\",\"position\":2,\"name\":\"Produits\",\"item\":\"https:\\\/\\\/fireware.nl\\\/fr\\\/produits\\\/\"},{\"@type\":\"ListItem\",\"position\":3,\"name\":\"C\u00e2ble rallonge Powercon True-1 Top\"}]},{\"@type\":\"WebSite\",\"@id\":\"https:\\\/\\\/fireware.nl\\\/fr\\\/#website\",\"url\":\"https:\\\/\\\/fireware.nl\\\/fr\\\/\",\"name\":\"FireWare\",\"description\":\"CREATING REALISTIC  TRAINING ENVIRONMENTS\",\"publisher\":{\"@id\":\"https:\\\/\\\/fireware.nl\\\/fr\\\/#organization\"},\"potentialAction\":[{\"@type\":\"SearchAction\",\"target\":{\"@type\":\"EntryPoint\",\"urlTemplate\":\"https:\\\/\\\/fireware.nl\\\/fr\\\/?s={search_term_string}\"},\"query-input\":{\"@type\":\"PropertyValueSpecification\",\"valueRequired\":true,\"valueName\":\"search_term_string\"}}],\"inLanguage\":\"fr-FR\"},{\"@type\":\"Organization\",\"@id\":\"https:\\\/\\\/fireware.nl\\\/fr\\\/#organization\",\"name\":\"FireWare\",\"url\":\"https:\\\/\\\/fireware.nl\\\/fr\\\/\",\"logo\":{\"@type\":\"ImageObject\",\"inLanguage\":\"fr-FR\",\"@id\":\"https:\\\/\\\/fireware.nl\\\/fr\\\/#\\\/schema\\\/logo\\\/image\\\/\",\"url\":\"https:\\\/\\\/fireware.nl\\\/wp-content\\\/uploads\\\/2018\\\/10\\\/FireWare-logo.jpg\",\"contentUrl\":\"https:\\\/\\\/fireware.nl\\\/wp-content\\\/uploads\\\/2018\\\/10\\\/FireWare-logo.jpg\",\"width\":171,\"height\":70,\"caption\":\"FireWare\"},\"image\":{\"@id\":\"https:\\\/\\\/fireware.nl\\\/fr\\\/#\\\/schema\\\/logo\\\/image\\\/\"},\"sameAs\":[\"https:\\\/\\\/www.facebook.com\\\/FireWareBV\\\/\",\"https:\\\/\\\/x.com\\\/FireWarebv\",\"https:\\\/\\\/www.instagram.com\\\/fireware_nl\\\/\",\"https:\\\/\\\/www.linkedin.com\\\/company\\\/3586017\\\/\",\"https:\\\/\\\/www.youtube.com\\\/user\\\/firesalesrentconsult\"]}]}<\/script>\n<!-- \/ Yoast SEO plugin. -->","yoast_head_json":{"title":"C\u00e2ble rallonge Powercon True-1 Top - FireWare","robots":{"index":"index","follow":"follow","max-snippet":"max-snippet:-1","max-image-preview":"max-image-preview:large","max-video-preview":"max-video-preview:-1"},"canonical":"https:\/\/fireware.nl\/fr\/product\/cable-rallonge-powercon-true-1-top\/","og_locale":"fr_FR","og_type":"article","og_title":"C\u00e2ble rallonge Powercon True-1 Top - FireWare","og_description":"Connecteurs \u00e9tanches  Prolongez facilement votre c\u00e2ble d\u2019alimentation  Connectez des appareils directement \u00e0 la Pandora\u2019s Box 230  Connexion solide gr\u00e2ce au syst\u00e8me de verrouillage \u00e0 rotation  Plus de probl\u00e8mes avec des personnes qui d\u00e9branchent les c\u00e2bles pour \"\u00e9teindre\" les appareils","og_url":"https:\/\/fireware.nl\/fr\/product\/cable-rallonge-powercon-true-1-top\/","og_site_name":"FireWare","article_publisher":"https:\/\/www.facebook.com\/FireWareBV\/","article_modified_time":"2025-08-07T13:08:30+00:00","og_image":[{"width":1024,"height":1024,"url":"https:\/\/fireware.nl\/wp-content\/uploads\/2024\/08\/20240801_powercon-verlengkabel_001_002_web-1-1024x1024.jpg","type":"image\/jpeg"}],"twitter_card":"summary_large_image","twitter_site":"@FireWarebv","twitter_misc":{"Dur\u00e9e de lecture estim\u00e9e":"1 minute"},"schema":{"@context":"https:\/\/schema.org","@graph":[{"@type":"WebPage","@id":"https:\/\/fireware.nl\/fr\/product\/cable-rallonge-powercon-true-1-top\/","url":"https:\/\/fireware.nl\/fr\/product\/cable-rallonge-powercon-true-1-top\/","name":"C\u00e2ble rallonge Powercon True-1 Top - FireWare","isPartOf":{"@id":"https:\/\/fireware.nl\/fr\/#website"},"primaryImageOfPage":{"@id":"https:\/\/fireware.nl\/fr\/product\/cable-rallonge-powercon-true-1-top\/#primaryimage"},"image":{"@id":"https:\/\/fireware.nl\/fr\/product\/cable-rallonge-powercon-true-1-top\/#primaryimage"},"thumbnailUrl":"https:\/\/fireware.nl\/wp-content\/uploads\/2024\/08\/20240801_powercon-verlengkabel_001_002_web-1.jpg","datePublished":"2024-09-18T14:15:36+00:00","dateModified":"2025-08-07T13:08:30+00:00","breadcrumb":{"@id":"https:\/\/fireware.nl\/fr\/product\/cable-rallonge-powercon-true-1-top\/#breadcrumb"},"inLanguage":"fr-FR","potentialAction":[{"@type":"ReadAction","target":["https:\/\/fireware.nl\/fr\/product\/cable-rallonge-powercon-true-1-top\/"]}]},{"@type":"ImageObject","inLanguage":"fr-FR","@id":"https:\/\/fireware.nl\/fr\/product\/cable-rallonge-powercon-true-1-top\/#primaryimage","url":"https:\/\/fireware.nl\/wp-content\/uploads\/2024\/08\/20240801_powercon-verlengkabel_001_002_web-1.jpg","contentUrl":"https:\/\/fireware.nl\/wp-content\/uploads\/2024\/08\/20240801_powercon-verlengkabel_001_002_web-1.jpg","width":4000,"height":4000},{"@type":"BreadcrumbList","@id":"https:\/\/fireware.nl\/fr\/product\/cable-rallonge-powercon-true-1-top\/#breadcrumb","itemListElement":[{"@type":"ListItem","position":1,"name":"Home","item":"https:\/\/fireware.nl\/fr\/"},{"@type":"ListItem","position":2,"name":"Produits","item":"https:\/\/fireware.nl\/fr\/produits\/"},{"@type":"ListItem","position":3,"name":"C\u00e2ble rallonge Powercon True-1 Top"}]},{"@type":"WebSite","@id":"https:\/\/fireware.nl\/fr\/#website","url":"https:\/\/fireware.nl\/fr\/","name":"FireWare","description":"CREATING REALISTIC  TRAINING ENVIRONMENTS","publisher":{"@id":"https:\/\/fireware.nl\/fr\/#organization"},"potentialAction":[{"@type":"SearchAction","target":{"@type":"EntryPoint","urlTemplate":"https:\/\/fireware.nl\/fr\/?s={search_term_string}"},"query-input":{"@type":"PropertyValueSpecification","valueRequired":true,"valueName":"search_term_string"}}],"inLanguage":"fr-FR"},{"@type":"Organization","@id":"https:\/\/fireware.nl\/fr\/#organization","name":"FireWare","url":"https:\/\/fireware.nl\/fr\/","logo":{"@type":"ImageObject","inLanguage":"fr-FR","@id":"https:\/\/fireware.nl\/fr\/#\/schema\/logo\/image\/","url":"https:\/\/fireware.nl\/wp-content\/uploads\/2018\/10\/FireWare-logo.jpg","contentUrl":"https:\/\/fireware.nl\/wp-content\/uploads\/2018\/10\/FireWare-logo.jpg","width":171,"height":70,"caption":"FireWare"},"image":{"@id":"https:\/\/fireware.nl\/fr\/#\/schema\/logo\/image\/"},"sameAs":["https:\/\/www.facebook.com\/FireWareBV\/","https:\/\/x.com\/FireWarebv","https:\/\/www.instagram.com\/fireware_nl\/","https:\/\/www.linkedin.com\/company\/3586017\/","https:\/\/www.youtube.com\/user\/firesalesrentconsult"]}]}},"publishpress_future_workflow_manual_trigger":{"enabledWorkflows":[]},"_links":{"self":[{"href":"https:\/\/fireware.nl\/fr\/wp-json\/wp\/v2\/product\/100734","targetHints":{"allow":["GET"]}}],"collection":[{"href":"https:\/\/fireware.nl\/fr\/wp-json\/wp\/v2\/product"}],"about":[{"href":"https:\/\/fireware.nl\/fr\/wp-json\/wp\/v2\/types\/product"}],"wp:featuredmedia":[{"embeddable":true,"href":"https:\/\/fireware.nl\/fr\/wp-json\/wp\/v2\/media\/99255"}],"wp:attachment":[{"href":"https:\/\/fireware.nl\/fr\/wp-json\/wp\/v2\/media?parent=100734"}],"wp:term":[{"taxonomy":"product_brand","embeddable":true,"href":"https:\/\/fireware.nl\/fr\/wp-json\/wp\/v2\/product_brand?post=100734"},{"taxonomy":"product_cat","embeddable":true,"href":"https:\/\/fireware.nl\/fr\/wp-json\/wp\/v2\/product_cat?post=100734"},{"taxonomy":"product_tag","embeddable":true,"href":"https:\/\/fireware.nl\/fr\/wp-json\/wp\/v2\/product_tag?post=100734"}],"curies":[{"name":"wp","href":"https:\/\/api.w.org\/{rel}","templated":true}]}}