
{"id":107488,"date":"2025-01-07T15:52:20","date_gmt":"2025-01-07T15:52:20","guid":{"rendered":"https:\/\/fireware.nl\/?post_type=product&#038;p=107488"},"modified":"2025-05-21T14:54:20","modified_gmt":"2025-05-21T14:54:20","slug":"ruth-lee-mannequin-de-sauvetage-en-traumatologie","status":"publish","type":"product","link":"https:\/\/fireware.nl\/fr\/product\/ruth-lee-mannequin-de-sauvetage-en-traumatologie\/","title":{"rendered":"Ruth Lee Mannequin de Sauvetage en Traumatologie"},"content":{"rendered":"<h2>Mannequins d&#8217;entra\u00eenement Ruth Lee<\/h2>\n<p>Les mannequins d&#8217;entra\u00eenement Ruth Lee sont con\u00e7us pour des formations r\u00e9alistes et efficaces. R\u00e9put\u00e9s pour leur durabilit\u00e9 et leur polyvalence, ils sont id\u00e9aux pour former les pompiers, les secouristes, les services de sauvetage et autres \u00e9quipes d&#8217;urgence. Gr\u00e2ce \u00e0 ces mannequins, vous pouvez simuler des sc\u00e9narios r\u00e9alistes, permettant aux intervenants d&#8217;\u00eatre mieux pr\u00e9par\u00e9s aux situations d&#8217;urgence r\u00e9elles. La gamme propose des mannequins adapt\u00e9s \u00e0 diverses formations, disponibles en plusieurs tailles et poids.<\/p>\n<h2>Le premier mannequin adapt\u00e9 au sauvetage et au traitement des victimes<\/h2>\n<p>Ce mannequin d&#8217;entra\u00eenement combine tout ce dont vous avez besoin. Robuste et con\u00e7u pour un usage intensif dans des conditions difficiles, il est id\u00e9al pour simuler des victimes dans des sc\u00e9narios tels que des accidents (automobile, par exemple) ou des sauvetages en hauteur. En outre, ce mannequin permet de pratiquer les soins aux victimes, prolongeant ainsi le travail au-del\u00e0 du sauvetage.<\/p>\n<h2>Parfait pour des exercices multidisciplinaires<\/h2>\n<p>Lorsque les pompiers lib\u00e8rent ou sauvent une victime, ils doivent souvent effectuer une \u00e9valuation initiale de son \u00e9tat avant de passer le relais aux ambulanciers. Avec ce mannequin, vous pouvez former \u00e0 tout le processus complet : du sauvetage \u00e0 la r\u00e9animation cardio-pulmonaire (RCP) et \u00e0 la gestion des voies respiratoires. Vous pouvez \u00e9galement pratiquer le traitement d&#8217;une blessure traumatique ouverte \u00e0 la cuisse et, en option, poser une perfusion, rendant ainsi la formation plus r\u00e9aliste et compl\u00e8te.<\/p>\n<h2>R\u00e9animation et gestion des voies respiratoires<\/h2>\n<p>Le torse du mannequin est con\u00e7u pour la r\u00e9animation (RCP) et comprend des rep\u00e8res anatomiques tels que le sternum, la cage thoracique et l&#8217;os du sternum. Il comporte \u00e9galement des structures anatomiques d\u00e9taill\u00e9es, notamment :<\/p>\n<ul>\n<li>Dents, luette, et un larynx complet avec cordes vocales, glotte, \u00e9piglotte et cartilages aryt\u00e9no\u00efdes.<\/li>\n<li>Trach\u00e9e et \u0153sophage.<\/li>\n<li>Poumons et estomac gonflables.<\/li>\n<\/ul>\n<p>De plus, le torse permet de poser une sonde naso-gastrique et est compatible avec des dispositifs de gestion des voies respiratoires tels que Combitube\u00ae, E.O.A., E.G.T.A., P.T.L. et i-gel.<\/p>\n<h2>H\u00e9morragies graves<\/h2>\n<p>Le mannequin dispose d&#8217;une blessure ouverte traumatique \u00e0 la cuisse, con\u00e7ue pour s&#8217;entra\u00eener \u00e0 l&#8217;application correcte d&#8217;un garrot ou d&#8217;un bandage compressif. Le formateur peut contr\u00f4ler la perte de sang gr\u00e2ce \u00e0 une pompe \u00e0 sang et arr\u00eater le saignement lorsque le stagiaire effectue le traitement appropri\u00e9.<\/p>\n<h2>Options pour perfusions<\/h2>\n<p>Le mannequin de 30 kg peut \u00eatre \u00e9quip\u00e9 en option pour permettre la pose de perfusions :<\/p>\n<p>Intraveineuse (IV) : Un bras d&#8217;entra\u00eenement optionnel permet la pose d&#8217;une perfusion intraveineuse. Ce bras inclut un site d&#8217;injection intramusculaire sur le haut du bras ainsi que des options de ponction veineuse dans le bras et la main.<\/p>\n<p>Intra-osseuse (IO) : Le tibia d&#8217;entra\u00eenement intra-osseux optionnel permet l&#8217;administration de m\u00e9dicaments intra-osseux, une comp\u00e9tence cruciale lors de r\u00e9animations, de traumatismes ou de chocs. Le tibia comprend des rep\u00e8res anatomiques palpables sur le tibia proximal pour identifier le site de ponction. L&#8217;os interne imprim\u00e9 en 3D offre une r\u00e9sistance r\u00e9aliste lorsque l&#8217;aiguille p\u00e9n\u00e8tre la moelle osseuse. Fabriqu\u00e9 en silicone proth\u00e9tique respectueux de la peau, il a une apparence souple et r\u00e9aliste, et est suffisamment robuste pour 80 \u00e0 100 utilisations. Le tibia IO se fixe au mannequin avec du Velcro et peut \u00eatre facilement remplac\u00e9.<\/p>\n","protected":false},"excerpt":{"rendered":"<ul>\n<li>Sauvetage et prise en charge des victimes avec un seul mannequin<\/li>\n<li>Convient pour la gestion des voies respiratoires et la r\u00e9animation cardio-pulmonaire (RCP)<\/li>\n<li>Points de rep\u00e8re anatomiques r\u00e9alistes<\/li>\n<li>Plaie traumatique ouverte sur la cuisse avec syst\u00e8me de saignement pour l&#8217;application de garrot ou de pansement de plaie<\/li>\n<li>Options d&#8217;acc\u00e8s intraveineux disponibles<\/li>\n<li>Conception solide et robuste<\/li>\n<\/ul>\n","protected":false},"featured_media":107451,"template":"","meta":[],"product_brand":[],"product_cat":[209],"product_tag":[],"class_list":{"0":"post-107488","1":"product","2":"type-product","3":"status-publish","4":"has-post-thumbnail","6":"product_cat-mannequins-de-la-assistance-technique","8":"first","9":"instock","10":"taxable","11":"shipping-taxable","12":"purchasable","13":"product-type-variable"},"yoast_head":"<!-- This site is optimized with the Yoast SEO plugin v27.5 - https:\/\/yoast.com\/product\/yoast-seo-wordpress\/ -->\n<title>Ruth Lee Mannequin de Sauvetage en Traumatologie - FireWare<\/title>\n<meta name=\"robots\" content=\"index, follow, max-snippet:-1, max-image-preview:large, max-video-preview:-1\" \/>\n<link rel=\"canonical\" href=\"https:\/\/fireware.nl\/fr\/product\/ruth-lee-mannequin-de-sauvetage-en-traumatologie\/\" \/>\n<meta property=\"og:locale\" content=\"fr_FR\" \/>\n<meta property=\"og:type\" content=\"article\" \/>\n<meta property=\"og:title\" content=\"Ruth Lee Mannequin de Sauvetage en Traumatologie - FireWare\" \/>\n<meta property=\"og:description\" content=\"Sauvetage et prise en charge des victimes avec un seul mannequin  Convient pour la gestion des voies respiratoires et la r\u00e9animation cardio-pulmonaire (RCP)  Points de rep\u00e8re anatomiques r\u00e9alistes  Plaie traumatique ouverte sur la cuisse avec syst\u00e8me de saignement pour l&#039;application de garrot ou de pansement de plaie  Options d&#039;acc\u00e8s intraveineux disponibles  Conception solide et robuste\" \/>\n<meta property=\"og:url\" content=\"https:\/\/fireware.nl\/fr\/product\/ruth-lee-mannequin-de-sauvetage-en-traumatologie\/\" \/>\n<meta property=\"og:site_name\" content=\"FireWare\" \/>\n<meta property=\"article:publisher\" content=\"https:\/\/www.facebook.com\/FireWareBV\/\" \/>\n<meta property=\"article:modified_time\" content=\"2025-05-21T14:54:20+00:00\" \/>\n<meta property=\"og:image\" content=\"https:\/\/fireware.nl\/wp-content\/uploads\/2024\/12\/Trauma-Rescue-Manakin_Product-foto_001.jpg\" \/>\n\t<meta property=\"og:image:width\" content=\"600\" \/>\n\t<meta property=\"og:image:height\" content=\"600\" \/>\n\t<meta property=\"og:image:type\" content=\"image\/jpeg\" \/>\n<meta name=\"twitter:card\" content=\"summary_large_image\" \/>\n<meta name=\"twitter:site\" content=\"@FireWarebv\" \/>\n<meta name=\"twitter:label1\" content=\"Dur\u00e9e de lecture estim\u00e9e\" \/>\n\t<meta name=\"twitter:data1\" content=\"3 minutes\" \/>\n<script type=\"application\/ld+json\" class=\"yoast-schema-graph\">{\"@context\":\"https:\\\/\\\/schema.org\",\"@graph\":[{\"@type\":\"WebPage\",\"@id\":\"https:\\\/\\\/fireware.nl\\\/fr\\\/product\\\/ruth-lee-mannequin-de-sauvetage-en-traumatologie\\\/\",\"url\":\"https:\\\/\\\/fireware.nl\\\/fr\\\/product\\\/ruth-lee-mannequin-de-sauvetage-en-traumatologie\\\/\",\"name\":\"Ruth Lee Mannequin de Sauvetage en Traumatologie - FireWare\",\"isPartOf\":{\"@id\":\"https:\\\/\\\/fireware.nl\\\/fr\\\/#website\"},\"primaryImageOfPage\":{\"@id\":\"https:\\\/\\\/fireware.nl\\\/fr\\\/product\\\/ruth-lee-mannequin-de-sauvetage-en-traumatologie\\\/#primaryimage\"},\"image\":{\"@id\":\"https:\\\/\\\/fireware.nl\\\/fr\\\/product\\\/ruth-lee-mannequin-de-sauvetage-en-traumatologie\\\/#primaryimage\"},\"thumbnailUrl\":\"https:\\\/\\\/fireware.nl\\\/wp-content\\\/uploads\\\/2024\\\/12\\\/Trauma-Rescue-Manakin_Product-foto_001.jpg\",\"datePublished\":\"2025-01-07T15:52:20+00:00\",\"dateModified\":\"2025-05-21T14:54:20+00:00\",\"breadcrumb\":{\"@id\":\"https:\\\/\\\/fireware.nl\\\/fr\\\/product\\\/ruth-lee-mannequin-de-sauvetage-en-traumatologie\\\/#breadcrumb\"},\"inLanguage\":\"fr-FR\",\"potentialAction\":[{\"@type\":\"ReadAction\",\"target\":[\"https:\\\/\\\/fireware.nl\\\/fr\\\/product\\\/ruth-lee-mannequin-de-sauvetage-en-traumatologie\\\/\"]}]},{\"@type\":\"ImageObject\",\"inLanguage\":\"fr-FR\",\"@id\":\"https:\\\/\\\/fireware.nl\\\/fr\\\/product\\\/ruth-lee-mannequin-de-sauvetage-en-traumatologie\\\/#primaryimage\",\"url\":\"https:\\\/\\\/fireware.nl\\\/wp-content\\\/uploads\\\/2024\\\/12\\\/Trauma-Rescue-Manakin_Product-foto_001.jpg\",\"contentUrl\":\"https:\\\/\\\/fireware.nl\\\/wp-content\\\/uploads\\\/2024\\\/12\\\/Trauma-Rescue-Manakin_Product-foto_001.jpg\",\"width\":600,\"height\":600},{\"@type\":\"BreadcrumbList\",\"@id\":\"https:\\\/\\\/fireware.nl\\\/fr\\\/product\\\/ruth-lee-mannequin-de-sauvetage-en-traumatologie\\\/#breadcrumb\",\"itemListElement\":[{\"@type\":\"ListItem\",\"position\":1,\"name\":\"Home\",\"item\":\"https:\\\/\\\/fireware.nl\\\/fr\\\/\"},{\"@type\":\"ListItem\",\"position\":2,\"name\":\"Produits\",\"item\":\"https:\\\/\\\/fireware.nl\\\/fr\\\/produits\\\/\"},{\"@type\":\"ListItem\",\"position\":3,\"name\":\"Ruth Lee Mannequin de Sauvetage en Traumatologie\"}]},{\"@type\":\"WebSite\",\"@id\":\"https:\\\/\\\/fireware.nl\\\/fr\\\/#website\",\"url\":\"https:\\\/\\\/fireware.nl\\\/fr\\\/\",\"name\":\"FireWare\",\"description\":\"CREATING REALISTIC  TRAINING ENVIRONMENTS\",\"publisher\":{\"@id\":\"https:\\\/\\\/fireware.nl\\\/fr\\\/#organization\"},\"potentialAction\":[{\"@type\":\"SearchAction\",\"target\":{\"@type\":\"EntryPoint\",\"urlTemplate\":\"https:\\\/\\\/fireware.nl\\\/fr\\\/?s={search_term_string}\"},\"query-input\":{\"@type\":\"PropertyValueSpecification\",\"valueRequired\":true,\"valueName\":\"search_term_string\"}}],\"inLanguage\":\"fr-FR\"},{\"@type\":\"Organization\",\"@id\":\"https:\\\/\\\/fireware.nl\\\/fr\\\/#organization\",\"name\":\"FireWare\",\"url\":\"https:\\\/\\\/fireware.nl\\\/fr\\\/\",\"logo\":{\"@type\":\"ImageObject\",\"inLanguage\":\"fr-FR\",\"@id\":\"https:\\\/\\\/fireware.nl\\\/fr\\\/#\\\/schema\\\/logo\\\/image\\\/\",\"url\":\"https:\\\/\\\/fireware.nl\\\/wp-content\\\/uploads\\\/2018\\\/10\\\/FireWare-logo.jpg\",\"contentUrl\":\"https:\\\/\\\/fireware.nl\\\/wp-content\\\/uploads\\\/2018\\\/10\\\/FireWare-logo.jpg\",\"width\":171,\"height\":70,\"caption\":\"FireWare\"},\"image\":{\"@id\":\"https:\\\/\\\/fireware.nl\\\/fr\\\/#\\\/schema\\\/logo\\\/image\\\/\"},\"sameAs\":[\"https:\\\/\\\/www.facebook.com\\\/FireWareBV\\\/\",\"https:\\\/\\\/x.com\\\/FireWarebv\",\"https:\\\/\\\/www.instagram.com\\\/fireware_nl\\\/\",\"https:\\\/\\\/www.linkedin.com\\\/company\\\/3586017\\\/\",\"https:\\\/\\\/www.youtube.com\\\/user\\\/firesalesrentconsult\"]}]}<\/script>\n<!-- \/ Yoast SEO plugin. -->","yoast_head_json":{"title":"Ruth Lee Mannequin de Sauvetage en Traumatologie - FireWare","robots":{"index":"index","follow":"follow","max-snippet":"max-snippet:-1","max-image-preview":"max-image-preview:large","max-video-preview":"max-video-preview:-1"},"canonical":"https:\/\/fireware.nl\/fr\/product\/ruth-lee-mannequin-de-sauvetage-en-traumatologie\/","og_locale":"fr_FR","og_type":"article","og_title":"Ruth Lee Mannequin de Sauvetage en Traumatologie - FireWare","og_description":"Sauvetage et prise en charge des victimes avec un seul mannequin  Convient pour la gestion des voies respiratoires et la r\u00e9animation cardio-pulmonaire (RCP)  Points de rep\u00e8re anatomiques r\u00e9alistes  Plaie traumatique ouverte sur la cuisse avec syst\u00e8me de saignement pour l'application de garrot ou de pansement de plaie  Options d'acc\u00e8s intraveineux disponibles  Conception solide et robuste","og_url":"https:\/\/fireware.nl\/fr\/product\/ruth-lee-mannequin-de-sauvetage-en-traumatologie\/","og_site_name":"FireWare","article_publisher":"https:\/\/www.facebook.com\/FireWareBV\/","article_modified_time":"2025-05-21T14:54:20+00:00","og_image":[{"width":600,"height":600,"url":"https:\/\/fireware.nl\/wp-content\/uploads\/2024\/12\/Trauma-Rescue-Manakin_Product-foto_001.jpg","type":"image\/jpeg"}],"twitter_card":"summary_large_image","twitter_site":"@FireWarebv","twitter_misc":{"Dur\u00e9e de lecture estim\u00e9e":"3 minutes"},"schema":{"@context":"https:\/\/schema.org","@graph":[{"@type":"WebPage","@id":"https:\/\/fireware.nl\/fr\/product\/ruth-lee-mannequin-de-sauvetage-en-traumatologie\/","url":"https:\/\/fireware.nl\/fr\/product\/ruth-lee-mannequin-de-sauvetage-en-traumatologie\/","name":"Ruth Lee Mannequin de Sauvetage en Traumatologie - FireWare","isPartOf":{"@id":"https:\/\/fireware.nl\/fr\/#website"},"primaryImageOfPage":{"@id":"https:\/\/fireware.nl\/fr\/product\/ruth-lee-mannequin-de-sauvetage-en-traumatologie\/#primaryimage"},"image":{"@id":"https:\/\/fireware.nl\/fr\/product\/ruth-lee-mannequin-de-sauvetage-en-traumatologie\/#primaryimage"},"thumbnailUrl":"https:\/\/fireware.nl\/wp-content\/uploads\/2024\/12\/Trauma-Rescue-Manakin_Product-foto_001.jpg","datePublished":"2025-01-07T15:52:20+00:00","dateModified":"2025-05-21T14:54:20+00:00","breadcrumb":{"@id":"https:\/\/fireware.nl\/fr\/product\/ruth-lee-mannequin-de-sauvetage-en-traumatologie\/#breadcrumb"},"inLanguage":"fr-FR","potentialAction":[{"@type":"ReadAction","target":["https:\/\/fireware.nl\/fr\/product\/ruth-lee-mannequin-de-sauvetage-en-traumatologie\/"]}]},{"@type":"ImageObject","inLanguage":"fr-FR","@id":"https:\/\/fireware.nl\/fr\/product\/ruth-lee-mannequin-de-sauvetage-en-traumatologie\/#primaryimage","url":"https:\/\/fireware.nl\/wp-content\/uploads\/2024\/12\/Trauma-Rescue-Manakin_Product-foto_001.jpg","contentUrl":"https:\/\/fireware.nl\/wp-content\/uploads\/2024\/12\/Trauma-Rescue-Manakin_Product-foto_001.jpg","width":600,"height":600},{"@type":"BreadcrumbList","@id":"https:\/\/fireware.nl\/fr\/product\/ruth-lee-mannequin-de-sauvetage-en-traumatologie\/#breadcrumb","itemListElement":[{"@type":"ListItem","position":1,"name":"Home","item":"https:\/\/fireware.nl\/fr\/"},{"@type":"ListItem","position":2,"name":"Produits","item":"https:\/\/fireware.nl\/fr\/produits\/"},{"@type":"ListItem","position":3,"name":"Ruth Lee Mannequin de Sauvetage en Traumatologie"}]},{"@type":"WebSite","@id":"https:\/\/fireware.nl\/fr\/#website","url":"https:\/\/fireware.nl\/fr\/","name":"FireWare","description":"CREATING REALISTIC  TRAINING ENVIRONMENTS","publisher":{"@id":"https:\/\/fireware.nl\/fr\/#organization"},"potentialAction":[{"@type":"SearchAction","target":{"@type":"EntryPoint","urlTemplate":"https:\/\/fireware.nl\/fr\/?s={search_term_string}"},"query-input":{"@type":"PropertyValueSpecification","valueRequired":true,"valueName":"search_term_string"}}],"inLanguage":"fr-FR"},{"@type":"Organization","@id":"https:\/\/fireware.nl\/fr\/#organization","name":"FireWare","url":"https:\/\/fireware.nl\/fr\/","logo":{"@type":"ImageObject","inLanguage":"fr-FR","@id":"https:\/\/fireware.nl\/fr\/#\/schema\/logo\/image\/","url":"https:\/\/fireware.nl\/wp-content\/uploads\/2018\/10\/FireWare-logo.jpg","contentUrl":"https:\/\/fireware.nl\/wp-content\/uploads\/2018\/10\/FireWare-logo.jpg","width":171,"height":70,"caption":"FireWare"},"image":{"@id":"https:\/\/fireware.nl\/fr\/#\/schema\/logo\/image\/"},"sameAs":["https:\/\/www.facebook.com\/FireWareBV\/","https:\/\/x.com\/FireWarebv","https:\/\/www.instagram.com\/fireware_nl\/","https:\/\/www.linkedin.com\/company\/3586017\/","https:\/\/www.youtube.com\/user\/firesalesrentconsult"]}]}},"publishpress_future_workflow_manual_trigger":{"enabledWorkflows":[]},"_links":{"self":[{"href":"https:\/\/fireware.nl\/fr\/wp-json\/wp\/v2\/product\/107488","targetHints":{"allow":["GET"]}}],"collection":[{"href":"https:\/\/fireware.nl\/fr\/wp-json\/wp\/v2\/product"}],"about":[{"href":"https:\/\/fireware.nl\/fr\/wp-json\/wp\/v2\/types\/product"}],"wp:featuredmedia":[{"embeddable":true,"href":"https:\/\/fireware.nl\/fr\/wp-json\/wp\/v2\/media\/107451"}],"wp:attachment":[{"href":"https:\/\/fireware.nl\/fr\/wp-json\/wp\/v2\/media?parent=107488"}],"wp:term":[{"taxonomy":"product_brand","embeddable":true,"href":"https:\/\/fireware.nl\/fr\/wp-json\/wp\/v2\/product_brand?post=107488"},{"taxonomy":"product_cat","embeddable":true,"href":"https:\/\/fireware.nl\/fr\/wp-json\/wp\/v2\/product_cat?post=107488"},{"taxonomy":"product_tag","embeddable":true,"href":"https:\/\/fireware.nl\/fr\/wp-json\/wp\/v2\/product_tag?post=107488"}],"curies":[{"name":"wp","href":"https:\/\/api.w.org\/{rel}","templated":true}]}}