
{"id":115506,"date":"2025-02-19T14:43:15","date_gmt":"2025-02-19T14:43:15","guid":{"rendered":"https:\/\/fireware.nl\/?post_type=product&#038;p=115506"},"modified":"2025-05-21T14:47:01","modified_gmt":"2025-05-21T14:47:01","slug":"mannequin-de-gestion-complete-des-voies-respiratoires","status":"publish","type":"product","link":"https:\/\/fireware.nl\/fr\/product\/mannequin-de-gestion-complete-des-voies-respiratoires\/","title":{"rendered":"Mannequin de gestion compl\u00e8te des voies respiratoires"},"content":{"rendered":"<h2 data-start=\"0\" data-end=\"40\">Les mannequins d&#8217;entra\u00eenement Ruth Lee<\/h2>\n<p data-start=\"42\" data-end=\"629\">Les mannequins d&#8217;entra\u00eenement Ruth Lee sont con\u00e7us pour un entra\u00eenement r\u00e9aliste et efficace. Ils sont reconnus pour leur durabilit\u00e9 et leur polyvalence, ce qui les rend id\u00e9aux pour la formation des pompiers, des \u00e9quipes de premiers secours, des services de sauvetage et d\u2019autres professionnels de l\u2019urgence. Gr\u00e2ce aux mannequins Ruth Lee, il est possible de simuler des sc\u00e9narios r\u00e9alistes, permettant ainsi aux secouristes d\u2019\u00eatre mieux pr\u00e9par\u00e9s aux situations d\u2019urgence r\u00e9elles. La gamme comprend des mannequins adapt\u00e9s \u00e0 divers types de formation, avec diff\u00e9rentes tailles et poids.<\/p>\n<h2 data-start=\"631\" data-end=\"661\">Un entra\u00eenement r\u00e9aliste<\/h2>\n<p data-start=\"663\" data-end=\"1212\">La gestion des voies respiratoires est souvent pratiqu\u00e9e en salle de classe. Pourtant, dans la r\u00e9alit\u00e9, les victimes ne se trouvent que rarement dans des positions id\u00e9ales. Les conditions d\u2019intervention sont souvent complexes. C\u2019est pourquoi le mannequin Ruth Lee Full Bodied Airway Management a \u00e9t\u00e9 d\u00e9velopp\u00e9 : un mannequin robuste qui peut \u00eatre utilis\u00e9 dans des simulations d\u2019incidents, permettant ainsi aux secouristes de s\u2019entra\u00eener aussi bien aux techniques de sauvetage qu\u2019\u00e0 la prise en charge des victimes dans des situations r\u00e9alistes.<\/p>\n<h2 data-start=\"1214\" data-end=\"1273\">Sauvetage et gestion des voies respiratoires combin\u00e9s<\/h2>\n<p data-start=\"1275\" data-end=\"1668\">Le mannequin Ruth Lee Full Bodied Airway Management a \u00e9t\u00e9 sp\u00e9cialement con\u00e7u pour un entra\u00eenement r\u00e9aliste \u00e0 la gestion des voies respiratoires. Il allie la robustesse des mannequins Ruth Lee \u00e0 un entra\u00eeneur avanc\u00e9 des voies respiratoires de Simulaids. Gr\u00e2ce \u00e0 cette combinaison, les secouristes peuvent s\u2019exercer aux techniques de r\u00e9animation et d\u2019intubation de mani\u00e8re approfondie.<\/p>\n<h2 data-start=\"1670\" data-end=\"1721\">Un large \u00e9ventail de comp\u00e9tences \u00e0 travailler<\/h2>\n<p data-start=\"1723\" data-end=\"1854\">Gr\u00e2ce aux fonctionnalit\u00e9s int\u00e9gr\u00e9es pour la gestion des voies respiratoires, ce mannequin est id\u00e9al pour apprendre et pratiquer :<\/p>\n<ul data-start=\"1856\" data-end=\"2169\">\n<li data-start=\"1856\" data-end=\"1921\">Des sc\u00e9narios de sauvetage dans des environnements difficiles<\/li>\n<li data-start=\"1922\" data-end=\"1971\">Des techniques d\u2019intubation et de ventilation<\/li>\n<li data-start=\"1972\" data-end=\"2094\">L\u2019utilisation d\u2019aides \u00e0 la gestion des voies respiratoires, telles que les masques laryng\u00e9s et les tubes endotrach\u00e9aux<\/li>\n<li data-start=\"2095\" data-end=\"2169\">Les protocoles BLS (Basic Life Support) et ALS (Advanced Life Support)<\/li>\n<\/ul>\n<h2 data-start=\"2171\" data-end=\"2198\">Robuste et polyvalent<\/h2>\n<p data-start=\"2200\" data-end=\"2598\">Comme les autres mannequins de la gamme Ruth Lee, ce mod\u00e8le est con\u00e7u pour r\u00e9sister \u00e0 une utilisation intensive. Son poids r\u00e9aliste et ses articulations flexibles permettent d\u2019entra\u00eener des techniques de sauvetage avanc\u00e9es, comme le levage et le transport des victimes. Cela en fait un outil adapt\u00e9 aussi bien aux formations m\u00e9dicales qu\u2019aux entra\u00eenements des services de secours et des pompiers.<\/p>\n<h2 data-start=\"2600\" data-end=\"2629\">Options et alternatives<\/h2>\n<p data-start=\"2631\" data-end=\"2880\">Le mannequin Full Body Airway Management est disponible en plusieurs tailles et poids, avec ou sans le torse Simulaids. Un mod\u00e8le de 20 kg est propos\u00e9 avec un bras IV sp\u00e9cial pour la pratique de l\u2019insertion d\u2019un cath\u00e9ter intraveineux (IV).<\/p>\n<p data-start=\"2882\" data-end=\"3038\">Vous recherchez un mannequin robuste pour l\u2019apprentissage des techniques de r\u00e9animation ? D\u00e9couvrez le <a href=\"https:\/\/fireware.nl\/fr\/product\/body-for-cpr\/\" target=\"_blank\" rel=\"noopener\">Body for CPR<\/a> associ\u00e9 \u00e0 un <a href=\"https:\/\/fireware.nl\/fr\/product\/brad\/\" target=\"_blank\" rel=\"noopener\">torse de r\u00e9animation<\/a>.<\/p>\n<p data-start=\"3040\" data-end=\"3254\" data-is-last-node=\"\">Vous souhaitez un mannequin robuste permettant de s\u2019entra\u00eener \u00e0 la ventilation, \u00e0 la r\u00e9animation, au traitement des h\u00e9morragies et bien plus encore ? Dans ce cas, le <a href=\"https:\/\/fireware.nl\/fr\/product\/ruth-lee-mannequin-de-sauvetage-en-traumatologie\/\" target=\"_blank\" rel=\"noopener\">Mannequin de Sauvetage en Traumatologie<\/a>\u00a0est le meilleur choix.<\/p>\n","protected":false},"excerpt":{"rendered":"<ul>\n<li data-start=\"0\" data-end=\"96\">Mannequin d&#8217;entra\u00eenement robuste avec simulateur de gestion des voies respiratoires int\u00e9gr\u00e9.<\/li>\n<li data-start=\"97\" data-end=\"161\">Entra\u00eenement au traitement r\u00e9aliste des voies respiratoires.<\/li>\n<li data-start=\"162\" data-end=\"201\">Convient aux formations BLS et ALS.<\/li>\n<li data-start=\"202\" data-end=\"304\">Poids et proportions corporelles r\u00e9alistes pour des exercices efficaces de levage et de transport.<\/li>\n<li data-start=\"305\" data-end=\"363\">Rep\u00e8res anatomiques, tels que le sternum et les c\u00f4tes.<\/li>\n<li data-start=\"364\" data-end=\"430\">Durable et r\u00e9sistant aux conditions d&#8217;entra\u00eenement intensives.<\/li>\n<li data-start=\"431\" data-end=\"475\">Torse amovible pour un nettoyage facile.<\/li>\n<li data-start=\"476\" data-end=\"517\" data-is-last-node=\"\">Livr\u00e9 avec une combinaison rempla\u00e7able.<\/li>\n<\/ul>\n","protected":false},"featured_media":115474,"template":"","meta":[],"product_brand":[],"product_cat":[209],"product_tag":[],"class_list":{"0":"post-115506","1":"product","2":"type-product","3":"status-publish","4":"has-post-thumbnail","6":"product_cat-mannequins-de-la-assistance-technique","8":"first","9":"instock","10":"taxable","11":"shipping-taxable","12":"purchasable","13":"product-type-variable"},"yoast_head":"<!-- This site is optimized with the Yoast SEO plugin v27.5 - https:\/\/yoast.com\/product\/yoast-seo-wordpress\/ -->\n<title>Mannequin de gestion compl\u00e8te des voies respiratoires - FireWare<\/title>\n<meta name=\"robots\" content=\"index, follow, max-snippet:-1, max-image-preview:large, max-video-preview:-1\" \/>\n<link rel=\"canonical\" href=\"https:\/\/fireware.nl\/fr\/product\/mannequin-de-gestion-complete-des-voies-respiratoires\/\" \/>\n<meta property=\"og:locale\" content=\"fr_FR\" \/>\n<meta property=\"og:type\" content=\"article\" \/>\n<meta property=\"og:title\" content=\"Mannequin de gestion compl\u00e8te des voies respiratoires - FireWare\" \/>\n<meta property=\"og:description\" content=\"Mannequin d&#039;entra\u00eenement robuste avec simulateur de gestion des voies respiratoires int\u00e9gr\u00e9.  Entra\u00eenement au traitement r\u00e9aliste des voies respiratoires.  Convient aux formations BLS et ALS.  Poids et proportions corporelles r\u00e9alistes pour des exercices efficaces de levage et de transport.  Rep\u00e8res anatomiques, tels que le sternum et les c\u00f4tes.  Durable et r\u00e9sistant aux conditions d&#039;entra\u00eenement intensives.  Torse amovible pour un nettoyage facile.  Livr\u00e9 avec une combinaison rempla\u00e7able.\" \/>\n<meta property=\"og:url\" content=\"https:\/\/fireware.nl\/fr\/product\/mannequin-de-gestion-complete-des-voies-respiratoires\/\" \/>\n<meta property=\"og:site_name\" content=\"FireWare\" \/>\n<meta property=\"article:publisher\" content=\"https:\/\/www.facebook.com\/FireWareBV\/\" \/>\n<meta property=\"article:modified_time\" content=\"2025-05-21T14:47:01+00:00\" \/>\n<meta property=\"og:image\" content=\"https:\/\/fireware.nl\/wp-content\/uploads\/2025\/02\/Adult-Airway-Training-Manikin_Product_001.jpg\" \/>\n\t<meta property=\"og:image:width\" content=\"600\" \/>\n\t<meta property=\"og:image:height\" content=\"600\" \/>\n\t<meta property=\"og:image:type\" content=\"image\/jpeg\" \/>\n<meta name=\"twitter:card\" content=\"summary_large_image\" \/>\n<meta name=\"twitter:site\" content=\"@FireWarebv\" \/>\n<meta name=\"twitter:label1\" content=\"Dur\u00e9e de lecture estim\u00e9e\" \/>\n\t<meta name=\"twitter:data1\" content=\"3 minutes\" \/>\n<script type=\"application\/ld+json\" class=\"yoast-schema-graph\">{\"@context\":\"https:\\\/\\\/schema.org\",\"@graph\":[{\"@type\":\"WebPage\",\"@id\":\"https:\\\/\\\/fireware.nl\\\/fr\\\/product\\\/mannequin-de-gestion-complete-des-voies-respiratoires\\\/\",\"url\":\"https:\\\/\\\/fireware.nl\\\/fr\\\/product\\\/mannequin-de-gestion-complete-des-voies-respiratoires\\\/\",\"name\":\"Mannequin de gestion compl\u00e8te des voies respiratoires - FireWare\",\"isPartOf\":{\"@id\":\"https:\\\/\\\/fireware.nl\\\/fr\\\/#website\"},\"primaryImageOfPage\":{\"@id\":\"https:\\\/\\\/fireware.nl\\\/fr\\\/product\\\/mannequin-de-gestion-complete-des-voies-respiratoires\\\/#primaryimage\"},\"image\":{\"@id\":\"https:\\\/\\\/fireware.nl\\\/fr\\\/product\\\/mannequin-de-gestion-complete-des-voies-respiratoires\\\/#primaryimage\"},\"thumbnailUrl\":\"https:\\\/\\\/fireware.nl\\\/wp-content\\\/uploads\\\/2025\\\/02\\\/Adult-Airway-Training-Manikin_Product_001.jpg\",\"datePublished\":\"2025-02-19T14:43:15+00:00\",\"dateModified\":\"2025-05-21T14:47:01+00:00\",\"breadcrumb\":{\"@id\":\"https:\\\/\\\/fireware.nl\\\/fr\\\/product\\\/mannequin-de-gestion-complete-des-voies-respiratoires\\\/#breadcrumb\"},\"inLanguage\":\"fr-FR\",\"potentialAction\":[{\"@type\":\"ReadAction\",\"target\":[\"https:\\\/\\\/fireware.nl\\\/fr\\\/product\\\/mannequin-de-gestion-complete-des-voies-respiratoires\\\/\"]}]},{\"@type\":\"ImageObject\",\"inLanguage\":\"fr-FR\",\"@id\":\"https:\\\/\\\/fireware.nl\\\/fr\\\/product\\\/mannequin-de-gestion-complete-des-voies-respiratoires\\\/#primaryimage\",\"url\":\"https:\\\/\\\/fireware.nl\\\/wp-content\\\/uploads\\\/2025\\\/02\\\/Adult-Airway-Training-Manikin_Product_001.jpg\",\"contentUrl\":\"https:\\\/\\\/fireware.nl\\\/wp-content\\\/uploads\\\/2025\\\/02\\\/Adult-Airway-Training-Manikin_Product_001.jpg\",\"width\":600,\"height\":600},{\"@type\":\"BreadcrumbList\",\"@id\":\"https:\\\/\\\/fireware.nl\\\/fr\\\/product\\\/mannequin-de-gestion-complete-des-voies-respiratoires\\\/#breadcrumb\",\"itemListElement\":[{\"@type\":\"ListItem\",\"position\":1,\"name\":\"Home\",\"item\":\"https:\\\/\\\/fireware.nl\\\/fr\\\/\"},{\"@type\":\"ListItem\",\"position\":2,\"name\":\"Produits\",\"item\":\"https:\\\/\\\/fireware.nl\\\/fr\\\/produits\\\/\"},{\"@type\":\"ListItem\",\"position\":3,\"name\":\"Mannequin de gestion compl\u00e8te des voies respiratoires\"}]},{\"@type\":\"WebSite\",\"@id\":\"https:\\\/\\\/fireware.nl\\\/fr\\\/#website\",\"url\":\"https:\\\/\\\/fireware.nl\\\/fr\\\/\",\"name\":\"FireWare\",\"description\":\"CREATING REALISTIC  TRAINING ENVIRONMENTS\",\"publisher\":{\"@id\":\"https:\\\/\\\/fireware.nl\\\/fr\\\/#organization\"},\"potentialAction\":[{\"@type\":\"SearchAction\",\"target\":{\"@type\":\"EntryPoint\",\"urlTemplate\":\"https:\\\/\\\/fireware.nl\\\/fr\\\/?s={search_term_string}\"},\"query-input\":{\"@type\":\"PropertyValueSpecification\",\"valueRequired\":true,\"valueName\":\"search_term_string\"}}],\"inLanguage\":\"fr-FR\"},{\"@type\":\"Organization\",\"@id\":\"https:\\\/\\\/fireware.nl\\\/fr\\\/#organization\",\"name\":\"FireWare\",\"url\":\"https:\\\/\\\/fireware.nl\\\/fr\\\/\",\"logo\":{\"@type\":\"ImageObject\",\"inLanguage\":\"fr-FR\",\"@id\":\"https:\\\/\\\/fireware.nl\\\/fr\\\/#\\\/schema\\\/logo\\\/image\\\/\",\"url\":\"https:\\\/\\\/fireware.nl\\\/wp-content\\\/uploads\\\/2018\\\/10\\\/FireWare-logo.jpg\",\"contentUrl\":\"https:\\\/\\\/fireware.nl\\\/wp-content\\\/uploads\\\/2018\\\/10\\\/FireWare-logo.jpg\",\"width\":171,\"height\":70,\"caption\":\"FireWare\"},\"image\":{\"@id\":\"https:\\\/\\\/fireware.nl\\\/fr\\\/#\\\/schema\\\/logo\\\/image\\\/\"},\"sameAs\":[\"https:\\\/\\\/www.facebook.com\\\/FireWareBV\\\/\",\"https:\\\/\\\/x.com\\\/FireWarebv\",\"https:\\\/\\\/www.instagram.com\\\/fireware_nl\\\/\",\"https:\\\/\\\/www.linkedin.com\\\/company\\\/3586017\\\/\",\"https:\\\/\\\/www.youtube.com\\\/user\\\/firesalesrentconsult\"]}]}<\/script>\n<!-- \/ Yoast SEO plugin. -->","yoast_head_json":{"title":"Mannequin de gestion compl\u00e8te des voies respiratoires - FireWare","robots":{"index":"index","follow":"follow","max-snippet":"max-snippet:-1","max-image-preview":"max-image-preview:large","max-video-preview":"max-video-preview:-1"},"canonical":"https:\/\/fireware.nl\/fr\/product\/mannequin-de-gestion-complete-des-voies-respiratoires\/","og_locale":"fr_FR","og_type":"article","og_title":"Mannequin de gestion compl\u00e8te des voies respiratoires - FireWare","og_description":"Mannequin d'entra\u00eenement robuste avec simulateur de gestion des voies respiratoires int\u00e9gr\u00e9.  Entra\u00eenement au traitement r\u00e9aliste des voies respiratoires.  Convient aux formations BLS et ALS.  Poids et proportions corporelles r\u00e9alistes pour des exercices efficaces de levage et de transport.  Rep\u00e8res anatomiques, tels que le sternum et les c\u00f4tes.  Durable et r\u00e9sistant aux conditions d'entra\u00eenement intensives.  Torse amovible pour un nettoyage facile.  Livr\u00e9 avec une combinaison rempla\u00e7able.","og_url":"https:\/\/fireware.nl\/fr\/product\/mannequin-de-gestion-complete-des-voies-respiratoires\/","og_site_name":"FireWare","article_publisher":"https:\/\/www.facebook.com\/FireWareBV\/","article_modified_time":"2025-05-21T14:47:01+00:00","og_image":[{"width":600,"height":600,"url":"https:\/\/fireware.nl\/wp-content\/uploads\/2025\/02\/Adult-Airway-Training-Manikin_Product_001.jpg","type":"image\/jpeg"}],"twitter_card":"summary_large_image","twitter_site":"@FireWarebv","twitter_misc":{"Dur\u00e9e de lecture estim\u00e9e":"3 minutes"},"schema":{"@context":"https:\/\/schema.org","@graph":[{"@type":"WebPage","@id":"https:\/\/fireware.nl\/fr\/product\/mannequin-de-gestion-complete-des-voies-respiratoires\/","url":"https:\/\/fireware.nl\/fr\/product\/mannequin-de-gestion-complete-des-voies-respiratoires\/","name":"Mannequin de gestion compl\u00e8te des voies respiratoires - FireWare","isPartOf":{"@id":"https:\/\/fireware.nl\/fr\/#website"},"primaryImageOfPage":{"@id":"https:\/\/fireware.nl\/fr\/product\/mannequin-de-gestion-complete-des-voies-respiratoires\/#primaryimage"},"image":{"@id":"https:\/\/fireware.nl\/fr\/product\/mannequin-de-gestion-complete-des-voies-respiratoires\/#primaryimage"},"thumbnailUrl":"https:\/\/fireware.nl\/wp-content\/uploads\/2025\/02\/Adult-Airway-Training-Manikin_Product_001.jpg","datePublished":"2025-02-19T14:43:15+00:00","dateModified":"2025-05-21T14:47:01+00:00","breadcrumb":{"@id":"https:\/\/fireware.nl\/fr\/product\/mannequin-de-gestion-complete-des-voies-respiratoires\/#breadcrumb"},"inLanguage":"fr-FR","potentialAction":[{"@type":"ReadAction","target":["https:\/\/fireware.nl\/fr\/product\/mannequin-de-gestion-complete-des-voies-respiratoires\/"]}]},{"@type":"ImageObject","inLanguage":"fr-FR","@id":"https:\/\/fireware.nl\/fr\/product\/mannequin-de-gestion-complete-des-voies-respiratoires\/#primaryimage","url":"https:\/\/fireware.nl\/wp-content\/uploads\/2025\/02\/Adult-Airway-Training-Manikin_Product_001.jpg","contentUrl":"https:\/\/fireware.nl\/wp-content\/uploads\/2025\/02\/Adult-Airway-Training-Manikin_Product_001.jpg","width":600,"height":600},{"@type":"BreadcrumbList","@id":"https:\/\/fireware.nl\/fr\/product\/mannequin-de-gestion-complete-des-voies-respiratoires\/#breadcrumb","itemListElement":[{"@type":"ListItem","position":1,"name":"Home","item":"https:\/\/fireware.nl\/fr\/"},{"@type":"ListItem","position":2,"name":"Produits","item":"https:\/\/fireware.nl\/fr\/produits\/"},{"@type":"ListItem","position":3,"name":"Mannequin de gestion compl\u00e8te des voies respiratoires"}]},{"@type":"WebSite","@id":"https:\/\/fireware.nl\/fr\/#website","url":"https:\/\/fireware.nl\/fr\/","name":"FireWare","description":"CREATING REALISTIC  TRAINING ENVIRONMENTS","publisher":{"@id":"https:\/\/fireware.nl\/fr\/#organization"},"potentialAction":[{"@type":"SearchAction","target":{"@type":"EntryPoint","urlTemplate":"https:\/\/fireware.nl\/fr\/?s={search_term_string}"},"query-input":{"@type":"PropertyValueSpecification","valueRequired":true,"valueName":"search_term_string"}}],"inLanguage":"fr-FR"},{"@type":"Organization","@id":"https:\/\/fireware.nl\/fr\/#organization","name":"FireWare","url":"https:\/\/fireware.nl\/fr\/","logo":{"@type":"ImageObject","inLanguage":"fr-FR","@id":"https:\/\/fireware.nl\/fr\/#\/schema\/logo\/image\/","url":"https:\/\/fireware.nl\/wp-content\/uploads\/2018\/10\/FireWare-logo.jpg","contentUrl":"https:\/\/fireware.nl\/wp-content\/uploads\/2018\/10\/FireWare-logo.jpg","width":171,"height":70,"caption":"FireWare"},"image":{"@id":"https:\/\/fireware.nl\/fr\/#\/schema\/logo\/image\/"},"sameAs":["https:\/\/www.facebook.com\/FireWareBV\/","https:\/\/x.com\/FireWarebv","https:\/\/www.instagram.com\/fireware_nl\/","https:\/\/www.linkedin.com\/company\/3586017\/","https:\/\/www.youtube.com\/user\/firesalesrentconsult"]}]}},"publishpress_future_workflow_manual_trigger":{"enabledWorkflows":[]},"_links":{"self":[{"href":"https:\/\/fireware.nl\/fr\/wp-json\/wp\/v2\/product\/115506","targetHints":{"allow":["GET"]}}],"collection":[{"href":"https:\/\/fireware.nl\/fr\/wp-json\/wp\/v2\/product"}],"about":[{"href":"https:\/\/fireware.nl\/fr\/wp-json\/wp\/v2\/types\/product"}],"wp:featuredmedia":[{"embeddable":true,"href":"https:\/\/fireware.nl\/fr\/wp-json\/wp\/v2\/media\/115474"}],"wp:attachment":[{"href":"https:\/\/fireware.nl\/fr\/wp-json\/wp\/v2\/media?parent=115506"}],"wp:term":[{"taxonomy":"product_brand","embeddable":true,"href":"https:\/\/fireware.nl\/fr\/wp-json\/wp\/v2\/product_brand?post=115506"},{"taxonomy":"product_cat","embeddable":true,"href":"https:\/\/fireware.nl\/fr\/wp-json\/wp\/v2\/product_cat?post=115506"},{"taxonomy":"product_tag","embeddable":true,"href":"https:\/\/fireware.nl\/fr\/wp-json\/wp\/v2\/product_tag?post=115506"}],"curies":[{"name":"wp","href":"https:\/\/api.w.org\/{rel}","templated":true}]}}