
{"id":128944,"date":"2025-08-18T12:36:26","date_gmt":"2025-08-18T12:36:26","guid":{"rendered":"https:\/\/fireware.nl\/?post_type=product&#038;p=128944"},"modified":"2025-09-12T13:33:41","modified_gmt":"2025-09-12T13:33:41","slug":"pince-remplissage-extincteur-formation-neptune-pp-poignee","status":"publish","type":"product","link":"https:\/\/fireware.nl\/fr\/product\/pince-remplissage-extincteur-formation-neptune-pp-poignee\/","title":{"rendered":"Pince remplissage extincteur formation Neptune PP (Poign\u00e9e)"},"content":{"rendered":"<p data-start=\"50\" data-end=\"409\">La pince de remplissage Neptune est un outil indispensable pour le remplissage des <a href=\"https:\/\/fireware.nl\/fr\/product\/extincteur-de-formation-neptune\/\" target=\"_blank\" rel=\"noopener\">extincteurs d\u2019entra\u00eenement Neptune \u00e0 poign\u00e9e<\/a> de compression via le <a href=\"https:\/\/fireware.nl\/fr\/product\/neptune-systeme-de-remplissage\/\" target=\"_blank\" rel=\"noopener\">syst\u00e8me de remplissage Neptune<\/a>. Notre \u00e9quipe fabrique ce produit elle-m\u00eame dans notre CreaLab \u00e0 l\u2019aide d\u2019imprimantes 3D. Ainsi, nous cr\u00e9ons un outil pratique pour les extincteurs d\u2019entra\u00eenement Neptune !<\/p>\n<h2 data-start=\"411\" data-end=\"452\">Comment fonctionne le remplissage :<\/h2>\n<p data-start=\"454\" data-end=\"750\">Branchez le syst\u00e8me de remplissage Neptune \u00e0 une conduite d\u2019eau et \u00e0 un <a href=\"https:\/\/fireware.nl\/fr\/product\/compresseur-pour-neptune\/\" target=\"_blank\" rel=\"noopener\">compresseur<\/a>. Ajoutez \u00e9ventuellement de la <a href=\"https:\/\/fireware.nl\/fr\/product\/mousse-polyrethane-dexercice\/\" target=\"_blank\" rel=\"noopener\">mousse d\u2019entra\u00eenement<\/a>. Ensuite, d\u00e9connectez la buse de l\u2019extincteur et raccordez jusqu\u2019\u00e0 trois extincteurs simultan\u00e9ment au syst\u00e8me de remplissage \u00e0 l\u2019aide du tuyau de remplissage.<\/p>\n<p data-start=\"752\" data-end=\"1038\">D\u00e8s que vous actionnez la commande du syst\u00e8me de remplissage, les extincteurs sont mis sous pression. Ils doivent toutefois d\u2019abord \u00eatre \u00ab ouverts \u00bb, ce qui peut \u00eatre difficile lorsque plusieurs extincteurs sont remplis en m\u00eame temps. C\u2019est l\u00e0 que la pince de remplissage intervient !<\/p>\n<p data-start=\"1040\" data-end=\"1185\">Faites simplement glisser la pince de remplissage sur la poign\u00e9e pour la maintenir serr\u00e9e, et le syst\u00e8me de remplissage Neptune fait le reste !<\/p>\n","protected":false},"excerpt":{"rendered":"<ul>\n<li data-start=\"51\" data-end=\"153\">Outil sp\u00e9cial pour le remplissage des extincteurs Neptune avec le syst\u00e8me de remplissage Neptune<\/li>\n<li data-start=\"156\" data-end=\"190\">Simple et rapide \u00e0 installer<\/li>\n<li data-start=\"193\" data-end=\"252\">Permet de remplir jusqu\u2019\u00e0 3 extincteurs simultan\u00e9ment<\/li>\n<li data-start=\"255\" data-end=\"300\">Livr\u00e9 en set de 3 pinces de remplissage<\/li>\n<li data-start=\"303\" data-end=\"345\">Fabriqu\u00e9 dans le CreaLab de FireWare<\/li>\n<\/ul>\n","protected":false},"featured_media":128889,"template":"","meta":[],"product_brand":[],"product_cat":[101],"product_tag":[],"class_list":{"0":"post-128944","1":"product","2":"type-product","3":"status-publish","4":"has-post-thumbnail","6":"product_cat-extincteurs-de-formation","8":"first","9":"instock","10":"taxable","11":"shipping-taxable","12":"purchasable","13":"product-type-simple"},"yoast_head":"<!-- This site is optimized with the Yoast SEO plugin v27.5 - https:\/\/yoast.com\/product\/yoast-seo-wordpress\/ -->\n<title>Pince remplissage extincteur formation Neptune PP (Poign\u00e9e) - FireWare<\/title>\n<meta name=\"robots\" content=\"index, follow, max-snippet:-1, max-image-preview:large, max-video-preview:-1\" \/>\n<link rel=\"canonical\" href=\"https:\/\/fireware.nl\/fr\/product\/pince-remplissage-extincteur-formation-neptune-pp-poignee\/\" \/>\n<meta property=\"og:locale\" content=\"fr_FR\" \/>\n<meta property=\"og:type\" content=\"article\" \/>\n<meta property=\"og:title\" content=\"Pince remplissage extincteur formation Neptune PP (Poign\u00e9e) - FireWare\" \/>\n<meta property=\"og:description\" content=\"Outil sp\u00e9cial pour le remplissage des extincteurs Neptune avec le syst\u00e8me de remplissage Neptune  Simple et rapide \u00e0 installer  Permet de remplir jusqu\u2019\u00e0 3 extincteurs simultan\u00e9ment  Livr\u00e9 en set de 3 pinces de remplissage  Fabriqu\u00e9 dans le CreaLab de FireWare\" \/>\n<meta property=\"og:url\" content=\"https:\/\/fireware.nl\/fr\/product\/pince-remplissage-extincteur-formation-neptune-pp-poignee\/\" \/>\n<meta property=\"og:site_name\" content=\"FireWare\" \/>\n<meta property=\"article:publisher\" content=\"https:\/\/www.facebook.com\/FireWareBV\/\" \/>\n<meta property=\"article:modified_time\" content=\"2025-09-12T13:33:41+00:00\" \/>\n<meta property=\"og:image\" content=\"https:\/\/fireware.nl\/wp-content\/uploads\/2025\/08\/20250501-Neptune-vulklem_knijphandvat_015_600x600.jpg\" \/>\n\t<meta property=\"og:image:width\" content=\"600\" \/>\n\t<meta property=\"og:image:height\" content=\"600\" \/>\n\t<meta property=\"og:image:type\" content=\"image\/jpeg\" \/>\n<meta name=\"twitter:card\" content=\"summary_large_image\" \/>\n<meta name=\"twitter:site\" content=\"@FireWarebv\" \/>\n<meta name=\"twitter:label1\" content=\"Dur\u00e9e de lecture estim\u00e9e\" \/>\n\t<meta name=\"twitter:data1\" content=\"2 minutes\" \/>\n<script type=\"application\/ld+json\" class=\"yoast-schema-graph\">{\"@context\":\"https:\\\/\\\/schema.org\",\"@graph\":[{\"@type\":\"WebPage\",\"@id\":\"https:\\\/\\\/fireware.nl\\\/fr\\\/product\\\/pince-remplissage-extincteur-formation-neptune-pp-poignee\\\/\",\"url\":\"https:\\\/\\\/fireware.nl\\\/fr\\\/product\\\/pince-remplissage-extincteur-formation-neptune-pp-poignee\\\/\",\"name\":\"Pince remplissage extincteur formation Neptune PP (Poign\u00e9e) - FireWare\",\"isPartOf\":{\"@id\":\"https:\\\/\\\/fireware.nl\\\/fr\\\/#website\"},\"primaryImageOfPage\":{\"@id\":\"https:\\\/\\\/fireware.nl\\\/fr\\\/product\\\/pince-remplissage-extincteur-formation-neptune-pp-poignee\\\/#primaryimage\"},\"image\":{\"@id\":\"https:\\\/\\\/fireware.nl\\\/fr\\\/product\\\/pince-remplissage-extincteur-formation-neptune-pp-poignee\\\/#primaryimage\"},\"thumbnailUrl\":\"https:\\\/\\\/fireware.nl\\\/wp-content\\\/uploads\\\/2025\\\/08\\\/20250501-Neptune-vulklem_knijphandvat_015_600x600.jpg\",\"datePublished\":\"2025-08-18T12:36:26+00:00\",\"dateModified\":\"2025-09-12T13:33:41+00:00\",\"breadcrumb\":{\"@id\":\"https:\\\/\\\/fireware.nl\\\/fr\\\/product\\\/pince-remplissage-extincteur-formation-neptune-pp-poignee\\\/#breadcrumb\"},\"inLanguage\":\"fr-FR\",\"potentialAction\":[{\"@type\":\"ReadAction\",\"target\":[\"https:\\\/\\\/fireware.nl\\\/fr\\\/product\\\/pince-remplissage-extincteur-formation-neptune-pp-poignee\\\/\"]}]},{\"@type\":\"ImageObject\",\"inLanguage\":\"fr-FR\",\"@id\":\"https:\\\/\\\/fireware.nl\\\/fr\\\/product\\\/pince-remplissage-extincteur-formation-neptune-pp-poignee\\\/#primaryimage\",\"url\":\"https:\\\/\\\/fireware.nl\\\/wp-content\\\/uploads\\\/2025\\\/08\\\/20250501-Neptune-vulklem_knijphandvat_015_600x600.jpg\",\"contentUrl\":\"https:\\\/\\\/fireware.nl\\\/wp-content\\\/uploads\\\/2025\\\/08\\\/20250501-Neptune-vulklem_knijphandvat_015_600x600.jpg\",\"width\":600,\"height\":600},{\"@type\":\"BreadcrumbList\",\"@id\":\"https:\\\/\\\/fireware.nl\\\/fr\\\/product\\\/pince-remplissage-extincteur-formation-neptune-pp-poignee\\\/#breadcrumb\",\"itemListElement\":[{\"@type\":\"ListItem\",\"position\":1,\"name\":\"Home\",\"item\":\"https:\\\/\\\/fireware.nl\\\/fr\\\/\"},{\"@type\":\"ListItem\",\"position\":2,\"name\":\"Produits\",\"item\":\"https:\\\/\\\/fireware.nl\\\/fr\\\/produits\\\/\"},{\"@type\":\"ListItem\",\"position\":3,\"name\":\"Pince remplissage extincteur formation Neptune PP (Poign\u00e9e)\"}]},{\"@type\":\"WebSite\",\"@id\":\"https:\\\/\\\/fireware.nl\\\/fr\\\/#website\",\"url\":\"https:\\\/\\\/fireware.nl\\\/fr\\\/\",\"name\":\"FireWare\",\"description\":\"CREATING REALISTIC  TRAINING ENVIRONMENTS\",\"publisher\":{\"@id\":\"https:\\\/\\\/fireware.nl\\\/fr\\\/#organization\"},\"potentialAction\":[{\"@type\":\"SearchAction\",\"target\":{\"@type\":\"EntryPoint\",\"urlTemplate\":\"https:\\\/\\\/fireware.nl\\\/fr\\\/?s={search_term_string}\"},\"query-input\":{\"@type\":\"PropertyValueSpecification\",\"valueRequired\":true,\"valueName\":\"search_term_string\"}}],\"inLanguage\":\"fr-FR\"},{\"@type\":\"Organization\",\"@id\":\"https:\\\/\\\/fireware.nl\\\/fr\\\/#organization\",\"name\":\"FireWare\",\"url\":\"https:\\\/\\\/fireware.nl\\\/fr\\\/\",\"logo\":{\"@type\":\"ImageObject\",\"inLanguage\":\"fr-FR\",\"@id\":\"https:\\\/\\\/fireware.nl\\\/fr\\\/#\\\/schema\\\/logo\\\/image\\\/\",\"url\":\"https:\\\/\\\/fireware.nl\\\/wp-content\\\/uploads\\\/2018\\\/10\\\/FireWare-logo.jpg\",\"contentUrl\":\"https:\\\/\\\/fireware.nl\\\/wp-content\\\/uploads\\\/2018\\\/10\\\/FireWare-logo.jpg\",\"width\":171,\"height\":70,\"caption\":\"FireWare\"},\"image\":{\"@id\":\"https:\\\/\\\/fireware.nl\\\/fr\\\/#\\\/schema\\\/logo\\\/image\\\/\"},\"sameAs\":[\"https:\\\/\\\/www.facebook.com\\\/FireWareBV\\\/\",\"https:\\\/\\\/x.com\\\/FireWarebv\",\"https:\\\/\\\/www.instagram.com\\\/fireware_nl\\\/\",\"https:\\\/\\\/www.linkedin.com\\\/company\\\/3586017\\\/\",\"https:\\\/\\\/www.youtube.com\\\/user\\\/firesalesrentconsult\"]}]}<\/script>\n<!-- \/ Yoast SEO plugin. -->","yoast_head_json":{"title":"Pince remplissage extincteur formation Neptune PP (Poign\u00e9e) - FireWare","robots":{"index":"index","follow":"follow","max-snippet":"max-snippet:-1","max-image-preview":"max-image-preview:large","max-video-preview":"max-video-preview:-1"},"canonical":"https:\/\/fireware.nl\/fr\/product\/pince-remplissage-extincteur-formation-neptune-pp-poignee\/","og_locale":"fr_FR","og_type":"article","og_title":"Pince remplissage extincteur formation Neptune PP (Poign\u00e9e) - FireWare","og_description":"Outil sp\u00e9cial pour le remplissage des extincteurs Neptune avec le syst\u00e8me de remplissage Neptune  Simple et rapide \u00e0 installer  Permet de remplir jusqu\u2019\u00e0 3 extincteurs simultan\u00e9ment  Livr\u00e9 en set de 3 pinces de remplissage  Fabriqu\u00e9 dans le CreaLab de FireWare","og_url":"https:\/\/fireware.nl\/fr\/product\/pince-remplissage-extincteur-formation-neptune-pp-poignee\/","og_site_name":"FireWare","article_publisher":"https:\/\/www.facebook.com\/FireWareBV\/","article_modified_time":"2025-09-12T13:33:41+00:00","og_image":[{"width":600,"height":600,"url":"https:\/\/fireware.nl\/wp-content\/uploads\/2025\/08\/20250501-Neptune-vulklem_knijphandvat_015_600x600.jpg","type":"image\/jpeg"}],"twitter_card":"summary_large_image","twitter_site":"@FireWarebv","twitter_misc":{"Dur\u00e9e de lecture estim\u00e9e":"2 minutes"},"schema":{"@context":"https:\/\/schema.org","@graph":[{"@type":"WebPage","@id":"https:\/\/fireware.nl\/fr\/product\/pince-remplissage-extincteur-formation-neptune-pp-poignee\/","url":"https:\/\/fireware.nl\/fr\/product\/pince-remplissage-extincteur-formation-neptune-pp-poignee\/","name":"Pince remplissage extincteur formation Neptune PP (Poign\u00e9e) - FireWare","isPartOf":{"@id":"https:\/\/fireware.nl\/fr\/#website"},"primaryImageOfPage":{"@id":"https:\/\/fireware.nl\/fr\/product\/pince-remplissage-extincteur-formation-neptune-pp-poignee\/#primaryimage"},"image":{"@id":"https:\/\/fireware.nl\/fr\/product\/pince-remplissage-extincteur-formation-neptune-pp-poignee\/#primaryimage"},"thumbnailUrl":"https:\/\/fireware.nl\/wp-content\/uploads\/2025\/08\/20250501-Neptune-vulklem_knijphandvat_015_600x600.jpg","datePublished":"2025-08-18T12:36:26+00:00","dateModified":"2025-09-12T13:33:41+00:00","breadcrumb":{"@id":"https:\/\/fireware.nl\/fr\/product\/pince-remplissage-extincteur-formation-neptune-pp-poignee\/#breadcrumb"},"inLanguage":"fr-FR","potentialAction":[{"@type":"ReadAction","target":["https:\/\/fireware.nl\/fr\/product\/pince-remplissage-extincteur-formation-neptune-pp-poignee\/"]}]},{"@type":"ImageObject","inLanguage":"fr-FR","@id":"https:\/\/fireware.nl\/fr\/product\/pince-remplissage-extincteur-formation-neptune-pp-poignee\/#primaryimage","url":"https:\/\/fireware.nl\/wp-content\/uploads\/2025\/08\/20250501-Neptune-vulklem_knijphandvat_015_600x600.jpg","contentUrl":"https:\/\/fireware.nl\/wp-content\/uploads\/2025\/08\/20250501-Neptune-vulklem_knijphandvat_015_600x600.jpg","width":600,"height":600},{"@type":"BreadcrumbList","@id":"https:\/\/fireware.nl\/fr\/product\/pince-remplissage-extincteur-formation-neptune-pp-poignee\/#breadcrumb","itemListElement":[{"@type":"ListItem","position":1,"name":"Home","item":"https:\/\/fireware.nl\/fr\/"},{"@type":"ListItem","position":2,"name":"Produits","item":"https:\/\/fireware.nl\/fr\/produits\/"},{"@type":"ListItem","position":3,"name":"Pince remplissage extincteur formation Neptune PP (Poign\u00e9e)"}]},{"@type":"WebSite","@id":"https:\/\/fireware.nl\/fr\/#website","url":"https:\/\/fireware.nl\/fr\/","name":"FireWare","description":"CREATING REALISTIC  TRAINING ENVIRONMENTS","publisher":{"@id":"https:\/\/fireware.nl\/fr\/#organization"},"potentialAction":[{"@type":"SearchAction","target":{"@type":"EntryPoint","urlTemplate":"https:\/\/fireware.nl\/fr\/?s={search_term_string}"},"query-input":{"@type":"PropertyValueSpecification","valueRequired":true,"valueName":"search_term_string"}}],"inLanguage":"fr-FR"},{"@type":"Organization","@id":"https:\/\/fireware.nl\/fr\/#organization","name":"FireWare","url":"https:\/\/fireware.nl\/fr\/","logo":{"@type":"ImageObject","inLanguage":"fr-FR","@id":"https:\/\/fireware.nl\/fr\/#\/schema\/logo\/image\/","url":"https:\/\/fireware.nl\/wp-content\/uploads\/2018\/10\/FireWare-logo.jpg","contentUrl":"https:\/\/fireware.nl\/wp-content\/uploads\/2018\/10\/FireWare-logo.jpg","width":171,"height":70,"caption":"FireWare"},"image":{"@id":"https:\/\/fireware.nl\/fr\/#\/schema\/logo\/image\/"},"sameAs":["https:\/\/www.facebook.com\/FireWareBV\/","https:\/\/x.com\/FireWarebv","https:\/\/www.instagram.com\/fireware_nl\/","https:\/\/www.linkedin.com\/company\/3586017\/","https:\/\/www.youtube.com\/user\/firesalesrentconsult"]}]}},"publishpress_future_workflow_manual_trigger":{"enabledWorkflows":[]},"_links":{"self":[{"href":"https:\/\/fireware.nl\/fr\/wp-json\/wp\/v2\/product\/128944","targetHints":{"allow":["GET"]}}],"collection":[{"href":"https:\/\/fireware.nl\/fr\/wp-json\/wp\/v2\/product"}],"about":[{"href":"https:\/\/fireware.nl\/fr\/wp-json\/wp\/v2\/types\/product"}],"wp:featuredmedia":[{"embeddable":true,"href":"https:\/\/fireware.nl\/fr\/wp-json\/wp\/v2\/media\/128889"}],"wp:attachment":[{"href":"https:\/\/fireware.nl\/fr\/wp-json\/wp\/v2\/media?parent=128944"}],"wp:term":[{"taxonomy":"product_brand","embeddable":true,"href":"https:\/\/fireware.nl\/fr\/wp-json\/wp\/v2\/product_brand?post=128944"},{"taxonomy":"product_cat","embeddable":true,"href":"https:\/\/fireware.nl\/fr\/wp-json\/wp\/v2\/product_cat?post=128944"},{"taxonomy":"product_tag","embeddable":true,"href":"https:\/\/fireware.nl\/fr\/wp-json\/wp\/v2\/product_tag?post=128944"}],"curies":[{"name":"wp","href":"https:\/\/api.w.org\/{rel}","templated":true}]}}