
{"id":129915,"date":"2026-05-05T07:26:06","date_gmt":"2026-05-05T07:26:06","guid":{"rendered":"https:\/\/fireware.nl\/?post_type=product&#038;p=129915"},"modified":"2026-05-05T07:26:33","modified_gmt":"2026-05-05T07:26:33","slug":"lance-dallumage-spark","status":"publish","type":"product","link":"https:\/\/fireware.nl\/fr\/product\/lance-dallumage-spark\/","title":{"rendered":"Lance d\u2019allumage Spark"},"content":{"rendered":"\r\n<p>La lance d&#8217;allumage Spark offre une mani\u00e8re s\u00fbre et simple d&#8217;allumer les foyers \u00e0 gaz. La lance r\u00e9v\u00e8le tout son potentiel lorsqu&#8217;elle est utilis\u00e9e en combinaison avec, par exemple, le <a href=\"https:\/\/fireware.nl\/fr\/produit\/simulateur-dincendie-hybrid\/\" target=\"_blank\" rel=\"noopener\">FireWare Simulateur d&#8217;incendie Hybrid<\/a> ou le <a href=\"https:\/\/fireware.nl\/fr\/produit\/simulateur-dincendie-solid-fire\/\" target=\"_blank\" rel=\"noopener\">Simulateur d&#8217;incendie Solid Fire<\/a>.<\/p>\r\n<h2 data-start=\"279\" data-end=\"300\">Pas de flamme nue<\/h2>\r\n<p>Par le pass\u00e9, les foyers \u00e0 gaz \u00e9taient souvent allum\u00e9s \u00e0 l&#8217;aide d&#8217;un chalumeau d&#8217;allumage. L&#8217;inconv\u00e9nient de cette m\u00e9thode est la flamme nue qui reste constamment pr\u00e9sente. Un environnement d&#8217;exercice doit \u00eatre un environnement s\u00fbr. L&#8217;utilisation d&#8217;une flamme nue n&#8217;y correspond pas et transmet un mauvais signal aux stagiaires.<br data-start=\"630\" data-end=\"633\" \/>Avec la lance d&#8217;allumage Spark, cette \u00e9poque est r\u00e9volue. Les foyers aliment\u00e9s au gaz s&#8217;allument d&#8217;une simple pression sur un bouton. L&#8217;\u00e9tincelle g\u00e9n\u00e9r\u00e9e dans la t\u00eate de la lance garantit un allumage contr\u00f4l\u00e9 et s\u00fbr \u00e0 chaque utilisation.<\/p>\r\n<h2 data-start=\"872\" data-end=\"896\">Conception s\u00e9curis\u00e9e<\/h2>\r\n<p>La s\u00e9curit\u00e9 a \u00e9t\u00e9 la principale ligne directrice lors de la conception de la lance d&#8217;allumage. Le bouton d&#8217;allumage est plac\u00e9 sous un capuchon afin d&#8217;\u00e9viter toute utilisation involontaire. L&#8217;\u00e9tincelle est enti\u00e8rement g\u00e9n\u00e9r\u00e9e dans la t\u00eate de la lance, ce qui emp\u00eache l&#8217;utilisateur d&#8217;entrer en contact avec le point d&#8217;allumage.<\/p>\r\n<h2 data-start=\"1225\" data-end=\"1237\">Batterie<\/h2>\r\n<p>La lance d&#8217;allumage fonctionne avec une pile 9V facilement rempla\u00e7able. Cela met fin aux tracas li\u00e9s aux petites cartouches de gaz. Une pile est fournie de s\u00e9rie.<\/p>\r\n<h2>Regarder la vid\u00e9o<\/h2>\r\n<p><iframe loading=\"lazy\" src=\"https:\/\/player.vimeo.com\/video\/1136906707?hl=nl&amp;cc_lang_pref=nl&amp;cc_load_policy=1\" width=\"560\" height=\"315\" frameborder=\"0\" allowfullscreen=\"allowfullscreen\"><\/iframe><\/p>\r\n","protected":false},"excerpt":{"rendered":"<ul>\n<li data-start=\"32\" data-end=\"72\">Lance d\u2019allumage pour foyers \u00e0 gaz<\/li>\n<li data-start=\"75\" data-end=\"141\">Parfaitement compatible avec le FireWare Hybrid Fire Trainer<\/li>\n<li data-start=\"144\" data-end=\"200\">Conception s\u00e9curis\u00e9e avec interrupteur de s\u00e9curit\u00e9<\/li>\n<li data-start=\"203\" data-end=\"236\">Utilisable d\u2019une seule main<\/li>\n<li data-start=\"239\" data-end=\"261\">Inclut une pile 9V<\/li>\n<\/ul>\n","protected":false},"featured_media":129871,"template":"","meta":[],"product_brand":[],"product_cat":[2232,70],"product_tag":[],"class_list":{"0":"post-129915","1":"product","2":"type-product","3":"status-publish","4":"has-post-thumbnail","6":"product_cat-nouveau-chez-fireware","7":"product_cat-simulateurs-dincendie","9":"first","10":"instock","11":"taxable","12":"shipping-taxable","13":"purchasable","14":"product-type-simple"},"yoast_head":"<!-- This site is optimized with the Yoast SEO plugin v27.5 - https:\/\/yoast.com\/product\/yoast-seo-wordpress\/ -->\n<title>Lance d\u2019allumage Spark - FireWare<\/title>\n<meta name=\"robots\" content=\"index, follow, max-snippet:-1, max-image-preview:large, max-video-preview:-1\" \/>\n<link rel=\"canonical\" href=\"https:\/\/fireware.nl\/fr\/product\/lance-dallumage-spark\/\" \/>\n<meta property=\"og:locale\" content=\"fr_FR\" \/>\n<meta property=\"og:type\" content=\"article\" \/>\n<meta property=\"og:title\" content=\"Lance d\u2019allumage Spark - FireWare\" \/>\n<meta property=\"og:description\" content=\"Lance d\u2019allumage pour foyers \u00e0 gaz Parfaitement compatible avec le FireWare Hybrid Fire Trainer Conception s\u00e9curis\u00e9e avec interrupteur de s\u00e9curit\u00e9 Utilisable d\u2019une seule main Inclut une pile 9V\" \/>\n<meta property=\"og:url\" content=\"https:\/\/fireware.nl\/fr\/product\/lance-dallumage-spark\/\" \/>\n<meta property=\"og:site_name\" content=\"FireWare\" \/>\n<meta property=\"article:publisher\" content=\"https:\/\/www.facebook.com\/FireWareBV\/\" \/>\n<meta property=\"article:modified_time\" content=\"2026-05-05T07:26:33+00:00\" \/>\n<meta property=\"og:image\" content=\"https:\/\/fireware.nl\/wp-content\/uploads\/2025\/11\/20251107-Aansteeklans-Spark_028-1.jpg\" \/>\n\t<meta property=\"og:image:width\" content=\"600\" \/>\n\t<meta property=\"og:image:height\" content=\"600\" \/>\n\t<meta property=\"og:image:type\" content=\"image\/jpeg\" \/>\n<meta name=\"twitter:card\" content=\"summary_large_image\" \/>\n<meta name=\"twitter:site\" content=\"@FireWarebv\" \/>\n<meta name=\"twitter:label1\" content=\"Dur\u00e9e de lecture estim\u00e9e\" \/>\n\t<meta name=\"twitter:data1\" content=\"2 minutes\" \/>\n<script type=\"application\/ld+json\" class=\"yoast-schema-graph\">{\"@context\":\"https:\\\/\\\/schema.org\",\"@graph\":[{\"@type\":\"WebPage\",\"@id\":\"https:\\\/\\\/fireware.nl\\\/fr\\\/product\\\/lance-dallumage-spark\\\/\",\"url\":\"https:\\\/\\\/fireware.nl\\\/fr\\\/product\\\/lance-dallumage-spark\\\/\",\"name\":\"Lance d\u2019allumage Spark - FireWare\",\"isPartOf\":{\"@id\":\"https:\\\/\\\/fireware.nl\\\/fr\\\/#website\"},\"primaryImageOfPage\":{\"@id\":\"https:\\\/\\\/fireware.nl\\\/fr\\\/product\\\/lance-dallumage-spark\\\/#primaryimage\"},\"image\":{\"@id\":\"https:\\\/\\\/fireware.nl\\\/fr\\\/product\\\/lance-dallumage-spark\\\/#primaryimage\"},\"thumbnailUrl\":\"https:\\\/\\\/fireware.nl\\\/wp-content\\\/uploads\\\/2025\\\/11\\\/20251107-Aansteeklans-Spark_028-1.jpg\",\"datePublished\":\"2026-05-05T07:26:06+00:00\",\"dateModified\":\"2026-05-05T07:26:33+00:00\",\"breadcrumb\":{\"@id\":\"https:\\\/\\\/fireware.nl\\\/fr\\\/product\\\/lance-dallumage-spark\\\/#breadcrumb\"},\"inLanguage\":\"fr-FR\",\"potentialAction\":[{\"@type\":\"ReadAction\",\"target\":[\"https:\\\/\\\/fireware.nl\\\/fr\\\/product\\\/lance-dallumage-spark\\\/\"]}]},{\"@type\":\"ImageObject\",\"inLanguage\":\"fr-FR\",\"@id\":\"https:\\\/\\\/fireware.nl\\\/fr\\\/product\\\/lance-dallumage-spark\\\/#primaryimage\",\"url\":\"https:\\\/\\\/fireware.nl\\\/wp-content\\\/uploads\\\/2025\\\/11\\\/20251107-Aansteeklans-Spark_028-1.jpg\",\"contentUrl\":\"https:\\\/\\\/fireware.nl\\\/wp-content\\\/uploads\\\/2025\\\/11\\\/20251107-Aansteeklans-Spark_028-1.jpg\",\"width\":600,\"height\":600},{\"@type\":\"BreadcrumbList\",\"@id\":\"https:\\\/\\\/fireware.nl\\\/fr\\\/product\\\/lance-dallumage-spark\\\/#breadcrumb\",\"itemListElement\":[{\"@type\":\"ListItem\",\"position\":1,\"name\":\"Home\",\"item\":\"https:\\\/\\\/fireware.nl\\\/fr\\\/\"},{\"@type\":\"ListItem\",\"position\":2,\"name\":\"Produits\",\"item\":\"https:\\\/\\\/fireware.nl\\\/fr\\\/produits\\\/\"},{\"@type\":\"ListItem\",\"position\":3,\"name\":\"Lance d\u2019allumage Spark\"}]},{\"@type\":\"WebSite\",\"@id\":\"https:\\\/\\\/fireware.nl\\\/fr\\\/#website\",\"url\":\"https:\\\/\\\/fireware.nl\\\/fr\\\/\",\"name\":\"FireWare\",\"description\":\"CREATING REALISTIC  TRAINING ENVIRONMENTS\",\"publisher\":{\"@id\":\"https:\\\/\\\/fireware.nl\\\/fr\\\/#organization\"},\"potentialAction\":[{\"@type\":\"SearchAction\",\"target\":{\"@type\":\"EntryPoint\",\"urlTemplate\":\"https:\\\/\\\/fireware.nl\\\/fr\\\/?s={search_term_string}\"},\"query-input\":{\"@type\":\"PropertyValueSpecification\",\"valueRequired\":true,\"valueName\":\"search_term_string\"}}],\"inLanguage\":\"fr-FR\"},{\"@type\":\"Organization\",\"@id\":\"https:\\\/\\\/fireware.nl\\\/fr\\\/#organization\",\"name\":\"FireWare\",\"url\":\"https:\\\/\\\/fireware.nl\\\/fr\\\/\",\"logo\":{\"@type\":\"ImageObject\",\"inLanguage\":\"fr-FR\",\"@id\":\"https:\\\/\\\/fireware.nl\\\/fr\\\/#\\\/schema\\\/logo\\\/image\\\/\",\"url\":\"https:\\\/\\\/fireware.nl\\\/wp-content\\\/uploads\\\/2018\\\/10\\\/FireWare-logo.jpg\",\"contentUrl\":\"https:\\\/\\\/fireware.nl\\\/wp-content\\\/uploads\\\/2018\\\/10\\\/FireWare-logo.jpg\",\"width\":171,\"height\":70,\"caption\":\"FireWare\"},\"image\":{\"@id\":\"https:\\\/\\\/fireware.nl\\\/fr\\\/#\\\/schema\\\/logo\\\/image\\\/\"},\"sameAs\":[\"https:\\\/\\\/www.facebook.com\\\/FireWareBV\\\/\",\"https:\\\/\\\/x.com\\\/FireWarebv\",\"https:\\\/\\\/www.instagram.com\\\/fireware_nl\\\/\",\"https:\\\/\\\/www.linkedin.com\\\/company\\\/3586017\\\/\",\"https:\\\/\\\/www.youtube.com\\\/user\\\/firesalesrentconsult\"]}]}<\/script>\n<!-- \/ Yoast SEO plugin. -->","yoast_head_json":{"title":"Lance d\u2019allumage Spark - FireWare","robots":{"index":"index","follow":"follow","max-snippet":"max-snippet:-1","max-image-preview":"max-image-preview:large","max-video-preview":"max-video-preview:-1"},"canonical":"https:\/\/fireware.nl\/fr\/product\/lance-dallumage-spark\/","og_locale":"fr_FR","og_type":"article","og_title":"Lance d\u2019allumage Spark - FireWare","og_description":"Lance d\u2019allumage pour foyers \u00e0 gaz Parfaitement compatible avec le FireWare Hybrid Fire Trainer Conception s\u00e9curis\u00e9e avec interrupteur de s\u00e9curit\u00e9 Utilisable d\u2019une seule main Inclut une pile 9V","og_url":"https:\/\/fireware.nl\/fr\/product\/lance-dallumage-spark\/","og_site_name":"FireWare","article_publisher":"https:\/\/www.facebook.com\/FireWareBV\/","article_modified_time":"2026-05-05T07:26:33+00:00","og_image":[{"width":600,"height":600,"url":"https:\/\/fireware.nl\/wp-content\/uploads\/2025\/11\/20251107-Aansteeklans-Spark_028-1.jpg","type":"image\/jpeg"}],"twitter_card":"summary_large_image","twitter_site":"@FireWarebv","twitter_misc":{"Dur\u00e9e de lecture estim\u00e9e":"2 minutes"},"schema":{"@context":"https:\/\/schema.org","@graph":[{"@type":"WebPage","@id":"https:\/\/fireware.nl\/fr\/product\/lance-dallumage-spark\/","url":"https:\/\/fireware.nl\/fr\/product\/lance-dallumage-spark\/","name":"Lance d\u2019allumage Spark - FireWare","isPartOf":{"@id":"https:\/\/fireware.nl\/fr\/#website"},"primaryImageOfPage":{"@id":"https:\/\/fireware.nl\/fr\/product\/lance-dallumage-spark\/#primaryimage"},"image":{"@id":"https:\/\/fireware.nl\/fr\/product\/lance-dallumage-spark\/#primaryimage"},"thumbnailUrl":"https:\/\/fireware.nl\/wp-content\/uploads\/2025\/11\/20251107-Aansteeklans-Spark_028-1.jpg","datePublished":"2026-05-05T07:26:06+00:00","dateModified":"2026-05-05T07:26:33+00:00","breadcrumb":{"@id":"https:\/\/fireware.nl\/fr\/product\/lance-dallumage-spark\/#breadcrumb"},"inLanguage":"fr-FR","potentialAction":[{"@type":"ReadAction","target":["https:\/\/fireware.nl\/fr\/product\/lance-dallumage-spark\/"]}]},{"@type":"ImageObject","inLanguage":"fr-FR","@id":"https:\/\/fireware.nl\/fr\/product\/lance-dallumage-spark\/#primaryimage","url":"https:\/\/fireware.nl\/wp-content\/uploads\/2025\/11\/20251107-Aansteeklans-Spark_028-1.jpg","contentUrl":"https:\/\/fireware.nl\/wp-content\/uploads\/2025\/11\/20251107-Aansteeklans-Spark_028-1.jpg","width":600,"height":600},{"@type":"BreadcrumbList","@id":"https:\/\/fireware.nl\/fr\/product\/lance-dallumage-spark\/#breadcrumb","itemListElement":[{"@type":"ListItem","position":1,"name":"Home","item":"https:\/\/fireware.nl\/fr\/"},{"@type":"ListItem","position":2,"name":"Produits","item":"https:\/\/fireware.nl\/fr\/produits\/"},{"@type":"ListItem","position":3,"name":"Lance d\u2019allumage Spark"}]},{"@type":"WebSite","@id":"https:\/\/fireware.nl\/fr\/#website","url":"https:\/\/fireware.nl\/fr\/","name":"FireWare","description":"CREATING REALISTIC  TRAINING ENVIRONMENTS","publisher":{"@id":"https:\/\/fireware.nl\/fr\/#organization"},"potentialAction":[{"@type":"SearchAction","target":{"@type":"EntryPoint","urlTemplate":"https:\/\/fireware.nl\/fr\/?s={search_term_string}"},"query-input":{"@type":"PropertyValueSpecification","valueRequired":true,"valueName":"search_term_string"}}],"inLanguage":"fr-FR"},{"@type":"Organization","@id":"https:\/\/fireware.nl\/fr\/#organization","name":"FireWare","url":"https:\/\/fireware.nl\/fr\/","logo":{"@type":"ImageObject","inLanguage":"fr-FR","@id":"https:\/\/fireware.nl\/fr\/#\/schema\/logo\/image\/","url":"https:\/\/fireware.nl\/wp-content\/uploads\/2018\/10\/FireWare-logo.jpg","contentUrl":"https:\/\/fireware.nl\/wp-content\/uploads\/2018\/10\/FireWare-logo.jpg","width":171,"height":70,"caption":"FireWare"},"image":{"@id":"https:\/\/fireware.nl\/fr\/#\/schema\/logo\/image\/"},"sameAs":["https:\/\/www.facebook.com\/FireWareBV\/","https:\/\/x.com\/FireWarebv","https:\/\/www.instagram.com\/fireware_nl\/","https:\/\/www.linkedin.com\/company\/3586017\/","https:\/\/www.youtube.com\/user\/firesalesrentconsult"]}]}},"publishpress_future_workflow_manual_trigger":{"enabledWorkflows":[]},"_links":{"self":[{"href":"https:\/\/fireware.nl\/fr\/wp-json\/wp\/v2\/product\/129915","targetHints":{"allow":["GET"]}}],"collection":[{"href":"https:\/\/fireware.nl\/fr\/wp-json\/wp\/v2\/product"}],"about":[{"href":"https:\/\/fireware.nl\/fr\/wp-json\/wp\/v2\/types\/product"}],"wp:featuredmedia":[{"embeddable":true,"href":"https:\/\/fireware.nl\/fr\/wp-json\/wp\/v2\/media\/129871"}],"wp:attachment":[{"href":"https:\/\/fireware.nl\/fr\/wp-json\/wp\/v2\/media?parent=129915"}],"wp:term":[{"taxonomy":"product_brand","embeddable":true,"href":"https:\/\/fireware.nl\/fr\/wp-json\/wp\/v2\/product_brand?post=129915"},{"taxonomy":"product_cat","embeddable":true,"href":"https:\/\/fireware.nl\/fr\/wp-json\/wp\/v2\/product_cat?post=129915"},{"taxonomy":"product_tag","embeddable":true,"href":"https:\/\/fireware.nl\/fr\/wp-json\/wp\/v2\/product_tag?post=129915"}],"curies":[{"name":"wp","href":"https:\/\/api.w.org\/{rel}","templated":true}]}}