
{"id":131036,"date":"2026-03-09T10:15:34","date_gmt":"2026-03-09T10:15:34","guid":{"rendered":"https:\/\/fireware.nl\/?post_type=product&#038;p=131036"},"modified":"2026-03-10T10:58:57","modified_gmt":"2026-03-10T10:58:57","slug":"kit-de-simulation-de-traumatologie-ruth-lee","status":"publish","type":"product","link":"https:\/\/fireware.nl\/fr\/product\/kit-de-simulation-de-traumatologie-ruth-lee\/","title":{"rendered":"Kit de simulation de traumatologie Ruth Lee"},"content":{"rendered":"<h2 data-start=\"119\" data-end=\"159\">Mannequins d\u2019entra\u00eenement Ruth Lee<\/h2>\n<p data-start=\"161\" data-end=\"771\">Les mannequins d\u2019entra\u00eenement Ruth Lee sont con\u00e7us pour une formation r\u00e9aliste et efficace. Ces mannequins sont r\u00e9put\u00e9s pour leur durabilit\u00e9 et leur polyvalence, ce qui les rend id\u00e9aux pour la formation des sapeurs-pompiers, des secouristes en entreprise, des services de secours et d\u2019autres intervenants d\u2019urgence. Gr\u00e2ce aux mannequins Ruth Lee, vous pouvez simuler des sc\u00e9narios r\u00e9alistes, permettant aux intervenants d\u2019\u00eatre mieux pr\u00e9par\u00e9s aux situations d\u2019urgence r\u00e9elles. La gamme comprend des mannequins destin\u00e9s \u00e0 diff\u00e9rents types de formations, disponibles en plusieurs tailles et poids.<\/p>\n<h2 data-start=\"778\" data-end=\"832\">Ajouter des blessures r\u00e9alistes \u00e0 votre sc\u00e9nario<\/h2>\n<p data-start=\"834\" data-end=\"1230\">Le kit de simulation de traumatismes Ruth Lee est une extension pour le <a href=\"https:\/\/fireware.nl\/fr\/product\/multitrauma-mannequin\/\" target=\"_blank\" rel=\"noopener\">mannequin d\u2019entra\u00eenement Multitrauma Ruth Lee<\/a> qui permet d\u2019ajouter des blessures r\u00e9alistes \u00e0 vos sc\u00e9narios d\u2019exercice. Avec ce kit, un exercice standard se transforme en une formation intensive et immersive en traumatologie. Les participants voient imm\u00e9diatement la situation et doivent r\u00e9agir comme en conditions r\u00e9elles.<\/p>\n<h3 data-start=\"1237\" data-end=\"1294\">Que contient le kit de simulation de traumatismes ?<\/h3>\n<p data-start=\"1296\" data-end=\"1448\">Le kit se compose de trois modules de blessures distincts. Tous les modules sont \u00e9quip\u00e9s d\u2019un syst\u00e8me permettant de simuler des saignements r\u00e9alistes.<\/p>\n<h3 data-start=\"1450\" data-end=\"1627\">Amputation de la jambe<\/h3>\n<p data-start=\"1450\" data-end=\"1627\">Convient pour s\u2019entra\u00eener \u00e0 la prise en charge d\u2019h\u00e9morragies s\u00e9v\u00e8res ainsi qu\u2019\u00e0 l\u2019application correcte d\u2019un garrot ou d\u2019un pansement h\u00e9mostatique.<\/p>\n<h3 data-start=\"1629\" data-end=\"1739\">Amputation du bras<\/h3>\n<p data-start=\"1629\" data-end=\"1739\">Con\u00e7u pour la formation au contr\u00f4le rapide des h\u00e9morragies et aux soins des plaies.<\/p>\n<h3 data-start=\"1741\" data-end=\"1908\">Blessure thoracique<\/h3>\n<p data-start=\"1741\" data-end=\"1908\">Permet de simuler une plaie p\u00e9n\u00e9trante ou une blessure par balle. La blessure est clairement visible et offre un rendu r\u00e9aliste au toucher.<\/p>\n<p data-start=\"1910\" data-end=\"2084\">L\u2019instructeur peut d\u00e9terminer lui-m\u00eame la quantit\u00e9 de sang lib\u00e9r\u00e9e. Cela permet de faire \u00e9voluer l\u2019exercice progressivement ou d\u2019augmenter la pression sur les participants.<\/p>\n<h2 data-start=\"2091\" data-end=\"2144\">Une formation pratique sous pression temporelle<\/h2>\n<p data-start=\"2146\" data-end=\"2454\">L\u2019utilisation de blessures visibles et de saignements augmente imm\u00e9diatement le niveau de stress et le r\u00e9alisme du sc\u00e9nario. Les participants doivent prendre des d\u00e9cisions, collaborer et effectuer des gestes comme ils le feraient en situation r\u00e9elle. Cela rend la formation plus efficace et plus immersive.<\/p>\n<h2 data-start=\"2461\" data-end=\"2492\">Convient notamment pour :<\/h2>\n<ul>\n<li data-start=\"2496\" data-end=\"2538\">Sapeurs-pompiers et secours techniques ;<\/li>\n<li data-start=\"2541\" data-end=\"2579\">De premiers secours ;<\/li>\n<li data-start=\"2582\" data-end=\"2606\">Services d\u2019ambulance ;<\/li>\n<li data-start=\"2609\" data-end=\"2648\">Forces arm\u00e9es et services de secours.<\/li>\n<\/ul>\n","protected":false},"excerpt":{"rendered":"<ul>\n<li data-start=\"64\" data-end=\"134\">Modules de traumatologie r\u00e9alistes pour la formation aux blessures ;<\/li>\n<li data-start=\"137\" data-end=\"190\">Simulation de saignements actifs et d\u2019amputations ;<\/li>\n<li data-start=\"193\" data-end=\"252\">Modules pour blessures au bras, \u00e0 la jambe et au thorax ;<\/li>\n<li data-start=\"255\" data-end=\"344\">D\u00e9velopp\u00e9s pour une utilisation avec le <a href=\"https:\/\/fireware.nl\/fr\/product\/multitrauma-mannequin\/\" target=\"_blank\" rel=\"noopener\">Ruth Lee Multitrauma Mannequin<\/a> ;<\/li>\n<li data-start=\"255\" data-end=\"344\">Le module bras et jambe est \u00e9galement compatible avec le <a href=\"https:\/\/fireware.nl\/fr\/product\/confined-space-mannequin\/\" target=\"_blank\" rel=\"noopener\">mannequin d\u2019entra\u00eenement Ruth Lee Confined Space<\/a> et le <a href=\"https:\/\/fireware.nl\/fr\/product\/mannequin-soins-des-patients\/\" target=\"_blank\" rel=\"noopener\">mannequin d\u2019entra\u00eenement Ruth Lee Soins des Patients<\/a>.<\/li>\n<li data-start=\"347\" data-end=\"391\">Rapides \u00e0 installer et faciles \u00e0 nettoyer.<\/li>\n<\/ul>\n","protected":false},"featured_media":131242,"template":"","meta":[],"product_brand":[],"product_cat":[2987],"product_tag":[],"class_list":{"0":"post-131036","1":"product","2":"type-product","3":"status-publish","4":"has-post-thumbnail","6":"product_cat-accessoires-de-mannequin-fr","8":"first","9":"instock","10":"taxable","11":"shipping-taxable","12":"purchasable","13":"product-type-simple"},"yoast_head":"<!-- This site is optimized with the Yoast SEO plugin v27.5 - https:\/\/yoast.com\/product\/yoast-seo-wordpress\/ -->\n<title>Kit de simulation de traumatologie Ruth Lee - FireWare<\/title>\n<meta name=\"robots\" content=\"index, follow, max-snippet:-1, max-image-preview:large, max-video-preview:-1\" \/>\n<link rel=\"canonical\" href=\"https:\/\/fireware.nl\/fr\/product\/kit-de-simulation-de-traumatologie-ruth-lee\/\" \/>\n<meta property=\"og:locale\" content=\"fr_FR\" \/>\n<meta property=\"og:type\" content=\"article\" \/>\n<meta property=\"og:title\" content=\"Kit de simulation de traumatologie Ruth Lee - FireWare\" \/>\n<meta property=\"og:description\" content=\"Modules de traumatologie r\u00e9alistes pour la formation aux blessures ;  Simulation de saignements actifs et d\u2019amputations ;  Modules pour blessures au bras, \u00e0 la jambe et au thorax ;  D\u00e9velopp\u00e9s pour une utilisation avec le Ruth Lee Multitrauma Mannequin ;  Le module bras et jambe est \u00e9galement compatible avec le mannequin d\u2019entra\u00eenement Ruth Lee Confined Space et le mannequin d\u2019entra\u00eenement Ruth Lee Soins des Patients.  Rapides \u00e0 installer et faciles \u00e0 nettoyer.\" \/>\n<meta property=\"og:url\" content=\"https:\/\/fireware.nl\/fr\/product\/kit-de-simulation-de-traumatologie-ruth-lee\/\" \/>\n<meta property=\"og:site_name\" content=\"FireWare\" \/>\n<meta property=\"article:publisher\" content=\"https:\/\/www.facebook.com\/FireWareBV\/\" \/>\n<meta property=\"article:modified_time\" content=\"2026-03-10T10:58:57+00:00\" \/>\n<meta property=\"og:image\" content=\"https:\/\/fireware.nl\/wp-content\/uploads\/2026\/02\/000-000-000-Ruth-Lee-Trauma-Simulation-Kit.jpg\" \/>\n\t<meta property=\"og:image:width\" content=\"600\" \/>\n\t<meta property=\"og:image:height\" content=\"600\" \/>\n\t<meta property=\"og:image:type\" content=\"image\/jpeg\" \/>\n<meta name=\"twitter:card\" content=\"summary_large_image\" \/>\n<meta name=\"twitter:site\" content=\"@FireWarebv\" \/>\n<meta name=\"twitter:label1\" content=\"Dur\u00e9e de lecture estim\u00e9e\" \/>\n\t<meta name=\"twitter:data1\" content=\"2 minutes\" \/>\n<script type=\"application\/ld+json\" class=\"yoast-schema-graph\">{\"@context\":\"https:\\\/\\\/schema.org\",\"@graph\":[{\"@type\":\"WebPage\",\"@id\":\"https:\\\/\\\/fireware.nl\\\/fr\\\/product\\\/kit-de-simulation-de-traumatologie-ruth-lee\\\/\",\"url\":\"https:\\\/\\\/fireware.nl\\\/fr\\\/product\\\/kit-de-simulation-de-traumatologie-ruth-lee\\\/\",\"name\":\"Kit de simulation de traumatologie Ruth Lee - FireWare\",\"isPartOf\":{\"@id\":\"https:\\\/\\\/fireware.nl\\\/fr\\\/#website\"},\"primaryImageOfPage\":{\"@id\":\"https:\\\/\\\/fireware.nl\\\/fr\\\/product\\\/kit-de-simulation-de-traumatologie-ruth-lee\\\/#primaryimage\"},\"image\":{\"@id\":\"https:\\\/\\\/fireware.nl\\\/fr\\\/product\\\/kit-de-simulation-de-traumatologie-ruth-lee\\\/#primaryimage\"},\"thumbnailUrl\":\"https:\\\/\\\/fireware.nl\\\/wp-content\\\/uploads\\\/2026\\\/02\\\/000-000-000-Ruth-Lee-Trauma-Simulation-Kit.jpg\",\"datePublished\":\"2026-03-09T10:15:34+00:00\",\"dateModified\":\"2026-03-10T10:58:57+00:00\",\"breadcrumb\":{\"@id\":\"https:\\\/\\\/fireware.nl\\\/fr\\\/product\\\/kit-de-simulation-de-traumatologie-ruth-lee\\\/#breadcrumb\"},\"inLanguage\":\"fr-FR\",\"potentialAction\":[{\"@type\":\"ReadAction\",\"target\":[\"https:\\\/\\\/fireware.nl\\\/fr\\\/product\\\/kit-de-simulation-de-traumatologie-ruth-lee\\\/\"]}]},{\"@type\":\"ImageObject\",\"inLanguage\":\"fr-FR\",\"@id\":\"https:\\\/\\\/fireware.nl\\\/fr\\\/product\\\/kit-de-simulation-de-traumatologie-ruth-lee\\\/#primaryimage\",\"url\":\"https:\\\/\\\/fireware.nl\\\/wp-content\\\/uploads\\\/2026\\\/02\\\/000-000-000-Ruth-Lee-Trauma-Simulation-Kit.jpg\",\"contentUrl\":\"https:\\\/\\\/fireware.nl\\\/wp-content\\\/uploads\\\/2026\\\/02\\\/000-000-000-Ruth-Lee-Trauma-Simulation-Kit.jpg\",\"width\":600,\"height\":600},{\"@type\":\"BreadcrumbList\",\"@id\":\"https:\\\/\\\/fireware.nl\\\/fr\\\/product\\\/kit-de-simulation-de-traumatologie-ruth-lee\\\/#breadcrumb\",\"itemListElement\":[{\"@type\":\"ListItem\",\"position\":1,\"name\":\"Home\",\"item\":\"https:\\\/\\\/fireware.nl\\\/fr\\\/\"},{\"@type\":\"ListItem\",\"position\":2,\"name\":\"Produits\",\"item\":\"https:\\\/\\\/fireware.nl\\\/fr\\\/produits\\\/\"},{\"@type\":\"ListItem\",\"position\":3,\"name\":\"Kit de simulation de traumatologie Ruth Lee\"}]},{\"@type\":\"WebSite\",\"@id\":\"https:\\\/\\\/fireware.nl\\\/fr\\\/#website\",\"url\":\"https:\\\/\\\/fireware.nl\\\/fr\\\/\",\"name\":\"FireWare\",\"description\":\"CREATING REALISTIC  TRAINING ENVIRONMENTS\",\"publisher\":{\"@id\":\"https:\\\/\\\/fireware.nl\\\/fr\\\/#organization\"},\"potentialAction\":[{\"@type\":\"SearchAction\",\"target\":{\"@type\":\"EntryPoint\",\"urlTemplate\":\"https:\\\/\\\/fireware.nl\\\/fr\\\/?s={search_term_string}\"},\"query-input\":{\"@type\":\"PropertyValueSpecification\",\"valueRequired\":true,\"valueName\":\"search_term_string\"}}],\"inLanguage\":\"fr-FR\"},{\"@type\":\"Organization\",\"@id\":\"https:\\\/\\\/fireware.nl\\\/fr\\\/#organization\",\"name\":\"FireWare\",\"url\":\"https:\\\/\\\/fireware.nl\\\/fr\\\/\",\"logo\":{\"@type\":\"ImageObject\",\"inLanguage\":\"fr-FR\",\"@id\":\"https:\\\/\\\/fireware.nl\\\/fr\\\/#\\\/schema\\\/logo\\\/image\\\/\",\"url\":\"https:\\\/\\\/fireware.nl\\\/wp-content\\\/uploads\\\/2018\\\/10\\\/FireWare-logo.jpg\",\"contentUrl\":\"https:\\\/\\\/fireware.nl\\\/wp-content\\\/uploads\\\/2018\\\/10\\\/FireWare-logo.jpg\",\"width\":171,\"height\":70,\"caption\":\"FireWare\"},\"image\":{\"@id\":\"https:\\\/\\\/fireware.nl\\\/fr\\\/#\\\/schema\\\/logo\\\/image\\\/\"},\"sameAs\":[\"https:\\\/\\\/www.facebook.com\\\/FireWareBV\\\/\",\"https:\\\/\\\/x.com\\\/FireWarebv\",\"https:\\\/\\\/www.instagram.com\\\/fireware_nl\\\/\",\"https:\\\/\\\/www.linkedin.com\\\/company\\\/3586017\\\/\",\"https:\\\/\\\/www.youtube.com\\\/user\\\/firesalesrentconsult\"]}]}<\/script>\n<!-- \/ Yoast SEO plugin. -->","yoast_head_json":{"title":"Kit de simulation de traumatologie Ruth Lee - FireWare","robots":{"index":"index","follow":"follow","max-snippet":"max-snippet:-1","max-image-preview":"max-image-preview:large","max-video-preview":"max-video-preview:-1"},"canonical":"https:\/\/fireware.nl\/fr\/product\/kit-de-simulation-de-traumatologie-ruth-lee\/","og_locale":"fr_FR","og_type":"article","og_title":"Kit de simulation de traumatologie Ruth Lee - FireWare","og_description":"Modules de traumatologie r\u00e9alistes pour la formation aux blessures ;  Simulation de saignements actifs et d\u2019amputations ;  Modules pour blessures au bras, \u00e0 la jambe et au thorax ;  D\u00e9velopp\u00e9s pour une utilisation avec le Ruth Lee Multitrauma Mannequin ;  Le module bras et jambe est \u00e9galement compatible avec le mannequin d\u2019entra\u00eenement Ruth Lee Confined Space et le mannequin d\u2019entra\u00eenement Ruth Lee Soins des Patients.  Rapides \u00e0 installer et faciles \u00e0 nettoyer.","og_url":"https:\/\/fireware.nl\/fr\/product\/kit-de-simulation-de-traumatologie-ruth-lee\/","og_site_name":"FireWare","article_publisher":"https:\/\/www.facebook.com\/FireWareBV\/","article_modified_time":"2026-03-10T10:58:57+00:00","og_image":[{"width":600,"height":600,"url":"https:\/\/fireware.nl\/wp-content\/uploads\/2026\/02\/000-000-000-Ruth-Lee-Trauma-Simulation-Kit.jpg","type":"image\/jpeg"}],"twitter_card":"summary_large_image","twitter_site":"@FireWarebv","twitter_misc":{"Dur\u00e9e de lecture estim\u00e9e":"2 minutes"},"schema":{"@context":"https:\/\/schema.org","@graph":[{"@type":"WebPage","@id":"https:\/\/fireware.nl\/fr\/product\/kit-de-simulation-de-traumatologie-ruth-lee\/","url":"https:\/\/fireware.nl\/fr\/product\/kit-de-simulation-de-traumatologie-ruth-lee\/","name":"Kit de simulation de traumatologie Ruth Lee - FireWare","isPartOf":{"@id":"https:\/\/fireware.nl\/fr\/#website"},"primaryImageOfPage":{"@id":"https:\/\/fireware.nl\/fr\/product\/kit-de-simulation-de-traumatologie-ruth-lee\/#primaryimage"},"image":{"@id":"https:\/\/fireware.nl\/fr\/product\/kit-de-simulation-de-traumatologie-ruth-lee\/#primaryimage"},"thumbnailUrl":"https:\/\/fireware.nl\/wp-content\/uploads\/2026\/02\/000-000-000-Ruth-Lee-Trauma-Simulation-Kit.jpg","datePublished":"2026-03-09T10:15:34+00:00","dateModified":"2026-03-10T10:58:57+00:00","breadcrumb":{"@id":"https:\/\/fireware.nl\/fr\/product\/kit-de-simulation-de-traumatologie-ruth-lee\/#breadcrumb"},"inLanguage":"fr-FR","potentialAction":[{"@type":"ReadAction","target":["https:\/\/fireware.nl\/fr\/product\/kit-de-simulation-de-traumatologie-ruth-lee\/"]}]},{"@type":"ImageObject","inLanguage":"fr-FR","@id":"https:\/\/fireware.nl\/fr\/product\/kit-de-simulation-de-traumatologie-ruth-lee\/#primaryimage","url":"https:\/\/fireware.nl\/wp-content\/uploads\/2026\/02\/000-000-000-Ruth-Lee-Trauma-Simulation-Kit.jpg","contentUrl":"https:\/\/fireware.nl\/wp-content\/uploads\/2026\/02\/000-000-000-Ruth-Lee-Trauma-Simulation-Kit.jpg","width":600,"height":600},{"@type":"BreadcrumbList","@id":"https:\/\/fireware.nl\/fr\/product\/kit-de-simulation-de-traumatologie-ruth-lee\/#breadcrumb","itemListElement":[{"@type":"ListItem","position":1,"name":"Home","item":"https:\/\/fireware.nl\/fr\/"},{"@type":"ListItem","position":2,"name":"Produits","item":"https:\/\/fireware.nl\/fr\/produits\/"},{"@type":"ListItem","position":3,"name":"Kit de simulation de traumatologie Ruth Lee"}]},{"@type":"WebSite","@id":"https:\/\/fireware.nl\/fr\/#website","url":"https:\/\/fireware.nl\/fr\/","name":"FireWare","description":"CREATING REALISTIC  TRAINING ENVIRONMENTS","publisher":{"@id":"https:\/\/fireware.nl\/fr\/#organization"},"potentialAction":[{"@type":"SearchAction","target":{"@type":"EntryPoint","urlTemplate":"https:\/\/fireware.nl\/fr\/?s={search_term_string}"},"query-input":{"@type":"PropertyValueSpecification","valueRequired":true,"valueName":"search_term_string"}}],"inLanguage":"fr-FR"},{"@type":"Organization","@id":"https:\/\/fireware.nl\/fr\/#organization","name":"FireWare","url":"https:\/\/fireware.nl\/fr\/","logo":{"@type":"ImageObject","inLanguage":"fr-FR","@id":"https:\/\/fireware.nl\/fr\/#\/schema\/logo\/image\/","url":"https:\/\/fireware.nl\/wp-content\/uploads\/2018\/10\/FireWare-logo.jpg","contentUrl":"https:\/\/fireware.nl\/wp-content\/uploads\/2018\/10\/FireWare-logo.jpg","width":171,"height":70,"caption":"FireWare"},"image":{"@id":"https:\/\/fireware.nl\/fr\/#\/schema\/logo\/image\/"},"sameAs":["https:\/\/www.facebook.com\/FireWareBV\/","https:\/\/x.com\/FireWarebv","https:\/\/www.instagram.com\/fireware_nl\/","https:\/\/www.linkedin.com\/company\/3586017\/","https:\/\/www.youtube.com\/user\/firesalesrentconsult"]}]}},"publishpress_future_workflow_manual_trigger":{"enabledWorkflows":[]},"_links":{"self":[{"href":"https:\/\/fireware.nl\/fr\/wp-json\/wp\/v2\/product\/131036","targetHints":{"allow":["GET"]}}],"collection":[{"href":"https:\/\/fireware.nl\/fr\/wp-json\/wp\/v2\/product"}],"about":[{"href":"https:\/\/fireware.nl\/fr\/wp-json\/wp\/v2\/types\/product"}],"wp:featuredmedia":[{"embeddable":true,"href":"https:\/\/fireware.nl\/fr\/wp-json\/wp\/v2\/media\/131242"}],"wp:attachment":[{"href":"https:\/\/fireware.nl\/fr\/wp-json\/wp\/v2\/media?parent=131036"}],"wp:term":[{"taxonomy":"product_brand","embeddable":true,"href":"https:\/\/fireware.nl\/fr\/wp-json\/wp\/v2\/product_brand?post=131036"},{"taxonomy":"product_cat","embeddable":true,"href":"https:\/\/fireware.nl\/fr\/wp-json\/wp\/v2\/product_cat?post=131036"},{"taxonomy":"product_tag","embeddable":true,"href":"https:\/\/fireware.nl\/fr\/wp-json\/wp\/v2\/product_tag?post=131036"}],"curies":[{"name":"wp","href":"https:\/\/api.w.org\/{rel}","templated":true}]}}