
{"id":18867,"date":"2019-01-23T12:18:30","date_gmt":"2019-01-23T12:18:30","guid":{"rendered":"http:\/\/fireware.sites.hyperhosting.co\/?post_type=product&#038;p=18867"},"modified":"2025-08-20T13:12:24","modified_gmt":"2025-08-20T13:12:24","slug":"bf-set-de-flexible","status":"publish","type":"product","link":"https:\/\/fireware.nl\/fr\/product\/bf-set-de-flexible-gaz\/","title":{"rendered":"BF Set de Flexible gaz"},"content":{"rendered":"\r\n<h2>Set de flexible gaz pour simulateurs d&#8217;incendie<\/h2>\r\n<p>Le set de flexible gaz BF permet un branchement rapide aux cassettes BF. Equip\u00e9 d&#8217;un d\u00e9tendeur permettant de r\u00e9gler et de mesurer la pression de gaz. La poign\u00e9e de compression permet d&#8217;amener le gaz dans le flexible. Plus vous la serrez, plus le d\u00e9bit de gaz et la hauteur des flammes augmentent. D\u00e8s la rel\u00e2che de la poign\u00e9e, la flamme s&#8217;\u00e9teint.<\/p>\r\n<p>Au besoin, une veilleuse peut \u00eatre r\u00e9gl\u00e9e gr\u00e2ce \u00e0 la visse sur la poign\u00e9e. De cette mani\u00e8re, une faible quantit\u00e9 de gaz s&#8217;\u00e9coule en permanence vers la cassette, cela vous \u00e9vite de devoir proc\u00e9der \u00e0 un allumage \u00e0 chaque fois que vous rel\u00e2cher la poign\u00e9e. Un retardateur de flamme est connect\u00e9 au d\u00e9tendeur. En cas de probl\u00e8me soudain au niveau du d\u00e9bit de gaz, le retardateur de flamme coupe automatiquement l&#8217;alimentation en gaz.<\/p>\r\n","protected":false},"excerpt":{"rendered":"<ul>\n<li>Adaptable sur toutes les cassettes de la s\u00e9rie BF; <a href=\"https:\/\/fireware.nl\/fr\/produit\/simulateur-dincendie-hybrid\/\" target=\"_blank\" rel=\"noopener\">Hybrid<\/a>, <a href=\"https:\/\/fireware.nl\/fr\/product\/solid-fire\/\" target=\"_blank\" rel=\"noopener\">Solid<\/a>, <a href=\"https:\/\/fireware.nl\/fr\/produit\/stand-alone-flange-fire\/\" target=\"_blank\" rel=\"noopener\">Stand-alone Flange Fire<\/a> et <a href=\"https:\/\/fireware.nl\/fr\/?post_type=product&#038;p=18871\" target=\"_blank\" rel=\"noopener\">Stand-alone Gas Cylinder<\/a>.<\/li>\n<li>Equip\u00e9 d\u2019une poign\u00e9e de compression, d\u2019un retardateur de flamme et d\u2019un d\u00e9tendeur.<\/li>\n<\/ul>\n","protected":false},"featured_media":20377,"template":"","meta":[],"product_brand":[],"product_cat":[70],"product_tag":[],"class_list":{"0":"post-18867","1":"product","2":"type-product","3":"status-publish","4":"has-post-thumbnail","6":"product_cat-simulateurs-dincendie","8":"first","9":"instock","10":"taxable","11":"shipping-taxable","12":"purchasable","13":"product-type-simple"},"yoast_head":"<!-- This site is optimized with the Yoast SEO plugin v27.5 - https:\/\/yoast.com\/product\/yoast-seo-wordpress\/ -->\n<title>BF Set de Flexible gaz avec d\u2019une poign\u00e9e de compression - FireWare<\/title>\n<meta name=\"description\" content=\"Le BF Set de Flexible gaz est equip\u00e9 d\u2019une poign\u00e9e de compression, d\u2019un retardateur de flamme et d\u2019un d\u00e9tendeur.\" \/>\n<meta name=\"robots\" content=\"index, follow, max-snippet:-1, max-image-preview:large, max-video-preview:-1\" \/>\n<link rel=\"canonical\" href=\"https:\/\/fireware.nl\/fr\/product\/bf-set-de-flexible-gaz\/\" \/>\n<meta property=\"og:locale\" content=\"fr_FR\" \/>\n<meta property=\"og:type\" content=\"article\" \/>\n<meta property=\"og:title\" content=\"BF Set de Flexible gaz avec d\u2019une poign\u00e9e de compression - FireWare\" \/>\n<meta property=\"og:description\" content=\"Le BF Set de Flexible gaz est equip\u00e9 d\u2019une poign\u00e9e de compression, d\u2019un retardateur de flamme et d\u2019un d\u00e9tendeur.\" \/>\n<meta property=\"og:url\" content=\"https:\/\/fireware.nl\/fr\/product\/bf-set-de-flexible-gaz\/\" \/>\n<meta property=\"og:site_name\" content=\"FireWare\" \/>\n<meta property=\"article:publisher\" content=\"https:\/\/www.facebook.com\/FireWareBV\/\" \/>\n<meta property=\"article:modified_time\" content=\"2025-08-20T13:12:24+00:00\" \/>\n<meta property=\"og:image\" content=\"https:\/\/fireware.nl\/wp-content\/uploads\/2019\/01\/049-092-011-BF-Gasslangenset-bovenaanzicht.jpg\" \/>\n\t<meta property=\"og:image:width\" content=\"600\" \/>\n\t<meta property=\"og:image:height\" content=\"600\" \/>\n\t<meta property=\"og:image:type\" content=\"image\/jpeg\" \/>\n<meta name=\"twitter:card\" content=\"summary_large_image\" \/>\n<meta name=\"twitter:site\" content=\"@FireWarebv\" \/>\n<meta name=\"twitter:label1\" content=\"Dur\u00e9e de lecture estim\u00e9e\" \/>\n\t<meta name=\"twitter:data1\" content=\"1 minute\" \/>\n<script type=\"application\/ld+json\" class=\"yoast-schema-graph\">{\"@context\":\"https:\\\/\\\/schema.org\",\"@graph\":[{\"@type\":\"WebPage\",\"@id\":\"https:\\\/\\\/fireware.nl\\\/fr\\\/product\\\/bf-set-de-flexible-gaz\\\/\",\"url\":\"https:\\\/\\\/fireware.nl\\\/fr\\\/product\\\/bf-set-de-flexible-gaz\\\/\",\"name\":\"BF Set de Flexible gaz avec d\u2019une poign\u00e9e de compression - FireWare\",\"isPartOf\":{\"@id\":\"https:\\\/\\\/fireware.nl\\\/fr\\\/#website\"},\"primaryImageOfPage\":{\"@id\":\"https:\\\/\\\/fireware.nl\\\/fr\\\/product\\\/bf-set-de-flexible-gaz\\\/#primaryimage\"},\"image\":{\"@id\":\"https:\\\/\\\/fireware.nl\\\/fr\\\/product\\\/bf-set-de-flexible-gaz\\\/#primaryimage\"},\"thumbnailUrl\":\"https:\\\/\\\/fireware.nl\\\/wp-content\\\/uploads\\\/2019\\\/01\\\/049-092-011-BF-Gasslangenset-bovenaanzicht.jpg\",\"datePublished\":\"2019-01-23T12:18:30+00:00\",\"dateModified\":\"2025-08-20T13:12:24+00:00\",\"description\":\"Le BF Set de Flexible gaz est equip\u00e9 d\u2019une poign\u00e9e de compression, d\u2019un retardateur de flamme et d\u2019un d\u00e9tendeur.\",\"breadcrumb\":{\"@id\":\"https:\\\/\\\/fireware.nl\\\/fr\\\/product\\\/bf-set-de-flexible-gaz\\\/#breadcrumb\"},\"inLanguage\":\"fr-FR\",\"potentialAction\":[{\"@type\":\"ReadAction\",\"target\":[\"https:\\\/\\\/fireware.nl\\\/fr\\\/product\\\/bf-set-de-flexible-gaz\\\/\"]}]},{\"@type\":\"ImageObject\",\"inLanguage\":\"fr-FR\",\"@id\":\"https:\\\/\\\/fireware.nl\\\/fr\\\/product\\\/bf-set-de-flexible-gaz\\\/#primaryimage\",\"url\":\"https:\\\/\\\/fireware.nl\\\/wp-content\\\/uploads\\\/2019\\\/01\\\/049-092-011-BF-Gasslangenset-bovenaanzicht.jpg\",\"contentUrl\":\"https:\\\/\\\/fireware.nl\\\/wp-content\\\/uploads\\\/2019\\\/01\\\/049-092-011-BF-Gasslangenset-bovenaanzicht.jpg\",\"width\":600,\"height\":600,\"caption\":\"049-092-011 BF Gasslangenset bovenaanzicht\"},{\"@type\":\"BreadcrumbList\",\"@id\":\"https:\\\/\\\/fireware.nl\\\/fr\\\/product\\\/bf-set-de-flexible-gaz\\\/#breadcrumb\",\"itemListElement\":[{\"@type\":\"ListItem\",\"position\":1,\"name\":\"Home\",\"item\":\"https:\\\/\\\/fireware.nl\\\/fr\\\/\"},{\"@type\":\"ListItem\",\"position\":2,\"name\":\"Produits\",\"item\":\"https:\\\/\\\/fireware.nl\\\/fr\\\/produits\\\/\"},{\"@type\":\"ListItem\",\"position\":3,\"name\":\"BF Set de Flexible gaz\"}]},{\"@type\":\"WebSite\",\"@id\":\"https:\\\/\\\/fireware.nl\\\/fr\\\/#website\",\"url\":\"https:\\\/\\\/fireware.nl\\\/fr\\\/\",\"name\":\"FireWare\",\"description\":\"CREATING REALISTIC  TRAINING ENVIRONMENTS\",\"publisher\":{\"@id\":\"https:\\\/\\\/fireware.nl\\\/fr\\\/#organization\"},\"potentialAction\":[{\"@type\":\"SearchAction\",\"target\":{\"@type\":\"EntryPoint\",\"urlTemplate\":\"https:\\\/\\\/fireware.nl\\\/fr\\\/?s={search_term_string}\"},\"query-input\":{\"@type\":\"PropertyValueSpecification\",\"valueRequired\":true,\"valueName\":\"search_term_string\"}}],\"inLanguage\":\"fr-FR\"},{\"@type\":\"Organization\",\"@id\":\"https:\\\/\\\/fireware.nl\\\/fr\\\/#organization\",\"name\":\"FireWare\",\"url\":\"https:\\\/\\\/fireware.nl\\\/fr\\\/\",\"logo\":{\"@type\":\"ImageObject\",\"inLanguage\":\"fr-FR\",\"@id\":\"https:\\\/\\\/fireware.nl\\\/fr\\\/#\\\/schema\\\/logo\\\/image\\\/\",\"url\":\"https:\\\/\\\/fireware.nl\\\/wp-content\\\/uploads\\\/2018\\\/10\\\/FireWare-logo.jpg\",\"contentUrl\":\"https:\\\/\\\/fireware.nl\\\/wp-content\\\/uploads\\\/2018\\\/10\\\/FireWare-logo.jpg\",\"width\":171,\"height\":70,\"caption\":\"FireWare\"},\"image\":{\"@id\":\"https:\\\/\\\/fireware.nl\\\/fr\\\/#\\\/schema\\\/logo\\\/image\\\/\"},\"sameAs\":[\"https:\\\/\\\/www.facebook.com\\\/FireWareBV\\\/\",\"https:\\\/\\\/x.com\\\/FireWarebv\",\"https:\\\/\\\/www.instagram.com\\\/fireware_nl\\\/\",\"https:\\\/\\\/www.linkedin.com\\\/company\\\/3586017\\\/\",\"https:\\\/\\\/www.youtube.com\\\/user\\\/firesalesrentconsult\"]}]}<\/script>\n<!-- \/ Yoast SEO plugin. -->","yoast_head_json":{"title":"BF Set de Flexible gaz avec d\u2019une poign\u00e9e de compression - FireWare","description":"Le BF Set de Flexible gaz est equip\u00e9 d\u2019une poign\u00e9e de compression, d\u2019un retardateur de flamme et d\u2019un d\u00e9tendeur.","robots":{"index":"index","follow":"follow","max-snippet":"max-snippet:-1","max-image-preview":"max-image-preview:large","max-video-preview":"max-video-preview:-1"},"canonical":"https:\/\/fireware.nl\/fr\/product\/bf-set-de-flexible-gaz\/","og_locale":"fr_FR","og_type":"article","og_title":"BF Set de Flexible gaz avec d\u2019une poign\u00e9e de compression - FireWare","og_description":"Le BF Set de Flexible gaz est equip\u00e9 d\u2019une poign\u00e9e de compression, d\u2019un retardateur de flamme et d\u2019un d\u00e9tendeur.","og_url":"https:\/\/fireware.nl\/fr\/product\/bf-set-de-flexible-gaz\/","og_site_name":"FireWare","article_publisher":"https:\/\/www.facebook.com\/FireWareBV\/","article_modified_time":"2025-08-20T13:12:24+00:00","og_image":[{"width":600,"height":600,"url":"https:\/\/fireware.nl\/wp-content\/uploads\/2019\/01\/049-092-011-BF-Gasslangenset-bovenaanzicht.jpg","type":"image\/jpeg"}],"twitter_card":"summary_large_image","twitter_site":"@FireWarebv","twitter_misc":{"Dur\u00e9e de lecture estim\u00e9e":"1 minute"},"schema":{"@context":"https:\/\/schema.org","@graph":[{"@type":"WebPage","@id":"https:\/\/fireware.nl\/fr\/product\/bf-set-de-flexible-gaz\/","url":"https:\/\/fireware.nl\/fr\/product\/bf-set-de-flexible-gaz\/","name":"BF Set de Flexible gaz avec d\u2019une poign\u00e9e de compression - FireWare","isPartOf":{"@id":"https:\/\/fireware.nl\/fr\/#website"},"primaryImageOfPage":{"@id":"https:\/\/fireware.nl\/fr\/product\/bf-set-de-flexible-gaz\/#primaryimage"},"image":{"@id":"https:\/\/fireware.nl\/fr\/product\/bf-set-de-flexible-gaz\/#primaryimage"},"thumbnailUrl":"https:\/\/fireware.nl\/wp-content\/uploads\/2019\/01\/049-092-011-BF-Gasslangenset-bovenaanzicht.jpg","datePublished":"2019-01-23T12:18:30+00:00","dateModified":"2025-08-20T13:12:24+00:00","description":"Le BF Set de Flexible gaz est equip\u00e9 d\u2019une poign\u00e9e de compression, d\u2019un retardateur de flamme et d\u2019un d\u00e9tendeur.","breadcrumb":{"@id":"https:\/\/fireware.nl\/fr\/product\/bf-set-de-flexible-gaz\/#breadcrumb"},"inLanguage":"fr-FR","potentialAction":[{"@type":"ReadAction","target":["https:\/\/fireware.nl\/fr\/product\/bf-set-de-flexible-gaz\/"]}]},{"@type":"ImageObject","inLanguage":"fr-FR","@id":"https:\/\/fireware.nl\/fr\/product\/bf-set-de-flexible-gaz\/#primaryimage","url":"https:\/\/fireware.nl\/wp-content\/uploads\/2019\/01\/049-092-011-BF-Gasslangenset-bovenaanzicht.jpg","contentUrl":"https:\/\/fireware.nl\/wp-content\/uploads\/2019\/01\/049-092-011-BF-Gasslangenset-bovenaanzicht.jpg","width":600,"height":600,"caption":"049-092-011 BF Gasslangenset bovenaanzicht"},{"@type":"BreadcrumbList","@id":"https:\/\/fireware.nl\/fr\/product\/bf-set-de-flexible-gaz\/#breadcrumb","itemListElement":[{"@type":"ListItem","position":1,"name":"Home","item":"https:\/\/fireware.nl\/fr\/"},{"@type":"ListItem","position":2,"name":"Produits","item":"https:\/\/fireware.nl\/fr\/produits\/"},{"@type":"ListItem","position":3,"name":"BF Set de Flexible gaz"}]},{"@type":"WebSite","@id":"https:\/\/fireware.nl\/fr\/#website","url":"https:\/\/fireware.nl\/fr\/","name":"FireWare","description":"CREATING REALISTIC  TRAINING ENVIRONMENTS","publisher":{"@id":"https:\/\/fireware.nl\/fr\/#organization"},"potentialAction":[{"@type":"SearchAction","target":{"@type":"EntryPoint","urlTemplate":"https:\/\/fireware.nl\/fr\/?s={search_term_string}"},"query-input":{"@type":"PropertyValueSpecification","valueRequired":true,"valueName":"search_term_string"}}],"inLanguage":"fr-FR"},{"@type":"Organization","@id":"https:\/\/fireware.nl\/fr\/#organization","name":"FireWare","url":"https:\/\/fireware.nl\/fr\/","logo":{"@type":"ImageObject","inLanguage":"fr-FR","@id":"https:\/\/fireware.nl\/fr\/#\/schema\/logo\/image\/","url":"https:\/\/fireware.nl\/wp-content\/uploads\/2018\/10\/FireWare-logo.jpg","contentUrl":"https:\/\/fireware.nl\/wp-content\/uploads\/2018\/10\/FireWare-logo.jpg","width":171,"height":70,"caption":"FireWare"},"image":{"@id":"https:\/\/fireware.nl\/fr\/#\/schema\/logo\/image\/"},"sameAs":["https:\/\/www.facebook.com\/FireWareBV\/","https:\/\/x.com\/FireWarebv","https:\/\/www.instagram.com\/fireware_nl\/","https:\/\/www.linkedin.com\/company\/3586017\/","https:\/\/www.youtube.com\/user\/firesalesrentconsult"]}]}},"publishpress_future_workflow_manual_trigger":{"enabledWorkflows":[]},"_links":{"self":[{"href":"https:\/\/fireware.nl\/fr\/wp-json\/wp\/v2\/product\/18867","targetHints":{"allow":["GET"]}}],"collection":[{"href":"https:\/\/fireware.nl\/fr\/wp-json\/wp\/v2\/product"}],"about":[{"href":"https:\/\/fireware.nl\/fr\/wp-json\/wp\/v2\/types\/product"}],"wp:featuredmedia":[{"embeddable":true,"href":"https:\/\/fireware.nl\/fr\/wp-json\/wp\/v2\/media\/20377"}],"wp:attachment":[{"href":"https:\/\/fireware.nl\/fr\/wp-json\/wp\/v2\/media?parent=18867"}],"wp:term":[{"taxonomy":"product_brand","embeddable":true,"href":"https:\/\/fireware.nl\/fr\/wp-json\/wp\/v2\/product_brand?post=18867"},{"taxonomy":"product_cat","embeddable":true,"href":"https:\/\/fireware.nl\/fr\/wp-json\/wp\/v2\/product_cat?post=18867"},{"taxonomy":"product_tag","embeddable":true,"href":"https:\/\/fireware.nl\/fr\/wp-json\/wp\/v2\/product_tag?post=18867"}],"curies":[{"name":"wp","href":"https:\/\/api.w.org\/{rel}","templated":true}]}}