
{"id":18874,"date":"2019-01-23T12:15:29","date_gmt":"2019-02-01T07:45:24","guid":{"rendered":"http:\/\/fireware.sites.hyperhosting.co\/?post_type=product&#038;p=18874"},"modified":"2025-02-10T10:33:00","modified_gmt":"2025-02-10T10:33:00","slug":"simulateur-dincendie-solid-fire","status":"publish","type":"product","link":"https:\/\/fireware.nl\/fr\/produit\/simulateur-dincendie-solid-fire\/","title":{"rendered":"Simulateur d&#8217;incendie Solid Fire"},"content":{"rendered":"\n\n\t<h2>Entra\u00eeneur d&#8217;extinction pour incendies de solides<\/h2>\n<p>Le Solid Fire est un entra\u00eeneur d&#8217;extinction id\u00e9al pour s&#8217;exercer \u00e0 \u00e9teindre des incendies impliquant des mati\u00e8res solides. Cet entra\u00eeneur, sous forme de brasero, permet aux stagiaires d&#8217;apprendre la technique de base pour \u00e9teindre un feu de mati\u00e8re solide !<\/p>\n<h2>Exercice d&#8217;extinction avec un brasero<\/h2>\n<p>Le Solid Fire est un entra\u00eeneur d&#8217;extinction enti\u00e8rement autonome fonctionnant au gaz. Il permet d&#8217;enflammer la mati\u00e8re solide plac\u00e9e dans le brasero. Pour l&#8217;utiliser, il faut d&#8217;abord raccorder le <a href=\"https:\/\/fireware.nl\/fr\/product\/bf-set-de-flexible-gaz\/\" target=\"_blank\" rel=\"noopener\">tuyau de gaz<\/a> fourni \u00e0 une bouteille de gaz, puis pincer la poign\u00e9e du tuyau pour lib\u00e9rer le gaz et enfin allumer le feu en toute s\u00e9curit\u00e9 \u00e0 l&#8217;aide d&#8217;un <a href=\"https:\/\/fireware.nl\/fr\/produit\/bruleur-dallumage-grand\/\" target=\"_blank\" rel=\"noopener\">allume-gaz<\/a>. Avec une pression de gaz de seulement 1 bar, une belle flamme se forme. Tant que l&#8217;instructeur maintient la pression sur la poign\u00e9e, le feu continue de br\u00fbler. Pour une simulation plus r\u00e9aliste, il est possible d&#8217;ajouter des b\u00fbches en bois ou des <a href=\"https:\/\/fireware.nl\/fr\/produit\/buche-dimitation\/\" target=\"_blank\" rel=\"noopener\">b\u00fbches en c\u00e9ramique<\/a> sur le feu.<\/p>\n<p>Les stagiaires peuvent s&#8217;exercer \u00e0 \u00e9teindre l&#8217;incendie en utilisant du CO\u2082, de la mousse, de la poudre ou de l&#8217;eau. Les flammes s&#8217;\u00e9teignent d\u00e8s que l&#8217;instructeur coupe l&#8217;alimentation en gaz via la poign\u00e9e du tuyau.<\/p>\n<h2>Simulation d&#8217;un incendie de mati\u00e8res solides<\/h2>\n<p>Le Solid Fire est con\u00e7u pour simuler des incendies de mati\u00e8res solides. Cet exercice convient aussi bien aux pompiers qu&#8217;aux \u00e9quipes de premiers secours en entreprise (BHV). Cet entra\u00eeneur permet aux stagiaires d&#8217;acqu\u00e9rir les techniques fondamentales d&#8217;extinction des incendies de mati\u00e8res solides.<\/p>\n<p>Gr\u00e2ce \u00e0 son format compact, le Solid Fire peut \u00eatre transport\u00e9 et install\u00e9 facilement par une seule personne. L&#8217;incendie peut \u00eatre simul\u00e9 aussi bien en int\u00e9rieur, par exemple dans un entrep\u00f4t, qu&#8217;en ext\u00e9rieur. Le feu reste confin\u00e9 au brasero et est contr\u00f4l\u00e9 par l&#8217;instructeur via le br\u00fbleur \u00e0 gaz.<\/p>\n<p>Avec le Solid Fire, les stagiaires s&#8217;entra\u00eenent avec de vraies flammes. L&#8217;appareil est livr\u00e9 dans une caisse de transport robuste en plastique Euronorm, comprenant \u00e9galement le tuyau de gaz. Cet entra\u00eeneur d&#8217;extinction garantit un sc\u00e9nario d&#8217;apprentissage stimulant. Pour une simulation encore plus r\u00e9aliste, il est recommand\u00e9 de compl\u00e9ter l&#8217;ensemble avec des b\u00fbches en c\u00e9ramique.<\/p>\n<h2>Regarder la vid\u00e9o<\/h2>\n\t<iframe width=\"1920\" height=\"1080\" src=https:\/\/player.vimeo.com\/video\/1049684078?hl=en&#038;cc_lang_pref=en&#038;cc_load_policy=1 frameborder=\"0\" allow=\"accelerometer; autoplay; clipboard-write; encrypted-media; gyroscope; picture-in-picture\" allowfullscreen><\/iframe>\n\n","protected":false},"excerpt":{"rendered":"<ul>\n<li>Simulateur d&#8217;exercice autonome pour l&#8217;extinction d&#8217;un incendie provoqu\u00e9 par une substance solide.<\/li>\n<li>Ignition manuelle.<\/li>\n<li>Extinction avec du gaz carbonique, de la mousse ou de l&#8217;eau.<\/li>\n<li>Fonctionne d\u00e9j\u00e0 \u00e0 la seule pression d&#8217;1 Bar.<\/li>\n<li>Peut \u00eatre rendu plus r\u00e9aliste par l&#8217;utilisation, par exemple, de vraies b\u00fbches.<\/li>\n<li>A rendre encore plus r\u00e9aliste avec des vraies b\u00fbches ou des b\u00fbches d\u2019imitation.<\/li>\n<li>Caisson en mati\u00e8re synth\u00e9tique de 60 x 40 x 32,5 cm.<\/li>\n<li>Y compris les tuyaux de gaz.<\/li>\n<\/ul>\n","protected":false},"featured_media":40414,"template":"","meta":[],"product_brand":[],"product_cat":[70],"product_tag":[],"class_list":{"0":"post-18874","1":"product","2":"type-product","3":"status-publish","4":"has-post-thumbnail","6":"product_cat-simulateurs-dincendie","8":"first","9":"instock","10":"taxable","11":"shipping-taxable","12":"purchasable","13":"product-type-simple"},"yoast_head":"<!-- This site is optimized with the Yoast SEO plugin v27.5 - https:\/\/yoast.com\/product\/yoast-seo-wordpress\/ -->\n<title>Simulateur d&#039;incendie Solid Fire: simuler avec du mat\u00e9riel solide - FireWare<\/title>\n<meta name=\"description\" content=\"Apprenez aux stagiaires techniques de base pour \u00e9teindre un incendie. Compl\u00e9tez la mise en sc\u00e8ne en jetant des (fausses) b\u00fbches sur le feu.\" \/>\n<meta name=\"robots\" content=\"index, follow, max-snippet:-1, max-image-preview:large, max-video-preview:-1\" \/>\n<link rel=\"canonical\" href=\"https:\/\/fireware.nl\/fr\/produit\/simulateur-dincendie-solid-fire\/\" \/>\n<meta property=\"og:locale\" content=\"fr_FR\" \/>\n<meta property=\"og:type\" content=\"article\" \/>\n<meta property=\"og:title\" content=\"Simulateur d&#039;incendie Solid Fire: simuler avec du mat\u00e9riel solide - FireWare\" \/>\n<meta property=\"og:description\" content=\"Apprenez aux stagiaires techniques de base pour \u00e9teindre un incendie. Compl\u00e9tez la mise en sc\u00e8ne en jetant des (fausses) b\u00fbches sur le feu.\" \/>\n<meta property=\"og:url\" content=\"https:\/\/fireware.nl\/fr\/produit\/simulateur-dincendie-solid-fire\/\" \/>\n<meta property=\"og:site_name\" content=\"FireWare\" \/>\n<meta property=\"article:publisher\" content=\"https:\/\/www.facebook.com\/FireWareBV\/\" \/>\n<meta property=\"article:modified_time\" content=\"2025-02-10T10:33:00+00:00\" \/>\n<meta property=\"og:image\" content=\"https:\/\/fireware.nl\/wp-content\/uploads\/2019\/01\/049-092-012-Solid-Fire-blustrainer_v2.jpg\" \/>\n\t<meta property=\"og:image:width\" content=\"600\" \/>\n\t<meta property=\"og:image:height\" content=\"600\" \/>\n\t<meta property=\"og:image:type\" content=\"image\/jpeg\" \/>\n<meta name=\"twitter:card\" content=\"summary_large_image\" \/>\n<meta name=\"twitter:site\" content=\"@FireWarebv\" \/>\n<meta name=\"twitter:label1\" content=\"Dur\u00e9e de lecture estim\u00e9e\" \/>\n\t<meta name=\"twitter:data1\" content=\"1 minute\" \/>\n<script type=\"application\/ld+json\" class=\"yoast-schema-graph\">{\"@context\":\"https:\\\/\\\/schema.org\",\"@graph\":[{\"@type\":\"WebPage\",\"@id\":\"https:\\\/\\\/fireware.nl\\\/fr\\\/produit\\\/simulateur-dincendie-solid-fire\\\/\",\"url\":\"https:\\\/\\\/fireware.nl\\\/fr\\\/produit\\\/simulateur-dincendie-solid-fire\\\/\",\"name\":\"Simulateur d'incendie Solid Fire: simuler avec du mat\u00e9riel solide - FireWare\",\"isPartOf\":{\"@id\":\"https:\\\/\\\/fireware.nl\\\/fr\\\/#website\"},\"primaryImageOfPage\":{\"@id\":\"https:\\\/\\\/fireware.nl\\\/fr\\\/produit\\\/simulateur-dincendie-solid-fire\\\/#primaryimage\"},\"image\":{\"@id\":\"https:\\\/\\\/fireware.nl\\\/fr\\\/produit\\\/simulateur-dincendie-solid-fire\\\/#primaryimage\"},\"thumbnailUrl\":\"https:\\\/\\\/fireware.nl\\\/wp-content\\\/uploads\\\/2019\\\/01\\\/049-092-012-Solid-Fire-blustrainer_v2.jpg\",\"datePublished\":\"2019-02-01T07:45:24+00:00\",\"dateModified\":\"2025-02-10T10:33:00+00:00\",\"description\":\"Apprenez aux stagiaires techniques de base pour \u00e9teindre un incendie. Compl\u00e9tez la mise en sc\u00e8ne en jetant des (fausses) b\u00fbches sur le feu.\",\"breadcrumb\":{\"@id\":\"https:\\\/\\\/fireware.nl\\\/fr\\\/produit\\\/simulateur-dincendie-solid-fire\\\/#breadcrumb\"},\"inLanguage\":\"fr-FR\",\"potentialAction\":[{\"@type\":\"ReadAction\",\"target\":[\"https:\\\/\\\/fireware.nl\\\/fr\\\/produit\\\/simulateur-dincendie-solid-fire\\\/\"]}]},{\"@type\":\"ImageObject\",\"inLanguage\":\"fr-FR\",\"@id\":\"https:\\\/\\\/fireware.nl\\\/fr\\\/produit\\\/simulateur-dincendie-solid-fire\\\/#primaryimage\",\"url\":\"https:\\\/\\\/fireware.nl\\\/wp-content\\\/uploads\\\/2019\\\/01\\\/049-092-012-Solid-Fire-blustrainer_v2.jpg\",\"contentUrl\":\"https:\\\/\\\/fireware.nl\\\/wp-content\\\/uploads\\\/2019\\\/01\\\/049-092-012-Solid-Fire-blustrainer_v2.jpg\",\"width\":600,\"height\":600},{\"@type\":\"BreadcrumbList\",\"@id\":\"https:\\\/\\\/fireware.nl\\\/fr\\\/produit\\\/simulateur-dincendie-solid-fire\\\/#breadcrumb\",\"itemListElement\":[{\"@type\":\"ListItem\",\"position\":1,\"name\":\"Home\",\"item\":\"https:\\\/\\\/fireware.nl\\\/fr\\\/\"},{\"@type\":\"ListItem\",\"position\":2,\"name\":\"Produits\",\"item\":\"https:\\\/\\\/fireware.nl\\\/fr\\\/produits\\\/\"},{\"@type\":\"ListItem\",\"position\":3,\"name\":\"Simulateur d&#8217;incendie Solid Fire\"}]},{\"@type\":\"WebSite\",\"@id\":\"https:\\\/\\\/fireware.nl\\\/fr\\\/#website\",\"url\":\"https:\\\/\\\/fireware.nl\\\/fr\\\/\",\"name\":\"FireWare\",\"description\":\"CREATING REALISTIC  TRAINING ENVIRONMENTS\",\"publisher\":{\"@id\":\"https:\\\/\\\/fireware.nl\\\/fr\\\/#organization\"},\"potentialAction\":[{\"@type\":\"SearchAction\",\"target\":{\"@type\":\"EntryPoint\",\"urlTemplate\":\"https:\\\/\\\/fireware.nl\\\/fr\\\/?s={search_term_string}\"},\"query-input\":{\"@type\":\"PropertyValueSpecification\",\"valueRequired\":true,\"valueName\":\"search_term_string\"}}],\"inLanguage\":\"fr-FR\"},{\"@type\":\"Organization\",\"@id\":\"https:\\\/\\\/fireware.nl\\\/fr\\\/#organization\",\"name\":\"FireWare\",\"url\":\"https:\\\/\\\/fireware.nl\\\/fr\\\/\",\"logo\":{\"@type\":\"ImageObject\",\"inLanguage\":\"fr-FR\",\"@id\":\"https:\\\/\\\/fireware.nl\\\/fr\\\/#\\\/schema\\\/logo\\\/image\\\/\",\"url\":\"https:\\\/\\\/fireware.nl\\\/wp-content\\\/uploads\\\/2018\\\/10\\\/FireWare-logo.jpg\",\"contentUrl\":\"https:\\\/\\\/fireware.nl\\\/wp-content\\\/uploads\\\/2018\\\/10\\\/FireWare-logo.jpg\",\"width\":171,\"height\":70,\"caption\":\"FireWare\"},\"image\":{\"@id\":\"https:\\\/\\\/fireware.nl\\\/fr\\\/#\\\/schema\\\/logo\\\/image\\\/\"},\"sameAs\":[\"https:\\\/\\\/www.facebook.com\\\/FireWareBV\\\/\",\"https:\\\/\\\/x.com\\\/FireWarebv\",\"https:\\\/\\\/www.instagram.com\\\/fireware_nl\\\/\",\"https:\\\/\\\/www.linkedin.com\\\/company\\\/3586017\\\/\",\"https:\\\/\\\/www.youtube.com\\\/user\\\/firesalesrentconsult\"]}]}<\/script>\n<!-- \/ Yoast SEO plugin. -->","yoast_head_json":{"title":"Simulateur d'incendie Solid Fire: simuler avec du mat\u00e9riel solide - FireWare","description":"Apprenez aux stagiaires techniques de base pour \u00e9teindre un incendie. Compl\u00e9tez la mise en sc\u00e8ne en jetant des (fausses) b\u00fbches sur le feu.","robots":{"index":"index","follow":"follow","max-snippet":"max-snippet:-1","max-image-preview":"max-image-preview:large","max-video-preview":"max-video-preview:-1"},"canonical":"https:\/\/fireware.nl\/fr\/produit\/simulateur-dincendie-solid-fire\/","og_locale":"fr_FR","og_type":"article","og_title":"Simulateur d'incendie Solid Fire: simuler avec du mat\u00e9riel solide - FireWare","og_description":"Apprenez aux stagiaires techniques de base pour \u00e9teindre un incendie. Compl\u00e9tez la mise en sc\u00e8ne en jetant des (fausses) b\u00fbches sur le feu.","og_url":"https:\/\/fireware.nl\/fr\/produit\/simulateur-dincendie-solid-fire\/","og_site_name":"FireWare","article_publisher":"https:\/\/www.facebook.com\/FireWareBV\/","article_modified_time":"2025-02-10T10:33:00+00:00","og_image":[{"width":600,"height":600,"url":"https:\/\/fireware.nl\/wp-content\/uploads\/2019\/01\/049-092-012-Solid-Fire-blustrainer_v2.jpg","type":"image\/jpeg"}],"twitter_card":"summary_large_image","twitter_site":"@FireWarebv","twitter_misc":{"Dur\u00e9e de lecture estim\u00e9e":"1 minute"},"schema":{"@context":"https:\/\/schema.org","@graph":[{"@type":"WebPage","@id":"https:\/\/fireware.nl\/fr\/produit\/simulateur-dincendie-solid-fire\/","url":"https:\/\/fireware.nl\/fr\/produit\/simulateur-dincendie-solid-fire\/","name":"Simulateur d'incendie Solid Fire: simuler avec du mat\u00e9riel solide - FireWare","isPartOf":{"@id":"https:\/\/fireware.nl\/fr\/#website"},"primaryImageOfPage":{"@id":"https:\/\/fireware.nl\/fr\/produit\/simulateur-dincendie-solid-fire\/#primaryimage"},"image":{"@id":"https:\/\/fireware.nl\/fr\/produit\/simulateur-dincendie-solid-fire\/#primaryimage"},"thumbnailUrl":"https:\/\/fireware.nl\/wp-content\/uploads\/2019\/01\/049-092-012-Solid-Fire-blustrainer_v2.jpg","datePublished":"2019-02-01T07:45:24+00:00","dateModified":"2025-02-10T10:33:00+00:00","description":"Apprenez aux stagiaires techniques de base pour \u00e9teindre un incendie. Compl\u00e9tez la mise en sc\u00e8ne en jetant des (fausses) b\u00fbches sur le feu.","breadcrumb":{"@id":"https:\/\/fireware.nl\/fr\/produit\/simulateur-dincendie-solid-fire\/#breadcrumb"},"inLanguage":"fr-FR","potentialAction":[{"@type":"ReadAction","target":["https:\/\/fireware.nl\/fr\/produit\/simulateur-dincendie-solid-fire\/"]}]},{"@type":"ImageObject","inLanguage":"fr-FR","@id":"https:\/\/fireware.nl\/fr\/produit\/simulateur-dincendie-solid-fire\/#primaryimage","url":"https:\/\/fireware.nl\/wp-content\/uploads\/2019\/01\/049-092-012-Solid-Fire-blustrainer_v2.jpg","contentUrl":"https:\/\/fireware.nl\/wp-content\/uploads\/2019\/01\/049-092-012-Solid-Fire-blustrainer_v2.jpg","width":600,"height":600},{"@type":"BreadcrumbList","@id":"https:\/\/fireware.nl\/fr\/produit\/simulateur-dincendie-solid-fire\/#breadcrumb","itemListElement":[{"@type":"ListItem","position":1,"name":"Home","item":"https:\/\/fireware.nl\/fr\/"},{"@type":"ListItem","position":2,"name":"Produits","item":"https:\/\/fireware.nl\/fr\/produits\/"},{"@type":"ListItem","position":3,"name":"Simulateur d&#8217;incendie Solid Fire"}]},{"@type":"WebSite","@id":"https:\/\/fireware.nl\/fr\/#website","url":"https:\/\/fireware.nl\/fr\/","name":"FireWare","description":"CREATING REALISTIC  TRAINING ENVIRONMENTS","publisher":{"@id":"https:\/\/fireware.nl\/fr\/#organization"},"potentialAction":[{"@type":"SearchAction","target":{"@type":"EntryPoint","urlTemplate":"https:\/\/fireware.nl\/fr\/?s={search_term_string}"},"query-input":{"@type":"PropertyValueSpecification","valueRequired":true,"valueName":"search_term_string"}}],"inLanguage":"fr-FR"},{"@type":"Organization","@id":"https:\/\/fireware.nl\/fr\/#organization","name":"FireWare","url":"https:\/\/fireware.nl\/fr\/","logo":{"@type":"ImageObject","inLanguage":"fr-FR","@id":"https:\/\/fireware.nl\/fr\/#\/schema\/logo\/image\/","url":"https:\/\/fireware.nl\/wp-content\/uploads\/2018\/10\/FireWare-logo.jpg","contentUrl":"https:\/\/fireware.nl\/wp-content\/uploads\/2018\/10\/FireWare-logo.jpg","width":171,"height":70,"caption":"FireWare"},"image":{"@id":"https:\/\/fireware.nl\/fr\/#\/schema\/logo\/image\/"},"sameAs":["https:\/\/www.facebook.com\/FireWareBV\/","https:\/\/x.com\/FireWarebv","https:\/\/www.instagram.com\/fireware_nl\/","https:\/\/www.linkedin.com\/company\/3586017\/","https:\/\/www.youtube.com\/user\/firesalesrentconsult"]}]}},"publishpress_future_workflow_manual_trigger":{"enabledWorkflows":[]},"_links":{"self":[{"href":"https:\/\/fireware.nl\/fr\/wp-json\/wp\/v2\/product\/18874","targetHints":{"allow":["GET"]}}],"collection":[{"href":"https:\/\/fireware.nl\/fr\/wp-json\/wp\/v2\/product"}],"about":[{"href":"https:\/\/fireware.nl\/fr\/wp-json\/wp\/v2\/types\/product"}],"wp:featuredmedia":[{"embeddable":true,"href":"https:\/\/fireware.nl\/fr\/wp-json\/wp\/v2\/media\/40414"}],"wp:attachment":[{"href":"https:\/\/fireware.nl\/fr\/wp-json\/wp\/v2\/media?parent=18874"}],"wp:term":[{"taxonomy":"product_brand","embeddable":true,"href":"https:\/\/fireware.nl\/fr\/wp-json\/wp\/v2\/product_brand?post=18874"},{"taxonomy":"product_cat","embeddable":true,"href":"https:\/\/fireware.nl\/fr\/wp-json\/wp\/v2\/product_cat?post=18874"},{"taxonomy":"product_tag","embeddable":true,"href":"https:\/\/fireware.nl\/fr\/wp-json\/wp\/v2\/product_tag?post=18874"}],"curies":[{"name":"wp","href":"https:\/\/api.w.org\/{rel}","templated":true}]}}