
{"id":18929,"date":"2019-01-23T12:15:26","date_gmt":"2019-01-23T12:15:26","guid":{"rendered":"http:\/\/fireware.sites.hyperhosting.co\/?post_type=product&#038;p=18929"},"modified":"2025-02-25T08:26:39","modified_gmt":"2025-02-25T08:26:39","slug":"gel-a-feu-pauvre-en-fumee","status":"publish","type":"product","link":"https:\/\/fireware.nl\/fr\/product\/gel-a-feu-pauvre-en-fumee\/","title":{"rendered":"Gel \u00e0 feu pauvre en fum\u00e9e"},"content":{"rendered":"\r\n<h2>Frai feu s\u00fbre<\/h2>\r\n<p>Pourquoi ne mettriez-vous pas en sc\u00e8ne un joli feu, afin de vous assurer que les participants \u00e0 votre cours mettent ad\u00e9quatement en pratique leur th\u00e9orie\u00a0? Le gel \u00e0 feu avec d\u00e9gagement r\u00e9duit de fum\u00e9e vous permet de g\u00e9n\u00e9rer, de mani\u00e8re rapide et sans risque, des flammes et, puisque ce gel unique n\u2019\u00e9met pratiquement pas de fum\u00e9e, il peut parfaitement s\u2019utiliser \u00e0 l\u2019int\u00e9rieur. De plus, sa combustion n\u2019engendre que tr\u00e8s peu de particules de suie.<\/p>\r\n<p>Le feu cr\u00e9\u00e9 par ce gel est moins chaud que celui que g\u00e9n\u00e8rent les p\u00e2tes \u00e0 feu. C\u2019est pour cela que le gel \u00e0 feu avec d\u00e9gagement r\u00e9duit de fum\u00e9e peut parfaitement s\u2019appliquer sur un\u00a0Mannequin Incendie. Sa temp\u00e9rature plus basse prolonge la dur\u00e9e de vie du mannequin, et le gel convient \u00e0 toutes les surfaces ininflammables, comme le capot du moteur d\u2019une voiture accident\u00e9e.<\/p>\r\n<p>La structure du gel \u00e0 feu est comparable \u00e0 celle du gel capillaire, et peut donc s\u2019appliquer sur des surfaces en biais et verticales, comme une hotte de cuisine, dans le cas d\u2019un feu de cuisine.<\/p>\r\n<h2>Vid\u00e9o<\/h2>\r\n<p><iframe loading=\"lazy\" src=\"https:\/\/player.vimeo.com\/video\/461745302\" width=\"640\" height=\"500\" frameborder=\"0\" allowfullscreen=\"allowfullscreen\"><\/iframe><\/p>\r\n","protected":false},"excerpt":{"rendered":"<ul>\n<li>4 x 1 litre.<\/li>\n<li>G\u00e9n\u00e8re une flamme incandescente jaune avec d\u00e9gagement r\u00e9duit de fum\u00e9e.<\/li>\n<li>Engendre un incendie simul\u00e9 rapide et sans risque.<\/li>\n<li>Peut s\u2019utiliser sur toutes les surfaces ininflammables.<\/li>\n<li>Id\u00e9al pour une utilisation \u00e0 l\u2019int\u00e9rieur.<\/li>\n<li>Peut s\u2019utiliser en toute s\u00e9curit\u00e9 sans appareil respiratoire.<\/li>\n<li>Peut parfaitement s\u2019appliquer sur un mannequin incendie.<\/li>\n<li>Le nombre de particules de suie r\u00e9sultant de la combustion est r\u00e9duit.<\/li>\n<\/ul>\n","protected":false},"featured_media":20483,"template":"","meta":[],"product_brand":[],"product_cat":[107,70],"product_tag":[],"class_list":{"0":"post-18929","1":"product","2":"type-product","3":"status-publish","4":"has-post-thumbnail","6":"product_cat-mannequins-dincendie","7":"product_cat-simulateurs-dincendie","9":"first","10":"instock","11":"taxable","12":"shipping-taxable","13":"purchasable","14":"product-type-simple"},"yoast_head":"<!-- This site is optimized with the Yoast SEO plugin v27.5 - https:\/\/yoast.com\/product\/yoast-seo-wordpress\/ -->\n<title>Gel \u00e0 feu pauvre en fum\u00e9e - FireWare<\/title>\n<meta name=\"robots\" content=\"index, follow, max-snippet:-1, max-image-preview:large, max-video-preview:-1\" \/>\n<link rel=\"canonical\" href=\"https:\/\/fireware.nl\/fr\/product\/gel-a-feu-pauvre-en-fumee\/\" \/>\n<meta property=\"og:locale\" content=\"fr_FR\" \/>\n<meta property=\"og:type\" content=\"article\" \/>\n<meta property=\"og:title\" content=\"Gel \u00e0 feu pauvre en fum\u00e9e - FireWare\" \/>\n<meta property=\"og:description\" content=\"4 x 1 litre. G\u00e9n\u00e8re une flamme incandescente jaune avec d\u00e9gagement r\u00e9duit de fum\u00e9e. Engendre un incendie simul\u00e9 rapide et sans risque. Peut s\u2019utiliser sur toutes les surfaces ininflammables. Id\u00e9al pour une utilisation \u00e0 l\u2019int\u00e9rieur. Peut s\u2019utiliser en toute s\u00e9curit\u00e9 sans appareil respiratoire. Peut parfaitement s\u2019appliquer sur un mannequin incendie. Le nombre de particules de suie r\u00e9sultant de la combustion est r\u00e9duit.\" \/>\n<meta property=\"og:url\" content=\"https:\/\/fireware.nl\/fr\/product\/gel-a-feu-pauvre-en-fumee\/\" \/>\n<meta property=\"og:site_name\" content=\"FireWare\" \/>\n<meta property=\"article:publisher\" content=\"https:\/\/www.facebook.com\/FireWareBV\/\" \/>\n<meta property=\"article:modified_time\" content=\"2025-02-25T08:26:39+00:00\" \/>\n<meta property=\"og:image\" content=\"https:\/\/fireware.nl\/wp-content\/uploads\/2019\/01\/029-030-002-FireWare-Brandgel-Rookarm-1L.jpg\" \/>\n\t<meta property=\"og:image:width\" content=\"600\" \/>\n\t<meta property=\"og:image:height\" content=\"600\" \/>\n\t<meta property=\"og:image:type\" content=\"image\/jpeg\" \/>\n<meta name=\"twitter:card\" content=\"summary_large_image\" \/>\n<meta name=\"twitter:site\" content=\"@FireWarebv\" \/>\n<meta name=\"twitter:label1\" content=\"Dur\u00e9e de lecture estim\u00e9e\" \/>\n\t<meta name=\"twitter:data1\" content=\"1 minute\" \/>\n<script type=\"application\/ld+json\" class=\"yoast-schema-graph\">{\"@context\":\"https:\\\/\\\/schema.org\",\"@graph\":[{\"@type\":\"WebPage\",\"@id\":\"https:\\\/\\\/fireware.nl\\\/fr\\\/product\\\/gel-a-feu-pauvre-en-fumee\\\/\",\"url\":\"https:\\\/\\\/fireware.nl\\\/fr\\\/product\\\/gel-a-feu-pauvre-en-fumee\\\/\",\"name\":\"Gel \u00e0 feu pauvre en fum\u00e9e - FireWare\",\"isPartOf\":{\"@id\":\"https:\\\/\\\/fireware.nl\\\/fr\\\/#website\"},\"primaryImageOfPage\":{\"@id\":\"https:\\\/\\\/fireware.nl\\\/fr\\\/product\\\/gel-a-feu-pauvre-en-fumee\\\/#primaryimage\"},\"image\":{\"@id\":\"https:\\\/\\\/fireware.nl\\\/fr\\\/product\\\/gel-a-feu-pauvre-en-fumee\\\/#primaryimage\"},\"thumbnailUrl\":\"https:\\\/\\\/fireware.nl\\\/wp-content\\\/uploads\\\/2019\\\/01\\\/029-030-002-FireWare-Brandgel-Rookarm-1L.jpg\",\"datePublished\":\"2019-01-23T12:15:26+00:00\",\"dateModified\":\"2025-02-25T08:26:39+00:00\",\"breadcrumb\":{\"@id\":\"https:\\\/\\\/fireware.nl\\\/fr\\\/product\\\/gel-a-feu-pauvre-en-fumee\\\/#breadcrumb\"},\"inLanguage\":\"fr-FR\",\"potentialAction\":[{\"@type\":\"ReadAction\",\"target\":[\"https:\\\/\\\/fireware.nl\\\/fr\\\/product\\\/gel-a-feu-pauvre-en-fumee\\\/\"]}]},{\"@type\":\"ImageObject\",\"inLanguage\":\"fr-FR\",\"@id\":\"https:\\\/\\\/fireware.nl\\\/fr\\\/product\\\/gel-a-feu-pauvre-en-fumee\\\/#primaryimage\",\"url\":\"https:\\\/\\\/fireware.nl\\\/wp-content\\\/uploads\\\/2019\\\/01\\\/029-030-002-FireWare-Brandgel-Rookarm-1L.jpg\",\"contentUrl\":\"https:\\\/\\\/fireware.nl\\\/wp-content\\\/uploads\\\/2019\\\/01\\\/029-030-002-FireWare-Brandgel-Rookarm-1L.jpg\",\"width\":600,\"height\":600,\"caption\":\"029-030-002 FireWare Brandgel Rookarm 1L\"},{\"@type\":\"BreadcrumbList\",\"@id\":\"https:\\\/\\\/fireware.nl\\\/fr\\\/product\\\/gel-a-feu-pauvre-en-fumee\\\/#breadcrumb\",\"itemListElement\":[{\"@type\":\"ListItem\",\"position\":1,\"name\":\"Home\",\"item\":\"https:\\\/\\\/fireware.nl\\\/fr\\\/\"},{\"@type\":\"ListItem\",\"position\":2,\"name\":\"Produits\",\"item\":\"https:\\\/\\\/fireware.nl\\\/fr\\\/produits\\\/\"},{\"@type\":\"ListItem\",\"position\":3,\"name\":\"Gel \u00e0 feu pauvre en fum\u00e9e\"}]},{\"@type\":\"WebSite\",\"@id\":\"https:\\\/\\\/fireware.nl\\\/fr\\\/#website\",\"url\":\"https:\\\/\\\/fireware.nl\\\/fr\\\/\",\"name\":\"FireWare\",\"description\":\"CREATING REALISTIC  TRAINING ENVIRONMENTS\",\"publisher\":{\"@id\":\"https:\\\/\\\/fireware.nl\\\/fr\\\/#organization\"},\"potentialAction\":[{\"@type\":\"SearchAction\",\"target\":{\"@type\":\"EntryPoint\",\"urlTemplate\":\"https:\\\/\\\/fireware.nl\\\/fr\\\/?s={search_term_string}\"},\"query-input\":{\"@type\":\"PropertyValueSpecification\",\"valueRequired\":true,\"valueName\":\"search_term_string\"}}],\"inLanguage\":\"fr-FR\"},{\"@type\":\"Organization\",\"@id\":\"https:\\\/\\\/fireware.nl\\\/fr\\\/#organization\",\"name\":\"FireWare\",\"url\":\"https:\\\/\\\/fireware.nl\\\/fr\\\/\",\"logo\":{\"@type\":\"ImageObject\",\"inLanguage\":\"fr-FR\",\"@id\":\"https:\\\/\\\/fireware.nl\\\/fr\\\/#\\\/schema\\\/logo\\\/image\\\/\",\"url\":\"https:\\\/\\\/fireware.nl\\\/wp-content\\\/uploads\\\/2018\\\/10\\\/FireWare-logo.jpg\",\"contentUrl\":\"https:\\\/\\\/fireware.nl\\\/wp-content\\\/uploads\\\/2018\\\/10\\\/FireWare-logo.jpg\",\"width\":171,\"height\":70,\"caption\":\"FireWare\"},\"image\":{\"@id\":\"https:\\\/\\\/fireware.nl\\\/fr\\\/#\\\/schema\\\/logo\\\/image\\\/\"},\"sameAs\":[\"https:\\\/\\\/www.facebook.com\\\/FireWareBV\\\/\",\"https:\\\/\\\/x.com\\\/FireWarebv\",\"https:\\\/\\\/www.instagram.com\\\/fireware_nl\\\/\",\"https:\\\/\\\/www.linkedin.com\\\/company\\\/3586017\\\/\",\"https:\\\/\\\/www.youtube.com\\\/user\\\/firesalesrentconsult\"]}]}<\/script>\n<!-- \/ Yoast SEO plugin. -->","yoast_head_json":{"title":"Gel \u00e0 feu pauvre en fum\u00e9e - FireWare","robots":{"index":"index","follow":"follow","max-snippet":"max-snippet:-1","max-image-preview":"max-image-preview:large","max-video-preview":"max-video-preview:-1"},"canonical":"https:\/\/fireware.nl\/fr\/product\/gel-a-feu-pauvre-en-fumee\/","og_locale":"fr_FR","og_type":"article","og_title":"Gel \u00e0 feu pauvre en fum\u00e9e - FireWare","og_description":"4 x 1 litre. G\u00e9n\u00e8re une flamme incandescente jaune avec d\u00e9gagement r\u00e9duit de fum\u00e9e. Engendre un incendie simul\u00e9 rapide et sans risque. Peut s\u2019utiliser sur toutes les surfaces ininflammables. Id\u00e9al pour une utilisation \u00e0 l\u2019int\u00e9rieur. Peut s\u2019utiliser en toute s\u00e9curit\u00e9 sans appareil respiratoire. Peut parfaitement s\u2019appliquer sur un mannequin incendie. Le nombre de particules de suie r\u00e9sultant de la combustion est r\u00e9duit.","og_url":"https:\/\/fireware.nl\/fr\/product\/gel-a-feu-pauvre-en-fumee\/","og_site_name":"FireWare","article_publisher":"https:\/\/www.facebook.com\/FireWareBV\/","article_modified_time":"2025-02-25T08:26:39+00:00","og_image":[{"width":600,"height":600,"url":"https:\/\/fireware.nl\/wp-content\/uploads\/2019\/01\/029-030-002-FireWare-Brandgel-Rookarm-1L.jpg","type":"image\/jpeg"}],"twitter_card":"summary_large_image","twitter_site":"@FireWarebv","twitter_misc":{"Dur\u00e9e de lecture estim\u00e9e":"1 minute"},"schema":{"@context":"https:\/\/schema.org","@graph":[{"@type":"WebPage","@id":"https:\/\/fireware.nl\/fr\/product\/gel-a-feu-pauvre-en-fumee\/","url":"https:\/\/fireware.nl\/fr\/product\/gel-a-feu-pauvre-en-fumee\/","name":"Gel \u00e0 feu pauvre en fum\u00e9e - FireWare","isPartOf":{"@id":"https:\/\/fireware.nl\/fr\/#website"},"primaryImageOfPage":{"@id":"https:\/\/fireware.nl\/fr\/product\/gel-a-feu-pauvre-en-fumee\/#primaryimage"},"image":{"@id":"https:\/\/fireware.nl\/fr\/product\/gel-a-feu-pauvre-en-fumee\/#primaryimage"},"thumbnailUrl":"https:\/\/fireware.nl\/wp-content\/uploads\/2019\/01\/029-030-002-FireWare-Brandgel-Rookarm-1L.jpg","datePublished":"2019-01-23T12:15:26+00:00","dateModified":"2025-02-25T08:26:39+00:00","breadcrumb":{"@id":"https:\/\/fireware.nl\/fr\/product\/gel-a-feu-pauvre-en-fumee\/#breadcrumb"},"inLanguage":"fr-FR","potentialAction":[{"@type":"ReadAction","target":["https:\/\/fireware.nl\/fr\/product\/gel-a-feu-pauvre-en-fumee\/"]}]},{"@type":"ImageObject","inLanguage":"fr-FR","@id":"https:\/\/fireware.nl\/fr\/product\/gel-a-feu-pauvre-en-fumee\/#primaryimage","url":"https:\/\/fireware.nl\/wp-content\/uploads\/2019\/01\/029-030-002-FireWare-Brandgel-Rookarm-1L.jpg","contentUrl":"https:\/\/fireware.nl\/wp-content\/uploads\/2019\/01\/029-030-002-FireWare-Brandgel-Rookarm-1L.jpg","width":600,"height":600,"caption":"029-030-002 FireWare Brandgel Rookarm 1L"},{"@type":"BreadcrumbList","@id":"https:\/\/fireware.nl\/fr\/product\/gel-a-feu-pauvre-en-fumee\/#breadcrumb","itemListElement":[{"@type":"ListItem","position":1,"name":"Home","item":"https:\/\/fireware.nl\/fr\/"},{"@type":"ListItem","position":2,"name":"Produits","item":"https:\/\/fireware.nl\/fr\/produits\/"},{"@type":"ListItem","position":3,"name":"Gel \u00e0 feu pauvre en fum\u00e9e"}]},{"@type":"WebSite","@id":"https:\/\/fireware.nl\/fr\/#website","url":"https:\/\/fireware.nl\/fr\/","name":"FireWare","description":"CREATING REALISTIC  TRAINING ENVIRONMENTS","publisher":{"@id":"https:\/\/fireware.nl\/fr\/#organization"},"potentialAction":[{"@type":"SearchAction","target":{"@type":"EntryPoint","urlTemplate":"https:\/\/fireware.nl\/fr\/?s={search_term_string}"},"query-input":{"@type":"PropertyValueSpecification","valueRequired":true,"valueName":"search_term_string"}}],"inLanguage":"fr-FR"},{"@type":"Organization","@id":"https:\/\/fireware.nl\/fr\/#organization","name":"FireWare","url":"https:\/\/fireware.nl\/fr\/","logo":{"@type":"ImageObject","inLanguage":"fr-FR","@id":"https:\/\/fireware.nl\/fr\/#\/schema\/logo\/image\/","url":"https:\/\/fireware.nl\/wp-content\/uploads\/2018\/10\/FireWare-logo.jpg","contentUrl":"https:\/\/fireware.nl\/wp-content\/uploads\/2018\/10\/FireWare-logo.jpg","width":171,"height":70,"caption":"FireWare"},"image":{"@id":"https:\/\/fireware.nl\/fr\/#\/schema\/logo\/image\/"},"sameAs":["https:\/\/www.facebook.com\/FireWareBV\/","https:\/\/x.com\/FireWarebv","https:\/\/www.instagram.com\/fireware_nl\/","https:\/\/www.linkedin.com\/company\/3586017\/","https:\/\/www.youtube.com\/user\/firesalesrentconsult"]}]}},"publishpress_future_workflow_manual_trigger":{"enabledWorkflows":[]},"_links":{"self":[{"href":"https:\/\/fireware.nl\/fr\/wp-json\/wp\/v2\/product\/18929","targetHints":{"allow":["GET"]}}],"collection":[{"href":"https:\/\/fireware.nl\/fr\/wp-json\/wp\/v2\/product"}],"about":[{"href":"https:\/\/fireware.nl\/fr\/wp-json\/wp\/v2\/types\/product"}],"wp:featuredmedia":[{"embeddable":true,"href":"https:\/\/fireware.nl\/fr\/wp-json\/wp\/v2\/media\/20483"}],"wp:attachment":[{"href":"https:\/\/fireware.nl\/fr\/wp-json\/wp\/v2\/media?parent=18929"}],"wp:term":[{"taxonomy":"product_brand","embeddable":true,"href":"https:\/\/fireware.nl\/fr\/wp-json\/wp\/v2\/product_brand?post=18929"},{"taxonomy":"product_cat","embeddable":true,"href":"https:\/\/fireware.nl\/fr\/wp-json\/wp\/v2\/product_cat?post=18929"},{"taxonomy":"product_tag","embeddable":true,"href":"https:\/\/fireware.nl\/fr\/wp-json\/wp\/v2\/product_tag?post=18929"}],"curies":[{"name":"wp","href":"https:\/\/api.w.org\/{rel}","templated":true}]}}