
{"id":18935,"date":"2024-01-23T12:15:26","date_gmt":"2024-01-23T12:15:26","guid":{"rendered":"http:\/\/fireware.sites.hyperhosting.co\/?post_type=product&#038;p=18935"},"modified":"2025-01-20T09:04:06","modified_gmt":"2025-01-20T09:04:06","slug":"mannequin-de-feu-silver","status":"publish","type":"product","link":"https:\/\/fireware.nl\/fr\/produit\/mannequin-de-feu-silver\/","title":{"rendered":"Mannequin de feu Silver"},"content":{"rendered":"\r\n<h2>Pratique mettre une personne en feu<\/h2>\r\n<p>Le Mannequin de feu Silver peut simuler une personne dont les v\u00eatements ont pris feu. De cette mani\u00e8re, les participants aux cours apprennent \u00e0 \u00e9teindre le feu avec une couverture antifeu. En posant le Mannequin Incendie sur un <a href=\"https:\/\/fireware.nl\/fr\/product\/support-pour-mannequin-de-feu-silver\/\" target=\"_blank\" rel=\"noopener\">Support<\/a>, il est possible de s&#8217;exercer aux techniques d&#8217;extinction du feu des v\u00eatements d&#8217;une personne en position horizontale.<\/p>\r\n<p>Le Mannequin de feu Silver est fabriqu\u00e9 \u00e0 base d&#8217;un tissu silicon\u00e9. Il est renforc\u00e9 \u00e0 l&#8217;entrejambe, aux aisselles et aux extr\u00e9mit\u00e9s des bras et des jambes avec du Kevlar, et fourni avec une veste lui prot\u00e9geant la partie sup\u00e9rieure du corps. Il est recommand\u00e9 d&#8217;allumer le feu le plus pr\u00e8s possible de cette veste, car cela prolonge consid\u00e9rablement la dur\u00e9e de vie du mannequin. Cette veste se remplace facilement et est plus r\u00e9fractaire que le mannequin, mais pas imperm\u00e9able.<\/p>\r\n<p>Le mannequin s&#8217;enflamme le plus facilement avec un gel \u00e0 d\u00e9gagement r\u00e9duit de fum\u00e9e. Le mannequin incendie p\u00e8se environ 10 kilos et est donc facilement transportable et utilisable en ext\u00e9rieur. Le mannequin incendie argent n&#8217;est pas destin\u00e9 \u00e0 \u00eatre tra\u00een\u00e9.<\/p>\r\n<h2>Regarder la vid\u00e9o<\/h2>\r\n<p><iframe loading=\"lazy\" title=\"(FR) Le Mannequin incendie argent | Pratique mettre une personne en feu\" src=\"https:\/\/player.vimeo.com\/video\/241522088?h=804127d93b&amp;badge=0&amp;autopause=0&amp;player_id=0&amp;app_id=58479\" width=\"1920\" height=\"1080\" frameborder=\"0\" allowfullscreen=\"allowfullscreen\"><\/iframe><\/p>\r\n","protected":false},"excerpt":{"rendered":"<ul>\n<li>Pour la simulation d&#8217;une personne en feu.<\/li>\n<li>Sp\u00e9cialement d\u00e9velopp\u00e9 pour s&#8217;entra\u00eener avec une couverture anti-feu.<\/li>\n<li>Ne convient pas pour l&#8217;extinction avec de l&#8217;eau, de la poudre ou de la mousse.<\/li>\n<li>R\u00e9sistant \u00e0 la chaleur.<\/li>\n<li>Renforc\u00e9 aux extr\u00e9mit\u00e9s des bras et des jambes.<\/li>\n<li>Renforc\u00e9 \u00e0 l&#8217;entrejambe et aux aisselles.<\/li>\n<li>Y compris un gilet pare-feu pour une dur\u00e9e de vie plus longue.<\/li>\n<\/ul>\n","protected":false},"featured_media":39554,"template":"","meta":[],"product_brand":[],"product_cat":[107,70],"product_tag":[],"class_list":{"0":"post-18935","1":"product","2":"type-product","3":"status-publish","4":"has-post-thumbnail","6":"product_cat-mannequins-dincendie","7":"product_cat-simulateurs-dincendie","8":"pa_afmeting-1-80-metres","10":"first","11":"instock","12":"taxable","13":"shipping-taxable","14":"purchasable","15":"product-type-simple"},"yoast_head":"<!-- This site is optimized with the Yoast SEO plugin v27.5 - https:\/\/yoast.com\/product\/yoast-seo-wordpress\/ -->\n<title>Mannequin de feu Silver: simuler une personne en feu - FireWare<\/title>\n<meta name=\"description\" content=\"Utilisez le mannequin pour cr\u00e9er un sc\u00e9nario r\u00e9aliste dans lequel les \u00e9l\u00e8ves apprennent \u00e0 \u00e9teindre un incendie avec une couverture anti-feu.\" \/>\n<meta name=\"robots\" content=\"index, follow, max-snippet:-1, max-image-preview:large, max-video-preview:-1\" \/>\n<link rel=\"canonical\" href=\"https:\/\/fireware.nl\/fr\/produit\/mannequin-de-feu-silver\/\" \/>\n<meta property=\"og:locale\" content=\"fr_FR\" \/>\n<meta property=\"og:type\" content=\"article\" \/>\n<meta property=\"og:title\" content=\"Mannequin de feu Silver: simuler une personne en feu - FireWare\" \/>\n<meta property=\"og:description\" content=\"Utilisez le mannequin pour cr\u00e9er un sc\u00e9nario r\u00e9aliste dans lequel les \u00e9l\u00e8ves apprennent \u00e0 \u00e9teindre un incendie avec une couverture anti-feu.\" \/>\n<meta property=\"og:url\" content=\"https:\/\/fireware.nl\/fr\/produit\/mannequin-de-feu-silver\/\" \/>\n<meta property=\"og:site_name\" content=\"FireWare\" \/>\n<meta property=\"article:publisher\" content=\"https:\/\/www.facebook.com\/FireWareBV\/\" \/>\n<meta property=\"article:modified_time\" content=\"2025-01-20T09:04:06+00:00\" \/>\n<meta property=\"og:image\" content=\"https:\/\/fireware.nl\/wp-content\/uploads\/2019\/01\/017-062-001-brandpop_zilver_zonder_standaard.jpg\" \/>\n\t<meta property=\"og:image:width\" content=\"600\" \/>\n\t<meta property=\"og:image:height\" content=\"600\" \/>\n\t<meta property=\"og:image:type\" content=\"image\/jpeg\" \/>\n<meta name=\"twitter:card\" content=\"summary_large_image\" \/>\n<meta name=\"twitter:site\" content=\"@FireWarebv\" \/>\n<meta name=\"twitter:label1\" content=\"Dur\u00e9e de lecture estim\u00e9e\" \/>\n\t<meta name=\"twitter:data1\" content=\"1 minute\" \/>\n<script type=\"application\/ld+json\" class=\"yoast-schema-graph\">{\"@context\":\"https:\\\/\\\/schema.org\",\"@graph\":[{\"@type\":\"WebPage\",\"@id\":\"https:\\\/\\\/fireware.nl\\\/fr\\\/produit\\\/mannequin-de-feu-silver\\\/\",\"url\":\"https:\\\/\\\/fireware.nl\\\/fr\\\/produit\\\/mannequin-de-feu-silver\\\/\",\"name\":\"Mannequin de feu Silver: simuler une personne en feu - FireWare\",\"isPartOf\":{\"@id\":\"https:\\\/\\\/fireware.nl\\\/fr\\\/#website\"},\"primaryImageOfPage\":{\"@id\":\"https:\\\/\\\/fireware.nl\\\/fr\\\/produit\\\/mannequin-de-feu-silver\\\/#primaryimage\"},\"image\":{\"@id\":\"https:\\\/\\\/fireware.nl\\\/fr\\\/produit\\\/mannequin-de-feu-silver\\\/#primaryimage\"},\"thumbnailUrl\":\"https:\\\/\\\/fireware.nl\\\/wp-content\\\/uploads\\\/2019\\\/01\\\/017-062-001-brandpop_zilver_zonder_standaard.jpg\",\"datePublished\":\"2024-01-23T12:15:26+00:00\",\"dateModified\":\"2025-01-20T09:04:06+00:00\",\"description\":\"Utilisez le mannequin pour cr\u00e9er un sc\u00e9nario r\u00e9aliste dans lequel les \u00e9l\u00e8ves apprennent \u00e0 \u00e9teindre un incendie avec une couverture anti-feu.\",\"breadcrumb\":{\"@id\":\"https:\\\/\\\/fireware.nl\\\/fr\\\/produit\\\/mannequin-de-feu-silver\\\/#breadcrumb\"},\"inLanguage\":\"fr-FR\",\"potentialAction\":[{\"@type\":\"ReadAction\",\"target\":[\"https:\\\/\\\/fireware.nl\\\/fr\\\/produit\\\/mannequin-de-feu-silver\\\/\"]}]},{\"@type\":\"ImageObject\",\"inLanguage\":\"fr-FR\",\"@id\":\"https:\\\/\\\/fireware.nl\\\/fr\\\/produit\\\/mannequin-de-feu-silver\\\/#primaryimage\",\"url\":\"https:\\\/\\\/fireware.nl\\\/wp-content\\\/uploads\\\/2019\\\/01\\\/017-062-001-brandpop_zilver_zonder_standaard.jpg\",\"contentUrl\":\"https:\\\/\\\/fireware.nl\\\/wp-content\\\/uploads\\\/2019\\\/01\\\/017-062-001-brandpop_zilver_zonder_standaard.jpg\",\"width\":600,\"height\":600},{\"@type\":\"BreadcrumbList\",\"@id\":\"https:\\\/\\\/fireware.nl\\\/fr\\\/produit\\\/mannequin-de-feu-silver\\\/#breadcrumb\",\"itemListElement\":[{\"@type\":\"ListItem\",\"position\":1,\"name\":\"Home\",\"item\":\"https:\\\/\\\/fireware.nl\\\/fr\\\/\"},{\"@type\":\"ListItem\",\"position\":2,\"name\":\"Produits\",\"item\":\"https:\\\/\\\/fireware.nl\\\/fr\\\/produits\\\/\"},{\"@type\":\"ListItem\",\"position\":3,\"name\":\"Mannequin de feu Silver\"}]},{\"@type\":\"WebSite\",\"@id\":\"https:\\\/\\\/fireware.nl\\\/fr\\\/#website\",\"url\":\"https:\\\/\\\/fireware.nl\\\/fr\\\/\",\"name\":\"FireWare\",\"description\":\"CREATING REALISTIC  TRAINING ENVIRONMENTS\",\"publisher\":{\"@id\":\"https:\\\/\\\/fireware.nl\\\/fr\\\/#organization\"},\"potentialAction\":[{\"@type\":\"SearchAction\",\"target\":{\"@type\":\"EntryPoint\",\"urlTemplate\":\"https:\\\/\\\/fireware.nl\\\/fr\\\/?s={search_term_string}\"},\"query-input\":{\"@type\":\"PropertyValueSpecification\",\"valueRequired\":true,\"valueName\":\"search_term_string\"}}],\"inLanguage\":\"fr-FR\"},{\"@type\":\"Organization\",\"@id\":\"https:\\\/\\\/fireware.nl\\\/fr\\\/#organization\",\"name\":\"FireWare\",\"url\":\"https:\\\/\\\/fireware.nl\\\/fr\\\/\",\"logo\":{\"@type\":\"ImageObject\",\"inLanguage\":\"fr-FR\",\"@id\":\"https:\\\/\\\/fireware.nl\\\/fr\\\/#\\\/schema\\\/logo\\\/image\\\/\",\"url\":\"https:\\\/\\\/fireware.nl\\\/wp-content\\\/uploads\\\/2018\\\/10\\\/FireWare-logo.jpg\",\"contentUrl\":\"https:\\\/\\\/fireware.nl\\\/wp-content\\\/uploads\\\/2018\\\/10\\\/FireWare-logo.jpg\",\"width\":171,\"height\":70,\"caption\":\"FireWare\"},\"image\":{\"@id\":\"https:\\\/\\\/fireware.nl\\\/fr\\\/#\\\/schema\\\/logo\\\/image\\\/\"},\"sameAs\":[\"https:\\\/\\\/www.facebook.com\\\/FireWareBV\\\/\",\"https:\\\/\\\/x.com\\\/FireWarebv\",\"https:\\\/\\\/www.instagram.com\\\/fireware_nl\\\/\",\"https:\\\/\\\/www.linkedin.com\\\/company\\\/3586017\\\/\",\"https:\\\/\\\/www.youtube.com\\\/user\\\/firesalesrentconsult\"]}]}<\/script>\n<!-- \/ Yoast SEO plugin. -->","yoast_head_json":{"title":"Mannequin de feu Silver: simuler une personne en feu - FireWare","description":"Utilisez le mannequin pour cr\u00e9er un sc\u00e9nario r\u00e9aliste dans lequel les \u00e9l\u00e8ves apprennent \u00e0 \u00e9teindre un incendie avec une couverture anti-feu.","robots":{"index":"index","follow":"follow","max-snippet":"max-snippet:-1","max-image-preview":"max-image-preview:large","max-video-preview":"max-video-preview:-1"},"canonical":"https:\/\/fireware.nl\/fr\/produit\/mannequin-de-feu-silver\/","og_locale":"fr_FR","og_type":"article","og_title":"Mannequin de feu Silver: simuler une personne en feu - FireWare","og_description":"Utilisez le mannequin pour cr\u00e9er un sc\u00e9nario r\u00e9aliste dans lequel les \u00e9l\u00e8ves apprennent \u00e0 \u00e9teindre un incendie avec une couverture anti-feu.","og_url":"https:\/\/fireware.nl\/fr\/produit\/mannequin-de-feu-silver\/","og_site_name":"FireWare","article_publisher":"https:\/\/www.facebook.com\/FireWareBV\/","article_modified_time":"2025-01-20T09:04:06+00:00","og_image":[{"width":600,"height":600,"url":"https:\/\/fireware.nl\/wp-content\/uploads\/2019\/01\/017-062-001-brandpop_zilver_zonder_standaard.jpg","type":"image\/jpeg"}],"twitter_card":"summary_large_image","twitter_site":"@FireWarebv","twitter_misc":{"Dur\u00e9e de lecture estim\u00e9e":"1 minute"},"schema":{"@context":"https:\/\/schema.org","@graph":[{"@type":"WebPage","@id":"https:\/\/fireware.nl\/fr\/produit\/mannequin-de-feu-silver\/","url":"https:\/\/fireware.nl\/fr\/produit\/mannequin-de-feu-silver\/","name":"Mannequin de feu Silver: simuler une personne en feu - FireWare","isPartOf":{"@id":"https:\/\/fireware.nl\/fr\/#website"},"primaryImageOfPage":{"@id":"https:\/\/fireware.nl\/fr\/produit\/mannequin-de-feu-silver\/#primaryimage"},"image":{"@id":"https:\/\/fireware.nl\/fr\/produit\/mannequin-de-feu-silver\/#primaryimage"},"thumbnailUrl":"https:\/\/fireware.nl\/wp-content\/uploads\/2019\/01\/017-062-001-brandpop_zilver_zonder_standaard.jpg","datePublished":"2024-01-23T12:15:26+00:00","dateModified":"2025-01-20T09:04:06+00:00","description":"Utilisez le mannequin pour cr\u00e9er un sc\u00e9nario r\u00e9aliste dans lequel les \u00e9l\u00e8ves apprennent \u00e0 \u00e9teindre un incendie avec une couverture anti-feu.","breadcrumb":{"@id":"https:\/\/fireware.nl\/fr\/produit\/mannequin-de-feu-silver\/#breadcrumb"},"inLanguage":"fr-FR","potentialAction":[{"@type":"ReadAction","target":["https:\/\/fireware.nl\/fr\/produit\/mannequin-de-feu-silver\/"]}]},{"@type":"ImageObject","inLanguage":"fr-FR","@id":"https:\/\/fireware.nl\/fr\/produit\/mannequin-de-feu-silver\/#primaryimage","url":"https:\/\/fireware.nl\/wp-content\/uploads\/2019\/01\/017-062-001-brandpop_zilver_zonder_standaard.jpg","contentUrl":"https:\/\/fireware.nl\/wp-content\/uploads\/2019\/01\/017-062-001-brandpop_zilver_zonder_standaard.jpg","width":600,"height":600},{"@type":"BreadcrumbList","@id":"https:\/\/fireware.nl\/fr\/produit\/mannequin-de-feu-silver\/#breadcrumb","itemListElement":[{"@type":"ListItem","position":1,"name":"Home","item":"https:\/\/fireware.nl\/fr\/"},{"@type":"ListItem","position":2,"name":"Produits","item":"https:\/\/fireware.nl\/fr\/produits\/"},{"@type":"ListItem","position":3,"name":"Mannequin de feu Silver"}]},{"@type":"WebSite","@id":"https:\/\/fireware.nl\/fr\/#website","url":"https:\/\/fireware.nl\/fr\/","name":"FireWare","description":"CREATING REALISTIC  TRAINING ENVIRONMENTS","publisher":{"@id":"https:\/\/fireware.nl\/fr\/#organization"},"potentialAction":[{"@type":"SearchAction","target":{"@type":"EntryPoint","urlTemplate":"https:\/\/fireware.nl\/fr\/?s={search_term_string}"},"query-input":{"@type":"PropertyValueSpecification","valueRequired":true,"valueName":"search_term_string"}}],"inLanguage":"fr-FR"},{"@type":"Organization","@id":"https:\/\/fireware.nl\/fr\/#organization","name":"FireWare","url":"https:\/\/fireware.nl\/fr\/","logo":{"@type":"ImageObject","inLanguage":"fr-FR","@id":"https:\/\/fireware.nl\/fr\/#\/schema\/logo\/image\/","url":"https:\/\/fireware.nl\/wp-content\/uploads\/2018\/10\/FireWare-logo.jpg","contentUrl":"https:\/\/fireware.nl\/wp-content\/uploads\/2018\/10\/FireWare-logo.jpg","width":171,"height":70,"caption":"FireWare"},"image":{"@id":"https:\/\/fireware.nl\/fr\/#\/schema\/logo\/image\/"},"sameAs":["https:\/\/www.facebook.com\/FireWareBV\/","https:\/\/x.com\/FireWarebv","https:\/\/www.instagram.com\/fireware_nl\/","https:\/\/www.linkedin.com\/company\/3586017\/","https:\/\/www.youtube.com\/user\/firesalesrentconsult"]}]}},"publishpress_future_workflow_manual_trigger":{"enabledWorkflows":[]},"_links":{"self":[{"href":"https:\/\/fireware.nl\/fr\/wp-json\/wp\/v2\/product\/18935","targetHints":{"allow":["GET"]}}],"collection":[{"href":"https:\/\/fireware.nl\/fr\/wp-json\/wp\/v2\/product"}],"about":[{"href":"https:\/\/fireware.nl\/fr\/wp-json\/wp\/v2\/types\/product"}],"wp:featuredmedia":[{"embeddable":true,"href":"https:\/\/fireware.nl\/fr\/wp-json\/wp\/v2\/media\/39554"}],"wp:attachment":[{"href":"https:\/\/fireware.nl\/fr\/wp-json\/wp\/v2\/media?parent=18935"}],"wp:term":[{"taxonomy":"product_brand","embeddable":true,"href":"https:\/\/fireware.nl\/fr\/wp-json\/wp\/v2\/product_brand?post=18935"},{"taxonomy":"product_cat","embeddable":true,"href":"https:\/\/fireware.nl\/fr\/wp-json\/wp\/v2\/product_cat?post=18935"},{"taxonomy":"product_tag","embeddable":true,"href":"https:\/\/fireware.nl\/fr\/wp-json\/wp\/v2\/product_tag?post=18935"}],"curies":[{"name":"wp","href":"https:\/\/api.w.org\/{rel}","templated":true}]}}