
{"id":18941,"date":"2026-01-01T12:15:28","date_gmt":"2026-01-01T12:15:28","guid":{"rendered":"http:\/\/fireware.sites.hyperhosting.co\/?post_type=product&#038;p=18941"},"modified":"2026-01-14T09:41:47","modified_gmt":"2026-01-14T09:41:47","slug":"hybrid","status":"publish","type":"product","link":"https:\/\/fireware.nl\/fr\/produit\/simulateur-dincendie-hybrid\/","title":{"rendered":"Simulateur d&#8217;incendie Hybrid V2"},"content":{"rendered":"\r\n<h2 data-start=\"42\" data-end=\"122\">Simulateur d&#8217;extinction pour feux solides et feux de liquides inflammables<\/h2>\r\n<p data-start=\"124\" data-end=\"536\">Avec le simulateur d&#8217;extinction FireWare Hybrid V2, vous pouvez simuler aussi bien des feux solides que des feux de liquides inflammables, avec de v\u00e9ritables flammes. Utilisez ce simulateur pour enseigner aux apprenants les bases de l&#8217;extinction des incendies. En un rien de temps, vous pouvez mettre en place un exercice d&#8217;extinction. Gr\u00e2ce \u00e0 son poids l\u00e9ger de seulement 14 kg, il est facile \u00e0 transporter seul.<\/p>\r\n<p data-start=\"538\" data-end=\"1015\">Branchez le tuyau de gaz fourni sur une bouteille de gaz et pressez la poign\u00e9e fix\u00e9e au tuyau. Ensuite, vous pouvez allumer le Hybrid V2 \u00e0 l\u2019aide d\u2019un allumeur. Tant que l&#8217;instructeur maintient la poign\u00e9e press\u00e9e, le feu reste allum\u00e9. Les apprenants peuvent \u00e9teindre les flammes avec du CO2, de la mousse ou de l&#8217;eau. Les flammes s&#8217;arr\u00eatent d\u00e8s que l&#8217;instructeur coupe l&#8217;arriv\u00e9e de gaz. Toute mousse r\u00e9siduelle s&#8217;\u00e9vacue facilement gr\u00e2ce aux trous situ\u00e9s sur les c\u00f4t\u00e9s du Hybrid V2.<\/p>\r\n<h2 data-start=\"1017\" data-end=\"1057\">Extinction avec eau, CO2 et mousse<\/h2>\r\n<p data-start=\"1059\" data-end=\"1599\">Ce qui rend le Hybrid V2 unique, c&#8217;est qu&#8217;il peut \u00eatre utilis\u00e9 avec ou sans eau. C&#8217;est pourquoi ce bac \u00e0 feu convient aussi bien aux exercices des pompiers qu&#8217;\u00e0 la formation des secouristes en entreprise. L&#8217;effet de flamme avec de l&#8217;eau est large et dynamique, offrant une simulation r\u00e9aliste d\u2019un feu de liquide inflammable. Vous pouvez, par exemple, apprendre aux apprenants \u00e0 \u00e9teindre un incendie de carburant enflamm\u00e9. Gr\u00e2ce \u00e0 sa plaque de fond perfor\u00e9e unique, vous pouvez \u00e9galement cr\u00e9er un effet de flamme complet sans utiliser d&#8217;eau.<\/p>\r\n<p data-start=\"1601\" data-end=\"1915\">Le Hybrid V2 est particuli\u00e8rement adapt\u00e9 aux mises en situation en ext\u00e9rieur. Cependant, par temps venteux, les flammes peuvent \u00eatre dispers\u00e9es. L&#8217;\u00e9cran coupe-vent pour Hybrid V2 est alors une solution id\u00e9ale, prot\u00e9geant le simulateur du vent sur deux c\u00f4t\u00e9s. Ainsi, l&#8217;effet de flamme reste bien visible et ma\u00eetrisable.<\/p>\r\n<h2 data-start=\"650\" data-end=\"687\">La facilit\u00e9 du robinet de vidange<\/h2>\r\n<p data-start=\"689\" data-end=\"1177\">Gr\u00e2ce au robinet de vidange int\u00e9gr\u00e9 du Hybrid V2, l\u2019eau ajout\u00e9e peut \u00eatre \u00e9vacu\u00e9e de mani\u00e8re contr\u00f4l\u00e9e apr\u00e8s utilisation. Le robinet de vidange est \u00e9quip\u00e9 d\u2019un raccord Gardena, ce qui permet de connecter facilement un tuyau. Alors qu\u2019il fallait auparavant incliner le simulateur d\u2019extinction pour le vider, l\u2019eau contamin\u00e9e peut d\u00e9sormais s\u2019\u00e9couler de fa\u00e7on ma\u00eetris\u00e9e. Cela permet de maintenir le site d\u2019entra\u00eenement et son environnement propres tout en limitant l\u2019impact environnemental.<\/p>\r\n<h2 data-start=\"1917\" data-end=\"1946\">Une construction solide<\/h2>\r\n<p data-start=\"1948\" data-end=\"2321\">Le Hybrid V2 est dot\u00e9 de parois lat\u00e9rales en aluminium robuste et son bo\u00eetier est enti\u00e8rement fabriqu\u00e9 en t\u00f4le \u00e0 relief. Malgr\u00e9 ces mat\u00e9riaux r\u00e9sistants, le simulateur ne p\u00e8se que 14 kg. Il est compatible avec diff\u00e9rents types de gaz, tels que le propane, le GPL ou le butane. Tant que l\u2019alimentation en gaz est maintenue, le simulateur continue \u00e0 fonctionner parfaitement !<\/p>\r\n<h2 data-start=\"2323\" data-end=\"2360\">\u00c9tendre l&#8217;exercice d&#8217;extinction<\/h2>\r\n<p data-start=\"2362\" data-end=\"2919\">Le Hybrid V2 permet de simuler des feux de solides ou des feux de liquides inflammables. Pour captiver continuellement vos apprenants avec des formations d&#8217;extinction plus complexes, d\u00e9couvrez \u00e9galement le simulateur d&#8217;extinction FireWare Vesta. Ce dernier dispose de plusieurs accessoires permettant d\u2019ajouter une nouvelle dimension \u00e0 chaque exercice. Vous pouvez, par exemple, simuler un incendie r\u00e9aliste dans une buanderie ou recr\u00e9er une situation dynamique d\u2019un feu de cuisine. Le Vesta fonctionne avec un allumage \u00e9lectrique et est contr\u00f4l\u00e9 \u00e0 distance.<\/p>\r\n<p data-start=\"2921\" data-end=\"3027\">Le simulateur d&#8217;extinction Hybrid V2 est livr\u00e9 avec un ensemble de tuyaux \u00e0 gaz BF avec poign\u00e9e de serrage.<\/p>\r\n<h2>Regarder la vid\u00e9o<\/h2>\r\n<p><iframe loading=\"lazy\" title=\"(FR) FireWare Hybrid | Simuler diff&amp;eacute;rents types d&amp;#039;incendie afin pour exercer\" src=\"https:\/\/player.vimeo.com\/video\/241522311?h=5f36144bd6&amp;badge=0&amp;autopause=0&amp;player_id=0&amp;app_id=58479\" width=\"1920\" height=\"1080\" frameborder=\"0\" allowfullscreen=\"allowfullscreen\"><\/iframe><\/p>\r\n","protected":false},"excerpt":{"rendered":"<ul>\n<li>Simulateur pour plusieurs incendies diff\u00e9rents;<\/li>\n<li>Fonctionne avec ou sans eau;<\/li>\n<li>Op\u00e9rationnel en quelques minutes;<\/li>\n<li><span class=\"TextRun SCXO61544117 BCX0\" lang=\"NL-NL\" xml:lang=\"NL-NL\" data-contrast=\"auto\"><span class=\"SpellingError SCXO61544117 BCX0\">Vanne<\/span><span class=\"NormalTextRun SCXO61544117 BCX0\">\u00a0de\u00a0<\/span><span class=\"SpellingError SCXO61544117 BCX0\">vidange<\/span><span class=\"NormalTextRun SCXO61544117 BCX0\">\u00a0<\/span><span class=\"SpellingError SCXO61544117 BCX0\">int\u00e9gr\u00e9e<\/span><span class=\"NormalTextRun SCXO61544117 BCX0\">\u00a0pour\u00a0<\/span><span class=\"SpellingError SCXO61544117 BCX0\">une<\/span><span class=\"NormalTextRun SCXO61544117 BCX0\">\u00a0<\/span><span class=\"SpellingError SCXO61544117 BCX0\">\u00e9vacuation<\/span><span class=\"NormalTextRun SCXO61544117 BCX0\">\u00a0<\/span><span class=\"SpellingError SCXO61544117 BCX0\">contr\u00f4l\u00e9e<\/span><span class=\"NormalTextRun SCXO61544117 BCX0\">\u00a0de\u00a0<\/span><span class=\"SpellingError SCXO61544117 BCX0\">l\u2019eau<\/span><span class=\"NormalTextRun SCXO61544117 BCX0\">;<\/span><\/span><span class=\"EOP SCXO61544117 BCX0\">\u00a0<\/span><\/li>\n<li>Plaque inf\u00e9rieure perfor\u00e9e unique en acier inoxydable;<\/li>\n<li>Pour \u00e9teindre avec du CO2, de la mousse ou de l&#8217;eau;<\/li>\n<li>C\u00f4t\u00e9s solides en aluminium;<\/li>\n<li>Bo\u00eetier complet de plaque de roulement;<\/li>\n<li>Ne p\u00e8se que 14 kg.<\/li>\n<li>Inclus un ensemble de tuyaux \u00e0 gaz BF;<\/li>\n<li>Allumage \u00e0 la main;<\/li>\n<li>Y compris le tuyau de gaz.<\/li>\n<li>Robinet d&#8217;\u00e9vacuation int\u00e9gr\u00e9.<\/li>\n<\/ul>\n","protected":false},"featured_media":20447,"template":"","meta":[],"product_brand":[],"product_cat":[70],"product_tag":[],"class_list":{"0":"post-18941","1":"product","2":"type-product","3":"status-publish","4":"has-post-thumbnail","6":"product_cat-simulateurs-dincendie","8":"first","9":"instock","10":"taxable","11":"shipping-taxable","12":"purchasable","13":"product-type-simple"},"yoast_head":"<!-- This site is optimized with the Yoast SEO plugin v27.5 - https:\/\/yoast.com\/product\/yoast-seo-wordpress\/ -->\n<title>Simulateur d&#039;incendie Hybrid V2: fonctionne avec et sans eau - FireWare<\/title>\n<meta name=\"description\" content=\"Le simulateur d&#039;incendie Hybrid peut simuler diff\u00e9rents incendies pour entra\u00eener les techniques d&#039;extinction.\" \/>\n<meta name=\"robots\" content=\"index, follow, max-snippet:-1, max-image-preview:large, max-video-preview:-1\" \/>\n<link rel=\"canonical\" href=\"https:\/\/fireware.nl\/fr\/produit\/simulateur-dincendie-hybrid\/\" \/>\n<meta property=\"og:locale\" content=\"fr_FR\" \/>\n<meta property=\"og:type\" content=\"article\" \/>\n<meta property=\"og:title\" content=\"Simulateur d&#039;incendie Hybrid V2: fonctionne avec et sans eau - FireWare\" \/>\n<meta property=\"og:description\" content=\"Le simulateur d&#039;incendie Hybrid peut simuler diff\u00e9rents incendies pour entra\u00eener les techniques d&#039;extinction.\" \/>\n<meta property=\"og:url\" content=\"https:\/\/fireware.nl\/fr\/produit\/simulateur-dincendie-hybrid\/\" \/>\n<meta property=\"og:site_name\" content=\"FireWare\" \/>\n<meta property=\"article:publisher\" content=\"https:\/\/www.facebook.com\/FireWareBV\/\" \/>\n<meta property=\"article:modified_time\" content=\"2026-01-14T09:41:47+00:00\" \/>\n<meta property=\"og:image\" content=\"https:\/\/fireware.nl\/wp-content\/uploads\/2019\/01\/049-092-001-Hybrid-Blustrainer-zonder-water.jpg\" \/>\n\t<meta property=\"og:image:width\" content=\"600\" \/>\n\t<meta property=\"og:image:height\" content=\"600\" \/>\n\t<meta property=\"og:image:type\" content=\"image\/jpeg\" \/>\n<meta name=\"twitter:card\" content=\"summary_large_image\" \/>\n<meta name=\"twitter:site\" content=\"@FireWarebv\" \/>\n<meta name=\"twitter:label1\" content=\"Dur\u00e9e de lecture estim\u00e9e\" \/>\n\t<meta name=\"twitter:data1\" content=\"3 minutes\" \/>\n<script type=\"application\/ld+json\" class=\"yoast-schema-graph\">{\"@context\":\"https:\\\/\\\/schema.org\",\"@graph\":[{\"@type\":\"WebPage\",\"@id\":\"https:\\\/\\\/fireware.nl\\\/fr\\\/produit\\\/simulateur-dincendie-hybrid\\\/\",\"url\":\"https:\\\/\\\/fireware.nl\\\/fr\\\/produit\\\/simulateur-dincendie-hybrid\\\/\",\"name\":\"Simulateur d'incendie Hybrid V2: fonctionne avec et sans eau - FireWare\",\"isPartOf\":{\"@id\":\"https:\\\/\\\/fireware.nl\\\/fr\\\/#website\"},\"primaryImageOfPage\":{\"@id\":\"https:\\\/\\\/fireware.nl\\\/fr\\\/produit\\\/simulateur-dincendie-hybrid\\\/#primaryimage\"},\"image\":{\"@id\":\"https:\\\/\\\/fireware.nl\\\/fr\\\/produit\\\/simulateur-dincendie-hybrid\\\/#primaryimage\"},\"thumbnailUrl\":\"https:\\\/\\\/fireware.nl\\\/wp-content\\\/uploads\\\/2019\\\/01\\\/049-092-001-Hybrid-Blustrainer-zonder-water.jpg\",\"datePublished\":\"2026-01-01T12:15:28+00:00\",\"dateModified\":\"2026-01-14T09:41:47+00:00\",\"description\":\"Le simulateur d'incendie Hybrid peut simuler diff\u00e9rents incendies pour entra\u00eener les techniques d'extinction.\",\"breadcrumb\":{\"@id\":\"https:\\\/\\\/fireware.nl\\\/fr\\\/produit\\\/simulateur-dincendie-hybrid\\\/#breadcrumb\"},\"inLanguage\":\"fr-FR\",\"potentialAction\":[{\"@type\":\"ReadAction\",\"target\":[\"https:\\\/\\\/fireware.nl\\\/fr\\\/produit\\\/simulateur-dincendie-hybrid\\\/\"]}]},{\"@type\":\"ImageObject\",\"inLanguage\":\"fr-FR\",\"@id\":\"https:\\\/\\\/fireware.nl\\\/fr\\\/produit\\\/simulateur-dincendie-hybrid\\\/#primaryimage\",\"url\":\"https:\\\/\\\/fireware.nl\\\/wp-content\\\/uploads\\\/2019\\\/01\\\/049-092-001-Hybrid-Blustrainer-zonder-water.jpg\",\"contentUrl\":\"https:\\\/\\\/fireware.nl\\\/wp-content\\\/uploads\\\/2019\\\/01\\\/049-092-001-Hybrid-Blustrainer-zonder-water.jpg\",\"width\":600,\"height\":600,\"caption\":\"049-092-001 Hybrid Blustrainer zonder water\"},{\"@type\":\"BreadcrumbList\",\"@id\":\"https:\\\/\\\/fireware.nl\\\/fr\\\/produit\\\/simulateur-dincendie-hybrid\\\/#breadcrumb\",\"itemListElement\":[{\"@type\":\"ListItem\",\"position\":1,\"name\":\"Home\",\"item\":\"https:\\\/\\\/fireware.nl\\\/fr\\\/\"},{\"@type\":\"ListItem\",\"position\":2,\"name\":\"Produits\",\"item\":\"https:\\\/\\\/fireware.nl\\\/fr\\\/produits\\\/\"},{\"@type\":\"ListItem\",\"position\":3,\"name\":\"Simulateur d&#8217;incendie Hybrid V2\"}]},{\"@type\":\"WebSite\",\"@id\":\"https:\\\/\\\/fireware.nl\\\/fr\\\/#website\",\"url\":\"https:\\\/\\\/fireware.nl\\\/fr\\\/\",\"name\":\"FireWare\",\"description\":\"CREATING REALISTIC  TRAINING ENVIRONMENTS\",\"publisher\":{\"@id\":\"https:\\\/\\\/fireware.nl\\\/fr\\\/#organization\"},\"potentialAction\":[{\"@type\":\"SearchAction\",\"target\":{\"@type\":\"EntryPoint\",\"urlTemplate\":\"https:\\\/\\\/fireware.nl\\\/fr\\\/?s={search_term_string}\"},\"query-input\":{\"@type\":\"PropertyValueSpecification\",\"valueRequired\":true,\"valueName\":\"search_term_string\"}}],\"inLanguage\":\"fr-FR\"},{\"@type\":\"Organization\",\"@id\":\"https:\\\/\\\/fireware.nl\\\/fr\\\/#organization\",\"name\":\"FireWare\",\"url\":\"https:\\\/\\\/fireware.nl\\\/fr\\\/\",\"logo\":{\"@type\":\"ImageObject\",\"inLanguage\":\"fr-FR\",\"@id\":\"https:\\\/\\\/fireware.nl\\\/fr\\\/#\\\/schema\\\/logo\\\/image\\\/\",\"url\":\"https:\\\/\\\/fireware.nl\\\/wp-content\\\/uploads\\\/2018\\\/10\\\/FireWare-logo.jpg\",\"contentUrl\":\"https:\\\/\\\/fireware.nl\\\/wp-content\\\/uploads\\\/2018\\\/10\\\/FireWare-logo.jpg\",\"width\":171,\"height\":70,\"caption\":\"FireWare\"},\"image\":{\"@id\":\"https:\\\/\\\/fireware.nl\\\/fr\\\/#\\\/schema\\\/logo\\\/image\\\/\"},\"sameAs\":[\"https:\\\/\\\/www.facebook.com\\\/FireWareBV\\\/\",\"https:\\\/\\\/x.com\\\/FireWarebv\",\"https:\\\/\\\/www.instagram.com\\\/fireware_nl\\\/\",\"https:\\\/\\\/www.linkedin.com\\\/company\\\/3586017\\\/\",\"https:\\\/\\\/www.youtube.com\\\/user\\\/firesalesrentconsult\"]}]}<\/script>\n<!-- \/ Yoast SEO plugin. -->","yoast_head_json":{"title":"Simulateur d'incendie Hybrid V2: fonctionne avec et sans eau - FireWare","description":"Le simulateur d'incendie Hybrid peut simuler diff\u00e9rents incendies pour entra\u00eener les techniques d'extinction.","robots":{"index":"index","follow":"follow","max-snippet":"max-snippet:-1","max-image-preview":"max-image-preview:large","max-video-preview":"max-video-preview:-1"},"canonical":"https:\/\/fireware.nl\/fr\/produit\/simulateur-dincendie-hybrid\/","og_locale":"fr_FR","og_type":"article","og_title":"Simulateur d'incendie Hybrid V2: fonctionne avec et sans eau - FireWare","og_description":"Le simulateur d'incendie Hybrid peut simuler diff\u00e9rents incendies pour entra\u00eener les techniques d'extinction.","og_url":"https:\/\/fireware.nl\/fr\/produit\/simulateur-dincendie-hybrid\/","og_site_name":"FireWare","article_publisher":"https:\/\/www.facebook.com\/FireWareBV\/","article_modified_time":"2026-01-14T09:41:47+00:00","og_image":[{"width":600,"height":600,"url":"https:\/\/fireware.nl\/wp-content\/uploads\/2019\/01\/049-092-001-Hybrid-Blustrainer-zonder-water.jpg","type":"image\/jpeg"}],"twitter_card":"summary_large_image","twitter_site":"@FireWarebv","twitter_misc":{"Dur\u00e9e de lecture estim\u00e9e":"3 minutes"},"schema":{"@context":"https:\/\/schema.org","@graph":[{"@type":"WebPage","@id":"https:\/\/fireware.nl\/fr\/produit\/simulateur-dincendie-hybrid\/","url":"https:\/\/fireware.nl\/fr\/produit\/simulateur-dincendie-hybrid\/","name":"Simulateur d'incendie Hybrid V2: fonctionne avec et sans eau - FireWare","isPartOf":{"@id":"https:\/\/fireware.nl\/fr\/#website"},"primaryImageOfPage":{"@id":"https:\/\/fireware.nl\/fr\/produit\/simulateur-dincendie-hybrid\/#primaryimage"},"image":{"@id":"https:\/\/fireware.nl\/fr\/produit\/simulateur-dincendie-hybrid\/#primaryimage"},"thumbnailUrl":"https:\/\/fireware.nl\/wp-content\/uploads\/2019\/01\/049-092-001-Hybrid-Blustrainer-zonder-water.jpg","datePublished":"2026-01-01T12:15:28+00:00","dateModified":"2026-01-14T09:41:47+00:00","description":"Le simulateur d'incendie Hybrid peut simuler diff\u00e9rents incendies pour entra\u00eener les techniques d'extinction.","breadcrumb":{"@id":"https:\/\/fireware.nl\/fr\/produit\/simulateur-dincendie-hybrid\/#breadcrumb"},"inLanguage":"fr-FR","potentialAction":[{"@type":"ReadAction","target":["https:\/\/fireware.nl\/fr\/produit\/simulateur-dincendie-hybrid\/"]}]},{"@type":"ImageObject","inLanguage":"fr-FR","@id":"https:\/\/fireware.nl\/fr\/produit\/simulateur-dincendie-hybrid\/#primaryimage","url":"https:\/\/fireware.nl\/wp-content\/uploads\/2019\/01\/049-092-001-Hybrid-Blustrainer-zonder-water.jpg","contentUrl":"https:\/\/fireware.nl\/wp-content\/uploads\/2019\/01\/049-092-001-Hybrid-Blustrainer-zonder-water.jpg","width":600,"height":600,"caption":"049-092-001 Hybrid Blustrainer zonder water"},{"@type":"BreadcrumbList","@id":"https:\/\/fireware.nl\/fr\/produit\/simulateur-dincendie-hybrid\/#breadcrumb","itemListElement":[{"@type":"ListItem","position":1,"name":"Home","item":"https:\/\/fireware.nl\/fr\/"},{"@type":"ListItem","position":2,"name":"Produits","item":"https:\/\/fireware.nl\/fr\/produits\/"},{"@type":"ListItem","position":3,"name":"Simulateur d&#8217;incendie Hybrid V2"}]},{"@type":"WebSite","@id":"https:\/\/fireware.nl\/fr\/#website","url":"https:\/\/fireware.nl\/fr\/","name":"FireWare","description":"CREATING REALISTIC  TRAINING ENVIRONMENTS","publisher":{"@id":"https:\/\/fireware.nl\/fr\/#organization"},"potentialAction":[{"@type":"SearchAction","target":{"@type":"EntryPoint","urlTemplate":"https:\/\/fireware.nl\/fr\/?s={search_term_string}"},"query-input":{"@type":"PropertyValueSpecification","valueRequired":true,"valueName":"search_term_string"}}],"inLanguage":"fr-FR"},{"@type":"Organization","@id":"https:\/\/fireware.nl\/fr\/#organization","name":"FireWare","url":"https:\/\/fireware.nl\/fr\/","logo":{"@type":"ImageObject","inLanguage":"fr-FR","@id":"https:\/\/fireware.nl\/fr\/#\/schema\/logo\/image\/","url":"https:\/\/fireware.nl\/wp-content\/uploads\/2018\/10\/FireWare-logo.jpg","contentUrl":"https:\/\/fireware.nl\/wp-content\/uploads\/2018\/10\/FireWare-logo.jpg","width":171,"height":70,"caption":"FireWare"},"image":{"@id":"https:\/\/fireware.nl\/fr\/#\/schema\/logo\/image\/"},"sameAs":["https:\/\/www.facebook.com\/FireWareBV\/","https:\/\/x.com\/FireWarebv","https:\/\/www.instagram.com\/fireware_nl\/","https:\/\/www.linkedin.com\/company\/3586017\/","https:\/\/www.youtube.com\/user\/firesalesrentconsult"]}]}},"publishpress_future_workflow_manual_trigger":{"enabledWorkflows":[]},"_links":{"self":[{"href":"https:\/\/fireware.nl\/fr\/wp-json\/wp\/v2\/product\/18941","targetHints":{"allow":["GET"]}}],"collection":[{"href":"https:\/\/fireware.nl\/fr\/wp-json\/wp\/v2\/product"}],"about":[{"href":"https:\/\/fireware.nl\/fr\/wp-json\/wp\/v2\/types\/product"}],"wp:featuredmedia":[{"embeddable":true,"href":"https:\/\/fireware.nl\/fr\/wp-json\/wp\/v2\/media\/20447"}],"wp:attachment":[{"href":"https:\/\/fireware.nl\/fr\/wp-json\/wp\/v2\/media?parent=18941"}],"wp:term":[{"taxonomy":"product_brand","embeddable":true,"href":"https:\/\/fireware.nl\/fr\/wp-json\/wp\/v2\/product_brand?post=18941"},{"taxonomy":"product_cat","embeddable":true,"href":"https:\/\/fireware.nl\/fr\/wp-json\/wp\/v2\/product_cat?post=18941"},{"taxonomy":"product_tag","embeddable":true,"href":"https:\/\/fireware.nl\/fr\/wp-json\/wp\/v2\/product_tag?post=18941"}],"curies":[{"name":"wp","href":"https:\/\/api.w.org\/{rel}","templated":true}]}}