
{"id":18950,"date":"2019-01-23T12:15:29","date_gmt":"2019-02-01T08:43:57","guid":{"rendered":"http:\/\/fireware.sites.hyperhosting.co\/?post_type=product&#038;p=18950"},"modified":"2023-02-02T13:23:48","modified_gmt":"2023-02-02T13:23:48","slug":"feu-de-bride-stand-alone","status":"publish","type":"product","link":"https:\/\/fireware.nl\/fr\/produit\/feu-de-bride-stand-alone\/","title":{"rendered":"Feu de bride Stand-alone"},"content":{"rendered":"\r\n<h2>Cre\u00e9r un feu de bride vite et s\u00fbr<\/h2>\r\n<p>Le Feu de bride Stand-alone est enflamm\u00e9 manuellement au moyen d&#8217;un br\u00fbleur allume-feu ind\u00e9pendant (exclusif). Le flexible \u00e0 gaz est \u00e9quip\u00e9 d&#8217;une poign\u00e9e \u00e0 pression permettant de r\u00e9gler l&#8217;alimentation en gaz sortant de la bouteille et de la couper tout aussi vite. Le Flange Fire constitue un excellent moyen d&#8217;entra\u00eenement de lutte contre les accidents impliquant des mati\u00e8res dangereuses. Le sapeur-pompier ferme le robinet de gaz pour simuler qu&#8217;il ait coup\u00e9 l&#8217;arriv\u00e9e de gaz. Ensuite, l&#8217;instructeur l\u00e2che la poign\u00e9e-presse et voil\u00e0: un entra\u00eenement r\u00e9ussi !<\/p>\r\n<p>Sa conception intelligente facilite l&#8217;emballage et le d\u00e9placement de cet accessoire dans le caisson en mati\u00e8re synth\u00e9tique fourni, gr\u00e2ce \u00e0 ses dimensions compactes de 60 x 40 x 44 cm pour le transport. L&#8217;accessoire est fabriqu\u00e9 en acier inoxydable de tr\u00e8s haute qualit\u00e9. \u00c9galement disponible comme Add-on pour le Vesta.<\/p>\r\n","protected":false},"excerpt":{"rendered":"<ul>\n<li>Pour simuler rapidement et facilement une vanne en feu.<\/li>\n<li>\u00c9quip\u00e9 d\u2019un robinet de gaz.<\/li>\n<li>Acier inoxydable de haute qualit\u00e9.<\/li>\n<li>Allumage manuel (exclusif).<\/li>\n<li>Caisson en mati\u00e8re synth\u00e9tique de 60 x 40 x 44 cm inclus.<\/li>\n<\/ul>\n","protected":false},"featured_media":20426,"template":"","meta":[],"product_brand":[],"product_cat":[218,70],"product_tag":[],"class_list":{"0":"post-18950","1":"product","2":"type-product","3":"status-publish","4":"has-post-thumbnail","6":"product_cat-nbrce","7":"product_cat-simulateurs-dincendie","9":"first","10":"instock","11":"taxable","12":"shipping-taxable","13":"purchasable","14":"product-type-simple"},"yoast_head":"<!-- This site is optimized with the Yoast SEO plugin v27.5 - https:\/\/yoast.com\/product\/yoast-seo-wordpress\/ -->\n<title>Simulez un Feu de bride Stand-alone - FireWare<\/title>\n<meta name=\"description\" content=\"Ce simulateur d&#039;incendie autonome simule un feu de bride r\u00e9aliste. Demandez aux stagiaires de fermer la vanne de gaz.\" \/>\n<meta name=\"robots\" content=\"index, follow, max-snippet:-1, max-image-preview:large, max-video-preview:-1\" \/>\n<link rel=\"canonical\" href=\"https:\/\/fireware.nl\/fr\/produit\/feu-de-bride-stand-alone\/\" \/>\n<meta property=\"og:locale\" content=\"fr_FR\" \/>\n<meta property=\"og:type\" content=\"article\" \/>\n<meta property=\"og:title\" content=\"Simulez un Feu de bride Stand-alone - FireWare\" \/>\n<meta property=\"og:description\" content=\"Ce simulateur d&#039;incendie autonome simule un feu de bride r\u00e9aliste. Demandez aux stagiaires de fermer la vanne de gaz.\" \/>\n<meta property=\"og:url\" content=\"https:\/\/fireware.nl\/fr\/produit\/feu-de-bride-stand-alone\/\" \/>\n<meta property=\"og:site_name\" content=\"FireWare\" \/>\n<meta property=\"article:publisher\" content=\"https:\/\/www.facebook.com\/FireWareBV\/\" \/>\n<meta property=\"article:modified_time\" content=\"2023-02-02T13:23:48+00:00\" \/>\n<meta property=\"og:image\" content=\"https:\/\/fireware.nl\/wp-content\/uploads\/2019\/01\/049-012-013-Stand-alone-Flange-Fire.jpg\" \/>\n\t<meta property=\"og:image:width\" content=\"600\" \/>\n\t<meta property=\"og:image:height\" content=\"600\" \/>\n\t<meta property=\"og:image:type\" content=\"image\/jpeg\" \/>\n<meta name=\"twitter:card\" content=\"summary_large_image\" \/>\n<meta name=\"twitter:site\" content=\"@FireWarebv\" \/>\n<meta name=\"twitter:label1\" content=\"Dur\u00e9e de lecture estim\u00e9e\" \/>\n\t<meta name=\"twitter:data1\" content=\"1 minute\" \/>\n<script type=\"application\/ld+json\" class=\"yoast-schema-graph\">{\"@context\":\"https:\\\/\\\/schema.org\",\"@graph\":[{\"@type\":\"WebPage\",\"@id\":\"https:\\\/\\\/fireware.nl\\\/fr\\\/produit\\\/feu-de-bride-stand-alone\\\/\",\"url\":\"https:\\\/\\\/fireware.nl\\\/fr\\\/produit\\\/feu-de-bride-stand-alone\\\/\",\"name\":\"Simulez un Feu de bride Stand-alone - FireWare\",\"isPartOf\":{\"@id\":\"https:\\\/\\\/fireware.nl\\\/fr\\\/#website\"},\"primaryImageOfPage\":{\"@id\":\"https:\\\/\\\/fireware.nl\\\/fr\\\/produit\\\/feu-de-bride-stand-alone\\\/#primaryimage\"},\"image\":{\"@id\":\"https:\\\/\\\/fireware.nl\\\/fr\\\/produit\\\/feu-de-bride-stand-alone\\\/#primaryimage\"},\"thumbnailUrl\":\"https:\\\/\\\/fireware.nl\\\/wp-content\\\/uploads\\\/2019\\\/01\\\/049-012-013-Stand-alone-Flange-Fire.jpg\",\"datePublished\":\"2019-02-01T08:43:57+00:00\",\"dateModified\":\"2023-02-02T13:23:48+00:00\",\"description\":\"Ce simulateur d'incendie autonome simule un feu de bride r\u00e9aliste. Demandez aux stagiaires de fermer la vanne de gaz.\",\"breadcrumb\":{\"@id\":\"https:\\\/\\\/fireware.nl\\\/fr\\\/produit\\\/feu-de-bride-stand-alone\\\/#breadcrumb\"},\"inLanguage\":\"fr-FR\",\"potentialAction\":[{\"@type\":\"ReadAction\",\"target\":[\"https:\\\/\\\/fireware.nl\\\/fr\\\/produit\\\/feu-de-bride-stand-alone\\\/\"]}]},{\"@type\":\"ImageObject\",\"inLanguage\":\"fr-FR\",\"@id\":\"https:\\\/\\\/fireware.nl\\\/fr\\\/produit\\\/feu-de-bride-stand-alone\\\/#primaryimage\",\"url\":\"https:\\\/\\\/fireware.nl\\\/wp-content\\\/uploads\\\/2019\\\/01\\\/049-012-013-Stand-alone-Flange-Fire.jpg\",\"contentUrl\":\"https:\\\/\\\/fireware.nl\\\/wp-content\\\/uploads\\\/2019\\\/01\\\/049-012-013-Stand-alone-Flange-Fire.jpg\",\"width\":600,\"height\":600,\"caption\":\"049-012-013 Stand-alone Flange Fire\"},{\"@type\":\"BreadcrumbList\",\"@id\":\"https:\\\/\\\/fireware.nl\\\/fr\\\/produit\\\/feu-de-bride-stand-alone\\\/#breadcrumb\",\"itemListElement\":[{\"@type\":\"ListItem\",\"position\":1,\"name\":\"Home\",\"item\":\"https:\\\/\\\/fireware.nl\\\/fr\\\/\"},{\"@type\":\"ListItem\",\"position\":2,\"name\":\"Produits\",\"item\":\"https:\\\/\\\/fireware.nl\\\/fr\\\/produits\\\/\"},{\"@type\":\"ListItem\",\"position\":3,\"name\":\"Feu de bride Stand-alone\"}]},{\"@type\":\"WebSite\",\"@id\":\"https:\\\/\\\/fireware.nl\\\/fr\\\/#website\",\"url\":\"https:\\\/\\\/fireware.nl\\\/fr\\\/\",\"name\":\"FireWare\",\"description\":\"CREATING REALISTIC  TRAINING ENVIRONMENTS\",\"publisher\":{\"@id\":\"https:\\\/\\\/fireware.nl\\\/fr\\\/#organization\"},\"potentialAction\":[{\"@type\":\"SearchAction\",\"target\":{\"@type\":\"EntryPoint\",\"urlTemplate\":\"https:\\\/\\\/fireware.nl\\\/fr\\\/?s={search_term_string}\"},\"query-input\":{\"@type\":\"PropertyValueSpecification\",\"valueRequired\":true,\"valueName\":\"search_term_string\"}}],\"inLanguage\":\"fr-FR\"},{\"@type\":\"Organization\",\"@id\":\"https:\\\/\\\/fireware.nl\\\/fr\\\/#organization\",\"name\":\"FireWare\",\"url\":\"https:\\\/\\\/fireware.nl\\\/fr\\\/\",\"logo\":{\"@type\":\"ImageObject\",\"inLanguage\":\"fr-FR\",\"@id\":\"https:\\\/\\\/fireware.nl\\\/fr\\\/#\\\/schema\\\/logo\\\/image\\\/\",\"url\":\"https:\\\/\\\/fireware.nl\\\/wp-content\\\/uploads\\\/2018\\\/10\\\/FireWare-logo.jpg\",\"contentUrl\":\"https:\\\/\\\/fireware.nl\\\/wp-content\\\/uploads\\\/2018\\\/10\\\/FireWare-logo.jpg\",\"width\":171,\"height\":70,\"caption\":\"FireWare\"},\"image\":{\"@id\":\"https:\\\/\\\/fireware.nl\\\/fr\\\/#\\\/schema\\\/logo\\\/image\\\/\"},\"sameAs\":[\"https:\\\/\\\/www.facebook.com\\\/FireWareBV\\\/\",\"https:\\\/\\\/x.com\\\/FireWarebv\",\"https:\\\/\\\/www.instagram.com\\\/fireware_nl\\\/\",\"https:\\\/\\\/www.linkedin.com\\\/company\\\/3586017\\\/\",\"https:\\\/\\\/www.youtube.com\\\/user\\\/firesalesrentconsult\"]}]}<\/script>\n<!-- \/ Yoast SEO plugin. -->","yoast_head_json":{"title":"Simulez un Feu de bride Stand-alone - FireWare","description":"Ce simulateur d'incendie autonome simule un feu de bride r\u00e9aliste. Demandez aux stagiaires de fermer la vanne de gaz.","robots":{"index":"index","follow":"follow","max-snippet":"max-snippet:-1","max-image-preview":"max-image-preview:large","max-video-preview":"max-video-preview:-1"},"canonical":"https:\/\/fireware.nl\/fr\/produit\/feu-de-bride-stand-alone\/","og_locale":"fr_FR","og_type":"article","og_title":"Simulez un Feu de bride Stand-alone - FireWare","og_description":"Ce simulateur d'incendie autonome simule un feu de bride r\u00e9aliste. Demandez aux stagiaires de fermer la vanne de gaz.","og_url":"https:\/\/fireware.nl\/fr\/produit\/feu-de-bride-stand-alone\/","og_site_name":"FireWare","article_publisher":"https:\/\/www.facebook.com\/FireWareBV\/","article_modified_time":"2023-02-02T13:23:48+00:00","og_image":[{"width":600,"height":600,"url":"https:\/\/fireware.nl\/wp-content\/uploads\/2019\/01\/049-012-013-Stand-alone-Flange-Fire.jpg","type":"image\/jpeg"}],"twitter_card":"summary_large_image","twitter_site":"@FireWarebv","twitter_misc":{"Dur\u00e9e de lecture estim\u00e9e":"1 minute"},"schema":{"@context":"https:\/\/schema.org","@graph":[{"@type":"WebPage","@id":"https:\/\/fireware.nl\/fr\/produit\/feu-de-bride-stand-alone\/","url":"https:\/\/fireware.nl\/fr\/produit\/feu-de-bride-stand-alone\/","name":"Simulez un Feu de bride Stand-alone - FireWare","isPartOf":{"@id":"https:\/\/fireware.nl\/fr\/#website"},"primaryImageOfPage":{"@id":"https:\/\/fireware.nl\/fr\/produit\/feu-de-bride-stand-alone\/#primaryimage"},"image":{"@id":"https:\/\/fireware.nl\/fr\/produit\/feu-de-bride-stand-alone\/#primaryimage"},"thumbnailUrl":"https:\/\/fireware.nl\/wp-content\/uploads\/2019\/01\/049-012-013-Stand-alone-Flange-Fire.jpg","datePublished":"2019-02-01T08:43:57+00:00","dateModified":"2023-02-02T13:23:48+00:00","description":"Ce simulateur d'incendie autonome simule un feu de bride r\u00e9aliste. Demandez aux stagiaires de fermer la vanne de gaz.","breadcrumb":{"@id":"https:\/\/fireware.nl\/fr\/produit\/feu-de-bride-stand-alone\/#breadcrumb"},"inLanguage":"fr-FR","potentialAction":[{"@type":"ReadAction","target":["https:\/\/fireware.nl\/fr\/produit\/feu-de-bride-stand-alone\/"]}]},{"@type":"ImageObject","inLanguage":"fr-FR","@id":"https:\/\/fireware.nl\/fr\/produit\/feu-de-bride-stand-alone\/#primaryimage","url":"https:\/\/fireware.nl\/wp-content\/uploads\/2019\/01\/049-012-013-Stand-alone-Flange-Fire.jpg","contentUrl":"https:\/\/fireware.nl\/wp-content\/uploads\/2019\/01\/049-012-013-Stand-alone-Flange-Fire.jpg","width":600,"height":600,"caption":"049-012-013 Stand-alone Flange Fire"},{"@type":"BreadcrumbList","@id":"https:\/\/fireware.nl\/fr\/produit\/feu-de-bride-stand-alone\/#breadcrumb","itemListElement":[{"@type":"ListItem","position":1,"name":"Home","item":"https:\/\/fireware.nl\/fr\/"},{"@type":"ListItem","position":2,"name":"Produits","item":"https:\/\/fireware.nl\/fr\/produits\/"},{"@type":"ListItem","position":3,"name":"Feu de bride Stand-alone"}]},{"@type":"WebSite","@id":"https:\/\/fireware.nl\/fr\/#website","url":"https:\/\/fireware.nl\/fr\/","name":"FireWare","description":"CREATING REALISTIC  TRAINING ENVIRONMENTS","publisher":{"@id":"https:\/\/fireware.nl\/fr\/#organization"},"potentialAction":[{"@type":"SearchAction","target":{"@type":"EntryPoint","urlTemplate":"https:\/\/fireware.nl\/fr\/?s={search_term_string}"},"query-input":{"@type":"PropertyValueSpecification","valueRequired":true,"valueName":"search_term_string"}}],"inLanguage":"fr-FR"},{"@type":"Organization","@id":"https:\/\/fireware.nl\/fr\/#organization","name":"FireWare","url":"https:\/\/fireware.nl\/fr\/","logo":{"@type":"ImageObject","inLanguage":"fr-FR","@id":"https:\/\/fireware.nl\/fr\/#\/schema\/logo\/image\/","url":"https:\/\/fireware.nl\/wp-content\/uploads\/2018\/10\/FireWare-logo.jpg","contentUrl":"https:\/\/fireware.nl\/wp-content\/uploads\/2018\/10\/FireWare-logo.jpg","width":171,"height":70,"caption":"FireWare"},"image":{"@id":"https:\/\/fireware.nl\/fr\/#\/schema\/logo\/image\/"},"sameAs":["https:\/\/www.facebook.com\/FireWareBV\/","https:\/\/x.com\/FireWarebv","https:\/\/www.instagram.com\/fireware_nl\/","https:\/\/www.linkedin.com\/company\/3586017\/","https:\/\/www.youtube.com\/user\/firesalesrentconsult"]}]}},"publishpress_future_workflow_manual_trigger":{"enabledWorkflows":[]},"_links":{"self":[{"href":"https:\/\/fireware.nl\/fr\/wp-json\/wp\/v2\/product\/18950","targetHints":{"allow":["GET"]}}],"collection":[{"href":"https:\/\/fireware.nl\/fr\/wp-json\/wp\/v2\/product"}],"about":[{"href":"https:\/\/fireware.nl\/fr\/wp-json\/wp\/v2\/types\/product"}],"wp:featuredmedia":[{"embeddable":true,"href":"https:\/\/fireware.nl\/fr\/wp-json\/wp\/v2\/media\/20426"}],"wp:attachment":[{"href":"https:\/\/fireware.nl\/fr\/wp-json\/wp\/v2\/media?parent=18950"}],"wp:term":[{"taxonomy":"product_brand","embeddable":true,"href":"https:\/\/fireware.nl\/fr\/wp-json\/wp\/v2\/product_brand?post=18950"},{"taxonomy":"product_cat","embeddable":true,"href":"https:\/\/fireware.nl\/fr\/wp-json\/wp\/v2\/product_cat?post=18950"},{"taxonomy":"product_tag","embeddable":true,"href":"https:\/\/fireware.nl\/fr\/wp-json\/wp\/v2\/product_tag?post=18950"}],"curies":[{"name":"wp","href":"https:\/\/api.w.org\/{rel}","templated":true}]}}