
{"id":18970,"date":"2019-01-23T12:15:28","date_gmt":"2019-02-01T08:54:57","guid":{"rendered":"http:\/\/fireware.sites.hyperhosting.co\/?post_type=product&#038;p=18970"},"modified":"2024-10-10T08:39:45","modified_gmt":"2024-10-10T08:39:45","slug":"vestastand","status":"publish","type":"product","link":"https:\/\/fireware.nl\/fr\/product\/vestastand\/","title":{"rendered":"Vestastand"},"content":{"rendered":"<h2>Utilizer du Vesta FireWare horizontales<\/h2>\n<p>Pour un effet sp\u00e9cial, il est parfois utile de disposer d&#8217;une flamme horizontale au lieu d&#8217;une flamme verticale. Avec ce support, vous pouvez placer le\u00a0FireWare Vesta\u00a0horizontalement. Gr\u00e2ce aux boucliers thermor\u00e9sistants incorpor\u00e9s, le raccordement de la commande du dispositif de gaz et de la t\u00e9l\u00e9commande sont prot\u00e9g\u00e9s contre la chaleur de radiation.<\/p>\n<p>Ce support a pour but de cr\u00e9er des effets de flammes horizontales et pas de laisser br\u00fbler une flamme horizontale pendant un long moment. En retirant la grille du\u00a0FireWare Vesta, vous pouvez aussi cr\u00e9er un jet de flamme plut\u00f4t qu&#8217;une flamme bomb\u00e9e.<\/p>\n<p>Le FireWare Vesta Standard Horizontal est livr\u00e9 avec ses 4 boutons \u00e9toile. Desserrez les pieds r\u00e9glables du Vesta et fixez votre Vesta ensuite dans son standard avec les boutons \u00e9toiles. Le standard est naturellement livr\u00e9 complet, dans un caisson en plastique.<\/p>\n","protected":false},"excerpt":{"rendered":"<ul>\n<li>Id\u00e9al pour permettre \u00e0 votre Vesta FireWare de cr\u00e9er des flammes horizontales.<\/li>\n<li>Caisson en mati\u00e8re synth\u00e9tique de 60*40*32,5 cm.<\/li>\n<li>\u00c9quip\u00e9 de boucliers thermor\u00e9sistants pour le raccordement de la commande du dispositif de gaz et de la t\u00e9l\u00e9commande.<\/li>\n<li>Les pieds r\u00e9glables du Vesta s\u2019utilisent pour la fixation : aucune pi\u00e8ce d\u00e9tach\u00e9e n\u2019est pr\u00e9sente!<\/li>\n<\/ul>\n","protected":false},"featured_media":20577,"template":"","meta":[],"product_brand":[],"product_cat":[73],"product_tag":[],"class_list":{"0":"post-18970","1":"product","2":"type-product","3":"status-publish","4":"has-post-thumbnail","6":"product_cat-pieces-add-on-pour-simulateurs-dincendie","8":"first","9":"instock","10":"taxable","11":"shipping-taxable","12":"purchasable","13":"product-type-simple"},"yoast_head":"<!-- This site is optimized with the Yoast SEO plugin v27.5 - https:\/\/yoast.com\/product\/yoast-seo-wordpress\/ -->\n<title>Vestastand - FireWare<\/title>\n<meta name=\"robots\" content=\"index, follow, max-snippet:-1, max-image-preview:large, max-video-preview:-1\" \/>\n<link rel=\"canonical\" href=\"https:\/\/fireware.nl\/fr\/product\/vestastand\/\" \/>\n<meta property=\"og:locale\" content=\"fr_FR\" \/>\n<meta property=\"og:type\" content=\"article\" \/>\n<meta property=\"og:title\" content=\"Vestastand - FireWare\" \/>\n<meta property=\"og:description\" content=\"Id\u00e9al pour permettre \u00e0 votre Vesta FireWare de cr\u00e9er des flammes horizontales.  Caisson en mati\u00e8re synth\u00e9tique de 60*40*32,5 cm.  \u00c9quip\u00e9 de boucliers thermor\u00e9sistants pour le raccordement de la commande du dispositif de gaz et de la t\u00e9l\u00e9commande.  Les pieds r\u00e9glables du Vesta s\u2019utilisent pour la fixation : aucune pi\u00e8ce d\u00e9tach\u00e9e n\u2019est pr\u00e9sente!\" \/>\n<meta property=\"og:url\" content=\"https:\/\/fireware.nl\/fr\/product\/vestastand\/\" \/>\n<meta property=\"og:site_name\" content=\"FireWare\" \/>\n<meta property=\"article:publisher\" content=\"https:\/\/www.facebook.com\/FireWareBV\/\" \/>\n<meta property=\"article:modified_time\" content=\"2024-10-10T08:39:45+00:00\" \/>\n<meta property=\"og:image\" content=\"https:\/\/fireware.nl\/wp-content\/uploads\/2019\/01\/049-012-036-Vesta-Horizontal-Stand-Schuin-Boven-zonder-Vesta.jpg\" \/>\n\t<meta property=\"og:image:width\" content=\"600\" \/>\n\t<meta property=\"og:image:height\" content=\"600\" \/>\n\t<meta property=\"og:image:type\" content=\"image\/jpeg\" \/>\n<meta name=\"twitter:card\" content=\"summary_large_image\" \/>\n<meta name=\"twitter:site\" content=\"@FireWarebv\" \/>\n<meta name=\"twitter:label1\" content=\"Dur\u00e9e de lecture estim\u00e9e\" \/>\n\t<meta name=\"twitter:data1\" content=\"1 minute\" \/>\n<script type=\"application\/ld+json\" class=\"yoast-schema-graph\">{\"@context\":\"https:\\\/\\\/schema.org\",\"@graph\":[{\"@type\":\"WebPage\",\"@id\":\"https:\\\/\\\/fireware.nl\\\/fr\\\/product\\\/vestastand\\\/\",\"url\":\"https:\\\/\\\/fireware.nl\\\/fr\\\/product\\\/vestastand\\\/\",\"name\":\"Vestastand - FireWare\",\"isPartOf\":{\"@id\":\"https:\\\/\\\/fireware.nl\\\/fr\\\/#website\"},\"primaryImageOfPage\":{\"@id\":\"https:\\\/\\\/fireware.nl\\\/fr\\\/product\\\/vestastand\\\/#primaryimage\"},\"image\":{\"@id\":\"https:\\\/\\\/fireware.nl\\\/fr\\\/product\\\/vestastand\\\/#primaryimage\"},\"thumbnailUrl\":\"https:\\\/\\\/fireware.nl\\\/wp-content\\\/uploads\\\/2019\\\/01\\\/049-012-036-Vesta-Horizontal-Stand-Schuin-Boven-zonder-Vesta.jpg\",\"datePublished\":\"2019-02-01T08:54:57+00:00\",\"dateModified\":\"2024-10-10T08:39:45+00:00\",\"breadcrumb\":{\"@id\":\"https:\\\/\\\/fireware.nl\\\/fr\\\/product\\\/vestastand\\\/#breadcrumb\"},\"inLanguage\":\"fr-FR\",\"potentialAction\":[{\"@type\":\"ReadAction\",\"target\":[\"https:\\\/\\\/fireware.nl\\\/fr\\\/product\\\/vestastand\\\/\"]}]},{\"@type\":\"ImageObject\",\"inLanguage\":\"fr-FR\",\"@id\":\"https:\\\/\\\/fireware.nl\\\/fr\\\/product\\\/vestastand\\\/#primaryimage\",\"url\":\"https:\\\/\\\/fireware.nl\\\/wp-content\\\/uploads\\\/2019\\\/01\\\/049-012-036-Vesta-Horizontal-Stand-Schuin-Boven-zonder-Vesta.jpg\",\"contentUrl\":\"https:\\\/\\\/fireware.nl\\\/wp-content\\\/uploads\\\/2019\\\/01\\\/049-012-036-Vesta-Horizontal-Stand-Schuin-Boven-zonder-Vesta.jpg\",\"width\":600,\"height\":600,\"caption\":\"049-012-036 Vesta Horizontal Stand Schuin Boven (zonder Vesta)\"},{\"@type\":\"BreadcrumbList\",\"@id\":\"https:\\\/\\\/fireware.nl\\\/fr\\\/product\\\/vestastand\\\/#breadcrumb\",\"itemListElement\":[{\"@type\":\"ListItem\",\"position\":1,\"name\":\"Home\",\"item\":\"https:\\\/\\\/fireware.nl\\\/fr\\\/\"},{\"@type\":\"ListItem\",\"position\":2,\"name\":\"Produits\",\"item\":\"https:\\\/\\\/fireware.nl\\\/fr\\\/produits\\\/\"},{\"@type\":\"ListItem\",\"position\":3,\"name\":\"Vestastand\"}]},{\"@type\":\"WebSite\",\"@id\":\"https:\\\/\\\/fireware.nl\\\/fr\\\/#website\",\"url\":\"https:\\\/\\\/fireware.nl\\\/fr\\\/\",\"name\":\"FireWare\",\"description\":\"CREATING REALISTIC  TRAINING ENVIRONMENTS\",\"publisher\":{\"@id\":\"https:\\\/\\\/fireware.nl\\\/fr\\\/#organization\"},\"potentialAction\":[{\"@type\":\"SearchAction\",\"target\":{\"@type\":\"EntryPoint\",\"urlTemplate\":\"https:\\\/\\\/fireware.nl\\\/fr\\\/?s={search_term_string}\"},\"query-input\":{\"@type\":\"PropertyValueSpecification\",\"valueRequired\":true,\"valueName\":\"search_term_string\"}}],\"inLanguage\":\"fr-FR\"},{\"@type\":\"Organization\",\"@id\":\"https:\\\/\\\/fireware.nl\\\/fr\\\/#organization\",\"name\":\"FireWare\",\"url\":\"https:\\\/\\\/fireware.nl\\\/fr\\\/\",\"logo\":{\"@type\":\"ImageObject\",\"inLanguage\":\"fr-FR\",\"@id\":\"https:\\\/\\\/fireware.nl\\\/fr\\\/#\\\/schema\\\/logo\\\/image\\\/\",\"url\":\"https:\\\/\\\/fireware.nl\\\/wp-content\\\/uploads\\\/2018\\\/10\\\/FireWare-logo.jpg\",\"contentUrl\":\"https:\\\/\\\/fireware.nl\\\/wp-content\\\/uploads\\\/2018\\\/10\\\/FireWare-logo.jpg\",\"width\":171,\"height\":70,\"caption\":\"FireWare\"},\"image\":{\"@id\":\"https:\\\/\\\/fireware.nl\\\/fr\\\/#\\\/schema\\\/logo\\\/image\\\/\"},\"sameAs\":[\"https:\\\/\\\/www.facebook.com\\\/FireWareBV\\\/\",\"https:\\\/\\\/x.com\\\/FireWarebv\",\"https:\\\/\\\/www.instagram.com\\\/fireware_nl\\\/\",\"https:\\\/\\\/www.linkedin.com\\\/company\\\/3586017\\\/\",\"https:\\\/\\\/www.youtube.com\\\/user\\\/firesalesrentconsult\"]}]}<\/script>\n<!-- \/ Yoast SEO plugin. -->","yoast_head_json":{"title":"Vestastand - FireWare","robots":{"index":"index","follow":"follow","max-snippet":"max-snippet:-1","max-image-preview":"max-image-preview:large","max-video-preview":"max-video-preview:-1"},"canonical":"https:\/\/fireware.nl\/fr\/product\/vestastand\/","og_locale":"fr_FR","og_type":"article","og_title":"Vestastand - FireWare","og_description":"Id\u00e9al pour permettre \u00e0 votre Vesta FireWare de cr\u00e9er des flammes horizontales.  Caisson en mati\u00e8re synth\u00e9tique de 60*40*32,5 cm.  \u00c9quip\u00e9 de boucliers thermor\u00e9sistants pour le raccordement de la commande du dispositif de gaz et de la t\u00e9l\u00e9commande.  Les pieds r\u00e9glables du Vesta s\u2019utilisent pour la fixation : aucune pi\u00e8ce d\u00e9tach\u00e9e n\u2019est pr\u00e9sente!","og_url":"https:\/\/fireware.nl\/fr\/product\/vestastand\/","og_site_name":"FireWare","article_publisher":"https:\/\/www.facebook.com\/FireWareBV\/","article_modified_time":"2024-10-10T08:39:45+00:00","og_image":[{"width":600,"height":600,"url":"https:\/\/fireware.nl\/wp-content\/uploads\/2019\/01\/049-012-036-Vesta-Horizontal-Stand-Schuin-Boven-zonder-Vesta.jpg","type":"image\/jpeg"}],"twitter_card":"summary_large_image","twitter_site":"@FireWarebv","twitter_misc":{"Dur\u00e9e de lecture estim\u00e9e":"1 minute"},"schema":{"@context":"https:\/\/schema.org","@graph":[{"@type":"WebPage","@id":"https:\/\/fireware.nl\/fr\/product\/vestastand\/","url":"https:\/\/fireware.nl\/fr\/product\/vestastand\/","name":"Vestastand - FireWare","isPartOf":{"@id":"https:\/\/fireware.nl\/fr\/#website"},"primaryImageOfPage":{"@id":"https:\/\/fireware.nl\/fr\/product\/vestastand\/#primaryimage"},"image":{"@id":"https:\/\/fireware.nl\/fr\/product\/vestastand\/#primaryimage"},"thumbnailUrl":"https:\/\/fireware.nl\/wp-content\/uploads\/2019\/01\/049-012-036-Vesta-Horizontal-Stand-Schuin-Boven-zonder-Vesta.jpg","datePublished":"2019-02-01T08:54:57+00:00","dateModified":"2024-10-10T08:39:45+00:00","breadcrumb":{"@id":"https:\/\/fireware.nl\/fr\/product\/vestastand\/#breadcrumb"},"inLanguage":"fr-FR","potentialAction":[{"@type":"ReadAction","target":["https:\/\/fireware.nl\/fr\/product\/vestastand\/"]}]},{"@type":"ImageObject","inLanguage":"fr-FR","@id":"https:\/\/fireware.nl\/fr\/product\/vestastand\/#primaryimage","url":"https:\/\/fireware.nl\/wp-content\/uploads\/2019\/01\/049-012-036-Vesta-Horizontal-Stand-Schuin-Boven-zonder-Vesta.jpg","contentUrl":"https:\/\/fireware.nl\/wp-content\/uploads\/2019\/01\/049-012-036-Vesta-Horizontal-Stand-Schuin-Boven-zonder-Vesta.jpg","width":600,"height":600,"caption":"049-012-036 Vesta Horizontal Stand Schuin Boven (zonder Vesta)"},{"@type":"BreadcrumbList","@id":"https:\/\/fireware.nl\/fr\/product\/vestastand\/#breadcrumb","itemListElement":[{"@type":"ListItem","position":1,"name":"Home","item":"https:\/\/fireware.nl\/fr\/"},{"@type":"ListItem","position":2,"name":"Produits","item":"https:\/\/fireware.nl\/fr\/produits\/"},{"@type":"ListItem","position":3,"name":"Vestastand"}]},{"@type":"WebSite","@id":"https:\/\/fireware.nl\/fr\/#website","url":"https:\/\/fireware.nl\/fr\/","name":"FireWare","description":"CREATING REALISTIC  TRAINING ENVIRONMENTS","publisher":{"@id":"https:\/\/fireware.nl\/fr\/#organization"},"potentialAction":[{"@type":"SearchAction","target":{"@type":"EntryPoint","urlTemplate":"https:\/\/fireware.nl\/fr\/?s={search_term_string}"},"query-input":{"@type":"PropertyValueSpecification","valueRequired":true,"valueName":"search_term_string"}}],"inLanguage":"fr-FR"},{"@type":"Organization","@id":"https:\/\/fireware.nl\/fr\/#organization","name":"FireWare","url":"https:\/\/fireware.nl\/fr\/","logo":{"@type":"ImageObject","inLanguage":"fr-FR","@id":"https:\/\/fireware.nl\/fr\/#\/schema\/logo\/image\/","url":"https:\/\/fireware.nl\/wp-content\/uploads\/2018\/10\/FireWare-logo.jpg","contentUrl":"https:\/\/fireware.nl\/wp-content\/uploads\/2018\/10\/FireWare-logo.jpg","width":171,"height":70,"caption":"FireWare"},"image":{"@id":"https:\/\/fireware.nl\/fr\/#\/schema\/logo\/image\/"},"sameAs":["https:\/\/www.facebook.com\/FireWareBV\/","https:\/\/x.com\/FireWarebv","https:\/\/www.instagram.com\/fireware_nl\/","https:\/\/www.linkedin.com\/company\/3586017\/","https:\/\/www.youtube.com\/user\/firesalesrentconsult"]}]}},"publishpress_future_workflow_manual_trigger":{"enabledWorkflows":[]},"_links":{"self":[{"href":"https:\/\/fireware.nl\/fr\/wp-json\/wp\/v2\/product\/18970","targetHints":{"allow":["GET"]}}],"collection":[{"href":"https:\/\/fireware.nl\/fr\/wp-json\/wp\/v2\/product"}],"about":[{"href":"https:\/\/fireware.nl\/fr\/wp-json\/wp\/v2\/types\/product"}],"wp:featuredmedia":[{"embeddable":true,"href":"https:\/\/fireware.nl\/fr\/wp-json\/wp\/v2\/media\/20577"}],"wp:attachment":[{"href":"https:\/\/fireware.nl\/fr\/wp-json\/wp\/v2\/media?parent=18970"}],"wp:term":[{"taxonomy":"product_brand","embeddable":true,"href":"https:\/\/fireware.nl\/fr\/wp-json\/wp\/v2\/product_brand?post=18970"},{"taxonomy":"product_cat","embeddable":true,"href":"https:\/\/fireware.nl\/fr\/wp-json\/wp\/v2\/product_cat?post=18970"},{"taxonomy":"product_tag","embeddable":true,"href":"https:\/\/fireware.nl\/fr\/wp-json\/wp\/v2\/product_tag?post=18970"}],"curies":[{"name":"wp","href":"https:\/\/api.w.org\/{rel}","templated":true}]}}