
{"id":18972,"date":"2019-01-23T12:15:25","date_gmt":"2019-02-01T08:56:28","guid":{"rendered":"http:\/\/fireware.sites.hyperhosting.co\/?post_type=product&#038;p=18972"},"modified":"2025-01-20T09:33:40","modified_gmt":"2025-01-20T09:33:40","slug":"add-on-flange-fire","status":"publish","type":"product","link":"https:\/\/fireware.nl\/fr\/product\/add-on-flange-fire\/","title":{"rendered":"Add-on Flange Fire"},"content":{"rendered":"\r\n<h2>Cr\u00e9er une feu de bride s\u00e9curis\u00e9 pour exercices<\/h2>\r\n<p>L&#8217;Add-on Flange Fire est un accessoire pour le FireWare Vesta. Le Flange Fire est un accessoire actif, en ce sens qu&#8217;il peut \u00eatre raccord\u00e9 \u00e0 la sortie suppl\u00e9mentaire du Vesta. L&#8217;allumage se fait via le Vesta en dirigeant le d\u00e9bit de gaz sur le Vesta en feu.<\/p>\r\n<p>L&#8217;Add-on Flange Fire constitue un excellent moyen d&#8217;entra\u00eenement de lutte contre les accidents impliquant des mati\u00e8res dangereuses.\u00a0Le sapeur-pompier ferme le robinet de gaz pour simuler qu&#8217;il ait coup\u00e9 l&#8217;arriv\u00e9e de gaz. Ensuite, l&#8217;instructeur l\u00e2che la poign\u00e9e-presse et voil\u00e0: un entra\u00eenement r\u00e9ussi !<\/p>\r\n<p>Sa conception intelligente facilite l&#8217;emballage et le d\u00e9placement de cet accessoire dans le caisson en mati\u00e8re synth\u00e9tique fourni, gr\u00e2ce \u00e0 ses dimensions compactes de 60 x 40 x 44 cm pour le transport. L&#8217;accessoire est fabriqu\u00e9 en acier inoxydable de tr\u00e8s haute qualit\u00e9. \u00c9galement disponible en Version Stand Alone (autonome).<\/p>\r\n<h2>Regarder la vid\u00e9o<\/h2>\r\n<p><iframe loading=\"lazy\" title=\"YouTube video player\" src=\"https:\/\/www.youtube.com\/embed\/WNtHPL0_biE?rel=0\" width=\"560\" height=\"315\" frameborder=\"0\" allowfullscreen=\"allowfullscreen\"><\/iframe><\/p>\r\n","protected":false},"excerpt":{"rendered":"<ul>\n<li>\u00c0 placer \u00e0 c\u00f4t\u00e9 du Vesta.<\/li>\n<li>\u00c0 raccorder \u00e0 la sortie de gaz suppl\u00e9mentaire du Vesta.<\/li>\n<li>\u00c9quip\u00e9 d&#8217;un robinet de gaz.<\/li>\n<li>Acier inoxydable de haute qualit\u00e9.<\/li>\n<li>Caisson en mati\u00e8re synth\u00e9tique de 60*40*44 cm inclus.<\/li>\n<\/ul>\n","protected":false},"featured_media":20666,"template":"","meta":[],"product_brand":[],"product_cat":[73],"product_tag":[],"class_list":{"0":"post-18972","1":"product","2":"type-product","3":"status-publish","4":"has-post-thumbnail","6":"product_cat-pieces-add-on-pour-simulateurs-dincendie","8":"first","9":"instock","10":"taxable","11":"shipping-taxable","12":"purchasable","13":"product-type-simple"},"yoast_head":"<!-- This site is optimized with the Yoast SEO plugin v27.5 - https:\/\/yoast.com\/product\/yoast-seo-wordpress\/ -->\n<title>Add-on Flange Fire - FireWare<\/title>\n<meta name=\"robots\" content=\"index, follow, max-snippet:-1, max-image-preview:large, max-video-preview:-1\" \/>\n<link rel=\"canonical\" href=\"https:\/\/fireware.nl\/fr\/product\/add-on-flange-fire\/\" \/>\n<meta property=\"og:locale\" content=\"fr_FR\" \/>\n<meta property=\"og:type\" content=\"article\" \/>\n<meta property=\"og:title\" content=\"Add-on Flange Fire - FireWare\" \/>\n<meta property=\"og:description\" content=\"\u00c0 placer \u00e0 c\u00f4t\u00e9 du Vesta. \u00c0 raccorder \u00e0 la sortie de gaz suppl\u00e9mentaire du Vesta. \u00c9quip\u00e9 d&#039;un robinet de gaz. Acier inoxydable de haute qualit\u00e9. Caisson en mati\u00e8re synth\u00e9tique de 60*40*44 cm inclus.\" \/>\n<meta property=\"og:url\" content=\"https:\/\/fireware.nl\/fr\/product\/add-on-flange-fire\/\" \/>\n<meta property=\"og:site_name\" content=\"FireWare\" \/>\n<meta property=\"article:publisher\" content=\"https:\/\/www.facebook.com\/FireWareBV\/\" \/>\n<meta property=\"article:modified_time\" content=\"2025-01-20T09:33:40+00:00\" \/>\n<meta property=\"og:image\" content=\"https:\/\/fireware.nl\/wp-content\/uploads\/2019\/01\/049-012-002-Add-on-Flange-Fire-Action.jpg\" \/>\n\t<meta property=\"og:image:width\" content=\"600\" \/>\n\t<meta property=\"og:image:height\" content=\"600\" \/>\n\t<meta property=\"og:image:type\" content=\"image\/jpeg\" \/>\n<meta name=\"twitter:card\" content=\"summary_large_image\" \/>\n<meta name=\"twitter:site\" content=\"@FireWarebv\" \/>\n<meta name=\"twitter:label1\" content=\"Dur\u00e9e de lecture estim\u00e9e\" \/>\n\t<meta name=\"twitter:data1\" content=\"1 minute\" \/>\n<script type=\"application\/ld+json\" class=\"yoast-schema-graph\">{\"@context\":\"https:\\\/\\\/schema.org\",\"@graph\":[{\"@type\":\"WebPage\",\"@id\":\"https:\\\/\\\/fireware.nl\\\/fr\\\/product\\\/add-on-flange-fire\\\/\",\"url\":\"https:\\\/\\\/fireware.nl\\\/fr\\\/product\\\/add-on-flange-fire\\\/\",\"name\":\"Add-on Flange Fire - FireWare\",\"isPartOf\":{\"@id\":\"https:\\\/\\\/fireware.nl\\\/fr\\\/#website\"},\"primaryImageOfPage\":{\"@id\":\"https:\\\/\\\/fireware.nl\\\/fr\\\/product\\\/add-on-flange-fire\\\/#primaryimage\"},\"image\":{\"@id\":\"https:\\\/\\\/fireware.nl\\\/fr\\\/product\\\/add-on-flange-fire\\\/#primaryimage\"},\"thumbnailUrl\":\"https:\\\/\\\/fireware.nl\\\/wp-content\\\/uploads\\\/2019\\\/01\\\/049-012-002-Add-on-Flange-Fire-Action.jpg\",\"datePublished\":\"2019-02-01T08:56:28+00:00\",\"dateModified\":\"2025-01-20T09:33:40+00:00\",\"breadcrumb\":{\"@id\":\"https:\\\/\\\/fireware.nl\\\/fr\\\/product\\\/add-on-flange-fire\\\/#breadcrumb\"},\"inLanguage\":\"fr-FR\",\"potentialAction\":[{\"@type\":\"ReadAction\",\"target\":[\"https:\\\/\\\/fireware.nl\\\/fr\\\/product\\\/add-on-flange-fire\\\/\"]}]},{\"@type\":\"ImageObject\",\"inLanguage\":\"fr-FR\",\"@id\":\"https:\\\/\\\/fireware.nl\\\/fr\\\/product\\\/add-on-flange-fire\\\/#primaryimage\",\"url\":\"https:\\\/\\\/fireware.nl\\\/wp-content\\\/uploads\\\/2019\\\/01\\\/049-012-002-Add-on-Flange-Fire-Action.jpg\",\"contentUrl\":\"https:\\\/\\\/fireware.nl\\\/wp-content\\\/uploads\\\/2019\\\/01\\\/049-012-002-Add-on-Flange-Fire-Action.jpg\",\"width\":600,\"height\":600,\"caption\":\"049-012-002 Add-on Flange Fire Action\"},{\"@type\":\"BreadcrumbList\",\"@id\":\"https:\\\/\\\/fireware.nl\\\/fr\\\/product\\\/add-on-flange-fire\\\/#breadcrumb\",\"itemListElement\":[{\"@type\":\"ListItem\",\"position\":1,\"name\":\"Home\",\"item\":\"https:\\\/\\\/fireware.nl\\\/fr\\\/\"},{\"@type\":\"ListItem\",\"position\":2,\"name\":\"Produits\",\"item\":\"https:\\\/\\\/fireware.nl\\\/fr\\\/produits\\\/\"},{\"@type\":\"ListItem\",\"position\":3,\"name\":\"Add-on Flange Fire\"}]},{\"@type\":\"WebSite\",\"@id\":\"https:\\\/\\\/fireware.nl\\\/fr\\\/#website\",\"url\":\"https:\\\/\\\/fireware.nl\\\/fr\\\/\",\"name\":\"FireWare\",\"description\":\"CREATING REALISTIC  TRAINING ENVIRONMENTS\",\"publisher\":{\"@id\":\"https:\\\/\\\/fireware.nl\\\/fr\\\/#organization\"},\"potentialAction\":[{\"@type\":\"SearchAction\",\"target\":{\"@type\":\"EntryPoint\",\"urlTemplate\":\"https:\\\/\\\/fireware.nl\\\/fr\\\/?s={search_term_string}\"},\"query-input\":{\"@type\":\"PropertyValueSpecification\",\"valueRequired\":true,\"valueName\":\"search_term_string\"}}],\"inLanguage\":\"fr-FR\"},{\"@type\":\"Organization\",\"@id\":\"https:\\\/\\\/fireware.nl\\\/fr\\\/#organization\",\"name\":\"FireWare\",\"url\":\"https:\\\/\\\/fireware.nl\\\/fr\\\/\",\"logo\":{\"@type\":\"ImageObject\",\"inLanguage\":\"fr-FR\",\"@id\":\"https:\\\/\\\/fireware.nl\\\/fr\\\/#\\\/schema\\\/logo\\\/image\\\/\",\"url\":\"https:\\\/\\\/fireware.nl\\\/wp-content\\\/uploads\\\/2018\\\/10\\\/FireWare-logo.jpg\",\"contentUrl\":\"https:\\\/\\\/fireware.nl\\\/wp-content\\\/uploads\\\/2018\\\/10\\\/FireWare-logo.jpg\",\"width\":171,\"height\":70,\"caption\":\"FireWare\"},\"image\":{\"@id\":\"https:\\\/\\\/fireware.nl\\\/fr\\\/#\\\/schema\\\/logo\\\/image\\\/\"},\"sameAs\":[\"https:\\\/\\\/www.facebook.com\\\/FireWareBV\\\/\",\"https:\\\/\\\/x.com\\\/FireWarebv\",\"https:\\\/\\\/www.instagram.com\\\/fireware_nl\\\/\",\"https:\\\/\\\/www.linkedin.com\\\/company\\\/3586017\\\/\",\"https:\\\/\\\/www.youtube.com\\\/user\\\/firesalesrentconsult\"]}]}<\/script>\n<!-- \/ Yoast SEO plugin. -->","yoast_head_json":{"title":"Add-on Flange Fire - FireWare","robots":{"index":"index","follow":"follow","max-snippet":"max-snippet:-1","max-image-preview":"max-image-preview:large","max-video-preview":"max-video-preview:-1"},"canonical":"https:\/\/fireware.nl\/fr\/product\/add-on-flange-fire\/","og_locale":"fr_FR","og_type":"article","og_title":"Add-on Flange Fire - FireWare","og_description":"\u00c0 placer \u00e0 c\u00f4t\u00e9 du Vesta. \u00c0 raccorder \u00e0 la sortie de gaz suppl\u00e9mentaire du Vesta. \u00c9quip\u00e9 d'un robinet de gaz. Acier inoxydable de haute qualit\u00e9. Caisson en mati\u00e8re synth\u00e9tique de 60*40*44 cm inclus.","og_url":"https:\/\/fireware.nl\/fr\/product\/add-on-flange-fire\/","og_site_name":"FireWare","article_publisher":"https:\/\/www.facebook.com\/FireWareBV\/","article_modified_time":"2025-01-20T09:33:40+00:00","og_image":[{"width":600,"height":600,"url":"https:\/\/fireware.nl\/wp-content\/uploads\/2019\/01\/049-012-002-Add-on-Flange-Fire-Action.jpg","type":"image\/jpeg"}],"twitter_card":"summary_large_image","twitter_site":"@FireWarebv","twitter_misc":{"Dur\u00e9e de lecture estim\u00e9e":"1 minute"},"schema":{"@context":"https:\/\/schema.org","@graph":[{"@type":"WebPage","@id":"https:\/\/fireware.nl\/fr\/product\/add-on-flange-fire\/","url":"https:\/\/fireware.nl\/fr\/product\/add-on-flange-fire\/","name":"Add-on Flange Fire - FireWare","isPartOf":{"@id":"https:\/\/fireware.nl\/fr\/#website"},"primaryImageOfPage":{"@id":"https:\/\/fireware.nl\/fr\/product\/add-on-flange-fire\/#primaryimage"},"image":{"@id":"https:\/\/fireware.nl\/fr\/product\/add-on-flange-fire\/#primaryimage"},"thumbnailUrl":"https:\/\/fireware.nl\/wp-content\/uploads\/2019\/01\/049-012-002-Add-on-Flange-Fire-Action.jpg","datePublished":"2019-02-01T08:56:28+00:00","dateModified":"2025-01-20T09:33:40+00:00","breadcrumb":{"@id":"https:\/\/fireware.nl\/fr\/product\/add-on-flange-fire\/#breadcrumb"},"inLanguage":"fr-FR","potentialAction":[{"@type":"ReadAction","target":["https:\/\/fireware.nl\/fr\/product\/add-on-flange-fire\/"]}]},{"@type":"ImageObject","inLanguage":"fr-FR","@id":"https:\/\/fireware.nl\/fr\/product\/add-on-flange-fire\/#primaryimage","url":"https:\/\/fireware.nl\/wp-content\/uploads\/2019\/01\/049-012-002-Add-on-Flange-Fire-Action.jpg","contentUrl":"https:\/\/fireware.nl\/wp-content\/uploads\/2019\/01\/049-012-002-Add-on-Flange-Fire-Action.jpg","width":600,"height":600,"caption":"049-012-002 Add-on Flange Fire Action"},{"@type":"BreadcrumbList","@id":"https:\/\/fireware.nl\/fr\/product\/add-on-flange-fire\/#breadcrumb","itemListElement":[{"@type":"ListItem","position":1,"name":"Home","item":"https:\/\/fireware.nl\/fr\/"},{"@type":"ListItem","position":2,"name":"Produits","item":"https:\/\/fireware.nl\/fr\/produits\/"},{"@type":"ListItem","position":3,"name":"Add-on Flange Fire"}]},{"@type":"WebSite","@id":"https:\/\/fireware.nl\/fr\/#website","url":"https:\/\/fireware.nl\/fr\/","name":"FireWare","description":"CREATING REALISTIC  TRAINING ENVIRONMENTS","publisher":{"@id":"https:\/\/fireware.nl\/fr\/#organization"},"potentialAction":[{"@type":"SearchAction","target":{"@type":"EntryPoint","urlTemplate":"https:\/\/fireware.nl\/fr\/?s={search_term_string}"},"query-input":{"@type":"PropertyValueSpecification","valueRequired":true,"valueName":"search_term_string"}}],"inLanguage":"fr-FR"},{"@type":"Organization","@id":"https:\/\/fireware.nl\/fr\/#organization","name":"FireWare","url":"https:\/\/fireware.nl\/fr\/","logo":{"@type":"ImageObject","inLanguage":"fr-FR","@id":"https:\/\/fireware.nl\/fr\/#\/schema\/logo\/image\/","url":"https:\/\/fireware.nl\/wp-content\/uploads\/2018\/10\/FireWare-logo.jpg","contentUrl":"https:\/\/fireware.nl\/wp-content\/uploads\/2018\/10\/FireWare-logo.jpg","width":171,"height":70,"caption":"FireWare"},"image":{"@id":"https:\/\/fireware.nl\/fr\/#\/schema\/logo\/image\/"},"sameAs":["https:\/\/www.facebook.com\/FireWareBV\/","https:\/\/x.com\/FireWarebv","https:\/\/www.instagram.com\/fireware_nl\/","https:\/\/www.linkedin.com\/company\/3586017\/","https:\/\/www.youtube.com\/user\/firesalesrentconsult"]}]}},"publishpress_future_workflow_manual_trigger":{"enabledWorkflows":[]},"_links":{"self":[{"href":"https:\/\/fireware.nl\/fr\/wp-json\/wp\/v2\/product\/18972","targetHints":{"allow":["GET"]}}],"collection":[{"href":"https:\/\/fireware.nl\/fr\/wp-json\/wp\/v2\/product"}],"about":[{"href":"https:\/\/fireware.nl\/fr\/wp-json\/wp\/v2\/types\/product"}],"wp:featuredmedia":[{"embeddable":true,"href":"https:\/\/fireware.nl\/fr\/wp-json\/wp\/v2\/media\/20666"}],"wp:attachment":[{"href":"https:\/\/fireware.nl\/fr\/wp-json\/wp\/v2\/media?parent=18972"}],"wp:term":[{"taxonomy":"product_brand","embeddable":true,"href":"https:\/\/fireware.nl\/fr\/wp-json\/wp\/v2\/product_brand?post=18972"},{"taxonomy":"product_cat","embeddable":true,"href":"https:\/\/fireware.nl\/fr\/wp-json\/wp\/v2\/product_cat?post=18972"},{"taxonomy":"product_tag","embeddable":true,"href":"https:\/\/fireware.nl\/fr\/wp-json\/wp\/v2\/product_tag?post=18972"}],"curies":[{"name":"wp","href":"https:\/\/api.w.org\/{rel}","templated":true}]}}