
{"id":19008,"date":"2019-01-21T12:16:09","date_gmt":"2019-01-21T12:16:09","guid":{"rendered":"http:\/\/fireware.sites.hyperhosting.co\/?post_type=product&#038;p=19008"},"modified":"2026-04-13T12:03:48","modified_gmt":"2026-04-13T12:03:48","slug":"generateur-de-fumee-sur-batterie-cirrus","status":"publish","type":"product","link":"https:\/\/fireware.nl\/fr\/produit\/generateur-de-fumee-sur-batterie-cirrus\/","title":{"rendered":"G\u00e9n\u00e9rateur de fum\u00e9e sur batterie Cirrus"},"content":{"rendered":"\n\n\t<h2>Cr\u00e9er de la fum\u00e9e sans \u00e9lectricit\u00e9<\/h2>\n<p>Fireware jouit d&#8217;une exp\u00e9rience de nombreuses ann\u00e9es en ce qui concerne les situations n\u00e9cessitant rapidement une petite quantit\u00e9 de fum\u00e9e. C&#8217;est sp\u00e9cialement pour ce genre de situations que l&#8217;on a d\u00e9velopp\u00e9 le Cirrus FireWare. Le Cirrus fonctionne sur batterie et peut donc \u00e9galement \u00eatre utilis\u00e9 sans alimentation en \u00e9lectricit\u00e9 ou lorsqu&#8217;aucune prise de courant en \u00e9tat de marche n&#8217;est disponible. Pensez, par exemple, \u00e0 des exercices en plein air, mais aussi \u00e0 des exercices effectu\u00e9s dans des complexes de cellules ou des b\u00e2timents de d\u00e9molition. De plus, dans le secteur nautique, le Cirrus est tout aussi performant. Lorsque, pendant un exercice, une partie d&#8217;un navire est mise hors tension, le Cirrus continue pourtant de fournir de la fum\u00e9e !<\/p>\n<p>Cette machine est robuste et fabriqu\u00e9e en inox de haute qualit\u00e9. Il est possible de la d\u00e9placer fr\u00e9quemment sans aucun probl\u00e8me. Le Cirrus est non seulement utilis\u00e9 pendant des exercices anti-incendie, mais aussi pour tester des d\u00e9tecteurs de fum\u00e9e et programmer des syst\u00e8mes de traitement de l&#8217;air.<\/p>\n<p>La machine \u00e0 fum\u00e9e est actionn\u00e9e par un bouton se trouvant sur la gaine, et est pr\u00eate \u00e0 l&#8217;emploi. Elle peut produire de la fum\u00e9e en continu pendant 10 minutes d&#8217;affil\u00e9e, sur une seule charge de batterie. Ici, vous pouvez \u00e9galement r\u00e9gler la quantit\u00e9 du d\u00e9bit de fum\u00e9e. Le Cirrus est livr\u00e9 dans un caisson plastique robuste, avec un chargeur et 250 ml de liquide fumig\u00e8ne sp\u00e9cial. Une t\u00e9l\u00e9commande filaire est disponible s\u00e9par\u00e9ment.<\/p>\n<h2>Regardez les vid\u00e9os<\/h2>\n\t\t<iframe loading=\"lazy\" width=\"560\" height=\"315\" src=\"https:\/\/www.youtube.com\/embed\/mIcZsxvBm4Y?rel=0\" title=\"YouTube video player\" frameborder=\"0\" allow=\"accelerometer; autoplay; clipboard-write; encrypted-media; gyroscope; picture-in-picture\" allowfullscreen><\/iframe>\t\n\t\t<iframe loading=\"lazy\" width=\"1920\" height=\"1080\" src=\"https:\/\/player.vimeo.com\/video\/1162152773?hl=nl&#038;cc_lang_pref=nl&#038;cc_load_policy=1\" frameborder=\"0\" allow=\"accelerometer; autoplay; clipboard-write; encrypted-media; gyroscope; picture-in-picture\" allowfullscreen><\/iframe>\t\n\t\t<iframe loading=\"lazy\" width=\"560\" height=\"315\" src=\"https:\/\/player.vimeo.com\/video\/990561782?hl=nl&#038;cc_lang_pref=nl&#038;cc_load_policy=1\" frameborder=\"0\" allow=\"accelerometer; autoplay; clipboard-write; encrypted-media; gyroscope; picture-in-picture\" allowfullscreen><\/iframe>\t\n\t\t<iframe loading=\"lazy\" width=\"560\" height=\"315\" src=\"https:\/\/player.vimeo.com\/video\/995432935?hl=nl&#038;cc_lang_pref=nl&#038;cc_load_policy=1\" frameborder=\"0\" allow=\"accelerometer; autoplay; clipboard-write; encrypted-media; gyroscope; picture-in-picture\" allowfullscreen><\/iframe>\t\n\n","protected":false},"excerpt":{"rendered":"<ul>\n<li>G\u00e9n\u00e9rateur de fum\u00e9e compacte sur batterie avec d\u00e9bit puissant;<\/li>\n<li>Id\u00e9ale pour des sites sans alimentation en \u00e9lectricit\u00e9;<\/li>\n<li>Gaine en inox;<\/li>\n<li>Chauffe en deux secondes;<\/li>\n<li>Sortie de fum\u00e9e maximale 100 m\u00b3\/min;<\/li>\n<li>R\u00e9servoir de liquide amovible;<\/li>\n<li>Y compris 250 ml de liquide;<\/li>\n<li>Caisson en mati\u00e8re synth\u00e9tique de 30 x 20 x 23,5 cm.<\/li>\n<\/ul>\n","protected":false},"featured_media":68607,"template":"","meta":[],"product_brand":[],"product_cat":[76,79],"product_tag":[],"class_list":{"0":"post-19008","1":"product","2":"type-product","3":"status-publish","4":"has-post-thumbnail","6":"product_cat-fumee","7":"product_cat-generateurs-de-fumee","9":"first","10":"instock","11":"taxable","12":"shipping-taxable","13":"purchasable","14":"product-type-simple"},"yoast_head":"<!-- This site is optimized with the Yoast SEO plugin v27.5 - https:\/\/yoast.com\/product\/yoast-seo-wordpress\/ -->\n<title>G\u00e9n\u00e9rateur de fum\u00e9e sur batterie Cirrus: pour d&#039;exercices pompiers - FireWare<\/title>\n<meta name=\"description\" content=\"La g\u00e9n\u00e9rateur de fum\u00e9e sur batterie Cirrus convient \u00e0 tous les lieux de pratique. Donne 10 min de fum\u00e9e continue sur une charge de batterie.\" \/>\n<meta name=\"robots\" content=\"index, follow, max-snippet:-1, max-image-preview:large, max-video-preview:-1\" \/>\n<link rel=\"canonical\" href=\"https:\/\/fireware.nl\/fr\/produit\/generateur-de-fumee-sur-batterie-cirrus\/\" \/>\n<meta property=\"og:locale\" content=\"fr_FR\" \/>\n<meta property=\"og:type\" content=\"article\" \/>\n<meta property=\"og:title\" content=\"G\u00e9n\u00e9rateur de fum\u00e9e sur batterie Cirrus: pour d&#039;exercices pompiers - FireWare\" \/>\n<meta property=\"og:description\" content=\"La g\u00e9n\u00e9rateur de fum\u00e9e sur batterie Cirrus convient \u00e0 tous les lieux de pratique. Donne 10 min de fum\u00e9e continue sur une charge de batterie.\" \/>\n<meta property=\"og:url\" content=\"https:\/\/fireware.nl\/fr\/produit\/generateur-de-fumee-sur-batterie-cirrus\/\" \/>\n<meta property=\"og:site_name\" content=\"FireWare\" \/>\n<meta property=\"article:publisher\" content=\"https:\/\/www.facebook.com\/FireWareBV\/\" \/>\n<meta property=\"article:modified_time\" content=\"2026-04-13T12:03:48+00:00\" \/>\n<meta property=\"og:image\" content=\"https:\/\/fireware.nl\/wp-content\/uploads\/2019\/01\/003-012-001-Cirrus-Accu-rookmachine.jpg\" \/>\n\t<meta property=\"og:image:width\" content=\"600\" \/>\n\t<meta property=\"og:image:height\" content=\"600\" \/>\n\t<meta property=\"og:image:type\" content=\"image\/jpeg\" \/>\n<meta name=\"twitter:card\" content=\"summary_large_image\" \/>\n<meta name=\"twitter:site\" content=\"@FireWarebv\" \/>\n<meta name=\"twitter:label1\" content=\"Dur\u00e9e de lecture estim\u00e9e\" \/>\n\t<meta name=\"twitter:data1\" content=\"2 minutes\" \/>\n<script type=\"application\/ld+json\" class=\"yoast-schema-graph\">{\"@context\":\"https:\\\/\\\/schema.org\",\"@graph\":[{\"@type\":\"WebPage\",\"@id\":\"https:\\\/\\\/fireware.nl\\\/fr\\\/produit\\\/generateur-de-fumee-sur-batterie-cirrus\\\/\",\"url\":\"https:\\\/\\\/fireware.nl\\\/fr\\\/produit\\\/generateur-de-fumee-sur-batterie-cirrus\\\/\",\"name\":\"G\u00e9n\u00e9rateur de fum\u00e9e sur batterie Cirrus: pour d'exercices pompiers - FireWare\",\"isPartOf\":{\"@id\":\"https:\\\/\\\/fireware.nl\\\/fr\\\/#website\"},\"primaryImageOfPage\":{\"@id\":\"https:\\\/\\\/fireware.nl\\\/fr\\\/produit\\\/generateur-de-fumee-sur-batterie-cirrus\\\/#primaryimage\"},\"image\":{\"@id\":\"https:\\\/\\\/fireware.nl\\\/fr\\\/produit\\\/generateur-de-fumee-sur-batterie-cirrus\\\/#primaryimage\"},\"thumbnailUrl\":\"https:\\\/\\\/fireware.nl\\\/wp-content\\\/uploads\\\/2019\\\/01\\\/003-012-001-Cirrus-Accu-rookmachine.jpg\",\"datePublished\":\"2019-01-21T12:16:09+00:00\",\"dateModified\":\"2026-04-13T12:03:48+00:00\",\"description\":\"La g\u00e9n\u00e9rateur de fum\u00e9e sur batterie Cirrus convient \u00e0 tous les lieux de pratique. Donne 10 min de fum\u00e9e continue sur une charge de batterie.\",\"breadcrumb\":{\"@id\":\"https:\\\/\\\/fireware.nl\\\/fr\\\/produit\\\/generateur-de-fumee-sur-batterie-cirrus\\\/#breadcrumb\"},\"inLanguage\":\"fr-FR\",\"potentialAction\":[{\"@type\":\"ReadAction\",\"target\":[\"https:\\\/\\\/fireware.nl\\\/fr\\\/produit\\\/generateur-de-fumee-sur-batterie-cirrus\\\/\"]}]},{\"@type\":\"ImageObject\",\"inLanguage\":\"fr-FR\",\"@id\":\"https:\\\/\\\/fireware.nl\\\/fr\\\/produit\\\/generateur-de-fumee-sur-batterie-cirrus\\\/#primaryimage\",\"url\":\"https:\\\/\\\/fireware.nl\\\/wp-content\\\/uploads\\\/2019\\\/01\\\/003-012-001-Cirrus-Accu-rookmachine.jpg\",\"contentUrl\":\"https:\\\/\\\/fireware.nl\\\/wp-content\\\/uploads\\\/2019\\\/01\\\/003-012-001-Cirrus-Accu-rookmachine.jpg\",\"width\":600,\"height\":600},{\"@type\":\"BreadcrumbList\",\"@id\":\"https:\\\/\\\/fireware.nl\\\/fr\\\/produit\\\/generateur-de-fumee-sur-batterie-cirrus\\\/#breadcrumb\",\"itemListElement\":[{\"@type\":\"ListItem\",\"position\":1,\"name\":\"Home\",\"item\":\"https:\\\/\\\/fireware.nl\\\/fr\\\/\"},{\"@type\":\"ListItem\",\"position\":2,\"name\":\"Produits\",\"item\":\"https:\\\/\\\/fireware.nl\\\/fr\\\/produits\\\/\"},{\"@type\":\"ListItem\",\"position\":3,\"name\":\"G\u00e9n\u00e9rateur de fum\u00e9e sur batterie Cirrus\"}]},{\"@type\":\"WebSite\",\"@id\":\"https:\\\/\\\/fireware.nl\\\/fr\\\/#website\",\"url\":\"https:\\\/\\\/fireware.nl\\\/fr\\\/\",\"name\":\"FireWare\",\"description\":\"CREATING REALISTIC  TRAINING ENVIRONMENTS\",\"publisher\":{\"@id\":\"https:\\\/\\\/fireware.nl\\\/fr\\\/#organization\"},\"potentialAction\":[{\"@type\":\"SearchAction\",\"target\":{\"@type\":\"EntryPoint\",\"urlTemplate\":\"https:\\\/\\\/fireware.nl\\\/fr\\\/?s={search_term_string}\"},\"query-input\":{\"@type\":\"PropertyValueSpecification\",\"valueRequired\":true,\"valueName\":\"search_term_string\"}}],\"inLanguage\":\"fr-FR\"},{\"@type\":\"Organization\",\"@id\":\"https:\\\/\\\/fireware.nl\\\/fr\\\/#organization\",\"name\":\"FireWare\",\"url\":\"https:\\\/\\\/fireware.nl\\\/fr\\\/\",\"logo\":{\"@type\":\"ImageObject\",\"inLanguage\":\"fr-FR\",\"@id\":\"https:\\\/\\\/fireware.nl\\\/fr\\\/#\\\/schema\\\/logo\\\/image\\\/\",\"url\":\"https:\\\/\\\/fireware.nl\\\/wp-content\\\/uploads\\\/2018\\\/10\\\/FireWare-logo.jpg\",\"contentUrl\":\"https:\\\/\\\/fireware.nl\\\/wp-content\\\/uploads\\\/2018\\\/10\\\/FireWare-logo.jpg\",\"width\":171,\"height\":70,\"caption\":\"FireWare\"},\"image\":{\"@id\":\"https:\\\/\\\/fireware.nl\\\/fr\\\/#\\\/schema\\\/logo\\\/image\\\/\"},\"sameAs\":[\"https:\\\/\\\/www.facebook.com\\\/FireWareBV\\\/\",\"https:\\\/\\\/x.com\\\/FireWarebv\",\"https:\\\/\\\/www.instagram.com\\\/fireware_nl\\\/\",\"https:\\\/\\\/www.linkedin.com\\\/company\\\/3586017\\\/\",\"https:\\\/\\\/www.youtube.com\\\/user\\\/firesalesrentconsult\"]}]}<\/script>\n<!-- \/ Yoast SEO plugin. -->","yoast_head_json":{"title":"G\u00e9n\u00e9rateur de fum\u00e9e sur batterie Cirrus: pour d'exercices pompiers - FireWare","description":"La g\u00e9n\u00e9rateur de fum\u00e9e sur batterie Cirrus convient \u00e0 tous les lieux de pratique. Donne 10 min de fum\u00e9e continue sur une charge de batterie.","robots":{"index":"index","follow":"follow","max-snippet":"max-snippet:-1","max-image-preview":"max-image-preview:large","max-video-preview":"max-video-preview:-1"},"canonical":"https:\/\/fireware.nl\/fr\/produit\/generateur-de-fumee-sur-batterie-cirrus\/","og_locale":"fr_FR","og_type":"article","og_title":"G\u00e9n\u00e9rateur de fum\u00e9e sur batterie Cirrus: pour d'exercices pompiers - FireWare","og_description":"La g\u00e9n\u00e9rateur de fum\u00e9e sur batterie Cirrus convient \u00e0 tous les lieux de pratique. Donne 10 min de fum\u00e9e continue sur une charge de batterie.","og_url":"https:\/\/fireware.nl\/fr\/produit\/generateur-de-fumee-sur-batterie-cirrus\/","og_site_name":"FireWare","article_publisher":"https:\/\/www.facebook.com\/FireWareBV\/","article_modified_time":"2026-04-13T12:03:48+00:00","og_image":[{"width":600,"height":600,"url":"https:\/\/fireware.nl\/wp-content\/uploads\/2019\/01\/003-012-001-Cirrus-Accu-rookmachine.jpg","type":"image\/jpeg"}],"twitter_card":"summary_large_image","twitter_site":"@FireWarebv","twitter_misc":{"Dur\u00e9e de lecture estim\u00e9e":"2 minutes"},"schema":{"@context":"https:\/\/schema.org","@graph":[{"@type":"WebPage","@id":"https:\/\/fireware.nl\/fr\/produit\/generateur-de-fumee-sur-batterie-cirrus\/","url":"https:\/\/fireware.nl\/fr\/produit\/generateur-de-fumee-sur-batterie-cirrus\/","name":"G\u00e9n\u00e9rateur de fum\u00e9e sur batterie Cirrus: pour d'exercices pompiers - FireWare","isPartOf":{"@id":"https:\/\/fireware.nl\/fr\/#website"},"primaryImageOfPage":{"@id":"https:\/\/fireware.nl\/fr\/produit\/generateur-de-fumee-sur-batterie-cirrus\/#primaryimage"},"image":{"@id":"https:\/\/fireware.nl\/fr\/produit\/generateur-de-fumee-sur-batterie-cirrus\/#primaryimage"},"thumbnailUrl":"https:\/\/fireware.nl\/wp-content\/uploads\/2019\/01\/003-012-001-Cirrus-Accu-rookmachine.jpg","datePublished":"2019-01-21T12:16:09+00:00","dateModified":"2026-04-13T12:03:48+00:00","description":"La g\u00e9n\u00e9rateur de fum\u00e9e sur batterie Cirrus convient \u00e0 tous les lieux de pratique. Donne 10 min de fum\u00e9e continue sur une charge de batterie.","breadcrumb":{"@id":"https:\/\/fireware.nl\/fr\/produit\/generateur-de-fumee-sur-batterie-cirrus\/#breadcrumb"},"inLanguage":"fr-FR","potentialAction":[{"@type":"ReadAction","target":["https:\/\/fireware.nl\/fr\/produit\/generateur-de-fumee-sur-batterie-cirrus\/"]}]},{"@type":"ImageObject","inLanguage":"fr-FR","@id":"https:\/\/fireware.nl\/fr\/produit\/generateur-de-fumee-sur-batterie-cirrus\/#primaryimage","url":"https:\/\/fireware.nl\/wp-content\/uploads\/2019\/01\/003-012-001-Cirrus-Accu-rookmachine.jpg","contentUrl":"https:\/\/fireware.nl\/wp-content\/uploads\/2019\/01\/003-012-001-Cirrus-Accu-rookmachine.jpg","width":600,"height":600},{"@type":"BreadcrumbList","@id":"https:\/\/fireware.nl\/fr\/produit\/generateur-de-fumee-sur-batterie-cirrus\/#breadcrumb","itemListElement":[{"@type":"ListItem","position":1,"name":"Home","item":"https:\/\/fireware.nl\/fr\/"},{"@type":"ListItem","position":2,"name":"Produits","item":"https:\/\/fireware.nl\/fr\/produits\/"},{"@type":"ListItem","position":3,"name":"G\u00e9n\u00e9rateur de fum\u00e9e sur batterie Cirrus"}]},{"@type":"WebSite","@id":"https:\/\/fireware.nl\/fr\/#website","url":"https:\/\/fireware.nl\/fr\/","name":"FireWare","description":"CREATING REALISTIC  TRAINING ENVIRONMENTS","publisher":{"@id":"https:\/\/fireware.nl\/fr\/#organization"},"potentialAction":[{"@type":"SearchAction","target":{"@type":"EntryPoint","urlTemplate":"https:\/\/fireware.nl\/fr\/?s={search_term_string}"},"query-input":{"@type":"PropertyValueSpecification","valueRequired":true,"valueName":"search_term_string"}}],"inLanguage":"fr-FR"},{"@type":"Organization","@id":"https:\/\/fireware.nl\/fr\/#organization","name":"FireWare","url":"https:\/\/fireware.nl\/fr\/","logo":{"@type":"ImageObject","inLanguage":"fr-FR","@id":"https:\/\/fireware.nl\/fr\/#\/schema\/logo\/image\/","url":"https:\/\/fireware.nl\/wp-content\/uploads\/2018\/10\/FireWare-logo.jpg","contentUrl":"https:\/\/fireware.nl\/wp-content\/uploads\/2018\/10\/FireWare-logo.jpg","width":171,"height":70,"caption":"FireWare"},"image":{"@id":"https:\/\/fireware.nl\/fr\/#\/schema\/logo\/image\/"},"sameAs":["https:\/\/www.facebook.com\/FireWareBV\/","https:\/\/x.com\/FireWarebv","https:\/\/www.instagram.com\/fireware_nl\/","https:\/\/www.linkedin.com\/company\/3586017\/","https:\/\/www.youtube.com\/user\/firesalesrentconsult"]}]}},"publishpress_future_workflow_manual_trigger":{"enabledWorkflows":[]},"_links":{"self":[{"href":"https:\/\/fireware.nl\/fr\/wp-json\/wp\/v2\/product\/19008","targetHints":{"allow":["GET"]}}],"collection":[{"href":"https:\/\/fireware.nl\/fr\/wp-json\/wp\/v2\/product"}],"about":[{"href":"https:\/\/fireware.nl\/fr\/wp-json\/wp\/v2\/types\/product"}],"wp:featuredmedia":[{"embeddable":true,"href":"https:\/\/fireware.nl\/fr\/wp-json\/wp\/v2\/media\/68607"}],"wp:attachment":[{"href":"https:\/\/fireware.nl\/fr\/wp-json\/wp\/v2\/media?parent=19008"}],"wp:term":[{"taxonomy":"product_brand","embeddable":true,"href":"https:\/\/fireware.nl\/fr\/wp-json\/wp\/v2\/product_brand?post=19008"},{"taxonomy":"product_cat","embeddable":true,"href":"https:\/\/fireware.nl\/fr\/wp-json\/wp\/v2\/product_cat?post=19008"},{"taxonomy":"product_tag","embeddable":true,"href":"https:\/\/fireware.nl\/fr\/wp-json\/wp\/v2\/product_tag?post=19008"}],"curies":[{"name":"wp","href":"https:\/\/api.w.org\/{rel}","templated":true}]}}