
{"id":19011,"date":"2019-01-22T12:15:26","date_gmt":"2019-01-22T12:15:26","guid":{"rendered":"http:\/\/fireware.sites.hyperhosting.co\/?post_type=product&#038;p=19011"},"modified":"2026-04-13T11:53:23","modified_gmt":"2026-04-13T11:53:23","slug":"generateur-de-fumee-cumulus","status":"publish","type":"product","link":"https:\/\/fireware.nl\/fr\/produit\/generateur-de-fumee-cumulus\/","title":{"rendered":"G\u00e9n\u00e9rateur de fum\u00e9e Cumulus (1300 W)"},"content":{"rendered":"\n\n\t<h2>Polyvalente force de la nature<\/h2>\n<p>Le FireWare Cumulus (1300 W) est une v\u00e9ritable b\u00eate polyvalente. Il remplit facilement de la fum\u00e9e de grands espaces, mais il peut \u00e9galement simuler un incendie latent de mani\u00e8re tr\u00e8s convaincante. Des nappes de fum\u00e9e subtiles ou une fum\u00e9e imp\u00e9n\u00e9trable ? R\u00e9glez-le sur la machine et rendez votre exercice encore plus r\u00e9aliste !<\/p>\n<p>Cette puissante machine \u00e0 fum\u00e9e est particuli\u00e8rement adapt\u00e9e \u00e0 la mise en sc\u00e8ne d&#8217;incendies dans les locaux commerciaux. Polyvalent qu&#8217;il est, le Cumulus peut \u00e9galement faire plus que simplement simuler un incendie. Il est \u00e9galement id\u00e9al pour simuler une fuite dans un r\u00e9seau de tuyauterie, car il est \u00e9quip\u00e9 d&#8217;un raccord Storz \u00e0 l&#8217;avant. Vous pouvez y connecter d&#8217;autres accessoires, comme un tuyau de fum\u00e9e. Incendie, IBGS, CBRNe, intervention technique, incendie de for\u00eat, vous pouvez penser \u00e0 tout et le Cumulus peut \u00eatre utilis\u00e9. De plus, vous pouvez facilement connecter le Cumulus au r\u00e9seau DMX et le contr\u00f4ler de mani\u00e8re centralis\u00e9e.<\/p>\n<h2>Utilisation horizontale et verticale<\/h2>\n<p>La machine \u00e0 fum\u00e9e peut \u00eatre utilis\u00e9e \u00e0 la fois horizontalement et verticalement. En pla\u00e7ant la machine \u00e0 fum\u00e9e verticalement, vous pouvez cr\u00e9er une couche de fum\u00e9e r\u00e9aliste. Ou utilisez la <a href=\"https:\/\/fireware.nl\/fr\/product\/embout-de-ciblage-cumulus-stratus\/\">Embout de ciblage\u00a0<\/a>Cumulus\/Stratus via le raccord Storz pour diriger la fum\u00e9e sans incliner la machine. De plus, le Cumulus est \u00e9quip\u00e9 d&#8217;une minuterie qui permet \u00e0 la machine \u00e0 fum\u00e9e de fonctionner sur le site d&#8217;entra\u00eenement pendant la s\u00e9ance d&#8217;information.<\/p>\n<p>Le Cumulus (1300 W) peut \u00eatre contr\u00f4l\u00e9 directement sur l&#8217;appareil ou \u00e0 l&#8217;aide d&#8217;<a href=\"https:\/\/fireware.nl\/fr\/produit\/telecommande-filaire-cirrus-cumulus-stratus\/\">une t\u00e9l\u00e9commande<\/a>. Une t\u00e9l\u00e9commande filaire de 10 m\u00e8tres est fournie en standard. Vous pouvez connecter plusieurs c\u00e2bles pour \u00e9tendre la port\u00e9e \u00e0 plus de 100 m\u00e8tres. Une <a href=\"https:\/\/fireware.nl\/fr\/product\/telecommande-cirrus-cumulus-stratus\/\">t\u00e9l\u00e9commande sans fil est disponible s\u00e9par\u00e9ment<\/a>. Vous pouvez ainsi contr\u00f4ler la machine \u00e0 fum\u00e9e \u00e0 une distance allant jusqu&#8217;\u00e0 100 m\u00e8tres.<\/p>\n<p>La sortie de fum\u00e9e maximale du Cumulus est de 1000 m\u00b3\/min. R\u00e9glez le Cumulus sur une sortie de 48 % pour ajouter de la fum\u00e9e en continu au sc\u00e9nario. Dans ce cas, la sortie de fum\u00e9e est maximale \u00e0 300 m\u00b3\/min. La sortie est r\u00e9glable de 1 % \u00e0 99 %. Vous pouvez non seulement r\u00e9gler la quantit\u00e9 de fum\u00e9e \u00e9mise par la machine, mais aussi la vitesse d&#8217;\u00e9mission de la fum\u00e9e. Cela rend le Cumulus tr\u00e8s adapt\u00e9 \u00e0 la simulation de fuites.<\/p>\n<h2>Puissant et pratique<\/h2>\n<p>Le Cumulus est tr\u00e8s populaire parmi les pompiers. Mais pensez aussi aux exercices de coop\u00e9ration dans le cadre de la gestion des cons\u00e9quences du terrorisme. Pensez \u00e9galement \u00e0 une application RSTV. Entra\u00eenez-vous \u00e0 lire les signaux de fum\u00e9e \u00e0 l&#8217;aide du kit de <a href=\"https:\/\/fireware.nl\/fr\/product\/smoke-hose-set-perfore\/\">Smoke Hose Set perfor\u00e9<\/a>. Gr\u00e2ce \u00e0 la vitesse r\u00e9glable de la sortie de fum\u00e9e, vous pouvez introduire la fum\u00e9e de mani\u00e8re dos\u00e9e dans le sc\u00e9nario. Ou utilisez un tuyau de fum\u00e9e pour prot\u00e9ger le Cumulus de l&#8217;eau d&#8217;extinction.<\/p>\n<p>Gr\u00e2ce au bo\u00eetier en acier inoxydable, cette machine \u00e0 fum\u00e9e peut \u00e9galement \u00eatre utilis\u00e9e en ext\u00e9rieur, \u00e0 condition d&#8217;\u00eatre prot\u00e9g\u00e9e de la pluie et de l&#8217;eau d&#8217;extinction. Il est r\u00e9sistant. Le Cumulus a un autre avantage : il peut \u00eatre utilis\u00e9 pour le passage de courant ! Utilisez un connecteur neutrik pour connecter, par exemple, un <a href=\"https:\/\/fireware.nl\/fr\/product\/firespot\/\">FireSpot<\/a>. Cela vous permet de r\u00e9duire efficacement le nombre de c\u00e2bles dans votre mise en sc\u00e8ne !<\/p>\n<h2>Un g\u00e9ant portable<\/h2>\n<p>Le Cumulus (1300 W) p\u00e8se 10,5 kg et fonctionne sur secteur. Malgr\u00e9 sa puissance, il ne consomme que 1300 W. Vous pouvez donc connecter tranquillement deux machines \u00e0 fum\u00e9e Cumulus \u00e0 une seule alimentation 16A libre, et il vous reste m\u00eame de la place pour votre simulation de flamme ! Les possibilit\u00e9s sont donc nombreuses. La machine \u00e0 fum\u00e9e est \u00e9quip\u00e9e de deux poign\u00e9es solides. Elle est donc facile \u00e0 d\u00e9placer et \u00e0 repositionner.<\/p>\n<p>Le r\u00e9servoir de liquide \u00e0 fum\u00e9e a une capacit\u00e9 de 5 litres. La consommation d\u00e9pend bien s\u00fbr de la sortie r\u00e9gl\u00e9e. L&#8217;appareil est livr\u00e9 avec 5 litres de <a href=\"https:\/\/fireware.nl\/fr\/product\/liquide-fumigene-pompiers-universel\/\">Liquide fumig\u00e8ne Pompiers universel<\/a>. Vous pouvez bien s\u00fbr choisir d&#8217;utiliser le liquide \u00e0<a href=\"https:\/\/fireware.nl\/fr\/product\/liquide-fumigene-pompiers-intensif\/\"> Liquide fumig\u00e8ne Pompiers intensif<\/a> ou le <a href=\"https:\/\/fireware.nl\/fr\/product\/liquide-fumigene-pompiers-extreme\/\">Liquide fumig\u00e8ne Pompiers extr\u00eame<\/a>. Cela vous permet de donner \u00e0 votre sc\u00e9nario une tout autre apparence. Le Cumulus est dot\u00e9 de six ouvertures de ventilation pour \u00e9vacuer efficacement la chaleur. Il est donc s\u00fbr de travailler avec cette machine \u00e0 fum\u00e9e.<\/p>\n<p>Le Cumulus est un excellent ajout \u00e0 votre arsenal d&#8217;\u00e9quipement d&#8217;entra\u00eenement et est disponible chez FireWare. Vous pouvez bien s\u00fbr \u00e9galement louer cette machine \u00e0 fum\u00e9e Cumulus pour des exercices occasionnels plus importants. Utilisez la machine \u00e0 fum\u00e9e Cumulus de FireWare pour une exp\u00e9rience r\u00e9ussie garantie !<\/p>\n<h2>Regarder la vid\u00e9os<\/h2>\n\t\t<iframe loading=\"lazy\" src=\"https:\/\/player.vimeo.com\/video\/160104573?h=c3438f708c&amp;badge=0&amp;autopause=0&amp;player_id=0&amp;app_id=58479\" width=\"1920\" height=\"1080\" frameborder=\"0\" allow=\"autoplay; fullscreen; picture-in-picture\" allowfullscreen title=\"(FR) FireWare Cumulus et Stratus\"><\/iframe>\t\n\t\t<iframe loading=\"lazy\" src=\"https:\/\/player.vimeo.com\/video\/1162154242?h=d4cda5c7b2&amp;badge=0&amp;autopause=0&amp;player_id=0&amp;app_id=58479\" width=\"560\" height=\"315\" frameborder=\"0\" allow=\"autoplay; fullscreen; picture-in-picture\" allowfullscreen title=\"(NL) FireWare Cumulus en Stratus\"><\/iframe>\t\n\t\t<iframe loading=\"lazy\" src=\"https:\/\/player.vimeo.com\/video\/175696153?h=fd9ef78517&amp;badge=0&amp;autopause=0&amp;player_id=0&amp;app_id=58479\" width=\"1920\" height=\"1080\" frameborder=\"0\" allow=\"autoplay; fullscreen; picture-in-picture\" allowfullscreen title=\"FireWare Cumulus and Stratus Lightweight Animation\"><\/iframe>\t\n\t\t<iframe loading=\"lazy\" src=\"https:\/\/player.vimeo.com\/video\/175696146?h=281800aaaf&amp;badge=0&amp;autopause=0&amp;player_id=0&amp;app_id=58479\" width=\"1920\" height=\"1080\" frameborder=\"0\" allow=\"autoplay; fullscreen; picture-in-picture\" allowfullscreen title=\"EN FireWare Cumulus and Stratus Storz Animation\"><\/iframe>\t\n\t\t<iframe loading=\"lazy\" src=\"https:\/\/player.vimeo.com\/video\/175696135?h=c9e30c6047&amp;badge=0&amp;autopause=0&amp;player_id=0&amp;app_id=58479\" width=\"1920\" height=\"1080\" frameborder=\"0\" allow=\"autoplay; fullscreen; picture-in-picture\" allowfullscreen title=\"EN FireWare Cumulus and Stratus Animation\"><\/iframe>\t\n\n","protected":false},"excerpt":{"rendered":"<ul>\n<li>Le r\u00e9sultat des ann\u00e9es d\u2019exp\u00e9rience de FireWare.<\/li>\n<li>Sortie r\u00e9glable de 1 \u00e0 99 %.<\/li>\n<li>Sortie de fum\u00e9e maximale 1000 m\u00b3\/min;<\/li>\n<li>Peut fournir une fum\u00e9e constante avec une sortie r\u00e9gl\u00e9e jusqu\u2019\u00e0 48%.<\/li>\n<li>Peut g\u00e9n\u00e9rer une fum\u00e9e verticale.<\/li>\n<li>Equip\u00e9 d\u2019un raccord Storz.<\/li>\n<li>Double poign\u00e9e, pour transport facile.<\/li>\n<li>5 litres de carburant \u00e0 fum\u00e9e et t\u00e9l\u00e9commande.<\/li>\n<li>Caisson en mati\u00e8re synth\u00e9tique de 60 x 40 x 32,5 cm.<\/li>\n<\/ul>\n","protected":false},"featured_media":49325,"template":"","meta":[],"product_brand":[],"product_cat":[76,79],"product_tag":[],"class_list":{"0":"post-19011","1":"product","2":"type-product","3":"status-publish","4":"has-post-thumbnail","6":"product_cat-fumee","7":"product_cat-generateurs-de-fumee","9":"first","10":"instock","11":"taxable","12":"shipping-taxable","13":"purchasable","14":"product-type-simple"},"yoast_head":"<!-- This site is optimized with the Yoast SEO plugin v27.5 - https:\/\/yoast.com\/product\/yoast-seo-wordpress\/ -->\n<title>G\u00e9n\u00e9rateur de fum\u00e9e Cumulus (1300 W), centrale polyvalente - FireWare<\/title>\n<meta name=\"description\" content=\"Le g\u00e9n\u00e9rateur de fum\u00e9e Cumulus (1300 W) peut \u00eatre utilis\u00e9e verticalement pour obtenir une couche de fum\u00e9e r\u00e9aliste. \u00c9quip\u00e9 d&#039;une minuterie!\" \/>\n<meta name=\"robots\" content=\"index, follow, max-snippet:-1, max-image-preview:large, max-video-preview:-1\" \/>\n<link rel=\"canonical\" href=\"https:\/\/fireware.nl\/fr\/produit\/generateur-de-fumee-cumulus\/\" \/>\n<meta property=\"og:locale\" content=\"fr_FR\" \/>\n<meta property=\"og:type\" content=\"article\" \/>\n<meta property=\"og:title\" content=\"G\u00e9n\u00e9rateur de fum\u00e9e Cumulus (1300 W), centrale polyvalente - FireWare\" \/>\n<meta property=\"og:description\" content=\"Le g\u00e9n\u00e9rateur de fum\u00e9e Cumulus (1300 W) peut \u00eatre utilis\u00e9e verticalement pour obtenir une couche de fum\u00e9e r\u00e9aliste. \u00c9quip\u00e9 d&#039;une minuterie!\" \/>\n<meta property=\"og:url\" content=\"https:\/\/fireware.nl\/fr\/produit\/generateur-de-fumee-cumulus\/\" \/>\n<meta property=\"og:site_name\" content=\"FireWare\" \/>\n<meta property=\"article:publisher\" content=\"https:\/\/www.facebook.com\/FireWareBV\/\" \/>\n<meta property=\"article:modified_time\" content=\"2026-04-13T11:53:23+00:00\" \/>\n<meta property=\"og:image\" content=\"https:\/\/fireware.nl\/wp-content\/uploads\/2019\/01\/009-030-002-cumulus-medium-rookvloeistof.jpg\" \/>\n\t<meta property=\"og:image:width\" content=\"600\" \/>\n\t<meta property=\"og:image:height\" content=\"600\" \/>\n\t<meta property=\"og:image:type\" content=\"image\/jpeg\" \/>\n<meta name=\"twitter:card\" content=\"summary_large_image\" \/>\n<meta name=\"twitter:site\" content=\"@FireWarebv\" \/>\n<meta name=\"twitter:label1\" content=\"Dur\u00e9e de lecture estim\u00e9e\" \/>\n\t<meta name=\"twitter:data1\" content=\"4 minutes\" \/>\n<script type=\"application\/ld+json\" class=\"yoast-schema-graph\">{\"@context\":\"https:\\\/\\\/schema.org\",\"@graph\":[{\"@type\":\"WebPage\",\"@id\":\"https:\\\/\\\/fireware.nl\\\/fr\\\/produit\\\/generateur-de-fumee-cumulus\\\/\",\"url\":\"https:\\\/\\\/fireware.nl\\\/fr\\\/produit\\\/generateur-de-fumee-cumulus\\\/\",\"name\":\"G\u00e9n\u00e9rateur de fum\u00e9e Cumulus (1300 W), centrale polyvalente - FireWare\",\"isPartOf\":{\"@id\":\"https:\\\/\\\/fireware.nl\\\/fr\\\/#website\"},\"primaryImageOfPage\":{\"@id\":\"https:\\\/\\\/fireware.nl\\\/fr\\\/produit\\\/generateur-de-fumee-cumulus\\\/#primaryimage\"},\"image\":{\"@id\":\"https:\\\/\\\/fireware.nl\\\/fr\\\/produit\\\/generateur-de-fumee-cumulus\\\/#primaryimage\"},\"thumbnailUrl\":\"https:\\\/\\\/fireware.nl\\\/wp-content\\\/uploads\\\/2019\\\/01\\\/009-030-002-cumulus-medium-rookvloeistof.jpg\",\"datePublished\":\"2019-01-22T12:15:26+00:00\",\"dateModified\":\"2026-04-13T11:53:23+00:00\",\"description\":\"Le g\u00e9n\u00e9rateur de fum\u00e9e Cumulus (1300 W) peut \u00eatre utilis\u00e9e verticalement pour obtenir une couche de fum\u00e9e r\u00e9aliste. \u00c9quip\u00e9 d'une minuterie!\",\"breadcrumb\":{\"@id\":\"https:\\\/\\\/fireware.nl\\\/fr\\\/produit\\\/generateur-de-fumee-cumulus\\\/#breadcrumb\"},\"inLanguage\":\"fr-FR\",\"potentialAction\":[{\"@type\":\"ReadAction\",\"target\":[\"https:\\\/\\\/fireware.nl\\\/fr\\\/produit\\\/generateur-de-fumee-cumulus\\\/\"]}]},{\"@type\":\"ImageObject\",\"inLanguage\":\"fr-FR\",\"@id\":\"https:\\\/\\\/fireware.nl\\\/fr\\\/produit\\\/generateur-de-fumee-cumulus\\\/#primaryimage\",\"url\":\"https:\\\/\\\/fireware.nl\\\/wp-content\\\/uploads\\\/2019\\\/01\\\/009-030-002-cumulus-medium-rookvloeistof.jpg\",\"contentUrl\":\"https:\\\/\\\/fireware.nl\\\/wp-content\\\/uploads\\\/2019\\\/01\\\/009-030-002-cumulus-medium-rookvloeistof.jpg\",\"width\":600,\"height\":600},{\"@type\":\"BreadcrumbList\",\"@id\":\"https:\\\/\\\/fireware.nl\\\/fr\\\/produit\\\/generateur-de-fumee-cumulus\\\/#breadcrumb\",\"itemListElement\":[{\"@type\":\"ListItem\",\"position\":1,\"name\":\"Home\",\"item\":\"https:\\\/\\\/fireware.nl\\\/fr\\\/\"},{\"@type\":\"ListItem\",\"position\":2,\"name\":\"Produits\",\"item\":\"https:\\\/\\\/fireware.nl\\\/fr\\\/produits\\\/\"},{\"@type\":\"ListItem\",\"position\":3,\"name\":\"G\u00e9n\u00e9rateur de fum\u00e9e Cumulus (1300 W)\"}]},{\"@type\":\"WebSite\",\"@id\":\"https:\\\/\\\/fireware.nl\\\/fr\\\/#website\",\"url\":\"https:\\\/\\\/fireware.nl\\\/fr\\\/\",\"name\":\"FireWare\",\"description\":\"CREATING REALISTIC  TRAINING ENVIRONMENTS\",\"publisher\":{\"@id\":\"https:\\\/\\\/fireware.nl\\\/fr\\\/#organization\"},\"potentialAction\":[{\"@type\":\"SearchAction\",\"target\":{\"@type\":\"EntryPoint\",\"urlTemplate\":\"https:\\\/\\\/fireware.nl\\\/fr\\\/?s={search_term_string}\"},\"query-input\":{\"@type\":\"PropertyValueSpecification\",\"valueRequired\":true,\"valueName\":\"search_term_string\"}}],\"inLanguage\":\"fr-FR\"},{\"@type\":\"Organization\",\"@id\":\"https:\\\/\\\/fireware.nl\\\/fr\\\/#organization\",\"name\":\"FireWare\",\"url\":\"https:\\\/\\\/fireware.nl\\\/fr\\\/\",\"logo\":{\"@type\":\"ImageObject\",\"inLanguage\":\"fr-FR\",\"@id\":\"https:\\\/\\\/fireware.nl\\\/fr\\\/#\\\/schema\\\/logo\\\/image\\\/\",\"url\":\"https:\\\/\\\/fireware.nl\\\/wp-content\\\/uploads\\\/2018\\\/10\\\/FireWare-logo.jpg\",\"contentUrl\":\"https:\\\/\\\/fireware.nl\\\/wp-content\\\/uploads\\\/2018\\\/10\\\/FireWare-logo.jpg\",\"width\":171,\"height\":70,\"caption\":\"FireWare\"},\"image\":{\"@id\":\"https:\\\/\\\/fireware.nl\\\/fr\\\/#\\\/schema\\\/logo\\\/image\\\/\"},\"sameAs\":[\"https:\\\/\\\/www.facebook.com\\\/FireWareBV\\\/\",\"https:\\\/\\\/x.com\\\/FireWarebv\",\"https:\\\/\\\/www.instagram.com\\\/fireware_nl\\\/\",\"https:\\\/\\\/www.linkedin.com\\\/company\\\/3586017\\\/\",\"https:\\\/\\\/www.youtube.com\\\/user\\\/firesalesrentconsult\"]}]}<\/script>\n<!-- \/ Yoast SEO plugin. -->","yoast_head_json":{"title":"G\u00e9n\u00e9rateur de fum\u00e9e Cumulus (1300 W), centrale polyvalente - FireWare","description":"Le g\u00e9n\u00e9rateur de fum\u00e9e Cumulus (1300 W) peut \u00eatre utilis\u00e9e verticalement pour obtenir une couche de fum\u00e9e r\u00e9aliste. \u00c9quip\u00e9 d'une minuterie!","robots":{"index":"index","follow":"follow","max-snippet":"max-snippet:-1","max-image-preview":"max-image-preview:large","max-video-preview":"max-video-preview:-1"},"canonical":"https:\/\/fireware.nl\/fr\/produit\/generateur-de-fumee-cumulus\/","og_locale":"fr_FR","og_type":"article","og_title":"G\u00e9n\u00e9rateur de fum\u00e9e Cumulus (1300 W), centrale polyvalente - FireWare","og_description":"Le g\u00e9n\u00e9rateur de fum\u00e9e Cumulus (1300 W) peut \u00eatre utilis\u00e9e verticalement pour obtenir une couche de fum\u00e9e r\u00e9aliste. \u00c9quip\u00e9 d'une minuterie!","og_url":"https:\/\/fireware.nl\/fr\/produit\/generateur-de-fumee-cumulus\/","og_site_name":"FireWare","article_publisher":"https:\/\/www.facebook.com\/FireWareBV\/","article_modified_time":"2026-04-13T11:53:23+00:00","og_image":[{"width":600,"height":600,"url":"https:\/\/fireware.nl\/wp-content\/uploads\/2019\/01\/009-030-002-cumulus-medium-rookvloeistof.jpg","type":"image\/jpeg"}],"twitter_card":"summary_large_image","twitter_site":"@FireWarebv","twitter_misc":{"Dur\u00e9e de lecture estim\u00e9e":"4 minutes"},"schema":{"@context":"https:\/\/schema.org","@graph":[{"@type":"WebPage","@id":"https:\/\/fireware.nl\/fr\/produit\/generateur-de-fumee-cumulus\/","url":"https:\/\/fireware.nl\/fr\/produit\/generateur-de-fumee-cumulus\/","name":"G\u00e9n\u00e9rateur de fum\u00e9e Cumulus (1300 W), centrale polyvalente - FireWare","isPartOf":{"@id":"https:\/\/fireware.nl\/fr\/#website"},"primaryImageOfPage":{"@id":"https:\/\/fireware.nl\/fr\/produit\/generateur-de-fumee-cumulus\/#primaryimage"},"image":{"@id":"https:\/\/fireware.nl\/fr\/produit\/generateur-de-fumee-cumulus\/#primaryimage"},"thumbnailUrl":"https:\/\/fireware.nl\/wp-content\/uploads\/2019\/01\/009-030-002-cumulus-medium-rookvloeistof.jpg","datePublished":"2019-01-22T12:15:26+00:00","dateModified":"2026-04-13T11:53:23+00:00","description":"Le g\u00e9n\u00e9rateur de fum\u00e9e Cumulus (1300 W) peut \u00eatre utilis\u00e9e verticalement pour obtenir une couche de fum\u00e9e r\u00e9aliste. \u00c9quip\u00e9 d'une minuterie!","breadcrumb":{"@id":"https:\/\/fireware.nl\/fr\/produit\/generateur-de-fumee-cumulus\/#breadcrumb"},"inLanguage":"fr-FR","potentialAction":[{"@type":"ReadAction","target":["https:\/\/fireware.nl\/fr\/produit\/generateur-de-fumee-cumulus\/"]}]},{"@type":"ImageObject","inLanguage":"fr-FR","@id":"https:\/\/fireware.nl\/fr\/produit\/generateur-de-fumee-cumulus\/#primaryimage","url":"https:\/\/fireware.nl\/wp-content\/uploads\/2019\/01\/009-030-002-cumulus-medium-rookvloeistof.jpg","contentUrl":"https:\/\/fireware.nl\/wp-content\/uploads\/2019\/01\/009-030-002-cumulus-medium-rookvloeistof.jpg","width":600,"height":600},{"@type":"BreadcrumbList","@id":"https:\/\/fireware.nl\/fr\/produit\/generateur-de-fumee-cumulus\/#breadcrumb","itemListElement":[{"@type":"ListItem","position":1,"name":"Home","item":"https:\/\/fireware.nl\/fr\/"},{"@type":"ListItem","position":2,"name":"Produits","item":"https:\/\/fireware.nl\/fr\/produits\/"},{"@type":"ListItem","position":3,"name":"G\u00e9n\u00e9rateur de fum\u00e9e Cumulus (1300 W)"}]},{"@type":"WebSite","@id":"https:\/\/fireware.nl\/fr\/#website","url":"https:\/\/fireware.nl\/fr\/","name":"FireWare","description":"CREATING REALISTIC  TRAINING ENVIRONMENTS","publisher":{"@id":"https:\/\/fireware.nl\/fr\/#organization"},"potentialAction":[{"@type":"SearchAction","target":{"@type":"EntryPoint","urlTemplate":"https:\/\/fireware.nl\/fr\/?s={search_term_string}"},"query-input":{"@type":"PropertyValueSpecification","valueRequired":true,"valueName":"search_term_string"}}],"inLanguage":"fr-FR"},{"@type":"Organization","@id":"https:\/\/fireware.nl\/fr\/#organization","name":"FireWare","url":"https:\/\/fireware.nl\/fr\/","logo":{"@type":"ImageObject","inLanguage":"fr-FR","@id":"https:\/\/fireware.nl\/fr\/#\/schema\/logo\/image\/","url":"https:\/\/fireware.nl\/wp-content\/uploads\/2018\/10\/FireWare-logo.jpg","contentUrl":"https:\/\/fireware.nl\/wp-content\/uploads\/2018\/10\/FireWare-logo.jpg","width":171,"height":70,"caption":"FireWare"},"image":{"@id":"https:\/\/fireware.nl\/fr\/#\/schema\/logo\/image\/"},"sameAs":["https:\/\/www.facebook.com\/FireWareBV\/","https:\/\/x.com\/FireWarebv","https:\/\/www.instagram.com\/fireware_nl\/","https:\/\/www.linkedin.com\/company\/3586017\/","https:\/\/www.youtube.com\/user\/firesalesrentconsult"]}]}},"publishpress_future_workflow_manual_trigger":{"enabledWorkflows":[]},"_links":{"self":[{"href":"https:\/\/fireware.nl\/fr\/wp-json\/wp\/v2\/product\/19011","targetHints":{"allow":["GET"]}}],"collection":[{"href":"https:\/\/fireware.nl\/fr\/wp-json\/wp\/v2\/product"}],"about":[{"href":"https:\/\/fireware.nl\/fr\/wp-json\/wp\/v2\/types\/product"}],"wp:featuredmedia":[{"embeddable":true,"href":"https:\/\/fireware.nl\/fr\/wp-json\/wp\/v2\/media\/49325"}],"wp:attachment":[{"href":"https:\/\/fireware.nl\/fr\/wp-json\/wp\/v2\/media?parent=19011"}],"wp:term":[{"taxonomy":"product_brand","embeddable":true,"href":"https:\/\/fireware.nl\/fr\/wp-json\/wp\/v2\/product_brand?post=19011"},{"taxonomy":"product_cat","embeddable":true,"href":"https:\/\/fireware.nl\/fr\/wp-json\/wp\/v2\/product_cat?post=19011"},{"taxonomy":"product_tag","embeddable":true,"href":"https:\/\/fireware.nl\/fr\/wp-json\/wp\/v2\/product_tag?post=19011"}],"curies":[{"name":"wp","href":"https:\/\/api.w.org\/{rel}","templated":true}]}}